{"id":4603,"date":"2025-11-28T07:57:59","date_gmt":"2025-11-28T07:57:59","guid":{"rendered":"https:\/\/vapestornado.com\/?post_type=product&#038;p=4603"},"modified":"2025-11-28T08:20:23","modified_gmt":"2025-11-28T08:20:23","slug":"airmez-fox-80000-puffs-2-in-1-best-80k-vape-wholesale-eu-warehouse","status":"publish","type":"product","link":"https:\/\/vapestornado.com\/lt\/product\/airmez-fox-80000-puffs-2-in-1-best-80k-vape-wholesale-eu-warehouse\/","title":{"rendered":"Airmez Fox 80000 P\u016b\u010di\u0173 2-in-1 Geriausias 80 t\u016bkst. Vape Didmenin\u0117 sand\u0117lis Lietuvoje"},"content":{"rendered":"<h2 data-pm-slice=\"1 1 []\">Airmez Fox 80000 R\u016bkal\u0173 2-in-1 Kristalin\u0117 Vienkartin\u0117 Vape ES didmenin\u0117 prekyba<\/h2>\n<p data-start=\"663\" data-end=\"1062\">\u0160is <strong data-start=\"667\" data-end=\"693\">Airmez Fox 80000 R\u016bkal\u0173<\/strong> yra kompakti\u0161kas, didel\u0117s talpos <strong data-start=\"722\" data-end=\"755\">dvigubo skonio vienkartinis garintuvas<\/strong> sukurtas Europos ma\u017emenininkams, ie\u0161kantiems patikimo, ilgalaikio \u012frenginio su stipriu skonio patrauklumu. \u0160i 2-in-1 sistema suteikia vartotojams momentin\u0119 prieig\u0105 prie dviej\u0173 skirting\u0173 skonio profil\u0173 viename \u012frenginyje, tod\u0117l <strong data-start=\"966\" data-end=\"984\">Airmez Fox 80k<\/strong> puikus pasirinkimas klientams, kurie nori \u012fvairov\u0117s be \u012frenginio keitimo.<\/p>\n<p data-start=\"1064\" data-end=\"1435\">Kiekvienas \u012frenginys yra i\u0161 anksto u\u017epildytas <strong data-start=\"1094\" data-end=\"1114\">30 ml e-skys\u010dio<\/strong> (15 ml kiekvienam skoniui) ir maitinamas <strong data-start=\"1151\" data-end=\"1189\">650 mAh Type-C \u012fkraunama baterija<\/strong>, u\u017etikrinan\u010diu nuosekl\u0173 i\u0161\u0117jim\u0105, tinkam\u0105 visam 80 000 r\u016bkal\u0173 ciklui. \u0160is <strong data-start=\"1267\" data-end=\"1285\">1.0\u03a9 tinklelio rit\u0117<\/strong> gamina \u0161veln\u0173 gar\u0105, stabil\u0173 gerkl\u0117s poj\u016bt\u012f ir patikim\u0105 skonio veikim\u0105, kuris gerai atitinka vartotoj\u0173 pageidavimus pagrindin\u0117se ES rinkose.<\/p>\n<p data-start=\"1437\" data-end=\"1897\">Ry\u0161kus LED ekranas rodo akumuliatoriaus ir elektroninio skys\u010dio b\u016bsen\u0105 realiu laiku, suma\u017eindamas neapibr\u0117\u017etum\u0105 ir gerindamas vartotojo pasitenkinim\u0105. Ma\u017emenininkai gauna pastov\u0173 pakartotin\u012f pardavim\u0105 ir supaprastint\u0105 inventoriaus valdym\u0105, ypa\u010d greitai judant i\u0161 m\u016bs\u0173 <strong data-start=\"1680\" data-end=\"1701\">Vape EU Sand\u0117lis<\/strong>. D\u0117l savo kristalinio apdailos stiliaus, Airmez Fox 80000 taip pat i\u0161siskiria vizualiai, patraukdamas jaunesnius suaugusiuosius am\u017eiaus grup\u0117je nuo 25 iki 35 met\u0173, ie\u0161kan\u010dius auk\u0161\u010diausios kokyb\u0117s \u012frenginio 80 t\u016bkst. r\u016bkal\u0173 kategorijoje.<\/p>\n<p data-start=\"1899\" data-end=\"2203\">Didmeniniams pirk\u0117jams, Airmez Fox 80k puikiai \u012fsilieja \u012f esam\u0173 didel\u0117s r\u016bkal\u0173 produkt\u0173 asortiment\u0105 ir tarnauja kaip stiprus vidutinio auk\u0161\u010dio SKU <strong data-start=\"2032\" data-end=\"2048\">kristalin\u0117 vape<\/strong> segmentas. Dvigubo skonio formatas, didelis bako dydis ir ilgas tarnavimo laikas daro j\u012f viena i\u0161 prakti\u0161kiausi\u0173 didmenini\u0173 pirkimo galimybi\u0173 80 000 r\u016bkal\u0173 klas\u0117je.<\/p>\n<p data-start=\"666\" data-end=\"1235\"><strong style=\"font-size: 16px;\"><span style=\"color: #ff0000;\">Prid\u0117kite Amy WhatsApp, kad gautum\u0117te tinkam\u0105 atsakym\u0105 ir nuolaid\u0105!<\/span><\/strong><\/p>\n<p><img fetchpriority=\"high\" decoding=\"async\" class=\"size-full wp-image-2932\" src=\"https:\/\/vapestornado.com\/wp-content\/uploads\/2024\/12\/Vape-Wholesale.jpg\" alt=\"Garintuvai Didmenin\u0117 prekyba\" width=\"229\" height=\"300\" \/><\/p>\n<h3><a href=\"https:\/\/wa.me\/8617776015835\" target=\"_blank\" rel=\"noopener\"><span style=\"color: #ff0000;\"><strong>WhatsApp: +86 17776015835<\/strong><\/span><\/a><\/h3>\n<p>&nbsp;<\/p>\n<h2><strong>AIRMEZ FOX 120000 D\u016bm\u0173 Vienkartini\u0173 Vape Skoni\u0173 S\u0105ra\u0161as<\/strong><\/h2>\n<ul>\n<li data-start=\"2691\" data-end=\"2752\">\n<p data-start=\"2693\" data-end=\"2752\"><strong data-start=\"2693\" data-end=\"2715\">Dvigubo skonio jungiklis<\/strong> su dviem skoniais kiekviename \u012frenginyje.<\/p>\n<\/li>\n<li data-start=\"2753\" data-end=\"2814\">\n<p data-start=\"2755\" data-end=\"2814\"><strong data-start=\"2755\" data-end=\"2777\">Iki 80 000 \u012fkv\u0117pim\u0173<\/strong> ilgam, ma\u017eai pri\u017ei\u016brint naudojimui.<\/p>\n<\/li>\n<li data-start=\"2815\" data-end=\"2862\">\n<p data-start=\"2817\" data-end=\"2862\"><strong data-start=\"2817\" data-end=\"2840\">30 ml bendras talpa<\/strong> (15 ml kiekvienam skoniui).<\/p>\n<\/li>\n<li data-start=\"2863\" data-end=\"2926\">\n<p data-start=\"2865\" data-end=\"2926\"><strong data-start=\"2865\" data-end=\"2883\">1.0\u03a9 tinklelio rit\u0117<\/strong> stipriam, nuosekliam skonio tiekimui.<\/p>\n<\/li>\n<li data-start=\"2927\" data-end=\"2984\">\n<p data-start=\"2929\" data-end=\"2984\"><strong data-start=\"2929\" data-end=\"2955\">650mAh Type-C \u012fkrovimas<\/strong> stabilios i\u0161vesties palaikymui.<\/p>\n<\/li>\n<li data-start=\"2985\" data-end=\"3040\">\n<p data-start=\"2987\" data-end=\"3040\"><strong data-start=\"2987\" data-end=\"3012\">LED ekran\u0173 indikatoriai<\/strong> baterijai ir elektroniniam skys\u010diui.<\/p>\n<\/li>\n<li data-start=\"3041\" data-end=\"3100\">\n<p data-start=\"3043\" data-end=\"3100\"><strong data-start=\"3043\" data-end=\"3072\">Kristalo stiliaus korpuso dizainas<\/strong> prabangiam lentynos patrauklumui.<\/p>\n<\/li>\n<li data-start=\"3101\" data-end=\"3165\">\n<p data-start=\"3103\" data-end=\"3165\"><strong data-start=\"3103\" data-end=\"3132\">Lietuvos sand\u0117lio prieinamumas<\/strong> greitam didmeniniam \u012fvykdymui.<\/p>\n<\/li>\n<\/ul>\n<figure id=\"attachment_4605\" aria-describedby=\"caption-attachment-4605\" style=\"width: 800px\" class=\"wp-caption alignnone\"><img decoding=\"async\" class=\"wp-image-4605 size-full\" src=\"https:\/\/vapestornado.com\/wp-content\/uploads\/2025\/11\/Airmez-FOX-2IN1-80K-Dual-Flavors-Disposable-Vapor.webp\" alt=\"Airmez FOX 2IN1 80K Dvigubi Skoniai Vienkartinis Vape\" width=\"800\" height=\"800\" srcset=\"https:\/\/vapestornado.com\/wp-content\/uploads\/2025\/11\/Airmez-FOX-2IN1-80K-Dual-Flavors-Disposable-Vapor.webp 800w, https:\/\/vapestornado.com\/wp-content\/uploads\/2025\/11\/Airmez-FOX-2IN1-80K-Dual-Flavors-Disposable-Vapor-300x300.webp 300w, https:\/\/vapestornado.com\/wp-content\/uploads\/2025\/11\/Airmez-FOX-2IN1-80K-Dual-Flavors-Disposable-Vapor-150x150.webp 150w, https:\/\/vapestornado.com\/wp-content\/uploads\/2025\/11\/Airmez-FOX-2IN1-80K-Dual-Flavors-Disposable-Vapor-768x768.webp 768w, https:\/\/vapestornado.com\/wp-content\/uploads\/2025\/11\/Airmez-FOX-2IN1-80K-Dual-Flavors-Disposable-Vapor-12x12.webp 12w, https:\/\/vapestornado.com\/wp-content\/uploads\/2025\/11\/Airmez-FOX-2IN1-80K-Dual-Flavors-Disposable-Vapor-600x600.webp 600w, https:\/\/vapestornado.com\/wp-content\/uploads\/2025\/11\/Airmez-FOX-2IN1-80K-Dual-Flavors-Disposable-Vapor-100x100.webp 100w\" sizes=\"(max-width: 800px) 100vw, 800px\" \/><figcaption id=\"caption-attachment-4605\" class=\"wp-caption-text\">Airmez FOX 2IN1 80K Dvigubi Skoniai Vienkartinis Vape<\/figcaption><\/figure>\n<h2><strong>Kas i\u0161skiria Airmez Fox 80000 \u012ekv\u0117pim\u0173 Vienkartin\u012f Vape Pie\u0161tuk\u0105?<\/strong><\/h2>\n<ol data-start=\"2243\" data-end=\"2640\">\n<li data-start=\"2243\" data-end=\"2296\">\n<p data-start=\"2246\" data-end=\"2296\"><strong data-start=\"2246\" data-end=\"2294\">Bra\u0161k\u0117 su arb\u016bzu \/ Bra\u0161k\u0117 su aviet\u0117mis<\/strong><\/p>\n<\/li>\n<li data-start=\"2297\" data-end=\"2336\">\n<p data-start=\"2300\" data-end=\"2336\"><strong data-start=\"2300\" data-end=\"2334\">M\u0117lynas Razz Lemonadas \/ M\u0117lynas Razz<\/strong><\/p>\n<\/li>\n<li data-start=\"2337\" data-end=\"2384\">\n<p data-start=\"2340\" data-end=\"2384\"><strong data-start=\"2340\" data-end=\"2382\">M\u0117lyn\u0117 su ledu \/ M\u0117lyn\u0117 su aviet\u0117mis<\/strong><\/p>\n<\/li>\n<li data-start=\"2385\" data-end=\"2426\">\n<p data-start=\"2388\" data-end=\"2426\"><strong data-start=\"2388\" data-end=\"2424\">Bra\u0161k\u0117 su kivi \/ Bra\u0161k\u0117 su ledu<\/strong><\/p>\n<\/li>\n<li data-start=\"2427\" data-end=\"2473\">\n<p data-start=\"2430\" data-end=\"2473\"><strong data-start=\"2430\" data-end=\"2471\">Vynuogi\u0173 arbata \/ Avie\u010di\u0173 arbata su vandeniu<\/strong><\/p>\n<\/li>\n<li data-start=\"2474\" data-end=\"2510\">\n<p data-start=\"2477\" data-end=\"2510\"><strong data-start=\"2477\" data-end=\"2508\">Uog\u0173 limonadas \/ Citrina ir laimas<\/strong><\/p>\n<\/li>\n<li data-start=\"2511\" data-end=\"2544\">\n<p data-start=\"2514\" data-end=\"2544\"><strong data-start=\"2514\" data-end=\"2542\">Tropini\u0173 vaisi\u0173 \/ Meil\u0117s 66<\/strong><\/p>\n<\/li>\n<li data-start=\"2545\" data-end=\"2577\">\n<p data-start=\"2548\" data-end=\"2577\"><strong data-start=\"2548\" data-end=\"2575\">Persik\u0173 ledas \/ Mango persikas<\/strong><\/p>\n<\/li>\n<li data-start=\"2578\" data-end=\"2610\">\n<p data-start=\"2581\" data-end=\"2610\"><strong data-start=\"2581\" data-end=\"2608\">Mi\u0161rios uogos \/ Dr Blue<\/strong><\/p>\n<\/li>\n<li data-start=\"2611\" data-end=\"2640\">\n<p data-start=\"2615\" data-end=\"2640\"><strong data-start=\"2615\" data-end=\"2640\">Vynuogi\u0173 ledas \/ Juodas ledas<\/strong><\/p>\n<\/li>\n<\/ol>\n<h3 data-start=\"168\" data-end=\"239\"><strong data-start=\"172\" data-end=\"239\">Airmez Fox 80K vs Airmez Fox 120K \u2014 Kuris tinka j\u016bs\u0173 rinkai?<\/strong><\/h3>\n<p data-start=\"241\" data-end=\"1149\">lyginant su <strong data-start=\"260\" data-end=\"278\">Airmez Fox 80K<\/strong> su <strong data-start=\"288\" data-end=\"307\">Airmez Fox 120K<\/strong>, pagrindinis skirtumas yra p\u016btimo talpa ir skonio lankstumas. <strong data-start=\"380\" data-end=\"398\">Airmez Fox 80K<\/strong> skirtas pirk\u0117jams, kurie nori <em data-start=\"430\" data-end=\"470\">kompakti\u0161ko, dviej\u0173 skoni\u0173 vienkartinio vape<\/em> su 30 ml bendro e-skys\u010dio kiekio ir a\u0161triu tinklelio rit\u0117s skoniu, tod\u0117l jis idealiai tinka didel\u0117s apimties didmeniniams u\u017esakymams, skirtoms greitai judantiems patogum\u0173 parduotuv\u0117ms. Kita vertus, <strong data-start=\"636\" data-end=\"655\">Airmez Fox 120K<\/strong> si\u016blo daug didesn\u012f p\u016btimo skai\u010di\u0173 su keli\u0173 skoni\u0173 nustatymu ir didesne e-skys\u010dio kamera, suteikdama ilgalaikiams vartotojams daugiau \u012fvairov\u0117s ir i\u0161tverm\u0117s. Abu naudoja Type-C \u012fkrovimo sistem\u0105 ir LED ekran\u0105, ta\u010diau <strong data-start=\"862\" data-end=\"912\">80K sutelkiamas \u012f efektyv\u0173, kasdien\u012f veikim\u0105<\/strong>, o <strong data-start=\"924\" data-end=\"1019\">120K yra skirtas klientams, kurie nori ilgesn\u0117s, auk\u0161tos kokyb\u0117s sesijos su didesne skonio gylio<\/strong>. Didmeniniams pirk\u0117jams pasirinkimas yra paprastas: <strong data-start=\"1065\" data-end=\"1100\">Airmez Fox 80K didel\u0117s apimties pardavimams<\/strong>, <strong data-start=\"1102\" data-end=\"1148\"><a href=\"https:\/\/vapestornado.com\/lt\/product\/airmez-fox-120000-puffs-4-flavour-big-puff-disposable-vape-pen-shop-eu-warehouse\/\">Airmez Fox 120K<\/a> u\u017e auk\u0161tesn\u012f pelningum\u0105<\/strong>.<\/p>\n<h2>Kod\u0117l verta pasirinkti Vapestornado perkant vienkartinius vape internetu?<\/h2>\n<div class=\"flex-shrink-0 flex flex-col relative items-end\">\n<div class=\"pt-0\">\n<div class=\"gizmo-bot-avatar flex h-8 w-8 items-center justify-center overflow-hidden rounded-full\">\n<div class=\"relative p-1 rounded-sm flex items-center justify-center bg-token-main-surface-primary text-token-text-primary h-8 w-8\">\n<p data-start=\"136\" data-end=\"686\">Rinktis <strong data-start=\"145\" data-end=\"161\">Vapestornado<\/strong> kaip j\u016bs\u0173 patikimas \u0161altinis <strong data-start=\"193\" data-end=\"227\">Elf Bar Moon Night 40000 R\u016bkan\u010di\u0173<\/strong> rei\u0161kia bendradarbiavim\u0105 su tiek\u0117ju, kuris tikrai supranta ES didmeninink\u0173 ir ma\u017emeninink\u0173 poreikius. Mes prioritet\u0105 teikiame <strong data-start=\"343\" data-end=\"409\">greitam i\u0161siuntimui, patvirtintiems atsargoms ir stabiliai ilgalaikei tiekimui<\/strong>, u\u017etikrinant, kad niekada nesusidurtum\u0117te su atsarg\u0173 tr\u016bkumu\u2014ypa\u010d didelio kiekio preki\u0173, toki\u0173 kaip <a href=\"https:\/\/vapestornado.com\/lt\/product\/airmez-140k-puff-6-in-1-flavor-disposable-vape-wholesale-disposable-vape-pen-eu-warehouse\/\">Airmez 140k 6 in 1 ,<\/a>\u00a0<a href=\"https:\/\/vapestornado.com\/lt\/product\/bang-legend-150000-puffs-6-in-1-flavor-newest-disposable-vape\/\">HiFancy Space 50000, Bang Legend 150k <\/a>Visi produktai yra \u012fsigyti i\u0161 sertifikuot\u0173 kanal\u0173, suteikiantys jums <strong data-start=\"582\" data-end=\"651\">autenti\u0161k\u0105 kokyb\u0119, nuosekl\u0173 skonio veikim\u0105 ir patikimum\u0105<\/strong> atitinkan\u010dius ES rinkos l\u016bkes\u010dius.<\/p>\n<\/div>\n<h2>DUK apie Airmez Fox 80000 Puf\u0173 Bar\u0105<\/h2>\n<div class=\"relative p-1 rounded-sm flex items-center justify-center bg-token-main-surface-primary text-token-text-primary h-8 w-8\">\n<p data-start=\"3200\" data-end=\"3383\"><strong data-start=\"3200\" data-end=\"3262\">1. Kaip keisti skonius Airmez Fox 80000 Puf\u0173 \u012frenginyje?<\/strong><br data-start=\"3262\" data-end=\"3265\" \/>\u012erenginys naudoja paprast\u0105 dviej\u0173 kanal\u0173 sistem\u0105\u2014vartotojai kei\u010dia skonius per vir\u0161utin\u012f pasirinkikl\u012f nesustabdant \u012frenginio.<\/p>\n<p data-start=\"3385\" data-end=\"3533\"><strong data-start=\"3385\" data-end=\"3438\">2. Kiek laiko paprastai tarnauja Airmez Fox 80k?<\/strong><br data-start=\"3438\" data-end=\"3441\" \/>Jo 80 000 puf\u0173 talpa u\u017etikrina ilg\u0105 naudojimo cikl\u0105, priklausomai nuo individuali\u0173 \u012fkv\u0117pimo \u012fpro\u010di\u0173.<\/p>\n<p data-start=\"3535\" data-end=\"3651\"><strong data-start=\"3535\" data-end=\"3587\">3. Ar Airmez Fox 80000 palaiko \u012fkrovim\u0105?<\/strong><br data-start=\"3587\" data-end=\"3590\" \/>Taip, jis turi Type-C \u012fkrovimo jungt\u012f ir 650mAh baterij\u0105.<\/p>\n<p data-start=\"3653\" data-end=\"3769\"><strong data-start=\"3653\" data-end=\"3703\">4. Koki\u0105 informacij\u0105 rodo LED ekranas?<\/strong><br data-start=\"3703\" data-end=\"3706\" \/>Baterijos lyg\u012f ir likus\u012f e-skyst\u012f abiejose skoni\u0173 kamerose.<\/p>\n<p data-start=\"3771\" data-end=\"3934\"><strong data-start=\"3771\" data-end=\"3834\">5. Ar galima si\u0173sti Airmez Fox 80k i\u0161 ES sand\u0117lio?<\/strong><br data-start=\"3834\" data-end=\"3837\" \/>Taip, didmenininkai gali gauti greit\u0105 ir mokes\u010dius efektyviai \u012fvykdom\u0105 u\u017esakym\u0105 per m\u016bs\u0173 <strong data-start=\"3912\" data-end=\"3933\">Vape EU Sand\u0117lis<\/strong>.<\/p>\n<\/div>\n<\/div>\n<\/div>\n<\/div>","protected":false},"excerpt":{"rendered":"<article class=\"text-token-text-primary w-full focus:outline-none [--shadow-height:45px] has-data-writing-block:pointer-events-none has-data-writing-block:-mt-(--shadow-height) has-data-writing-block:pt-(--shadow-height) [&amp;:has([data-writing-block])&gt;*]:pointer-events-auto [content-visibility:auto] supports-[content-visibility:auto]:[contain-intrinsic-size:auto_100lvh] scroll-mt-[calc(var(--header-height)+min(200px,max(70px,20svh)))]\" dir=\"auto\" tabindex=\"-1\" data-turn-id=\"86ca9d92-7a10-4e6b-bda0-15f9df36adca\" data-testid=\"conversation-turn-120\" data-scroll-anchor=\"true\" data-turn=\"assistant\">\n<div class=\"text-base my-auto mx-auto pb-10 [--thread-content-margin:--spacing(4)] thread-sm:[--thread-content-margin:--spacing(6)] thread-lg:[--thread-content-margin:--spacing(16)] px-(--thread-content-margin)\">\n<div class=\"[--thread-content-max-width:40rem] thread-lg:[--thread-content-max-width:48rem] mx-auto max-w-(--thread-content-max-width) flex-1 group\/turn-messages focus-visible:outline-hidden relative flex w-full min-w-0 flex-col agent-turn\" tabindex=\"-1\">\n<div class=\"flex max-w-full flex-col grow\">\n<div class=\"min-h-8 text-message relative flex w-full flex-col items-end gap-2 text-start break-words whitespace-normal [.text-message+&amp;]:mt-1\" dir=\"auto\" data-message-author-role=\"assistant\" data-message-id=\"43b070d6-bf28-4fbe-8049-1032a61ea3ac\" data-message-model-slug=\"gpt-5\">\n<div class=\"flex w-full flex-col gap-1 empty:hidden first:pt-[1px]\">\n<div class=\"markdown prose dark:prose-invert w-full break-words light markdown-new-styling\">\n<article class=\"text-token-text-primary w-full focus:outline-none [--shadow-height:45px] has-data-writing-block:pointer-events-none has-data-writing-block:-mt-(--shadow-height) has-data-writing-block:pt-(--shadow-height) [&amp;:has([data-writing-block])&gt;*]:pointer-events-auto [content-visibility:auto] supports-[content-visibility:auto]:[contain-intrinsic-size:auto_100lvh] scroll-mt-[calc(var(--header-height)+min(200px,max(70px,20svh)))]\" dir=\"auto\" tabindex=\"-1\" data-turn-id=\"4d6f00b8-d41a-438b-8912-05a895842882\" data-testid=\"conversation-turn-130\" data-scroll-anchor=\"true\" data-turn=\"assistant\">\n<div class=\"text-base my-auto mx-auto pb-10 [--thread-content-margin:--spacing(4)] thread-sm:[--thread-content-margin:--spacing(6)] thread-lg:[--thread-content-margin:--spacing(16)] px-(--thread-content-margin)\">\n<div class=\"[--thread-content-max-width:40rem] thread-lg:[--thread-content-max-width:48rem] mx-auto max-w-(--thread-content-max-width) flex-1 group\/turn-messages focus-visible:outline-hidden relative flex w-full min-w-0 flex-col agent-turn\" tabindex=\"-1\">\n<div class=\"flex max-w-full flex-col grow\">\n<div class=\"min-h-8 text-message relative flex w-full flex-col items-end gap-2 text-start break-words whitespace-normal [.text-message+&amp;]:mt-1\" dir=\"auto\" data-message-author-role=\"assistant\" data-message-id=\"f3c520bf-c043-4392-87ea-b3bf1b3ae6d3\" data-message-model-slug=\"gpt-5-1\">\n<div class=\"flex w-full flex-col gap-1 empty:hidden first:pt-[1px]\">\n<div class=\"markdown prose dark:prose-invert w-full break-words light markdown-new-styling\">\n<p>Airmez Fox 80000 R\u016bkal\u0173 2-in-1 Kristalin\u0117 Vape \u2013 Geriausias 80 t\u016bkst. didmeninis pirkimas i\u0161 ES sand\u0117lio<br \/>\nAirmez Fox 80k Dvigubo skonio vienkartin\u0117 Vape \u2013 Didmeninis pirkimas pasiruo\u0161\u0119s Europoje<br \/>\nAirmez Fox 80000 R\u016bkal\u0173 Dvigubo skonio Kristalin\u0117 Vienkartin\u0117 Ra\u0161iklis \u2013 ES sand\u0117lio atsargos<\/p>\n<\/div>\n<\/div>\n<\/div>\n<\/div>\n<\/div>\n<\/div>\n<\/article>\n<\/div>\n<\/div>\n<\/div>\n<\/div>\n<\/div>\n<\/div>\n<\/article>\n<p><img fetchpriority=\"high\" decoding=\"async\" class=\"size-full wp-image-2932\" src=\"https:\/\/vapestornado.com\/wp-content\/uploads\/2024\/12\/Vape-Wholesale.jpg\" alt=\"Garintuvai Didmenin\u0117 prekyba\" width=\"229\" height=\"300\" \/><\/p>\n<h3><a href=\"https:\/\/wa.me\/8617776015835\"><span style=\"color: #ff0000;\"><strong>WhatsApp: +86 17776015835<\/strong><\/span><\/a><\/h3>\n<p>&nbsp;<\/p>","protected":false},"featured_media":4604,"comment_status":"open","ping_status":"closed","template":"","meta":{"_acf_changed":false,"_uag_custom_page_level_css":"","_lmt_disableupdate":"no","_lmt_disable":"","_monsterinsights_skip_tracking":false,"_monsterinsights_sitenote_active":false,"_monsterinsights_sitenote_note":"","_monsterinsights_sitenote_category":0,"site-sidebar-layout":"default","site-content-layout":"","ast-site-content-layout":"default","site-content-style":"default","site-sidebar-style":"default","ast-global-header-display":"","ast-banner-title-visibility":"","ast-main-header-display":"","ast-hfb-above-header-display":"","ast-hfb-below-header-display":"","ast-hfb-mobile-header-display":"","site-post-title":"","ast-breadcrumbs-content":"","ast-featured-img":"","footer-sml-layout":"","ast-disable-related-posts":"","theme-transparent-header-meta":"default","adv-header-id-meta":"","stick-header-meta":"","header-above-stick-meta":"","header-main-stick-meta":"","header-below-stick-meta":"","astra-migrate-meta-layouts":"set","ast-page-background-enabled":"default","ast-page-background-meta":{"desktop":{"background-color":"","background-image":"","background-repeat":"repeat","background-position":"center center","background-size":"auto","background-attachment":"scroll","background-type":"","background-media":"","overlay-type":"","overlay-color":"","overlay-opacity":"","overlay-gradient":""},"tablet":{"background-color":"","background-image":"","background-repeat":"repeat","background-position":"center center","background-size":"auto","background-attachment":"scroll","background-type":"","background-media":"","overlay-type":"","overlay-color":"","overlay-opacity":"","overlay-gradient":""},"mobile":{"background-color":"","background-image":"","background-repeat":"repeat","background-position":"center center","background-size":"auto","background-attachment":"scroll","background-type":"","background-media":"","overlay-type":"","overlay-color":"","overlay-opacity":"","overlay-gradient":""}},"ast-content-background-meta":{"desktop":{"background-color":"var(--ast-global-color-5)","background-image":"","background-repeat":"repeat","background-position":"center center","background-size":"auto","background-attachment":"scroll","background-type":"","background-media":"","overlay-type":"","overlay-color":"","overlay-opacity":"","overlay-gradient":""},"tablet":{"background-color":"var(--ast-global-color-5)","background-image":"","background-repeat":"repeat","background-position":"center center","background-size":"auto","background-attachment":"scroll","background-type":"","background-media":"","overlay-type":"","overlay-color":"","overlay-opacity":"","overlay-gradient":""},"mobile":{"background-color":"var(--ast-global-color-5)","background-image":"","background-repeat":"repeat","background-position":"center center","background-size":"auto","background-attachment":"scroll","background-type":"","background-media":"","overlay-type":"","overlay-color":"","overlay-opacity":"","overlay-gradient":""}},"_joinchat":{"telephone":"17776015835"}},"product_brand":[],"product_cat":[149,150,151,152,144],"product_tag":[460,458,459,105,446,436,451,455],"class_list":{"0":"post-4603","1":"product","2":"type-product","3":"status-publish","4":"has-post-thumbnail","6":"product_cat-buy-disposable-vapes-in-austria","7":"product_cat-buy-disposable-vapes-in-belgium","8":"product_cat-buy-disposable-vapes-in-france","9":"product_cat-buy-disposable-vapes-in-cermany","10":"product_cat-low-nicotine-disposable-vapes","11":"product_tag-80k-puff-vape","12":"product_tag-airmez-fox-80000","13":"product_tag-airmez-fox-80k","14":"product_tag-digital-disposable-vape","15":"product_tag-disposable-vape-kit","16":"product_tag-shop-vape-online","17":"product_tag-vape-free-shipping","18":"product_tag-vape-pen-eu-warehouse","19":"desktop-align-left","20":"tablet-align-left","21":"mobile-align-left","23":"first","24":"instock","25":"sale","26":"shipping-taxable","27":"purchasable","28":"product-type-simple"},"acf":[],"uagb_featured_image_src":{"full":["https:\/\/vapestornado.com\/wp-content\/uploads\/2025\/11\/80K-Puffs-Double-Taste-LED-Display-Disposable-Vape-Airmez.webp",800,800,false],"thumbnail":["https:\/\/vapestornado.com\/wp-content\/uploads\/2025\/11\/80K-Puffs-Double-Taste-LED-Display-Disposable-Vape-Airmez-150x150.webp",150,150,true],"medium":["https:\/\/vapestornado.com\/wp-content\/uploads\/2025\/11\/80K-Puffs-Double-Taste-LED-Display-Disposable-Vape-Airmez-300x300.webp",300,300,true],"medium_large":["https:\/\/vapestornado.com\/wp-content\/uploads\/2025\/11\/80K-Puffs-Double-Taste-LED-Display-Disposable-Vape-Airmez-768x768.webp",768,768,true],"large":["https:\/\/vapestornado.com\/wp-content\/uploads\/2025\/11\/80K-Puffs-Double-Taste-LED-Display-Disposable-Vape-Airmez.webp",800,800,false],"1536x1536":["https:\/\/vapestornado.com\/wp-content\/uploads\/2025\/11\/80K-Puffs-Double-Taste-LED-Display-Disposable-Vape-Airmez.webp",800,800,false],"2048x2048":["https:\/\/vapestornado.com\/wp-content\/uploads\/2025\/11\/80K-Puffs-Double-Taste-LED-Display-Disposable-Vape-Airmez.webp",800,800,false],"trp-custom-language-flag":["https:\/\/vapestornado.com\/wp-content\/uploads\/2025\/11\/80K-Puffs-Double-Taste-LED-Display-Disposable-Vape-Airmez-12x12.webp",12,12,true],"woocommerce_thumbnail":["https:\/\/vapestornado.com\/wp-content\/uploads\/2025\/11\/80K-Puffs-Double-Taste-LED-Display-Disposable-Vape-Airmez-300x300.webp",300,300,true],"woocommerce_single":["https:\/\/vapestornado.com\/wp-content\/uploads\/2025\/11\/80K-Puffs-Double-Taste-LED-Display-Disposable-Vape-Airmez-600x600.webp",600,600,true],"woocommerce_gallery_thumbnail":["https:\/\/vapestornado.com\/wp-content\/uploads\/2025\/11\/80K-Puffs-Double-Taste-LED-Display-Disposable-Vape-Airmez-100x100.webp",100,100,true]},"uagb_author_info":{"display_name":"ESAMY","author_link":"https:\/\/vapestornado.com\/lt\/author\/"},"uagb_comment_info":0,"uagb_excerpt":"Airmez Fox 80000 Puffs 2-in-1 Crystal Vape \u2013 Best 80k Wholesale from EU Warehouse Airmez Fox 80k Dual Flavor Disposable Vape \u2013 Bulk Buy Ready in Europe Airmez Fox 80000 Puffs Double Flavor Crystal Disposable Pen \u2013 EU Warehouse Stock WhatsApp: +86 17776015835 &nbsp;","_links":{"self":[{"href":"https:\/\/vapestornado.com\/lt\/wp-json\/wp\/v2\/product\/4603","targetHints":{"allow":["GET"]}}],"collection":[{"href":"https:\/\/vapestornado.com\/lt\/wp-json\/wp\/v2\/product"}],"about":[{"href":"https:\/\/vapestornado.com\/lt\/wp-json\/wp\/v2\/types\/product"}],"replies":[{"embeddable":true,"href":"https:\/\/vapestornado.com\/lt\/wp-json\/wp\/v2\/comments?post=4603"}],"wp:featuredmedia":[{"embeddable":true,"href":"https:\/\/vapestornado.com\/lt\/wp-json\/wp\/v2\/media\/4604"}],"wp:attachment":[{"href":"https:\/\/vapestornado.com\/lt\/wp-json\/wp\/v2\/media?parent=4603"}],"wp:term":[{"taxonomy":"product_brand","embeddable":true,"href":"https:\/\/vapestornado.com\/lt\/wp-json\/wp\/v2\/product_brand?post=4603"},{"taxonomy":"product_cat","embeddable":true,"href":"https:\/\/vapestornado.com\/lt\/wp-json\/wp\/v2\/product_cat?post=4603"},{"taxonomy":"product_tag","embeddable":true,"href":"https:\/\/vapestornado.com\/lt\/wp-json\/wp\/v2\/product_tag?post=4603"}],"curies":[{"name":"wp","href":"https:\/\/api.w.org\/{rel}","templated":true}]}}