{"id":4602,"date":"2025-11-26T09:30:42","date_gmt":"2025-11-26T09:30:42","guid":{"rendered":"https:\/\/vapestornado.com\/?post_type=product&#038;p=4602"},"modified":"2025-11-26T09:38:13","modified_gmt":"2025-11-26T09:38:13","slug":"airmez-140k-puff-6-in-1-flavor-disposable-vape-wholesale-disposable-vape-pen-eu-warehouse","status":"publish","type":"product","link":"https:\/\/vapestornado.com\/lt\/product\/airmez-140k-puff-6-in-1-flavor-disposable-vape-wholesale-disposable-vape-pen-eu-warehouse\/","title":{"rendered":"Airmez 140 t\u016bkst. p\u016btim\u0173 6-in-1 skoni\u0173 vienkartinis vape, didmenin\u0117 prekyba vienkartiniais vape ra\u0161ikliais Euro sand\u0117lyje"},"content":{"rendered":"<h2 data-pm-slice=\"1 1 []\">Airmez 140 t\u016bkst. p\u016btim\u0173 \u2013 6-in-1 didelis p\u016btimo vienkartinis vape ra\u0161iklis su Euro sand\u0117liu<\/h2>\n<p data-start=\"636\" data-end=\"1125\">\u0160is <strong data-start=\"640\" data-end=\"660\">Airmez 140 t\u016bkst. p\u016btim\u0173<\/strong> sukurtas didmenin\u0117s prekybos pirk\u0117jams, kurie nori auk\u0161tos kokyb\u0117s <strong data-start=\"711\" data-end=\"739\">Didelis P\u016bsl\u0117s Vienkartinis Vape<\/strong> su tikra daugiaskoni\u0173 lankstumu ir patikimu veikimu. \u0160is \u012frenginys integruoja <strong data-start=\"824\" data-end=\"852\">\u0161e\u0161is mi\u0161rius vaisi\u0173 skonius<\/strong> per <strong data-start=\"860\" data-end=\"880\">tris 15 ml talpos bakus<\/strong>, suteikdamas vartotojams i\u0161 viso <strong data-start=\"903\" data-end=\"920\">45 ml talp\u0105<\/strong> palaikomas <strong data-start=\"934\" data-end=\"953\">1.0\u03a9 tinklelio rit\u0117s<\/strong> \u0161variam, nuosekliam skonio pristatymui. Su i\u0161\u0117jimu, skirtu ilgalaikiam naudojimui, <strong data-start=\"1039\" data-end=\"1061\">Airmez 140 000 p\u016btim\u0173<\/strong> i\u0161siskiria rinkose, reikalaujan\u010diose patvarumo ir skonio \u012fvairov\u0117s.<\/p>\n<p data-start=\"1127\" data-end=\"1481\">Sukiojamas burnos antgalis leid\u017eia vartotojams i\u0161kart keisti skonius, padarydamas Airmez 140k P\u016btim\u0105 vienu i\u0161 prakti\u0161kiausi\u0173 <strong data-start=\"1249\" data-end=\"1276\">reguliuojam\u0173 skoni\u0173 vape<\/strong> savo kategorijoje. Didelis LED ekranas rodo p\u016btim\u0173 skai\u010di\u0173, baterijos lyg\u012f ir aktyvi\u0173 skoni\u0173 linijas \u2013 tai palengvina \u012frenginio valdym\u0105 kasdieniams naudotojams ir suma\u017eina klient\u0173 aptarnavimo problemas ma\u017emenininkams.<\/p>\n<p data-start=\"1483\" data-end=\"1941\">Maitinamas <strong data-start=\"1496\" data-end=\"1534\">650 mAh Type-C \u012fkraunama baterija<\/strong>, Airmez 140k P\u016bstuv\u0117s i\u0161laiko stabil\u0173 veikim\u0105 ilg\u0173 sesij\u0173 metu. Platin\u0117jams ir ma\u017emenininkams, geb\u0117jimas <strong data-start=\"1659\" data-end=\"1680\">Pirk EU Sand\u0117l\u012f<\/strong> rei\u0161kia greitesn\u012f \u012fvykdym\u0105, mokes\u010di\u0173 nemokam\u0105 jud\u0117jim\u0105 Europos S\u0105jungoje ir patikim\u0105 atsarg\u0173 prieinamum\u0105. \u0160is modelis gerai veikia 25\u201335 met\u0173 vyr\u0173 vartotoj\u0173 grup\u0117se Europoje d\u0117l savo stipraus p\u016btimo \u012fvertinimo, dr\u0105si\u0173 skonio mi\u0161ini\u0173 ir tvirtos, kelion\u0117ms pritaikytos konstrukcijos.<\/p>\n<p data-start=\"1943\" data-end=\"2251\">\u0160is <strong data-start=\"1947\" data-end=\"1969\">Airmez 140 000 p\u016btim\u0173<\/strong> tinka ma\u017emenininkams, kuriems reikalingas auk\u0161tos kokyb\u0117s vienkartinis ra\u0161iklis su dideliu klient\u0173 gr\u012f\u017etamuoju srautu, ypa\u010d tiems, kurie d\u0117mes\u012f skiria vaisi\u0173 mi\u0161iniams ir daugiaskoniams \u012frenginiams. Didmenin\u0117 pakuot\u0117 u\u017etikrina lengv\u0105 saugojim\u0105 ir efektyv\u0173 platinim\u0105, tod\u0117l tai yra universalus SKU EU vape parduotuv\u0117ms.<\/p>\n<p data-start=\"666\" data-end=\"1235\"><strong style=\"font-size: 16px;\"><span style=\"color: #ff0000;\">Prid\u0117kite Amy WhatsApp, kad gautum\u0117te tinkam\u0105 atsakym\u0105 ir nuolaid\u0105!<\/span><\/strong><\/p>\n<p><img fetchpriority=\"high\" decoding=\"async\" class=\"size-full wp-image-2932\" src=\"https:\/\/vapestornado.com\/wp-content\/uploads\/2024\/12\/Vape-Wholesale.jpg\" alt=\"Garintuvai Didmenin\u0117 prekyba\" width=\"229\" height=\"300\" \/><\/p>\n<h3><a href=\"https:\/\/wa.me\/8617776015835\" target=\"_blank\" rel=\"noopener\"><span style=\"color: #ff0000;\"><strong>WhatsApp: +86 17776015835<\/strong><\/span><\/a><\/h3>\n<p>&nbsp;<\/p>\n<h2><strong>Airmez 140k P\u016bstuv\u0117s Vienkartiniai Vape Skoni\u0173 S\u0105ra\u0161as<\/strong><\/h2>\n<ol data-start=\"2293\" data-end=\"2788\">\n<li data-start=\"2293\" data-end=\"2327\">\n<p data-start=\"2296\" data-end=\"2327\">Vy\u0161nios \/ Cola Ledas \/ Mango Ledas<\/p>\n<\/li>\n<li data-start=\"2328\" data-end=\"2387\">\n<p data-start=\"2331\" data-end=\"2387\">Drakono vaisius Ledas \/ Vaisi\u0173 Mi\u0161rain\u0117 \/ Avie\u010di\u0173 Arb\u016bzas<\/p>\n<\/li>\n<li data-start=\"2388\" data-end=\"2432\">\n<p data-start=\"2391\" data-end=\"2432\">Meil\u0117 66 \/ Uog\u0173 Lemona \/ Gazuotas Vy\u0161nios<\/p>\n<\/li>\n<li data-start=\"2433\" data-end=\"2487\">\n<p data-start=\"2436\" data-end=\"2487\">Mi\u0161rios Uogos \/ M\u0117lynas R\u016bg\u0161tus Lemona \/ Vy\u0161ni\u0173 Uogos<\/p>\n<\/li>\n<li data-start=\"2488\" data-end=\"2532\">\n<p data-start=\"2491\" data-end=\"2532\">Meil\u0117 66 \/ Bra\u0161ki\u0173 Kivi \/ Persiko Mango<\/p>\n<\/li>\n<li data-start=\"2533\" data-end=\"2569\">\n<p data-start=\"2536\" data-end=\"2569\">Persiko Ledas \/ Mango Ledas \/ Dr Blue<\/p>\n<\/li>\n<li data-start=\"2570\" data-end=\"2629\">\n<p data-start=\"2573\" data-end=\"2629\">Bra\u0161ki\u0173 Banana \/ Vimto \/ M\u0117lyn\u0173j\u0173 spanguoli\u0173 Vy\u0161nios Cranberry<\/p>\n<\/li>\n<li data-start=\"2630\" data-end=\"2679\">\n<p data-start=\"2633\" data-end=\"2679\">Bra\u0161ki\u0173 Ledas \/ Ro\u017ein\u0117 Lemona \/ Bingo Sultys<\/p>\n<\/li>\n<li data-start=\"2680\" data-end=\"2737\">\n<p data-start=\"2683\" data-end=\"2737\">Arb\u016bzas Ledas \/ Trij\u0173 Melion\u0173 \/ M\u0117lynas R\u016bg\u0161tus R\u016bg\u0161tus Ledas<\/p>\n<\/li>\n<li data-start=\"2738\" data-end=\"2788\">\n<p data-start=\"2742\" data-end=\"2788\">Arb\u016bzas Ledas \/ Bingo Sultys \/ Mi\u0161rios Uogos<\/p>\n<\/li>\n<\/ol>\n<figure id=\"attachment_4599\" aria-describedby=\"caption-attachment-4599\" style=\"width: 800px\" class=\"wp-caption alignnone\"><img decoding=\"async\" class=\"wp-image-4599 size-full\" src=\"https:\/\/vapestornado.com\/wp-content\/uploads\/2025\/11\/Airmez-Fox-6-in-1-140K-Puffs-Vapes-Bulk-Buy-Price.webp\" alt=\"Airmez Fox 6 in 1 140K P\u016bstuv\u0117s Didmenin\u0117 Kaina\" width=\"800\" height=\"800\" srcset=\"https:\/\/vapestornado.com\/wp-content\/uploads\/2025\/11\/Airmez-Fox-6-in-1-140K-Puffs-Vapes-Bulk-Buy-Price.webp 800w, https:\/\/vapestornado.com\/wp-content\/uploads\/2025\/11\/Airmez-Fox-6-in-1-140K-Puffs-Vapes-Bulk-Buy-Price-300x300.webp 300w, https:\/\/vapestornado.com\/wp-content\/uploads\/2025\/11\/Airmez-Fox-6-in-1-140K-Puffs-Vapes-Bulk-Buy-Price-150x150.webp 150w, https:\/\/vapestornado.com\/wp-content\/uploads\/2025\/11\/Airmez-Fox-6-in-1-140K-Puffs-Vapes-Bulk-Buy-Price-768x768.webp 768w, https:\/\/vapestornado.com\/wp-content\/uploads\/2025\/11\/Airmez-Fox-6-in-1-140K-Puffs-Vapes-Bulk-Buy-Price-12x12.webp 12w, https:\/\/vapestornado.com\/wp-content\/uploads\/2025\/11\/Airmez-Fox-6-in-1-140K-Puffs-Vapes-Bulk-Buy-Price-600x600.webp 600w, https:\/\/vapestornado.com\/wp-content\/uploads\/2025\/11\/Airmez-Fox-6-in-1-140K-Puffs-Vapes-Bulk-Buy-Price-100x100.webp 100w\" sizes=\"(max-width: 800px) 100vw, 800px\" \/><figcaption id=\"caption-attachment-4599\" class=\"wp-caption-text\">Airmez Fox 6 in 1 140K P\u016bstuv\u0117s Didmenin\u0117 Kaina<\/figcaption><\/figure>\n<h2><strong>Kas i\u0161skiria Airmez 140k P\u016bstuv\u0117s Vienkartin\u012f Vape Pie\u0161tuk\u0105?<\/strong><\/h2>\n<ul data-start=\"2835\" data-end=\"3319\">\n<li data-start=\"2835\" data-end=\"2886\">\n<p data-start=\"2837\" data-end=\"2886\"><strong data-start=\"2837\" data-end=\"2863\">140 000 p\u016btim\u0173 i\u0161tverm\u0117<\/strong> ilgam naudojimui.<\/p>\n<\/li>\n<li data-start=\"2887\" data-end=\"2945\">\n<p data-start=\"2889\" data-end=\"2945\"><strong data-start=\"2889\" data-end=\"2910\">\u0160e\u0161i skonio re\u017eimai<\/strong> valdomi sukiojamu burnos \u012fd\u0117klu.<\/p>\n<\/li>\n<li data-start=\"2946\" data-end=\"2990\">\n<p data-start=\"2948\" data-end=\"2990\"><strong data-start=\"2948\" data-end=\"2965\">45 ml talp\u0105<\/strong> i\u0161 trij\u0173 15 ml talp\u0173.<\/p>\n<\/li>\n<li data-start=\"2991\" data-end=\"3051\">\n<p data-start=\"2993\" data-end=\"3051\"><strong data-start=\"2993\" data-end=\"3011\">1.0\u03a9 tinklelio rit\u0117<\/strong> skland\u017eiam skoniui ir garo tankiui.<\/p>\n<\/li>\n<li data-start=\"3052\" data-end=\"3118\">\n<p data-start=\"3054\" data-end=\"3118\"><strong data-start=\"3054\" data-end=\"3069\">LED ekranas<\/strong> rodoma p\u016btimo skai\u010dius, skonio zona ir baterija.<\/p>\n<\/li>\n<li data-start=\"3119\" data-end=\"3190\">\n<p data-start=\"3121\" data-end=\"3190\"><strong data-start=\"3121\" data-end=\"3159\">650 mAh Type-C \u012fkraunama baterija<\/strong> sukurtas nuosek\u010diam i\u0161\u0117jimui.<\/p>\n<\/li>\n<li data-start=\"3191\" data-end=\"3248\">\n<p data-start=\"3193\" data-end=\"3248\"><strong data-start=\"3193\" data-end=\"3222\">Mi\u0161raus vaisi\u0173 skonio d\u0117mesys<\/strong> platus rinkos patrauklumas.<\/p>\n<\/li>\n<li data-start=\"3249\" data-end=\"3319\">\n<p data-start=\"3251\" data-end=\"3319\"><strong data-start=\"3251\" data-end=\"3282\">Kompakti\u0161ka vienkartin\u0117 vape pie\u0161tukas<\/strong> idealiai tinka didmeninei prekybai Lietuvoje.<\/p>\n<\/li>\n<\/ul>\n<h2>Kod\u0117l verta pasirinkti Vapestornado perkant vienkartinius vape internetu?<\/h2>\n<div class=\"flex-shrink-0 flex flex-col relative items-end\">\n<div class=\"pt-0\">\n<div class=\"gizmo-bot-avatar flex h-8 w-8 items-center justify-center overflow-hidden rounded-full\">\n<div class=\"relative p-1 rounded-sm flex items-center justify-center bg-token-main-surface-primary text-token-text-primary h-8 w-8\">\n<p data-start=\"648\" data-end=\"799\">Rinktis <strong data-start=\"189\" data-end=\"205\">Vapestornado<\/strong> kaip j\u016bs\u0173 tiek\u0117jas d\u0117l <strong data-start=\"227\" data-end=\"261\">Elf Bar Moon Night 40000 R\u016bkan\u010di\u0173<\/strong> rei\u0161kia u\u017etikrinti partner\u012f, kuris supranta ES pagr\u012fst\u0173 didmeninink\u0173 ir ma\u017emeninink\u0173 poreikius. Mes sutelkiame d\u0117mes\u012f \u012f greit\u0105 pristatym\u0105, patvirtint\u0105 atsarg\u0105 ir stabil\u0173 ilgalaik\u012f tiekim\u0105 \u2013 pagrindinius veiksnius verslui, parduodan\u010diam didel\u012f kiek\u012f produkt\u0173, toki\u0173 kaip <strong data-start=\"489\" data-end=\"515\">Elf Bar Moon Night 40K<\/strong>. Kiekviena partija yra tiesiogiai gaunama i\u0161 sertifikuot\u0173 kanal\u0173, u\u017etikrinant autenti\u0161kus produktus, stipri\u0105 skonio nuoseklum\u0105 ir patikim\u0105 kokyb\u0119, atitinkan\u010di\u0105 ES pirk\u0117j\u0173 l\u016bkes\u010dius.<\/p>\n<p data-start=\"559\" data-end=\"933\" data-is-last-node=\"\" data-is-only-node=\"\">Mes taip pat turime kelet\u0105 kit\u0173 populiari\u0173 vienkartini\u0173 vape su ekranu, pvz. <a href=\"https:\/\/vapestornado.com\/lt\/product\/hifancy-dream-45k-45000-puffs-disposable-vape-kit-fast-shipping-from-eu-warehouse\/\">Hifancy Dream 45k vape<\/a>, <a href=\"https:\/\/vapestornado.com\/lt\/product\/elf-bar-moon-night-40000-puffs-disposable-vape-germany-wholesale\/\">ELF BAR M\u0117nulio Naktis 40000 Vape<\/a>, <a href=\"https:\/\/vapestornado.com\/lt\/product\/uor-120000-puff-120k-4-flavors-rechargeable-disposable-vape-shop-online\/\">UOR 120000 PUFF 4 in 1<\/a>, ir daugiau.<\/p>\n<p data-start=\"559\" data-end=\"933\" data-is-last-node=\"\" data-is-only-node=\"\">\n<\/div>\n<h2>DUK apie Airmez 140k P\u016bst\u0105<\/h2>\n<div class=\"relative p-1 rounded-sm flex items-center justify-center bg-token-main-surface-primary text-token-text-primary h-8 w-8\">\n<p data-start=\"3356\" data-end=\"3475\"><strong data-start=\"3356\" data-end=\"3412\">1. Kaip keisti skonius Airmez 140k P\u016bste?<\/strong><br data-start=\"3412\" data-end=\"3415\" \/>Pasukite burnos antgal\u012f, kad pereitum\u0117te tarp \u0161e\u0161i\u0173 skonio re\u017eim\u0173.<\/p>\n<p data-start=\"3477\" data-end=\"3641\"><strong data-start=\"3477\" data-end=\"3536\">2. Kiek laiko paprastai tarnauja 140000 p\u016btim\u0173 \u012frenginys?<\/strong><br data-start=\"3536\" data-end=\"3539\" \/>Naudojimas skiriasi, ta\u010diau dauguma vartotoj\u0173 gauna \u017eymiai ilgesn\u012f tarnavimo laik\u0105 d\u0117l didelio p\u016btim\u0173 skai\u010diaus \u012fvertinimo.<\/p>\n<p data-start=\"3643\" data-end=\"3754\"><strong data-start=\"3643\" data-end=\"3689\">3. Ar Airmez 140000 P\u016bst\u0105 galima \u012fkrauti?<\/strong><br data-start=\"3689\" data-end=\"3692\" \/>Taip, jis turi Type-C \u012fkrovimo jungt\u012f ir 650mAh baterij\u0105.<\/p>\n<p data-start=\"3756\" data-end=\"3905\"><strong data-start=\"3756\" data-end=\"3814\">4. Ar ekrane rodomas p\u016btim\u0173 skai\u010dius ir baterijos b\u016bkl\u0117?<\/strong><br data-start=\"3814\" data-end=\"3817\" \/>LED ekranas teikia realaus laiko p\u016btim\u0173 sekim\u0105, baterijos lyg\u012f ir skonio indikacij\u0105.<\/p>\n<p data-start=\"3907\" data-end=\"4052\"><strong data-start=\"3907\" data-end=\"3963\">5. Ar galiu u\u017esisakyti Airmez 140k P\u016bsto vienetus i\u0161 Lietuvos sand\u0117lio?<\/strong><br data-start=\"3963\" data-end=\"3966\" \/>Taip, m\u016bs\u0173 <strong data-start=\"3975\" data-end=\"3996\">Pirk EU Sand\u0117l\u012f<\/strong> paslauga u\u017etikrina greit\u0105, mokes\u010di\u0173 nemokam\u0105 pristatym\u0105 visoje Lietuvoje.<\/p>\n<\/div>\n<\/div>\n<\/div>\n<\/div>","protected":false},"excerpt":{"rendered":"<article class=\"text-token-text-primary w-full focus:outline-none [--shadow-height:45px] has-data-writing-block:pointer-events-none has-data-writing-block:-mt-(--shadow-height) has-data-writing-block:pt-(--shadow-height) [&amp;:has([data-writing-block])&gt;*]:pointer-events-auto [content-visibility:auto] supports-[content-visibility:auto]:[contain-intrinsic-size:auto_100lvh] scroll-mt-[calc(var(--header-height)+min(200px,max(70px,20svh)))]\" dir=\"auto\" tabindex=\"-1\" data-turn-id=\"86ca9d92-7a10-4e6b-bda0-15f9df36adca\" data-testid=\"conversation-turn-120\" data-scroll-anchor=\"true\" data-turn=\"assistant\">\n<div class=\"text-base my-auto mx-auto pb-10 [--thread-content-margin:--spacing(4)] thread-sm:[--thread-content-margin:--spacing(6)] thread-lg:[--thread-content-margin:--spacing(16)] px-(--thread-content-margin)\">\n<div class=\"[--thread-content-max-width:40rem] thread-lg:[--thread-content-max-width:48rem] mx-auto max-w-(--thread-content-max-width) flex-1 group\/turn-messages focus-visible:outline-hidden relative flex w-full min-w-0 flex-col agent-turn\" tabindex=\"-1\">\n<div class=\"flex max-w-full flex-col grow\">\n<div class=\"min-h-8 text-message relative flex w-full flex-col items-end gap-2 text-start break-words whitespace-normal [.text-message+&amp;]:mt-1\" dir=\"auto\" data-message-author-role=\"assistant\" data-message-id=\"43b070d6-bf28-4fbe-8049-1032a61ea3ac\" data-message-model-slug=\"gpt-5\">\n<div class=\"flex w-full flex-col gap-1 empty:hidden first:pt-[1px]\">\n<div class=\"markdown prose dark:prose-invert w-full break-words light markdown-new-styling\">\n<article class=\"text-token-text-primary w-full focus:outline-none [--shadow-height:45px] has-data-writing-block:pointer-events-none has-data-writing-block:-mt-(--shadow-height) has-data-writing-block:pt-(--shadow-height) [&amp;:has([data-writing-block])&gt;*]:pointer-events-auto [content-visibility:auto] supports-[content-visibility:auto]:[contain-intrinsic-size:auto_100lvh] scroll-mt-[calc(var(--header-height)+min(200px,max(70px,20svh)))]\" dir=\"auto\" tabindex=\"-1\" data-turn-id=\"4d6f00b8-d41a-438b-8912-05a895842882\" data-testid=\"conversation-turn-130\" data-scroll-anchor=\"true\" data-turn=\"assistant\">\n<div class=\"text-base my-auto mx-auto pb-10 [--thread-content-margin:--spacing(4)] thread-sm:[--thread-content-margin:--spacing(6)] thread-lg:[--thread-content-margin:--spacing(16)] px-(--thread-content-margin)\">\n<div class=\"[--thread-content-max-width:40rem] thread-lg:[--thread-content-max-width:48rem] mx-auto max-w-(--thread-content-max-width) flex-1 group\/turn-messages focus-visible:outline-hidden relative flex w-full min-w-0 flex-col agent-turn\" tabindex=\"-1\">\n<div class=\"flex max-w-full flex-col grow\">\n<div class=\"min-h-8 text-message relative flex w-full flex-col items-end gap-2 text-start break-words whitespace-normal [.text-message+&amp;]:mt-1\" dir=\"auto\" data-message-author-role=\"assistant\" data-message-id=\"f3c520bf-c043-4392-87ea-b3bf1b3ae6d3\" data-message-model-slug=\"gpt-5-1\">\n<div class=\"flex w-full flex-col gap-1 empty:hidden first:pt-[1px]\">\n<div class=\"markdown prose dark:prose-invert w-full break-words light markdown-new-styling\">\n<p>Airmez 140 t\u016bkst. p\u016btim\u0173 6-in-1 vienkartinis vape ra\u0161iklis \u2013 Didelis p\u016btimo \u012frenginys su Euro sand\u0117lio atsargomis<br \/>\nAirmez 140 000 p\u016btim\u0173 reguliuojamas skonio vape \u2013 Didmenin\u0117 prekyba visoje Europoje<br \/>\nAirmez 140 t\u016bkst. p\u016btim\u0173 6 skoni\u0173 vienkartinis ra\u0161iklis \u2013 Perkant dideliais kiekiais i\u0161 Euro sand\u0117lio<\/p>\n<\/div>\n<\/div>\n<\/div>\n<\/div>\n<\/div>\n<\/div>\n<\/article>\n<\/div>\n<\/div>\n<\/div>\n<\/div>\n<\/div>\n<\/div>\n<\/article>\n<p><img fetchpriority=\"high\" decoding=\"async\" class=\"size-full wp-image-2932\" src=\"https:\/\/vapestornado.com\/wp-content\/uploads\/2024\/12\/Vape-Wholesale.jpg\" alt=\"Garintuvai Didmenin\u0117 prekyba\" width=\"229\" height=\"300\" \/><\/p>\n<h3><a href=\"https:\/\/wa.me\/8617776015835\"><span style=\"color: #ff0000;\"><strong>WhatsApp: +86 17776015835<\/strong><\/span><\/a><\/h3>\n<p>&nbsp;<\/p>","protected":false},"featured_media":4598,"comment_status":"open","ping_status":"closed","template":"","meta":{"_acf_changed":false,"_uag_custom_page_level_css":"","_lmt_disableupdate":"no","_lmt_disable":"","_monsterinsights_skip_tracking":false,"_monsterinsights_sitenote_active":false,"_monsterinsights_sitenote_note":"","_monsterinsights_sitenote_category":0,"site-sidebar-layout":"default","site-content-layout":"","ast-site-content-layout":"default","site-content-style":"default","site-sidebar-style":"default","ast-global-header-display":"","ast-banner-title-visibility":"","ast-main-header-display":"","ast-hfb-above-header-display":"","ast-hfb-below-header-display":"","ast-hfb-mobile-header-display":"","site-post-title":"","ast-breadcrumbs-content":"","ast-featured-img":"","footer-sml-layout":"","ast-disable-related-posts":"","theme-transparent-header-meta":"default","adv-header-id-meta":"","stick-header-meta":"","header-above-stick-meta":"","header-main-stick-meta":"","header-below-stick-meta":"","astra-migrate-meta-layouts":"set","ast-page-background-enabled":"default","ast-page-background-meta":{"desktop":{"background-color":"","background-image":"","background-repeat":"repeat","background-position":"center center","background-size":"auto","background-attachment":"scroll","background-type":"","background-media":"","overlay-type":"","overlay-color":"","overlay-opacity":"","overlay-gradient":""},"tablet":{"background-color":"","background-image":"","background-repeat":"repeat","background-position":"center center","background-size":"auto","background-attachment":"scroll","background-type":"","background-media":"","overlay-type":"","overlay-color":"","overlay-opacity":"","overlay-gradient":""},"mobile":{"background-color":"","background-image":"","background-repeat":"repeat","background-position":"center center","background-size":"auto","background-attachment":"scroll","background-type":"","background-media":"","overlay-type":"","overlay-color":"","overlay-opacity":"","overlay-gradient":""}},"ast-content-background-meta":{"desktop":{"background-color":"var(--ast-global-color-5)","background-image":"","background-repeat":"repeat","background-position":"center center","background-size":"auto","background-attachment":"scroll","background-type":"","background-media":"","overlay-type":"","overlay-color":"","overlay-opacity":"","overlay-gradient":""},"tablet":{"background-color":"var(--ast-global-color-5)","background-image":"","background-repeat":"repeat","background-position":"center center","background-size":"auto","background-attachment":"scroll","background-type":"","background-media":"","overlay-type":"","overlay-color":"","overlay-opacity":"","overlay-gradient":""},"mobile":{"background-color":"var(--ast-global-color-5)","background-image":"","background-repeat":"repeat","background-position":"center center","background-size":"auto","background-attachment":"scroll","background-type":"","background-media":"","overlay-type":"","overlay-color":"","overlay-opacity":"","overlay-gradient":""}},"_joinchat":{"telephone":"17776015835"}},"product_brand":[],"product_cat":[149,150,151,152,144],"product_tag":[456,454,453,105,446,436,450,451,455],"class_list":{"0":"post-4602","1":"product","2":"type-product","3":"status-publish","4":"has-post-thumbnail","6":"product_cat-buy-disposable-vapes-in-austria","7":"product_cat-buy-disposable-vapes-in-belgium","8":"product_cat-buy-disposable-vapes-in-france","9":"product_cat-buy-disposable-vapes-in-cermany","10":"product_cat-low-nicotine-disposable-vapes","11":"product_tag-6-in-1-flavor-disposable-vape","12":"product_tag-airmez-140000-puff","13":"product_tag-airmez-140k-puff","14":"product_tag-digital-disposable-vape","15":"product_tag-disposable-vape-kit","16":"product_tag-shop-vape-online","17":"product_tag-vape-fast-shipping","18":"product_tag-vape-free-shipping","19":"product_tag-vape-pen-eu-warehouse","20":"desktop-align-left","21":"tablet-align-left","22":"mobile-align-left","24":"first","25":"instock","26":"sale","27":"shipping-taxable","28":"purchasable","29":"product-type-simple"},"acf":[],"uagb_featured_image_src":{"full":["https:\/\/vapestornado.com\/wp-content\/uploads\/2025\/11\/Airmez-Brand-140k-Puff-Disposable-Vape-Wholesale-Vape-Pen.webp",800,800,false],"thumbnail":["https:\/\/vapestornado.com\/wp-content\/uploads\/2025\/11\/Airmez-Brand-140k-Puff-Disposable-Vape-Wholesale-Vape-Pen-150x150.webp",150,150,true],"medium":["https:\/\/vapestornado.com\/wp-content\/uploads\/2025\/11\/Airmez-Brand-140k-Puff-Disposable-Vape-Wholesale-Vape-Pen-300x300.webp",300,300,true],"medium_large":["https:\/\/vapestornado.com\/wp-content\/uploads\/2025\/11\/Airmez-Brand-140k-Puff-Disposable-Vape-Wholesale-Vape-Pen-768x768.webp",768,768,true],"large":["https:\/\/vapestornado.com\/wp-content\/uploads\/2025\/11\/Airmez-Brand-140k-Puff-Disposable-Vape-Wholesale-Vape-Pen.webp",800,800,false],"1536x1536":["https:\/\/vapestornado.com\/wp-content\/uploads\/2025\/11\/Airmez-Brand-140k-Puff-Disposable-Vape-Wholesale-Vape-Pen.webp",800,800,false],"2048x2048":["https:\/\/vapestornado.com\/wp-content\/uploads\/2025\/11\/Airmez-Brand-140k-Puff-Disposable-Vape-Wholesale-Vape-Pen.webp",800,800,false],"trp-custom-language-flag":["https:\/\/vapestornado.com\/wp-content\/uploads\/2025\/11\/Airmez-Brand-140k-Puff-Disposable-Vape-Wholesale-Vape-Pen-12x12.webp",12,12,true],"woocommerce_thumbnail":["https:\/\/vapestornado.com\/wp-content\/uploads\/2025\/11\/Airmez-Brand-140k-Puff-Disposable-Vape-Wholesale-Vape-Pen-300x300.webp",300,300,true],"woocommerce_single":["https:\/\/vapestornado.com\/wp-content\/uploads\/2025\/11\/Airmez-Brand-140k-Puff-Disposable-Vape-Wholesale-Vape-Pen-600x600.webp",600,600,true],"woocommerce_gallery_thumbnail":["https:\/\/vapestornado.com\/wp-content\/uploads\/2025\/11\/Airmez-Brand-140k-Puff-Disposable-Vape-Wholesale-Vape-Pen-100x100.webp",100,100,true]},"uagb_author_info":{"display_name":"ESAMY","author_link":"https:\/\/vapestornado.com\/lt\/author\/"},"uagb_comment_info":0,"uagb_excerpt":"Airmez 140k Puff 6-in-1 Disposable Vape Pen \u2013 Big Puff Device with EU Warehouse Stock Airmez 140000 Puff Adjustable Flavor Vape \u2013 Wholesale Ready Across Europe Airmez 140k Puff 6-Flavor Disposable Pen \u2013 Bulk Buy from EU Warehouse WhatsApp: +86 17776015835 &nbsp;","_links":{"self":[{"href":"https:\/\/vapestornado.com\/lt\/wp-json\/wp\/v2\/product\/4602","targetHints":{"allow":["GET"]}}],"collection":[{"href":"https:\/\/vapestornado.com\/lt\/wp-json\/wp\/v2\/product"}],"about":[{"href":"https:\/\/vapestornado.com\/lt\/wp-json\/wp\/v2\/types\/product"}],"replies":[{"embeddable":true,"href":"https:\/\/vapestornado.com\/lt\/wp-json\/wp\/v2\/comments?post=4602"}],"wp:featuredmedia":[{"embeddable":true,"href":"https:\/\/vapestornado.com\/lt\/wp-json\/wp\/v2\/media\/4598"}],"wp:attachment":[{"href":"https:\/\/vapestornado.com\/lt\/wp-json\/wp\/v2\/media?parent=4602"}],"wp:term":[{"taxonomy":"product_brand","embeddable":true,"href":"https:\/\/vapestornado.com\/lt\/wp-json\/wp\/v2\/product_brand?post=4602"},{"taxonomy":"product_cat","embeddable":true,"href":"https:\/\/vapestornado.com\/lt\/wp-json\/wp\/v2\/product_cat?post=4602"},{"taxonomy":"product_tag","embeddable":true,"href":"https:\/\/vapestornado.com\/lt\/wp-json\/wp\/v2\/product_tag?post=4602"}],"curies":[{"name":"wp","href":"https:\/\/api.w.org\/{rel}","templated":true}]}}