{"id":4596,"date":"2025-11-25T08:25:45","date_gmt":"2025-11-25T08:25:45","guid":{"rendered":"https:\/\/vapestornado.com\/?post_type=product&#038;p=4596"},"modified":"2025-11-25T08:36:27","modified_gmt":"2025-11-25T08:36:27","slug":"airmez-fox-120000-puffs-4-flavour-big-puff-disposable-vape-pen-shop-eu-warehouse","status":"publish","type":"product","link":"https:\/\/vapestornado.com\/lt\/product\/airmez-fox-120000-puffs-4-flavour-big-puff-disposable-vape-pen-shop-eu-warehouse\/","title":{"rendered":"AIRMEZ FOX 120000 \u012ekv\u0117pim\u0173 4 Skoni\u0173 Didelis P\u016bsl\u0117s Vienkartinis Vape Pie\u0161tukas Parduotuv\u0117 ES Sand\u0117lis"},"content":{"rendered":"<h2 data-pm-slice=\"1 1 []\">AIRMEZ FOX 120000 \u2013 4 Skoni\u0173 Didelis P\u016bsl\u0117s Vienkartinis Vape Pie\u0161tukas ES Sand\u0117lio Atsargomis<\/h2>\n<p data-start=\"610\" data-end=\"1164\">\u0160is <strong data-start=\"614\" data-end=\"635\">AIRMEZ FOX 120000<\/strong> sukurtas didmeniniams pirk\u0117jams, kurie reikia ilgaam\u017eio, stabiliai veikian\u010dio \u012frenginio <strong data-start=\"712\" data-end=\"740\">Didelis P\u016bsl\u0117s Vienkartinis Vape<\/strong> su tikru vartotojo patrauklumu. Kiekvienas \u012frenginys integruoja <strong data-start=\"787\" data-end=\"818\">keturis nepriklausomus 15 ml bakelius<\/strong> su bendru <strong data-start=\"832\" data-end=\"849\">60 ml talpa<\/strong>, suteikian\u010dio <strong data-start=\"868\" data-end=\"885\">120 000 \u012fkv\u0117pim\u0173<\/strong>\u2014 ai\u0161ki nauda parduotuv\u0117ms, orientuotoms \u012f intensyvaus naudojimo klientus arba perpardav\u0117jams, ie\u0161kantiems stipri\u0173 pakartotini\u0173 u\u017esakym\u0173. Vir\u0161utinio dangtelio pak\u0117limo ir sukimo sistema leid\u017eia vartotojams i\u0161kart keisti skonius, tod\u0117l tai yra viena i\u0161 prakti\u0161kiausi\u0173 <strong data-start=\"1106\" data-end=\"1133\">reguliuojam\u0173 skoni\u0173 vape<\/strong> auk\u0161to talpumo kategorijoje.<\/p>\n<p data-start=\"1166\" data-end=\"1684\">Maitinamas <strong data-start=\"1179\" data-end=\"1210\">650mAh \u012fkraunama baterija<\/strong> su Type-C greitu \u012fkrovimu, <strong data-start=\"1242\" data-end=\"1261\">AIRMEZ FOX 120k<\/strong> i\u0161laiko nuosekl\u0173 i\u0161\u0117jim\u0105 ilg\u0173 sesij\u0173 metu. Jo <strong data-start=\"1316\" data-end=\"1335\">1.0\u03a9 tinklelio rit\u0117s<\/strong> pateikia \u0161var\u0173 skon\u012f visuose keturiuose bakeliuose, tuo pa\u010diu metu <strong data-start=\"1391\" data-end=\"1411\">LCD i\u0161manusis ekranas<\/strong> teikia vartotojams greit\u0105 vaizd\u0105 apie baterijos ir skonio pasirinkim\u0105\u2014 svarbus detal\u0117, didinanti vartotojo pasitik\u0117jim\u0105 ir ma\u017einanti po pardavimo klausimus. Europos pirk\u0117jams, galimyb\u0117 <strong data-start=\"1584\" data-end=\"1605\">Pirk EU Sand\u0117l\u012f<\/strong> u\u017etikrina trumpesnius pristatymo mar\u0161rutus, stabil\u0173 atsarg\u0173 kiek\u012f ir sklandesn\u012f verslo planavim\u0105.<\/p>\n<p data-start=\"1686\" data-end=\"2063\">AIRMEZ FOX 120000 yra sukurtas parduotuv\u0117ms, kurios nori auk\u0161tos vert\u0117s \u012frenginio su stipriu skonio na\u0161umu, ma\u017eomis prie\u017ei\u016bros i\u0161laidomis ir strukt\u016bra, kuri gerai parduoda tiek internetu, tiek vietin\u0117se parduotuv\u0117se. Didmenin\u0117 pakuot\u0117 (10 vnt. d\u0117\u017eut\u0117je \/ 100 vnt. d\u0117\u017e\u0117je) yra efektyvus pasirinkimas platintojams, norintiems \u0161var\u0173, vienod\u0105 SKU, kuris greitai juda dabartin\u0117je Europos vienkartini\u0173 vape rinkoje.<\/p>\n<p data-start=\"666\" data-end=\"1235\"><strong style=\"font-size: 16px;\"><span style=\"color: #ff0000;\">Prid\u0117kite Amy WhatsApp, kad gautum\u0117te tinkam\u0105 atsakym\u0105 ir nuolaid\u0105!<\/span><\/strong><\/p>\n<p><img fetchpriority=\"high\" decoding=\"async\" class=\"size-full wp-image-2932\" src=\"https:\/\/vapestornado.com\/wp-content\/uploads\/2024\/12\/Vape-Wholesale.jpg\" alt=\"Garintuvai Didmenin\u0117 prekyba\" width=\"229\" height=\"300\" \/><\/p>\n<h3><a href=\"https:\/\/wa.me\/8617776015835\" target=\"_blank\" rel=\"noopener\"><span style=\"color: #ff0000;\"><strong>WhatsApp: +86 17776015835<\/strong><\/span><\/a><\/h3>\n<p>&nbsp;<\/p>\n<h2><strong>Kas i\u0161skiria AIRMEZ FOX 120000 d\u016bm\u0173 vienkartin\u012f vape ra\u0161ikl\u012f?<\/strong><\/h2>\n<ul>\n<li data-start=\"2855\" data-end=\"2918\">\n<p data-start=\"2857\" data-end=\"2918\"><strong data-start=\"2857\" data-end=\"2893\">4-in-1 reguliuojama skonio sistema<\/strong> greitam perjungimui.<\/p>\n<\/li>\n<li data-start=\"2919\" data-end=\"2981\">\n<p data-start=\"2921\" data-end=\"2981\"><strong data-start=\"2921\" data-end=\"2944\">60 ml bendras talpa<\/strong> (15 ml \u00d7 4 bakeliai) ilgesniam naudojimui.<\/p>\n<\/li>\n<li data-start=\"2982\" data-end=\"3040\">\n<p data-start=\"2984\" data-end=\"3040\"><strong data-start=\"2984\" data-end=\"3005\">Tinklelio rit\u0117s \u0161ildymas<\/strong> u\u017etikrinti stabil\u0173, turting\u0105 skonio i\u0161\u0117jim\u0105.<\/p>\n<\/li>\n<li data-start=\"3041\" data-end=\"3094\">\n<p data-start=\"3043\" data-end=\"3094\"><strong data-start=\"3043\" data-end=\"3066\">650mAh \u012fkraunamas<\/strong> baterija su Type-C jungtimi.<\/p>\n<\/li>\n<li data-start=\"3095\" data-end=\"3150\">\n<p data-start=\"3097\" data-end=\"3150\"><strong data-start=\"3097\" data-end=\"3112\">LCD ekranas<\/strong> rodo baterijos ir aktyvaus skonio b\u016bsen\u0105.<\/p>\n<\/li>\n<li data-start=\"3151\" data-end=\"3214\">\n<p data-start=\"3153\" data-end=\"3214\"><strong data-start=\"3153\" data-end=\"3182\">Didmeninei prekybai paruo\u0161ta pakuot\u0117<\/strong>, ideali didmeninei distribucijai.<\/p>\n<\/li>\n<li data-start=\"3215\" data-end=\"3294\">\n<p data-start=\"3217\" data-end=\"3294\"><strong data-start=\"3217\" data-end=\"3247\">EU Sand\u0117lis Greitas Pristatymas<\/strong> su 3\u20137 dien\u0173 atvykimu ir be papildom\u0173 mokes\u010di\u0173.<\/p>\n<\/li>\n<\/ul>\n<figure id=\"attachment_4590\" aria-describedby=\"caption-attachment-4590\" style=\"width: 800px\" class=\"wp-caption alignnone\"><img decoding=\"async\" class=\"wp-image-4590 size-full\" src=\"https:\/\/vapestornado.com\/wp-content\/uploads\/2025\/11\/Airmez-FOX-4-IN-1-120000-Puff-Bar-EU-Warehouse.webp\" alt=\"Airmez FOX 4 IN 1 120000 D\u016bm\u0173 Baras EU Sand\u0117lis\" width=\"800\" height=\"800\" srcset=\"https:\/\/vapestornado.com\/wp-content\/uploads\/2025\/11\/Airmez-FOX-4-IN-1-120000-Puff-Bar-EU-Warehouse.webp 800w, https:\/\/vapestornado.com\/wp-content\/uploads\/2025\/11\/Airmez-FOX-4-IN-1-120000-Puff-Bar-EU-Warehouse-300x300.webp 300w, https:\/\/vapestornado.com\/wp-content\/uploads\/2025\/11\/Airmez-FOX-4-IN-1-120000-Puff-Bar-EU-Warehouse-150x150.webp 150w, https:\/\/vapestornado.com\/wp-content\/uploads\/2025\/11\/Airmez-FOX-4-IN-1-120000-Puff-Bar-EU-Warehouse-768x768.webp 768w, https:\/\/vapestornado.com\/wp-content\/uploads\/2025\/11\/Airmez-FOX-4-IN-1-120000-Puff-Bar-EU-Warehouse-12x12.webp 12w, https:\/\/vapestornado.com\/wp-content\/uploads\/2025\/11\/Airmez-FOX-4-IN-1-120000-Puff-Bar-EU-Warehouse-600x600.webp 600w, https:\/\/vapestornado.com\/wp-content\/uploads\/2025\/11\/Airmez-FOX-4-IN-1-120000-Puff-Bar-EU-Warehouse-100x100.webp 100w\" sizes=\"(max-width: 800px) 100vw, 800px\" \/><figcaption id=\"caption-attachment-4590\" class=\"wp-caption-text\">Airmez FOX 4 IN 1 120000 D\u016bm\u0173 Baras EU Sand\u0117lis<\/figcaption><\/figure>\n<div class=\"mceTemp\"><\/div>\n<h2><strong>AIRMEZ FOX 120000 D\u016bm\u0173 Vienkartini\u0173 Vape Skoni\u0173 S\u0105ra\u0161as<\/strong><\/h2>\n<ol data-start=\"2106\" data-end=\"2809\">\n<li data-start=\"2106\" data-end=\"2191\">\n<p data-start=\"2109\" data-end=\"2191\">Bra\u0161k\u0117 Rabarbaras \/ Bra\u0161k\u0117 Kivi \/ Bra\u0161k\u0117 Ledas \/ Persikas Mango Arb\u016bzas<\/p>\n<\/li>\n<li data-start=\"2192\" data-end=\"2280\">\n<p data-start=\"2195\" data-end=\"2280\">Arb\u016bzo Ledas \/ Bra\u0161k\u0117 Arb\u016bzas \/ Rabarbaras Arb\u016bzas \/ M\u0117lyni\u0173 Rabarbaras<\/p>\n<\/li>\n<li data-start=\"2281\" data-end=\"2345\">\n<p data-start=\"2284\" data-end=\"2345\">Ro\u017ein\u0117 Lemona \/ Aistros Bu\u010dinys \/ Mi\u0161rios Uogos \/ Trij\u0173 Uog\u0173<\/p>\n<\/li>\n<li data-start=\"2346\" data-end=\"2396\">\n<p data-start=\"2349\" data-end=\"2396\">Vy\u0161nios \/ Meil\u0117 66 \/ Uog\u0173 Lemona \/ Vynuogi\u0173 Ledas<\/p>\n<\/li>\n<li data-start=\"2397\" data-end=\"2465\">\n<p data-start=\"2400\" data-end=\"2465\">Mango Persikas \/ Tropin\u0117 Vaisiai \/ Persiko Ledas \/ R\u016bg\u0161tus Mango Ananasas<\/p>\n<\/li>\n<li data-start=\"2466\" data-end=\"2528\">\n<p data-start=\"2469\" data-end=\"2528\">Vynuogi\u0173 Ledas \/ Meil\u0117 66 \/ M\u0117lyni\u0173 Ledas \/ Drakono Vaisi\u0173 Ledas<\/p>\n<\/li>\n<li data-start=\"2529\" data-end=\"2596\">\n<p data-start=\"2532\" data-end=\"2596\">Meil\u0117 66 \/ Vy\u0161nios \/ M\u0117lyni\u0173 Ledas \/ Kivi Aistra Vaisiai Guava<\/p>\n<\/li>\n<li data-start=\"2597\" data-end=\"2654\">\n<p data-start=\"2600\" data-end=\"2654\">Persiko Ledas \/ Ro\u017ein\u0117 Lemona \/ Arb\u016bzo Ledas \/ Daktaras Blue<\/p>\n<\/li>\n<li data-start=\"2655\" data-end=\"2720\">\n<p data-start=\"2658\" data-end=\"2720\">Raudonas Mojitas \/ Meil\u0117 66 \/ Mi\u0161rios Uogos \/ Bra\u0161k\u0117 Arb\u016bzas<\/p>\n<\/li>\n<li data-start=\"2721\" data-end=\"2809\">\n<p data-start=\"2725\" data-end=\"2809\">Persiko Mango Arb\u016bzas \/ M\u0117lyni\u0173 Vy\u0161nios \/ Arb\u016bzo Drakono Vaisiai \/ Aistros Bu\u010dinys<\/p>\n<\/li>\n<\/ol>\n<h2>Kod\u0117l verta pasirinkti Vapestornado perkant vienkartinius vape internetu?<\/h2>\n<div class=\"flex-shrink-0 flex flex-col relative items-end\">\n<div class=\"pt-0\">\n<div class=\"gizmo-bot-avatar flex h-8 w-8 items-center justify-center overflow-hidden rounded-full\">\n<div class=\"relative p-1 rounded-sm flex items-center justify-center bg-token-main-surface-primary text-token-text-primary h-8 w-8\">\n<p data-start=\"648\" data-end=\"799\">Rinktis <strong data-start=\"189\" data-end=\"205\">Vapestornado<\/strong> kaip j\u016bs\u0173 tiek\u0117jas d\u0117l <strong data-start=\"227\" data-end=\"261\">Elf Bar Moon Night 40000 R\u016bkan\u010di\u0173<\/strong> rei\u0161kia u\u017etikrinti partner\u012f, kuris supranta ES pagr\u012fst\u0173 didmeninink\u0173 ir ma\u017emeninink\u0173 poreikius. Mes sutelkiame d\u0117mes\u012f \u012f greit\u0105 pristatym\u0105, patvirtint\u0105 atsarg\u0105 ir stabil\u0173 ilgalaik\u012f tiekim\u0105 \u2013 pagrindinius veiksnius verslui, parduodan\u010diam didel\u012f kiek\u012f produkt\u0173, toki\u0173 kaip <strong data-start=\"489\" data-end=\"515\">Elf Bar Moon Night 40K<\/strong>. Kiekviena partija yra tiesiogiai gaunama i\u0161 sertifikuot\u0173 kanal\u0173, u\u017etikrinant autenti\u0161kus produktus, stipri\u0105 skonio nuoseklum\u0105 ir patikim\u0105 kokyb\u0119, atitinkan\u010di\u0105 ES pirk\u0117j\u0173 l\u016bkes\u010dius.<\/p>\n<p data-start=\"559\" data-end=\"933\" data-is-last-node=\"\" data-is-only-node=\"\">Mes taip pat turime kelet\u0105 kit\u0173 populiari\u0173 vienkartini\u0173 vape su ekranu, pvz. <a href=\"https:\/\/vapestornado.com\/lt\/product\/hifancy-dream-45k-45000-puffs-disposable-vape-kit-fast-shipping-from-eu-warehouse\/\">Hifancy Dream 45k vape<\/a>, <a href=\"https:\/\/vapestornado.com\/lt\/product\/elf-bar-moon-night-40000-puffs-disposable-vape-germany-wholesale\/\">ELF BAR M\u0117nulio Naktis 40000 Vape<\/a>, <a href=\"https:\/\/vapestornado.com\/lt\/product\/uor-120000-puff-120k-4-flavors-rechargeable-disposable-vape-shop-online\/\">UOR 120000 PUFF 4 in 1<\/a>, ir daugiau.<\/p>\n<p data-start=\"559\" data-end=\"933\" data-is-last-node=\"\" data-is-only-node=\"\">\n<\/div>\n<h2>DUK apie AIRMEZ FOX 120000 Puffs<\/h2>\n<div class=\"relative p-1 rounded-sm flex items-center justify-center bg-token-main-surface-primary text-token-text-primary h-8 w-8\">\n<p data-start=\"3330\" data-end=\"3457\"><strong data-start=\"3330\" data-end=\"3387\">1. Kaip keisti skonius AIRMEZ FOX 120000?<\/strong><br data-start=\"3387\" data-end=\"3390\" \/>Pakelkite ir pasukite vir\u0161utin\u012f la\u0161intuv\u0105, kad pakeistum\u0117te \u012f kit\u0105 skonio bakel\u012f.<\/p>\n<p data-start=\"3459\" data-end=\"3562\"><strong data-start=\"3459\" data-end=\"3502\">2. Ar AIRMEZ FOX 120k \u012fkraunamas?<\/strong><br data-start=\"3502\" data-end=\"3505\" \/>Taip, jis naudoja Type-C jungt\u012f ir 650mAh vidin\u0119 baterij\u0105.<\/p>\n<p data-start=\"3564\" data-end=\"3691\"><strong data-start=\"3564\" data-end=\"3612\">3. Kiek \u012fkvepim\u0173 suteikia kiekvienas skonis?<\/strong><br data-start=\"3612\" data-end=\"3615\" \/>Kiekvienas bakelis suteikia apie 30 000 \u012fkv\u0117pim\u0173, i\u0161 viso apie 120 000.<\/p>\n<p data-start=\"3693\" data-end=\"3813\"><strong data-start=\"3693\" data-end=\"3743\">4. Ar i\u0161manusis ekranas rodo e-skys\u010dio lygius?<\/strong><br data-start=\"3743\" data-end=\"3746\" \/>Taip, LCD ekranas rodo baterijos b\u016bsen\u0105 ir aktyv\u0173 skon\u012f.<\/p>\n<p data-start=\"3815\" data-end=\"3944\"><strong data-start=\"3815\" data-end=\"3866\">5. Ar galiu u\u017esakyti AIRMEZ FOX 120000 i\u0161 ES sand\u0117lio?<\/strong><br data-start=\"3866\" data-end=\"3869\" \/>Taip, m\u016bs\u0173 <strong data-start=\"3878\" data-end=\"3899\">Pirk EU Sand\u0117l\u012f<\/strong> aptarnavimas pristato per 3\u20137 dienas visoje Europoje.<\/p>\n<\/div>\n<\/div>\n<\/div>\n<\/div>","protected":false},"excerpt":{"rendered":"<article class=\"text-token-text-primary w-full focus:outline-none [--shadow-height:45px] has-data-writing-block:pointer-events-none has-data-writing-block:-mt-(--shadow-height) has-data-writing-block:pt-(--shadow-height) [&amp;:has([data-writing-block])&gt;*]:pointer-events-auto [content-visibility:auto] supports-[content-visibility:auto]:[contain-intrinsic-size:auto_100lvh] scroll-mt-[calc(var(--header-height)+min(200px,max(70px,20svh)))]\" dir=\"auto\" tabindex=\"-1\" data-turn-id=\"86ca9d92-7a10-4e6b-bda0-15f9df36adca\" data-testid=\"conversation-turn-120\" data-scroll-anchor=\"true\" data-turn=\"assistant\">\n<div class=\"text-base my-auto mx-auto pb-10 [--thread-content-margin:--spacing(4)] thread-sm:[--thread-content-margin:--spacing(6)] thread-lg:[--thread-content-margin:--spacing(16)] px-(--thread-content-margin)\">\n<div class=\"[--thread-content-max-width:40rem] thread-lg:[--thread-content-max-width:48rem] mx-auto max-w-(--thread-content-max-width) flex-1 group\/turn-messages focus-visible:outline-hidden relative flex w-full min-w-0 flex-col agent-turn\" tabindex=\"-1\">\n<div class=\"flex max-w-full flex-col grow\">\n<div class=\"min-h-8 text-message relative flex w-full flex-col items-end gap-2 text-start break-words whitespace-normal [.text-message+&amp;]:mt-1\" dir=\"auto\" data-message-author-role=\"assistant\" data-message-id=\"43b070d6-bf28-4fbe-8049-1032a61ea3ac\" data-message-model-slug=\"gpt-5\">\n<div class=\"flex w-full flex-col gap-1 empty:hidden first:pt-[1px]\">\n<div class=\"markdown prose dark:prose-invert w-full break-words light markdown-new-styling\">\n<article class=\"text-token-text-primary w-full focus:outline-none [--shadow-height:45px] has-data-writing-block:pointer-events-none has-data-writing-block:-mt-(--shadow-height) has-data-writing-block:pt-(--shadow-height) [&amp;:has([data-writing-block])&gt;*]:pointer-events-auto [content-visibility:auto] supports-[content-visibility:auto]:[contain-intrinsic-size:auto_100lvh] scroll-mt-[calc(var(--header-height)+min(200px,max(70px,20svh)))]\" dir=\"auto\" tabindex=\"-1\" data-turn-id=\"4d6f00b8-d41a-438b-8912-05a895842882\" data-testid=\"conversation-turn-130\" data-scroll-anchor=\"true\" data-turn=\"assistant\">\n<div class=\"text-base my-auto mx-auto pb-10 [--thread-content-margin:--spacing(4)] thread-sm:[--thread-content-margin:--spacing(6)] thread-lg:[--thread-content-margin:--spacing(16)] px-(--thread-content-margin)\">\n<div class=\"[--thread-content-max-width:40rem] thread-lg:[--thread-content-max-width:48rem] mx-auto max-w-(--thread-content-max-width) flex-1 group\/turn-messages focus-visible:outline-hidden relative flex w-full min-w-0 flex-col agent-turn\" tabindex=\"-1\">\n<div class=\"flex max-w-full flex-col grow\">\n<div class=\"min-h-8 text-message relative flex w-full flex-col items-end gap-2 text-start break-words whitespace-normal [.text-message+&amp;]:mt-1\" dir=\"auto\" data-message-author-role=\"assistant\" data-message-id=\"f3c520bf-c043-4392-87ea-b3bf1b3ae6d3\" data-message-model-slug=\"gpt-5-1\">\n<div class=\"flex w-full flex-col gap-1 empty:hidden first:pt-[1px]\">\n<div class=\"markdown prose dark:prose-invert w-full break-words light markdown-new-styling\">\n<p>AIRMEZ FOX 120000 Didelis P\u016bsl\u0117s Vienkartinis Vape \u2013 4 Skoni\u0173 120 t\u016bkst. \u012erenginys su ES Sand\u0117lio Atsargomis<\/p>\n<p>AIRMEZ FOX 120k Reguliuojamas Skoni\u0173 Vape \u2013 Didmenin\u0117s U\u017esakym\u0173 Paruo\u0161tos i\u0161 ES Sand\u0117lio<\/p>\n<p>AIRMEZ FOX 120000 \u012ekv\u0117pim\u0173 4-in-1 Vienkartinis Pie\u0161tukas \u2013 Ilgaam\u017eis 120k Vape didmeniniams pirk\u0117jams<\/p>\n<\/div>\n<\/div>\n<\/div>\n<\/div>\n<\/div>\n<\/div>\n<\/article>\n<\/div>\n<\/div>\n<\/div>\n<\/div>\n<\/div>\n<\/div>\n<\/article>\n<p><img fetchpriority=\"high\" decoding=\"async\" class=\"size-full wp-image-2932\" src=\"https:\/\/vapestornado.com\/wp-content\/uploads\/2024\/12\/Vape-Wholesale.jpg\" alt=\"Garintuvai Didmenin\u0117 prekyba\" width=\"229\" height=\"300\" \/><\/p>\n<h3><a href=\"https:\/\/wa.me\/8617776015835\"><span style=\"color: #ff0000;\"><strong>WhatsApp: +86 17776015835<\/strong><\/span><\/a><\/h3>\n<p>&nbsp;<\/p>","protected":false},"featured_media":4595,"comment_status":"open","ping_status":"closed","template":"","meta":{"_acf_changed":false,"_uag_custom_page_level_css":"","_lmt_disableupdate":"no","_lmt_disable":"","_monsterinsights_skip_tracking":false,"_monsterinsights_sitenote_active":false,"_monsterinsights_sitenote_note":"","_monsterinsights_sitenote_category":0,"site-sidebar-layout":"default","site-content-layout":"","ast-site-content-layout":"default","site-content-style":"default","site-sidebar-style":"default","ast-global-header-display":"","ast-banner-title-visibility":"","ast-main-header-display":"","ast-hfb-above-header-display":"","ast-hfb-below-header-display":"","ast-hfb-mobile-header-display":"","site-post-title":"","ast-breadcrumbs-content":"","ast-featured-img":"","footer-sml-layout":"","ast-disable-related-posts":"","theme-transparent-header-meta":"default","adv-header-id-meta":"","stick-header-meta":"","header-above-stick-meta":"","header-main-stick-meta":"","header-below-stick-meta":"","astra-migrate-meta-layouts":"set","ast-page-background-enabled":"default","ast-page-background-meta":{"desktop":{"background-color":"","background-image":"","background-repeat":"repeat","background-position":"center center","background-size":"auto","background-attachment":"scroll","background-type":"","background-media":"","overlay-type":"","overlay-color":"","overlay-opacity":"","overlay-gradient":""},"tablet":{"background-color":"","background-image":"","background-repeat":"repeat","background-position":"center center","background-size":"auto","background-attachment":"scroll","background-type":"","background-media":"","overlay-type":"","overlay-color":"","overlay-opacity":"","overlay-gradient":""},"mobile":{"background-color":"","background-image":"","background-repeat":"repeat","background-position":"center center","background-size":"auto","background-attachment":"scroll","background-type":"","background-media":"","overlay-type":"","overlay-color":"","overlay-opacity":"","overlay-gradient":""}},"ast-content-background-meta":{"desktop":{"background-color":"var(--ast-global-color-5)","background-image":"","background-repeat":"repeat","background-position":"center center","background-size":"auto","background-attachment":"scroll","background-type":"","background-media":"","overlay-type":"","overlay-color":"","overlay-opacity":"","overlay-gradient":""},"tablet":{"background-color":"var(--ast-global-color-5)","background-image":"","background-repeat":"repeat","background-position":"center center","background-size":"auto","background-attachment":"scroll","background-type":"","background-media":"","overlay-type":"","overlay-color":"","overlay-opacity":"","overlay-gradient":""},"mobile":{"background-color":"var(--ast-global-color-5)","background-image":"","background-repeat":"repeat","background-position":"center center","background-size":"auto","background-attachment":"scroll","background-type":"","background-media":"","overlay-type":"","overlay-color":"","overlay-opacity":"","overlay-gradient":""}},"_joinchat":{"telephone":"17776015835"}},"product_brand":[],"product_cat":[347,149,150,151,157,146],"product_tag":[449,452,105,446,436,450,451],"class_list":{"0":"post-4596","1":"product","2":"type-product","3":"status-publish","4":"has-post-thumbnail","6":"product_cat-120000-puff","7":"product_cat-buy-disposable-vapes-in-austria","8":"product_cat-buy-disposable-vapes-in-belgium","9":"product_cat-buy-disposable-vapes-in-france","10":"product_cat-buy-disposable-vapes-in-portugal","11":"product_cat-rechargeable-disposable-vapes","12":"product_tag-airmez-fox-120000","13":"product_tag-airmez-fox-120k","14":"product_tag-digital-disposable-vape","15":"product_tag-disposable-vape-kit","16":"product_tag-shop-vape-online","17":"product_tag-vape-fast-shipping","18":"product_tag-vape-free-shipping","19":"desktop-align-left","20":"tablet-align-left","21":"mobile-align-left","23":"first","24":"instock","25":"sale","26":"shipping-taxable","27":"purchasable","28":"product-type-simple"},"acf":[],"uagb_featured_image_src":{"full":["https:\/\/vapestornado.com\/wp-content\/uploads\/2025\/11\/Airmez-Fox-Disposable-Vape-120k-Puffs-4-in-1-Vape.webp",800,800,false],"thumbnail":["https:\/\/vapestornado.com\/wp-content\/uploads\/2025\/11\/Airmez-Fox-Disposable-Vape-120k-Puffs-4-in-1-Vape-150x150.webp",150,150,true],"medium":["https:\/\/vapestornado.com\/wp-content\/uploads\/2025\/11\/Airmez-Fox-Disposable-Vape-120k-Puffs-4-in-1-Vape-300x300.webp",300,300,true],"medium_large":["https:\/\/vapestornado.com\/wp-content\/uploads\/2025\/11\/Airmez-Fox-Disposable-Vape-120k-Puffs-4-in-1-Vape-768x768.webp",768,768,true],"large":["https:\/\/vapestornado.com\/wp-content\/uploads\/2025\/11\/Airmez-Fox-Disposable-Vape-120k-Puffs-4-in-1-Vape.webp",800,800,false],"1536x1536":["https:\/\/vapestornado.com\/wp-content\/uploads\/2025\/11\/Airmez-Fox-Disposable-Vape-120k-Puffs-4-in-1-Vape.webp",800,800,false],"2048x2048":["https:\/\/vapestornado.com\/wp-content\/uploads\/2025\/11\/Airmez-Fox-Disposable-Vape-120k-Puffs-4-in-1-Vape.webp",800,800,false],"trp-custom-language-flag":["https:\/\/vapestornado.com\/wp-content\/uploads\/2025\/11\/Airmez-Fox-Disposable-Vape-120k-Puffs-4-in-1-Vape-12x12.webp",12,12,true],"woocommerce_thumbnail":["https:\/\/vapestornado.com\/wp-content\/uploads\/2025\/11\/Airmez-Fox-Disposable-Vape-120k-Puffs-4-in-1-Vape-300x300.webp",300,300,true],"woocommerce_single":["https:\/\/vapestornado.com\/wp-content\/uploads\/2025\/11\/Airmez-Fox-Disposable-Vape-120k-Puffs-4-in-1-Vape-600x600.webp",600,600,true],"woocommerce_gallery_thumbnail":["https:\/\/vapestornado.com\/wp-content\/uploads\/2025\/11\/Airmez-Fox-Disposable-Vape-120k-Puffs-4-in-1-Vape-100x100.webp",100,100,true]},"uagb_author_info":{"display_name":"ESAMY","author_link":"https:\/\/vapestornado.com\/lt\/author\/"},"uagb_comment_info":0,"uagb_excerpt":"AIRMEZ FOX 120000 Big Puff Disposable Vape \u2013 4-Flavour 120k Device with EU Warehouse Stock AIRMEZ FOX 120k Adjustable Flavor Vape \u2013 Bulk Orders Ready from EU Warehouse AIRMEZ FOX 120000 Puffs 4-in-1 Disposable Pen \u2013 Long-Life 120k Vape for Wholesale Buyers WhatsApp: +86 17776015835 &nbsp;","_links":{"self":[{"href":"https:\/\/vapestornado.com\/lt\/wp-json\/wp\/v2\/product\/4596","targetHints":{"allow":["GET"]}}],"collection":[{"href":"https:\/\/vapestornado.com\/lt\/wp-json\/wp\/v2\/product"}],"about":[{"href":"https:\/\/vapestornado.com\/lt\/wp-json\/wp\/v2\/types\/product"}],"replies":[{"embeddable":true,"href":"https:\/\/vapestornado.com\/lt\/wp-json\/wp\/v2\/comments?post=4596"}],"wp:featuredmedia":[{"embeddable":true,"href":"https:\/\/vapestornado.com\/lt\/wp-json\/wp\/v2\/media\/4595"}],"wp:attachment":[{"href":"https:\/\/vapestornado.com\/lt\/wp-json\/wp\/v2\/media?parent=4596"}],"wp:term":[{"taxonomy":"product_brand","embeddable":true,"href":"https:\/\/vapestornado.com\/lt\/wp-json\/wp\/v2\/product_brand?post=4596"},{"taxonomy":"product_cat","embeddable":true,"href":"https:\/\/vapestornado.com\/lt\/wp-json\/wp\/v2\/product_cat?post=4596"},{"taxonomy":"product_tag","embeddable":true,"href":"https:\/\/vapestornado.com\/lt\/wp-json\/wp\/v2\/product_tag?post=4596"}],"curies":[{"name":"wp","href":"https:\/\/api.w.org\/{rel}","templated":true}]}}