{"id":4588,"date":"2025-11-24T09:07:52","date_gmt":"2025-11-24T09:07:52","guid":{"rendered":"https:\/\/vapestornado.com\/?post_type=product&#038;p=4588"},"modified":"2025-11-24T09:18:30","modified_gmt":"2025-11-24T09:18:30","slug":"hifancy-space-50000-puff-50k-disposable-screen-vape-bulk-buy-cheap-price-online","status":"publish","type":"product","link":"https:\/\/vapestornado.com\/lt\/product\/hifancy-space-50000-puff-50k-disposable-screen-vape-bulk-buy-cheap-price-online\/","title":{"rendered":"HIFANCY SPACE 50000 P\u016bsl\u0117s 50k Vienkartinis Ekrano Vape Didmenin\u0117 Pirkimas Pigiai Kaina Internete"},"content":{"rendered":"<h2 data-pm-slice=\"1 1 []\">HIFANCY SPACE 50000 P\u016bsl\u0117s Vienkartinis Ekrano Vape \u2013 Didmenin\u0117 ES Sand\u0117lis<\/h2>\n<p data-start=\"636\" data-end=\"1141\">\u0160is <strong data-start=\"640\" data-end=\"663\">HIFANCY SPACE 50000<\/strong> sukurtas pirk\u0117jams, kurie nori stabilaus t\u016brio, stipraus skonio i\u0161\u0117jimo ir greito papildymo per patikim\u0105 ES sand\u0117l\u012f. \u0160is \u012frenginys suteikia balans\u0105, kurio ie\u0161ko didmenininkai: kompakti\u0161kas korpusas, ai\u0161ki ekrano rodymo funkcija ir <strong data-start=\"891\" data-end=\"909\">50k p\u016bsl\u0117s klas\u0117s<\/strong> \u012fvertinimas, tinkantis nuolatiniam kasdieniam naudojimui. The <strong data-start=\"953\" data-end=\"992\">650mAh Type-C greito \u012fkrovimo baterija<\/strong>, sujungtas su <strong data-start=\"1008\" data-end=\"1028\">tinklelio rit\u0117s sistema<\/strong>, u\u017etikrina pakartotin\u012f veikim\u0105 su kiekvienu \u012fkv\u0117pimu, darant j\u012f patikimu pasirinkimu ma\u017emenin\u0117ms parduotuv\u0117ms ir platintojams.<\/p>\n<p data-start=\"1143\" data-end=\"1568\">Su <strong data-start=\"1150\" data-end=\"1173\">30mL pripildomas bakelis<\/strong> ir galimyb\u0117s <strong data-start=\"1189\" data-end=\"1225\">2%, 3% ir 5% nikotino stiprumuose<\/strong> (regiono priklausomai), HIFANCY SPACE 50k atitinka Europos vyr\u0173 25\u201335 segmento pageidavimus \u2014 nuoseklus, stiprus ir paprastas. The <strong data-start=\"1369\" data-end=\"1389\">ekranas<\/strong> padeda vartotojams steb\u0117ti gali\u0105 ir naudojim\u0105, suma\u017eina painiav\u0105 ir didina klient\u0173 pasitenkinim\u0105, ypa\u010d naujiems pirk\u0117jams, kurie pageidauja paprasto ir patvaraus Vienkartinio Vape Rinkinio.<\/p>\n<p data-start=\"1570\" data-end=\"1918\">Kadangi didmenin\u0117 vape vienkartini\u0173 pirkim\u0173 paklausa toliau auga, the <strong data-start=\"1629\" data-end=\"1652\">HIFANCY SPACE 50000<\/strong> pozicionuojasi kaip auk\u0161tos vert\u0117s produktas su konkurencingais kain\u0173 diapazonu ir stabilia tiekimo galimybe. Jei jau turite atsarg\u0173 <strong data-start=\"1776\" data-end=\"1797\">HiFancy Dream 45k<\/strong>, \u0161is naujas modelis puikiai tinka kaip stipresnis, 50 t\u016bkst. p\u016btim\u0173 patobulinimas klientams, kurie nori ilgesnio naudojimo ir i\u0161manesnio \u012frenginio.<\/p>\n<p data-start=\"666\" data-end=\"1235\"><strong style=\"font-size: 16px;\"><span style=\"color: #ff0000;\">Prid\u0117kite Amy WhatsApp, kad gautum\u0117te tinkam\u0105 atsakym\u0105 ir nuolaid\u0105!<\/span><\/strong><\/p>\n<p><img fetchpriority=\"high\" decoding=\"async\" class=\"size-full wp-image-2932\" src=\"https:\/\/vapestornado.com\/wp-content\/uploads\/2024\/12\/Vape-Wholesale.jpg\" alt=\"Garintuvai Didmenin\u0117 prekyba\" width=\"229\" height=\"300\" \/><\/p>\n<h3><a href=\"https:\/\/wa.me\/8617776015835\" target=\"_blank\" rel=\"noopener\"><span style=\"color: #ff0000;\"><strong>WhatsApp: +86 17776015835<\/strong><\/span><\/a><\/h3>\n<p>&nbsp;<\/p>\n<h2><strong>Kas i\u0161skiria HIFANCY SPACE 50000 P\u016bst\u0173 vienkartini\u0173 vape pie\u0161tuk\u0173?<\/strong><\/h2>\n<ul data-start=\"2287\" data-end=\"2712\">\n<li data-start=\"2287\" data-end=\"2351\">\n<p data-start=\"2289\" data-end=\"2351\"><strong data-start=\"2289\" data-end=\"2317\">50 000 p\u016btim\u0173 klas\u0117s i\u0161vestis<\/strong> sukurtas ilgalaikiam naudojimui.<\/p>\n<\/li>\n<li data-start=\"2352\" data-end=\"2426\">\n<p data-start=\"2354\" data-end=\"2426\"><strong data-start=\"2354\" data-end=\"2381\">30 mL i\u0161 anksto u\u017epildyto t\u016brio<\/strong>, neperpildomas, u\u017etikrinantis neskaidrum\u0105 ir nepraleid\u017eiant\u012f skys\u010dio veikim\u0105.<\/p>\n<\/li>\n<li data-start=\"2427\" data-end=\"2497\">\n<p data-start=\"2429\" data-end=\"2497\"><strong data-start=\"2429\" data-end=\"2447\">650mAh baterij\u0105<\/strong> su Type-C greitu \u012fkrovimu (apie 30 minu\u010di\u0173).<\/p>\n<\/li>\n<li data-start=\"2498\" data-end=\"2563\">\n<p data-start=\"2500\" data-end=\"2563\"><strong data-start=\"2500\" data-end=\"2521\">Tinklelio rit\u0117s \u0161ildymas<\/strong> vienodam skoniui ir \u0161velniam aerozolui.<\/p>\n<\/li>\n<li data-start=\"2564\" data-end=\"2633\">\n<p data-start=\"2566\" data-end=\"2633\"><strong data-start=\"2566\" data-end=\"2596\">Keli nikotino stiprumai<\/strong> atitinkantys ES regiono reikalavimus.<\/p>\n<\/li>\n<li data-start=\"2634\" data-end=\"2712\">\n<p data-start=\"2636\" data-end=\"2712\"><strong data-start=\"2636\" data-end=\"2666\">10 vnt. didmenin\u0117 pakuot\u0117<\/strong>, palaikoma <strong data-start=\"2681\" data-end=\"2711\">ES sand\u0117lis Greitas pristatymas<\/strong>.<\/p>\n<\/li>\n<\/ul>\n<figure id=\"attachment_4583\" aria-describedby=\"caption-attachment-4583\" style=\"width: 300px\" class=\"wp-caption alignnone\"><img decoding=\"async\" class=\"size-medium wp-image-4583\" src=\"https:\/\/vapestornado.com\/wp-content\/uploads\/2025\/11\/HIFANCY-50k-50000-Puff-Disposable-Vape-Pod-300x300.webp\" alt=\"HIFANCY 50k 50000 P\u016bst\u0173 vienkartini\u0173 vape pod\" width=\"300\" height=\"300\" srcset=\"https:\/\/vapestornado.com\/wp-content\/uploads\/2025\/11\/HIFANCY-50k-50000-Puff-Disposable-Vape-Pod-300x300.webp 300w, https:\/\/vapestornado.com\/wp-content\/uploads\/2025\/11\/HIFANCY-50k-50000-Puff-Disposable-Vape-Pod-150x150.webp 150w, https:\/\/vapestornado.com\/wp-content\/uploads\/2025\/11\/HIFANCY-50k-50000-Puff-Disposable-Vape-Pod-768x768.webp 768w, https:\/\/vapestornado.com\/wp-content\/uploads\/2025\/11\/HIFANCY-50k-50000-Puff-Disposable-Vape-Pod-12x12.webp 12w, https:\/\/vapestornado.com\/wp-content\/uploads\/2025\/11\/HIFANCY-50k-50000-Puff-Disposable-Vape-Pod-600x600.webp 600w, https:\/\/vapestornado.com\/wp-content\/uploads\/2025\/11\/HIFANCY-50k-50000-Puff-Disposable-Vape-Pod-100x100.webp 100w, https:\/\/vapestornado.com\/wp-content\/uploads\/2025\/11\/HIFANCY-50k-50000-Puff-Disposable-Vape-Pod.webp 800w\" sizes=\"(max-width: 300px) 100vw, 300px\" \/><figcaption id=\"caption-attachment-4583\" class=\"wp-caption-text\">HIFANCY 50k 50000 P\u016bst\u0173 vienkartini\u0173 vape pod<\/figcaption><\/figure>\n<h2><strong>HIFANCY SPACE 50000 P\u016bst\u0173 vienkartini\u0173 vape skoni\u0173 s\u0105ra\u0161as<\/strong><\/h2>\n<ol data-start=\"1965\" data-end=\"2239\">\n<li data-start=\"1965\" data-end=\"2017\">\n<p data-start=\"1968\" data-end=\"2017\">Lady Killa (M\u0117lyn\u0117s + Mango + Serbent\u0173 m\u0117tos)<\/p>\n<\/li>\n<li data-start=\"2018\" data-end=\"2034\">\n<p data-start=\"2021\" data-end=\"2034\">Mi\u0161rios uogos<\/p>\n<\/li>\n<li data-start=\"2035\" data-end=\"2060\">\n<p data-start=\"2038\" data-end=\"2060\">Avie\u010di\u0173 arb\u016bzas<\/p>\n<\/li>\n<li data-start=\"2061\" data-end=\"2081\">\n<p data-start=\"2064\" data-end=\"2081\">Bra\u0161ki\u0173 ir kivi\u0173<\/p>\n<\/li>\n<li data-start=\"2082\" data-end=\"2094\">\n<p data-start=\"2085\" data-end=\"2094\">Meil\u0117 66<\/p>\n<\/li>\n<li data-start=\"2095\" data-end=\"2121\">\n<p data-start=\"2098\" data-end=\"2121\">Persik\u0173, mang\u0173 ir ananas\u0173<\/p>\n<\/li>\n<li data-start=\"2122\" data-end=\"2172\">\n<p data-start=\"2125\" data-end=\"2172\">Meil\u0117 papl\u016bdimyje (Apelsinas + Persikas + Uog\u0173 romas)<\/p>\n<\/li>\n<li data-start=\"2173\" data-end=\"2202\">\n<p data-start=\"2176\" data-end=\"2202\">Kivi\u0173, pasiflor\u0173 ir gvajav\u0173<\/p>\n<\/li>\n<li data-start=\"2203\" data-end=\"2219\">\n<p data-start=\"2206\" data-end=\"2219\">Vynuogi\u0173 sprogimas<\/p>\n<\/li>\n<li data-start=\"2220\" data-end=\"2239\">\n<p data-start=\"2224\" data-end=\"2239\">M\u0117lyni\u0173 ledas<\/p>\n<\/li>\n<\/ol>\n<h2>Kod\u0117l verta pasirinkti Vapestornado perkant vienkartinius vape internetu?<\/h2>\n<div class=\"flex-shrink-0 flex flex-col relative items-end\">\n<div class=\"pt-0\">\n<div class=\"gizmo-bot-avatar flex h-8 w-8 items-center justify-center overflow-hidden rounded-full\">\n<div class=\"relative p-1 rounded-sm flex items-center justify-center bg-token-main-surface-primary text-token-text-primary h-8 w-8\">\n<p data-start=\"648\" data-end=\"799\">Rinktis <strong data-start=\"189\" data-end=\"205\">Vapestornado<\/strong> kaip j\u016bs\u0173 tiek\u0117jas d\u0117l <strong data-start=\"227\" data-end=\"261\">Elf Bar Moon Night 40000 R\u016bkan\u010di\u0173<\/strong> rei\u0161kia u\u017etikrinti partner\u012f, kuris supranta ES pagr\u012fst\u0173 didmeninink\u0173 ir ma\u017emeninink\u0173 poreikius. Mes sutelkiame d\u0117mes\u012f \u012f greit\u0105 pristatym\u0105, patvirtint\u0105 atsarg\u0105 ir stabil\u0173 ilgalaik\u012f tiekim\u0105 \u2013 pagrindinius veiksnius verslui, parduodan\u010diam didel\u012f kiek\u012f produkt\u0173, toki\u0173 kaip <strong data-start=\"489\" data-end=\"515\">Elf Bar Moon Night 40K<\/strong>. Kiekviena partija yra tiesiogiai gaunama i\u0161 sertifikuot\u0173 kanal\u0173, u\u017etikrinant autenti\u0161kus produktus, stipri\u0105 skonio nuoseklum\u0105 ir patikim\u0105 kokyb\u0119, atitinkan\u010di\u0105 ES pirk\u0117j\u0173 l\u016bkes\u010dius.<\/p>\n<p data-start=\"559\" data-end=\"933\" data-is-last-node=\"\" data-is-only-node=\"\">Mes taip pat turime kelet\u0105 kit\u0173 populiari\u0173 vienkartini\u0173 vape su ekranu, pvz. <a href=\"https:\/\/vapestornado.com\/lt\/product\/uzy-150k-puffs-6-in-1-flavor-switch-disposable-vape-pen-wholesale\/\">UZY 150K P\u016btelis skoni\u0173 keitimo vape<\/a>, <a href=\"https:\/\/vapestornado.com\/lt\/product\/vozol-rave-40k-40000-puffs-disposable-vape-smart-screen-5-nicotine\/\">VOZOL RAVE 40K Vienkartinis Vape<\/a>, <a href=\"https:\/\/vapestornado.com\/lt\/product\/waspe-150k-150000-puff-6-in-1-disposable-vape-pen-cartridge-best-wholesale-price-in-poland\/\">WASPE 150K P\u016bsl\u0117s 6-in-1<\/a>, ir daugiau.<\/p>\n<p data-start=\"559\" data-end=\"933\" data-is-last-node=\"\" data-is-only-node=\"\">\n<\/div>\n<h2>DUK apie HIFANCY SPACE 50000 Puf<\/h2>\n<div class=\"relative p-1 rounded-sm flex items-center justify-center bg-token-main-surface-primary text-token-text-primary h-8 w-8\">\n<p data-start=\"2756\" data-end=\"2893\"><strong data-start=\"2756\" data-end=\"2804\">1. Ar galite pasiimti vienkartinius vape su savimi l\u0117ktuve?<\/strong><br data-start=\"2804\" data-end=\"2807\" \/>Taip, ta\u010diau jie turi b\u016bti rankiniame baga\u017ee, o ne registruotame, ir taisykl\u0117s gali skirtis priklausomai nuo oro linij\u0173.<\/p>\n<p data-start=\"2895\" data-end=\"3074\"><strong data-start=\"2895\" data-end=\"2931\">2. Kaip veikia vienkartiniai vape?<\/strong><br data-start=\"2931\" data-end=\"2934\" \/>Vienkartinis vape naudoja i\u0161 anksto u\u017epildyt\u0105 bakel\u012f, baterij\u0105 ir tinklelio rit\u0117s sistem\u0105, kad pa\u0161ildyt\u0173 skyst\u012f ir sukurt\u0173 garus be prie\u017ei\u016bros.<\/p>\n<p data-start=\"3076\" data-end=\"3224\"><strong data-start=\"3076\" data-end=\"3139\">3. Kaip naudoti vienkartin\u012f vape, pavyzd\u017eiui, HIFANCY SPACE 50k?<\/strong><br data-start=\"3139\" data-end=\"3142\" \/>Papras\u010diausiai nuimkite pakuot\u0119 ir \u012fkv\u0117pkite; i\u0161manusis lustas automati\u0161kai \u012fjungia \u012frengin\u012f.<\/p>\n<p data-start=\"3226\" data-end=\"3398\"><strong data-start=\"3226\" data-end=\"3272\">4. Kur pirkti vienkartinius vape Ispanijoje?<\/strong><br data-start=\"3272\" data-end=\"3275\" \/>Dauguma pirk\u0117j\u0173 perka licencijuotuose vape parduotuv\u0117se arba didmenin\u0117s prekybos tiek\u0117j\u0173, si\u016blan\u010di\u0173 <strong data-start=\"3346\" data-end=\"3376\">ES sand\u0117lis Greitas pristatymas<\/strong> greitesn\u012f pristatym\u0105.<\/p>\n<p data-start=\"3400\" data-end=\"3578\"><strong data-start=\"3400\" data-end=\"3476\">5. Ar verta naudoti didel\u0117s talpos vienkartinius vape, kaip HIFANCY SPACE 50000?<\/strong><br data-start=\"3476\" data-end=\"3479\" \/>Vartotojams, siekiantiems ilgalaik\u0117s tarnavimo trukm\u0117s ir stabilios skonio i\u0161vesties, 50k \u012frenginys si\u016blo puiki\u0105 vert\u0119.<\/p>\n<\/div>\n<\/div>\n<\/div>\n<\/div>","protected":false},"excerpt":{"rendered":"<article class=\"text-token-text-primary w-full focus:outline-none [--shadow-height:45px] has-data-writing-block:pointer-events-none has-data-writing-block:-mt-(--shadow-height) has-data-writing-block:pt-(--shadow-height) [&amp;:has([data-writing-block])&gt;*]:pointer-events-auto [content-visibility:auto] supports-[content-visibility:auto]:[contain-intrinsic-size:auto_100lvh] scroll-mt-[calc(var(--header-height)+min(200px,max(70px,20svh)))]\" dir=\"auto\" tabindex=\"-1\" data-turn-id=\"86ca9d92-7a10-4e6b-bda0-15f9df36adca\" data-testid=\"conversation-turn-120\" data-scroll-anchor=\"true\" data-turn=\"assistant\">\n<div class=\"text-base my-auto mx-auto pb-10 [--thread-content-margin:--spacing(4)] thread-sm:[--thread-content-margin:--spacing(6)] thread-lg:[--thread-content-margin:--spacing(16)] px-(--thread-content-margin)\">\n<div class=\"[--thread-content-max-width:40rem] thread-lg:[--thread-content-max-width:48rem] mx-auto max-w-(--thread-content-max-width) flex-1 group\/turn-messages focus-visible:outline-hidden relative flex w-full min-w-0 flex-col agent-turn\" tabindex=\"-1\">\n<div class=\"flex max-w-full flex-col grow\">\n<div class=\"min-h-8 text-message relative flex w-full flex-col items-end gap-2 text-start break-words whitespace-normal [.text-message+&amp;]:mt-1\" dir=\"auto\" data-message-author-role=\"assistant\" data-message-id=\"43b070d6-bf28-4fbe-8049-1032a61ea3ac\" data-message-model-slug=\"gpt-5\">\n<div class=\"flex w-full flex-col gap-1 empty:hidden first:pt-[1px]\">\n<div class=\"markdown prose dark:prose-invert w-full break-words light markdown-new-styling\">\n<article class=\"text-token-text-primary w-full focus:outline-none [--shadow-height:45px] has-data-writing-block:pointer-events-none has-data-writing-block:-mt-(--shadow-height) has-data-writing-block:pt-(--shadow-height) [&amp;:has([data-writing-block])&gt;*]:pointer-events-auto [content-visibility:auto] supports-[content-visibility:auto]:[contain-intrinsic-size:auto_100lvh] scroll-mt-[calc(var(--header-height)+min(200px,max(70px,20svh)))]\" dir=\"auto\" tabindex=\"-1\" data-turn-id=\"4d6f00b8-d41a-438b-8912-05a895842882\" data-testid=\"conversation-turn-130\" data-scroll-anchor=\"true\" data-turn=\"assistant\">\n<div class=\"text-base my-auto mx-auto pb-10 [--thread-content-margin:--spacing(4)] thread-sm:[--thread-content-margin:--spacing(6)] thread-lg:[--thread-content-margin:--spacing(16)] px-(--thread-content-margin)\">\n<div class=\"[--thread-content-max-width:40rem] thread-lg:[--thread-content-max-width:48rem] mx-auto max-w-(--thread-content-max-width) flex-1 group\/turn-messages focus-visible:outline-hidden relative flex w-full min-w-0 flex-col agent-turn\" tabindex=\"-1\">\n<div class=\"flex max-w-full flex-col grow\">\n<div class=\"min-h-8 text-message relative flex w-full flex-col items-end gap-2 text-start break-words whitespace-normal [.text-message+&amp;]:mt-1\" dir=\"auto\" data-message-author-role=\"assistant\" data-message-id=\"f3c520bf-c043-4392-87ea-b3bf1b3ae6d3\" data-message-model-slug=\"gpt-5-1\">\n<div class=\"flex w-full flex-col gap-1 empty:hidden first:pt-[1px]\">\n<div class=\"markdown prose dark:prose-invert w-full break-words light markdown-new-styling\">\n<p data-start=\"280\" data-end=\"360\"><strong data-start=\"280\" data-end=\"358\">HIFANCY SPACE 50000 Ekrano Vape \u2013 50k Vienkartinis Rinkinys su ES Greitu Siuntimu<\/strong><\/p>\n<p data-start=\"364\" data-end=\"456\"><strong data-start=\"364\" data-end=\"454\">HIFANCY SPACE 50k Vienkartinis Vape Rinkinys Didmeniniams Pirk\u0117jams \u2013 Stiprus Skonis, \u017dema Kaina<\/strong><\/p>\n<p data-start=\"460\" data-end=\"550\"><strong data-start=\"460\" data-end=\"550\">Didmenin\u0117 HIFANCY SPACE 50000 P\u016bsl\u0117s \u2013 ES Sand\u0117lis Greitas Pristatymas, Pigi Didmenin\u0117<\/strong><\/p>\n<\/div>\n<\/div>\n<\/div>\n<\/div>\n<\/div>\n<\/div>\n<\/article>\n<div class=\"pointer-events-none h-px w-px\" aria-hidden=\"true\" data-edge=\"true\"><\/div>\n<\/div>\n<\/div>\n<\/div>\n<\/div>\n<\/div>\n<\/div>\n<\/article>\n<p><img fetchpriority=\"high\" decoding=\"async\" class=\"size-full wp-image-2932\" src=\"https:\/\/vapestornado.com\/wp-content\/uploads\/2024\/12\/Vape-Wholesale.jpg\" alt=\"Garintuvai Didmenin\u0117 prekyba\" width=\"229\" height=\"300\" \/><\/p>\n<h3><a href=\"https:\/\/wa.me\/8617776015835\"><span style=\"color: #ff0000;\"><strong>WhatsApp: +86 17776015835<\/strong><\/span><\/a><\/h3>\n<p>&nbsp;<\/p>","protected":false},"featured_media":4584,"comment_status":"open","ping_status":"closed","template":"","meta":{"_acf_changed":false,"_uag_custom_page_level_css":"","_lmt_disableupdate":"no","_lmt_disable":"","_monsterinsights_skip_tracking":false,"_monsterinsights_sitenote_active":false,"_monsterinsights_sitenote_note":"","_monsterinsights_sitenote_category":0,"site-sidebar-layout":"default","site-content-layout":"","ast-site-content-layout":"default","site-content-style":"default","site-sidebar-style":"default","ast-global-header-display":"","ast-banner-title-visibility":"","ast-main-header-display":"","ast-hfb-above-header-display":"","ast-hfb-below-header-display":"","ast-hfb-mobile-header-display":"","site-post-title":"","ast-breadcrumbs-content":"","ast-featured-img":"","footer-sml-layout":"","ast-disable-related-posts":"","theme-transparent-header-meta":"default","adv-header-id-meta":"","stick-header-meta":"","header-above-stick-meta":"","header-main-stick-meta":"","header-below-stick-meta":"","astra-migrate-meta-layouts":"set","ast-page-background-enabled":"default","ast-page-background-meta":{"desktop":{"background-color":"","background-image":"","background-repeat":"repeat","background-position":"center center","background-size":"auto","background-attachment":"scroll","background-type":"","background-media":"","overlay-type":"","overlay-color":"","overlay-opacity":"","overlay-gradient":""},"tablet":{"background-color":"","background-image":"","background-repeat":"repeat","background-position":"center center","background-size":"auto","background-attachment":"scroll","background-type":"","background-media":"","overlay-type":"","overlay-color":"","overlay-opacity":"","overlay-gradient":""},"mobile":{"background-color":"","background-image":"","background-repeat":"repeat","background-position":"center center","background-size":"auto","background-attachment":"scroll","background-type":"","background-media":"","overlay-type":"","overlay-color":"","overlay-opacity":"","overlay-gradient":""}},"ast-content-background-meta":{"desktop":{"background-color":"var(--ast-global-color-5)","background-image":"","background-repeat":"repeat","background-position":"center center","background-size":"auto","background-attachment":"scroll","background-type":"","background-media":"","overlay-type":"","overlay-color":"","overlay-opacity":"","overlay-gradient":""},"tablet":{"background-color":"var(--ast-global-color-5)","background-image":"","background-repeat":"repeat","background-position":"center center","background-size":"auto","background-attachment":"scroll","background-type":"","background-media":"","overlay-type":"","overlay-color":"","overlay-opacity":"","overlay-gradient":""},"mobile":{"background-color":"var(--ast-global-color-5)","background-image":"","background-repeat":"repeat","background-position":"center center","background-size":"auto","background-attachment":"scroll","background-type":"","background-media":"","overlay-type":"","overlay-color":"","overlay-opacity":"","overlay-gradient":""}},"_joinchat":{"telephone":"17776015835"}},"product_brand":[],"product_cat":[192,149,150,151,157,146],"product_tag":[105,446,447,448,436,268,445],"class_list":{"0":"post-4588","1":"product","2":"type-product","3":"status-publish","4":"has-post-thumbnail","6":"product_cat-50000-puff","7":"product_cat-buy-disposable-vapes-in-austria","8":"product_cat-buy-disposable-vapes-in-belgium","9":"product_cat-buy-disposable-vapes-in-france","10":"product_cat-buy-disposable-vapes-in-portugal","11":"product_cat-rechargeable-disposable-vapes","12":"product_tag-digital-disposable-vape","13":"product_tag-disposable-vape-kit","14":"product_tag-hifancy-space-50000","15":"product_tag-hifancy-space-50k","16":"product_tag-shop-vape-online","17":"product_tag-touch-screen-vape","18":"product_tag-vape-eu-warehouse-fast-shipping","19":"desktop-align-left","20":"tablet-align-left","21":"mobile-align-left","23":"first","24":"instock","25":"sale","26":"shipping-taxable","27":"purchasable","28":"product-type-simple"},"acf":[],"uagb_featured_image_src":{"full":["https:\/\/vapestornado.com\/wp-content\/uploads\/2025\/11\/HIFANCY-50000-50k-Puff-Disposable-Vape-Wholesale.webp",800,800,false],"thumbnail":["https:\/\/vapestornado.com\/wp-content\/uploads\/2025\/11\/HIFANCY-50000-50k-Puff-Disposable-Vape-Wholesale-150x150.webp",150,150,true],"medium":["https:\/\/vapestornado.com\/wp-content\/uploads\/2025\/11\/HIFANCY-50000-50k-Puff-Disposable-Vape-Wholesale-300x300.webp",300,300,true],"medium_large":["https:\/\/vapestornado.com\/wp-content\/uploads\/2025\/11\/HIFANCY-50000-50k-Puff-Disposable-Vape-Wholesale-768x768.webp",768,768,true],"large":["https:\/\/vapestornado.com\/wp-content\/uploads\/2025\/11\/HIFANCY-50000-50k-Puff-Disposable-Vape-Wholesale.webp",800,800,false],"1536x1536":["https:\/\/vapestornado.com\/wp-content\/uploads\/2025\/11\/HIFANCY-50000-50k-Puff-Disposable-Vape-Wholesale.webp",800,800,false],"2048x2048":["https:\/\/vapestornado.com\/wp-content\/uploads\/2025\/11\/HIFANCY-50000-50k-Puff-Disposable-Vape-Wholesale.webp",800,800,false],"trp-custom-language-flag":["https:\/\/vapestornado.com\/wp-content\/uploads\/2025\/11\/HIFANCY-50000-50k-Puff-Disposable-Vape-Wholesale-12x12.webp",12,12,true],"woocommerce_thumbnail":["https:\/\/vapestornado.com\/wp-content\/uploads\/2025\/11\/HIFANCY-50000-50k-Puff-Disposable-Vape-Wholesale-300x300.webp",300,300,true],"woocommerce_single":["https:\/\/vapestornado.com\/wp-content\/uploads\/2025\/11\/HIFANCY-50000-50k-Puff-Disposable-Vape-Wholesale-600x600.webp",600,600,true],"woocommerce_gallery_thumbnail":["https:\/\/vapestornado.com\/wp-content\/uploads\/2025\/11\/HIFANCY-50000-50k-Puff-Disposable-Vape-Wholesale-100x100.webp",100,100,true]},"uagb_author_info":{"display_name":"ESAMY","author_link":"https:\/\/vapestornado.com\/lt\/author\/"},"uagb_comment_info":0,"uagb_excerpt":"HIFANCY SPACE 50000 Screen Vape \u2013 50k Disposable Kit with EU Fast Shipping HIFANCY SPACE 50k Disposable Vape Kit for Wholesale Buyers \u2013 Strong Flavour, Low Price Bulk Buy HIFANCY SPACE 50000 Puffs \u2013 EU Warehouse Fast Delivery, Cheap Wholesale WhatsApp: +86 17776015835 &nbsp;","_links":{"self":[{"href":"https:\/\/vapestornado.com\/lt\/wp-json\/wp\/v2\/product\/4588","targetHints":{"allow":["GET"]}}],"collection":[{"href":"https:\/\/vapestornado.com\/lt\/wp-json\/wp\/v2\/product"}],"about":[{"href":"https:\/\/vapestornado.com\/lt\/wp-json\/wp\/v2\/types\/product"}],"replies":[{"embeddable":true,"href":"https:\/\/vapestornado.com\/lt\/wp-json\/wp\/v2\/comments?post=4588"}],"wp:featuredmedia":[{"embeddable":true,"href":"https:\/\/vapestornado.com\/lt\/wp-json\/wp\/v2\/media\/4584"}],"wp:attachment":[{"href":"https:\/\/vapestornado.com\/lt\/wp-json\/wp\/v2\/media?parent=4588"}],"wp:term":[{"taxonomy":"product_brand","embeddable":true,"href":"https:\/\/vapestornado.com\/lt\/wp-json\/wp\/v2\/product_brand?post=4588"},{"taxonomy":"product_cat","embeddable":true,"href":"https:\/\/vapestornado.com\/lt\/wp-json\/wp\/v2\/product_cat?post=4588"},{"taxonomy":"product_tag","embeddable":true,"href":"https:\/\/vapestornado.com\/lt\/wp-json\/wp\/v2\/product_tag?post=4588"}],"curies":[{"name":"wp","href":"https:\/\/api.w.org\/{rel}","templated":true}]}}