{"id":4582,"date":"2025-11-20T09:22:11","date_gmt":"2025-11-20T09:22:11","guid":{"rendered":"https:\/\/vapestornado.com\/?post_type=product&#038;p=4582"},"modified":"2025-11-20T09:36:36","modified_gmt":"2025-11-20T09:36:36","slug":"hifancy-dream-45k-45000-puffs-disposable-vape-kit-fast-shipping-from-eu-warehouse","status":"publish","type":"product","link":"https:\/\/vapestornado.com\/lt\/product\/hifancy-dream-45k-45000-puffs-disposable-vape-kit-fast-shipping-from-eu-warehouse\/","title":{"rendered":"HiFancy Dream 45k 45000 R\u016bkan\u010di\u0173 vienkartini\u0173 Vape rinkini\u0173 Greitas pristatymas i\u0161 ES sand\u0117lio"},"content":{"rendered":"<h2 data-pm-slice=\"1 1 []\">HiFancy Dream 45k 45000 R\u016bkan\u010di\u0173 vienkartini\u0173 Vape rinkinys \u2014 Greitas pristatymas i\u0161 ES sand\u0117lio<\/h2>\n<p data-start=\"522\" data-end=\"892\">\u0160is <strong data-start=\"526\" data-end=\"547\">HiFancy Dream 45k<\/strong> sukurtas ma\u017emenininkams, kurie reikalingas patikimas, didel\u0117s talpos \u012frenginys, atitinkantis spar\u010diai augan\u010dio vienkartini\u0173 vape rinkos poreikius Lietuvoje. Pasi\u017eymi kaip <strong data-start=\"704\" data-end=\"727\">Vienkartinis Vape rinkinys<\/strong> su \u012fsp\u016bdinga i\u0161tverme ir stabilia veikla, jis suteikia didmenininkams patikim\u0105 produkt\u0105, kuris greitai juda Lietuvoje, Latvijoje, Estijoje, Lenkijoje ir kitose ES \u0161alyse.<\/p>\n<p data-start=\"894\" data-end=\"1347\">Sukurtas su <strong data-start=\"912\" data-end=\"925\">39 ml bakelis<\/strong>, <strong data-start=\"927\" data-end=\"958\">650mAh \u012fkraunama baterija<\/strong>ir <strong data-start=\"964\" data-end=\"984\">dviguba tinklelio rit\u0117<\/strong>, <strong data-start=\"990\" data-end=\"1013\">HiFancy Dream 45000<\/strong> teikia \u0161var\u0173 skonio i\u0161\u0117jim\u0105 ir stipri\u0105 garo gamyb\u0105. Su i\u0161maniu <strong data-start=\"1085\" data-end=\"1118\">skaitmeniniu baterijos \u012fkrovos rodikliu<\/strong>, vartotojai visada \u017eino likusi\u0105 \u012fkrov\u0105, suma\u017eindami skundus ir gerindami kasdien\u012f pasitenkinim\u0105. Ultra auk\u0161tas r\u016bkan\u010di\u0173 skai\u010dius ir stabilus oro srauto sistema daro j\u012f prakti\u0161ku pasirinkimu vaperiams, kurie nori ilgaam\u017ei\u0161kumo be komplikacij\u0173.<\/p>\n<p data-start=\"1349\" data-end=\"1737\">ES pagrindu veikiantys ma\u017emenininkai gauna naud\u0105 i\u0161 <strong data-start=\"1381\" data-end=\"1421\">greito vape pristatymo i\u0161 ES sand\u0117lio<\/strong>, suma\u017eindami laukimo laik\u0105 ir importo rizik\u0105. Dizainas tinka 25\u201335 met\u0173 vyr\u0173 vaperiams, ie\u0161kantiems paprasto, galingo \u012frenginio su nuosekliu skonio tiekimu. Nesvarbu, ar j\u016bs\u0173 klientai m\u0117gsta vaisi\u0173 mi\u0161inius ar \u0161altus klasikinius skonius, <strong data-start=\"1637\" data-end=\"1658\">HiFancy Dream 45k<\/strong> lieka \u0161velnus nuo prad\u017eios iki pabaigos d\u0117ka savo aliejaus pagrindo atskyrimo strukt\u016bros.<\/p>\n<p data-start=\"666\" data-end=\"1235\"><strong style=\"font-size: 16px;\"><span style=\"color: #ff0000;\">Prid\u0117kite Amy WhatsApp, kad gautum\u0117te tinkam\u0105 atsakym\u0105 ir nuolaid\u0105!<\/span><\/strong><\/p>\n<p><img fetchpriority=\"high\" decoding=\"async\" class=\"size-full wp-image-2932\" src=\"https:\/\/vapestornado.com\/wp-content\/uploads\/2024\/12\/Vape-Wholesale.jpg\" alt=\"Garintuvai Didmenin\u0117 prekyba\" width=\"229\" height=\"300\" \/><\/p>\n<h3><a href=\"https:\/\/wa.me\/8617776015835\" target=\"_blank\" rel=\"noopener\"><span style=\"color: #ff0000;\"><strong>WhatsApp: +86 17776015835<\/strong><\/span><\/a><\/h3>\n<p>&nbsp;<\/p>\n<h2><strong>Kas i\u0161skiria HiFancy Dream 45k P\u016bsl\u0117s Vienkartin\u012f Vape Pie\u0161tuk\u0105?<\/strong><\/h2>\n<ol data-start=\"246\" data-end=\"1434\">\n<li data-start=\"246\" data-end=\"361\">\n<p data-start=\"249\" data-end=\"361\"><strong data-start=\"249\" data-end=\"273\">45000 P\u016bsl\u0117s Talpa<\/strong>: Teikia ilgalaik\u012f veikim\u0105 be da\u017en\u0173 \u012frenginio keitim\u0173.<\/p>\n<\/li>\n<li data-start=\"362\" data-end=\"503\">\n<p data-start=\"365\" data-end=\"503\"><strong data-start=\"365\" data-end=\"408\">Trigubo re\u017eimo sistema (ECO \/ Mink\u0161tas \/ Priedas)<\/strong>: Leid\u017eia vartotojams i\u0161kart pereiti tarp taupymo, \u0161velnaus ar didelio poveikio vaping re\u017eim\u0173.<\/p>\n<\/li>\n<li data-start=\"504\" data-end=\"611\">\n<p data-start=\"507\" data-end=\"611\"><strong data-start=\"507\" data-end=\"535\">Pilnakanalis spalvotas i\u0161manusis ekranas<\/strong>: Ai\u0161kiai rodo baterijos ir e-skys\u010dio lygius, kad b\u016bt\u0173 lengva steb\u0117ti realiu laiku.<\/p>\n<\/li>\n<li data-start=\"612\" data-end=\"746\">\n<p data-start=\"615\" data-end=\"746\"><strong data-start=\"615\" data-end=\"637\">20 ml E-skys\u010dio bakelis<\/strong>: Suteikia didel\u012f rezervuar\u0105, u\u017etikrinant\u012f nuosekl\u0173 skon\u012f ir garo i\u0161metim\u0105 viso \u012frenginio tarnavimo laikotarpiu.<\/p>\n<\/li>\n<li data-start=\"747\" data-end=\"859\">\n<p data-start=\"750\" data-end=\"859\"><strong data-start=\"750\" data-end=\"788\">850mAh Tipo-C \u012fkraunama baterija<\/strong>: Si\u016blo stipri\u0105 i\u0161tverm\u0119 su greitu \u012fkrovimu visos dienos intensyviam naudojimui.<\/p>\n<\/li>\n<li data-start=\"860\" data-end=\"971\">\n<p data-start=\"863\" data-end=\"971\"><strong data-start=\"863\" data-end=\"891\">Dvigubo tinklelio rit\u0117s strukt\u016bra<\/strong>: Pagerina garo tank\u012f ir sustiprina skonio ai\u0161kum\u0105, kad b\u016bt\u0173 turtingesnis ir pilnesnis skonis.<\/p>\n<\/li>\n<li data-start=\"972\" data-end=\"1099\">\n<p data-start=\"975\" data-end=\"1099\"><strong data-start=\"975\" data-end=\"1002\">Daug skoni\u0173 pasirinkimas<\/strong>: Si\u016blo \u012fvairius vaisinius, ledinius ir sald\u017eius mi\u0161inius, atitinkan\u010dius skirtingus poreikius.<\/p>\n<\/li>\n<li data-start=\"1100\" data-end=\"1223\">\n<p data-start=\"1103\" data-end=\"1223\"><strong data-start=\"1103\" data-end=\"1131\">Auk\u0161tos kokyb\u0117s estetin\u0117 dizaino<\/strong>: Sukurtas su stilingu, auk\u0161tos kokyb\u0117s apdaila, patrauklia moderniems ir tendencij\u0173 m\u0117g\u0117jams.<\/p>\n<\/li>\n<li data-start=\"1224\" data-end=\"1319\">\n<p data-start=\"1227\" data-end=\"1319\"><strong data-start=\"1227\" data-end=\"1253\">Optimizuotas oro srauto kelias<\/strong>: U\u017etikrina skland\u0173, stabil\u0173 \u012fkv\u0117pim\u0105 nuo pirmojo iki paskutinio \u012fkv\u0117pimo.<\/p>\n<\/li>\n<li data-start=\"1320\" data-end=\"1434\">\n<p data-start=\"1324\" data-end=\"1434\"><strong data-start=\"1324\" data-end=\"1348\">I\u0161manus i\u0161vesties mikroschema<\/strong>: I\u0161laiko nuosekli\u0105 veikim\u0105 ir skonio pristatym\u0105 viso vaping ciklo metu.<\/p>\n<\/li>\n<\/ol>\n<h2><strong>HiFancy Dream 45 t\u016bkst. p\u016btim\u0173 vienkartiniai vape su skoniais s\u0105ra\u0161as<\/strong><\/h2>\n<h1 data-start=\"1744\" data-end=\"1781\"><\/h1>\n<ol data-start=\"1783\" data-end=\"2063\">\n<li data-start=\"1783\" data-end=\"1802\">\n<p data-start=\"1786\" data-end=\"1802\">Arb\u016bz\u0173 ledas<\/p>\n<\/li>\n<li data-start=\"1803\" data-end=\"1855\">\n<p data-start=\"1806\" data-end=\"1855\">Vasaros Svajon\u0117 (grape + apelsinas + citrina + redbull)<\/p>\n<\/li>\n<li data-start=\"1856\" data-end=\"1869\">\n<p data-start=\"1859\" data-end=\"1869\">Cola Ledas<\/p>\n<\/li>\n<li data-start=\"1870\" data-end=\"1888\">\n<p data-start=\"1873\" data-end=\"1888\">M\u0117lyni\u0173 avie\u010di\u0173 ledas<\/p>\n<\/li>\n<li data-start=\"1889\" data-end=\"1911\">\n<p data-start=\"1892\" data-end=\"1911\">Bra\u0161ki\u0173 bananas<\/p>\n<\/li>\n<li data-start=\"1912\" data-end=\"1931\">\n<p data-start=\"1915\" data-end=\"1931\">Bra\u0161ki\u0173 ledas<\/p>\n<\/li>\n<li data-start=\"1932\" data-end=\"1959\">\n<p data-start=\"1935\" data-end=\"1959\">Persik\u0173 mang\u0173 arb\u016bzas<\/p>\n<\/li>\n<li data-start=\"1960\" data-end=\"1980\">\n<p data-start=\"1963\" data-end=\"1980\">Sultingas persik\u0173 ledas<\/p>\n<\/li>\n<li data-start=\"1981\" data-end=\"2046\">\n<p data-start=\"1984\" data-end=\"2046\">Meil\u0117 66 (arb\u016bzas + medaus melionas + pasiflora + m\u0117tos)<\/p>\n<\/li>\n<li data-start=\"2047\" data-end=\"2063\">\n<p data-start=\"2051\" data-end=\"2063\">Citrina ir \u017eali\u0173j\u0173 citrin\u0173<\/p>\n<\/li>\n<\/ol>\n<figure id=\"attachment_4576\" aria-describedby=\"caption-attachment-4576\" style=\"width: 300px\" class=\"wp-caption alignnone\"><img decoding=\"async\" class=\"size-medium wp-image-4576\" src=\"https:\/\/vapestornado.com\/wp-content\/uploads\/2025\/11\/Hifancy-Dream-45k-Puff-Disposable-Vape-300x300.webp\" alt=\"Hifancy Dream 45k P\u016bst\u0173 Vienkartinis Vape\" width=\"300\" height=\"300\" srcset=\"https:\/\/vapestornado.com\/wp-content\/uploads\/2025\/11\/Hifancy-Dream-45k-Puff-Disposable-Vape-300x300.webp 300w, https:\/\/vapestornado.com\/wp-content\/uploads\/2025\/11\/Hifancy-Dream-45k-Puff-Disposable-Vape-150x150.webp 150w, https:\/\/vapestornado.com\/wp-content\/uploads\/2025\/11\/Hifancy-Dream-45k-Puff-Disposable-Vape-768x768.webp 768w, https:\/\/vapestornado.com\/wp-content\/uploads\/2025\/11\/Hifancy-Dream-45k-Puff-Disposable-Vape-12x12.webp 12w, https:\/\/vapestornado.com\/wp-content\/uploads\/2025\/11\/Hifancy-Dream-45k-Puff-Disposable-Vape-600x600.webp 600w, https:\/\/vapestornado.com\/wp-content\/uploads\/2025\/11\/Hifancy-Dream-45k-Puff-Disposable-Vape-100x100.webp 100w, https:\/\/vapestornado.com\/wp-content\/uploads\/2025\/11\/Hifancy-Dream-45k-Puff-Disposable-Vape.webp 800w\" sizes=\"(max-width: 300px) 100vw, 300px\" \/><figcaption id=\"caption-attachment-4576\" class=\"wp-caption-text\">Hifancy Dream 45k P\u016bst\u0173 Vienkartinis Vape<\/figcaption><\/figure>\n<h2>Kod\u0117l rinktis Vapestornado vienkartini\u0173 vape didmeninei pirkimui?<\/h2>\n<div class=\"flex-shrink-0 flex flex-col relative items-end\">\n<div class=\"pt-0\">\n<div class=\"gizmo-bot-avatar flex h-8 w-8 items-center justify-center overflow-hidden rounded-full\">\n<div class=\"relative p-1 rounded-sm flex items-center justify-center bg-token-main-surface-primary text-token-text-primary h-8 w-8\">\n<p data-start=\"648\" data-end=\"799\">Rinktis <strong data-start=\"189\" data-end=\"205\">Vapestornado<\/strong> kaip j\u016bs\u0173 tiek\u0117jas d\u0117l <strong data-start=\"227\" data-end=\"261\">Elf Bar Moon Night 40000 R\u016bkan\u010di\u0173<\/strong> rei\u0161kia u\u017etikrinti partner\u012f, kuris supranta ES pagr\u012fst\u0173 didmeninink\u0173 ir ma\u017emeninink\u0173 poreikius. Mes sutelkiame d\u0117mes\u012f \u012f greit\u0105 pristatym\u0105, patvirtint\u0105 atsarg\u0105 ir stabil\u0173 ilgalaik\u012f tiekim\u0105 \u2013 pagrindinius veiksnius verslui, parduodan\u010diam didel\u012f kiek\u012f produkt\u0173, toki\u0173 kaip <strong data-start=\"489\" data-end=\"515\">Elf Bar Moon Night 40K<\/strong>. Kiekviena partija yra tiesiogiai gaunama i\u0161 sertifikuot\u0173 kanal\u0173, u\u017etikrinant autenti\u0161kus produktus, stipri\u0105 skonio nuoseklum\u0105 ir patikim\u0105 kokyb\u0119, atitinkan\u010di\u0105 ES pirk\u0117j\u0173 l\u016bkes\u010dius.<\/p>\n<p data-start=\"559\" data-end=\"933\" data-is-last-node=\"\" data-is-only-node=\"\">Mes taip pat turime kelet\u0105 kit\u0173 populiari\u0173 vienkartini\u0173 vape su ekranu, pvz. <a href=\"https:\/\/vapestornado.com\/lt\/product\/uzy-150k-puffs-6-in-1-flavor-switch-disposable-vape-pen-wholesale\/\">UZY 150K P\u016btelis skoni\u0173 keitimo vape<\/a>, <a href=\"https:\/\/vapestornado.com\/lt\/product\/vozol-rave-40k-40000-puffs-disposable-vape-smart-screen-5-nicotine\/\">VOZOL RAVE 40K Vienkartinis Vape<\/a>, <a href=\"https:\/\/vapestornado.com\/lt\/product\/waspe-150k-150000-puff-6-in-1-disposable-vape-pen-cartridge-best-wholesale-price-in-poland\/\">WASPE 150K P\u016bsl\u0117s 6-in-1<\/a>, ir daugiau.<\/p>\n<p data-start=\"559\" data-end=\"933\" data-is-last-node=\"\" data-is-only-node=\"\">\n<\/div>\n<h2>DUK apie HiFancy Dream 45k<\/h2>\n<div class=\"relative p-1 rounded-sm flex items-center justify-center bg-token-main-surface-primary text-token-text-primary h-8 w-8\">\n<h3 data-start=\"2713\" data-end=\"2767\"><strong data-start=\"2717\" data-end=\"2765\">1. Kiek laiko veikia HiFancy Dream 45k?<\/strong><\/h3>\n<p data-start=\"2768\" data-end=\"2924\">\u0160is <strong data-start=\"2772\" data-end=\"2793\">HiFancy Dream 45k<\/strong> si\u016blo iki <strong data-start=\"2807\" data-end=\"2823\">45 000 p\u016btim\u0173<\/strong>, kur\u012f palaiko 39 ml talpos bakelis ir 650 mAh \u012fkraunama baterija, suteikianti daugumai naudotoj\u0173 ilgesn\u012f keli\u0173 dien\u0173 naudojim\u0105.<\/p>\n<h3 data-start=\"2926\" data-end=\"2984\"><strong data-start=\"2930\" data-end=\"2982\">2. Ar HiFancy Dream 45000 naudoja tinklelio rit\u0119?<\/strong><\/h3>\n<p data-start=\"2985\" data-end=\"3103\">Taip. Jame yra <strong data-start=\"3004\" data-end=\"3024\">dviguba tinklelio rit\u0117<\/strong> stipresniam skonio ai\u0161kumui ir sklandesniam garui viso p\u016btimo ciklo metu.<\/p>\n<h3 data-start=\"3105\" data-end=\"3159\"><strong data-start=\"3109\" data-end=\"3157\">3. Kas daro siuntim\u0105 greitesn\u012f Europos pirk\u0117jams?<\/strong><\/h3>\n<p data-start=\"3160\" data-end=\"3297\">Produktas siun\u010diamas tiesiogiai i\u0161 <strong data-start=\"3195\" data-end=\"3211\">Europos S\u0105jungos sand\u0117lyje<\/strong>, u\u017etikrinant greitesn\u012f pristatym\u0105 ir i\u0161vengiant ilg\u0173 muitin\u0117s u\u017elaikym\u0173 Europos didmenininkams.<\/p>\n<h3 data-start=\"3299\" data-end=\"3364\"><strong data-start=\"3303\" data-end=\"3362\">4. Ar HiFancy Dream 45k turi baterijos indikatori\u0173?<\/strong><\/h3>\n<p data-start=\"3365\" data-end=\"3499\">Taip. Yra <strong data-start=\"3372\" data-end=\"3405\">skaitmeniniu baterijos \u012fkrovos rodikliu<\/strong> rodantis realaus laiko baterijos lyg\u012f, gerinantis naudotojo pasitik\u0117jim\u0105 ir ma\u017einantis netik\u0117t\u0105 energijos praradim\u0105.<\/p>\n<h3 data-start=\"3501\" data-end=\"3571\"><strong data-start=\"3505\" data-end=\"3569\">5. Kokie yra populiariausi HiFancy Dream 45000 skoniai?<\/strong><\/h3>\n<p data-start=\"3572\" data-end=\"3733\">Populiariausi pasirinkimai yra <strong data-start=\"3596\" data-end=\"3614\">Arb\u016bz\u0173 ledas<\/strong>, <strong data-start=\"3616\" data-end=\"3633\">M\u0117lyni\u0173 avie\u010di\u0173 ledas<\/strong>, <strong data-start=\"3635\" data-end=\"3646\">Meil\u0117 66<\/strong>ir <strong data-start=\"3652\" data-end=\"3678\">Persik\u0173 mang\u0173 arb\u016bzas<\/strong>, m\u0117gstamas d\u0117l subalansuoto saldumo ir gaivaus pabaigos.<\/p>\n<\/div>\n<\/div>\n<\/div>\n<\/div>","protected":false},"excerpt":{"rendered":"<article class=\"text-token-text-primary w-full focus:outline-none [--shadow-height:45px] has-data-writing-block:pointer-events-none has-data-writing-block:-mt-(--shadow-height) has-data-writing-block:pt-(--shadow-height) [&amp;:has([data-writing-block])&gt;*]:pointer-events-auto [content-visibility:auto] supports-[content-visibility:auto]:[contain-intrinsic-size:auto_100lvh] scroll-mt-[calc(var(--header-height)+min(200px,max(70px,20svh)))]\" dir=\"auto\" tabindex=\"-1\" data-turn-id=\"86ca9d92-7a10-4e6b-bda0-15f9df36adca\" data-testid=\"conversation-turn-120\" data-scroll-anchor=\"true\" data-turn=\"assistant\">\n<div class=\"text-base my-auto mx-auto pb-10 [--thread-content-margin:--spacing(4)] thread-sm:[--thread-content-margin:--spacing(6)] thread-lg:[--thread-content-margin:--spacing(16)] px-(--thread-content-margin)\">\n<div class=\"[--thread-content-max-width:40rem] thread-lg:[--thread-content-max-width:48rem] mx-auto max-w-(--thread-content-max-width) flex-1 group\/turn-messages focus-visible:outline-hidden relative flex w-full min-w-0 flex-col agent-turn\" tabindex=\"-1\">\n<div class=\"flex max-w-full flex-col grow\">\n<div class=\"min-h-8 text-message relative flex w-full flex-col items-end gap-2 text-start break-words whitespace-normal [.text-message+&amp;]:mt-1\" dir=\"auto\" data-message-author-role=\"assistant\" data-message-id=\"43b070d6-bf28-4fbe-8049-1032a61ea3ac\" data-message-model-slug=\"gpt-5\">\n<div class=\"flex w-full flex-col gap-1 empty:hidden first:pt-[1px]\">\n<div class=\"markdown prose dark:prose-invert w-full break-words light markdown-new-styling\">\n<article class=\"text-token-text-primary w-full focus:outline-none [--shadow-height:45px] has-data-writing-block:pointer-events-none has-data-writing-block:-mt-(--shadow-height) has-data-writing-block:pt-(--shadow-height) [&amp;:has([data-writing-block])&gt;*]:pointer-events-auto [content-visibility:auto] supports-[content-visibility:auto]:[contain-intrinsic-size:auto_100lvh] scroll-mt-[calc(var(--header-height)+min(200px,max(70px,20svh)))]\" dir=\"auto\" tabindex=\"-1\" data-turn-id=\"4d6f00b8-d41a-438b-8912-05a895842882\" data-testid=\"conversation-turn-130\" data-scroll-anchor=\"true\" data-turn=\"assistant\">\n<div class=\"text-base my-auto mx-auto pb-10 [--thread-content-margin:--spacing(4)] thread-sm:[--thread-content-margin:--spacing(6)] thread-lg:[--thread-content-margin:--spacing(16)] px-(--thread-content-margin)\">\n<div class=\"[--thread-content-max-width:40rem] thread-lg:[--thread-content-max-width:48rem] mx-auto max-w-(--thread-content-max-width) flex-1 group\/turn-messages focus-visible:outline-hidden relative flex w-full min-w-0 flex-col agent-turn\" tabindex=\"-1\">\n<div class=\"flex max-w-full flex-col grow\">\n<div class=\"min-h-8 text-message relative flex w-full flex-col items-end gap-2 text-start break-words whitespace-normal [.text-message+&amp;]:mt-1\" dir=\"auto\" data-message-author-role=\"assistant\" data-message-id=\"f3c520bf-c043-4392-87ea-b3bf1b3ae6d3\" data-message-model-slug=\"gpt-5-1\">\n<div class=\"flex w-full flex-col gap-1 empty:hidden first:pt-[1px]\">\n<div class=\"markdown prose dark:prose-invert w-full break-words light markdown-new-styling\">\n<p>HiFancy Dream 45k 45000 R\u016bkan\u010di\u0173 vienkartini\u0173 Vape rinkinys \u2014 ES sand\u0117lis Greitas pristatymas Didmenin\u0117 prekyba<br \/>\nDidmenin\u0117 prekyba HiFancy Dream 45000 vienkartini\u0173 Vape rinkini\u0173 su dvigubo tinklelio rit\u0117mis ES sand\u0117lis<br \/>\nHiFancy Dream 45k Didel\u0117s talpos vienkartinis \u2014 Geriausias 45000 R\u016bkan\u010di\u0173 Vape Greitas pristatymas ES<\/p>\n<\/div>\n<\/div>\n<\/div>\n<\/div>\n<\/div>\n<\/div>\n<\/article>\n<div class=\"pointer-events-none h-px w-px\" aria-hidden=\"true\" data-edge=\"true\"><\/div>\n<\/div>\n<\/div>\n<\/div>\n<\/div>\n<\/div>\n<\/div>\n<\/article>\n<p><img fetchpriority=\"high\" decoding=\"async\" class=\"size-full wp-image-2932\" src=\"https:\/\/vapestornado.com\/wp-content\/uploads\/2024\/12\/Vape-Wholesale.jpg\" alt=\"Garintuvai Didmenin\u0117 prekyba\" width=\"229\" height=\"300\" \/><\/p>\n<h3><a href=\"https:\/\/wa.me\/8617776015835\"><span style=\"color: #ff0000;\"><strong>WhatsApp: +86 17776015835<\/strong><\/span><\/a><\/h3>\n<p>&nbsp;<\/p>","protected":false},"featured_media":4581,"comment_status":"open","ping_status":"closed","template":"","meta":{"_acf_changed":false,"_uag_custom_page_level_css":"","_lmt_disableupdate":"no","_lmt_disable":"","_monsterinsights_skip_tracking":false,"_monsterinsights_sitenote_active":false,"_monsterinsights_sitenote_note":"","_monsterinsights_sitenote_category":0,"site-sidebar-layout":"default","site-content-layout":"","ast-site-content-layout":"default","site-content-style":"default","site-sidebar-style":"default","ast-global-header-display":"","ast-banner-title-visibility":"","ast-main-header-display":"","ast-hfb-above-header-display":"","ast-hfb-below-header-display":"","ast-hfb-mobile-header-display":"","site-post-title":"","ast-breadcrumbs-content":"","ast-featured-img":"","footer-sml-layout":"","ast-disable-related-posts":"","theme-transparent-header-meta":"default","adv-header-id-meta":"","stick-header-meta":"","header-above-stick-meta":"","header-main-stick-meta":"","header-below-stick-meta":"","astra-migrate-meta-layouts":"set","ast-page-background-enabled":"default","ast-page-background-meta":{"desktop":{"background-color":"","background-image":"","background-repeat":"repeat","background-position":"center center","background-size":"auto","background-attachment":"scroll","background-type":"","background-media":"","overlay-type":"","overlay-color":"","overlay-opacity":"","overlay-gradient":""},"tablet":{"background-color":"","background-image":"","background-repeat":"repeat","background-position":"center center","background-size":"auto","background-attachment":"scroll","background-type":"","background-media":"","overlay-type":"","overlay-color":"","overlay-opacity":"","overlay-gradient":""},"mobile":{"background-color":"","background-image":"","background-repeat":"repeat","background-position":"center center","background-size":"auto","background-attachment":"scroll","background-type":"","background-media":"","overlay-type":"","overlay-color":"","overlay-opacity":"","overlay-gradient":""}},"ast-content-background-meta":{"desktop":{"background-color":"var(--ast-global-color-5)","background-image":"","background-repeat":"repeat","background-position":"center center","background-size":"auto","background-attachment":"scroll","background-type":"","background-media":"","overlay-type":"","overlay-color":"","overlay-opacity":"","overlay-gradient":""},"tablet":{"background-color":"var(--ast-global-color-5)","background-image":"","background-repeat":"repeat","background-position":"center center","background-size":"auto","background-attachment":"scroll","background-type":"","background-media":"","overlay-type":"","overlay-color":"","overlay-opacity":"","overlay-gradient":""},"mobile":{"background-color":"var(--ast-global-color-5)","background-image":"","background-repeat":"repeat","background-position":"center center","background-size":"auto","background-attachment":"scroll","background-type":"","background-media":"","overlay-type":"","overlay-color":"","overlay-opacity":"","overlay-gradient":""}},"_joinchat":{"telephone":"17776015835"}},"product_brand":[],"product_cat":[265,149,150,151,156,357,146],"product_tag":[105,446,443,444,436,268,445],"class_list":{"0":"post-4582","1":"product","2":"type-product","3":"status-publish","4":"has-post-thumbnail","6":"product_cat-45000-puff","7":"product_cat-buy-disposable-vapes-in-austria","8":"product_cat-buy-disposable-vapes-in-belgium","9":"product_cat-buy-disposable-vapes-in-france","10":"product_cat-buy-disposable-vapes-in-poland","11":"product_cat-flavor-adjustable-vape","12":"product_cat-rechargeable-disposable-vapes","13":"product_tag-digital-disposable-vape","14":"product_tag-disposable-vape-kit","15":"product_tag-hifancy-dream-450000","16":"product_tag-hifancy-dream-45k","17":"product_tag-shop-vape-online","18":"product_tag-touch-screen-vape","19":"product_tag-vape-eu-warehouse-fast-shipping","20":"desktop-align-left","21":"tablet-align-left","22":"mobile-align-left","24":"first","25":"instock","26":"sale","27":"shipping-taxable","28":"purchasable","29":"product-type-simple"},"acf":[],"uagb_featured_image_src":{"full":["https:\/\/vapestornado.com\/wp-content\/uploads\/2025\/11\/Shop-HIFANCY-45k-Disposable-Vape-Bar.webp",800,800,false],"thumbnail":["https:\/\/vapestornado.com\/wp-content\/uploads\/2025\/11\/Shop-HIFANCY-45k-Disposable-Vape-Bar-150x150.webp",150,150,true],"medium":["https:\/\/vapestornado.com\/wp-content\/uploads\/2025\/11\/Shop-HIFANCY-45k-Disposable-Vape-Bar-300x300.webp",300,300,true],"medium_large":["https:\/\/vapestornado.com\/wp-content\/uploads\/2025\/11\/Shop-HIFANCY-45k-Disposable-Vape-Bar-768x768.webp",768,768,true],"large":["https:\/\/vapestornado.com\/wp-content\/uploads\/2025\/11\/Shop-HIFANCY-45k-Disposable-Vape-Bar.webp",800,800,false],"1536x1536":["https:\/\/vapestornado.com\/wp-content\/uploads\/2025\/11\/Shop-HIFANCY-45k-Disposable-Vape-Bar.webp",800,800,false],"2048x2048":["https:\/\/vapestornado.com\/wp-content\/uploads\/2025\/11\/Shop-HIFANCY-45k-Disposable-Vape-Bar.webp",800,800,false],"trp-custom-language-flag":["https:\/\/vapestornado.com\/wp-content\/uploads\/2025\/11\/Shop-HIFANCY-45k-Disposable-Vape-Bar-12x12.webp",12,12,true],"woocommerce_thumbnail":["https:\/\/vapestornado.com\/wp-content\/uploads\/2025\/11\/Shop-HIFANCY-45k-Disposable-Vape-Bar-300x300.webp",300,300,true],"woocommerce_single":["https:\/\/vapestornado.com\/wp-content\/uploads\/2025\/11\/Shop-HIFANCY-45k-Disposable-Vape-Bar-600x600.webp",600,600,true],"woocommerce_gallery_thumbnail":["https:\/\/vapestornado.com\/wp-content\/uploads\/2025\/11\/Shop-HIFANCY-45k-Disposable-Vape-Bar-100x100.webp",100,100,true]},"uagb_author_info":{"display_name":"ESAMY","author_link":"https:\/\/vapestornado.com\/lt\/author\/"},"uagb_comment_info":0,"uagb_excerpt":"HiFancy Dream 45k 45000 Puffs Vape Kit \u2014 EU Warehouse Fast Delivery Wholesale Wholesale HiFancy Dream 45000 Disposable Vape Kit with Double Mesh Coil EU Stock HiFancy Dream 45k High-Capacity Disposable \u2014 Best 45000 Puffs Vape Fast Shipping EU WhatsApp: +86 17776015835 &nbsp;","_links":{"self":[{"href":"https:\/\/vapestornado.com\/lt\/wp-json\/wp\/v2\/product\/4582","targetHints":{"allow":["GET"]}}],"collection":[{"href":"https:\/\/vapestornado.com\/lt\/wp-json\/wp\/v2\/product"}],"about":[{"href":"https:\/\/vapestornado.com\/lt\/wp-json\/wp\/v2\/types\/product"}],"replies":[{"embeddable":true,"href":"https:\/\/vapestornado.com\/lt\/wp-json\/wp\/v2\/comments?post=4582"}],"wp:featuredmedia":[{"embeddable":true,"href":"https:\/\/vapestornado.com\/lt\/wp-json\/wp\/v2\/media\/4581"}],"wp:attachment":[{"href":"https:\/\/vapestornado.com\/lt\/wp-json\/wp\/v2\/media?parent=4582"}],"wp:term":[{"taxonomy":"product_brand","embeddable":true,"href":"https:\/\/vapestornado.com\/lt\/wp-json\/wp\/v2\/product_brand?post=4582"},{"taxonomy":"product_cat","embeddable":true,"href":"https:\/\/vapestornado.com\/lt\/wp-json\/wp\/v2\/product_cat?post=4582"},{"taxonomy":"product_tag","embeddable":true,"href":"https:\/\/vapestornado.com\/lt\/wp-json\/wp\/v2\/product_tag?post=4582"}],"curies":[{"name":"wp","href":"https:\/\/api.w.org\/{rel}","templated":true}]}}