{"id":4574,"date":"2025-11-19T09:46:33","date_gmt":"2025-11-19T09:46:33","guid":{"rendered":"https:\/\/vapestornado.com\/?post_type=product&#038;p=4574"},"modified":"2025-11-19T09:57:52","modified_gmt":"2025-11-19T09:57:52","slug":"vaprivee-50k-50000-puff-touch-screen-vape-best-wholesale-france","status":"publish","type":"product","link":"https:\/\/vapestornado.com\/lt\/product\/vaprivee-50k-50000-puff-touch-screen-vape-best-wholesale-france\/","title":{"rendered":"VAPRIVEE 50k 50000 P\u016bk\u0173 Jutiklinio Ekrano Vape Geriausias Didmeninis Parduodamas Lietuvoje"},"content":{"rendered":"<h2 data-pm-slice=\"1 1 []\">VAPRIV\u00c9E 50K 50000 P\u016btim\u0173 Jutiklinio ekrano Vape \u2014 Geriausias didmeninis pasirinkimas Lietuvoje<\/h2>\n<p data-start=\"344\" data-end=\"802\">\u0160is <strong data-start=\"348\" data-end=\"364\">VAPRIV\u00c9E 50K<\/strong> sukurtas ma\u017emenininkams, taikantiems mados s\u0105moningus vartotojus visoje Lietuvoje ir kitose lietuvi\u0161kai kalban\u010diose srityse. Jo eleganti\u0161kas rankin\u0117s stiliaus korpusas, derinamas su rank\u0173 darbo deimanto lipduko pavir\u0161iumi, suteikia jam auk\u0161tos kokyb\u0117s \u012fvaizd\u012f, kuris i\u0161 karto patraukia pirk\u0117jus, vertinan\u010dius estetik\u0105 tiek pat, kiek ir na\u0161um\u0105. \u0160is modelis puikiai veikia gyvenimo b\u016bdo orientuotose vape lentynose, butik\u0173 stiliaus parduotuv\u0117se ir tendencij\u0173 d\u0117mesio sulaukian\u010diose didmenin\u0117se kolekcijose.<\/p>\n<p data-start=\"804\" data-end=\"1319\">Sukurtas su dviem galios re\u017eimais\u2014<strong data-start=\"836\" data-end=\"871\">Mink\u0161tas 50K ilgesniam tarnavimui<\/strong> ir <strong data-start=\"876\" data-end=\"916\">Padidintas 30K stipresniam, tankesniam \u012fsp\u016bd\u017eiui<\/strong>\u2014\u012frenginys suteikia lankstum\u0105 skirtingiems vaping poreikiams. 22\u201328W i\u0161vestis, <strong data-start=\"1002\" data-end=\"1020\">Dvigubos tinklelio kaitinimo spiral\u0117s<\/strong> strukt\u016bra ir reguliuojama oro srauto sistema u\u017etikrina skland\u0173 \u012fkv\u0117pim\u0105 ir stabil\u0173 garo kokyb\u0119, nesvarbu, ar klientai m\u0117gsta lengv\u0105 kasdien\u012f p\u016btim\u0105, ar intensyvesn\u012f seans\u0105. Jo didelis <strong data-start=\"1190\" data-end=\"1215\">Mega LED jutiklinis ekranas<\/strong> leid\u017eia vartotojams i\u0161 karto patikrinti baterijos b\u016bkl\u0119 ir e-skys\u010dio lygius, prid\u0117dami patogumo ir \u0161iuolaikinio \u017eavesio.<\/p>\n<p data-start=\"1321\" data-end=\"1755\">Palaikomas su <strong data-start=\"1336\" data-end=\"1374\">900mAh Type-C \u012fkraunama baterija<\/strong> ir <strong data-start=\"1381\" data-end=\"1406\">20ml e-skys\u010dio kamera<\/strong>, VAPRIV\u00c9E 50K i\u0161laiko nuosekl\u0173 skon\u012f nuo prad\u017eios iki pabaigos. Didmenin\u0117ms \u012fmon\u0117ms, kurios jau si\u016blo 50 000 p\u016btim\u0173 vape, \u0161is modelis veikia skland\u017eiai kaip auk\u0161tos kokyb\u0117s, dizaino pirmaujantis alternatyva, ypa\u010d klientams, kurie prioritet\u0105 teikia stilingam \u012frangos dizainui. Su minimaliu u\u017esakymu nuo tik 50 vienet\u0173, tai stiprus papildymas bet kuriai Lietuvoje orientuotai didmeninei pasi\u016blai.<\/p>\n<p data-start=\"666\" data-end=\"1235\"><strong style=\"font-size: 16px;\"><span style=\"color: #ff0000;\">Prid\u0117kite Amy WhatsApp, kad gautum\u0117te tinkam\u0105 atsakym\u0105 ir nuolaid\u0105!<\/span><\/strong><\/p>\n<p><img fetchpriority=\"high\" decoding=\"async\" class=\"size-full wp-image-2932\" src=\"https:\/\/vapestornado.com\/wp-content\/uploads\/2024\/12\/Vape-Wholesale.jpg\" alt=\"Garintuvai Didmenin\u0117 prekyba\" width=\"229\" height=\"300\" \/><\/p>\n<h3><a href=\"https:\/\/wa.me\/8617776015835\" target=\"_blank\" rel=\"noopener\"><span style=\"color: #ff0000;\"><strong>WhatsApp: +86 17776015835<\/strong><\/span><\/a><\/h3>\n<p>&nbsp;<\/p>\n<h2><strong>Kas i\u0161skiria VAPRIVEE 50k 50000 P\u016btim\u0173 Vienkartin\u012f Vape ra\u0161ikl\u012f?<\/strong><\/h2>\n<ul>\n<li data-start=\"2123\" data-end=\"2158\">\n<p data-start=\"2125\" data-end=\"2158\"><strong data-start=\"2125\" data-end=\"2135\">\u012etraukimai:<\/strong> Mink\u0161tas 50K \/ Priedanga 30K<\/p>\n<\/li>\n<li data-start=\"2159\" data-end=\"2187\">\n<p data-start=\"2161\" data-end=\"2187\"><strong data-start=\"2161\" data-end=\"2178\">I\u0161\u0117jimo galia:<\/strong> 22\u201328W<\/p>\n<\/li>\n<li data-start=\"2188\" data-end=\"2225\">\n<p data-start=\"2190\" data-end=\"2225\"><strong data-start=\"2190\" data-end=\"2201\">Ekranas:<\/strong> Mega LED jutiklinis ekranas<\/p>\n<\/li>\n<li data-start=\"2226\" data-end=\"2255\">\n<p data-start=\"2228\" data-end=\"2255\"><strong data-start=\"2228\" data-end=\"2237\">Vamzdelis:<\/strong> Dvigubos tinklelio rit\u0117s<\/p>\n<\/li>\n<li data-start=\"2256\" data-end=\"2291\">\n<p data-start=\"2258\" data-end=\"2291\"><strong data-start=\"2258\" data-end=\"2270\">Oro srautas:<\/strong> Reguliuojamas oro srautas<\/p>\n<\/li>\n<li data-start=\"2292\" data-end=\"2323\">\n<p data-start=\"2294\" data-end=\"2323\"><strong data-start=\"2294\" data-end=\"2316\">E-skys\u010dio talpa:<\/strong> 20 ml<\/p>\n<\/li>\n<li data-start=\"2324\" data-end=\"2369\">\n<p data-start=\"2326\" data-end=\"2369\"><strong data-start=\"2326\" data-end=\"2338\">Baterija:<\/strong> 900mAh \u012fkraunamas (Type-C)<\/p>\n<\/li>\n<li data-start=\"2370\" data-end=\"2441\">\n<p data-start=\"2372\" data-end=\"2441\"><strong data-start=\"2372\" data-end=\"2383\">Dizainas:<\/strong> Rankin\u0117s stiliaus korpusas su rank\u0173 darbo deimanto lipduko apdaila<\/p>\n<\/li>\n<\/ul>\n<figure id=\"attachment_4568\" aria-describedby=\"caption-attachment-4568\" style=\"width: 300px\" class=\"wp-caption alignnone\"><img decoding=\"async\" class=\"size-medium wp-image-4568\" src=\"https:\/\/vapestornado.com\/wp-content\/uploads\/2025\/11\/VAPRIVEE-50k-50000-Puff-Disposable-Vape-300x300.webp\" alt=\"VAPRIVEE 50k 50000 P\u016b\u010di\u0173 vienkartinis vape\" width=\"300\" height=\"300\" srcset=\"https:\/\/vapestornado.com\/wp-content\/uploads\/2025\/11\/VAPRIVEE-50k-50000-Puff-Disposable-Vape-300x300.webp 300w, https:\/\/vapestornado.com\/wp-content\/uploads\/2025\/11\/VAPRIVEE-50k-50000-Puff-Disposable-Vape-150x150.webp 150w, https:\/\/vapestornado.com\/wp-content\/uploads\/2025\/11\/VAPRIVEE-50k-50000-Puff-Disposable-Vape-768x768.webp 768w, https:\/\/vapestornado.com\/wp-content\/uploads\/2025\/11\/VAPRIVEE-50k-50000-Puff-Disposable-Vape-12x12.webp 12w, https:\/\/vapestornado.com\/wp-content\/uploads\/2025\/11\/VAPRIVEE-50k-50000-Puff-Disposable-Vape-600x600.webp 600w, https:\/\/vapestornado.com\/wp-content\/uploads\/2025\/11\/VAPRIVEE-50k-50000-Puff-Disposable-Vape-100x100.webp 100w, https:\/\/vapestornado.com\/wp-content\/uploads\/2025\/11\/VAPRIVEE-50k-50000-Puff-Disposable-Vape.webp 800w\" sizes=\"(max-width: 300px) 100vw, 300px\" \/><figcaption id=\"caption-attachment-4568\" class=\"wp-caption-text\">VAPRIVEE 50k 50000 P\u016b\u010di\u0173 vienkartinis vape<\/figcaption><\/figure>\n<h2><strong>VAPRIVEE 50000<\/strong><strong> P\u016b\u010di\u0173 vienkartini\u0173 vape skoni\u0173 s\u0105ra\u0161as<\/strong><\/h2>\n<ul>\n<li data-start=\"1800\" data-end=\"1813\">\n<p data-start=\"1803\" data-end=\"1813\">Pu\u010diame Pop<\/p>\n<\/li>\n<li data-start=\"1814\" data-end=\"1834\">\n<p data-start=\"1817\" data-end=\"1834\">M\u0117lynas Razz Lemonas<\/p>\n<\/li>\n<li data-start=\"1835\" data-end=\"1852\">\n<p data-start=\"1838\" data-end=\"1852\">Vy\u0161nios Obuolys<\/p>\n<\/li>\n<li data-start=\"1853\" data-end=\"1874\">\n<p data-start=\"1856\" data-end=\"1874\">Cola Guminiai lokiai<\/p>\n<\/li>\n<li data-start=\"1875\" data-end=\"1892\">\n<p data-start=\"1878\" data-end=\"1892\">Dvigubas Mango<\/p>\n<\/li>\n<li data-start=\"1893\" data-end=\"1907\">\n<p data-start=\"1896\" data-end=\"1907\">Vynuogi\u0173 ledas<\/p>\n<\/li>\n<li data-start=\"1908\" data-end=\"1939\">\n<p data-start=\"1911\" data-end=\"1939\">Mangostanas Rambutan Longanas<\/p>\n<\/li>\n<li data-start=\"1940\" data-end=\"1961\">\n<p data-start=\"1943\" data-end=\"1961\">Miami Mint Saldainiai<\/p>\n<\/li>\n<li data-start=\"1962\" data-end=\"1993\">\n<p data-start=\"1965\" data-end=\"1993\">Bra\u0161k\u0117s Rie\u0161ut\u0173 Citrina<\/p>\n<\/li>\n<li data-start=\"1994\" data-end=\"2030\">\n<p data-start=\"1998\" data-end=\"2030\">Vandensmelionas Ananasas Rie\u0161ut\u0173 Citrina<\/p>\n<\/li>\n<li data-start=\"2031\" data-end=\"2047\">\n<p data-start=\"2035\" data-end=\"2047\">Arb\u016bzas<\/p>\n<\/li>\n<li data-start=\"2048\" data-end=\"2075\">\n<p data-start=\"2052\" data-end=\"2075\">Balta persiko aviet\u0117<\/p>\n<\/li>\n<\/ul>\n<p>&nbsp;<\/p>\n<h2>Kod\u0117l rinktis Vapestornado vienkartini\u0173 vape didmeninei pirkimui?<\/h2>\n<div class=\"flex-shrink-0 flex flex-col relative items-end\">\n<div class=\"pt-0\">\n<div class=\"gizmo-bot-avatar flex h-8 w-8 items-center justify-center overflow-hidden rounded-full\">\n<div class=\"relative p-1 rounded-sm flex items-center justify-center bg-token-main-surface-primary text-token-text-primary h-8 w-8\">\n<p data-start=\"648\" data-end=\"799\">Rinktis <strong data-start=\"189\" data-end=\"205\">Vapestornado<\/strong> kaip j\u016bs\u0173 tiek\u0117jas d\u0117l <strong data-start=\"227\" data-end=\"261\">Elf Bar Moon Night 40000 R\u016bkan\u010di\u0173<\/strong> rei\u0161kia u\u017etikrinti partner\u012f, kuris supranta ES pagr\u012fst\u0173 didmeninink\u0173 ir ma\u017emeninink\u0173 poreikius. Mes sutelkiame d\u0117mes\u012f \u012f greit\u0105 pristatym\u0105, patvirtint\u0105 atsarg\u0105 ir stabil\u0173 ilgalaik\u012f tiekim\u0105 \u2013 pagrindinius veiksnius verslui, parduodan\u010diam didel\u012f kiek\u012f produkt\u0173, toki\u0173 kaip <strong data-start=\"489\" data-end=\"515\">Elf Bar Moon Night 40K<\/strong>. Kiekviena partija yra tiesiogiai gaunama i\u0161 sertifikuot\u0173 kanal\u0173, u\u017etikrinant autenti\u0161kus produktus, stipri\u0105 skonio nuoseklum\u0105 ir patikim\u0105 kokyb\u0119, atitinkan\u010di\u0105 ES pirk\u0117j\u0173 l\u016bkes\u010dius.<\/p>\n<p data-start=\"559\" data-end=\"933\" data-is-last-node=\"\" data-is-only-node=\"\">Mes taip pat turime kelet\u0105 kit\u0173 populiari\u0173 vienkartini\u0173 vape su ekranu, pvz. <a href=\"https:\/\/vapestornado.com\/lt\/product\/uzy-150k-puffs-6-in-1-flavor-switch-disposable-vape-pen-wholesale\/\">UZY 150K P\u016btelis skoni\u0173 keitimo vape<\/a>, <a href=\"https:\/\/vapestornado.com\/lt\/product\/vozol-rave-40k-40000-puffs-disposable-vape-smart-screen-5-nicotine\/\">VOZOL RAVE 40K Vienkartinis Vape<\/a>, <a href=\"https:\/\/vapestornado.com\/lt\/product\/waspe-150k-150000-puff-6-in-1-disposable-vape-pen-cartridge-best-wholesale-price-in-poland\/\">WASPE 150K P\u016bsl\u0117s 6-in-1<\/a>, ir daugiau.<\/p>\n<\/div>\n<div class=\"relative p-1 rounded-sm flex items-center justify-center bg-token-main-surface-primary text-token-text-primary h-8 w-8\">\n<h2><\/h2>\n<p data-start=\"5242\" data-end=\"5375\">\n<\/div>\n<\/div>\n<\/div>\n<\/div>","protected":false},"excerpt":{"rendered":"<article class=\"text-token-text-primary w-full focus:outline-none [--shadow-height:45px] has-data-writing-block:pointer-events-none has-data-writing-block:-mt-(--shadow-height) has-data-writing-block:pt-(--shadow-height) [&amp;:has([data-writing-block])&gt;*]:pointer-events-auto [content-visibility:auto] supports-[content-visibility:auto]:[contain-intrinsic-size:auto_100lvh] scroll-mt-[calc(var(--header-height)+min(200px,max(70px,20svh)))]\" dir=\"auto\" tabindex=\"-1\" data-turn-id=\"86ca9d92-7a10-4e6b-bda0-15f9df36adca\" data-testid=\"conversation-turn-120\" data-scroll-anchor=\"true\" data-turn=\"assistant\">\n<div class=\"text-base my-auto mx-auto pb-10 [--thread-content-margin:--spacing(4)] thread-sm:[--thread-content-margin:--spacing(6)] thread-lg:[--thread-content-margin:--spacing(16)] px-(--thread-content-margin)\">\n<div class=\"[--thread-content-max-width:40rem] thread-lg:[--thread-content-max-width:48rem] mx-auto max-w-(--thread-content-max-width) flex-1 group\/turn-messages focus-visible:outline-hidden relative flex w-full min-w-0 flex-col agent-turn\" tabindex=\"-1\">\n<div class=\"flex max-w-full flex-col grow\">\n<div class=\"min-h-8 text-message relative flex w-full flex-col items-end gap-2 text-start break-words whitespace-normal [.text-message+&amp;]:mt-1\" dir=\"auto\" data-message-author-role=\"assistant\" data-message-id=\"43b070d6-bf28-4fbe-8049-1032a61ea3ac\" data-message-model-slug=\"gpt-5\">\n<div class=\"flex w-full flex-col gap-1 empty:hidden first:pt-[1px]\">\n<div class=\"markdown prose dark:prose-invert w-full break-words light markdown-new-styling\">\n<article class=\"text-token-text-primary w-full focus:outline-none [--shadow-height:45px] has-data-writing-block:pointer-events-none has-data-writing-block:-mt-(--shadow-height) has-data-writing-block:pt-(--shadow-height) [&amp;:has([data-writing-block])&gt;*]:pointer-events-auto [content-visibility:auto] supports-[content-visibility:auto]:[contain-intrinsic-size:auto_100lvh] scroll-mt-[calc(var(--header-height)+min(200px,max(70px,20svh)))]\" dir=\"auto\" tabindex=\"-1\" data-turn-id=\"4d6f00b8-d41a-438b-8912-05a895842882\" data-testid=\"conversation-turn-130\" data-scroll-anchor=\"true\" data-turn=\"assistant\">\n<div class=\"text-base my-auto mx-auto pb-10 [--thread-content-margin:--spacing(4)] thread-sm:[--thread-content-margin:--spacing(6)] thread-lg:[--thread-content-margin:--spacing(16)] px-(--thread-content-margin)\">\n<div class=\"[--thread-content-max-width:40rem] thread-lg:[--thread-content-max-width:48rem] mx-auto max-w-(--thread-content-max-width) flex-1 group\/turn-messages focus-visible:outline-hidden relative flex w-full min-w-0 flex-col agent-turn\" tabindex=\"-1\">\n<div class=\"flex max-w-full flex-col grow\">\n<div class=\"min-h-8 text-message relative flex w-full flex-col items-end gap-2 text-start break-words whitespace-normal [.text-message+&amp;]:mt-1\" dir=\"auto\" data-message-author-role=\"assistant\" data-message-id=\"f3c520bf-c043-4392-87ea-b3bf1b3ae6d3\" data-message-model-slug=\"gpt-5-1\">\n<div class=\"flex w-full flex-col gap-1 empty:hidden first:pt-[1px]\">\n<div class=\"markdown prose dark:prose-invert w-full break-words light markdown-new-styling\">\n<p>1. VAPRIV\u00c9E 50K Jutiklinio ekrano vienkartinis \u2013 Premium 50000 p\u016btim\u0173 Vape didmenin\u0117 prekyba Lietuvoje<br \/>\n2. Lietuvoje didmenin\u0117 tiekimo: VAPRIV\u00c9E 50K mados Vape su Mega LED ir Dvigubais tinklelio rit\u0117mis<br \/>\n3. Didmenin\u0117 VAPRIV\u00c9E 50000 p\u016btim\u0173 rankin\u0117s stiliaus Vape \u2013 Geriausias pasirinkimas Lietuvos ma\u017emenininkams<\/p>\n<\/div>\n<\/div>\n<\/div>\n<\/div>\n<\/div>\n<\/div>\n<\/article>\n<div class=\"pointer-events-none h-px w-px\" aria-hidden=\"true\" data-edge=\"true\"><\/div>\n<\/div>\n<\/div>\n<\/div>\n<\/div>\n<\/div>\n<\/div>\n<\/article>\n<p><img fetchpriority=\"high\" decoding=\"async\" class=\"size-full wp-image-2932\" src=\"https:\/\/vapestornado.com\/wp-content\/uploads\/2024\/12\/Vape-Wholesale.jpg\" alt=\"Garintuvai Didmenin\u0117 prekyba\" width=\"229\" height=\"300\" \/><\/p>\n<h3><a href=\"https:\/\/wa.me\/8617776015835\"><span style=\"color: #ff0000;\"><strong>WhatsApp: +86 17776015835<\/strong><\/span><\/a><\/h3>\n<p>&nbsp;<\/p>","protected":false},"featured_media":4572,"comment_status":"open","ping_status":"closed","template":"","meta":{"_acf_changed":false,"_uag_custom_page_level_css":"","_lmt_disableupdate":"no","_lmt_disable":"","_monsterinsights_skip_tracking":false,"_monsterinsights_sitenote_active":false,"_monsterinsights_sitenote_note":"","_monsterinsights_sitenote_category":0,"site-sidebar-layout":"default","site-content-layout":"","ast-site-content-layout":"default","site-content-style":"default","site-sidebar-style":"default","ast-global-header-display":"","ast-banner-title-visibility":"","ast-main-header-display":"","ast-hfb-above-header-display":"","ast-hfb-below-header-display":"","ast-hfb-mobile-header-display":"","site-post-title":"","ast-breadcrumbs-content":"","ast-featured-img":"","footer-sml-layout":"","ast-disable-related-posts":"","theme-transparent-header-meta":"default","adv-header-id-meta":"","stick-header-meta":"","header-above-stick-meta":"","header-main-stick-meta":"","header-below-stick-meta":"","astra-migrate-meta-layouts":"set","ast-page-background-enabled":"default","ast-page-background-meta":{"desktop":{"background-color":"","background-image":"","background-repeat":"repeat","background-position":"center center","background-size":"auto","background-attachment":"scroll","background-type":"","background-media":"","overlay-type":"","overlay-color":"","overlay-opacity":"","overlay-gradient":""},"tablet":{"background-color":"","background-image":"","background-repeat":"repeat","background-position":"center center","background-size":"auto","background-attachment":"scroll","background-type":"","background-media":"","overlay-type":"","overlay-color":"","overlay-opacity":"","overlay-gradient":""},"mobile":{"background-color":"","background-image":"","background-repeat":"repeat","background-position":"center center","background-size":"auto","background-attachment":"scroll","background-type":"","background-media":"","overlay-type":"","overlay-color":"","overlay-opacity":"","overlay-gradient":""}},"ast-content-background-meta":{"desktop":{"background-color":"var(--ast-global-color-5)","background-image":"","background-repeat":"repeat","background-position":"center center","background-size":"auto","background-attachment":"scroll","background-type":"","background-media":"","overlay-type":"","overlay-color":"","overlay-opacity":"","overlay-gradient":""},"tablet":{"background-color":"var(--ast-global-color-5)","background-image":"","background-repeat":"repeat","background-position":"center center","background-size":"auto","background-attachment":"scroll","background-type":"","background-media":"","overlay-type":"","overlay-color":"","overlay-opacity":"","overlay-gradient":""},"mobile":{"background-color":"var(--ast-global-color-5)","background-image":"","background-repeat":"repeat","background-position":"center center","background-size":"auto","background-attachment":"scroll","background-type":"","background-media":"","overlay-type":"","overlay-color":"","overlay-opacity":"","overlay-gradient":""}},"_joinchat":{"telephone":"17776015835"}},"product_brand":[],"product_cat":[192,149,150,151,156,357,146],"product_tag":[105,189,436,268,442],"class_list":{"0":"post-4574","1":"product","2":"type-product","3":"status-publish","4":"has-post-thumbnail","6":"product_cat-50000-puff","7":"product_cat-buy-disposable-vapes-in-austria","8":"product_cat-buy-disposable-vapes-in-belgium","9":"product_cat-buy-disposable-vapes-in-france","10":"product_cat-buy-disposable-vapes-in-poland","11":"product_cat-flavor-adjustable-vape","12":"product_cat-rechargeable-disposable-vapes","13":"product_tag-digital-disposable-vape","14":"product_tag-puff-50k","15":"product_tag-shop-vape-online","16":"product_tag-touch-screen-vape","17":"product_tag-vaprivee-50k","18":"desktop-align-left","19":"tablet-align-left","20":"mobile-align-left","22":"first","23":"instock","24":"sale","25":"shipping-taxable","26":"purchasable","27":"product-type-simple"},"acf":[],"uagb_featured_image_src":{"full":["https:\/\/vapestornado.com\/wp-content\/uploads\/2025\/11\/VAPRIVEE-50000-Puff-50k-Popular-Vapes.webp",800,800,false],"thumbnail":["https:\/\/vapestornado.com\/wp-content\/uploads\/2025\/11\/VAPRIVEE-50000-Puff-50k-Popular-Vapes-150x150.webp",150,150,true],"medium":["https:\/\/vapestornado.com\/wp-content\/uploads\/2025\/11\/VAPRIVEE-50000-Puff-50k-Popular-Vapes-300x300.webp",300,300,true],"medium_large":["https:\/\/vapestornado.com\/wp-content\/uploads\/2025\/11\/VAPRIVEE-50000-Puff-50k-Popular-Vapes-768x768.webp",768,768,true],"large":["https:\/\/vapestornado.com\/wp-content\/uploads\/2025\/11\/VAPRIVEE-50000-Puff-50k-Popular-Vapes.webp",800,800,false],"1536x1536":["https:\/\/vapestornado.com\/wp-content\/uploads\/2025\/11\/VAPRIVEE-50000-Puff-50k-Popular-Vapes.webp",800,800,false],"2048x2048":["https:\/\/vapestornado.com\/wp-content\/uploads\/2025\/11\/VAPRIVEE-50000-Puff-50k-Popular-Vapes.webp",800,800,false],"trp-custom-language-flag":["https:\/\/vapestornado.com\/wp-content\/uploads\/2025\/11\/VAPRIVEE-50000-Puff-50k-Popular-Vapes-12x12.webp",12,12,true],"woocommerce_thumbnail":["https:\/\/vapestornado.com\/wp-content\/uploads\/2025\/11\/VAPRIVEE-50000-Puff-50k-Popular-Vapes-300x300.webp",300,300,true],"woocommerce_single":["https:\/\/vapestornado.com\/wp-content\/uploads\/2025\/11\/VAPRIVEE-50000-Puff-50k-Popular-Vapes-600x600.webp",600,600,true],"woocommerce_gallery_thumbnail":["https:\/\/vapestornado.com\/wp-content\/uploads\/2025\/11\/VAPRIVEE-50000-Puff-50k-Popular-Vapes-100x100.webp",100,100,true]},"uagb_author_info":{"display_name":"ESAMY","author_link":"https:\/\/vapestornado.com\/lt\/author\/"},"uagb_comment_info":0,"uagb_excerpt":"1. VAPRIV\u00c9E 50K Touch Screen Disposable \u2013 Premium 50000 Puffs Vape Wholesale France 2. France Bulk Supply: VAPRIV\u00c9E 50K Fashion Vape with Mega LED &amp; Dual Mesh Coils 3. Wholesale VAPRIV\u00c9E 50000 Puff Handbag-Style Vape \u2013 Best Seller for French Retailers WhatsApp: +86 17776015835 &nbsp;","_links":{"self":[{"href":"https:\/\/vapestornado.com\/lt\/wp-json\/wp\/v2\/product\/4574","targetHints":{"allow":["GET"]}}],"collection":[{"href":"https:\/\/vapestornado.com\/lt\/wp-json\/wp\/v2\/product"}],"about":[{"href":"https:\/\/vapestornado.com\/lt\/wp-json\/wp\/v2\/types\/product"}],"replies":[{"embeddable":true,"href":"https:\/\/vapestornado.com\/lt\/wp-json\/wp\/v2\/comments?post=4574"}],"wp:featuredmedia":[{"embeddable":true,"href":"https:\/\/vapestornado.com\/lt\/wp-json\/wp\/v2\/media\/4572"}],"wp:attachment":[{"href":"https:\/\/vapestornado.com\/lt\/wp-json\/wp\/v2\/media?parent=4574"}],"wp:term":[{"taxonomy":"product_brand","embeddable":true,"href":"https:\/\/vapestornado.com\/lt\/wp-json\/wp\/v2\/product_brand?post=4574"},{"taxonomy":"product_cat","embeddable":true,"href":"https:\/\/vapestornado.com\/lt\/wp-json\/wp\/v2\/product_cat?post=4574"},{"taxonomy":"product_tag","embeddable":true,"href":"https:\/\/vapestornado.com\/lt\/wp-json\/wp\/v2\/product_tag?post=4574"}],"curies":[{"name":"wp","href":"https:\/\/api.w.org\/{rel}","templated":true}]}}