{"id":4566,"date":"2025-11-18T08:50:18","date_gmt":"2025-11-18T08:50:18","guid":{"rendered":"https:\/\/vapestornado.com\/?post_type=product&#038;p=4566"},"modified":"2025-11-18T09:04:54","modified_gmt":"2025-11-18T09:04:54","slug":"bang-legend-150000-puffs-6-in-1-flavor-newest-disposable-vape","status":"publish","type":"product","link":"https:\/\/vapestornado.com\/lt\/product\/bang-legend-150000-puffs-6-in-1-flavor-newest-disposable-vape\/","title":{"rendered":"Bang Legend 150000 \u012ekv\u0117pim\u0173 6-in-1 Skoni\u0173 Naujausia Vienkartin\u0117 Vape"},"content":{"rendered":"<h2 data-pm-slice=\"1 1 []\">Bang Legend 150000 \u012ekv\u0117pim\u0173 6-in-1 Skoni\u0173 Naujausia Vienkartin\u0117 Vape \u2014 Lietuvoje populiariausias didmeninis vape pardav\u0117jas<\/h2>\n<p data-start=\"419\" data-end=\"845\">\u0160is <strong data-start=\"423\" data-end=\"451\">Bang Legend 150000 \u012ekv\u0117pim\u0173<\/strong> formuoja 2025 m. Europos vape rink\u0105 su formatu, sukurtu didmenininkams ir jauniems vyr\u0173 vartotojams, ie\u0161kantiems galios, skonio gilumo ir ilgaam\u017ei\u0161kumo. \u0160is <strong data-start=\"614\" data-end=\"640\">Naujausia Vienkartin\u0117 Vape<\/strong> atsine\u0161a patobulint\u0105 <strong data-start=\"660\" data-end=\"682\">6-in-1 skoni\u0173 vape<\/strong> sistem\u0105, leid\u017eian\u010di\u0105 naudotojams perjungti tarp \u0161e\u0161i\u0173 auk\u0161\u010diausios kokyb\u0117s mi\u0161ini\u0173 viename \u012frenginyje, supaprastindama atsarg\u0173 valdym\u0105 ma\u017emenininkams ir suteikdama universal\u0173 patirt\u012f galutiniams vartotojams.<\/p>\n<p data-start=\"847\" data-end=\"1062\">Sukurtas su didmenin\u0117s prekybos paskirtimi, Bang Legend 150K jungia patvarum\u0105, stabil\u0173 garo i\u0161\u0117jim\u0105 ir auk\u0161\u010diausios klas\u0117s \u0161ildymo technologij\u0105, tod\u0117l yra b\u016btinas sand\u0117liavimo pasirinkimas <strong data-start=\"1023\" data-end=\"1052\">Lietuvos didmenin\u0117 vape rinka<\/strong> kanaluose.<\/p>\n<p data-start=\"1064\" data-end=\"1568\">Valdomas 850mAh \u012fkraunamos baterijos ir 1.0*3 tinklelio rit\u0117s, \u012frenginys teikia skland\u0173 gar\u0105 ir dr\u0105s\u0173 skon\u012f nuo pirmojo \u012fkv\u0117pimo iki paskutinio p\u016btimo. Su Type-C greitu \u012fkrovimu ir did\u017eiuliu <strong data-start=\"1256\" data-end=\"1271\">150000 \u012fkv\u0117pim\u0173<\/strong> talpa, \u0161is modelis atitinka Europos rinkos poreik\u012f ilgalaik\u0117ms vienkartin\u0117ms vape, kurios suma\u017eina prastovas ir pagerina naudotojo patogum\u0105.<\/p>\n<p data-start=\"1570\" data-end=\"1827\">Tai yra \u012frenginio tipas, kur\u012f vertina Europos S\u0105jungos parduotuv\u0117s: patikimas, skanus, didel\u0117s talpos ir paruo\u0161tas didmeninei pirkimui. The <strong data-start=\"1682\" data-end=\"1710\">Bang Legend 150000 \u012ekv\u0117pim\u0173<\/strong> n\u0117ra tik dar viena vienkartin\u0117 \u2013 tai kategorijos lyderis, sukurtas rimtiems ma\u017emenininkams ir platintojams visoje Europoje.<\/p>\n<p data-start=\"666\" data-end=\"1235\"><strong style=\"font-size: 16px;\"><span style=\"color: #ff0000;\">Prid\u0117kite Amy WhatsApp, kad gautum\u0117te tinkam\u0105 atsakym\u0105 ir nuolaid\u0105!<\/span><\/strong><\/p>\n<p><img fetchpriority=\"high\" decoding=\"async\" class=\"size-full wp-image-2932\" src=\"https:\/\/vapestornado.com\/wp-content\/uploads\/2024\/12\/Vape-Wholesale.jpg\" alt=\"Garintuvai Didmenin\u0117 prekyba\" width=\"229\" height=\"300\" \/><\/p>\n<h3><a href=\"https:\/\/wa.me\/8617776015835\" target=\"_blank\" rel=\"noopener\"><span style=\"color: #ff0000;\"><strong>WhatsApp: +86 17776015835<\/strong><\/span><\/a><\/h3>\n<p>&nbsp;<\/p>\n<h2><strong>Kas i\u0161skiria Bang Legend 150000 R\u016bkan\u010di\u0173j\u0173 vienkartin\u012f Vape Pie\u0161tuk\u0105?<\/strong><\/h2>\n<ul>\n<li data-start=\"3944\" data-end=\"3990\">\n<p data-start=\"3946\" data-end=\"3990\"><strong data-start=\"3946\" data-end=\"3970\">150000 p\u016btimo talpa<\/strong> ilgam naudojimui<\/p>\n<\/li>\n<li data-start=\"3991\" data-end=\"4055\">\n<p data-start=\"3993\" data-end=\"4055\"><strong data-start=\"3993\" data-end=\"4019\">6 viename skonio rotacija<\/strong> sukurtas pagal Europos jaunimo pageidavimus<\/p>\n<\/li>\n<li data-start=\"4056\" data-end=\"4109\">\n<p data-start=\"4058\" data-end=\"4109\"><strong data-start=\"4058\" data-end=\"4077\">1.0*3 tinklelio rit\u0117<\/strong> teikia \u0161var\u0173, tank\u0173 gar\u0105<\/p>\n<\/li>\n<li data-start=\"4110\" data-end=\"4151\">\n<p data-start=\"4112\" data-end=\"4151\"><strong data-start=\"4112\" data-end=\"4130\">850 mAh baterija<\/strong> su stabiliu i\u0161\u0117jimu<\/p>\n<\/li>\n<li data-start=\"4152\" data-end=\"4201\">\n<p data-start=\"4154\" data-end=\"4201\"><strong data-start=\"4154\" data-end=\"4178\">C tipo greit\u0105j\u012f \u012fkrovim\u0105<\/strong> minimaliai prastov\u0173<\/p>\n<\/li>\n<li data-start=\"4202\" data-end=\"4272\">\n<p data-start=\"4204\" data-end=\"4272\"><strong data-start=\"4204\" data-end=\"4229\">OEM\/ODM pritaikymas<\/strong> didmenin\u0117s prekybos ir priva\u010di\u0173 preki\u0173 \u017eenkl\u0173 gamintojams<\/p>\n<\/li>\n<\/ul>\n<figure id=\"attachment_4561\" aria-describedby=\"caption-attachment-4561\" style=\"width: 300px\" class=\"wp-caption alignnone\"><img decoding=\"async\" class=\"size-medium wp-image-4561\" src=\"https:\/\/vapestornado.com\/wp-content\/uploads\/2025\/11\/Bang-Legend-150K-Puff-Multi-Flavor-Disposable-Vape-300x300.webp\" alt=\"Bang Legend 150K P\u016bst\u0173 \u012evairi\u0173 Skoni\u0173 Vienkartinis Vape\" width=\"300\" height=\"300\" srcset=\"https:\/\/vapestornado.com\/wp-content\/uploads\/2025\/11\/Bang-Legend-150K-Puff-Multi-Flavor-Disposable-Vape-300x300.webp 300w, https:\/\/vapestornado.com\/wp-content\/uploads\/2025\/11\/Bang-Legend-150K-Puff-Multi-Flavor-Disposable-Vape-150x150.webp 150w, https:\/\/vapestornado.com\/wp-content\/uploads\/2025\/11\/Bang-Legend-150K-Puff-Multi-Flavor-Disposable-Vape-768x768.webp 768w, https:\/\/vapestornado.com\/wp-content\/uploads\/2025\/11\/Bang-Legend-150K-Puff-Multi-Flavor-Disposable-Vape-12x12.webp 12w, https:\/\/vapestornado.com\/wp-content\/uploads\/2025\/11\/Bang-Legend-150K-Puff-Multi-Flavor-Disposable-Vape-600x600.webp 600w, https:\/\/vapestornado.com\/wp-content\/uploads\/2025\/11\/Bang-Legend-150K-Puff-Multi-Flavor-Disposable-Vape-100x100.webp 100w, https:\/\/vapestornado.com\/wp-content\/uploads\/2025\/11\/Bang-Legend-150K-Puff-Multi-Flavor-Disposable-Vape.webp 800w\" sizes=\"(max-width: 300px) 100vw, 300px\" \/><figcaption id=\"caption-attachment-4561\" class=\"wp-caption-text\">Bang Legend 150K P\u016bst\u0173 \u012evairi\u0173 Skoni\u0173 Vienkartinis Vape<\/figcaption><\/figure>\n<h2 class=\"product-title\"><strong>Bang Legend 150000 P\u016bst\u0173 Vienkartini\u0173 Vape Skoni\u0173 S\u0105ra\u0161as<\/strong><\/h2>\n<h2 data-start=\"1834\" data-end=\"1884\"><\/h2>\n<ol>\n<li style=\"list-style-type: none;\">\n<ol data-start=\"1886\" data-end=\"3879\">\n<li data-start=\"1886\" data-end=\"2027\">\n<p data-start=\"1889\" data-end=\"2027\"><strong data-start=\"1889\" data-end=\"1934\">Persik\u0173 Ledas \/ Mango Persikas \/ M\u0117lyni\u0173 Persikas<\/strong><br data-start=\"1934\" data-end=\"1937\" \/>Persik\u0173 Ledas + Mango Persikas \/ Persik\u0173 Ledas + M\u0117lyni\u0173 Persikas \/ Mango Persikas + M\u0117lyni\u0173 Persikas<\/p>\n<\/li>\n<li data-start=\"2028\" data-end=\"2214\">\n<p data-start=\"2031\" data-end=\"2214\"><strong data-start=\"2031\" data-end=\"2091\">Ananas\u0173 Ledas \/ Ananas\u0173 Kokosai \/ Kivi Ananasas<\/strong><br data-start=\"2091\" data-end=\"2094\" \/>Ananas\u0173 Ledas + Ananas\u0173 Kokosai \/ Ananas\u0173 Ledas + Kivi Ananasas \/ Ananas\u0173 Kokosai + Kivi Ananasas<\/p>\n<\/li>\n<li data-start=\"2215\" data-end=\"2371\">\n<p data-start=\"2218\" data-end=\"2371\"><strong data-start=\"2218\" data-end=\"2268\">Vynuogi\u0173 Ledas \/ Vynuogi\u0173 Burbul\u0173 Kramtukas \/ Avie\u010di\u0173 Vynuog\u0117<\/strong><br data-start=\"2268\" data-end=\"2271\" \/>Vynuogi\u0173 Ledas + Vynuogi\u0173 Burbul\u0173 Kramtukas \/ Vynuogi\u0173 Ledas + Avie\u010di\u0173 Vynuog\u0117 \/ Vynuogi\u0173 Burbul\u0173 Kramtukas + Avie\u010di\u0173 Vynuog\u0117<\/p>\n<\/li>\n<li data-start=\"2372\" data-end=\"2567\">\n<p data-start=\"2375\" data-end=\"2567\"><strong data-start=\"2375\" data-end=\"2438\">Vandensmelion\u0173 ledas \/ Vandensmelion\u0173 uogos \/ Bra\u0161ki\u0173 Vandensmelionas<\/strong><br data-start=\"2438\" data-end=\"2441\" \/>Vandensmelion\u0173 ledas + Vandensmelion\u0173 uogos \/ Vandensmelion\u0173 ledas + Bra\u0161ki\u0173 Vandensmelionas \/ Vandensmelion\u0173 uogos + Bra\u0161ki\u0173 Vandensmelionas<\/p>\n<\/li>\n<li data-start=\"2568\" data-end=\"2778\">\n<p data-start=\"2571\" data-end=\"2778\"><strong data-start=\"2571\" data-end=\"2639\">M\u0117lyni\u0173 ledas \/ M\u0117lyni\u0173 aviet\u0117 \/ M\u0117lyni\u0173 spanguoli\u0173 vy\u0161nia<\/strong><br data-start=\"2639\" data-end=\"2642\" \/>M\u0117lyni\u0173 ledas + M\u0117lyni\u0173 aviet\u0117 \/ M\u0117lyni\u0173 ledas + M\u0117lyni\u0173 spanguoli\u0173 vy\u0161nia \/ M\u0117lyni\u0173 aviet\u0117 + M\u0117lyni\u0173 spanguoli\u0173 vy\u0161nia<\/p>\n<\/li>\n<li data-start=\"2779\" data-end=\"2950\">\n<p data-start=\"2782\" data-end=\"2950\"><strong data-start=\"2782\" data-end=\"2837\">Banano ledas \/ Bra\u0161ki\u0173 Banana \/ Citrinos r\u016bg\u0161ties apelsinas<\/strong><br data-start=\"2837\" data-end=\"2840\" \/>Banano ledas + Bra\u0161ki\u0173 Banana \/ Banano ledas + Citrinos r\u016bg\u0161ties apelsinas \/ Bra\u0161ki\u0173 Banana + Citrinos r\u016bg\u0161ties apelsinas<\/p>\n<\/li>\n<li data-start=\"2951\" data-end=\"3092\">\n<p data-start=\"2954\" data-end=\"3092\"><strong data-start=\"2954\" data-end=\"2999\">Obuoli\u0173 ledas \/ Obuolio vynuog\u0117s \/ M\u0117lyni\u0173 vynuog\u0117s<\/strong><br data-start=\"2999\" data-end=\"3002\" \/>Obuoli\u0173 ledas + Obuolio vynuog\u0117s \/ Obuoli\u0173 ledas + M\u0117lyni\u0173 vynuog\u0117s \/ Obuolio vynuog\u0117s + M\u0117lyni\u0173 vynuog\u0117s<\/p>\n<\/li>\n<li data-start=\"3093\" data-end=\"3252\">\n<p data-start=\"3096\" data-end=\"3252\"><strong data-start=\"3096\" data-end=\"3147\">Mango ledas \/ Persiko Mango Vandensmelionas \/ Gumin\u0117 me\u0161kiukas<\/strong><br data-start=\"3147\" data-end=\"3150\" \/>Mango ledas + Persiko Mango Vandensmelionas \/ Mango ledas + Gumin\u0117 me\u0161kiukas \/ Persiko Mango Vandensmelionas + Gumin\u0117 me\u0161kiukas<\/p>\n<\/li>\n<li data-start=\"3253\" data-end=\"3382\">\n<p data-start=\"3256\" data-end=\"3382\"><strong data-start=\"3256\" data-end=\"3297\">V\u0117lyvosios vy\u0161nios ledas \/ Mi\u0161rios uogos \/ Raudona kola<\/strong><br data-start=\"3297\" data-end=\"3300\" \/>V\u0117lyvosios vy\u0161nios ledas + Mi\u0161rios uogos \/ V\u0117lyvosios vy\u0161nios ledas + Raudona kola \/ Mi\u0161rios uogos + Raudona kola<\/p>\n<\/li>\n<li data-start=\"3383\" data-end=\"3528\">\n<p data-start=\"3387\" data-end=\"3528\"><strong data-start=\"3387\" data-end=\"3433\">Raudonasis Bull \/ Vandensmelion\u0173 burbuliuk\u0173 guma \/ Love 66<\/strong><br data-start=\"3433\" data-end=\"3436\" \/>Raudonasis Bull + Vandensmelion\u0173 burbuliuk\u0173 guma \/ Raudonasis Bull + Love 66 \/ Vandensmelion\u0173 burbuliuk\u0173 guma + Love 66<\/p>\n<\/li>\n<li data-start=\"3529\" data-end=\"3704\">\n<p data-start=\"3533\" data-end=\"3704\"><strong data-start=\"3533\" data-end=\"3589\">Bra\u0161ki\u0173 ledas \/ Bra\u0161ki\u0173 Kivi \/ Bra\u0161ki\u0173 Li\u010dis<\/strong><br data-start=\"3589\" data-end=\"3592\" \/>Bra\u0161ki\u0173 ledas + Bra\u0161ki\u0173 Kivi \/ Bra\u0161ki\u0173 ledas + Bra\u0161ki\u0173 Li\u010dius \/ Bra\u0161ki\u0173 Kivi + Bra\u0161ki\u0173 Li\u010dius<\/p>\n<\/li>\n<li data-start=\"3705\" data-end=\"3879\">\n<p data-start=\"3709\" data-end=\"3879\"><strong data-start=\"3709\" data-end=\"3772\">Aistringa aistros vaisius \/ Gvajavos laimas \/ Aistros vaisius su citrina<\/strong><br data-start=\"3772\" data-end=\"3775\" \/>Aistros vaisius + Gvajavos laimas \/ Aistros vaisius + Aistros vaisius su citrina \/ Gvajavos laimas + Aistros vaisius su citrina<\/p>\n<\/li>\n<\/ol>\n<\/li>\n<\/ol>\n<p>&nbsp;<\/p>\n<h2>Kod\u0117l verta rinktis Vapestornado Bang Legend 150000 p\u016btimo didel\u012f kiek\u012f?<\/h2>\n<div class=\"flex-shrink-0 flex flex-col relative items-end\">\n<div class=\"pt-0\">\n<div class=\"gizmo-bot-avatar flex h-8 w-8 items-center justify-center overflow-hidden rounded-full\">\n<div class=\"relative p-1 rounded-sm flex items-center justify-center bg-token-main-surface-primary text-token-text-primary h-8 w-8\">\n<p data-start=\"648\" data-end=\"799\">Rinktis <strong data-start=\"189\" data-end=\"205\">Vapestornado<\/strong> kaip j\u016bs\u0173 tiek\u0117jas d\u0117l <strong data-start=\"227\" data-end=\"261\">Elf Bar Moon Night 40000 R\u016bkan\u010di\u0173<\/strong> rei\u0161kia u\u017etikrinti partner\u012f, kuris supranta ES pagr\u012fst\u0173 didmeninink\u0173 ir ma\u017emeninink\u0173 poreikius. Mes sutelkiame d\u0117mes\u012f \u012f greit\u0105 pristatym\u0105, patvirtint\u0105 atsarg\u0105 ir stabil\u0173 ilgalaik\u012f tiekim\u0105 \u2013 pagrindinius veiksnius verslui, parduodan\u010diam didel\u012f kiek\u012f produkt\u0173, toki\u0173 kaip <strong data-start=\"489\" data-end=\"515\">Elf Bar Moon Night 40K<\/strong>. Kiekviena partija yra tiesiogiai gaunama i\u0161 sertifikuot\u0173 kanal\u0173, u\u017etikrinant autenti\u0161kus produktus, stipri\u0105 skonio nuoseklum\u0105 ir patikim\u0105 kokyb\u0119, atitinkan\u010di\u0105 ES pirk\u0117j\u0173 l\u016bkes\u010dius.<\/p>\n<p data-start=\"559\" data-end=\"933\" data-is-last-node=\"\" data-is-only-node=\"\">Mes taip pat turime kelet\u0105 kit\u0173 populiari\u0173 vienkartini\u0173 vape su ekranu, pvz. <a href=\"https:\/\/vapestornado.com\/lt\/product\/uzy-150k-puffs-6-in-1-flavor-switch-disposable-vape-pen-wholesale\/\">UZY 150K P\u016btelis skoni\u0173 keitimo vape<\/a>, <a href=\"https:\/\/vapestornado.com\/lt\/product\/vozol-rave-40k-40000-puffs-disposable-vape-smart-screen-5-nicotine\/\">VOZOL RAVE 40K Vienkartinis Vape<\/a>, <a href=\"https:\/\/vapestornado.com\/lt\/product\/waspe-150k-150000-puff-6-in-1-disposable-vape-pen-cartridge-best-wholesale-price-in-poland\/\">WASPE 150K P\u016bsl\u0117s 6-in-1<\/a>, ir daugiau.<\/p>\n<\/div>\n<div class=\"relative p-1 rounded-sm flex items-center justify-center bg-token-main-surface-primary text-token-text-primary h-8 w-8\">\n<h2>DUK Apie Bang Legend 150000 R\u016bkan\u010di\u0173<\/h2>\n<p data-start=\"4658\" data-end=\"4815\"><strong data-start=\"4658\" data-end=\"4721\">1. Kiek laiko paprastai tarnauja Bang Legend 150000 R\u016bkan\u010di\u0173?<\/strong><br data-start=\"4721\" data-end=\"4724\" \/>Vidutiniam naudotojui \u012frenginys gali tarnauti kelias savaites d\u0117l didelio 150 t\u016bkst. r\u016bkan\u010di\u0173 talpos.<\/p>\n<p data-start=\"4817\" data-end=\"4927\"><strong data-start=\"4817\" data-end=\"4861\">2. Ar Bang Legend 150K yra \u012fkraunamas?<\/strong><br data-start=\"4861\" data-end=\"4864\" \/>Taip, jis turi Type-C jungt\u012f greitam ir efektyviam \u012fkrovimui.<\/p>\n<p data-start=\"4929\" data-end=\"5084\"><strong data-start=\"4929\" data-end=\"4980\">3. Kas daro 6-in-1 skonio sistem\u0105 ypatinga?<\/strong><br data-start=\"4980\" data-end=\"4983\" \/>Ji leid\u017eia vartotojams akimirksniu keisti tarp \u0161e\u0161i\u0173 skoni\u0173, suma\u017einant poreik\u012f ne\u0161iotis kelis \u012frenginius.<\/p>\n<p data-start=\"5086\" data-end=\"5240\"><strong data-start=\"5086\" data-end=\"5146\">4. Ar \u0161is modelis tinka Italijos geriausiam Vape didmeninei prekybai?<\/strong><br data-start=\"5146\" data-end=\"5149\" \/>Taip, jis labai rekomenduojamas didmenin\u0117ms tinklams d\u0117l paklausos ir tiekimo stabilumo.<\/p>\n<p data-start=\"5242\" data-end=\"5375\"><strong data-start=\"5242\" data-end=\"5287\">5. Ar Bang Legend 150K naudoja tinklelio rit\u0119?<\/strong><br data-start=\"5287\" data-end=\"5290\" \/>Jame yra 1.0*3 tinklelio rit\u0117, u\u017etikrinanti tolyg\u0173 \u0161ildym\u0105 ir stipr\u0173, nuosekl\u0173 skon\u012f.<\/p>\n<\/div>\n<\/div>\n<\/div>\n<\/div>","protected":false},"excerpt":{"rendered":"<article class=\"text-token-text-primary w-full focus:outline-none [--shadow-height:45px] has-data-writing-block:pointer-events-none has-data-writing-block:-mt-(--shadow-height) has-data-writing-block:pt-(--shadow-height) [&amp;:has([data-writing-block])&gt;*]:pointer-events-auto [content-visibility:auto] supports-[content-visibility:auto]:[contain-intrinsic-size:auto_100lvh] scroll-mt-[calc(var(--header-height)+min(200px,max(70px,20svh)))]\" dir=\"auto\" tabindex=\"-1\" data-turn-id=\"86ca9d92-7a10-4e6b-bda0-15f9df36adca\" data-testid=\"conversation-turn-120\" data-scroll-anchor=\"true\" data-turn=\"assistant\">\n<div class=\"text-base my-auto mx-auto pb-10 [--thread-content-margin:--spacing(4)] thread-sm:[--thread-content-margin:--spacing(6)] thread-lg:[--thread-content-margin:--spacing(16)] px-(--thread-content-margin)\">\n<div class=\"[--thread-content-max-width:40rem] thread-lg:[--thread-content-max-width:48rem] mx-auto max-w-(--thread-content-max-width) flex-1 group\/turn-messages focus-visible:outline-hidden relative flex w-full min-w-0 flex-col agent-turn\" tabindex=\"-1\">\n<div class=\"flex max-w-full flex-col grow\">\n<div class=\"min-h-8 text-message relative flex w-full flex-col items-end gap-2 text-start break-words whitespace-normal [.text-message+&amp;]:mt-1\" dir=\"auto\" data-message-author-role=\"assistant\" data-message-id=\"43b070d6-bf28-4fbe-8049-1032a61ea3ac\" data-message-model-slug=\"gpt-5\">\n<div class=\"flex w-full flex-col gap-1 empty:hidden first:pt-[1px]\">\n<div class=\"markdown prose dark:prose-invert w-full break-words light markdown-new-styling\">\n<article class=\"text-token-text-primary w-full focus:outline-none [--shadow-height:45px] has-data-writing-block:pointer-events-none has-data-writing-block:-mt-(--shadow-height) has-data-writing-block:pt-(--shadow-height) [&amp;:has([data-writing-block])&gt;*]:pointer-events-auto [content-visibility:auto] supports-[content-visibility:auto]:[contain-intrinsic-size:auto_100lvh] scroll-mt-[calc(var(--header-height)+min(200px,max(70px,20svh)))]\" dir=\"auto\" tabindex=\"-1\" data-turn-id=\"4d6f00b8-d41a-438b-8912-05a895842882\" data-testid=\"conversation-turn-130\" data-scroll-anchor=\"true\" data-turn=\"assistant\">\n<div class=\"text-base my-auto mx-auto pb-10 [--thread-content-margin:--spacing(4)] thread-sm:[--thread-content-margin:--spacing(6)] thread-lg:[--thread-content-margin:--spacing(16)] px-(--thread-content-margin)\">\n<div class=\"[--thread-content-max-width:40rem] thread-lg:[--thread-content-max-width:48rem] mx-auto max-w-(--thread-content-max-width) flex-1 group\/turn-messages focus-visible:outline-hidden relative flex w-full min-w-0 flex-col agent-turn\" tabindex=\"-1\">\n<div class=\"flex max-w-full flex-col grow\">\n<div class=\"min-h-8 text-message relative flex w-full flex-col items-end gap-2 text-start break-words whitespace-normal [.text-message+&amp;]:mt-1\" dir=\"auto\" data-message-author-role=\"assistant\" data-message-id=\"f3c520bf-c043-4392-87ea-b3bf1b3ae6d3\" data-message-model-slug=\"gpt-5-1\">\n<div class=\"flex w-full flex-col gap-1 empty:hidden first:pt-[1px]\">\n<div class=\"markdown prose dark:prose-invert w-full break-words light markdown-new-styling\">\n<p>Bang Legend 150000 \u012ekv\u0117pim\u0173 6-in-1 \u2014 Lietuvoje populiariausia naujausia vienkartin\u0117 vape<\/p>\n<p>Bang Legend 150K 6-in-1 Skoni\u0173 Vape didmenin\u0117ms \u012fmon\u0117ms Lietuvoje \u2014 Galinga, ilgaam\u017e\u0117, paruo\u0161ta didmeniniams u\u017esakymams<\/p>\n<p>Bang Legend 150000 \u012ekv\u0117pim\u0173 Vienkartin\u0117 Vape \u2014 Auk\u0161\u010diausios kokyb\u0117s 6 skoni\u0173 rotacija Europos vape rinkai<\/p>\n<\/div>\n<\/div>\n<\/div>\n<\/div>\n<\/div>\n<\/div>\n<\/article>\n<div class=\"pointer-events-none h-px w-px\" aria-hidden=\"true\" data-edge=\"true\"><\/div>\n<\/div>\n<\/div>\n<\/div>\n<\/div>\n<\/div>\n<\/div>\n<\/article>\n<p><img fetchpriority=\"high\" decoding=\"async\" class=\"size-full wp-image-2932\" src=\"https:\/\/vapestornado.com\/wp-content\/uploads\/2024\/12\/Vape-Wholesale.jpg\" alt=\"Garintuvai Didmenin\u0117 prekyba\" width=\"229\" height=\"300\" \/><\/p>\n<h3><a href=\"https:\/\/wa.me\/8617776015835\"><span style=\"color: #ff0000;\"><strong>WhatsApp: +86 17776015835<\/strong><\/span><\/a><\/h3>\n<p>&nbsp;<\/p>","protected":false},"featured_media":4560,"comment_status":"open","ping_status":"closed","template":"","meta":{"_acf_changed":false,"_uag_custom_page_level_css":"","_lmt_disableupdate":"no","_lmt_disable":"","_monsterinsights_skip_tracking":false,"_monsterinsights_sitenote_active":false,"_monsterinsights_sitenote_note":"","_monsterinsights_sitenote_category":0,"site-sidebar-layout":"default","site-content-layout":"","ast-site-content-layout":"default","site-content-style":"default","site-sidebar-style":"default","ast-global-header-display":"","ast-banner-title-visibility":"","ast-main-header-display":"","ast-hfb-above-header-display":"","ast-hfb-below-header-display":"","ast-hfb-mobile-header-display":"","site-post-title":"","ast-breadcrumbs-content":"","ast-featured-img":"","footer-sml-layout":"","ast-disable-related-posts":"","theme-transparent-header-meta":"default","adv-header-id-meta":"","stick-header-meta":"","header-above-stick-meta":"","header-main-stick-meta":"","header-below-stick-meta":"","astra-migrate-meta-layouts":"set","ast-page-background-enabled":"default","ast-page-background-meta":{"desktop":{"background-color":"","background-image":"","background-repeat":"repeat","background-position":"center center","background-size":"auto","background-attachment":"scroll","background-type":"","background-media":"","overlay-type":"","overlay-color":"","overlay-opacity":"","overlay-gradient":""},"tablet":{"background-color":"","background-image":"","background-repeat":"repeat","background-position":"center center","background-size":"auto","background-attachment":"scroll","background-type":"","background-media":"","overlay-type":"","overlay-color":"","overlay-opacity":"","overlay-gradient":""},"mobile":{"background-color":"","background-image":"","background-repeat":"repeat","background-position":"center center","background-size":"auto","background-attachment":"scroll","background-type":"","background-media":"","overlay-type":"","overlay-color":"","overlay-opacity":"","overlay-gradient":""}},"ast-content-background-meta":{"desktop":{"background-color":"var(--ast-global-color-5)","background-image":"","background-repeat":"repeat","background-position":"center center","background-size":"auto","background-attachment":"scroll","background-type":"","background-media":"","overlay-type":"","overlay-color":"","overlay-opacity":"","overlay-gradient":""},"tablet":{"background-color":"var(--ast-global-color-5)","background-image":"","background-repeat":"repeat","background-position":"center center","background-size":"auto","background-attachment":"scroll","background-type":"","background-media":"","overlay-type":"","overlay-color":"","overlay-opacity":"","overlay-gradient":""},"mobile":{"background-color":"var(--ast-global-color-5)","background-image":"","background-repeat":"repeat","background-position":"center center","background-size":"auto","background-attachment":"scroll","background-type":"","background-media":"","overlay-type":"","overlay-color":"","overlay-opacity":"","overlay-gradient":""}},"_joinchat":{"telephone":"17776015835"}},"product_brand":[],"product_cat":[394,62,149,150,156,357,146],"product_tag":[440,105,441,436,435,439,301],"class_list":{"0":"post-4566","1":"product","2":"type-product","3":"status-publish","4":"has-post-thumbnail","6":"product_cat-150000-puff","7":"product_cat-bang-vape","8":"product_cat-buy-disposable-vapes-in-austria","9":"product_cat-buy-disposable-vapes-in-belgium","10":"product_cat-buy-disposable-vapes-in-poland","11":"product_cat-flavor-adjustable-vape","12":"product_cat-rechargeable-disposable-vapes","13":"product_tag-bang-legend-150000","14":"product_tag-digital-disposable-vape","15":"product_tag-puff-150k","16":"product_tag-shop-vape-online","17":"product_tag-vape-eu-wholesale","18":"product_tag-vape-germany-wholesale","19":"product_tag-vapor-wholesale","20":"desktop-align-left","21":"tablet-align-left","22":"mobile-align-left","24":"first","25":"instock","26":"sale","27":"shipping-taxable","28":"purchasable","29":"product-type-simple"},"acf":[],"uagb_featured_image_src":{"full":["https:\/\/vapestornado.com\/wp-content\/uploads\/2025\/11\/Bang-Legend-150K-Puff-Disposable-Vape.webp",800,800,false],"thumbnail":["https:\/\/vapestornado.com\/wp-content\/uploads\/2025\/11\/Bang-Legend-150K-Puff-Disposable-Vape-150x150.webp",150,150,true],"medium":["https:\/\/vapestornado.com\/wp-content\/uploads\/2025\/11\/Bang-Legend-150K-Puff-Disposable-Vape-300x300.webp",300,300,true],"medium_large":["https:\/\/vapestornado.com\/wp-content\/uploads\/2025\/11\/Bang-Legend-150K-Puff-Disposable-Vape-768x768.webp",768,768,true],"large":["https:\/\/vapestornado.com\/wp-content\/uploads\/2025\/11\/Bang-Legend-150K-Puff-Disposable-Vape.webp",800,800,false],"1536x1536":["https:\/\/vapestornado.com\/wp-content\/uploads\/2025\/11\/Bang-Legend-150K-Puff-Disposable-Vape.webp",800,800,false],"2048x2048":["https:\/\/vapestornado.com\/wp-content\/uploads\/2025\/11\/Bang-Legend-150K-Puff-Disposable-Vape.webp",800,800,false],"trp-custom-language-flag":["https:\/\/vapestornado.com\/wp-content\/uploads\/2025\/11\/Bang-Legend-150K-Puff-Disposable-Vape-12x12.webp",12,12,true],"woocommerce_thumbnail":["https:\/\/vapestornado.com\/wp-content\/uploads\/2025\/11\/Bang-Legend-150K-Puff-Disposable-Vape-300x300.webp",300,300,true],"woocommerce_single":["https:\/\/vapestornado.com\/wp-content\/uploads\/2025\/11\/Bang-Legend-150K-Puff-Disposable-Vape-600x600.webp",600,600,true],"woocommerce_gallery_thumbnail":["https:\/\/vapestornado.com\/wp-content\/uploads\/2025\/11\/Bang-Legend-150K-Puff-Disposable-Vape-100x100.webp",100,100,true]},"uagb_author_info":{"display_name":"ESAMY","author_link":"https:\/\/vapestornado.com\/lt\/author\/"},"uagb_comment_info":0,"uagb_excerpt":"Bang Legend 150000 Puffs 6 in 1 \u2014 Italy\u2019s Best-Selling Newest Disposable Vape Bang Legend 150K 6 in 1 Flavor Vape for EU Wholesalers \u2014 Powerful, Long-Lasting, Ready for Bulk Orders Bang Legend 150000 Puffs Disposable Vape \u2014 Premium 6-Flavor Rotation for Europe\u2019s Vape Market WhatsApp: +86 17776015835 &nbsp;","_links":{"self":[{"href":"https:\/\/vapestornado.com\/lt\/wp-json\/wp\/v2\/product\/4566","targetHints":{"allow":["GET"]}}],"collection":[{"href":"https:\/\/vapestornado.com\/lt\/wp-json\/wp\/v2\/product"}],"about":[{"href":"https:\/\/vapestornado.com\/lt\/wp-json\/wp\/v2\/types\/product"}],"replies":[{"embeddable":true,"href":"https:\/\/vapestornado.com\/lt\/wp-json\/wp\/v2\/comments?post=4566"}],"wp:featuredmedia":[{"embeddable":true,"href":"https:\/\/vapestornado.com\/lt\/wp-json\/wp\/v2\/media\/4560"}],"wp:attachment":[{"href":"https:\/\/vapestornado.com\/lt\/wp-json\/wp\/v2\/media?parent=4566"}],"wp:term":[{"taxonomy":"product_brand","embeddable":true,"href":"https:\/\/vapestornado.com\/lt\/wp-json\/wp\/v2\/product_brand?post=4566"},{"taxonomy":"product_cat","embeddable":true,"href":"https:\/\/vapestornado.com\/lt\/wp-json\/wp\/v2\/product_cat?post=4566"},{"taxonomy":"product_tag","embeddable":true,"href":"https:\/\/vapestornado.com\/lt\/wp-json\/wp\/v2\/product_tag?post=4566"}],"curies":[{"name":"wp","href":"https:\/\/api.w.org\/{rel}","templated":true}]}}