{"id":4559,"date":"2025-11-18T06:36:49","date_gmt":"2025-11-18T06:36:49","guid":{"rendered":"https:\/\/vapestornado.com\/?post_type=product&#038;p=4559"},"modified":"2025-11-17T09:46:46","modified_gmt":"2025-11-17T09:46:46","slug":"elf-bar-moon-night-40000-puffs-disposable-vape-germany-wholesale","status":"publish","type":"product","link":"https:\/\/vapestornado.com\/lt\/product\/elf-bar-moon-night-40000-puffs-disposable-vape-germany-wholesale\/","title":{"rendered":"Elf Bar Moon Night 40000 P\u016b\u010di\u0173 Vienkartinis Vape Vokietijos Didmenin\u0117 prekyba"},"content":{"rendered":"<h2 data-pm-slice=\"1 1 []\">Elf Bar Moon Night 40000 P\u016b\u010di\u0173 \u2013 Vokietijos didmenin\u0117 prekyba paklausia vienkartiniu vape<\/h2>\n<p data-start=\"88\" data-end=\"570\">\u0160is <strong data-start=\"92\" data-end=\"120\">Elf Bar Moon Night 40000<\/strong> sukurtas EU pirk\u0117jams, kurie nori patvarumo, stipraus skonio ai\u0161kumo ir \u0161varaus visos dienos \u012fkv\u0117pimo. Su dideliu <strong data-start=\"234\" data-end=\"249\">40000 \u012ftraukim\u0173<\/strong>, \u0161is <strong data-start=\"256\" data-end=\"282\">Elf Bar Moon Night 40k<\/strong> puikiai atitinka vartotoj\u0173 segment\u0105 ir dabar yra viena i\u0161 geriausiai veikian\u010di\u0173 galimybi\u0173 <strong data-start=\"374\" data-end=\"400\">Vape Didmenin\u0117 Lietuva<\/strong> platintojams. Jo kompakti\u0161kas korpusas, patikima baterijos sistema ir sklandus garo i\u0161\u0117jimas daro j\u012f idealiu pasirinkimu ma\u017emenininkams, siekiantiems stabilios, didel\u0117s apyvartos vienkartinius produktus.<\/p>\n<p data-start=\"572\" data-end=\"1277\">Tai <strong data-start=\"577\" data-end=\"608\">40000 P\u016b\u010di\u0173 Vienkartinis Vape<\/strong> suderina dosni\u0105 <em data-start=\"626\" data-end=\"650\">20 ml e. skys\u010dio talpa<\/em> su nuosekliu druskos nikotino gerkl\u0117s poj\u016b\u010diu, si\u016blydamas na\u0161um\u0105, lyginant su auk\u0161\u010diausios klas\u0117s papildomais rinkiniais \u2013 bet be prie\u017ei\u016bros. Prietaisas yra i\u0161 anksto \u012fkrautas ir suprojektuotas ergonomi\u0161kai, tod\u0117l patogus ilgoms sesijoms namuose, darbe ar kelyje. <strong data-start=\"921\" data-end=\"935\">Elfbar 40k<\/strong> taip pat i\u0161laiko skonio vienodum\u0105 nuo prad\u017eios iki pabaigos, u\u017etikrindamas, kad EU naudotojai m\u0117gaut\u0173si \u0161variu, stipriu skoniu be sudegusi\u0173 nat\u0173. Didmeniniams pirk\u0117jams Lietuvoje, Latvijoje, Estijoje, Lenkijoje ir aplinkin\u0117se rinkose, <strong data-start=\"1146\" data-end=\"1174\">Elf Bar Moon Night 40k<\/strong>\u00a0si\u016blo stipri\u0105 pardavim\u0173 potencial\u0105 d\u0117l paprastos konstrukcijos ir patrauklios skonio linijos.<\/p>\n<p data-start=\"666\" data-end=\"1235\"><strong style=\"font-size: 16px;\"><span style=\"color: #ff0000;\">Prid\u0117kite Amy WhatsApp, kad gautum\u0117te tinkam\u0105 atsakym\u0105 ir nuolaid\u0105!<\/span><\/strong><\/p>\n<p><img fetchpriority=\"high\" decoding=\"async\" class=\"size-full wp-image-2932\" src=\"https:\/\/vapestornado.com\/wp-content\/uploads\/2024\/12\/Vape-Wholesale.jpg\" alt=\"Garintuvai Didmenin\u0117 prekyba\" width=\"229\" height=\"300\" \/><\/p>\n<h3><a href=\"https:\/\/wa.me\/8617776015835\" target=\"_blank\" rel=\"noopener\"><span style=\"color: #ff0000;\"><strong>WhatsApp: +86 17776015835<\/strong><\/span><\/a><\/h3>\n<p>&nbsp;<\/p>\n<h2><strong>Kas i\u0161skiria Elf Bar Moon Night 40000 Vienkartin\u012f Vape ra\u0161ikl\u012f?<\/strong><\/h2>\n<ul>\n<li data-start=\"1335\" data-end=\"1367\">\n<p data-start=\"1337\" data-end=\"1367\"><strong data-start=\"1337\" data-end=\"1352\">\u012etraukim\u0173 skai\u010dius:<\/strong> 40 000 \u012ftraukim\u0173<\/p>\n<\/li>\n<li data-start=\"1368\" data-end=\"1400\">\n<p data-start=\"1370\" data-end=\"1400\"><strong data-start=\"1370\" data-end=\"1392\">E-skys\u010dio talpa:<\/strong> ~20ml<\/p>\n<\/li>\n<li data-start=\"1401\" data-end=\"1430\">\n<p data-start=\"1403\" data-end=\"1430\"><strong data-start=\"1403\" data-end=\"1425\">Nikotino stiprumas:<\/strong> 5%<\/p>\n<\/li>\n<li data-start=\"1431\" data-end=\"1469\">\n<p data-start=\"1433\" data-end=\"1469\"><strong data-start=\"1433\" data-end=\"1445\">Baterija:<\/strong> I\u0161 anksto \u012fkrautas, ilgaam\u017ei\u0161kas<\/p>\n<\/li>\n<li data-start=\"1470\" data-end=\"1516\">\n<p data-start=\"1472\" data-end=\"1516\"><strong data-start=\"1472\" data-end=\"1483\">Dizainas:<\/strong> Kompakti\u0161kas sukibimas, lengvas korpusas<\/p>\n<\/li>\n<li data-start=\"1517\" data-end=\"1561\">\n<p data-start=\"1519\" data-end=\"1561\"><strong data-start=\"1519\" data-end=\"1534\">Aktyvacija:<\/strong> Traukimo aktyvuojama, be nustatym\u0173<\/p>\n<\/li>\n<li data-start=\"1562\" data-end=\"1623\">\n<p data-start=\"1564\" data-end=\"1623\"><strong data-start=\"1564\" data-end=\"1580\">Veikimas:<\/strong> Stabilus garo i\u0161\u0117jimas, subalansuotas gerkl\u0117s poj\u016btis<\/p>\n<\/li>\n<\/ul>\n<figure id=\"attachment_4558\" aria-describedby=\"caption-attachment-4558\" style=\"width: 300px\" class=\"wp-caption alignnone\"><img decoding=\"async\" class=\"size-medium wp-image-4558\" src=\"https:\/\/vapestornado.com\/wp-content\/uploads\/2025\/11\/ELFBAR-Moon-Night-40k-Puffs-Disposable-Vape-Box-300x300.webp\" alt=\"ELF BAR Moon Night 40 t\u016bkst. P\u016b\u010di\u0173 Vienkartinis Vape D\u0117\u017eut\u0117\" width=\"300\" height=\"300\" srcset=\"https:\/\/vapestornado.com\/wp-content\/uploads\/2025\/11\/ELFBAR-Moon-Night-40k-Puffs-Disposable-Vape-Box-300x300.webp 300w, https:\/\/vapestornado.com\/wp-content\/uploads\/2025\/11\/ELFBAR-Moon-Night-40k-Puffs-Disposable-Vape-Box-150x150.webp 150w, https:\/\/vapestornado.com\/wp-content\/uploads\/2025\/11\/ELFBAR-Moon-Night-40k-Puffs-Disposable-Vape-Box-768x768.webp 768w, https:\/\/vapestornado.com\/wp-content\/uploads\/2025\/11\/ELFBAR-Moon-Night-40k-Puffs-Disposable-Vape-Box-12x12.webp 12w, https:\/\/vapestornado.com\/wp-content\/uploads\/2025\/11\/ELFBAR-Moon-Night-40k-Puffs-Disposable-Vape-Box-600x600.webp 600w, https:\/\/vapestornado.com\/wp-content\/uploads\/2025\/11\/ELFBAR-Moon-Night-40k-Puffs-Disposable-Vape-Box-100x100.webp 100w, https:\/\/vapestornado.com\/wp-content\/uploads\/2025\/11\/ELFBAR-Moon-Night-40k-Puffs-Disposable-Vape-Box.webp 800w\" sizes=\"(max-width: 300px) 100vw, 300px\" \/><figcaption id=\"caption-attachment-4558\" class=\"wp-caption-text\">ELF BAR Moon Night 40 t\u016bkst. P\u016b\u010di\u0173 Vienkartinis Vape D\u0117\u017eut\u0117<\/figcaption><\/figure>\n<h2 class=\"product-title\"><strong>Elf Bar Moon Night 40000 P\u016b\u010di\u0173 Vienkartiniai Vape Skoni\u0173 S\u0105ra\u0161as<\/strong><\/h2>\n<ol data-start=\"1663\" data-end=\"1879\">\n<li data-start=\"1663\" data-end=\"1682\">\n<p data-start=\"1666\" data-end=\"1682\">Arb\u016bz\u0173 ledas<\/p>\n<\/li>\n<li data-start=\"1683\" data-end=\"1698\">\n<p data-start=\"1686\" data-end=\"1698\">Majamio m\u0117ta<\/p>\n<\/li>\n<li data-start=\"1699\" data-end=\"1715\">\n<p data-start=\"1702\" data-end=\"1715\">Vynuogi\u0173 ledas<\/p>\n<\/li>\n<li data-start=\"1716\" data-end=\"1741\">\n<p data-start=\"1719\" data-end=\"1741\">R\u016bg\u0161tus mangas ananasas<\/p>\n<\/li>\n<li data-start=\"1742\" data-end=\"1768\">\n<p data-start=\"1745\" data-end=\"1768\">Avie\u010di\u0173 Persiko Citrina<\/p>\n<\/li>\n<li data-start=\"1769\" data-end=\"1783\">\n<p data-start=\"1772\" data-end=\"1783\">Persiko d\u017eemas<\/p>\n<\/li>\n<li data-start=\"1784\" data-end=\"1813\">\n<p data-start=\"1787\" data-end=\"1813\">\u0160aldyti vy\u0161ni\u0173 arb\u016bzai<\/p>\n<\/li>\n<li data-start=\"1814\" data-end=\"1831\">\n<p data-start=\"1817\" data-end=\"1831\">Dvigubas obuolys<\/p>\n<\/li>\n<li data-start=\"1832\" data-end=\"1851\">\n<p data-start=\"1835\" data-end=\"1851\">M\u0117lyni\u0173 Razz<\/p>\n<\/li>\n<li data-start=\"1852\" data-end=\"1879\">\n<p data-start=\"1856\" data-end=\"1879\">Bra\u0161ki\u0173 arb\u016bzas<\/p>\n<\/li>\n<\/ol>\n<p>&nbsp;<\/p>\n<h2>Kod\u0117l rinktis Vapestornado didmeniniam Elf Bar Moon Night 40000 P\u016b\u010di\u0173 pirkimui?<\/h2>\n<div class=\"flex-shrink-0 flex flex-col relative items-end\">\n<div class=\"pt-0\">\n<div class=\"gizmo-bot-avatar flex h-8 w-8 items-center justify-center overflow-hidden rounded-full\">\n<div class=\"relative p-1 rounded-sm flex items-center justify-center bg-token-main-surface-primary text-token-text-primary h-8 w-8\">\n<p data-start=\"648\" data-end=\"799\">Rinktis <strong data-start=\"189\" data-end=\"205\">Vapestornado<\/strong> kaip j\u016bs\u0173 tiek\u0117jas d\u0117l <strong data-start=\"227\" data-end=\"261\">Elf Bar Moon Night 40000 R\u016bkan\u010di\u0173<\/strong> rei\u0161kia u\u017etikrinti partner\u012f, kuris supranta ES pagr\u012fst\u0173 didmeninink\u0173 ir ma\u017emeninink\u0173 poreikius. Mes sutelkiame d\u0117mes\u012f \u012f greit\u0105 pristatym\u0105, patvirtint\u0105 atsarg\u0105 ir stabil\u0173 ilgalaik\u012f tiekim\u0105 \u2013 pagrindinius veiksnius verslui, parduodan\u010diam didel\u012f kiek\u012f produkt\u0173, toki\u0173 kaip <strong data-start=\"489\" data-end=\"515\">Elf Bar Moon Night 40K<\/strong>. Kiekviena partija yra tiesiogiai gaunama i\u0161 sertifikuot\u0173 kanal\u0173, u\u017etikrinant autenti\u0161kus produktus, stipri\u0105 skonio nuoseklum\u0105 ir patikim\u0105 kokyb\u0119, atitinkan\u010di\u0105 ES pirk\u0117j\u0173 l\u016bkes\u010dius.<\/p>\n<p data-start=\"559\" data-end=\"933\" data-is-last-node=\"\" data-is-only-node=\"\">Mes taip pat turime kelet\u0105 kit\u0173 populiari\u0173 vienkartini\u0173 vape su ekranu, pvz. <a href=\"https:\/\/vapestornado.com\/lt\/product\/uzy-150k-puffs-6-in-1-flavor-switch-disposable-vape-pen-wholesale\/\">UZY 150K P\u016btelis skoni\u0173 keitimo vape<\/a>, <a href=\"https:\/\/vapestornado.com\/lt\/product\/vozol-rave-40k-40000-puffs-disposable-vape-smart-screen-5-nicotine\/\">VOZOL RAVE 40K Vienkartinis Vape<\/a>, <a href=\"https:\/\/vapestornado.com\/lt\/product\/waspe-150k-150000-puff-6-in-1-disposable-vape-pen-cartridge-best-wholesale-price-in-poland\/\">WASPE 150K P\u016bsl\u0117s 6-in-1<\/a>, ir daugiau.<\/p>\n<\/div>\n<div class=\"relative p-1 rounded-sm flex items-center justify-center bg-token-main-surface-primary text-token-text-primary h-8 w-8\">\n<h2>DUK apie Elf Bar Moon Night 40000<\/h2>\n<p data-start=\"1928\" data-end=\"2074\"><strong data-start=\"1928\" data-end=\"1986\">1. Ar Elf Bar Moon Night 40000 reikia \u012fkrauti?<\/strong><br data-start=\"1986\" data-end=\"1989\" \/>Ne. Jis b\u016bna i\u0161 anksto \u012fkrautas ir i\u0161laiko savo piln\u0105 p\u016b\u010di\u0173 kiek\u012f be papildomo \u012fkrovimo.<\/p>\n<p data-start=\"2076\" data-end=\"2257\"><strong data-start=\"2076\" data-end=\"2134\">2. Ar 20 ml e-liquido talpa pakankama 40 t\u016bkst. p\u016b\u010di\u0173?<\/strong><br data-start=\"2134\" data-end=\"2137\" \/>Taip. Optimizuotas rit\u0117 u\u017etikrina l\u0117t\u0105, efektyvi\u0105 garavim\u0105, atitinkan\u010di\u0105 vis\u0105 tarnavimo laik\u0105 <strong data-start=\"2228\" data-end=\"2256\">Elf Bar Moon Night 40000<\/strong>.<\/p>\n<p data-start=\"2259\" data-end=\"2429\"><strong data-start=\"2259\" data-end=\"2320\">3. Ar \u0161is produktas tinka didmeniniams u\u017esakymams Lietuvoje?<\/strong><br data-start=\"2320\" data-end=\"2323\" \/>Be abejo. Jis gerai atitinka <strong data-start=\"2355\" data-end=\"2381\">Vape Didmenin\u0117 Lietuva<\/strong> paklaus\u0105 d\u0117l ilgaam\u017ei\u0161kumo ir stabilios kokyb\u0117s.<\/p>\n<p data-start=\"2431\" data-end=\"2555\"><strong data-start=\"2431\" data-end=\"2484\">4. Kaip skoni\u0173 veikimas i\u0161lieka laikui b\u0117gant?<\/strong><br data-start=\"2484\" data-end=\"2487\" \/>Skoniai i\u0161lieka nuosekl\u016bs be sudegusio skonio, net ir intensyvi\u0173 vartotoj\u0173.<\/p>\n<p data-start=\"2557\" data-end=\"2724\"><strong data-start=\"2557\" data-end=\"2612\">5. Ar Elf Bar Moon Night 40k yra pradedantiesiems draugi\u0161kas?<\/strong><br data-start=\"2612\" data-end=\"2615\" \/>Taip. Tai paprastas <strong data-start=\"2635\" data-end=\"2666\">40000 P\u016b\u010di\u0173 Vienkartinis Vape<\/strong> su i\u0161traukimo aktyvacija\u2014idealiai naujiems ir patyrusiems vartotojams.<\/p>\n<\/div>\n<\/div>\n<\/div>\n<\/div>","protected":false},"excerpt":{"rendered":"<article class=\"text-token-text-primary w-full focus:outline-none [--shadow-height:45px] has-data-writing-block:pointer-events-none has-data-writing-block:-mt-(--shadow-height) has-data-writing-block:pt-(--shadow-height) [&amp;:has([data-writing-block])&gt;*]:pointer-events-auto [content-visibility:auto] supports-[content-visibility:auto]:[contain-intrinsic-size:auto_100lvh] scroll-mt-[calc(var(--header-height)+min(200px,max(70px,20svh)))]\" dir=\"auto\" tabindex=\"-1\" data-turn-id=\"86ca9d92-7a10-4e6b-bda0-15f9df36adca\" data-testid=\"conversation-turn-120\" data-scroll-anchor=\"true\" data-turn=\"assistant\">\n<div class=\"text-base my-auto mx-auto pb-10 [--thread-content-margin:--spacing(4)] thread-sm:[--thread-content-margin:--spacing(6)] thread-lg:[--thread-content-margin:--spacing(16)] px-(--thread-content-margin)\">\n<div class=\"[--thread-content-max-width:40rem] thread-lg:[--thread-content-max-width:48rem] mx-auto max-w-(--thread-content-max-width) flex-1 group\/turn-messages focus-visible:outline-hidden relative flex w-full min-w-0 flex-col agent-turn\" tabindex=\"-1\">\n<div class=\"flex max-w-full flex-col grow\">\n<div class=\"min-h-8 text-message relative flex w-full flex-col items-end gap-2 text-start break-words whitespace-normal [.text-message+&amp;]:mt-1\" dir=\"auto\" data-message-author-role=\"assistant\" data-message-id=\"43b070d6-bf28-4fbe-8049-1032a61ea3ac\" data-message-model-slug=\"gpt-5\">\n<div class=\"flex w-full flex-col gap-1 empty:hidden first:pt-[1px]\">\n<div class=\"markdown prose dark:prose-invert w-full break-words light markdown-new-styling\">\n<article class=\"text-token-text-primary w-full focus:outline-none [--shadow-height:45px] has-data-writing-block:pointer-events-none has-data-writing-block:-mt-(--shadow-height) has-data-writing-block:pt-(--shadow-height) [&amp;:has([data-writing-block])&gt;*]:pointer-events-auto [content-visibility:auto] supports-[content-visibility:auto]:[contain-intrinsic-size:auto_100lvh] scroll-mt-[calc(var(--header-height)+min(200px,max(70px,20svh)))]\" dir=\"auto\" tabindex=\"-1\" data-turn-id=\"4d6f00b8-d41a-438b-8912-05a895842882\" data-testid=\"conversation-turn-130\" data-scroll-anchor=\"true\" data-turn=\"assistant\">\n<div class=\"text-base my-auto mx-auto pb-10 [--thread-content-margin:--spacing(4)] thread-sm:[--thread-content-margin:--spacing(6)] thread-lg:[--thread-content-margin:--spacing(16)] px-(--thread-content-margin)\">\n<div class=\"[--thread-content-max-width:40rem] thread-lg:[--thread-content-max-width:48rem] mx-auto max-w-(--thread-content-max-width) flex-1 group\/turn-messages focus-visible:outline-hidden relative flex w-full min-w-0 flex-col agent-turn\" tabindex=\"-1\">\n<div class=\"flex max-w-full flex-col grow\">\n<div class=\"min-h-8 text-message relative flex w-full flex-col items-end gap-2 text-start break-words whitespace-normal [.text-message+&amp;]:mt-1\" dir=\"auto\" data-message-author-role=\"assistant\" data-message-id=\"f3c520bf-c043-4392-87ea-b3bf1b3ae6d3\" data-message-model-slug=\"gpt-5-1\">\n<div class=\"flex w-full flex-col gap-1 empty:hidden first:pt-[1px]\">\n<div class=\"markdown prose dark:prose-invert w-full break-words light markdown-new-styling\">\n<p data-start=\"2992\" data-end=\"3094\"><strong data-start=\"2992\" data-end=\"3092\">Elf Bar Moon Night 40K Vokietijos Didmenin\u0117 \u2013 Auk\u0161tos klas\u0117s 40000 P\u016b\u010di\u0173 Vienkartinis Vape EU ma\u017emenininkams<\/strong><\/p>\n<p data-start=\"3098\" data-end=\"3187\"><strong data-start=\"3098\" data-end=\"3185\">Pirk Elfbar 40k internetu \u2013 Galingas skonis, 20ml skys\u010dio talpa ir ilgaam\u017ei\u0161kumas<\/strong><\/p>\n<p data-start=\"3191\" data-end=\"3285\" data-is-last-node=\"\"><strong data-start=\"3191\" data-end=\"3285\" data-is-last-node=\"\">Elf Bar Moon Night 40000 P\u016b\u010di\u0173 \u012frenginys \u2013 Populiariausias auk\u0161to p\u016btimo vienkartinis vape EU parduotuv\u0117ms<\/strong><\/p>\n<\/div>\n<\/div>\n<\/div>\n<\/div>\n<\/div>\n<\/div>\n<\/article>\n<div class=\"pointer-events-none h-px w-px\" aria-hidden=\"true\" data-edge=\"true\"><\/div>\n<\/div>\n<\/div>\n<\/div>\n<\/div>\n<\/div>\n<\/div>\n<\/article>\n<p><img fetchpriority=\"high\" decoding=\"async\" class=\"size-full wp-image-2932\" src=\"https:\/\/vapestornado.com\/wp-content\/uploads\/2024\/12\/Vape-Wholesale.jpg\" alt=\"Garintuvai Didmenin\u0117 prekyba\" width=\"229\" height=\"300\" \/><\/p>\n<h3><a href=\"https:\/\/wa.me\/8617776015835\"><span style=\"color: #ff0000;\"><strong>WhatsApp: +86 17776015835<\/strong><\/span><\/a><\/h3>\n<p>&nbsp;<\/p>","protected":false},"featured_media":4554,"comment_status":"open","ping_status":"closed","template":"","meta":{"_acf_changed":false,"_uag_custom_page_level_css":"","_lmt_disableupdate":"no","_lmt_disable":"","_monsterinsights_skip_tracking":false,"_monsterinsights_sitenote_active":false,"_monsterinsights_sitenote_note":"","_monsterinsights_sitenote_category":0,"site-sidebar-layout":"default","site-content-layout":"","ast-site-content-layout":"default","site-content-style":"default","site-sidebar-style":"default","ast-global-header-display":"","ast-banner-title-visibility":"","ast-main-header-display":"","ast-hfb-above-header-display":"","ast-hfb-below-header-display":"","ast-hfb-mobile-header-display":"","site-post-title":"","ast-breadcrumbs-content":"","ast-featured-img":"","footer-sml-layout":"","ast-disable-related-posts":"","theme-transparent-header-meta":"default","adv-header-id-meta":"","stick-header-meta":"","header-above-stick-meta":"","header-main-stick-meta":"","header-below-stick-meta":"","astra-migrate-meta-layouts":"set","ast-page-background-enabled":"default","ast-page-background-meta":{"desktop":{"background-color":"","background-image":"","background-repeat":"repeat","background-position":"center center","background-size":"auto","background-attachment":"scroll","background-type":"","background-media":"","overlay-type":"","overlay-color":"","overlay-opacity":"","overlay-gradient":""},"tablet":{"background-color":"","background-image":"","background-repeat":"repeat","background-position":"center center","background-size":"auto","background-attachment":"scroll","background-type":"","background-media":"","overlay-type":"","overlay-color":"","overlay-opacity":"","overlay-gradient":""},"mobile":{"background-color":"","background-image":"","background-repeat":"repeat","background-position":"center center","background-size":"auto","background-attachment":"scroll","background-type":"","background-media":"","overlay-type":"","overlay-color":"","overlay-opacity":"","overlay-gradient":""}},"ast-content-background-meta":{"desktop":{"background-color":"var(--ast-global-color-5)","background-image":"","background-repeat":"repeat","background-position":"center center","background-size":"auto","background-attachment":"scroll","background-type":"","background-media":"","overlay-type":"","overlay-color":"","overlay-opacity":"","overlay-gradient":""},"tablet":{"background-color":"var(--ast-global-color-5)","background-image":"","background-repeat":"repeat","background-position":"center center","background-size":"auto","background-attachment":"scroll","background-type":"","background-media":"","overlay-type":"","overlay-color":"","overlay-opacity":"","overlay-gradient":""},"mobile":{"background-color":"var(--ast-global-color-5)","background-image":"","background-repeat":"repeat","background-position":"center center","background-size":"auto","background-attachment":"scroll","background-type":"","background-media":"","overlay-type":"","overlay-color":"","overlay-opacity":"","overlay-gradient":""}},"_joinchat":{"telephone":"17776015835"}},"product_brand":[],"product_cat":[65,149,150,156,143,254,357,146],"product_tag":[105,437,438,436,435,439,301],"class_list":{"0":"post-4559","1":"product","2":"type-product","3":"status-publish","4":"has-post-thumbnail","6":"product_cat-40000-puff","7":"product_cat-buy-disposable-vapes-in-austria","8":"product_cat-buy-disposable-vapes-in-belgium","9":"product_cat-buy-disposable-vapes-in-poland","10":"product_cat-dual-mesh-disposable-vapes","11":"product_cat-elf-bar-vape","12":"product_cat-flavor-adjustable-vape","13":"product_cat-rechargeable-disposable-vapes","14":"product_tag-digital-disposable-vape","15":"product_tag-elf-bar-moon-night-40000","16":"product_tag-elfbar-moon-night-40k","17":"product_tag-shop-vape-online","18":"product_tag-vape-eu-wholesale","19":"product_tag-vape-germany-wholesale","20":"product_tag-vapor-wholesale","21":"desktop-align-left","22":"tablet-align-left","23":"mobile-align-left","25":"first","26":"instock","27":"sale","28":"shipping-taxable","29":"purchasable","30":"product-type-simple"},"acf":[],"uagb_featured_image_src":{"full":["https:\/\/vapestornado.com\/wp-content\/uploads\/2025\/11\/Elf-Bar-Moon-Night-40000-Puffs-Best-Price.webp",800,800,false],"thumbnail":["https:\/\/vapestornado.com\/wp-content\/uploads\/2025\/11\/Elf-Bar-Moon-Night-40000-Puffs-Best-Price-150x150.webp",150,150,true],"medium":["https:\/\/vapestornado.com\/wp-content\/uploads\/2025\/11\/Elf-Bar-Moon-Night-40000-Puffs-Best-Price-300x300.webp",300,300,true],"medium_large":["https:\/\/vapestornado.com\/wp-content\/uploads\/2025\/11\/Elf-Bar-Moon-Night-40000-Puffs-Best-Price-768x768.webp",768,768,true],"large":["https:\/\/vapestornado.com\/wp-content\/uploads\/2025\/11\/Elf-Bar-Moon-Night-40000-Puffs-Best-Price.webp",800,800,false],"1536x1536":["https:\/\/vapestornado.com\/wp-content\/uploads\/2025\/11\/Elf-Bar-Moon-Night-40000-Puffs-Best-Price.webp",800,800,false],"2048x2048":["https:\/\/vapestornado.com\/wp-content\/uploads\/2025\/11\/Elf-Bar-Moon-Night-40000-Puffs-Best-Price.webp",800,800,false],"trp-custom-language-flag":["https:\/\/vapestornado.com\/wp-content\/uploads\/2025\/11\/Elf-Bar-Moon-Night-40000-Puffs-Best-Price-12x12.webp",12,12,true],"woocommerce_thumbnail":["https:\/\/vapestornado.com\/wp-content\/uploads\/2025\/11\/Elf-Bar-Moon-Night-40000-Puffs-Best-Price-300x300.webp",300,300,true],"woocommerce_single":["https:\/\/vapestornado.com\/wp-content\/uploads\/2025\/11\/Elf-Bar-Moon-Night-40000-Puffs-Best-Price-600x600.webp",600,600,true],"woocommerce_gallery_thumbnail":["https:\/\/vapestornado.com\/wp-content\/uploads\/2025\/11\/Elf-Bar-Moon-Night-40000-Puffs-Best-Price-100x100.webp",100,100,true]},"uagb_author_info":{"display_name":"ESAMY","author_link":"https:\/\/vapestornado.com\/lt\/author\/"},"uagb_comment_info":0,"uagb_excerpt":"Elf Bar Moon Night 40K Germany Wholesale \u2013 High-End 40000 Puffs Disposable Vape for EU Retailers Buy Elfbar 40k Online \u2013 Strong Flavor, 20ml Liquid Capacity &amp; Long-Life Performance Elf Bar Moon Night 40000 Puff Device \u2013 Best-Selling High-Puff Disposable for EU Vape Shops WhatsApp: +86 17776015835 &nbsp;","_links":{"self":[{"href":"https:\/\/vapestornado.com\/lt\/wp-json\/wp\/v2\/product\/4559","targetHints":{"allow":["GET"]}}],"collection":[{"href":"https:\/\/vapestornado.com\/lt\/wp-json\/wp\/v2\/product"}],"about":[{"href":"https:\/\/vapestornado.com\/lt\/wp-json\/wp\/v2\/types\/product"}],"replies":[{"embeddable":true,"href":"https:\/\/vapestornado.com\/lt\/wp-json\/wp\/v2\/comments?post=4559"}],"wp:featuredmedia":[{"embeddable":true,"href":"https:\/\/vapestornado.com\/lt\/wp-json\/wp\/v2\/media\/4554"}],"wp:attachment":[{"href":"https:\/\/vapestornado.com\/lt\/wp-json\/wp\/v2\/media?parent=4559"}],"wp:term":[{"taxonomy":"product_brand","embeddable":true,"href":"https:\/\/vapestornado.com\/lt\/wp-json\/wp\/v2\/product_brand?post=4559"},{"taxonomy":"product_cat","embeddable":true,"href":"https:\/\/vapestornado.com\/lt\/wp-json\/wp\/v2\/product_cat?post=4559"},{"taxonomy":"product_tag","embeddable":true,"href":"https:\/\/vapestornado.com\/lt\/wp-json\/wp\/v2\/product_tag?post=4559"}],"curies":[{"name":"wp","href":"https:\/\/api.w.org\/{rel}","templated":true}]}}