{"id":4544,"date":"2025-11-14T09:07:41","date_gmt":"2025-11-14T09:07:41","guid":{"rendered":"https:\/\/vapestornado.com\/?post_type=product&#038;p=4544"},"modified":"2025-11-17T07:46:36","modified_gmt":"2025-11-17T07:46:36","slug":"uor-120000-puff-120k-4-flavors-rechargeable-disposable-vape-shop-online","status":"publish","type":"product","link":"https:\/\/vapestornado.com\/lt\/product\/uor-120000-puff-120k-4-flavors-rechargeable-disposable-vape-shop-online\/","title":{"rendered":"UOR 120000 P\u016bkai 120K 4 Skoni\u0173 \u012ekraunamas Vienkartinis Vape Parduotuv\u0117 Internete"},"content":{"rendered":"<h2 data-pm-slice=\"1 1 []\">UOR 120000 P\u016bkai \u2013 4 Skoni\u0173 Perjungiamas Vienkartinis Vape Europos pirk\u0117jams<\/h2>\n<p data-start=\"78\" data-end=\"577\">\u0160is <strong data-start=\"82\" data-end=\"101\">UOR 120000 P\u016bkai<\/strong> sukurtas Europos S\u0105jungos didmenininkams ir jauniems vaperiams, kurie nori maksimalios i\u0161tverm\u0117s, stipraus skonio perteikimo ir paprasto valdymo. \u0160is <strong data-start=\"232\" data-end=\"249\">UOR 120k P\u016bkai<\/strong> \u012frenginys pasi\u017eymi <strong data-start=\"268\" data-end=\"295\">4-in-1 perjungimo sistema<\/strong>, leid\u017eian\u010dia vartotojams akimirksniu pereiti tarp keturi\u0173 auk\u0161\u010diausios kokyb\u0117s skonio talpykl\u0173\u2014be papildymo, be netvarkos, tik \u0161varios per\u0117jimo galimyb\u0117s su kiekvienu paspaudimu. Sukurtas <strong data-start=\"443\" data-end=\"464\">Vape Europos S\u0105jungos Didmenin\u0117 prekyba<\/strong>, \u012frenginys sujungia ilgaam\u017ei\u0161kum\u0105 ir stabil\u0173 veikim\u0105, kuris tinka tiek ma\u017emenin\u0117ms lentynoms, tiek internetin\u0117ms vape parduotuv\u0117ms.<\/p>\n<p data-start=\"579\" data-end=\"998\">Su <strong data-start=\"584\" data-end=\"612\">4\u00d716ml elektroninio skys\u010dio talpa<\/strong>, kiekvienas podas pakankamai ilgam naudojimui, palaikomas <strong data-start=\"669\" data-end=\"707\">650 mAh Type-C \u012fkraunama baterija<\/strong>. <strong data-start=\"713\" data-end=\"731\">1.0\u03a9 tinklelio rit\u0117<\/strong> u\u017etikrina nuosekl\u0173 garo tank\u012f ir \u0161var\u0173 skonio atskyrim\u0105 kiekvienam i\u0161 keturi\u0173 \u012fmontuot\u0173 mi\u0161ini\u0173. Kaip <strong data-start=\"836\" data-end=\"863\">Vienkartinis Skaitmeninis Vape<\/strong>, jis si\u016blo skland\u0173 \u012fkv\u0117pim\u0105 su \u0161iuolaikiniu efektyvumu, tod\u0117l yra populiarus pasirinkimas tarp Europos vartotoj\u0173, ie\u0161kan\u010di\u0173 daugiaus puf\u0173 ir daugiaskoni\u0173 \u012frengini\u0173.<\/p>\n<p data-start=\"1000\" data-end=\"1408\">\u0160io modelio kruop\u0161\u010diai atrinktas skoni\u0173 asortimentas, ypa\u010d tokie deriniai kaip <em data-start=\"1065\" data-end=\"1088\">Bra\u0161ki\u0173 arb\u016bzas<\/em>, <em data-start=\"1090\" data-end=\"1116\">Kivi\u0173, pasiflor\u0173 ir gvajav\u0173<\/em>, <em data-start=\"1118\" data-end=\"1129\">\u0160aldytas Mangas<\/em>ir <em data-start=\"1135\" data-end=\"1158\">Vynuogi\u0173 arb\u016bzas r\u016bg\u0161tus persikas<\/em>, sukuria dinami\u0161k\u0105 \u201eTropinio \u0161aldymo nuotyk\u012f\u201c nuo ry\u0161kios vaisi\u0173 saldumo iki \u0161alto, gaivinan\u010dio pabaigos. Lietuvoje platintojams, <strong data-start=\"1288\" data-end=\"1307\">UOR 120000 P\u016bkai<\/strong> si\u016blo auk\u0161tas pelningumo mar\u017eas, patikim\u0105 tiekim\u0105 ir konkurencing\u0105 paklaus\u0105 vasaros ir i\u0161tisus metus rinkose.<\/p>\n<p data-start=\"666\" data-end=\"1235\"><strong style=\"font-size: 16px;\"><span style=\"color: #ff0000;\">Prid\u0117kite Amy WhatsApp, kad gautum\u0117te tinkam\u0105 atsakym\u0105 ir nuolaid\u0105!<\/span><\/strong><\/p>\n<p><img fetchpriority=\"high\" decoding=\"async\" class=\"size-full wp-image-2932\" src=\"https:\/\/vapestornado.com\/wp-content\/uploads\/2024\/12\/Vape-Wholesale.jpg\" alt=\"Garintuvai Didmenin\u0117 prekyba\" width=\"229\" height=\"300\" \/><\/p>\n<h3><a href=\"https:\/\/wa.me\/8617776015835\" target=\"_blank\" rel=\"noopener\"><span style=\"color: #ff0000;\"><strong>WhatsApp: +86 17776015835<\/strong><\/span><\/a><\/h3>\n<p>&nbsp;<\/p>\n<h2><strong>Kas i\u0161skiria UOR 120000 P\u016bslinius Vape Pen?<\/strong><\/h2>\n<ul data-start=\"1447\" data-end=\"1657\">\n<li data-start=\"1447\" data-end=\"1482\">\n<p data-start=\"1449\" data-end=\"1482\"><strong data-start=\"1449\" data-end=\"1467\">I\u0161p\u016btim\u0173 skai\u010dius:<\/strong> 120000 p\u016btim\u0173<\/p>\n<\/li>\n<li data-start=\"1483\" data-end=\"1512\">\n<p data-start=\"1485\" data-end=\"1512\"><strong data-start=\"1485\" data-end=\"1497\">E-Juodas:<\/strong> 4\u00d716ml bakeliai<\/p>\n<\/li>\n<li data-start=\"1513\" data-end=\"1556\">\n<p data-start=\"1515\" data-end=\"1556\"><strong data-start=\"1515\" data-end=\"1533\">Skoni\u0173 keitimas:<\/strong> 4 skoniai reguliuojami<\/p>\n<\/li>\n<li data-start=\"1557\" data-end=\"1601\">\n<p data-start=\"1559\" data-end=\"1601\"><strong data-start=\"1559\" data-end=\"1571\">Baterija:<\/strong> 650mAh, \u012fkraunamas Type-C<\/p>\n<\/li>\n<li data-start=\"1602\" data-end=\"1625\">\n<p data-start=\"1604\" data-end=\"1625\"><strong data-start=\"1604\" data-end=\"1613\">Vamzdelis:<\/strong> 1.0\u03a9 tinklelis<\/p>\n<\/li>\n<li data-start=\"1626\" data-end=\"1657\">\n<p data-start=\"1628\" data-end=\"1657\"><strong data-start=\"1628\" data-end=\"1639\">Svoris:<\/strong> 145g kiekvienam \u012frenginiui<\/p>\n<\/li>\n<\/ul>\n<h2 class=\"product-title\"><strong>UOR 120k P\u016bslini\u0173 Vape skoni\u0173 s\u0105ra\u0161as<\/strong><\/h2>\n<h3 data-start=\"1664\" data-end=\"1692\"><\/h3>\n<ol data-start=\"1693\" data-end=\"2434\">\n<li data-start=\"1693\" data-end=\"1761\">\n<p data-start=\"1696\" data-end=\"1761\">Vynuogi\u0173 ledas \/ M\u0117lyni\u0173 m\u0117tos \/ Fuji obuoli\u0173 ledas \/ Laimo romansas<\/p>\n<\/li>\n<li data-start=\"1762\" data-end=\"1837\">\n<p data-start=\"1765\" data-end=\"1837\">Vynuogi\u0173 ledas \/ M\u0117lyni\u0173 vy\u0161nia \/ Vasara \/ R\u016bg\u0161tus mango ananasas<\/p>\n<\/li>\n<li data-start=\"1838\" data-end=\"1904\">\n<p data-start=\"1841\" data-end=\"1904\">M\u0117lyni\u0173 ledas \/ Persiko ledas \/ Vaivoryk\u0161t\u0117s saldainis \/ Citrusin\u0117 r\u016bg\u0161tis su citrina<\/p>\n<\/li>\n<li data-start=\"1905\" data-end=\"1977\">\n<p data-start=\"1908\" data-end=\"1977\">M\u0117lyni\u0173 ledas \/ Persiko mango arb\u016bzas \/ Aistros bu\u010dinys \/ Meliono obuolys<\/p>\n<\/li>\n<li data-start=\"1978\" data-end=\"2058\">\n<p data-start=\"1981\" data-end=\"2058\">M\u0117lyni\u0173 aviet\u0117s \/ Mi\u0161ri uoga \/ Kalifornijos vy\u0161nia \/ Aistros vaisius mango<\/p>\n<\/li>\n<li data-start=\"2059\" data-end=\"2126\">\n<p data-start=\"2062\" data-end=\"2126\">M\u0117lyni\u0173 aviet\u0117s \/ Vynuogi\u0173 ledas \/ Uog\u0173 ledas \/ Aloe mango melionas<\/p>\n<\/li>\n<li data-start=\"2127\" data-end=\"2203\">\n<p data-start=\"2130\" data-end=\"2203\">Energijos g\u0117rimas \/ M\u0117lyni\u0173 arb\u016bzas \/ R\u016bg\u0161tus obuolys su aviet\u0117mis \/ Guminukas lokys<\/p>\n<\/li>\n<li data-start=\"2204\" data-end=\"2271\">\n<p data-start=\"2207\" data-end=\"2271\">Bra\u0161k\u0117 Mango \/ Arb\u016bzas Burbul\u0173 Kramtukas \/ Raudonas Mojitas \/ LOVE66<\/p>\n<\/li>\n<li data-start=\"2272\" data-end=\"2343\">\n<p data-start=\"2275\" data-end=\"2343\">Bra\u0161k\u0117 Arb\u016bzas \/ Juoda Ledas \/ Trij\u0173 Melion\u0173 \/ Spanguoli\u0173 Vynuog\u0117s<\/p>\n<\/li>\n<li data-start=\"2344\" data-end=\"2434\">\n<p data-start=\"2348\" data-end=\"2434\">Bra\u0161k\u0117 Arb\u016bzas \/ Kivi Aistra Vaisiai Guava \/ Mango Ledas \/ Arb\u016bzas R\u016bg\u0161tus Persikas<\/p>\n<\/li>\n<\/ol>\n<figure id=\"attachment_4548\" aria-describedby=\"caption-attachment-4548\" style=\"width: 300px\" class=\"wp-caption alignnone\"><img decoding=\"async\" class=\"size-medium wp-image-4548\" src=\"https:\/\/vapestornado.com\/wp-content\/uploads\/2025\/11\/UOR-4-in-1-Flavors-120K-Puffs-4-Distinct-Flavors-Smart-Screen-Vape-300x300.webp\" alt=\"UOR 4-in-1 Skonio Rinkinys 120K P\u016btim\u0173 4 Skirtingi Skoniai I\u0161manusis Ekranas Vape\" width=\"300\" height=\"300\" srcset=\"https:\/\/vapestornado.com\/wp-content\/uploads\/2025\/11\/UOR-4-in-1-Flavors-120K-Puffs-4-Distinct-Flavors-Smart-Screen-Vape-300x300.webp 300w, https:\/\/vapestornado.com\/wp-content\/uploads\/2025\/11\/UOR-4-in-1-Flavors-120K-Puffs-4-Distinct-Flavors-Smart-Screen-Vape-150x150.webp 150w, https:\/\/vapestornado.com\/wp-content\/uploads\/2025\/11\/UOR-4-in-1-Flavors-120K-Puffs-4-Distinct-Flavors-Smart-Screen-Vape-768x768.webp 768w, https:\/\/vapestornado.com\/wp-content\/uploads\/2025\/11\/UOR-4-in-1-Flavors-120K-Puffs-4-Distinct-Flavors-Smart-Screen-Vape-12x12.webp 12w, https:\/\/vapestornado.com\/wp-content\/uploads\/2025\/11\/UOR-4-in-1-Flavors-120K-Puffs-4-Distinct-Flavors-Smart-Screen-Vape-600x600.webp 600w, https:\/\/vapestornado.com\/wp-content\/uploads\/2025\/11\/UOR-4-in-1-Flavors-120K-Puffs-4-Distinct-Flavors-Smart-Screen-Vape-100x100.webp 100w, https:\/\/vapestornado.com\/wp-content\/uploads\/2025\/11\/UOR-4-in-1-Flavors-120K-Puffs-4-Distinct-Flavors-Smart-Screen-Vape.webp 800w\" sizes=\"(max-width: 300px) 100vw, 300px\" \/><figcaption id=\"caption-attachment-4548\" class=\"wp-caption-text\">UOR 4-in-1 Skonio Rinkinys 120K P\u016btim\u0173 4 Skirtingi Skoniai I\u0161manusis Ekranas Vape<\/figcaption><\/figure>\n<h2>Kod\u0117l Rinktis Vapestornado u\u017e UOR 120000 P\u016btim\u0173 Didmenin\u0117 Pirkimo?<\/h2>\n<div class=\"flex-shrink-0 flex flex-col relative items-end\">\n<div class=\"pt-0\">\n<div class=\"gizmo-bot-avatar flex h-8 w-8 items-center justify-center overflow-hidden rounded-full\">\n<div class=\"relative p-1 rounded-sm flex items-center justify-center bg-token-main-surface-primary text-token-text-primary h-8 w-8\">\n<p>At\u00a0<strong>Vapes Tornado<\/strong>, mes did\u017eiuojam\u0117s gal\u0117dami pasi\u016blyti\u00a0<strong>auk\u0161\u010diausios kokyb\u0117s garinimo produktus u\u017e neprilygstam\u0105 kain\u0105<\/strong>\u00a0\u0160tai kod\u0117l tur\u0117tum\u0117te pirkti i\u0161 m\u016bs\u0173:<\/p>\n<p data-start=\"235\" data-end=\"360\"><strong data-start=\"235\" data-end=\"261\">Geriausios didmenin\u0117s pasi\u016blymai<\/strong> \u2013 M\u0117gaukit\u0117s <strong data-start=\"270\" data-end=\"297\">auk\u0161to pelno mar\u017eos didmenin\u0117mis kainomis<\/strong> pritaikytomis perpardav\u0117jams, vape platintojams ir ma\u017emenin\u0117ms parduotuv\u0117ms.<\/p>\n<p data-start=\"362\" data-end=\"513\"><strong data-start=\"362\" data-end=\"400\">\u2714 Greitas ir saugus pristatymas visame pasaulyje<\/strong> \u2013 Mes u\u017etikriname <strong data-start=\"413\" data-end=\"443\">greit\u0105, stebim\u0105 pristatym\u0105<\/strong> per Europ\u0105 ir u\u017e jos rib\u0173, kad j\u016bs\u0173 atsargos pasiekt\u0173 jus saugiai ir laiku.<\/p>\n<p data-start=\"515\" data-end=\"646\"><strong data-start=\"515\" data-end=\"542\">\u2714 100% autenti\u0161ki produktai<\/strong> \u2013 Kiekvienas <strong data-start=\"551\" data-end=\"578\">WASPE Triple 60000 vape<\/strong> kur\u012f parduodame, yra <strong data-start=\"590\" data-end=\"625\">autenti\u0161kas ir gamyklos sertifikuotas<\/strong>, niekada kopijos.<\/p>\n<p data-start=\"648\" data-end=\"799\"><strong data-start=\"648\" data-end=\"676\">\u2714 Skirta pagalbos komanda<\/strong> \u2013 Reikia pagalbos? M\u016bs\u0173 <strong data-start=\"694\" data-end=\"733\">vape specialistai yra prieinami 24\/7<\/strong>, pasiruo\u0161\u0119 atsakyti \u012f j\u016bs\u0173 klausimus ir pad\u0117ti u\u017esakymuose bet kuriuo metu.<\/p>\n<p>&nbsp;<\/p>\n<p data-start=\"559\" data-end=\"933\" data-is-last-node=\"\" data-is-only-node=\"\">Mes taip pat turime kelet\u0105 kit\u0173 populiari\u0173 vienkartini\u0173 vape su ekranu, pvz. <a href=\"https:\/\/vapestornado.com\/lt\/product\/uzy-150k-puffs-6-in-1-flavor-switch-disposable-vape-pen-wholesale\/\">UZY 150K P\u016btelis skoni\u0173 keitimo vape<\/a>, <a href=\"https:\/\/vapestornado.com\/lt\/product\/vozol-rave-40k-40000-puffs-disposable-vape-smart-screen-5-nicotine\/\">VOZOL RAVE 40K Vienkartinis Vape<\/a>, <a href=\"https:\/\/vapestornado.com\/lt\/product\/waspe-150k-150000-puff-6-in-1-disposable-vape-pen-cartridge-best-wholesale-price-in-poland\/\">WASPE 150K P\u016bsl\u0117s 6-in-1<\/a>, ir daugiau.<\/p>\n<\/div>\n<div class=\"relative p-1 rounded-sm flex items-center justify-center bg-token-main-surface-primary text-token-text-primary h-8 w-8\">\n<h2>DUK Apie UOR 120000 P\u016btim\u0173<\/h2>\n<p data-start=\"2474\" data-end=\"2646\"><strong data-start=\"2474\" data-end=\"2523\">1. Kaip veikia skonio keitimo sistema?<\/strong><br data-start=\"2523\" data-end=\"2526\" \/>\u0160is <strong data-start=\"2530\" data-end=\"2559\">Kei\u010diamas Vienkartinis Vape<\/strong> dizainas naudoja keturis atskirus 16ml bakelius. Pasukite jungikl\u012f, kad i\u0161 karto pakeistum\u0117te skonius.<\/p>\n<p data-start=\"2648\" data-end=\"2797\"><strong data-start=\"2648\" data-end=\"2689\">2. Ar UOR 120k P\u016btim\u0173 yra \u012fkraunamas?<\/strong><br data-start=\"2689\" data-end=\"2692\" \/>Taip, jame yra <strong data-start=\"2711\" data-end=\"2736\">650mAh Tipo-C baterija<\/strong>, suteikianti stabili\u0105 gali\u0105 iki kol visi skoniai bus i\u0161naudoti.<\/p>\n<p data-start=\"2799\" data-end=\"2917\"><strong data-start=\"2799\" data-end=\"2836\">3. Kok\u012f rit\u0119 naudoja \u012frenginys?<\/strong><br data-start=\"2836\" data-end=\"2839\" \/>Jis naudoja <strong data-start=\"2849\" data-end=\"2867\">1.0\u03a9 tinklelio rit\u0117<\/strong>, optimizuot\u0105 skland\u017eiam garui ir tiksliam skoniui.<\/p>\n<p data-start=\"2919\" data-end=\"3102\"><strong data-start=\"2919\" data-end=\"2967\">4. Ar tai tinka didmeniniams u\u017esakymams Lietuvoje?<\/strong><br data-start=\"2967\" data-end=\"2970\" \/>Be abejo \u2014 <strong data-start=\"2987\" data-end=\"3006\">UOR 120000 P\u016bkai<\/strong> yra stiprus veik\u0117jas <strong data-start=\"3032\" data-end=\"3053\">Vape Europos S\u0105jungos Didmenin\u0117 prekyba<\/strong>, su dideliu p\u016btim\u0173 skai\u010diumi ir daugelio skoni\u0173 patrauklumu.<\/p>\n<p data-start=\"3104\" data-end=\"3259\"><strong data-start=\"3104\" data-end=\"3145\">5. Ar \u0161is \u012frenginys tinkamas naujiems vartotojams?<\/strong><br data-start=\"3145\" data-end=\"3148\" \/>Taip. Tai yra <strong data-start=\"3161\" data-end=\"3188\">Vienkartinis Skaitmeninis Vape<\/strong> su i\u0161traukimo aktyvacija ir paprastu jungimu, nereikalauja prie\u017ei\u016bros.<\/p>\n<\/div>\n<\/div>\n<\/div>\n<\/div>","protected":false},"excerpt":{"rendered":"<article class=\"text-token-text-primary w-full focus:outline-none [--shadow-height:45px] has-data-writing-block:pointer-events-none has-data-writing-block:-mt-(--shadow-height) has-data-writing-block:pt-(--shadow-height) [&amp;:has([data-writing-block])&gt;*]:pointer-events-auto [content-visibility:auto] supports-[content-visibility:auto]:[contain-intrinsic-size:auto_100lvh] scroll-mt-[calc(var(--header-height)+min(200px,max(70px,20svh)))]\" dir=\"auto\" tabindex=\"-1\" data-turn-id=\"86ca9d92-7a10-4e6b-bda0-15f9df36adca\" data-testid=\"conversation-turn-120\" data-scroll-anchor=\"true\" data-turn=\"assistant\">\n<div class=\"text-base my-auto mx-auto pb-10 [--thread-content-margin:--spacing(4)] thread-sm:[--thread-content-margin:--spacing(6)] thread-lg:[--thread-content-margin:--spacing(16)] px-(--thread-content-margin)\">\n<div class=\"[--thread-content-max-width:40rem] thread-lg:[--thread-content-max-width:48rem] mx-auto max-w-(--thread-content-max-width) flex-1 group\/turn-messages focus-visible:outline-hidden relative flex w-full min-w-0 flex-col agent-turn\" tabindex=\"-1\">\n<div class=\"flex max-w-full flex-col grow\">\n<div class=\"min-h-8 text-message relative flex w-full flex-col items-end gap-2 text-start break-words whitespace-normal [.text-message+&amp;]:mt-1\" dir=\"auto\" data-message-author-role=\"assistant\" data-message-id=\"43b070d6-bf28-4fbe-8049-1032a61ea3ac\" data-message-model-slug=\"gpt-5\">\n<div class=\"flex w-full flex-col gap-1 empty:hidden first:pt-[1px]\">\n<div class=\"markdown prose dark:prose-invert w-full break-words light markdown-new-styling\">\n<article class=\"text-token-text-primary w-full focus:outline-none [--shadow-height:45px] has-data-writing-block:pointer-events-none has-data-writing-block:-mt-(--shadow-height) has-data-writing-block:pt-(--shadow-height) [&amp;:has([data-writing-block])&gt;*]:pointer-events-auto [content-visibility:auto] supports-[content-visibility:auto]:[contain-intrinsic-size:auto_100lvh] scroll-mt-[calc(var(--header-height)+min(200px,max(70px,20svh)))]\" dir=\"auto\" tabindex=\"-1\" data-turn-id=\"4d6f00b8-d41a-438b-8912-05a895842882\" data-testid=\"conversation-turn-130\" data-scroll-anchor=\"true\" data-turn=\"assistant\">\n<div class=\"text-base my-auto mx-auto pb-10 [--thread-content-margin:--spacing(4)] thread-sm:[--thread-content-margin:--spacing(6)] thread-lg:[--thread-content-margin:--spacing(16)] px-(--thread-content-margin)\">\n<div class=\"[--thread-content-max-width:40rem] thread-lg:[--thread-content-max-width:48rem] mx-auto max-w-(--thread-content-max-width) flex-1 group\/turn-messages focus-visible:outline-hidden relative flex w-full min-w-0 flex-col agent-turn\" tabindex=\"-1\">\n<div class=\"flex max-w-full flex-col grow\">\n<div class=\"min-h-8 text-message relative flex w-full flex-col items-end gap-2 text-start break-words whitespace-normal [.text-message+&amp;]:mt-1\" dir=\"auto\" data-message-author-role=\"assistant\" data-message-id=\"f3c520bf-c043-4392-87ea-b3bf1b3ae6d3\" data-message-model-slug=\"gpt-5-1\">\n<div class=\"flex w-full flex-col gap-1 empty:hidden first:pt-[1px]\">\n<div class=\"markdown prose dark:prose-invert w-full break-words light markdown-new-styling\">\n<p data-start=\"3562\" data-end=\"3657\"><strong data-start=\"3562\" data-end=\"3655\">UOR 120K P\u016bkai 4 Skoni\u0173 Perjungiamas Vape \u2013 120000 P\u016bkai \u012ekraunamas Vienkartinis Vape Europos S\u0105jungos Didmenin\u0117 prekyba<\/strong><\/p>\n<p data-start=\"3661\" data-end=\"3753\"><strong data-start=\"3661\" data-end=\"3751\">Pirkite UOR 120000 P\u016bkai Internete \u2013 Daugiaskoni\u0173 Skaitmeninis Vienkartinis Vape su Tipo-C \u012ekrovimu<\/strong><\/p>\n<p data-start=\"3757\" data-end=\"3844\" data-is-last-node=\"\"><strong data-start=\"3757\" data-end=\"3844\" data-is-last-node=\"\">UOR 120K 4-in-1 Vape \u2013 120000 P\u016bkai Ilgaam\u017eis Vienkartinis Europos S\u0105jungos Ma\u017emenin\u0117 ir Didmenin\u0117 prekyba<\/strong><\/p>\n<\/div>\n<\/div>\n<\/div>\n<\/div>\n<div class=\"z-0 flex min-h-[46px] justify-start\"><\/div>\n<div class=\"mt-3 w-full empty:hidden\">\n<div class=\"text-center\"><\/div>\n<\/div>\n<\/div>\n<\/div>\n<\/article>\n<div class=\"pointer-events-none h-px w-px\" aria-hidden=\"true\" data-edge=\"true\"><\/div>\n<\/div>\n<\/div>\n<\/div>\n<\/div>\n<\/div>\n<\/div>\n<\/article>\n<p><img fetchpriority=\"high\" decoding=\"async\" class=\"size-full wp-image-2932\" src=\"https:\/\/vapestornado.com\/wp-content\/uploads\/2024\/12\/Vape-Wholesale.jpg\" alt=\"Garintuvai Didmenin\u0117 prekyba\" width=\"229\" height=\"300\" \/><\/p>\n<h3><a href=\"https:\/\/wa.me\/8617776015835\"><span style=\"color: #ff0000;\"><strong>WhatsApp: +86 17776015835<\/strong><\/span><\/a><\/h3>\n<p>&nbsp;<\/p>","protected":false},"featured_media":4547,"comment_status":"open","ping_status":"closed","template":"","meta":{"_acf_changed":false,"_uag_custom_page_level_css":"","_lmt_disableupdate":"no","_lmt_disable":"","_monsterinsights_skip_tracking":false,"_monsterinsights_sitenote_active":false,"_monsterinsights_sitenote_note":"","_monsterinsights_sitenote_category":0,"site-sidebar-layout":"default","site-content-layout":"","ast-site-content-layout":"default","site-content-style":"default","site-sidebar-style":"default","ast-global-header-display":"","ast-banner-title-visibility":"","ast-main-header-display":"","ast-hfb-above-header-display":"","ast-hfb-below-header-display":"","ast-hfb-mobile-header-display":"","site-post-title":"","ast-breadcrumbs-content":"","ast-featured-img":"","footer-sml-layout":"","ast-disable-related-posts":"","theme-transparent-header-meta":"default","adv-header-id-meta":"","stick-header-meta":"","header-above-stick-meta":"","header-main-stick-meta":"","header-below-stick-meta":"","astra-migrate-meta-layouts":"set","ast-page-background-enabled":"default","ast-page-background-meta":{"desktop":{"background-color":"","background-image":"","background-repeat":"repeat","background-position":"center center","background-size":"auto","background-attachment":"scroll","background-type":"","background-media":"","overlay-type":"","overlay-color":"","overlay-opacity":"","overlay-gradient":""},"tablet":{"background-color":"","background-image":"","background-repeat":"repeat","background-position":"center center","background-size":"auto","background-attachment":"scroll","background-type":"","background-media":"","overlay-type":"","overlay-color":"","overlay-opacity":"","overlay-gradient":""},"mobile":{"background-color":"","background-image":"","background-repeat":"repeat","background-position":"center center","background-size":"auto","background-attachment":"scroll","background-type":"","background-media":"","overlay-type":"","overlay-color":"","overlay-opacity":"","overlay-gradient":""}},"ast-content-background-meta":{"desktop":{"background-color":"var(--ast-global-color-5)","background-image":"","background-repeat":"repeat","background-position":"center center","background-size":"auto","background-attachment":"scroll","background-type":"","background-media":"","overlay-type":"","overlay-color":"","overlay-opacity":"","overlay-gradient":""},"tablet":{"background-color":"var(--ast-global-color-5)","background-image":"","background-repeat":"repeat","background-position":"center center","background-size":"auto","background-attachment":"scroll","background-type":"","background-media":"","overlay-type":"","overlay-color":"","overlay-opacity":"","overlay-gradient":""},"mobile":{"background-color":"var(--ast-global-color-5)","background-image":"","background-repeat":"repeat","background-position":"center center","background-size":"auto","background-attachment":"scroll","background-type":"","background-media":"","overlay-type":"","overlay-color":"","overlay-opacity":"","overlay-gradient":""}},"_joinchat":{"telephone":"17776015835"}},"product_brand":[],"product_cat":[347,149,150,156,143,357,146],"product_tag":[105,427,94,436,434,433,435,301],"class_list":{"0":"post-4544","1":"product","2":"type-product","3":"status-publish","4":"has-post-thumbnail","6":"product_cat-120000-puff","7":"product_cat-buy-disposable-vapes-in-austria","8":"product_cat-buy-disposable-vapes-in-belgium","9":"product_cat-buy-disposable-vapes-in-poland","10":"product_cat-dual-mesh-disposable-vapes","11":"product_cat-flavor-adjustable-vape","12":"product_cat-rechargeable-disposable-vapes","13":"product_tag-digital-disposable-vape","14":"product_tag-multi-flaovr-vape","15":"product_tag-rechargeable-disposable-vape","16":"product_tag-shop-vape-online","17":"product_tag-uor-120000-puffs","18":"product_tag-uor-120k-puff","19":"product_tag-vape-eu-wholesale","20":"product_tag-vapor-wholesale","21":"desktop-align-left","22":"tablet-align-left","23":"mobile-align-left","25":"first","26":"instock","27":"sale","28":"shipping-taxable","29":"purchasable","30":"product-type-simple"},"acf":[],"uagb_featured_image_src":{"full":["https:\/\/vapestornado.com\/wp-content\/uploads\/2025\/11\/The-UOR-120K-is-very-popular-in-the-European-Disposable-Vape-Wholesale.webp",800,800,false],"thumbnail":["https:\/\/vapestornado.com\/wp-content\/uploads\/2025\/11\/The-UOR-120K-is-very-popular-in-the-European-Disposable-Vape-Wholesale-150x150.webp",150,150,true],"medium":["https:\/\/vapestornado.com\/wp-content\/uploads\/2025\/11\/The-UOR-120K-is-very-popular-in-the-European-Disposable-Vape-Wholesale-300x300.webp",300,300,true],"medium_large":["https:\/\/vapestornado.com\/wp-content\/uploads\/2025\/11\/The-UOR-120K-is-very-popular-in-the-European-Disposable-Vape-Wholesale-768x768.webp",768,768,true],"large":["https:\/\/vapestornado.com\/wp-content\/uploads\/2025\/11\/The-UOR-120K-is-very-popular-in-the-European-Disposable-Vape-Wholesale.webp",800,800,false],"1536x1536":["https:\/\/vapestornado.com\/wp-content\/uploads\/2025\/11\/The-UOR-120K-is-very-popular-in-the-European-Disposable-Vape-Wholesale.webp",800,800,false],"2048x2048":["https:\/\/vapestornado.com\/wp-content\/uploads\/2025\/11\/The-UOR-120K-is-very-popular-in-the-European-Disposable-Vape-Wholesale.webp",800,800,false],"trp-custom-language-flag":["https:\/\/vapestornado.com\/wp-content\/uploads\/2025\/11\/The-UOR-120K-is-very-popular-in-the-European-Disposable-Vape-Wholesale-12x12.webp",12,12,true],"woocommerce_thumbnail":["https:\/\/vapestornado.com\/wp-content\/uploads\/2025\/11\/The-UOR-120K-is-very-popular-in-the-European-Disposable-Vape-Wholesale-300x300.webp",300,300,true],"woocommerce_single":["https:\/\/vapestornado.com\/wp-content\/uploads\/2025\/11\/The-UOR-120K-is-very-popular-in-the-European-Disposable-Vape-Wholesale-600x600.webp",600,600,true],"woocommerce_gallery_thumbnail":["https:\/\/vapestornado.com\/wp-content\/uploads\/2025\/11\/The-UOR-120K-is-very-popular-in-the-European-Disposable-Vape-Wholesale-100x100.webp",100,100,true]},"uagb_author_info":{"display_name":"ESAMY","author_link":"https:\/\/vapestornado.com\/lt\/author\/"},"uagb_comment_info":1,"uagb_excerpt":"UOR 120K Puff 4-Flavor Switch Vape \u2013 120000 Puff Rechargeable Disposable for EU Wholesale Buy UOR 120000 Puff Online \u2013 Multi-Flavor Digital Disposable Vape with Type-C Charging UOR 120K 4-in-1 Vape \u2013 120000 Puff Long-Life Disposable for EU Retail &amp; Bulk Orders WhatsApp: +86 17776015835 &nbsp;","_links":{"self":[{"href":"https:\/\/vapestornado.com\/lt\/wp-json\/wp\/v2\/product\/4544","targetHints":{"allow":["GET"]}}],"collection":[{"href":"https:\/\/vapestornado.com\/lt\/wp-json\/wp\/v2\/product"}],"about":[{"href":"https:\/\/vapestornado.com\/lt\/wp-json\/wp\/v2\/types\/product"}],"replies":[{"embeddable":true,"href":"https:\/\/vapestornado.com\/lt\/wp-json\/wp\/v2\/comments?post=4544"}],"wp:featuredmedia":[{"embeddable":true,"href":"https:\/\/vapestornado.com\/lt\/wp-json\/wp\/v2\/media\/4547"}],"wp:attachment":[{"href":"https:\/\/vapestornado.com\/lt\/wp-json\/wp\/v2\/media?parent=4544"}],"wp:term":[{"taxonomy":"product_brand","embeddable":true,"href":"https:\/\/vapestornado.com\/lt\/wp-json\/wp\/v2\/product_brand?post=4544"},{"taxonomy":"product_cat","embeddable":true,"href":"https:\/\/vapestornado.com\/lt\/wp-json\/wp\/v2\/product_cat?post=4544"},{"taxonomy":"product_tag","embeddable":true,"href":"https:\/\/vapestornado.com\/lt\/wp-json\/wp\/v2\/product_tag?post=4544"}],"curies":[{"name":"wp","href":"https:\/\/api.w.org\/{rel}","templated":true}]}}