{"id":4543,"date":"2025-11-14T09:06:06","date_gmt":"2025-11-14T09:06:06","guid":{"rendered":"https:\/\/vapestornado.com\/?post_type=product&#038;p=4543"},"modified":"2025-11-14T09:29:50","modified_gmt":"2025-11-14T09:29:50","slug":"ainovo-aim-aipod-30000-30k-puff-replaceable-tank-disposable-vape-kit","status":"publish","type":"product","link":"https:\/\/vapestornado.com\/lt\/product\/ainovo-aim-aipod-30000-30k-puff-replaceable-tank-disposable-vape-kit\/","title":{"rendered":"AINOVO AIM AIPOD 30000 30K P\u016bsl\u0117s Kei\u010diamas bakelis vienkartinis vape rinkinys"},"content":{"rendered":"<h2 data-pm-slice=\"1 1 []\">AINOVO AIM AIPOD 30000 P\u016b\u010di\u0173 \u2013 Kei\u010diamas bakelis galia rimtiems ES vartotojams<\/h2>\n<p data-start=\"86\" data-end=\"660\">\u0160is <strong data-start=\"90\" data-end=\"116\">AINOVO AIM AIPOD 30000<\/strong> sukurtas ES didmenininkams ir vartotojams, kurie nori maksimalaus ilgaam\u017ei\u0161kumo su \u0161iuolaikine vaping technologija. Sukurtas kaip <strong data-start=\"242\" data-end=\"282\">Kei\u010diamas bakelis vienkartinis vape rinkinys<\/strong>, jis suteikia iki <strong data-start=\"302\" data-end=\"332\">30000 p\u016b\u010di\u0173 \u012f \u012fprast\u0105 re\u017eim\u0105<\/strong> ir <strong data-start=\"337\" data-end=\"366\">20000 p\u016b\u010di\u0173 \u012f stiprinimo re\u017eim\u0105<\/strong>, leid\u017eiant vartotojams pereiti tarp sklandaus efektyvumo ir stipri\u0173, tanki\u0173 debes\u0173. Su <strong data-start=\"462\" data-end=\"485\">1.0\u03a9 dviguba tinklelio rit\u0117<\/strong>, kiekvienas \u012fkv\u0117pimas yra turtingas, stabilus ir skonio tikslus \u2014 pagrindinis prana\u0161umas ma\u017emenin\u0117s prekybos ir didmenin\u0117s pirk\u0117jams, ie\u0161kantiems patikim\u0173 <strong data-start=\"588\" data-end=\"631\">vienkartini\u0173 vape didmeninei prekybai ir masinei pirkimui<\/strong> kurios veikia nuosekliai.<\/p>\n<p data-start=\"662\" data-end=\"1302\">\u0160is kompakti\u0161kas \u012frenginys turi <strong data-start=\"692\" data-end=\"717\">15 ml kei\u010diam\u0105 bakel\u012f<\/strong>, \u017eengiant\u012f \u017eingsn\u012f \u012f priek\u012f su ilgesniu naudojimo laikotarpiu ir ma\u017eesn\u0117mis eksploatacin\u0117mis s\u0105naudomis. <strong data-start=\"798\" data-end=\"818\">AINOVO AIPOD 30K<\/strong> taip pat apima reguliuojam\u0105 oro sraut\u0105 personalizuotam \u012fkv\u0117pimo pasiprie\u0161inimui, be to, <strong data-start=\"893\" data-end=\"917\">i\u0161manusis ekrano ekranas<\/strong> rodant\u012f baterijos ir e-skys\u010dio lygius. Su <strong data-start=\"960\" data-end=\"990\">850mAh greito \u012fkrovimo galia<\/strong> ir nikotino pasirinkimais nuo <strong data-start=\"1016\" data-end=\"1028\">0% iki 5%<\/strong>, jis atitinka \u012fvairi\u0173 ES rink\u0173 poreikius. Kaip <strong data-start=\"1076\" data-end=\"1110\">Kinijos vienkartini\u0173 vape tiek\u0117jas<\/strong> modelis, skirtas dideliam perpardavimui, <strong data-start=\"1151\" data-end=\"1178\">AINOVO AIPOD 30000 p\u016btim\u0173<\/strong> yra optimizuotas patogumui, patvarumui ir pelno mar\u017eai \u2014 idealiai tinka ES ma\u017emenin\u0117ms tinklams, kioskams ir internetin\u0117ms vape parduotuv\u0117ms.<\/p>\n<p data-start=\"1304\" data-end=\"1649\">ES pirk\u0117jai vertina kompakti\u0161k\u0105 dyd\u012f, greit\u0105 \u012fkrovim\u0105, tiksl\u0173 skon\u012f ir ma\u017e\u0105 prie\u017ei\u016br\u0105. AIM AIPOD suteikia b\u016btent tai, si\u016blydamas 10 stipri\u0173 skonio profil\u0173, kurie patraukl\u016bs europieti\u0161kam vaperiui. Distributoriams, siekiantiems stabilios atsarg\u0173 tiekimo ir didelio paklausos na\u0161umo, tai viena i\u0161 patikimiausi\u0173 30K p\u016btim\u0173 galimybi\u0173 kategorijoje.<\/p>\n<p data-start=\"666\" data-end=\"1235\"><strong style=\"font-size: 16px;\"><span style=\"color: #ff0000;\">Prid\u0117kite Amy WhatsApp, kad gautum\u0117te tinkam\u0105 atsakym\u0105 ir nuolaid\u0105!<\/span><\/strong><\/p>\n<p><img fetchpriority=\"high\" decoding=\"async\" class=\"size-full wp-image-2932\" src=\"https:\/\/vapestornado.com\/wp-content\/uploads\/2024\/12\/Vape-Wholesale.jpg\" alt=\"Garintuvai Didmenin\u0117 prekyba\" width=\"229\" height=\"300\" \/><\/p>\n<h3><a href=\"https:\/\/wa.me\/8617776015835\" target=\"_blank\" rel=\"noopener\"><span style=\"color: #ff0000;\"><strong>WhatsApp: +86 17776015835<\/strong><\/span><\/a><\/h3>\n<p>&nbsp;<\/p>\n<h2><strong>AINOVO AIM AIPOD 30000 Pagrindin\u0117s produkto savyb\u0117s<\/strong><\/h2>\n<ul data-start=\"1707\" data-end=\"2033\">\n<li data-start=\"1707\" data-end=\"1739\">\n<p data-start=\"1709\" data-end=\"1739\"><strong data-start=\"1709\" data-end=\"1725\">Normalus re\u017eimas:<\/strong> 30000 \u012ftraukim\u0173<\/p>\n<\/li>\n<li data-start=\"1740\" data-end=\"1771\">\n<p data-start=\"1742\" data-end=\"1771\"><strong data-start=\"1742\" data-end=\"1757\">Priedangos re\u017eimas:<\/strong> 20000 \u012fkv\u0117pim\u0173<\/p>\n<\/li>\n<li data-start=\"1772\" data-end=\"1816\">\n<p data-start=\"1774\" data-end=\"1816\"><strong data-start=\"1774\" data-end=\"1792\">Talpa:<\/strong> 15 ml kei\u010diam\u0105 bakel\u012f<\/p>\n<\/li>\n<li data-start=\"1817\" data-end=\"1845\">\n<p data-start=\"1819\" data-end=\"1845\"><strong data-start=\"1819\" data-end=\"1828\">Vamzdelis:<\/strong> 1.0\u03a9 dviguba tinklelis<\/p>\n<\/li>\n<li data-start=\"1846\" data-end=\"1882\">\n<p data-start=\"1848\" data-end=\"1882\"><strong data-start=\"1848\" data-end=\"1860\">Baterija:<\/strong> 850mAh \u012fkraunamas<\/p>\n<\/li>\n<li data-start=\"1883\" data-end=\"1923\">\n<p data-start=\"1885\" data-end=\"1923\"><strong data-start=\"1885\" data-end=\"1906\">Nikotino pasirinkimai:<\/strong> 0%, 2%, 3%, 5%<\/p>\n<\/li>\n<li data-start=\"1924\" data-end=\"1972\">\n<p data-start=\"1926\" data-end=\"1972\"><strong data-start=\"1926\" data-end=\"1943\">I\u0161manus ekranas:<\/strong> Baterijos ir skys\u010dio indikatoriai<\/p>\n<\/li>\n<li data-start=\"1973\" data-end=\"1999\">\n<p data-start=\"1975\" data-end=\"1999\"><strong data-start=\"1975\" data-end=\"1997\">Reguliuojamas oro srautas<\/strong><\/p>\n<\/li>\n<li data-start=\"2000\" data-end=\"2033\">\n<p data-start=\"2002\" data-end=\"2033\"><strong data-start=\"2002\" data-end=\"2011\">Dydis:<\/strong> 52.2 \u00d7 27.8 \u00d7 96 mm<\/p>\n<\/li>\n<\/ul>\n<figure id=\"attachment_4542\" aria-describedby=\"caption-attachment-4542\" style=\"width: 300px\" class=\"wp-caption alignnone\"><img decoding=\"async\" class=\"size-medium wp-image-4542\" src=\"https:\/\/vapestornado.com\/wp-content\/uploads\/2025\/11\/Aivono-Aipod-30k-30000-Puffs-Disposable-Vapes-Bulk-Buy-300x300.webp\" alt=\"Aivono Aipod 30k 30000 P\u016btimo vienkartiniai vape didmenin\u0117 prekyba\" width=\"300\" height=\"300\" srcset=\"https:\/\/vapestornado.com\/wp-content\/uploads\/2025\/11\/Aivono-Aipod-30k-30000-Puffs-Disposable-Vapes-Bulk-Buy-300x300.webp 300w, https:\/\/vapestornado.com\/wp-content\/uploads\/2025\/11\/Aivono-Aipod-30k-30000-Puffs-Disposable-Vapes-Bulk-Buy-150x150.webp 150w, https:\/\/vapestornado.com\/wp-content\/uploads\/2025\/11\/Aivono-Aipod-30k-30000-Puffs-Disposable-Vapes-Bulk-Buy-768x768.webp 768w, https:\/\/vapestornado.com\/wp-content\/uploads\/2025\/11\/Aivono-Aipod-30k-30000-Puffs-Disposable-Vapes-Bulk-Buy-12x12.webp 12w, https:\/\/vapestornado.com\/wp-content\/uploads\/2025\/11\/Aivono-Aipod-30k-30000-Puffs-Disposable-Vapes-Bulk-Buy-600x600.webp 600w, https:\/\/vapestornado.com\/wp-content\/uploads\/2025\/11\/Aivono-Aipod-30k-30000-Puffs-Disposable-Vapes-Bulk-Buy-100x100.webp 100w, https:\/\/vapestornado.com\/wp-content\/uploads\/2025\/11\/Aivono-Aipod-30k-30000-Puffs-Disposable-Vapes-Bulk-Buy.webp 800w\" sizes=\"(max-width: 300px) 100vw, 300px\" \/><figcaption id=\"caption-attachment-4542\" class=\"wp-caption-text\">Aivono Aipod 30k 30000 P\u016btimo vienkartiniai vape didmenin\u0117 prekyba<\/figcaption><\/figure>\n<h2 class=\"product-title\"><strong>AINOVO AIM AIPOD 30000 Vienkartini\u0173 Vape Skoni\u0173 S\u0105ra\u0161as<\/strong><\/h2>\n<h3 data-start=\"2040\" data-end=\"2076\"><\/h3>\n<ol data-start=\"2077\" data-end=\"2293\">\n<li data-start=\"2077\" data-end=\"2096\">\n<p data-start=\"2080\" data-end=\"2096\">Arb\u016bz\u0173 ledas<\/p>\n<\/li>\n<li data-start=\"2097\" data-end=\"2112\">\n<p data-start=\"2100\" data-end=\"2112\">Majamio m\u0117ta<\/p>\n<\/li>\n<li data-start=\"2113\" data-end=\"2129\">\n<p data-start=\"2116\" data-end=\"2129\">Vynuogi\u0173 ledas<\/p>\n<\/li>\n<li data-start=\"2130\" data-end=\"2155\">\n<p data-start=\"2133\" data-end=\"2155\">R\u016bg\u0161tus mangas ananasas<\/p>\n<\/li>\n<li data-start=\"2156\" data-end=\"2182\">\n<p data-start=\"2159\" data-end=\"2182\">Avie\u010di\u0173 Persiko Citrina<\/p>\n<\/li>\n<li data-start=\"2183\" data-end=\"2197\">\n<p data-start=\"2186\" data-end=\"2197\">Persiko d\u017eemas<\/p>\n<\/li>\n<li data-start=\"2198\" data-end=\"2227\">\n<p data-start=\"2201\" data-end=\"2227\">\u0160aldyti vy\u0161ni\u0173 arb\u016bzai<\/p>\n<\/li>\n<li data-start=\"2228\" data-end=\"2245\">\n<p data-start=\"2231\" data-end=\"2245\">Dvigubas obuolys<\/p>\n<\/li>\n<li data-start=\"2246\" data-end=\"2265\">\n<p data-start=\"2249\" data-end=\"2265\">M\u0117lyni\u0173 Razz<\/p>\n<\/li>\n<li data-start=\"2266\" data-end=\"2293\">\n<p data-start=\"2270\" data-end=\"2293\">Bra\u0161ki\u0173 arb\u016bzas<\/p>\n<\/li>\n<\/ol>\n<p>&nbsp;<\/p>\n<h2>Kod\u0117l rinktis Vapestornado AINOVO AIM AIPOD 30000 p\u016btimo dideliais kiekiais?<\/h2>\n<div class=\"flex-shrink-0 flex flex-col relative items-end\">\n<div class=\"pt-0\">\n<div class=\"gizmo-bot-avatar flex h-8 w-8 items-center justify-center overflow-hidden rounded-full\">\n<div class=\"relative p-1 rounded-sm flex items-center justify-center bg-token-main-surface-primary text-token-text-primary h-8 w-8\">\n<p>At\u00a0<strong>Vapes Tornado<\/strong>, mes did\u017eiuojam\u0117s gal\u0117dami pasi\u016blyti\u00a0<strong>auk\u0161\u010diausios kokyb\u0117s garinimo produktus u\u017e neprilygstam\u0105 kain\u0105<\/strong>\u00a0\u0160tai kod\u0117l tur\u0117tum\u0117te pirkti i\u0161 m\u016bs\u0173:<\/p>\n<p data-start=\"235\" data-end=\"360\"><strong data-start=\"235\" data-end=\"261\">Geriausios didmenin\u0117s pasi\u016blymai<\/strong> \u2013 M\u0117gaukit\u0117s <strong data-start=\"270\" data-end=\"297\">auk\u0161to pelno mar\u017eos didmenin\u0117mis kainomis<\/strong> pritaikytomis perpardav\u0117jams, vape platintojams ir ma\u017emenin\u0117ms parduotuv\u0117ms.<\/p>\n<p data-start=\"362\" data-end=\"513\"><strong data-start=\"362\" data-end=\"400\">\u2714 Greitas ir saugus pristatymas visame pasaulyje<\/strong> \u2013 Mes u\u017etikriname <strong data-start=\"413\" data-end=\"443\">greit\u0105, stebim\u0105 pristatym\u0105<\/strong> per Europ\u0105 ir u\u017e jos rib\u0173, kad j\u016bs\u0173 atsargos pasiekt\u0173 jus saugiai ir laiku.<\/p>\n<p data-start=\"515\" data-end=\"646\"><strong data-start=\"515\" data-end=\"542\">\u2714 100% autenti\u0161ki produktai<\/strong> \u2013 Kiekvienas <strong data-start=\"551\" data-end=\"578\">WASPE Triple 60000 vape<\/strong> kur\u012f parduodame, yra <strong data-start=\"590\" data-end=\"625\">autenti\u0161kas ir gamyklos sertifikuotas<\/strong>, niekada kopijos.<\/p>\n<p data-start=\"648\" data-end=\"799\"><strong data-start=\"648\" data-end=\"676\">\u2714 Skirta pagalbos komanda<\/strong> \u2013 Reikia pagalbos? M\u016bs\u0173 <strong data-start=\"694\" data-end=\"733\">vape specialistai yra prieinami 24\/7<\/strong>, pasiruo\u0161\u0119 atsakyti \u012f j\u016bs\u0173 klausimus ir pad\u0117ti u\u017esakymuose bet kuriuo metu.<\/p>\n<p>&nbsp;<\/p>\n<p data-start=\"559\" data-end=\"933\" data-is-last-node=\"\" data-is-only-node=\"\">Mes taip pat turime kelet\u0105 kit\u0173 populiari\u0173 vienkartini\u0173 vape su ekranu, pvz. <a href=\"https:\/\/vapestornado.com\/lt\/product\/uzy-150k-puffs-6-in-1-flavor-switch-disposable-vape-pen-wholesale\/\">UZY 150K P\u016btelis skoni\u0173 keitimo vape<\/a>, <a href=\"https:\/\/vapestornado.com\/lt\/product\/vozol-rave-40k-40000-puffs-disposable-vape-smart-screen-5-nicotine\/\">VOZOL RAVE 40K Vienkartinis Vape<\/a>, <a href=\"https:\/\/vapestornado.com\/lt\/product\/waspe-150k-150000-puff-6-in-1-disposable-vape-pen-cartridge-best-wholesale-price-in-poland\/\">WASPE 150K P\u016bsl\u0117s 6-in-1<\/a>, ir daugiau.<\/p>\n<\/div>\n<div class=\"relative p-1 rounded-sm flex items-center justify-center bg-token-main-surface-primary text-token-text-primary h-8 w-8\">\n<h2>DUK apie AINOVO AIM AIPOD 30000 30k P\u016b\u010di\u0173<\/h2>\n<p data-start=\"2345\" data-end=\"2507\"><strong data-start=\"2345\" data-end=\"2397\">1. Kiek laiko veikia AINOVO AIPOD 30K P\u016b\u010di\u0173?<\/strong><br data-start=\"2397\" data-end=\"2400\" \/>Normalus re\u017eimas si\u016blo iki <strong data-start=\"2425\" data-end=\"2440\">30000 \u012ftraukim\u0173<\/strong>, o Boost re\u017eimas suteikia <strong data-start=\"2468\" data-end=\"2483\">20000 \u012fkv\u0117pim\u0173<\/strong> su stipresniu i\u0161\u0117jimu.<\/p>\n<p data-start=\"2509\" data-end=\"2669\"><strong data-start=\"2509\" data-end=\"2566\">2. Ar AINOVO AIM AIPOD yra kei\u010diamas bakelio sistema?<\/strong><br data-start=\"2566\" data-end=\"2569\" \/>Taip, jis naudoja <strong data-start=\"2584\" data-end=\"2609\">15 ml kei\u010diam\u0105 bakel\u012f<\/strong>, tod\u0117l yra idealus naudotojams, norintiems ilgesnio \u012frenginio tarnavimo laiko.<\/p>\n<p data-start=\"2671\" data-end=\"2783\"><strong data-start=\"2671\" data-end=\"2703\">3. Ar galiu reguliuoti oro sraut\u0105?<\/strong><br data-start=\"2703\" data-end=\"2706\" \/>Taip, jame yra <strong data-start=\"2723\" data-end=\"2745\">oro srauto reguliavimas<\/strong> u\u017esandarintam arba atviram \u012fkv\u0117pimui.<\/p>\n<p data-start=\"2785\" data-end=\"2924\"><strong data-start=\"2785\" data-end=\"2828\">4. Kokios nikotino galimyb\u0117s yra prieinamos?<\/strong><br data-start=\"2828\" data-end=\"2831\" \/>Jis palaiko <strong data-start=\"2843\" data-end=\"2864\">0% \/ 2% \/ 3% \/ 5%<\/strong>, tod\u0117l tinka nikotino neturintiems ir didelio stiprumo naudotojams.<\/p>\n<p data-start=\"2926\" data-end=\"3121\"><strong data-start=\"2926\" data-end=\"2974\">5. Ar tai tinkama didmenin\u0117ms ir didel\u0117ms u\u017esakym\u0173 partijoms?<\/strong><br data-start=\"2974\" data-end=\"2977\" \/>Visk\u0105 \u2013 tai skirta platintojams, kuriems reikalingas stabilus tiekimas i\u0161 <strong data-start=\"3050\" data-end=\"3084\">Kinijos vienkartini\u0173 vape tiek\u0117jas<\/strong>, su stipriu paklausa visoje Europoje.<\/p>\n<\/div>\n<\/div>\n<\/div>\n<\/div>","protected":false},"excerpt":{"rendered":"<article class=\"text-token-text-primary w-full focus:outline-none [--shadow-height:45px] has-data-writing-block:pointer-events-none has-data-writing-block:-mt-(--shadow-height) has-data-writing-block:pt-(--shadow-height) [&amp;:has([data-writing-block])&gt;*]:pointer-events-auto [content-visibility:auto] supports-[content-visibility:auto]:[contain-intrinsic-size:auto_100lvh] scroll-mt-[calc(var(--header-height)+min(200px,max(70px,20svh)))]\" dir=\"auto\" tabindex=\"-1\" data-turn-id=\"86ca9d92-7a10-4e6b-bda0-15f9df36adca\" data-testid=\"conversation-turn-120\" data-scroll-anchor=\"true\" data-turn=\"assistant\">\n<div class=\"text-base my-auto mx-auto pb-10 [--thread-content-margin:--spacing(4)] thread-sm:[--thread-content-margin:--spacing(6)] thread-lg:[--thread-content-margin:--spacing(16)] px-(--thread-content-margin)\">\n<div class=\"[--thread-content-max-width:40rem] thread-lg:[--thread-content-max-width:48rem] mx-auto max-w-(--thread-content-max-width) flex-1 group\/turn-messages focus-visible:outline-hidden relative flex w-full min-w-0 flex-col agent-turn\" tabindex=\"-1\">\n<div class=\"flex max-w-full flex-col grow\">\n<div class=\"min-h-8 text-message relative flex w-full flex-col items-end gap-2 text-start break-words whitespace-normal [.text-message+&amp;]:mt-1\" dir=\"auto\" data-message-author-role=\"assistant\" data-message-id=\"43b070d6-bf28-4fbe-8049-1032a61ea3ac\" data-message-model-slug=\"gpt-5\">\n<div class=\"flex w-full flex-col gap-1 empty:hidden first:pt-[1px]\">\n<div class=\"markdown prose dark:prose-invert w-full break-words light markdown-new-styling\">\n<p data-start=\"3431\" data-end=\"3519\"><strong data-start=\"3431\" data-end=\"3517\">AINOVO AIPOD 30K Kei\u010diamas bakelis Vape \u2013 30000 P\u016b\u010di\u0173 i\u0161manus vienkartinis \u012frenginys didmeninei prekybai<\/strong><\/p>\n<p data-start=\"3523\" data-end=\"3604\"><strong data-start=\"3523\" data-end=\"3602\">Pirkti AINOVO AIM AIPOD 30000 P\u016b\u010di\u0173 \u2013 Dvigubo tinklelio 30K Vape rinkinys didmeninei prekybai ES<\/strong><\/p>\n<p data-start=\"3608\" data-end=\"3688\" data-is-last-node=\"\"><strong data-start=\"3608\" data-end=\"3688\" data-is-last-node=\"\">AINOVO AIPOD 30000 P\u016b\u010di\u0173 Vienkartinis \u2013 30K Kei\u010diamas bakelis Vape Kar\u0161tas pardavimas<\/strong><\/p>\n<\/div>\n<\/div>\n<\/div>\n<\/div>\n<\/div>\n<\/div>\n<\/article>\n<p><img fetchpriority=\"high\" decoding=\"async\" class=\"size-full wp-image-2932\" src=\"https:\/\/vapestornado.com\/wp-content\/uploads\/2024\/12\/Vape-Wholesale.jpg\" alt=\"Garintuvai Didmenin\u0117 prekyba\" width=\"229\" height=\"300\" \/><\/p>\n<h3><a href=\"https:\/\/wa.me\/8617776015835\"><span style=\"color: #ff0000;\"><strong>WhatsApp: +86 17776015835<\/strong><\/span><\/a><\/h3>\n<p>&nbsp;<\/p>","protected":false},"featured_media":4538,"comment_status":"open","ping_status":"closed","template":"","meta":{"_acf_changed":false,"_uag_custom_page_level_css":"","_lmt_disableupdate":"no","_lmt_disable":"","_monsterinsights_skip_tracking":false,"_monsterinsights_sitenote_active":false,"_monsterinsights_sitenote_note":"","_monsterinsights_sitenote_category":0,"site-sidebar-layout":"default","site-content-layout":"","ast-site-content-layout":"default","site-content-style":"default","site-sidebar-style":"default","ast-global-header-display":"","ast-banner-title-visibility":"","ast-main-header-display":"","ast-hfb-above-header-display":"","ast-hfb-below-header-display":"","ast-hfb-mobile-header-display":"","site-post-title":"","ast-breadcrumbs-content":"","ast-featured-img":"","footer-sml-layout":"","ast-disable-related-posts":"","theme-transparent-header-meta":"default","adv-header-id-meta":"","stick-header-meta":"","header-above-stick-meta":"","header-main-stick-meta":"","header-below-stick-meta":"","astra-migrate-meta-layouts":"set","ast-page-background-enabled":"default","ast-page-background-meta":{"desktop":{"background-color":"","background-image":"","background-repeat":"repeat","background-position":"center center","background-size":"auto","background-attachment":"scroll","background-type":"","background-media":"","overlay-type":"","overlay-color":"","overlay-opacity":"","overlay-gradient":""},"tablet":{"background-color":"","background-image":"","background-repeat":"repeat","background-position":"center center","background-size":"auto","background-attachment":"scroll","background-type":"","background-media":"","overlay-type":"","overlay-color":"","overlay-opacity":"","overlay-gradient":""},"mobile":{"background-color":"","background-image":"","background-repeat":"repeat","background-position":"center center","background-size":"auto","background-attachment":"scroll","background-type":"","background-media":"","overlay-type":"","overlay-color":"","overlay-opacity":"","overlay-gradient":""}},"ast-content-background-meta":{"desktop":{"background-color":"var(--ast-global-color-5)","background-image":"","background-repeat":"repeat","background-position":"center center","background-size":"auto","background-attachment":"scroll","background-type":"","background-media":"","overlay-type":"","overlay-color":"","overlay-opacity":"","overlay-gradient":""},"tablet":{"background-color":"var(--ast-global-color-5)","background-image":"","background-repeat":"repeat","background-position":"center center","background-size":"auto","background-attachment":"scroll","background-type":"","background-media":"","overlay-type":"","overlay-color":"","overlay-opacity":"","overlay-gradient":""},"mobile":{"background-color":"var(--ast-global-color-5)","background-image":"","background-repeat":"repeat","background-position":"center center","background-size":"auto","background-attachment":"scroll","background-type":"","background-media":"","overlay-type":"","overlay-color":"","overlay-opacity":"","overlay-gradient":""}},"_joinchat":{"telephone":"17776015835"}},"product_brand":[],"product_cat":[67,176,152,154,156,158,142,357,144],"product_tag":[432,105,430,94,431,301],"class_list":{"0":"post-4543","1":"product","2":"type-product","3":"status-publish","4":"has-post-thumbnail","6":"product_cat-30000-puff","7":"product_cat-aivono-vape","8":"product_cat-buy-disposable-vapes-in-cermany","9":"product_cat-buy-disposable-vapes-in-netherlands","10":"product_cat-buy-disposable-vapes-in-poland","11":"product_cat-buy-disposable-vapes-in-spain","12":"product_cat-digital-box-disposable-vapes","13":"product_cat-flavor-adjustable-vape","14":"product_cat-low-nicotine-disposable-vapes","15":"product_tag-china-disposable-vape-supplier","16":"product_tag-digital-disposable-vape","17":"product_tag-disposables-vaper","18":"product_tag-rechargeable-disposable-vape","19":"product_tag-replaceable-tank-disposable-vape-kit","20":"product_tag-vapor-wholesale","21":"desktop-align-left","22":"tablet-align-left","23":"mobile-align-left","25":"first","26":"instock","27":"sale","28":"shipping-taxable","29":"purchasable","30":"product-type-simple"},"acf":[],"uagb_featured_image_src":{"full":["https:\/\/vapestornado.com\/wp-content\/uploads\/2025\/11\/Aivono-30k-30000-Puffs-Disposable-Vape.webp",800,800,false],"thumbnail":["https:\/\/vapestornado.com\/wp-content\/uploads\/2025\/11\/Aivono-30k-30000-Puffs-Disposable-Vape-150x150.webp",150,150,true],"medium":["https:\/\/vapestornado.com\/wp-content\/uploads\/2025\/11\/Aivono-30k-30000-Puffs-Disposable-Vape-300x300.webp",300,300,true],"medium_large":["https:\/\/vapestornado.com\/wp-content\/uploads\/2025\/11\/Aivono-30k-30000-Puffs-Disposable-Vape-768x768.webp",768,768,true],"large":["https:\/\/vapestornado.com\/wp-content\/uploads\/2025\/11\/Aivono-30k-30000-Puffs-Disposable-Vape.webp",800,800,false],"1536x1536":["https:\/\/vapestornado.com\/wp-content\/uploads\/2025\/11\/Aivono-30k-30000-Puffs-Disposable-Vape.webp",800,800,false],"2048x2048":["https:\/\/vapestornado.com\/wp-content\/uploads\/2025\/11\/Aivono-30k-30000-Puffs-Disposable-Vape.webp",800,800,false],"trp-custom-language-flag":["https:\/\/vapestornado.com\/wp-content\/uploads\/2025\/11\/Aivono-30k-30000-Puffs-Disposable-Vape-12x12.webp",12,12,true],"woocommerce_thumbnail":["https:\/\/vapestornado.com\/wp-content\/uploads\/2025\/11\/Aivono-30k-30000-Puffs-Disposable-Vape-300x300.webp",300,300,true],"woocommerce_single":["https:\/\/vapestornado.com\/wp-content\/uploads\/2025\/11\/Aivono-30k-30000-Puffs-Disposable-Vape-600x600.webp",600,600,true],"woocommerce_gallery_thumbnail":["https:\/\/vapestornado.com\/wp-content\/uploads\/2025\/11\/Aivono-30k-30000-Puffs-Disposable-Vape-100x100.webp",100,100,true]},"uagb_author_info":{"display_name":"ESAMY","author_link":"https:\/\/vapestornado.com\/lt\/author\/"},"uagb_comment_info":0,"uagb_excerpt":"AINOVO AIPOD 30K Replaceable Tank Vape \u2013 30000 Puff Smart Disposable for Wholesale Buy AINOVO AIM AIPOD 30000 Puff \u2013 Dual Mesh 30K Vape Kit for EU Bulk Orders AINOVO AIPOD 30000 Puff Disposable \u2013 30K Replaceable Tank Vape Hot Sale WhatsApp: +86 17776015835 &nbsp;","_links":{"self":[{"href":"https:\/\/vapestornado.com\/lt\/wp-json\/wp\/v2\/product\/4543","targetHints":{"allow":["GET"]}}],"collection":[{"href":"https:\/\/vapestornado.com\/lt\/wp-json\/wp\/v2\/product"}],"about":[{"href":"https:\/\/vapestornado.com\/lt\/wp-json\/wp\/v2\/types\/product"}],"replies":[{"embeddable":true,"href":"https:\/\/vapestornado.com\/lt\/wp-json\/wp\/v2\/comments?post=4543"}],"wp:featuredmedia":[{"embeddable":true,"href":"https:\/\/vapestornado.com\/lt\/wp-json\/wp\/v2\/media\/4538"}],"wp:attachment":[{"href":"https:\/\/vapestornado.com\/lt\/wp-json\/wp\/v2\/media?parent=4543"}],"wp:term":[{"taxonomy":"product_brand","embeddable":true,"href":"https:\/\/vapestornado.com\/lt\/wp-json\/wp\/v2\/product_brand?post=4543"},{"taxonomy":"product_cat","embeddable":true,"href":"https:\/\/vapestornado.com\/lt\/wp-json\/wp\/v2\/product_cat?post=4543"},{"taxonomy":"product_tag","embeddable":true,"href":"https:\/\/vapestornado.com\/lt\/wp-json\/wp\/v2\/product_tag?post=4543"}],"curies":[{"name":"wp","href":"https:\/\/api.w.org\/{rel}","templated":true}]}}