{"id":4493,"date":"2025-10-31T07:01:50","date_gmt":"2025-10-31T07:01:50","guid":{"rendered":"https:\/\/vapestornado.com\/?post_type=product&#038;p=4493"},"modified":"2025-10-31T07:43:27","modified_gmt":"2025-10-31T07:43:27","slug":"jnr-ragegorilla-55000-puffs-55k-vape-disposables-42ml-2-nicotine-wholesale-price","status":"publish","type":"product","link":"https:\/\/vapestornado.com\/lt\/product\/jnr-ragegorilla-55000-puffs-55k-vape-disposables-42ml-2-nicotine-wholesale-price\/","title":{"rendered":"JNR RageGorilla 55000 Puffs 55k Vape Disposables 42ml 2% Nikotino Didmenin\u0117 Kaina"},"content":{"rendered":"<h2 data-pm-slice=\"1 1 []\">JNR 55000 Puffs RageGorilla Vienkartinis Vape \u2013 42ml didelis bakelis, geriausias pardav\u0117jas Lietuvoje<\/h2>\n<p data-start=\"454\" data-end=\"886\">\u0160is <strong data-start=\"458\" data-end=\"505\">JNR RageGorilla 55000 Puffs Vienkartinis Vape<\/strong> sukurtas rimtiems vaperiams, kurie nori na\u0161umo, galios ir auk\u0161tos kokyb\u0117s skonio. Sukurtas su <strong data-start=\"598\" data-end=\"624\">42ml e-skys\u010dio talpa<\/strong>, <strong data-start=\"626\" data-end=\"640\">2% nikotino<\/strong>, ir a <strong data-start=\"648\" data-end=\"666\">Dvigubos tinklelio kaitinimo spiral\u0117s<\/strong>, jis kiekvien\u0105 kart\u0105 suteikia tank\u0173, skoning\u0105 \u012fsp\u016bd\u012f. Su <strong data-start=\"720\" data-end=\"758\">950mAh Type-C \u012fkraunamos baterijos<\/strong> ir <strong data-start=\"765\" data-end=\"785\">protingas LED ekranas<\/strong>, vartotojai gali lengvai steb\u0117ti baterijos ir e-skys\u010dio lygius\u2014puikiai tinka ilgalaikiam naudojimui ir be sp\u0117lioni\u0173.<\/p>\n<p data-start=\"888\" data-end=\"1283\">Kaip vienas i\u0161 <strong data-start=\"902\" data-end=\"947\">populiariausi ma\u017eo nikotino vienkartiniai vape'ai<\/strong> ES rinkoje, the <strong data-start=\"970\" data-end=\"981\">JNR 55K<\/strong> jungia inovacijas ir kokyb\u0119, ypa\u010d patraukli jauniesiems Europos vartotojams, kurie reikalauja tiek funkcionalumo, tiek stiliaus. Patvarus korpusas ir sklandus oro srautas daro j\u012f puikiu pasirinkimu tiek ma\u017emenin\u0117s, tiek didmenin\u0117s prekybos \u012fmon\u0117ms, ie\u0161kan\u010dioms <strong data-start=\"1202\" data-end=\"1243\">populiariausi\u0173 Crystal Vape alternatyv\u0173<\/strong> u\u017e <strong data-start=\"1249\" data-end=\"1280\">konkurencing\u0105 didmenin\u0117s kain\u0105<\/strong>.<\/p>\n<p data-start=\"1285\" data-end=\"1643\">Galima \u012fsigyti <strong data-start=\"1298\" data-end=\"1317\">20 turting\u0173 skoni\u0173<\/strong>, nuo vaisi\u0173 mi\u0161ini\u0173, toki\u0173 kaip <strong data-start=\"1343\" data-end=\"1365\">(1) Bra\u0161ki\u0173 Ledas<\/strong>, <strong data-start=\"1367\" data-end=\"1386\">(2) Vy\u0161ninis Kolos<\/strong>, iki <strong data-start=\"1391\" data-end=\"1412\">(20) Vy\u0161ninis Uogien\u0117<\/strong>, kiekvienas \u012fkv\u0117pimas i\u0161 <strong data-start=\"1432\" data-end=\"1455\">JNR RageGorilla 55K<\/strong> sukurtas pasitenkinimui ir \u0161velniam skoniui. Tai yra <strong data-start=\"1509\" data-end=\"1531\">didel\u0117s talpos garintuvas<\/strong> kuris atitinka \u0161iuolaikinius poreikius\u2014patikimas, \u012fkraunamas ir pasiruo\u0161\u0119s teikti na\u0161um\u0105 t\u016bkstan\u010diuose \u012fkv\u0117pim\u0173.<\/p>\n<p data-start=\"1645\" data-end=\"1888\">Didmenin\u0117s pirk\u0117jai visoje Europoje gali pasitik\u0117ti \u0161io modelio nuoseklumu ir verte. Europos ma\u017emenininkams, <strong data-start=\"1744\" data-end=\"1775\">JNR RageGorilla 55000 P\u016b\u010di\u0173<\/strong> i\u0161siskiria kaip <strong data-start=\"1792\" data-end=\"1826\">\u017eemas nikotino, ilgai veikiantis vape<\/strong> idealus kasdieniams klientams ir tendencij\u0173 vedantiems vaperiams.<\/p>\n<p><strong><span style=\"color: #ff0000;\">Prid\u0117kite Amy whatsapp, gaukite tiesiogin\u012f atsakym\u0105 ir kupon\u0105 veipui!<\/span><\/strong><\/p>\n<p><img fetchpriority=\"high\" decoding=\"async\" class=\"size-full wp-image-2932\" src=\"https:\/\/vapestornado.com\/wp-content\/uploads\/2024\/12\/Vape-Wholesale.jpg\" alt=\"Garintuvai Didmenin\u0117 prekyba\" width=\"229\" height=\"300\" \/><\/p>\n<h3><a href=\"https:\/\/wa.me\/8617776015835\" target=\"_blank\" rel=\"noopener\"><span style=\"color: #ff0000;\"><strong>WhatsApp: +86 17776015835<\/strong><\/span><\/a><\/h3>\n<p>&nbsp;<\/p>\n<h2><strong>JNR RageGorilla 55000 \u012ekv\u0117pim\u0173 Produkto Savyb\u0117s<\/strong><\/h2>\n<ul>\n<li data-start=\"1944\" data-end=\"1964\">\n<p data-start=\"1946\" data-end=\"1964\"><strong data-start=\"1946\" data-end=\"1956\">\u012etraukimai:<\/strong> 55000<\/p>\n<\/li>\n<li data-start=\"1965\" data-end=\"1993\">\n<p data-start=\"1967\" data-end=\"1993\"><strong data-start=\"1967\" data-end=\"1988\">Nikotino stiprumas:<\/strong> 2%<\/p>\n<\/li>\n<li data-start=\"1994\" data-end=\"2025\">\n<p data-start=\"1996\" data-end=\"2025\"><strong data-start=\"1996\" data-end=\"2018\">E-skys\u010dio talpa:<\/strong> 42ml<\/p>\n<\/li>\n<li data-start=\"2026\" data-end=\"2069\">\n<p data-start=\"2028\" data-end=\"2069\"><strong data-start=\"2028\" data-end=\"2040\">Baterija:<\/strong> 950mAh Type-C \u012fkraunamas<\/p>\n<\/li>\n<li data-start=\"2070\" data-end=\"2124\">\n<p data-start=\"2072\" data-end=\"2124\"><strong data-start=\"2072\" data-end=\"2084\">Ekranas:<\/strong> Protingas LED ekranas (Baterija + E-skystis)<\/p>\n<\/li>\n<li data-start=\"2125\" data-end=\"2168\">\n<p data-start=\"2127\" data-end=\"2168\"><strong data-start=\"2127\" data-end=\"2136\">Vamzdelis:<\/strong> Dviguba tinklelio rit\u0117, skirta turtingam garui<\/p>\n<\/li>\n<li data-start=\"2169\" data-end=\"2203\">\n<p data-start=\"2171\" data-end=\"2203\"><strong data-start=\"2171\" data-end=\"2183\">Skoniai:<\/strong> 20 unikali\u0173 variant\u0173<\/p>\n<p><figure id=\"attachment_4489\" aria-describedby=\"caption-attachment-4489\" style=\"width: 800px\" class=\"wp-caption alignnone\"><img decoding=\"async\" class=\"wp-image-4489 size-full\" src=\"https:\/\/vapestornado.com\/wp-content\/uploads\/2025\/10\/JNR-RageGorilla-55000Puffs-42ml-E-liquid.webp\" alt=\"JNR RageGorilla 55000Puffs 42ml E-skystis\" width=\"800\" height=\"449\" srcset=\"https:\/\/vapestornado.com\/wp-content\/uploads\/2025\/10\/JNR-RageGorilla-55000Puffs-42ml-E-liquid.webp 800w, https:\/\/vapestornado.com\/wp-content\/uploads\/2025\/10\/JNR-RageGorilla-55000Puffs-42ml-E-liquid-300x168.webp 300w, https:\/\/vapestornado.com\/wp-content\/uploads\/2025\/10\/JNR-RageGorilla-55000Puffs-42ml-E-liquid-768x431.webp 768w, https:\/\/vapestornado.com\/wp-content\/uploads\/2025\/10\/JNR-RageGorilla-55000Puffs-42ml-E-liquid-18x10.webp 18w, https:\/\/vapestornado.com\/wp-content\/uploads\/2025\/10\/JNR-RageGorilla-55000Puffs-42ml-E-liquid-600x337.webp 600w\" sizes=\"(max-width: 800px) 100vw, 800px\" \/><figcaption id=\"caption-attachment-4489\" class=\"wp-caption-text\">JNR RageGorilla 55000Puffs 42ml E-skystis<\/figcaption><\/figure><\/li>\n<\/ul>\n<div class=\"mceTemp\"><\/div>\n<h2 class=\"product-title\"><strong>JNR RageGorilla 55000 Puffs Vienkartinis Vape Skoni\u0173 S\u0105ra\u0161as<\/strong><\/h2>\n<p>1. Bra\u0161ki\u0173 Ledas<br \/>\n2. Vy\u0161ni\u0173 Cola<br \/>\n3. Arb\u016bz\u0173 ledas<br \/>\n4. M\u0117lynas Razz Vy\u0161nios<br \/>\n5. Bra\u0161ki\u0173 kivis<br \/>\n6. M\u0117lyni\u0173 Avie\u010di\u0173 Vy\u0161n\u0117<br \/>\n7. Bra\u0161ki\u0173 ir arb\u016bz\u0173 ledas<br \/>\n8. Kivi Arb\u016bzas Ledas<br \/>\n9. Mi\u0161rios Uogos<br \/>\n10. Sultingi Persikai<br \/>\n11. M\u0117lyni\u0173 ledai<br \/>\n12. M\u0117lyn\u0173j\u0173 uog\u0173 R\u016bg\u0161tin\u0117 Aviet\u0117<br \/>\n13. Baltas persikas Razz<br \/>\n14. Mango, mang\u0173, vaisi\u0173<br \/>\n15. Persikas, mango, arb\u016bzas<br \/>\n16.Arb\u016bz\u0173 kramtomoji guma<br \/>\n17. Bra\u0161ki\u0173 bananas<br \/>\n18. Dviguba obuolys<br \/>\n19. Kivi, Pssion, guava<br \/>\n20. Vy\u0161nia, uogos<\/p>\n<figure id=\"attachment_4491\" aria-describedby=\"caption-attachment-4491\" style=\"width: 800px\" class=\"wp-caption alignnone\"><img decoding=\"async\" class=\"wp-image-4491 size-full\" src=\"https:\/\/vapestornado.com\/wp-content\/uploads\/2025\/10\/Puff-JNR-RageGorilla-55K-55000-Puffs.webp\" alt=\"Puff JNR RageGorilla 55K 55000 P\u016b\u010di\u0173\" width=\"800\" height=\"450\" srcset=\"https:\/\/vapestornado.com\/wp-content\/uploads\/2025\/10\/Puff-JNR-RageGorilla-55K-55000-Puffs.webp 800w, https:\/\/vapestornado.com\/wp-content\/uploads\/2025\/10\/Puff-JNR-RageGorilla-55K-55000-Puffs-300x169.webp 300w, https:\/\/vapestornado.com\/wp-content\/uploads\/2025\/10\/Puff-JNR-RageGorilla-55K-55000-Puffs-768x432.webp 768w, https:\/\/vapestornado.com\/wp-content\/uploads\/2025\/10\/Puff-JNR-RageGorilla-55K-55000-Puffs-18x10.webp 18w, https:\/\/vapestornado.com\/wp-content\/uploads\/2025\/10\/Puff-JNR-RageGorilla-55K-55000-Puffs-600x338.webp 600w\" sizes=\"(max-width: 800px) 100vw, 800px\" \/><figcaption id=\"caption-attachment-4491\" class=\"wp-caption-text\">Puff JNR RageGorilla 55K 55000 P\u016b\u010di\u0173<\/figcaption><\/figure>\n<div class=\"flex-shrink-0 flex flex-col relative items-end\">\n<div class=\"pt-0\">\n<div class=\"gizmo-bot-avatar flex h-8 w-8 items-center justify-center overflow-hidden rounded-full\">\n<div class=\"relative p-1 rounded-sm flex items-center justify-center bg-token-main-surface-primary text-token-text-primary h-8 w-8\">\n<h2 data-start=\"1200\" data-end=\"1487\">Vapes Tornado \u2013 J\u016bs\u0173 didmenin\u0117 internetin\u0117 vape parduotuv\u0117 su geriausiais vape preki\u0173 \u017eenklais<\/h2>\n<p data-start=\"1200\" data-end=\"1487\">Vapes Tornado internetin\u0117 r\u016bkymo parduotuv\u0117 yra j\u016bs\u0173 patikimas pasirinkimas <strong data-start=\"66\" data-end=\"94\">auk\u0161\u010diausios kokyb\u0117s vienkartini\u0173 garintuv\u0173<\/strong> ir <strong data-start=\"99\" data-end=\"125\">didmeniniams elektronini\u0173 cigare\u010di\u0173 pirkimams<\/strong> visoje Europoje. Mes turime populiarias vape preki\u0173 \u017eenklus, tokius kaip <a href=\"https:\/\/vapestornado.com\/lt\/product\/elf-bar-raya-d3-25000-puffs-best-disposable-vape-wholesale-in-uk\/\">Elf Bar Vape<\/a>, <strong data-start=\"175\" data-end=\"228\"><a href=\"https:\/\/vapestornado.com\/lt\/product\/fumot-randm-tornado-15000-puffs-rechargeable-disposable-vape-wholesale\/\">Fumot Vape<\/a>, <a href=\"https:\/\/vapestornado.com\/lt\/product\/waspe-150k-150000-puff-6-in-1-disposable-vape-pen-cartridge-best-wholesale-price-in-poland\/\">Waspe Vape<\/a>, Vozol Bar Vape, <a href=\"https:\/\/vapestornado.com\/lt\/product-category\/bang-vape\/\">Bang Vape<\/a><\/strong>, ir daugelis kit\u0173 \u2013 si\u016blome i\u0161skirtin\u0119 kokyb\u0119, \u012fvairius skonius ir inovatyvius dizainus. Nesvarbu, ar esate asmeninis vartotojas, ar didmeninis pirk\u0117jas, <strong data-start=\"372\" data-end=\"389\">Vapes Tornado<\/strong> teikia auk\u0161tos kokyb\u0117s \u012frenginius, eleganti\u0161kus stilius ir nepalyginamai geras didmenines kainas, atitinkan\u010dias j\u016bs\u0173 r\u016bkymo poreikius.<\/p>\n<h2 data-start=\"2064\" data-end=\"2115\">Da\u017enai u\u017eduodami klausimai apie JNR RageGorilla 55000 P\u016b\u010di\u0173 Vape Box<\/h2>\n<p data-start=\"2223\" data-end=\"2360\"><strong data-start=\"2223\" data-end=\"2273\">1. Kiek laiko veikia JNR RageGorilla 55K?<\/strong><br data-start=\"2273\" data-end=\"2276\" \/>Jis suteikia iki <strong data-start=\"2294\" data-end=\"2309\">55000 p\u016b\u010di\u0173<\/strong>, priklausomai nuo naudojimo \u012fpro\u010di\u0173 ir p\u016btimo trukm\u0117s.<\/p>\n<p data-start=\"2362\" data-end=\"2489\"><strong data-start=\"2362\" data-end=\"2405\">2. Ar JNR 55000 P\u016b\u010di\u0173 \u012fkraunamas?<\/strong><br data-start=\"2405\" data-end=\"2408\" \/>Taip, jame yra <strong data-start=\"2427\" data-end=\"2451\">C tipo \u012fkrovimo prievadas<\/strong> greitam ir efektyviam \u012fkrovimui.<\/p>\n<p data-start=\"2491\" data-end=\"2700\"><strong data-start=\"2491\" data-end=\"2571\">3. Kas i\u0161skiria JNR RageGorilla 55K nuo kit\u0173 vienkartini\u0173 vape?<\/strong><br data-start=\"2571\" data-end=\"2574\" \/>Jo <strong data-start=\"2578\" data-end=\"2596\">Dvigubos tinklelio kaitinimo spiral\u0117s<\/strong>, <strong data-start=\"2598\" data-end=\"2619\">i\u0161manusis LED ekranas<\/strong>ir <strong data-start=\"2625\" data-end=\"2648\">didelis 42 ml talpa<\/strong> padaro j\u012f i\u0161skirtiniu tiek skoniu, tiek patvarumu.<\/p>\n<p data-start=\"2702\" data-end=\"2828\"><strong data-start=\"2702\" data-end=\"2736\">4. Ar tai yra \u017eemas nikotino kiekis vape?<\/strong><br data-start=\"2736\" data-end=\"2739\" \/>Taip, \u201e <strong data-start=\"2748\" data-end=\"2768\">2% nikotino lygis<\/strong> si\u016blo \u0161velnesn\u0119 patirt\u012f, tinkam\u0105 Europos S\u0105jungos pageidavimams.<\/p>\n<p data-start=\"2830\" data-end=\"3015\"><strong data-start=\"2830\" data-end=\"2891\">5. Kokie yra populiariausi JNR RageGorilla 55K skoniai?<\/strong><br data-start=\"2891\" data-end=\"2894\" \/>Perkamiausi\u0173 skoni\u0173 s\u0105ra\u0161e yra <strong data-start=\"2922\" data-end=\"2941\">Bra\u0161ki\u0173 ir kivi\u0173<\/strong>, <strong data-start=\"2943\" data-end=\"2958\">Vy\u0161ni\u0173 kola<\/strong>, <strong data-start=\"2960\" data-end=\"2980\">M\u0117lyni\u0173 ir vy\u0161ni\u0173 uogien\u0117<\/strong>ir <strong data-start=\"2986\" data-end=\"3012\">Persik\u0173 mang\u0173 arb\u016bzas<\/strong>.<\/p>\n<\/div>\n<\/div>\n<\/div>\n<\/div>","protected":false},"excerpt":{"rendered":"<p>Sukurtas ES rinkai, the <strong data-start=\"613\" data-end=\"629\">JNR 55K Vape<\/strong> yra idealus didmenin\u0117s ir ma\u017emenin\u0117s prekybos \u012fmon\u0117ms, ie\u0161kan\u010dioms <strong data-start=\"677\" data-end=\"717\">populiari\u0173 ma\u017eo nikotino vienkartini\u0173 vape'\u0173<\/strong> su stilingu, patvariu korpusu ir nuosekliu skonio pristatymu. Puikiai tinka vaperiams, ie\u0161kantiems auk\u0161tos kokyb\u0117s skonio ir modernios veiklos u\u017e <strong data-start=\"858\" data-end=\"889\">konkurencing\u0105 didmenin\u0117s kain\u0105<\/strong>.<\/p>\n<p><strong>Prid\u0117kite Amy's whatsapp, kad gautum\u0117te tinkam\u0105 atsakym\u0105 ir nuolaidos kain\u0105!<\/strong><\/p>\n<p><img fetchpriority=\"high\" decoding=\"async\" class=\"size-full wp-image-2932\" src=\"https:\/\/vapestornado.com\/wp-content\/uploads\/2024\/12\/Vape-Wholesale.jpg\" alt=\"Garintuvai Didmenin\u0117 prekyba\" width=\"229\" height=\"300\" \/><\/p>\n<h3><a href=\"https:\/\/wa.me\/8617776015835\"><span style=\"color: #ff0000;\"><strong>WhatsApp: +86 17776015835<\/strong><\/span><\/a><\/h3>","protected":false},"featured_media":4484,"comment_status":"open","ping_status":"closed","template":"","meta":{"_acf_changed":false,"_uag_custom_page_level_css":"","_lmt_disableupdate":"no","_lmt_disable":"","_monsterinsights_skip_tracking":false,"_monsterinsights_sitenote_active":false,"_monsterinsights_sitenote_note":"","_monsterinsights_sitenote_category":0,"site-sidebar-layout":"default","site-content-layout":"","ast-site-content-layout":"default","site-content-style":"default","site-sidebar-style":"default","ast-global-header-display":"","ast-banner-title-visibility":"","ast-main-header-display":"","ast-hfb-above-header-display":"","ast-hfb-below-header-display":"","ast-hfb-mobile-header-display":"","site-post-title":"","ast-breadcrumbs-content":"","ast-featured-img":"","footer-sml-layout":"","ast-disable-related-posts":"","theme-transparent-header-meta":"default","adv-header-id-meta":"","stick-header-meta":"","header-above-stick-meta":"","header-main-stick-meta":"","header-below-stick-meta":"","astra-migrate-meta-layouts":"set","ast-page-background-enabled":"default","ast-page-background-meta":{"desktop":{"background-color":"","background-image":"","background-repeat":"repeat","background-position":"center center","background-size":"auto","background-attachment":"scroll","background-type":"","background-media":"","overlay-type":"","overlay-color":"","overlay-opacity":"","overlay-gradient":""},"tablet":{"background-color":"","background-image":"","background-repeat":"repeat","background-position":"center center","background-size":"auto","background-attachment":"scroll","background-type":"","background-media":"","overlay-type":"","overlay-color":"","overlay-opacity":"","overlay-gradient":""},"mobile":{"background-color":"","background-image":"","background-repeat":"repeat","background-position":"center center","background-size":"auto","background-attachment":"scroll","background-type":"","background-media":"","overlay-type":"","overlay-color":"","overlay-opacity":"","overlay-gradient":""}},"ast-content-background-meta":{"desktop":{"background-color":"var(--ast-global-color-5)","background-image":"","background-repeat":"repeat","background-position":"center center","background-size":"auto","background-attachment":"scroll","background-type":"","background-media":"","overlay-type":"","overlay-color":"","overlay-opacity":"","overlay-gradient":""},"tablet":{"background-color":"var(--ast-global-color-5)","background-image":"","background-repeat":"repeat","background-position":"center center","background-size":"auto","background-attachment":"scroll","background-type":"","background-media":"","overlay-type":"","overlay-color":"","overlay-opacity":"","overlay-gradient":""},"mobile":{"background-color":"var(--ast-global-color-5)","background-image":"","background-repeat":"repeat","background-position":"center center","background-size":"auto","background-attachment":"scroll","background-type":"","background-media":"","overlay-type":"","overlay-color":"","overlay-opacity":"","overlay-gradient":""}},"_joinchat":[]},"product_brand":[],"product_cat":[149,150,151,154,141,142,76,144],"product_tag":[120,403,406,413,135,246,390,397],"class_list":{"0":"post-4493","1":"product","2":"type-product","3":"status-publish","4":"has-post-thumbnail","6":"product_cat-buy-disposable-vapes-in-austria","7":"product_cat-buy-disposable-vapes-in-belgium","8":"product_cat-buy-disposable-vapes-in-france","9":"product_cat-buy-disposable-vapes-in-netherlands","10":"product_cat-crystal-disposable-vapes","11":"product_cat-digital-box-disposable-vapes","12":"product_cat-jnr-vape","13":"product_cat-low-nicotine-disposable-vapes","14":"product_tag-crystal-vape","15":"product_tag-disposable-vape-box","16":"product_tag-disposable-vape-fast-shipping","17":"product_tag-jnr-ragegorilla-55000-puffs","18":"product_tag-jnr-vape","19":"product_tag-low-nicotine-disposable-vape","20":"product_tag-online-vape-shop","21":"product_tag-vapor","22":"desktop-align-left","23":"tablet-align-left","24":"mobile-align-left","26":"first","27":"instock","28":"sale","29":"shipping-taxable","30":"purchasable","31":"product-type-simple"},"acf":[],"uagb_featured_image_src":{"full":["https:\/\/vapestornado.com\/wp-content\/uploads\/2025\/10\/JNR-Rage-Gorilla-55000-Puffs-55k-Vape-42ml-Smart-Screen.webp",800,800,false],"thumbnail":["https:\/\/vapestornado.com\/wp-content\/uploads\/2025\/10\/JNR-Rage-Gorilla-55000-Puffs-55k-Vape-42ml-Smart-Screen-150x150.webp",150,150,true],"medium":["https:\/\/vapestornado.com\/wp-content\/uploads\/2025\/10\/JNR-Rage-Gorilla-55000-Puffs-55k-Vape-42ml-Smart-Screen-300x300.webp",300,300,true],"medium_large":["https:\/\/vapestornado.com\/wp-content\/uploads\/2025\/10\/JNR-Rage-Gorilla-55000-Puffs-55k-Vape-42ml-Smart-Screen-768x768.webp",768,768,true],"large":["https:\/\/vapestornado.com\/wp-content\/uploads\/2025\/10\/JNR-Rage-Gorilla-55000-Puffs-55k-Vape-42ml-Smart-Screen.webp",800,800,false],"1536x1536":["https:\/\/vapestornado.com\/wp-content\/uploads\/2025\/10\/JNR-Rage-Gorilla-55000-Puffs-55k-Vape-42ml-Smart-Screen.webp",800,800,false],"2048x2048":["https:\/\/vapestornado.com\/wp-content\/uploads\/2025\/10\/JNR-Rage-Gorilla-55000-Puffs-55k-Vape-42ml-Smart-Screen.webp",800,800,false],"trp-custom-language-flag":["https:\/\/vapestornado.com\/wp-content\/uploads\/2025\/10\/JNR-Rage-Gorilla-55000-Puffs-55k-Vape-42ml-Smart-Screen-12x12.webp",12,12,true],"woocommerce_thumbnail":["https:\/\/vapestornado.com\/wp-content\/uploads\/2025\/10\/JNR-Rage-Gorilla-55000-Puffs-55k-Vape-42ml-Smart-Screen-300x300.webp",300,300,true],"woocommerce_single":["https:\/\/vapestornado.com\/wp-content\/uploads\/2025\/10\/JNR-Rage-Gorilla-55000-Puffs-55k-Vape-42ml-Smart-Screen-600x600.webp",600,600,true],"woocommerce_gallery_thumbnail":["https:\/\/vapestornado.com\/wp-content\/uploads\/2025\/10\/JNR-Rage-Gorilla-55000-Puffs-55k-Vape-42ml-Smart-Screen-100x100.webp",100,100,true]},"uagb_author_info":{"display_name":"ESAMY","author_link":"https:\/\/vapestornado.com\/lt\/author\/"},"uagb_comment_info":2,"uagb_excerpt":"Designed for the EU market, the JNR 55K Vape is ideal for wholesalers and retailers seeking popular low nicotine disposable vapes with a stylish, durable body and consistent flavor delivery. Perfect for vapers looking for premium taste and modern performance at a competitive wholesale price. Add Amy's whatsapp to get right reply and discount price!&hellip;","_links":{"self":[{"href":"https:\/\/vapestornado.com\/lt\/wp-json\/wp\/v2\/product\/4493","targetHints":{"allow":["GET"]}}],"collection":[{"href":"https:\/\/vapestornado.com\/lt\/wp-json\/wp\/v2\/product"}],"about":[{"href":"https:\/\/vapestornado.com\/lt\/wp-json\/wp\/v2\/types\/product"}],"replies":[{"embeddable":true,"href":"https:\/\/vapestornado.com\/lt\/wp-json\/wp\/v2\/comments?post=4493"}],"wp:featuredmedia":[{"embeddable":true,"href":"https:\/\/vapestornado.com\/lt\/wp-json\/wp\/v2\/media\/4484"}],"wp:attachment":[{"href":"https:\/\/vapestornado.com\/lt\/wp-json\/wp\/v2\/media?parent=4493"}],"wp:term":[{"taxonomy":"product_brand","embeddable":true,"href":"https:\/\/vapestornado.com\/lt\/wp-json\/wp\/v2\/product_brand?post=4493"},{"taxonomy":"product_cat","embeddable":true,"href":"https:\/\/vapestornado.com\/lt\/wp-json\/wp\/v2\/product_cat?post=4493"},{"taxonomy":"product_tag","embeddable":true,"href":"https:\/\/vapestornado.com\/lt\/wp-json\/wp\/v2\/product_tag?post=4493"}],"curies":[{"name":"wp","href":"https:\/\/api.w.org\/{rel}","templated":true}]}}