{"id":4483,"date":"2025-10-30T06:42:12","date_gmt":"2025-10-30T06:42:12","guid":{"rendered":"https:\/\/vapestornado.com\/?post_type=product&#038;p=4483"},"modified":"2025-12-12T08:55:22","modified_gmt":"2025-12-12T08:55:22","slug":"jnr-falcon-pro-28k-28000-disposable-vape-puff-bar-rechargeable","status":"publish","type":"product","link":"https:\/\/vapestornado.com\/lt\/product\/jnr-falcon-pro-28k-28000-disposable-vape-puff-bar-rechargeable\/","title":{"rendered":"JNR Falcon Pro 28k 28000 Vienkartinis Vape P\u016bsl\u0117s Baras \u012ekraunamas"},"content":{"rendered":"<h2 data-pm-slice=\"1 1 []\">JNR Falcon Pro 28K \u012fkraunamas Puff Bar \u2013 28000 p\u016btimo vienkartin\u0117 Vape didmenin\u0117<\/h2>\n<p data-start=\"73\" data-end=\"688\">\u0160is <strong data-start=\"97\" data-end=\"119\">JNR Falcon Pro 28K<\/strong> yra \u012fkraunamas vienkartinis \u012frenginys, skirtas vaperiams, kurie tikisi daugiau nei trumpalaikio patogumo. Su <strong data-start=\"216\" data-end=\"238\">iki 28 000 \u012fkv\u0117pim\u0173<\/strong>, a <strong data-start=\"242\" data-end=\"268\">30 ml e-skys\u010dio talp\u0105<\/strong>, ir a <strong data-start=\"276\" data-end=\"294\">Dvigubos tinklelio kaitinimo spiral\u0117s<\/strong>, jis sukurtas teikti stabil\u0173 skon\u012f ir gar\u0105 ilgalaikio naudojimo metu. Prid\u0117kite <strong data-start=\"372\" data-end=\"410\">950mAh Type-C \u012fkraunamos baterijos<\/strong> ir <strong data-start=\"418\" data-end=\"446\">i\u0161man\u0173j\u012f i\u0161man\u0173j\u012f ekran\u0105<\/strong>, ir gausite \u012frengin\u012f, kuris labiau primena kompakti\u0161kus <strong data-start=\"500\" data-end=\"520\">Elektronini\u0173 cigare\u010di\u0173 modifikacijas<\/strong> , nei paprast\u0105 vienkartin\u012f \u2013 be nustatym\u0173 ar prie\u017ei\u016bros.<\/p>\n<h3 data-start=\"791\" data-end=\"864\">Kod\u0117l JNR Falcon Pro 28k suteikia geresn\u0119 vert\u0119 nei \u012fprasti vienkartiniai vape?<\/h3>\n<ul data-start=\"866\" data-end=\"2179\">\n<li data-start=\"866\" data-end=\"1161\">\n<p data-start=\"868\" data-end=\"1161\"><strong data-start=\"868\" data-end=\"906\">I\u0161tverm\u0117, atitinkanti realius \u012fpro\u010dius.<\/strong> \u0160is <strong data-start=\"911\" data-end=\"949\">JNR Falcon Pro 28K vienkartinis vape<\/strong> suderina auk\u0161t\u0105 <strong data-start=\"963\" data-end=\"982\">28K \u012fkv\u0117pim\u0173 \u012fvertinim\u0105<\/strong> su <strong data-start=\"990\" data-end=\"1003\">30ml talpa<\/strong>, tod\u0117l jis tinka reguliariems naudotojams <strong data-start=\"1045\" data-end=\"1090\">Lietuvoje, Lietuvoje esan\u010diuose parduotuv\u0117se, ir kitose \u0161alyse<\/strong> norintiems ma\u017eiau keisti \u012frengin\u012f ir prognozuojam\u0105 kasdien\u012f naudojim\u0105 i\u0161 vieno \u012frenginio.<\/p>\n<\/li>\n<li data-start=\"1163\" data-end=\"1428\">\n<p data-start=\"1165\" data-end=\"1428\"><strong data-start=\"1165\" data-end=\"1202\">Dvigubo tinklelio rit\u0117 stabiliai i\u0161veda.<\/strong> Viduje <strong data-start=\"1214\" data-end=\"1243\">JNR 28K vaper \u012fkraunamas<\/strong> dizainas, kuris <strong data-start=\"1256\" data-end=\"1274\">Dvigubos tinklelio kaitinimo spiral\u0117s<\/strong> lygiai paskirsto \u0161ilum\u0105 per vis\u0105 vatos sluoksn\u012f. Tai padeda garui i\u0161likti \u0161velniam ir skoniui i\u0161likti pilnam giliau \u012f bak\u0105, o ne plon\u0117ti po intensyvaus naudojimo.<\/p>\n<\/li>\n<li data-start=\"1430\" data-end=\"1649\">\n<p data-start=\"1432\" data-end=\"1649\"><strong data-start=\"1432\" data-end=\"1480\">\u012ekraunama galia, apsauganti skyst\u012f.<\/strong> A <strong data-start=\"1483\" data-end=\"1521\">950mAh Type-C \u012fkraunamos baterijos<\/strong> rei\u0161kia, kad galite papildyti gali\u0105, kai to reikia, ir t\u0119sti vaping'\u0105, kol skystis nesibaigs \u2014 be ankstyvo i\u0161metimo, be e-\u017eiedo \u0161vaistymo.<\/p>\n<\/li>\n<li data-start=\"1651\" data-end=\"1884\">\n<p data-start=\"1653\" data-end=\"1884\"><strong data-start=\"1653\" data-end=\"1689\">I\u0161manusis ekranas jus informuoja.<\/strong> \u0160is <strong data-start=\"1694\" data-end=\"1747\">intelligentinis LED ekranas JNR Falcon Pro 28K<\/strong> rodo akumuliatoriaus ir e-skys\u010dio lygius realiu laiku, tod\u0117l \u017einote, ar \u012frenginys gali i\u0161laikyti ilg\u0105 darbo dien\u0105 ar naktin\u012f i\u0161vykim\u0105 be sp\u0117lioni\u0173.<\/p>\n<\/li>\n<li data-start=\"1886\" data-end=\"2179\">\n<p data-start=\"1888\" data-end=\"2179\"><strong data-start=\"1888\" data-end=\"1939\">Galinga vert\u0117 ma\u017emenin\u0117s ir didmenin\u0117s prekybos kanalams.<\/strong> Su funkcijomis, da\u017enai matomomis sud\u0117tingesniuose \u012frenginiuose, <strong data-start=\"1996\" data-end=\"2018\">JNR Falcon Pro 28000<\/strong>\u00a0puikiai veikia bet kuriame <strong data-start=\"2040\" data-end=\"2053\">vape parduotuv\u0117je<\/strong> ir tinka pirk\u0117jams, lyginantiems auk\u0161\u010diausios kokyb\u0117s vienkartinius \u012frenginius su <strong data-start=\"2108\" data-end=\"2138\">Pigi\u0173 cigare\u010di\u0173 didmenin\u0117 prekyba<\/strong> alternatyvomis ilgalaikei vert\u0117s gerinimui.<\/p>\n<\/li>\n<\/ul>\n<p><strong><span style=\"color: #ff0000;\">Prid\u0117kite Amy whatsapp, gaukite tiesiogin\u012f atsakym\u0105 ir kupon\u0105 veipui!<\/span><\/strong><\/p>\n<p><img fetchpriority=\"high\" decoding=\"async\" class=\"size-full wp-image-2932\" src=\"https:\/\/vapestornado.com\/wp-content\/uploads\/2024\/12\/Vape-Wholesale.jpg\" alt=\"Garintuvai Didmenin\u0117 prekyba\" width=\"229\" height=\"300\" \/><\/p>\n<h3><a href=\"https:\/\/wa.me\/8617776015835\" target=\"_blank\" rel=\"noopener\"><span style=\"color: #ff0000;\"><strong>WhatsApp: +86 17776015835<\/strong><\/span><\/a><\/h3>\n<p>&nbsp;<\/p>\n<h2><strong>JNR Falcon Pro 28k produkto savyb\u0117s<\/strong><\/h2>\n<table>\n<thead>\n<tr>\n<th>Funkcija<\/th>\n<th>spec<\/th>\n<th>detal\u0117s<\/th>\n<\/tr>\n<\/thead>\n<tbody>\n<tr>\n<td>Produkto pavadinimas<\/td>\n<td>JNR Falcon Pro 28K<\/td>\n<td>Didel\u0117s talpos \u012fkraunamas vienkartinis vape<\/td>\n<\/tr>\n<tr>\n<td>\u012ep\u016btim\u0173 talpa<\/td>\n<td>Iki 28 000 \u012fkv\u0117pim\u0173<\/td>\n<td>Sukurtas ilgalaikiam, keli\u0173 savai\u010di\u0173 naudojimui<\/td>\n<\/tr>\n<tr>\n<td>E-liquido t\u016bris<\/td>\n<td>30 ml i\u0161 anksto u\u017epildyta<\/td>\n<td>Didelis bakelis palaiko ilgus seansus<\/td>\n<\/tr>\n<tr>\n<td>Vamzdeli\u0173 technologija<\/td>\n<td>Dviguba tinklelio rit\u0117<\/td>\n<td>Vienodas \u0161ilumos paskirstymas skland\u017eiam garui ir turtingam skoniui<\/td>\n<\/tr>\n<tr>\n<td>Baterija<\/td>\n<td>950mAh \u012fkraunama baterija<\/td>\n<td>Palaiko pakartotin\u012f \u012fkrovim\u0105 viso \u012frenginio gyvavimo metu<\/td>\n<\/tr>\n<tr>\n<td>\u012ekrovimas<\/td>\n<td>Type-C greitas \u012fkrovimas<\/td>\n<td>Greitas, \u0161iuolaikinis \u012fkrovimas su ES standarto kabeliais<\/td>\n<\/tr>\n<tr>\n<td>Ekranas<\/td>\n<td>Intelligentinis i\u0161manusis ekranas<\/td>\n<td>Realio laiko baterijos ir e-skys\u010dio b\u016bkl\u0117<\/td>\n<\/tr>\n<tr>\n<td>Dizainas<\/td>\n<td>Kristalo stiliaus korpusas su Falcon logotipu<\/td>\n<td>Modernus i\u0161vaizda su tvirtu rankos poj\u016b\u010diu<\/td>\n<\/tr>\n<tr>\n<td>Skoni\u0173 pasirinkimai<\/td>\n<td>Iki 20 skoni\u0173<\/td>\n<td>Galimi vaisi\u0173, led\u0173 ir mi\u0161r\u016bs profiliai<\/td>\n<\/tr>\n<tr>\n<td>Pozicionavimas<\/td>\n<td>Ma\u017emenin\u0117 ir didmenin\u0117 prekyba<\/td>\n<td>Tinka vape parduotuv\u0117ms ir didmeninei prekybai<\/td>\n<\/tr>\n<\/tbody>\n<\/table>\n<figure id=\"attachment_4478\" aria-describedby=\"caption-attachment-4478\" style=\"width: 800px\" class=\"wp-caption alignnone\"><img decoding=\"async\" class=\"wp-image-4478 size-full\" src=\"https:\/\/vapestornado.com\/wp-content\/uploads\/2025\/10\/JNR-Falcon-Pro-28000-2-Nicotine-Disposable-Vapes.webp\" alt=\"JNR Falcon Pro 28000 2% Nikotino vienkartiniai \u012fkv\u0117pimo \u012frenginiai\" width=\"800\" height=\"800\" srcset=\"https:\/\/vapestornado.com\/wp-content\/uploads\/2025\/10\/JNR-Falcon-Pro-28000-2-Nicotine-Disposable-Vapes.webp 800w, https:\/\/vapestornado.com\/wp-content\/uploads\/2025\/10\/JNR-Falcon-Pro-28000-2-Nicotine-Disposable-Vapes-300x300.webp 300w, https:\/\/vapestornado.com\/wp-content\/uploads\/2025\/10\/JNR-Falcon-Pro-28000-2-Nicotine-Disposable-Vapes-150x150.webp 150w, https:\/\/vapestornado.com\/wp-content\/uploads\/2025\/10\/JNR-Falcon-Pro-28000-2-Nicotine-Disposable-Vapes-768x768.webp 768w, https:\/\/vapestornado.com\/wp-content\/uploads\/2025\/10\/JNR-Falcon-Pro-28000-2-Nicotine-Disposable-Vapes-12x12.webp 12w, https:\/\/vapestornado.com\/wp-content\/uploads\/2025\/10\/JNR-Falcon-Pro-28000-2-Nicotine-Disposable-Vapes-600x600.webp 600w, https:\/\/vapestornado.com\/wp-content\/uploads\/2025\/10\/JNR-Falcon-Pro-28000-2-Nicotine-Disposable-Vapes-100x100.webp 100w\" sizes=\"(max-width: 800px) 100vw, 800px\" \/><figcaption id=\"caption-attachment-4478\" class=\"wp-caption-text\">JNR Falcon Pro 28000 2% Nikotino vienkartiniai \u012fkv\u0117pimo \u012frenginiai<\/figcaption><\/figure>\n<h2 class=\"product-title\"><strong>JNR Falcon Pro 28k Vienkartini\u0173 \u012fkv\u0117pimo \u012frengini\u0173 skoni\u0173 s\u0105ra\u0161as<\/strong><\/h2>\n<p>1 Bra\u0161k\u0117s ledas<br \/>\n2 Vy\u0161ninis kola<br \/>\n3 Arb\u016bzo ledas<br \/>\n4 M\u0117lynojo Raso Vy\u0161n\u0117<br \/>\n5 Bra\u0161ki\u0173 kivis<br \/>\n6 M\u0117lyni\u0173-avie\u010di\u0173-vy\u0161n\u0117s<br \/>\n7 Bra\u0161k\u0117s-arb\u016bzas ledas<br \/>\n8 Kivi-arb\u016bzas ledas<br \/>\n9 Mi\u0161rios uogos<br \/>\n10 Sultingos persikai<br \/>\n11 M\u0117lynojo spanguolio ledas<br \/>\n12 M\u0117lynojo spanguolio r\u016bg\u0161tus aviet\u0117s<br \/>\n13 Baltosios persiko Razz<br \/>\n14 Mango su pasiflor\u0173 skoniu<br \/>\n15 Persiko Mango arb\u016bzas<br \/>\n16 Arb\u016bzo kramtomoji guma<br \/>\n17 Bra\u0161ki\u0173 Bananas<br \/>\n18 Dvigubo obuolio<br \/>\n19 Kiwi Passion Guava<br \/>\n20 Vy\u0161ni\u0173 uogien\u0117<\/p>\n<div class=\"flex-shrink-0 flex flex-col relative items-end\">\n<div class=\"pt-0\">\n<div class=\"gizmo-bot-avatar flex h-8 w-8 items-center justify-center overflow-hidden rounded-full\">\n<div class=\"relative p-1 rounded-sm flex items-center justify-center bg-token-main-surface-primary text-token-text-primary h-8 w-8\">\n<h2 data-start=\"1200\" data-end=\"1487\">Vapes Tornado \u2013 J\u016bs\u0173 didmenin\u0117 internetin\u0117 vape parduotuv\u0117 su geriausiais vape preki\u0173 \u017eenklais<\/h2>\n<p data-start=\"1200\" data-end=\"1487\">Vapes Tornado internetin\u0117 r\u016bkymo parduotuv\u0117 yra j\u016bs\u0173 patikimas pasirinkimas <strong data-start=\"66\" data-end=\"94\">auk\u0161\u010diausios kokyb\u0117s vienkartini\u0173 garintuv\u0173<\/strong> ir <strong data-start=\"99\" data-end=\"125\">didmeniniams elektronini\u0173 cigare\u010di\u0173 pirkimams<\/strong> visoje Europoje. Mes turime populiarias vape preki\u0173 \u017eenklus, tokius kaip <a href=\"https:\/\/vapestornado.com\/lt\/product\/elf-bar-raya-d3-25000-puffs-best-disposable-vape-wholesale-in-uk\/\">Elf Bar Vape<\/a>, <strong data-start=\"175\" data-end=\"228\"><a href=\"https:\/\/vapestornado.com\/lt\/product\/fumot-randm-tornado-15000-puffs-rechargeable-disposable-vape-wholesale\/\">Fumot Vape<\/a>, <a href=\"https:\/\/vapestornado.com\/lt\/product\/waspe-150k-150000-puff-6-in-1-disposable-vape-pen-cartridge-best-wholesale-price-in-poland\/\">Waspe Vape<\/a>, Vozol Bar Vape, <a href=\"https:\/\/vapestornado.com\/lt\/product-category\/bang-vape\/\">Bang Vape<\/a><\/strong>, ir daugelis kit\u0173 \u2013 si\u016blome i\u0161skirtin\u0119 kokyb\u0119, \u012fvairius skonius ir inovatyvius dizainus. Nesvarbu, ar esate asmeninis vartotojas, ar didmeninis pirk\u0117jas, <strong data-start=\"372\" data-end=\"389\">Vapes Tornado<\/strong> teikia auk\u0161tos kokyb\u0117s \u012frenginius, eleganti\u0161kus stilius ir nepalyginamai geras didmenines kainas, atitinkan\u010dias j\u016bs\u0173 r\u016bkymo poreikius.<\/p>\n<h2 data-start=\"2064\" data-end=\"2115\"><\/h2>\n<h2 data-start=\"2064\" data-end=\"2115\">DUK apie JNR Falcon Pro 28k Vape Box<\/h2>\n<h3 data-start=\"3123\" data-end=\"3203\">1. Kiek laiko JNR Falcon Pro 28K vienkartinis vape veikia kasdien\u0117je naudotoje?<\/h3>\n<p data-start=\"3204\" data-end=\"3362\">Su <strong data-start=\"3209\" data-end=\"3225\">28 000 \u012fkv\u0117pim\u0173<\/strong> ir <strong data-start=\"3232\" data-end=\"3245\">30ml talpa<\/strong>, daugelis reguliari\u0173 naudotoj\u0173 tai pastebi <strong data-start=\"3275\" data-end=\"3297\">JNR Falcon Pro 28K<\/strong> t\u0119siasi <strong data-start=\"3304\" data-end=\"3321\">kelias savaites<\/strong>, priklausomai nuo \u012fkv\u0117pimo ilgumo ir da\u017enumo.<\/p>\n<h3 data-start=\"3369\" data-end=\"3461\">2. Koki\u0105 naud\u0105 duoda dvigubo tinklelio rit\u0117 JNR 28K \u012fkraunamam vienkartiniam vape?<\/h3>\n<p data-start=\"3462\" data-end=\"3614\">\u0160is <strong data-start=\"3466\" data-end=\"3484\">Dvigubos tinklelio kaitinimo spiral\u0117s<\/strong> \u0161ildosi tolygiau nei vieno vielos rit\u0117s, padedant garui i\u0161likti tankiam ir skoniui nuosekliam viso \u012frenginio gyvavimo metu.<\/p>\n<h3 data-start=\"3621\" data-end=\"3722\">3. Ar JNR Falcon Pro 28K yra ar\u010diau E-cigaret\u0117s mod\u0173 ar standartini\u0173 vienkartini\u0173 \u012frengini\u0173 pagal veikim\u0105?<\/h3>\n<p data-start=\"3723\" data-end=\"3861\">Kalbant apie i\u0161vesties stabilum\u0105 ir valdym\u0105, jis atrodo ar\u010diau kompakti\u0161ko <strong data-start=\"3792\" data-end=\"3812\">Elektronini\u0173 cigare\u010di\u0173 modifikacijas<\/strong>, bet be kei\u010diam\u0173 rit\u0117s ar papildom\u0173 talp\u0173.<\/p>\n<h3 data-start=\"3868\" data-end=\"3943\">4. Kiek naudinga yra i\u0161manioji ekrano funkcija JNR Falcon Pro 28K Puff Bar?<\/h3>\n<p data-start=\"3944\" data-end=\"4092\">\u0160is <strong data-start=\"3948\" data-end=\"3964\">i\u0161manaus ekrano<\/strong> ai\u0161kiai rodo baterijos ir skys\u010dio lygius, leid\u017eiant geriau planuoti \u012fkrovim\u0105 ir suma\u017einti netik\u0117tus i\u0161sijungimus dienos metu.<\/p>\n<h3 data-start=\"4099\" data-end=\"4232\">5. Ar JNR Falcon Pro 28K yra gera galimyb\u0117 vape parduotuv\u0117ms ar didmeniniams pirk\u0117jams, lyginant su pigesn\u0117mis cigare\u010di\u0173 didmenin\u0117mis alternatyvomis?<\/h3>\n<p data-start=\"4233\" data-end=\"4467\">Taip. Skirti <strong data-start=\"4242\" data-end=\"4255\">vape parduotuv\u0117je<\/strong> savininkams ir didmeniniams pirk\u0117jams, <strong data-start=\"4284\" data-end=\"4306\">JNR Falcon Pro 28K<\/strong> si\u016blo didel\u012f p\u016btimo skai\u010di\u0173, \u012fkraunam\u0105 dizain\u0105 ir auk\u0161\u010diausios kokyb\u0117s funkcijas, kurios patrauklios naudotojams, siekiantiems ilgalaik\u0117s vert\u0117s u\u017e <strong data-start=\"4427\" data-end=\"4457\">Pigi\u0173 cigare\u010di\u0173 didmenin\u0117 prekyba<\/strong> produktai.<\/p>\n<\/div>\n<\/div>\n<\/div>\n<\/div>","protected":false},"excerpt":{"rendered":"<ul>\n<li data-start=\"2055\" data-end=\"2134\">\n<p data-start=\"2058\" data-end=\"2134\">Pirkti JNR 28K Puff Bar internetu \u2013 Ilgai veikianti \u012fkraunama vienkartin\u0117 Vape EU<\/p>\n<\/li>\n<li data-start=\"2055\" data-end=\"2134\">\n<p data-start=\"2058\" data-end=\"2134\">JNR Falcon 28000 Puffs Vape \u2013 Dvigubo tinklelio rit\u0117s Puff Bar didmenin\u0117 kaina<\/p>\n<\/li>\n<\/ul>\n<p><strong>Prid\u0117kite Amy's whatsapp, kad gautum\u0117te tinkam\u0105 atsakym\u0105 ir nuolaidos kain\u0105!<\/strong><\/p>\n<p><img fetchpriority=\"high\" decoding=\"async\" class=\"size-full wp-image-2932\" src=\"https:\/\/vapestornado.com\/wp-content\/uploads\/2024\/12\/Vape-Wholesale.jpg\" alt=\"Garintuvai Didmenin\u0117 prekyba\" width=\"229\" height=\"300\" \/><\/p>\n<h3><a href=\"https:\/\/wa.me\/8617776015835\"><span style=\"color: #ff0000;\"><strong>WhatsApp: +86 17776015835<\/strong><\/span><\/a><\/h3>","protected":false},"featured_media":4477,"comment_status":"open","ping_status":"closed","template":"","meta":{"_acf_changed":false,"_uag_custom_page_level_css":"","_lmt_disableupdate":"no","_lmt_disable":"","_monsterinsights_skip_tracking":false,"_monsterinsights_sitenote_active":false,"_monsterinsights_sitenote_note":"","_monsterinsights_sitenote_category":0,"site-sidebar-layout":"default","site-content-layout":"","ast-site-content-layout":"default","site-content-style":"default","site-sidebar-style":"default","ast-global-header-display":"","ast-banner-title-visibility":"","ast-main-header-display":"","ast-hfb-above-header-display":"","ast-hfb-below-header-display":"","ast-hfb-mobile-header-display":"","site-post-title":"","ast-breadcrumbs-content":"","ast-featured-img":"","footer-sml-layout":"","ast-disable-related-posts":"","theme-transparent-header-meta":"default","adv-header-id-meta":"","stick-header-meta":"","header-above-stick-meta":"","header-main-stick-meta":"","header-below-stick-meta":"","astra-migrate-meta-layouts":"set","ast-page-background-enabled":"default","ast-page-background-meta":{"desktop":{"background-color":"","background-image":"","background-repeat":"repeat","background-position":"center center","background-size":"auto","background-attachment":"scroll","background-type":"","background-media":"","overlay-type":"","overlay-color":"","overlay-opacity":"","overlay-gradient":""},"tablet":{"background-color":"","background-image":"","background-repeat":"repeat","background-position":"center center","background-size":"auto","background-attachment":"scroll","background-type":"","background-media":"","overlay-type":"","overlay-color":"","overlay-opacity":"","overlay-gradient":""},"mobile":{"background-color":"","background-image":"","background-repeat":"repeat","background-position":"center center","background-size":"auto","background-attachment":"scroll","background-type":"","background-media":"","overlay-type":"","overlay-color":"","overlay-opacity":"","overlay-gradient":""}},"ast-content-background-meta":{"desktop":{"background-color":"var(--ast-global-color-5)","background-image":"","background-repeat":"repeat","background-position":"center center","background-size":"auto","background-attachment":"scroll","background-type":"","background-media":"","overlay-type":"","overlay-color":"","overlay-opacity":"","overlay-gradient":""},"tablet":{"background-color":"var(--ast-global-color-5)","background-image":"","background-repeat":"repeat","background-position":"center center","background-size":"auto","background-attachment":"scroll","background-type":"","background-media":"","overlay-type":"","overlay-color":"","overlay-opacity":"","overlay-gradient":""},"mobile":{"background-color":"var(--ast-global-color-5)","background-image":"","background-repeat":"repeat","background-position":"center center","background-size":"auto","background-attachment":"scroll","background-type":"","background-media":"","overlay-type":"","overlay-color":"","overlay-opacity":"","overlay-gradient":""}},"_joinchat":[]},"product_brand":[],"product_cat":[235,149,150,151,154,141,142,76,144],"product_tag":[403,406,411,412,410,390,397],"class_list":{"0":"post-4483","1":"product","2":"type-product","3":"status-publish","4":"has-post-thumbnail","6":"product_cat-28000-puff","7":"product_cat-buy-disposable-vapes-in-austria","8":"product_cat-buy-disposable-vapes-in-belgium","9":"product_cat-buy-disposable-vapes-in-france","10":"product_cat-buy-disposable-vapes-in-netherlands","11":"product_cat-crystal-disposable-vapes","12":"product_cat-digital-box-disposable-vapes","13":"product_cat-jnr-vape","14":"product_cat-low-nicotine-disposable-vapes","15":"product_tag-disposable-vape-box","16":"product_tag-disposable-vape-fast-shipping","17":"product_tag-jnr-28k","18":"product_tag-jnr-falcon-pro-280000","19":"product_tag-jnr-falcon-pro-28k","20":"product_tag-online-vape-shop","21":"product_tag-vapor","22":"desktop-align-left","23":"tablet-align-left","24":"mobile-align-left","26":"first","27":"instock","28":"sale","29":"shipping-taxable","30":"purchasable","31":"product-type-simple"},"acf":[],"uagb_featured_image_src":{"full":["https:\/\/vapestornado.com\/wp-content\/uploads\/2025\/10\/JNR-Falcon-Pro-28K-Puff-Dispsoable-Vape-Wholesale-Price.webp",800,800,false],"thumbnail":["https:\/\/vapestornado.com\/wp-content\/uploads\/2025\/10\/JNR-Falcon-Pro-28K-Puff-Dispsoable-Vape-Wholesale-Price-150x150.webp",150,150,true],"medium":["https:\/\/vapestornado.com\/wp-content\/uploads\/2025\/10\/JNR-Falcon-Pro-28K-Puff-Dispsoable-Vape-Wholesale-Price-300x300.webp",300,300,true],"medium_large":["https:\/\/vapestornado.com\/wp-content\/uploads\/2025\/10\/JNR-Falcon-Pro-28K-Puff-Dispsoable-Vape-Wholesale-Price-768x768.webp",768,768,true],"large":["https:\/\/vapestornado.com\/wp-content\/uploads\/2025\/10\/JNR-Falcon-Pro-28K-Puff-Dispsoable-Vape-Wholesale-Price.webp",800,800,false],"1536x1536":["https:\/\/vapestornado.com\/wp-content\/uploads\/2025\/10\/JNR-Falcon-Pro-28K-Puff-Dispsoable-Vape-Wholesale-Price.webp",800,800,false],"2048x2048":["https:\/\/vapestornado.com\/wp-content\/uploads\/2025\/10\/JNR-Falcon-Pro-28K-Puff-Dispsoable-Vape-Wholesale-Price.webp",800,800,false],"trp-custom-language-flag":["https:\/\/vapestornado.com\/wp-content\/uploads\/2025\/10\/JNR-Falcon-Pro-28K-Puff-Dispsoable-Vape-Wholesale-Price-12x12.webp",12,12,true],"woocommerce_thumbnail":["https:\/\/vapestornado.com\/wp-content\/uploads\/2025\/10\/JNR-Falcon-Pro-28K-Puff-Dispsoable-Vape-Wholesale-Price-300x300.webp",300,300,true],"woocommerce_single":["https:\/\/vapestornado.com\/wp-content\/uploads\/2025\/10\/JNR-Falcon-Pro-28K-Puff-Dispsoable-Vape-Wholesale-Price-600x600.webp",600,600,true],"woocommerce_gallery_thumbnail":["https:\/\/vapestornado.com\/wp-content\/uploads\/2025\/10\/JNR-Falcon-Pro-28K-Puff-Dispsoable-Vape-Wholesale-Price-100x100.webp",100,100,true]},"uagb_author_info":{"display_name":"ESAMY","author_link":"https:\/\/vapestornado.com\/lt\/author\/"},"uagb_comment_info":1,"uagb_excerpt":"Buy JNR 28K Puff Bar Online \u2013 Long-Lasting Rechargeable Disposable Vape EU JNR Falcon 28000 Puffs Vape \u2013 Dual Mesh Coil Puff Bar at Wholesale Price Add Amy's whatsapp to get right reply and discount price! WhatsApp: +86 17776015835","_links":{"self":[{"href":"https:\/\/vapestornado.com\/lt\/wp-json\/wp\/v2\/product\/4483","targetHints":{"allow":["GET"]}}],"collection":[{"href":"https:\/\/vapestornado.com\/lt\/wp-json\/wp\/v2\/product"}],"about":[{"href":"https:\/\/vapestornado.com\/lt\/wp-json\/wp\/v2\/types\/product"}],"replies":[{"embeddable":true,"href":"https:\/\/vapestornado.com\/lt\/wp-json\/wp\/v2\/comments?post=4483"}],"wp:featuredmedia":[{"embeddable":true,"href":"https:\/\/vapestornado.com\/lt\/wp-json\/wp\/v2\/media\/4477"}],"wp:attachment":[{"href":"https:\/\/vapestornado.com\/lt\/wp-json\/wp\/v2\/media?parent=4483"}],"wp:term":[{"taxonomy":"product_brand","embeddable":true,"href":"https:\/\/vapestornado.com\/lt\/wp-json\/wp\/v2\/product_brand?post=4483"},{"taxonomy":"product_cat","embeddable":true,"href":"https:\/\/vapestornado.com\/lt\/wp-json\/wp\/v2\/product_cat?post=4483"},{"taxonomy":"product_tag","embeddable":true,"href":"https:\/\/vapestornado.com\/lt\/wp-json\/wp\/v2\/product_tag?post=4483"}],"curies":[{"name":"wp","href":"https:\/\/api.w.org\/{rel}","templated":true}]}}