{"id":4468,"date":"2025-10-29T07:16:35","date_gmt":"2025-10-29T07:16:35","guid":{"rendered":"https:\/\/vapestornado.com\/?post_type=product&#038;p=4468"},"modified":"2025-12-12T09:30:35","modified_gmt":"2025-12-12T09:30:35","slug":"okso-60k-60000-puffs-dual-flavor-disposable-vape-digital-display","status":"publish","type":"product","link":"https:\/\/vapestornado.com\/lt\/product\/okso-60k-60000-puffs-dual-flavor-disposable-vape-digital-display\/","title":{"rendered":"OKSO 60k 60000 \u010ciut\u0117s Dvigubo Skonio Vienkartinis Vape Skaitmeninis Ekranas"},"content":{"rendered":"<h2 data-pm-slice=\"1 1 []\">OKSO 60 t\u016bkst. \u012fkv\u0117pim\u0173 dviej\u0173 skoni\u0173 vienkartinis vape \u2014 60000 \u012fkv\u0117pim\u0173 LED i\u0161manusis ekranas<\/h2>\n<p data-start=\"936\" data-end=\"1368\"><strong data-start=\"102\" data-end=\"120\">OKSO 60 t\u016bkst. 60000 \u012fkv\u0117pim\u0173<\/strong> yra dviej\u0173 skoni\u0173 vienkartinis \u012frenginys, skirtas ilgalaikiam naudojimui ir greitam skonio keitimui, ne\u012fkrist\u0173 \u012f ki\u0161en\u0119 kaip plyta. Jis suteikia <strong data-start=\"254\" data-end=\"276\">iki 60 000 \u012fkv\u0117pim\u0173<\/strong>, maitinamas <strong data-start=\"289\" data-end=\"318\">du 25 ml skonio kamer\u0173<\/strong> (50 ml i\u0161 viso). <strong data-start=\"335\" data-end=\"348\">tinklelio rit\u0117<\/strong> laiko gar\u0173 skland\u0173 ir skon\u012f ai\u0161k\u0173 ilg\u0173 sesij\u0173 metu, tuo pa\u010diu metu <strong data-start=\"421\" data-end=\"442\">LED i\u0161manusis ekranas<\/strong> rodo akumuliatoriaus ir e-skys\u010dio lygius realiu laiku. The <strong data-start=\"495\" data-end=\"526\">650mAh \u012fkraunama baterija<\/strong> padeda jums baigti skyst\u012f, o ne i\u0161mesti \u012frengin\u012f anksti.<\/p>\n<h3 data-start=\"997\" data-end=\"1048\">Svarbiausi na\u0161umo aspektai (SEO optimizuoti, orientuoti \u012f vartotoj\u0105)<\/h3>\n<ul data-start=\"1050\" data-end=\"2596\">\n<li data-start=\"1050\" data-end=\"1416\">\n<p data-start=\"1052\" data-end=\"1416\"><strong data-start=\"1052\" data-end=\"1099\">Tikras ilgalaikis \u012frenginys rimtam kasdieniam naudojimui.<\/strong> \u0160is <strong data-start=\"1104\" data-end=\"1123\">OKSO 60000 \u012fkv\u0117pim\u0173<\/strong> yra sukurtas aplink <strong data-start=\"1140\" data-end=\"1174\">50 ml bendro e-skys\u010dio (25 ml \u00d7 2)<\/strong>, kuris palaiko jo 60K klas\u0117s \u012fvertinim\u0105. Reguliariems naudotojams <strong data-start=\"1234\" data-end=\"1279\">Vokietijoje, Ispanijoje, Lenkijoje, Pranc\u016bzijoje ir Italijoje<\/strong>, tai gali reik\u0161ti ma\u017eiau keitim\u0173 ir ma\u017eiau impulsyvi\u0173 pirkim\u0173, net kai vietinis rinka si\u016blo \u201c<strong data-start=\"1373\" data-end=\"1398\">Pigesni elektroniniai cigaret\u0117s<\/strong>\u201d kurie nei\u0161laiko.<\/p>\n<\/li>\n<li data-start=\"1418\" data-end=\"1776\">\n<p data-start=\"1420\" data-end=\"1776\"><strong data-start=\"1420\" data-end=\"1477\">Dviej\u0173 skoni\u0173 keitimas, kuris i\u0161lieka naudingas ir po keli\u0173 savai\u010di\u0173.<\/strong> Ilgaam\u017eis vienkartinis \u012frenginys reikalauja \u012fvairov\u0117s arba jis bus apleistas. <strong data-start=\"1537\" data-end=\"1555\">OKSO 60 t\u016bkst. \u012fkv\u0117pim\u0173<\/strong> leid\u017eia per kelias sekundes perjungti skoni\u0173 kamer\u0173, kas i\u0161laiko patirt\u012f \u0161vie\u017ei\u0105, nereikalaujant ne\u0161iotis dviej\u0173 \u012frengini\u0173. Tai pasiekia tobul\u0105 balans\u0105 tarp paprasto vienkartinio ir <strong data-start=\"1721\" data-end=\"1734\">Smok kapsul\u0117s<\/strong> \/ kapsuli\u0173 sistemos, kurioms reikalingi nuolatiniai dalys.<\/p>\n<\/li>\n<li data-start=\"1778\" data-end=\"2069\">\n<p data-start=\"1780\" data-end=\"2069\"><strong data-start=\"1780\" data-end=\"1837\">Tinklinio rit\u0117s \u012fkv\u0117pimo poj\u016btis i\u0161lieka lygus ir skonio orientuotas.<\/strong> Tinklinio rit\u0117s \u0161ilumos paskirstymas yra tolygus, tod\u0117l garas i\u0161lieka nuoseklus, o skonis i\u0161lieka ai\u0161kus giliau \u012f skys\u010dio tiekim\u0105. Dideli\u0173 p\u016btim\u0173 \u012frenginiuose, ta \u201ev\u0117lyvos stadijos a\u0161trumas\u201c da\u017eniausiai b\u016bna silpnoji vieta\u2014\u0161is dizaino sprendimas yra priimtas tam i\u0161vengti.<\/p>\n<\/li>\n<li data-start=\"2071\" data-end=\"2350\">\n<p data-start=\"2073\" data-end=\"2350\"><strong data-start=\"2073\" data-end=\"2117\">LED i\u0161manusis ekranas pa\u0161alina sp\u0117liones.<\/strong> Baterijos ir skys\u010dio lygiai matomi i\u0161 karto. Tai svarbu, kai esate i\u0161vyk\u0119s dienai, keliaujate ar pasikliaujate vienu \u012frenginiu. Tod\u0117l <strong data-start=\"2265\" data-end=\"2285\">vape parduotuv\u0117 internete<\/strong> pirk\u0117jai da\u017enai pasitiki \u012frenginiais su skaidriomis b\u016bsenos indikatoriais.<\/p>\n<\/li>\n<li data-start=\"2352\" data-end=\"2596\">\n<p data-start=\"2354\" data-end=\"2596\"><strong data-start=\"2354\" data-end=\"2432\">\u012ekraunama baterija leid\u017eia naudoti \u012frengin\u012f tol, kol skystis baigiasi.<\/strong> \u0160is <strong data-start=\"2437\" data-end=\"2481\">650mAh \u012fkraunama OKSO 60000 P\u016b\u010di\u0173 vape<\/strong> yra sukurta papildyti pagal poreik\u012f, u\u017ekertant keli\u0105 \u012fprastai problemai, kai baterija i\u0161sikrauna prie\u0161 i\u0161tu\u0161t\u0117jant bakeliui.<\/p>\n<\/li>\n<\/ul>\n<p>Tai produktas, kuris tinka tiek galutiniams vartotojams, tiek <strong data-start=\"657\" data-end=\"677\">vape parduotuv\u0117 internete<\/strong> katalogui: didel\u0117s talpos, lengvai paai\u0161kinamas ir sukurtas aplink funkcijas, kurias \u017emon\u0117s tikrai naudoja.<\/p>\n<p><strong><span style=\"color: #ff0000;\">Prid\u0117kite Amy whatsapp, gaukite tiesiogin\u012f atsakym\u0105 ir kupon\u0105 veipui!<\/span><\/strong><\/p>\n<p><img fetchpriority=\"high\" decoding=\"async\" class=\"size-full wp-image-2932\" src=\"https:\/\/vapestornado.com\/wp-content\/uploads\/2024\/12\/Vape-Wholesale.jpg\" alt=\"Garintuvai Didmenin\u0117 prekyba\" width=\"229\" height=\"300\" \/><\/p>\n<h3><a href=\"https:\/\/wa.me\/8617776015835\" target=\"_blank\" rel=\"noopener\"><span style=\"color: #ff0000;\"><strong>WhatsApp: +86 17776015835<\/strong><\/span><\/a><\/h3>\n<p>&nbsp;<\/p>\n<h2><strong>OKSO 60k 60000 P\u016btim\u0173 Produkto Savyb\u0117s<\/strong><\/h2>\n<table>\n<thead>\n<tr>\n<th>Funkcija<\/th>\n<th>spec<\/th>\n<th>detal\u0117s<\/th>\n<\/tr>\n<\/thead>\n<tbody>\n<tr>\n<td>Produkto pavadinimas<\/td>\n<td>OKSO 60 t\u016bkst. P\u016b\u010di\u0173 \/ OKSO 60000 P\u016b\u010di\u0173<\/td>\n<td>Dvigubo skonio vienkartinis vape su ekranu<\/td>\n<\/tr>\n<tr>\n<td>\u012ep\u016btim\u0173 talpa<\/td>\n<td>Iki 60 000 p\u016b\u010di\u0173<\/td>\n<td>Didel\u0117s talpos \u012frenginys, skirtas ilgalaikiam naudojimui<\/td>\n<\/tr>\n<tr>\n<td>Skys\u010dio sistema<\/td>\n<td>25ml \u00d7 2 skonio kameros (50ml i\u0161 viso)<\/td>\n<td>Palaiko ilg\u0105 veikimo laik\u0105 ir skonio keitim\u0105<\/td>\n<\/tr>\n<tr>\n<td>Rit\u0117s tipas<\/td>\n<td>Tinklin\u0117 kaitinimo spiral\u0117<\/td>\n<td>Vienodas \u0161ilumos paskirstymas skland\u017eiam garui ir stabiliai skoniui<\/td>\n<\/tr>\n<tr>\n<td>Baterija<\/td>\n<td>650mAh \u012fkraunamas<\/td>\n<td>\u012ekraukite, kad naudotum\u0117te piln\u0105 skys\u010dio talp\u0105<\/td>\n<\/tr>\n<tr>\n<td>Ekranas<\/td>\n<td>LED i\u0161manus ekranas<\/td>\n<td>Rodo akumuliatoriaus ir elektroninio skys\u010dio lygius realiu laiku<\/td>\n<\/tr>\n<tr>\n<td>Nikotino pasirinkimai<\/td>\n<td>0% \/ 2% \/ 3% \/ 5%<\/td>\n<td>Tinka nikotino neturin\u010dioms ar stipresn\u0117ms nuostatoms<\/td>\n<\/tr>\n<tr>\n<td>Skoni\u0173 pasirinkimai<\/td>\n<td>Daugiau nei 20 dviej\u0173 skoni\u0173 derini\u0173<\/td>\n<td>Pla\u010dios rotacijos ilgam naudojimui<\/td>\n<\/tr>\n<tr>\n<td>Pozicionavimas<\/td>\n<td>Ma\u017emenin\u0117 + didmenin\u0117 prekyba<\/td>\n<td>Stipriai tinka internetin\u0117ms vape parduotuv\u0117ms<\/td>\n<\/tr>\n<\/tbody>\n<\/table>\n<p>&nbsp;<\/p>\n<figure id=\"attachment_4464\" aria-describedby=\"caption-attachment-4464\" style=\"width: 800px\" class=\"wp-caption alignnone\"><img decoding=\"async\" class=\"wp-image-4464 size-full\" src=\"https:\/\/vapestornado.com\/wp-content\/uploads\/2025\/10\/OKSO-60000-Puff-Disposable-Vape-Bulk-Buy.webp\" alt=\"OKSO 60000 P\u016btim\u0173 Vienkartinis Vape Didmenin\u0117 Pirkimas\" width=\"800\" height=\"800\" srcset=\"https:\/\/vapestornado.com\/wp-content\/uploads\/2025\/10\/OKSO-60000-Puff-Disposable-Vape-Bulk-Buy.webp 800w, https:\/\/vapestornado.com\/wp-content\/uploads\/2025\/10\/OKSO-60000-Puff-Disposable-Vape-Bulk-Buy-300x300.webp 300w, https:\/\/vapestornado.com\/wp-content\/uploads\/2025\/10\/OKSO-60000-Puff-Disposable-Vape-Bulk-Buy-150x150.webp 150w, https:\/\/vapestornado.com\/wp-content\/uploads\/2025\/10\/OKSO-60000-Puff-Disposable-Vape-Bulk-Buy-768x768.webp 768w, https:\/\/vapestornado.com\/wp-content\/uploads\/2025\/10\/OKSO-60000-Puff-Disposable-Vape-Bulk-Buy-12x12.webp 12w, https:\/\/vapestornado.com\/wp-content\/uploads\/2025\/10\/OKSO-60000-Puff-Disposable-Vape-Bulk-Buy-600x600.webp 600w, https:\/\/vapestornado.com\/wp-content\/uploads\/2025\/10\/OKSO-60000-Puff-Disposable-Vape-Bulk-Buy-100x100.webp 100w\" sizes=\"(max-width: 800px) 100vw, 800px\" \/><figcaption id=\"caption-attachment-4464\" class=\"wp-caption-text\">OKSO 60000 P\u016btim\u0173 Vienkartinis Vape Didmenin\u0117 Pirkimas<\/figcaption><\/figure>\n<h2 class=\"product-title\"><strong>OKSO 60k 60000 P\u016btim\u0173 Vape Skoni\u0173 S\u0105ra\u0161as<\/strong><\/h2>\n<p>1.M\u0117lyna Razz &amp; Love 66<br \/>\n2. Bra\u0161k\u0117 Vy\u0161nia &amp; Kivi Aistra Vaisiai Guava<br \/>\n3. Arb\u016bzas Burbul\u0173 Kramtomasis Guma &amp; Mi\u0161rus Vaisiai<br \/>\n4. Bra\u0161k\u0117 Banana &amp; Vy\u0161ni\u0173 Fiesta<br \/>\n5. Arb\u016bzas ledas &amp; Persikas Mango<br \/>\n6. M\u0117lynas Razz Lemonada &amp; Obuoli\u0173 Persikas<br \/>\n7. Raudona Energijos ledas &amp; Vynuogi\u0173 ledas<br \/>\n8. Bra\u0161k\u0117 Arb\u016bzas &amp; Du Obuoliai<br \/>\n9. M\u0117lynas Razz Vy\u0161ni\u0173 spanguol\u0117 &amp; M\u0117ta<br \/>\n10. M\u0117lynosios m\u0117lyn\u0117s ledas &amp; Juodieji serbentai<br \/>\n11. Ananas\u0173 ledas &amp; Drakono vaisiaus ledas<br \/>\n12. Trij\u0173 Mango &amp; Bra\u0161ki\u0173 Didysis Sprogimas<br \/>\n13. Banana Ananasas &amp; M\u0117lyn\u0173j\u0173 m\u0117lyni\u0173 Persiko ledas<br \/>\n14. Vynuogi\u0173 d\u017eemas ir m\u0117lyni\u0173 vy\u0161ni\u0173 juod\u0173j\u0173 serbent\u0173<br \/>\n15. Banan\u0173 ledas ir Mango aistra vaisius<br \/>\n16. Sultingi persikai ir D\u017eiungli\u0173 sultys<br \/>\n17. Vy\u0161ni\u0173 mink\u0161tas saldainis ir Arb\u016bz\u0173 Mojito<br \/>\n18. Vy\u0161ni\u0173 kola ir Vynuogi\u0173 citrina<br \/>\n19. Gaivus m\u0117t\u0173 Mojito ir Citrin\u0173 laimas<br \/>\n20. Bra\u0161ki\u0173 granatas ir obuoli\u0173 kriau\u0161\u0117s<\/p>\n<div class=\"flex-shrink-0 flex flex-col relative items-end\">\n<div class=\"pt-0\">\n<div class=\"gizmo-bot-avatar flex h-8 w-8 items-center justify-center overflow-hidden rounded-full\">\n<div class=\"relative p-1 rounded-sm flex items-center justify-center bg-token-main-surface-primary text-token-text-primary h-8 w-8\">\n<h2 data-start=\"1200\" data-end=\"1487\">Vapes Tornado \u2013 J\u016bs\u0173 didmenin\u0117 internetin\u0117 vape parduotuv\u0117 su geriausiais vape preki\u0173 \u017eenklais<\/h2>\n<p data-start=\"1200\" data-end=\"1487\">Vapes Tornado internetin\u0117 r\u016bkymo parduotuv\u0117 yra j\u016bs\u0173 patikimas pasirinkimas <strong data-start=\"66\" data-end=\"94\">auk\u0161\u010diausios kokyb\u0117s vienkartini\u0173 garintuv\u0173<\/strong> ir <strong data-start=\"99\" data-end=\"125\">didmeniniams elektronini\u0173 cigare\u010di\u0173 pirkimams<\/strong> visoje Europoje. Mes turime populiarias vape preki\u0173 \u017eenklus, tokius kaip <a href=\"https:\/\/vapestornado.com\/lt\/product\/elf-bar-raya-d3-25000-puffs-best-disposable-vape-wholesale-in-uk\/\">Elf Bar Vape<\/a>, <strong data-start=\"175\" data-end=\"228\"><a href=\"https:\/\/vapestornado.com\/lt\/product\/fumot-randm-tornado-15000-puffs-rechargeable-disposable-vape-wholesale\/\">Fumot Vape<\/a>, <a href=\"https:\/\/vapestornado.com\/lt\/product\/waspe-150k-150000-puff-6-in-1-disposable-vape-pen-cartridge-best-wholesale-price-in-poland\/\">Waspe Vape<\/a>, Vozol Bar Vape, <a href=\"https:\/\/vapestornado.com\/lt\/product-category\/bang-vape\/\">Bang Vape<\/a><\/strong>, ir daugelis kit\u0173 \u2013 si\u016blome i\u0161skirtin\u0119 kokyb\u0119, \u012fvairius skonius ir inovatyvius dizainus. Nesvarbu, ar esate asmeninis vartotojas, ar didmeninis pirk\u0117jas, <strong data-start=\"372\" data-end=\"389\">Vapes Tornado<\/strong> teikia auk\u0161tos kokyb\u0117s \u012frenginius, eleganti\u0161kus stilius ir nepalyginamai geras didmenines kainas, atitinkan\u010dias j\u016bs\u0173 r\u016bkymo poreikius.<\/p>\n<h2 data-start=\"2064\" data-end=\"2115\">Da\u017eniausiai u\u017eduodami klausimai apie OKSO 60k 60000 d\u016bm\u0173 \u012fkraunam\u0105 vape<\/h2>\n<h2 data-start=\"3458\" data-end=\"3494\"><\/h2>\n<ol data-start=\"3496\" data-end=\"4856\">\n<li data-start=\"3496\" data-end=\"3764\">\n<p data-start=\"3499\" data-end=\"3764\"><strong data-start=\"3499\" data-end=\"3609\">Kaip OKSO 60000 p\u016btim\u0173 dviej\u0173 skoni\u0173 vienkartinis \u012frenginys su 25 ml \u00d7 2 kameromis palaiko tok\u012f didel\u012f p\u016btim\u0173 skai\u010di\u0173?<\/strong><br data-start=\"3609\" data-end=\"3612\" \/>Dvi atskiros <strong data-start=\"3625\" data-end=\"3642\">25 ml kameros<\/strong> teikia <strong data-start=\"3651\" data-end=\"3674\">50 ml bendr\u0105 talp\u0105<\/strong>, kuri yra skirta ilgaam\u017ei\u0161kumui ir padeda \u012frenginiui i\u0161likti nuosekliam ilgalaikio naudojimo metu.<\/p>\n<\/li>\n<li data-start=\"3766\" data-end=\"4000\">\n<p data-start=\"3769\" data-end=\"4000\"><strong data-start=\"3769\" data-end=\"3865\">Ar OKSO 60k P\u016btim\u0173 vienkartinio vape tinklas su tinkleliu padeda i\u0161vengti a\u0161tri\u0173 \u012fkandim\u0173 arti pabaigos?<\/strong><br data-start=\"3865\" data-end=\"3868\" \/>Tinklelio rit\u0117s \u0161yla tolygiau nei paprastos vielos rit\u0117s, kas padeda i\u0161laikyti gar\u0105 \u0161veln\u0173 ir skon\u012f ai\u0161kesn\u012f giliau \u012f skys\u010dio tiekim\u0105.<\/p>\n<\/li>\n<li data-start=\"4002\" data-end=\"4260\">\n<p data-start=\"4005\" data-end=\"4260\"><strong data-start=\"4005\" data-end=\"4096\">Ar OKSO 60000 P\u016btim\u0173 \u012fkraunama baterija pakankama abiem skoni\u0173 kameroms u\u017ebaigti?<\/strong><br data-start=\"4096\" data-end=\"4099\" \/>Tai yra \u012fkrovimo tikslo esm\u0117. <strong data-start=\"4142\" data-end=\"4160\">650mAh baterij\u0105<\/strong> gali b\u016bti papildyta \u012fkrovimu pagal poreik\u012f, kad gal\u0117tum\u0117te u\u017ebaigti vis\u0105 50 ml, o ne anksti sustoti.<\/p>\n<\/li>\n<li data-start=\"4262\" data-end=\"4508\">\n<p data-start=\"4265\" data-end=\"4508\"><strong data-start=\"4265\" data-end=\"4356\">K\u0105 prid\u0117jo LED i\u0161manusis ekranas prie OKSO 60k P\u016btim\u0173 dviej\u0173 skoni\u0173 vienkartinio vape?<\/strong><br data-start=\"4356\" data-end=\"4359\" \/>Jame rodomas baterijos ir e-skys\u010dio b\u016bkl\u0117s indikatorius, tod\u0117l lengviau planuoti \u012fkrovim\u0105 ir i\u0161vengti netik\u0117t\u0173 i\u0161sijungim\u0173\u2014ypa\u010d naudinga keliaujant ar ilgose darbo dienose.<\/p>\n<\/li>\n<li data-start=\"4510\" data-end=\"4856\">\n<p data-start=\"4513\" data-end=\"4856\"><strong data-start=\"4513\" data-end=\"4614\">Kod\u0117l internetin\u0117 vape parduotuv\u0117 rodo OKSO 60k P\u016btim\u0173 vietoj to, kad reklamuot\u0173 tik pigiausius elektroninius cigare\u010dius?<\/strong><br data-start=\"4614\" data-end=\"4617\" \/>\u201ePigiausi elektroniniai cigare\u010diai\u201c da\u017enai laimi kaina, bet pralaimi ilgaam\u017ei\u0161kumu ir vartotoj\u0173 pasitenkinimu. OKSO 60k P\u016btim\u0173 parduoda ilgalaik\u0119 vert\u0119: didel\u012f talpum\u0105, dviej\u0173 skoni\u0173 pasirinkim\u0105, ekran\u0105 sekimui ir \u012fkraunam\u0105 naudotoj\u0105\u2014savybes, kurios skatina pakartotinius pirkimus.<\/p>\n<\/li>\n<\/ol>\n<\/div>\n<\/div>\n<\/div>\n<\/div>","protected":false},"excerpt":{"rendered":"<p>OKSO 60K Puf\u0173 Vape \u2013 Dvigubo skonio LED vienkartinis vape Europos rinkai<br \/>\nOKSO 60000 Puf\u0173 Multiskonio \u012fkraunamas Vape Didmenin\u0117 prekyba Europoje<br \/>\nPirkite OKSO 60K Dvigubo skonio vienkartin\u012f Vape \u2013 650mAh LED ekranas versija<\/p>\n<p><strong>Prid\u0117kite Amy's whatsapp, kad gautum\u0117te tinkam\u0105 atsakym\u0105 ir nuolaidos kain\u0105!<\/strong><\/p>\n<p><img fetchpriority=\"high\" decoding=\"async\" class=\"size-full wp-image-2932\" src=\"https:\/\/vapestornado.com\/wp-content\/uploads\/2024\/12\/Vape-Wholesale.jpg\" alt=\"Garintuvai Didmenin\u0117 prekyba\" width=\"229\" height=\"300\" \/><\/p>\n<h3><a href=\"https:\/\/wa.me\/8617776015835\"><span style=\"color: #ff0000;\"><strong>WhatsApp: +86 17776015835<\/strong><\/span><\/a><\/h3>","protected":false},"featured_media":4463,"comment_status":"open","ping_status":"closed","template":"","meta":{"_acf_changed":false,"_uag_custom_page_level_css":"","_lmt_disableupdate":"no","_lmt_disable":"","_monsterinsights_skip_tracking":false,"_monsterinsights_sitenote_active":false,"_monsterinsights_sitenote_note":"","_monsterinsights_sitenote_category":0,"site-sidebar-layout":"default","site-content-layout":"","ast-site-content-layout":"default","site-content-style":"default","site-sidebar-style":"default","ast-global-header-display":"","ast-banner-title-visibility":"","ast-main-header-display":"","ast-hfb-above-header-display":"","ast-hfb-below-header-display":"","ast-hfb-mobile-header-display":"","site-post-title":"","ast-breadcrumbs-content":"","ast-featured-img":"","footer-sml-layout":"","ast-disable-related-posts":"","theme-transparent-header-meta":"default","adv-header-id-meta":"","stick-header-meta":"","header-above-stick-meta":"","header-main-stick-meta":"","header-below-stick-meta":"","astra-migrate-meta-layouts":"set","ast-page-background-enabled":"default","ast-page-background-meta":{"desktop":{"background-color":"","background-image":"","background-repeat":"repeat","background-position":"center center","background-size":"auto","background-attachment":"scroll","background-type":"","background-media":"","overlay-type":"","overlay-color":"","overlay-opacity":"","overlay-gradient":""},"tablet":{"background-color":"","background-image":"","background-repeat":"repeat","background-position":"center center","background-size":"auto","background-attachment":"scroll","background-type":"","background-media":"","overlay-type":"","overlay-color":"","overlay-opacity":"","overlay-gradient":""},"mobile":{"background-color":"","background-image":"","background-repeat":"repeat","background-position":"center center","background-size":"auto","background-attachment":"scroll","background-type":"","background-media":"","overlay-type":"","overlay-color":"","overlay-opacity":"","overlay-gradient":""}},"ast-content-background-meta":{"desktop":{"background-color":"var(--ast-global-color-5)","background-image":"","background-repeat":"repeat","background-position":"center center","background-size":"auto","background-attachment":"scroll","background-type":"","background-media":"","overlay-type":"","overlay-color":"","overlay-opacity":"","overlay-gradient":""},"tablet":{"background-color":"var(--ast-global-color-5)","background-image":"","background-repeat":"repeat","background-position":"center center","background-size":"auto","background-attachment":"scroll","background-type":"","background-media":"","overlay-type":"","overlay-color":"","overlay-opacity":"","overlay-gradient":""},"mobile":{"background-color":"var(--ast-global-color-5)","background-image":"","background-repeat":"repeat","background-position":"center center","background-size":"auto","background-attachment":"scroll","background-type":"","background-media":"","overlay-type":"","overlay-color":"","overlay-opacity":"","overlay-gradient":""}},"_joinchat":[]},"product_brand":[],"product_cat":[343,149,151,157,143,357],"product_tag":[493,403,406,407,390,494,397],"class_list":{"0":"post-4468","1":"product","2":"type-product","3":"status-publish","4":"has-post-thumbnail","6":"product_cat-60000-puff","7":"product_cat-buy-disposable-vapes-in-austria","8":"product_cat-buy-disposable-vapes-in-france","9":"product_cat-buy-disposable-vapes-in-portugal","10":"product_cat-dual-mesh-disposable-vapes","11":"product_cat-flavor-adjustable-vape","12":"product_tag-cheapest-e-cigarettes","13":"product_tag-disposable-vape-box","14":"product_tag-disposable-vape-fast-shipping","15":"product_tag-okso-60k-60000-puff","16":"product_tag-online-vape-shop","17":"product_tag-smok-pods","18":"product_tag-vapor","19":"desktop-align-left","20":"tablet-align-left","21":"mobile-align-left","23":"first","24":"instock","25":"sale","26":"shipping-taxable","27":"purchasable","28":"product-type-simple"},"acf":[],"uagb_featured_image_src":{"full":["https:\/\/vapestornado.com\/wp-content\/uploads\/2025\/10\/OKSO-60k-Puffs-Dual-Flavor-Disposable-Vape-LED-Display.webp",800,800,false],"thumbnail":["https:\/\/vapestornado.com\/wp-content\/uploads\/2025\/10\/OKSO-60k-Puffs-Dual-Flavor-Disposable-Vape-LED-Display-150x150.webp",150,150,true],"medium":["https:\/\/vapestornado.com\/wp-content\/uploads\/2025\/10\/OKSO-60k-Puffs-Dual-Flavor-Disposable-Vape-LED-Display-300x300.webp",300,300,true],"medium_large":["https:\/\/vapestornado.com\/wp-content\/uploads\/2025\/10\/OKSO-60k-Puffs-Dual-Flavor-Disposable-Vape-LED-Display-768x768.webp",768,768,true],"large":["https:\/\/vapestornado.com\/wp-content\/uploads\/2025\/10\/OKSO-60k-Puffs-Dual-Flavor-Disposable-Vape-LED-Display.webp",800,800,false],"1536x1536":["https:\/\/vapestornado.com\/wp-content\/uploads\/2025\/10\/OKSO-60k-Puffs-Dual-Flavor-Disposable-Vape-LED-Display.webp",800,800,false],"2048x2048":["https:\/\/vapestornado.com\/wp-content\/uploads\/2025\/10\/OKSO-60k-Puffs-Dual-Flavor-Disposable-Vape-LED-Display.webp",800,800,false],"trp-custom-language-flag":["https:\/\/vapestornado.com\/wp-content\/uploads\/2025\/10\/OKSO-60k-Puffs-Dual-Flavor-Disposable-Vape-LED-Display-12x12.webp",12,12,true],"woocommerce_thumbnail":["https:\/\/vapestornado.com\/wp-content\/uploads\/2025\/10\/OKSO-60k-Puffs-Dual-Flavor-Disposable-Vape-LED-Display-300x300.webp",300,300,true],"woocommerce_single":["https:\/\/vapestornado.com\/wp-content\/uploads\/2025\/10\/OKSO-60k-Puffs-Dual-Flavor-Disposable-Vape-LED-Display-600x600.webp",600,600,true],"woocommerce_gallery_thumbnail":["https:\/\/vapestornado.com\/wp-content\/uploads\/2025\/10\/OKSO-60k-Puffs-Dual-Flavor-Disposable-Vape-LED-Display-100x100.webp",100,100,true]},"uagb_author_info":{"display_name":"ESAMY","author_link":"https:\/\/vapestornado.com\/lt\/author\/"},"uagb_comment_info":1,"uagb_excerpt":"OKSO 60K Puff Vape \u2013 Dual Flavor LED Disposable vape for EU Market OKSO 60000 Puffs Multy Flavor Rechargeable Vape Wholesale Europe Buy OKSO 60K Dual Flavor Disposable Vape \u2013 650mAh LED Screen Edition Add Amy's whatsapp to get right reply and discount price! WhatsApp: +86 17776015835","_links":{"self":[{"href":"https:\/\/vapestornado.com\/lt\/wp-json\/wp\/v2\/product\/4468","targetHints":{"allow":["GET"]}}],"collection":[{"href":"https:\/\/vapestornado.com\/lt\/wp-json\/wp\/v2\/product"}],"about":[{"href":"https:\/\/vapestornado.com\/lt\/wp-json\/wp\/v2\/types\/product"}],"replies":[{"embeddable":true,"href":"https:\/\/vapestornado.com\/lt\/wp-json\/wp\/v2\/comments?post=4468"}],"wp:featuredmedia":[{"embeddable":true,"href":"https:\/\/vapestornado.com\/lt\/wp-json\/wp\/v2\/media\/4463"}],"wp:attachment":[{"href":"https:\/\/vapestornado.com\/lt\/wp-json\/wp\/v2\/media?parent=4468"}],"wp:term":[{"taxonomy":"product_brand","embeddable":true,"href":"https:\/\/vapestornado.com\/lt\/wp-json\/wp\/v2\/product_brand?post=4468"},{"taxonomy":"product_cat","embeddable":true,"href":"https:\/\/vapestornado.com\/lt\/wp-json\/wp\/v2\/product_cat?post=4468"},{"taxonomy":"product_tag","embeddable":true,"href":"https:\/\/vapestornado.com\/lt\/wp-json\/wp\/v2\/product_tag?post=4468"}],"curies":[{"name":"wp","href":"https:\/\/api.w.org\/{rel}","templated":true}]}}