{"id":4462,"date":"2025-10-28T06:37:23","date_gmt":"2025-10-28T06:37:23","guid":{"rendered":"https:\/\/vapestornado.com\/?post_type=product&#038;p=4462"},"modified":"2025-10-28T07:04:10","modified_gmt":"2025-10-28T07:04:10","slug":"stagbar-nexus-60k-puffs-buy-disposable-vapes-online-wholesale-price","status":"publish","type":"product","link":"https:\/\/vapestornado.com\/lt\/product\/stagbar-nexus-60k-puffs-buy-disposable-vapes-online-wholesale-price\/","title":{"rendered":"STAGBAR NEXUS 60K Puffs Pirkite vienkartinius elektroninius cigare\u010dius internetu didmenin\u0117 kaina"},"content":{"rendered":"<h2 data-pm-slice=\"1 1 []\">STAGBAR NEXUS 60K Puffs Pirkite vienkartinius elektroninius cigare\u010dius internetu didmenin\u0117 kaina<\/h2>\n<p data-start=\"329\" data-end=\"654\"><strong data-start=\"329\" data-end=\"350\">STAGBAR NEXUS 60K<\/strong> yra nauja \u017evaig\u017ed\u0117 <strong data-start=\"369\" data-end=\"389\">Vienkartinis garintuvas<\/strong> sukurtas garintojams, kuriems reikia ilgalaikio veikimo ir modernaus dizaino. Su dideliu <strong data-start=\"469\" data-end=\"493\">60000 p\u016btim\u0173 talpa<\/strong>, \u0161is \u012frenginys i\u0161 naujo apibr\u0117\u017eia vert\u0119 <strong data-start=\"530\" data-end=\"559\">vienkartini\u0173 vape didmenin\u0117 prekyba<\/strong> rinkoje \u2013 si\u016blo ilgalaik\u012f naudojim\u0105, stabil\u0173 veikim\u0105 ir auk\u0161\u010diausios kokyb\u0117s skon\u012f kiekviename \u012ftraukime.<\/p>\n<p data-start=\"656\" data-end=\"1059\">Sukurtas patogumui ir patogumui, <strong data-start=\"698\" data-end=\"721\">STAGBAR NEXUS 60000<\/strong> turi <strong data-start=\"733\" data-end=\"751\">Dvigubos tinklelio kaitinimo spiral\u0117s<\/strong> u\u017etikrina sodr\u0173 skon\u012f ir tir\u0161tus garus, o <strong data-start=\"803\" data-end=\"832\">reguliuojama oro srauto sistema<\/strong> leid\u017eia jums pritaikyti kiekvien\u0105 \u012ftraukim\u0105 nuo grie\u017eto MTL iki atviro DTL. A <strong data-start=\"892\" data-end=\"913\">i\u0161manusis LED ekranas<\/strong> informuoja jus apie e-skys\u010dio ir baterijos lygius, o <strong data-start=\"973\" data-end=\"1011\">850 mAh Type-C \u012fkraunama baterija<\/strong> u\u017etikrina nuosekli\u0105 gali\u0105 su greitu \u012fkrovimu.<\/p>\n<p data-start=\"1061\" data-end=\"1301\">\u201eStagbar Vapes\u201c dabar u\u017ekariauja ES rink\u0105, ypa\u010d Ispanijos rink\u0105, ir tampa populiariausiais pardavimo modeliais bei populiariausiais preki\u0173 \u017eenklais tarp garintoj\u0173. Garintojams ir platintojams, norintiems <strong data-start=\"1100\" data-end=\"1131\">pirkti vienkartinius garus internetu<\/strong> su patikima kokybe, eleganti\u0161ku stiliumi ir <strong data-start=\"1172\" data-end=\"1189\">greit\u0105 pristatym\u0105<\/strong> visoje Europoje, <strong data-start=\"1205\" data-end=\"1226\">STAGBAR NEXUS 60K<\/strong> yra puikus \u201eviskas viename\u201c sprendimas tiek ma\u017emenin\u0117s, tiek didmenin\u0117s prekybos pirk\u0117jams.<\/p>\n<p data-start=\"1061\" data-end=\"1301\">Dabar STAGBAR NEXUS 60K Puffs vienkartiniai vape bakeliai yra prieinami Europos S\u0105jungos sand\u0117lyje, tai u\u017etrunka tik 3-7 darbo dienas greitam pristatymui!<\/p>\n<p><strong><span style=\"color: #ff0000;\">Prid\u0117kite Amy whatsapp, gaukite tiesiogin\u012f atsakym\u0105 ir kupon\u0105 veipui!<\/span><\/strong><\/p>\n<p><img fetchpriority=\"high\" decoding=\"async\" class=\"size-full wp-image-2932\" src=\"https:\/\/vapestornado.com\/wp-content\/uploads\/2024\/12\/Vape-Wholesale.jpg\" alt=\"Garintuvai Didmenin\u0117 prekyba\" width=\"229\" height=\"300\" \/><\/p>\n<h3><a href=\"https:\/\/wa.me\/8617776015835\" target=\"_blank\" rel=\"noopener\"><span style=\"color: #ff0000;\"><strong>WhatsApp: +86 17776015835<\/strong><\/span><\/a><\/h3>\n<p>&nbsp;<\/p>\n<h2><strong>STAGBAR NEXUS 60K Puffs produkto savyb\u0117s<\/strong><\/h2>\n<ul>\n<li data-start=\"1329\" data-end=\"1383\">\n<p data-start=\"1331\" data-end=\"1383\"><strong data-start=\"1331\" data-end=\"1353\">Iki 60 000 \u012fkv\u0117pim\u0173<\/strong> naudojimui itin ilgai.<\/p>\n<\/li>\n<li data-start=\"1384\" data-end=\"1452\">\n<p data-start=\"1386\" data-end=\"1452\"><strong data-start=\"1386\" data-end=\"1411\">Dviguba tinklelio rit\u0117 (0,9\u03a9)<\/strong> pagerina skon\u012f ir garo tank\u012f.<\/p>\n<\/li>\n<li data-start=\"1453\" data-end=\"1514\">\n<p data-start=\"1455\" data-end=\"1514\"><strong data-start=\"1455\" data-end=\"1481\">50 ml elektroninio skys\u010dio talpa<\/strong> u\u017epildyta auk\u0161tos kokyb\u0117s mi\u0161iniais.<\/p>\n<\/li>\n<li data-start=\"1515\" data-end=\"1577\">\n<p data-start=\"1517\" data-end=\"1577\"><strong data-start=\"1517\" data-end=\"1548\">850 mAh \u012fkraunama baterija<\/strong> su Type-C greitu \u012fkrovimu.<\/p>\n<\/li>\n<li data-start=\"1578\" data-end=\"1643\">\n<p data-start=\"1580\" data-end=\"1643\"><strong data-start=\"1580\" data-end=\"1610\">Reguliuojama oro srauto kontrol\u0117<\/strong> personalizuotam vaping stiliui.<\/p>\n<\/li>\n<li data-start=\"1644\" data-end=\"1716\">\n<p data-start=\"1646\" data-end=\"1716\"><strong data-start=\"1646\" data-end=\"1668\">LED ekranas<\/strong> rodo gali\u0105 ir elektroninio skys\u010dio lygius realiu laiku.<\/p>\n<\/li>\n<li data-start=\"1717\" data-end=\"1777\">\n<p data-start=\"1719\" data-end=\"1777\"><strong data-start=\"1719\" data-end=\"1742\">2% ir 5% nikotino variantai<\/strong> lankstiems rinkos poreikiams.<\/p>\n<\/li>\n<\/ul>\n<figure id=\"attachment_4456\" aria-describedby=\"caption-attachment-4456\" style=\"width: 800px\" class=\"wp-caption alignnone\"><img decoding=\"async\" class=\"wp-image-4456 size-full\" src=\"https:\/\/vapestornado.com\/wp-content\/uploads\/2025\/10\/Stagbar-Nexus-60000-60K-Puffs-Disposable-Vape-Box.webp\" alt=\"Stagbar Nexus 60000 60K Puffs vienkartinis vape d\u0117\u017eut\u0117\" width=\"800\" height=\"800\" srcset=\"https:\/\/vapestornado.com\/wp-content\/uploads\/2025\/10\/Stagbar-Nexus-60000-60K-Puffs-Disposable-Vape-Box.webp 800w, https:\/\/vapestornado.com\/wp-content\/uploads\/2025\/10\/Stagbar-Nexus-60000-60K-Puffs-Disposable-Vape-Box-300x300.webp 300w, https:\/\/vapestornado.com\/wp-content\/uploads\/2025\/10\/Stagbar-Nexus-60000-60K-Puffs-Disposable-Vape-Box-150x150.webp 150w, https:\/\/vapestornado.com\/wp-content\/uploads\/2025\/10\/Stagbar-Nexus-60000-60K-Puffs-Disposable-Vape-Box-768x768.webp 768w, https:\/\/vapestornado.com\/wp-content\/uploads\/2025\/10\/Stagbar-Nexus-60000-60K-Puffs-Disposable-Vape-Box-12x12.webp 12w, https:\/\/vapestornado.com\/wp-content\/uploads\/2025\/10\/Stagbar-Nexus-60000-60K-Puffs-Disposable-Vape-Box-600x600.webp 600w, https:\/\/vapestornado.com\/wp-content\/uploads\/2025\/10\/Stagbar-Nexus-60000-60K-Puffs-Disposable-Vape-Box-100x100.webp 100w\" sizes=\"(max-width: 800px) 100vw, 800px\" \/><figcaption id=\"caption-attachment-4456\" class=\"wp-caption-text\">Stagbar Nexus 60000 60K Puffs vienkartinis vape d\u0117\u017eut\u0117<\/figcaption><\/figure>\n<h2 class=\"product-title\"><strong>STAGBAR NEXUS 60K Puffs vape skoni\u0173 s\u0105ra\u0161as<\/strong><\/h2>\n<ol data-start=\"1828\" data-end=\"2025\">\n<li data-start=\"1828\" data-end=\"1847\">\n<p data-start=\"1831\" data-end=\"1847\">Arb\u016bz\u0173 ledas<\/p>\n<\/li>\n<li data-start=\"1848\" data-end=\"1876\">\n<p data-start=\"1851\" data-end=\"1876\">M\u0117lyni\u0173 avie\u010di\u0173 ledas<\/p>\n<\/li>\n<li data-start=\"1877\" data-end=\"1895\">\n<p data-start=\"1880\" data-end=\"1895\">Mi\u0161rios uogos<\/p>\n<\/li>\n<li data-start=\"1896\" data-end=\"1917\">\n<p data-start=\"1899\" data-end=\"1917\">Bra\u0161ki\u0173 vynuog\u0117s<\/p>\n<\/li>\n<li data-start=\"1918\" data-end=\"1938\">\n<p data-start=\"1921\" data-end=\"1938\">Bra\u0161ki\u0173 ir kivi\u0173<\/p>\n<\/li>\n<li data-start=\"1939\" data-end=\"1951\">\n<p data-start=\"1942\" data-end=\"1951\">Meil\u0117 66<\/p>\n<\/li>\n<li data-start=\"1952\" data-end=\"1977\">\n<p data-start=\"1955\" data-end=\"1977\">Avie\u010di\u0173 arb\u016bzas<\/p>\n<\/li>\n<li data-start=\"1978\" data-end=\"1993\">\n<p data-start=\"1981\" data-end=\"1993\">Citrina ir \u017eali\u0173j\u0173 citrin\u0173<\/p>\n<\/li>\n<li data-start=\"1994\" data-end=\"2010\">\n<p data-start=\"1997\" data-end=\"2010\">Persik\u0173 mango<\/p>\n<\/li>\n<li data-start=\"2011\" data-end=\"2025\">\n<p data-start=\"2015\" data-end=\"2025\">Raudonasis obuolys<\/p>\n<\/li>\n<\/ol>\n<div class=\"flex-shrink-0 flex flex-col relative items-end\">\n<div class=\"pt-0\">\n<div class=\"gizmo-bot-avatar flex h-8 w-8 items-center justify-center overflow-hidden rounded-full\">\n<div class=\"relative p-1 rounded-sm flex items-center justify-center bg-token-main-surface-primary text-token-text-primary h-8 w-8\">\n<h2 data-start=\"1200\" data-end=\"1487\">Vapes Tornado \u2013 J\u016bs\u0173 didmenin\u0117 internetin\u0117 vape parduotuv\u0117 su geriausiais vape preki\u0173 \u017eenklais<\/h2>\n<p data-start=\"1200\" data-end=\"1487\">Vapes Tornado internetin\u0117 r\u016bkymo parduotuv\u0117 yra j\u016bs\u0173 patikimas pasirinkimas <strong data-start=\"66\" data-end=\"94\">auk\u0161\u010diausios kokyb\u0117s vienkartini\u0173 garintuv\u0173<\/strong> ir <strong data-start=\"99\" data-end=\"125\">didmeniniams elektronini\u0173 cigare\u010di\u0173 pirkimams<\/strong> visoje Europoje. Mes turime populiarias vape preki\u0173 \u017eenklus, tokius kaip <a href=\"https:\/\/vapestornado.com\/lt\/product\/elf-bar-raya-d3-25000-puffs-best-disposable-vape-wholesale-in-uk\/\">Elf Bar Vape<\/a>, <strong data-start=\"175\" data-end=\"228\"><a href=\"https:\/\/vapestornado.com\/lt\/product\/fumot-randm-tornado-15000-puffs-rechargeable-disposable-vape-wholesale\/\">Fumot Vape<\/a>, <a href=\"https:\/\/vapestornado.com\/lt\/product\/waspe-150k-150000-puff-6-in-1-disposable-vape-pen-cartridge-best-wholesale-price-in-poland\/\">Waspe Vape<\/a>, Vozol Bar Vape, <a href=\"https:\/\/vapestornado.com\/lt\/product-category\/bang-vape\/\">Bang Vape<\/a><\/strong>, ir daugelis kit\u0173 \u2013 si\u016blome i\u0161skirtin\u0119 kokyb\u0119, \u012fvairius skonius ir inovatyvius dizainus. Nesvarbu, ar esate asmeninis vartotojas, ar didmeninis pirk\u0117jas, <strong data-start=\"372\" data-end=\"389\">Vapes Tornado<\/strong> teikia auk\u0161tos kokyb\u0117s \u012frenginius, eleganti\u0161kus stilius ir nepalyginamai geras didmenines kainas, atitinkan\u010dias j\u016bs\u0173 r\u016bkymo poreikius.<\/p>\n<h2 data-start=\"2064\" data-end=\"2115\">Da\u017eniausiai u\u017eduodami klausimai apie STAGBAR NEXUS 60K Puffs \u012fkraunam\u0105 vape<\/h2>\n<p data-start=\"2043\" data-end=\"2212\"><strong data-start=\"2043\" data-end=\"2094\">Q1: Kiek laiko tarnauja STAGBAR NEXUS 60000?<\/strong><br data-start=\"2094\" data-end=\"2097\" \/>A1: Jis tiekia iki <strong data-start=\"2119\" data-end=\"2135\">60 000 r\u016bkan\u010di\u0173<\/strong>, skirtas ilgalaikiam naudojimui\u2014\u017eymiai ilgiau nei tradiciniai vienkartiniai vape'ai.<\/p>\n<p data-start=\"2214\" data-end=\"2395\"><strong data-start=\"2214\" data-end=\"2275\">Q2: Ar galiu \u012fkrauti STAGBAR NEXUS 60K vienkartin\u012f vape'\u0105?<\/strong><br data-start=\"2275\" data-end=\"2278\" \/>A2: Taip. Jis turi <strong data-start=\"2304\" data-end=\"2342\">850 mAh Type-C \u012fkraunama baterija<\/strong>, u\u017etikrinant\u012f nuolatin\u012f vaping'\u0105 be pertrauk\u0173.<\/p>\n<p data-start=\"2397\" data-end=\"2579\"><strong data-start=\"2397\" data-end=\"2456\">Q3: Ar STAGBAR 60K turi reguliuojam\u0105 oro sraut\u0105?<\/strong><br data-start=\"2456\" data-end=\"2459\" \/>A3: Be abejo. Galite reguliuoti oro sraut\u0105, kad pasiektum\u0117te pageidaujam\u0105 \u012fkv\u0117pimo stili\u0173\u2014nuo \u0161velni\u0173 MTL \u012fkv\u0117pim\u0173 iki didesni\u0173 debes\u0173.<\/p>\n<p data-start=\"2581\" data-end=\"2765\"><strong data-start=\"2581\" data-end=\"2644\">Q4: Kaip su\u017einoti, kada vape'as beveik baig\u0117si e-liquido?<\/strong><br data-start=\"2644\" data-end=\"2647\" \/>A4: The <strong data-start=\"2655\" data-end=\"2670\">LED ekranas<\/strong> ai\u0161kiai rodo tiek <strong data-start=\"2694\" data-end=\"2725\">akumuliatoriaus ir e. skys\u010dio lygius<\/strong>, tod\u0117l niekada neb\u016bsite u\u017ekluptas netik\u0117tai.<\/p>\n<p data-start=\"2767\" data-end=\"2979\"><strong data-start=\"2767\" data-end=\"2848\">Q5: Kur galiu pirkti STAGBAR NEXUS 60000 vienkartinius vape'us didmenin\u0117mis kainomis Europoje?<\/strong><br data-start=\"2848\" data-end=\"2851\" \/>A5: J\u016bs galite <strong data-start=\"2863\" data-end=\"2894\">pirkti vienkartinius garus internetu<\/strong> pas patikimus Europos pardav\u0117jus, si\u016blan\u010dius <strong data-start=\"2937\" data-end=\"2976\">greit\u0105 pristatym\u0105 ir didmenines kainas<\/strong>.<\/p>\n<\/div>\n<\/div>\n<\/div>\n<\/div>","protected":false},"excerpt":{"rendered":"<p>STAGBAR NEXUS 60K Vienkartini\u0173 Gar\u0173 Didmenin\u0117 Prekyba \u2013 Pirkite internetu su greitu pristatymu ES<\/p>\n<p>STAGBAR NEXUS 60000 P\u016btim\u0173 Garai \u2013 \u012ekraunamas Vienkartinis Garintuvas Europai<\/p>\n<p>Pirkite STAGBAR NEXUS 60K P\u016btim\u0173 Vienkartinius Garus Internetu \u2013 Didmenin\u0117 Kaina ir Greitas Pristatymas<\/p>\n<p><strong>Prid\u0117kite Amy's whatsapp, kad gautum\u0117te tinkam\u0105 atsakym\u0105 ir nuolaidos kain\u0105!<\/strong><\/p>\n<p><img fetchpriority=\"high\" decoding=\"async\" class=\"size-full wp-image-2932\" src=\"https:\/\/vapestornado.com\/wp-content\/uploads\/2024\/12\/Vape-Wholesale.jpg\" alt=\"Garintuvai Didmenin\u0117 prekyba\" width=\"229\" height=\"300\" \/><\/p>\n<h3><a href=\"https:\/\/wa.me\/8617776015835\"><span style=\"color: #ff0000;\"><strong>WhatsApp: +86 17776015835<\/strong><\/span><\/a><\/h3>","protected":false},"featured_media":4460,"comment_status":"open","ping_status":"closed","template":"","meta":{"_acf_changed":false,"_uag_custom_page_level_css":"","_lmt_disableupdate":"no","_lmt_disable":"","_monsterinsights_skip_tracking":false,"_monsterinsights_sitenote_active":false,"_monsterinsights_sitenote_note":"","_monsterinsights_sitenote_category":0,"site-sidebar-layout":"default","site-content-layout":"","ast-site-content-layout":"default","site-content-style":"default","site-sidebar-style":"default","ast-global-header-display":"","ast-banner-title-visibility":"","ast-main-header-display":"","ast-hfb-above-header-display":"","ast-hfb-below-header-display":"","ast-hfb-mobile-header-display":"","site-post-title":"","ast-breadcrumbs-content":"","ast-featured-img":"","footer-sml-layout":"","ast-disable-related-posts":"","theme-transparent-header-meta":"default","adv-header-id-meta":"","stick-header-meta":"","header-above-stick-meta":"","header-main-stick-meta":"","header-below-stick-meta":"","astra-migrate-meta-layouts":"set","ast-page-background-enabled":"default","ast-page-background-meta":{"desktop":{"background-color":"","background-image":"","background-repeat":"repeat","background-position":"center center","background-size":"auto","background-attachment":"scroll","background-type":"","background-media":"","overlay-type":"","overlay-color":"","overlay-opacity":"","overlay-gradient":""},"tablet":{"background-color":"","background-image":"","background-repeat":"repeat","background-position":"center center","background-size":"auto","background-attachment":"scroll","background-type":"","background-media":"","overlay-type":"","overlay-color":"","overlay-opacity":"","overlay-gradient":""},"mobile":{"background-color":"","background-image":"","background-repeat":"repeat","background-position":"center center","background-size":"auto","background-attachment":"scroll","background-type":"","background-media":"","overlay-type":"","overlay-color":"","overlay-opacity":"","overlay-gradient":""}},"ast-content-background-meta":{"desktop":{"background-color":"var(--ast-global-color-5)","background-image":"","background-repeat":"repeat","background-position":"center center","background-size":"auto","background-attachment":"scroll","background-type":"","background-media":"","overlay-type":"","overlay-color":"","overlay-opacity":"","overlay-gradient":""},"tablet":{"background-color":"var(--ast-global-color-5)","background-image":"","background-repeat":"repeat","background-position":"center center","background-size":"auto","background-attachment":"scroll","background-type":"","background-media":"","overlay-type":"","overlay-color":"","overlay-opacity":"","overlay-gradient":""},"mobile":{"background-color":"var(--ast-global-color-5)","background-image":"","background-repeat":"repeat","background-position":"center center","background-size":"auto","background-attachment":"scroll","background-type":"","background-media":"","overlay-type":"","overlay-color":"","overlay-opacity":"","overlay-gradient":""}},"_joinchat":[]},"product_brand":[],"product_cat":[343,152,156,158,143,357,146],"product_tag":[403,406,390,405,397,404],"class_list":{"0":"post-4462","1":"product","2":"type-product","3":"status-publish","4":"has-post-thumbnail","6":"product_cat-60000-puff","7":"product_cat-buy-disposable-vapes-in-cermany","8":"product_cat-buy-disposable-vapes-in-poland","9":"product_cat-buy-disposable-vapes-in-spain","10":"product_cat-dual-mesh-disposable-vapes","11":"product_cat-flavor-adjustable-vape","12":"product_cat-rechargeable-disposable-vapes","13":"product_tag-disposable-vape-box","14":"product_tag-disposable-vape-fast-shipping","15":"product_tag-online-vape-shop","16":"product_tag-stagbar-nexus-60k","17":"product_tag-vapor","18":"product_tag-wholesale-online-vape-store","19":"desktop-align-left","20":"tablet-align-left","21":"mobile-align-left","23":"first","24":"instock","25":"sale","26":"shipping-taxable","27":"purchasable","28":"product-type-simple"},"acf":[],"uagb_featured_image_src":{"full":["https:\/\/vapestornado.com\/wp-content\/uploads\/2025\/10\/Stagbar-Nexus-60000-60K-Puffs-Disposable-Vape-1.webp",800,800,false],"thumbnail":["https:\/\/vapestornado.com\/wp-content\/uploads\/2025\/10\/Stagbar-Nexus-60000-60K-Puffs-Disposable-Vape-1-150x150.webp",150,150,true],"medium":["https:\/\/vapestornado.com\/wp-content\/uploads\/2025\/10\/Stagbar-Nexus-60000-60K-Puffs-Disposable-Vape-1-300x300.webp",300,300,true],"medium_large":["https:\/\/vapestornado.com\/wp-content\/uploads\/2025\/10\/Stagbar-Nexus-60000-60K-Puffs-Disposable-Vape-1-768x768.webp",768,768,true],"large":["https:\/\/vapestornado.com\/wp-content\/uploads\/2025\/10\/Stagbar-Nexus-60000-60K-Puffs-Disposable-Vape-1.webp",800,800,false],"1536x1536":["https:\/\/vapestornado.com\/wp-content\/uploads\/2025\/10\/Stagbar-Nexus-60000-60K-Puffs-Disposable-Vape-1.webp",800,800,false],"2048x2048":["https:\/\/vapestornado.com\/wp-content\/uploads\/2025\/10\/Stagbar-Nexus-60000-60K-Puffs-Disposable-Vape-1.webp",800,800,false],"trp-custom-language-flag":["https:\/\/vapestornado.com\/wp-content\/uploads\/2025\/10\/Stagbar-Nexus-60000-60K-Puffs-Disposable-Vape-1-12x12.webp",12,12,true],"woocommerce_thumbnail":["https:\/\/vapestornado.com\/wp-content\/uploads\/2025\/10\/Stagbar-Nexus-60000-60K-Puffs-Disposable-Vape-1-300x300.webp",300,300,true],"woocommerce_single":["https:\/\/vapestornado.com\/wp-content\/uploads\/2025\/10\/Stagbar-Nexus-60000-60K-Puffs-Disposable-Vape-1-600x600.webp",600,600,true],"woocommerce_gallery_thumbnail":["https:\/\/vapestornado.com\/wp-content\/uploads\/2025\/10\/Stagbar-Nexus-60000-60K-Puffs-Disposable-Vape-1-100x100.webp",100,100,true]},"uagb_author_info":{"display_name":"ESAMY","author_link":"https:\/\/vapestornado.com\/lt\/author\/"},"uagb_comment_info":1,"uagb_excerpt":"STAGBAR NEXUS 60K Disposable Vape Wholesale \u2013 Buy Online with Fast EU Shipping STAGBAR NEXUS 60000 Puffs Vape \u2013 Rechargeable Disposable Vapor for Europe Buy STAGBAR NEXUS 60K Puffs Disposable Vape Online \u2013 Wholesale Price &amp; Fast Delivery Add Amy's whatsapp to get right reply and discount price! WhatsApp: +86 17776015835","_links":{"self":[{"href":"https:\/\/vapestornado.com\/lt\/wp-json\/wp\/v2\/product\/4462","targetHints":{"allow":["GET"]}}],"collection":[{"href":"https:\/\/vapestornado.com\/lt\/wp-json\/wp\/v2\/product"}],"about":[{"href":"https:\/\/vapestornado.com\/lt\/wp-json\/wp\/v2\/types\/product"}],"replies":[{"embeddable":true,"href":"https:\/\/vapestornado.com\/lt\/wp-json\/wp\/v2\/comments?post=4462"}],"wp:featuredmedia":[{"embeddable":true,"href":"https:\/\/vapestornado.com\/lt\/wp-json\/wp\/v2\/media\/4460"}],"wp:attachment":[{"href":"https:\/\/vapestornado.com\/lt\/wp-json\/wp\/v2\/media?parent=4462"}],"wp:term":[{"taxonomy":"product_brand","embeddable":true,"href":"https:\/\/vapestornado.com\/lt\/wp-json\/wp\/v2\/product_brand?post=4462"},{"taxonomy":"product_cat","embeddable":true,"href":"https:\/\/vapestornado.com\/lt\/wp-json\/wp\/v2\/product_cat?post=4462"},{"taxonomy":"product_tag","embeddable":true,"href":"https:\/\/vapestornado.com\/lt\/wp-json\/wp\/v2\/product_tag?post=4462"}],"curies":[{"name":"wp","href":"https:\/\/api.w.org\/{rel}","templated":true}]}}