{"id":4455,"date":"2025-10-23T09:32:05","date_gmt":"2025-10-23T09:32:05","guid":{"rendered":"https:\/\/vapestornado.com\/?post_type=product&#038;p=4455"},"modified":"2025-12-12T09:43:21","modified_gmt":"2025-12-12T09:43:21","slug":"vopk-btc-35000-puff-35k-disposable-vape-box-visible-oil-cup-wholesale","status":"publish","type":"product","link":"https:\/\/vapestornado.com\/lt\/product\/vopk-btc-35000-puff-35k-disposable-vape-box-visible-oil-cup-wholesale\/","title":{"rendered":"VOPK BTC 35000 P\u016bst 35K Vienkartinis Vape D\u0117\u017eut\u0117 Matomas Aliejaus Puodelis Didmenin\u0117"},"content":{"rendered":"<h2 data-pm-slice=\"1 1 []\">VOPK BTC 35000 Puff vienkartinis vape d\u0117klas \u2014 Dviguba vaping re\u017eimo Bitcoin 3D ekranas<\/h2>\n<p data-start=\"946\" data-end=\"1145\"><strong data-start=\"97\" data-end=\"120\">VOPK BTC 35000 Puff<\/strong> yra ilgaam\u017eis vienkartinis vape d\u0117klas, sukurtas vartotojams, kurie r\u016bpinasi dviem dalykais: nuosekliu i\u0161\u0117jimu ir ai\u0161kiu \u012frenginio b\u016bsenos rodymu. Jis suteikia <strong data-start=\"254\" data-end=\"289\">iki 35 000 \u012fkv\u0117pim\u0173 Norm re\u017eimu<\/strong> (arba <strong data-start=\"294\" data-end=\"325\">apie 25 000 Boost re\u017eimu<\/strong> stipresniam \u012fkv\u0117pimui), veikia su <strong data-start=\"357\" data-end=\"388\">20ml i\u0161 anksto u\u017epildytu matomu bakeliu<\/strong>, ir naudoja <strong data-start=\"399\" data-end=\"423\">0,9\u03a9 dvigubos tinklelio rit\u0117s<\/strong> skland\u017eiam garui ir ry\u0161kiam skoniui. The <strong data-start=\"464\" data-end=\"499\">Bitcoin stiliaus 3D i\u0161lenktas ekranas<\/strong> rodo e-liquido ir baterijos lyg\u012f, ir <strong data-start=\"543\" data-end=\"581\">850 mAh Type-C \u012fkraunama baterija<\/strong> leid\u017eia \u012frenginiui veikti tol, kol bakas pilnai i\u0161naudojamas.<\/p>\n<h3 data-start=\"871\" data-end=\"922\">Kod\u0117l rinktis VOPK BTC 35000 Puff savo kitam visos dienos vape?<\/h3>\n<ul data-start=\"924\" data-end=\"2546\">\n<li data-start=\"924\" data-end=\"1316\">\n<p data-start=\"926\" data-end=\"1316\"><strong data-start=\"926\" data-end=\"977\">Ilgaam\u017eis veikimas su ai\u0161kiu re\u017eimo pasirinkimu.<\/strong> \u0160is <strong data-start=\"982\" data-end=\"1005\">VOPK BTC 35000 Puff<\/strong> suteikia dvi skirtingas patirtis: <strong data-start=\"1038\" data-end=\"1071\">Norm re\u017eimas iki 35K \u012fkv\u0117pim\u0173<\/strong> kai norite nuoseklo visos dienos naudojimo, ir <strong data-start=\"1110\" data-end=\"1137\">Boost re\u017eimas (~25K \u012fkv\u0117pim\u0173)<\/strong> kai skonis ir galia svarbesni. Tai prakti\u0161ka sistema vyrams, kurie naudoja vien\u0105 \u012frengin\u012f tiek darbo dienomis, tiek vakare i\u0161vykose <strong data-start=\"1260\" data-end=\"1315\">Lietuvoje, Ispanijoje, Lenkijoje, Pranc\u016bzijoje ir Nyderlanduose<\/strong>.<\/p>\n<\/li>\n<li data-start=\"1318\" data-end=\"1658\">\n<p data-start=\"1320\" data-end=\"1658\"><strong data-start=\"1320\" data-end=\"1390\">Matomas aliejaus puodelis pa\u0161alina sp\u0117jimo reikalingum\u0105, kuris \u017eudo daugum\u0105 vienkartini\u0173 \u012frengini\u0173.<\/strong> Permatomas <strong data-start=\"1405\" data-end=\"1426\">20 ml matomas bakelis<\/strong> palengvina patikrinti, kiek liko, kas yra b\u016btent tai, ko \u017emon\u0117s nori lygindami <strong data-start=\"1512\" data-end=\"1543\">Pigus elektronini\u0173 cigare\u010di\u0173 pardavimas<\/strong> u\u017e <strong data-start=\"1549\" data-end=\"1563\">Vape parduotuv\u0117<\/strong>. J\u016bs i\u0161kart matote skys\u010dio lyg\u012f, o ne pasikliaujate vien<\/p>\n<\/li>\n<li data-start=\"1660\" data-end=\"1938\">\n<p data-start=\"1662\" data-end=\"1938\"><strong data-start=\"1662\" data-end=\"1718\">Dvigubi tinkleliai rit\u0117s i\u0161laiko skon\u012f stabil\u0173 intensyvaus naudojimo metu.<\/strong> \u0160is <strong data-start=\"1723\" data-end=\"1747\">0,9\u03a9 dvigubos tinklelio rit\u0117s<\/strong> lygiai paskirsto \u0161ilum\u0105, suteikia sklandesnius \u012fkv\u0117pimus ir l\u0117tesn\u012f skonio praradim\u0105. Tai svarbu, kai naudojate daug p\u016btim\u0173\u2014paprastos rit\u0117s gali prad\u0117ti jaustis \u0161iurk\u0161\u010diai gerokai anks\u010diau, nei bakelis i\u0161sikrauna.<\/p>\n<\/li>\n<li data-start=\"1940\" data-end=\"2219\">\n<p data-start=\"1942\" data-end=\"2219\"><strong data-start=\"1942\" data-end=\"1995\">Reguliuojamas oro srautas leid\u017eia pritaikyti \u012fkv\u0117pim\u0105 pagal savo stili\u0173.<\/strong> Sukietinkite j\u012f, kad gautum\u0117te grie\u017etesn\u012f \u012fkv\u0117pim\u0105, arba atverkite, kad gautum\u0117te didesnius debesis. \u0160i lankstumo galimyb\u0117 padeda vartotojams, kurie paprastai kei\u010diasi tarp <strong data-start=\"2124\" data-end=\"2144\">Cigare\u010di\u0173 prek\u0117s \u017eenkl\u0173<\/strong> ir vapingo rasti \u012fkv\u0117pim\u0105, kuris jaust\u0173si tinkamas, nereikalaujant sud\u0117ting\u0173 nustatym\u0173.<\/p>\n<\/li>\n<li data-start=\"2221\" data-end=\"2546\">\n<p data-start=\"2223\" data-end=\"2546\"><strong data-start=\"2223\" data-end=\"2269\">\u012ekraunama galia i\u0161laiko vert\u0119 s\u0105\u017eining\u0105.<\/strong> \u0160is <strong data-start=\"2274\" data-end=\"2299\">850mAh Type-C baterija<\/strong> skirta pakrauti pakartotinai, kad \u012frenginys nei\u0161sikraut\u0173 anksti. Tai yra pagrindinis skirtumas nuo pigi\u0173 vienkartini\u0173, ir prie\u017eastis, kod\u0117l kai kurie vartotojai pereina nuo<\/p>\n<\/li>\n<\/ul>\n<p><strong><span style=\"color: #ff0000;\">Prid\u0117kite Amy whatsapp, gaukite tiesiogin\u012f atsakym\u0105 ir kupon\u0105 veipui!<\/span><\/strong><\/p>\n<p><img fetchpriority=\"high\" decoding=\"async\" class=\"size-full wp-image-2932\" src=\"https:\/\/vapestornado.com\/wp-content\/uploads\/2024\/12\/Vape-Wholesale.jpg\" alt=\"Garintuvai Didmenin\u0117 prekyba\" width=\"229\" height=\"300\" \/><\/p>\n<h3><a href=\"https:\/\/wa.me\/8617776015835\" target=\"_blank\" rel=\"noopener\"><span style=\"color: #ff0000;\"><strong>WhatsApp: +86 17776015835<\/strong><\/span><\/a><\/h3>\n<p>&nbsp;<\/p>\n<h2><strong>VOPK BTC 35000 Puff produkto savyb\u0117s<\/strong><\/h2>\n<table>\n<thead>\n<tr>\n<th>Funkcija<\/th>\n<th>spec<\/th>\n<th>detal\u0117s<\/th>\n<\/tr>\n<\/thead>\n<tbody>\n<tr>\n<td>Produkto pavadinimas<\/td>\n<td>VOPK BTC 35000 Puff<\/td>\n<td>Vienkartin\u0117 vape d\u0117\u017eut\u0117 su matomu baku ir 3D ekranu<\/td>\n<\/tr>\n<tr>\n<td>\u012ep\u016btim\u0173 talpa<\/td>\n<td>Iki 35 000 (Norm) \/ ~25 000 (Boost)<\/td>\n<td>Norm prioritetas \u2013 ilgaam\u017ei\u0161kumas; Boost didina intensyvum\u0105<\/td>\n<\/tr>\n<tr>\n<td>E-liquido bakelis<\/td>\n<td>20 ml i\u0161 anksto u\u017epildytas matomas aliejaus puodelis<\/td>\n<td>Permatomas bakas leid\u017eia steb\u0117ti skyst\u012f tiesiogiai<\/td>\n<\/tr>\n<tr>\n<td>Rit\u0117s tipas<\/td>\n<td>0,9\u03a9 dvigubos tinklelio rit\u0117s<\/td>\n<td>Vienodas \u0161ilumos paskirstymas skland\u017eiam garui ir stipriam skoniui<\/td>\n<\/tr>\n<tr>\n<td>Baterija<\/td>\n<td>850mAh \u012fkraunamas<\/td>\n<td>\u012ekraunamas dizainas palaiko vis\u0105 \u012frenginio gyvavimo laik\u0105<\/td>\n<\/tr>\n<tr>\n<td>\u012ekrovimas<\/td>\n<td>C tipo<\/td>\n<td>Greitas, \u012fprastas kabelio standartas visoje Europoje<\/td>\n<\/tr>\n<tr>\n<td>Oras srautas<\/td>\n<td>Reguliuojamas oro srautas<\/td>\n<td>Reguliuokite \u012fkv\u0117pimo pasiprie\u0161inim\u0105 ir debes\u0173 kiek\u012f<\/td>\n<\/tr>\n<tr>\n<td>Ekranas<\/td>\n<td>Bitcoin stiliaus 3D i\u0161lenktas ekranas<\/td>\n<td>Ai\u0161kiai rodo baterijos ir e-liquido lygius<\/td>\n<\/tr>\n<tr>\n<td>Aktyvavimas<\/td>\n<td>\u012ejungiama \u012ftraukimu<\/td>\n<td>Be mygtuk\u0173 \u2013 \u012fkv\u0117pkite, nor\u0117dami \u012fkv\u0117pti gar\u0105<\/td>\n<\/tr>\n<tr>\n<td>Nikotin\u0173 lygis<\/td>\n<td>5%<\/td>\n<td>Stiprus nikotino pasirinkimas patyrusiems vartotojams<\/td>\n<\/tr>\n<\/tbody>\n<\/table>\n<h2 class=\"product-title\"><strong>VOPK BTC 35000 P\u016bstuv\u0117s Vape Skoni\u0173 S\u0105ra\u0161as<\/strong><\/h2>\n<ol data-start=\"1504\" data-end=\"1726\">\n<li data-start=\"1504\" data-end=\"1523\">\n<p data-start=\"1507\" data-end=\"1523\">Arb\u016bz\u0173 ledas<\/p>\n<\/li>\n<li data-start=\"1524\" data-end=\"1542\">\n<p data-start=\"1527\" data-end=\"1542\">M\u0117lyni\u0173 avie\u010di\u0173 ledas<\/p>\n<\/li>\n<li data-start=\"1543\" data-end=\"1564\">\n<p data-start=\"1546\" data-end=\"1564\">Bra\u0161ki\u0173 sprogimas<\/p>\n<\/li>\n<li data-start=\"1565\" data-end=\"1583\">\n<p data-start=\"1568\" data-end=\"1583\">D\u017eord\u017eijos persikas<\/p>\n<\/li>\n<li data-start=\"1584\" data-end=\"1601\">\n<p data-start=\"1587\" data-end=\"1601\">Aistra Kivi<\/p>\n<\/li>\n<li data-start=\"1602\" data-end=\"1632\">\n<p data-start=\"1605\" data-end=\"1632\">Oran\u017ein\u0117 spanguoli\u0173 laimo ledas<\/p>\n<\/li>\n<li data-start=\"1633\" data-end=\"1647\">\n<p data-start=\"1636\" data-end=\"1647\">V\u0117si m\u0117ta<\/p>\n<\/li>\n<li data-start=\"1648\" data-end=\"1673\">\n<p data-start=\"1651\" data-end=\"1673\">R\u016bg\u0161tus mangas ananasas<\/p>\n<\/li>\n<li data-start=\"1674\" data-end=\"1700\">\n<p data-start=\"1677\" data-end=\"1700\">Balta persiko aviet\u0117<\/p>\n<\/li>\n<li data-start=\"1701\" data-end=\"1726\">\n<p data-start=\"1705\" data-end=\"1726\">Banano Taffy u\u017e\u0161aldymas<\/p>\n<\/li>\n<\/ol>\n<figure id=\"attachment_4451\" aria-describedby=\"caption-attachment-4451\" style=\"width: 800px\" class=\"wp-caption alignnone\"><img decoding=\"async\" class=\"wp-image-4451 size-full\" src=\"https:\/\/vapestornado.com\/wp-content\/uploads\/2025\/10\/VOPK-BTC-35K-35000-Puff-Disposable-Vape-Popular-Flavor.webp\" alt=\"VOPK BTC 35K 35000 P\u016bstuv\u0117s Vienkartinis Vape Populiarus Skonis\" width=\"800\" height=\"748\" srcset=\"https:\/\/vapestornado.com\/wp-content\/uploads\/2025\/10\/VOPK-BTC-35K-35000-Puff-Disposable-Vape-Popular-Flavor.webp 800w, https:\/\/vapestornado.com\/wp-content\/uploads\/2025\/10\/VOPK-BTC-35K-35000-Puff-Disposable-Vape-Popular-Flavor-300x281.webp 300w, https:\/\/vapestornado.com\/wp-content\/uploads\/2025\/10\/VOPK-BTC-35K-35000-Puff-Disposable-Vape-Popular-Flavor-768x718.webp 768w, https:\/\/vapestornado.com\/wp-content\/uploads\/2025\/10\/VOPK-BTC-35K-35000-Puff-Disposable-Vape-Popular-Flavor-13x12.webp 13w, https:\/\/vapestornado.com\/wp-content\/uploads\/2025\/10\/VOPK-BTC-35K-35000-Puff-Disposable-Vape-Popular-Flavor-600x561.webp 600w\" sizes=\"(max-width: 800px) 100vw, 800px\" \/><figcaption id=\"caption-attachment-4451\" class=\"wp-caption-text\">VOPK BTC 35K 35000 P\u016bstuv\u0117s Vienkartinis Vape Populiarus Skonis<\/figcaption><\/figure>\n<div class=\"flex-shrink-0 flex flex-col relative items-end\">\n<div class=\"pt-0\">\n<div class=\"gizmo-bot-avatar flex h-8 w-8 items-center justify-center overflow-hidden rounded-full\">\n<div class=\"relative p-1 rounded-sm flex items-center justify-center bg-token-main-surface-primary text-token-text-primary h-8 w-8\">\n<h2 data-start=\"1200\" data-end=\"1487\">Vapes Tornado \u2013 J\u016bs\u0173 didmenin\u0117 internetin\u0117 vape parduotuv\u0117 su geriausiais vape preki\u0173 \u017eenklais<\/h2>\n<p data-start=\"1200\" data-end=\"1487\"><strong data-start=\"141\" data-end=\"177\">Vapes Tornado Internetin\u0117 R\u016bkymo Parduotuv\u0117<\/strong> yra j\u016bs\u0173 patikimas \u0161altinis <strong data-start=\"205\" data-end=\"270\">premium vienkartiniai vape ir didmenin\u0117s elektronin\u0117s cigaret\u0117s Europoje<\/strong>. Mes si\u016blome populiariausias prekes kaip <strong data-start=\"307\" data-end=\"362\"><a href=\"https:\/\/vapestornado.com\/lt\/product\/randm-12000-puffs-fumot-digital-disposable-vape-wholesale-price\/\">Fumot VAPE<\/a>, <a href=\"https:\/\/vapestornado.com\/lt\/product\/waspe-150k-150000-puff-6-in-1-disposable-vape-pen-cartridge-best-wholesale-price-in-poland\/\">WASPE VAPE<\/a>, <\/strong><strong data-start=\"307\" data-end=\"362\"><a href=\"https:\/\/vapestornado.com\/lt\/product\/vozol-gear-shisha-25k-25000-puffs-best-dtl-disposable-vape-hookah-cheap-price\/\">VOZOL BAR VAPE<\/a>, \u00a0 Bang Vape<\/strong>, ir daugiau, u\u017etikrinant kokyb\u0119 ir \u012fvairov\u0119 kiekvienam klientui. Nesvarbu, ar esate individualus vartotojas ar didmeninis pirk\u0117jas, mes pristatome <strong data-start=\"481\" data-end=\"550\">auk\u0161tos kokyb\u0117s \u012frenginius, stilingus dizainus ir konkurencingas kainas<\/strong> kad atitikt\u0173 j\u016bs\u0173 poreikius.<\/p>\n<h2 data-start=\"2064\" data-end=\"2115\">Da\u017eniausiai u\u017eduodami klausimai apie VOPK BTC 35000 P\u016bstuv\u0117s Vape<\/h2>\n<ol data-start=\"3516\" data-end=\"4878\">\n<li data-start=\"3516\" data-end=\"3792\">\n<p data-start=\"3519\" data-end=\"3792\"><strong data-start=\"3519\" data-end=\"3623\">Kaip Norm Mode ir Boost Mode kei\u010dia poj\u016bt\u012f VOPK BTC 35000 Puf 35K vienkartin\u0117je vape d\u0117\u017eut\u0117je?<\/strong><br data-start=\"3623\" data-end=\"3626\" \/>Norm re\u017eimas orientuotas \u012f ilgaam\u017ei\u0161kum\u0105 ir stabilesn\u012f \u012fkv\u0117pim\u0105 iki 35 t\u016bkst. p\u016btim\u0173, o Boost re\u017eimas didina intensyvum\u0105 stipresniam \u012fkv\u0117pimui ir turtingesniam skoniui su ma\u017eiau p\u016btim\u0173<\/p>\n<\/li>\n<li data-start=\"3794\" data-end=\"4067\">\n<p data-start=\"3797\" data-end=\"4067\"><strong data-start=\"3797\" data-end=\"3906\">Kod\u0117l matomas aliejaus puodelis VOPK BTC 35000 Puf svarbus lyginant su pigesn\u0117mis elektronin\u0117mis cigaret\u0117mis?<\/strong><br data-start=\"3906\" data-end=\"3909\" \/>Kadangi galite matyti, kiek liko skys\u010dio. Tai suma\u017eina sp\u0117jimo poreik\u012f ir padeda i\u0161vengti \u201estaiga i\u0161tu\u0161t\u0117jusio\u201c poj\u016b\u010dio, b\u016bdingo pigesniems u\u017edaroms \u012frenginiams<\/p>\n<\/li>\n<li data-start=\"4069\" data-end=\"4286\">\n<p data-start=\"4072\" data-end=\"4286\"><strong data-start=\"4072\" data-end=\"4162\">Ar 0,9\u03a9 dvigubi tinklelio rit\u0117s VOPK BTC 35K gerina skonio nuoseklum\u0105 laikui b\u0117gant?<\/strong><br data-start=\"4162\" data-end=\"4165\" \/>Taip. Dvigubos tinklelio rit\u0117s tolygiau paskirsto \u0161ilum\u0105, kas u\u017etikrina sklandesn\u012f garavim\u0105 ir stabil\u0173 skon\u012f giliau \u012f talpykl\u0105.<\/p>\n<\/li>\n<li data-start=\"4288\" data-end=\"4575\">\n<p data-start=\"4291\" data-end=\"4575\"><strong data-start=\"4291\" data-end=\"4387\">Ar reguliuojamas oro srautas yra naudingas vartotojams, pereinantiems nuo cigare\u010di\u0173 prek\u0117s \u017eenkl\u0173 prie vape d\u0117\u017eut\u0117s \u012frenginio?<\/strong><br data-start=\"4387\" data-end=\"4390\" \/>Tai labai padeda. Reguliuojamas oro srautas leid\u017eia susiaurinti \u012fkv\u0117pim\u0105, kad b\u016bt\u0173 labiau ribotas traukimas, arba atverti j\u012f didesniems debesims, tod\u0117l \u012frenginys gali prisitaikyti prie skirting\u0173 \u012fpro\u010di\u0173 be sud\u0117tingo nustatymo.<\/p>\n<\/li>\n<li data-start=\"4577\" data-end=\"4878\">\n<p data-start=\"4580\" data-end=\"4878\"><strong data-start=\"4580\" data-end=\"4681\">Kas daro VOPK BTC 35000 P\u016b\u010di\u0173 stipresniu pasirinkimu vape parduotuv\u0117ms nei paprastos vienkartin\u0117s juostos?<\/strong><br data-start=\"4681\" data-end=\"4684\" \/>Jis jungia ilg\u0105 p\u016btimo talp\u0105, \u012fkraunamum\u0105, matom\u0105 talpykl\u0105 ir realaus laiko ekrano informacij\u0105\u2014savybes, kurios suma\u017eina gr\u0105\u017einimus ir gerina vartotoj\u0173 pasitenkinim\u0105, palyginti su standartin\u0117mis ma\u017eos kainos vienkartin\u0117mis priemon\u0117mis.<\/p>\n<\/li>\n<\/ol>\n<\/div>\n<\/div>\n<\/div>\n<\/div>","protected":false},"excerpt":{"rendered":"<p data-start=\"3023\" data-end=\"3092\">VOPK BTC 35000 Puff vienkartinis vape d\u0117klas su matomu 20ml aliejaus puodeliu, Bitcoin 3D i\u0161lenktas ekranas, 0.9\u03a9 dvigubos tinklelio rit\u0117s, reguliuojamas oro srautas ir 850mAh Type-C \u012fkraunama baterija. Iki 35 000 \u012fkv\u0117pim\u0173 (Norm) arba ~25 000 (Boost) su 5% nikotinu\u2014skirtas vape parduotuvi\u0173 pardavimui ir ilgalaikiam, kontroliuojamam naudojimui.<\/p>\n<p><strong>Prid\u0117kite Amy's whatsapp, kad gautum\u0117te tinkam\u0105 atsakym\u0105 ir nuolaidos kain\u0105!<\/strong><\/p>\n<p><img fetchpriority=\"high\" decoding=\"async\" class=\"size-full wp-image-2932\" src=\"https:\/\/vapestornado.com\/wp-content\/uploads\/2024\/12\/Vape-Wholesale.jpg\" alt=\"Garintuvai Didmenin\u0117 prekyba\" width=\"229\" height=\"300\" \/><\/p>\n<h3><a href=\"https:\/\/wa.me\/8617776015835\"><span style=\"color: #ff0000;\"><strong>WhatsApp: +86 17776015835<\/strong><\/span><\/a><\/h3>","protected":false},"featured_media":4454,"comment_status":"open","ping_status":"closed","template":"","meta":{"_acf_changed":false,"_uag_custom_page_level_css":"","_lmt_disableupdate":"no","_lmt_disable":"","_monsterinsights_skip_tracking":false,"_monsterinsights_sitenote_active":false,"_monsterinsights_sitenote_note":"","_monsterinsights_sitenote_category":0,"site-sidebar-layout":"default","site-content-layout":"","ast-site-content-layout":"default","site-content-style":"default","site-sidebar-style":"default","ast-global-header-display":"","ast-banner-title-visibility":"","ast-main-header-display":"","ast-hfb-above-header-display":"","ast-hfb-below-header-display":"","ast-hfb-mobile-header-display":"","site-post-title":"","ast-breadcrumbs-content":"","ast-featured-img":"","footer-sml-layout":"","ast-disable-related-posts":"","theme-transparent-header-meta":"default","adv-header-id-meta":"","stick-header-meta":"","header-above-stick-meta":"","header-main-stick-meta":"","header-below-stick-meta":"","astra-migrate-meta-layouts":"set","ast-page-background-enabled":"default","ast-page-background-meta":{"desktop":{"background-color":"","background-image":"","background-repeat":"repeat","background-position":"center center","background-size":"auto","background-attachment":"scroll","background-type":"","background-media":"","overlay-type":"","overlay-color":"","overlay-opacity":"","overlay-gradient":""},"tablet":{"background-color":"","background-image":"","background-repeat":"repeat","background-position":"center center","background-size":"auto","background-attachment":"scroll","background-type":"","background-media":"","overlay-type":"","overlay-color":"","overlay-opacity":"","overlay-gradient":""},"mobile":{"background-color":"","background-image":"","background-repeat":"repeat","background-position":"center center","background-size":"auto","background-attachment":"scroll","background-type":"","background-media":"","overlay-type":"","overlay-color":"","overlay-opacity":"","overlay-gradient":""}},"ast-content-background-meta":{"desktop":{"background-color":"var(--ast-global-color-5)","background-image":"","background-repeat":"repeat","background-position":"center center","background-size":"auto","background-attachment":"scroll","background-type":"","background-media":"","overlay-type":"","overlay-color":"","overlay-opacity":"","overlay-gradient":""},"tablet":{"background-color":"var(--ast-global-color-5)","background-image":"","background-repeat":"repeat","background-position":"center center","background-size":"auto","background-attachment":"scroll","background-type":"","background-media":"","overlay-type":"","overlay-color":"","overlay-opacity":"","overlay-gradient":""},"mobile":{"background-color":"var(--ast-global-color-5)","background-image":"","background-repeat":"repeat","background-position":"center center","background-size":"auto","background-attachment":"scroll","background-type":"","background-media":"","overlay-type":"","overlay-color":"","overlay-opacity":"","overlay-gradient":""}},"_joinchat":[]},"product_brand":[],"product_cat":[175,152,156,142,357,146,290],"product_tag":[403,390,397,402,404],"class_list":{"0":"post-4455","1":"product","2":"type-product","3":"status-publish","4":"has-post-thumbnail","6":"product_cat-35000-puff","7":"product_cat-buy-disposable-vapes-in-cermany","8":"product_cat-buy-disposable-vapes-in-poland","9":"product_cat-digital-box-disposable-vapes","10":"product_cat-flavor-adjustable-vape","11":"product_cat-rechargeable-disposable-vapes","12":"product_cat-vopk-vape","13":"product_tag-disposable-vape-box","14":"product_tag-online-vape-shop","15":"product_tag-vapor","16":"product_tag-vopk-btc-35000","17":"product_tag-wholesale-online-vape-store","18":"desktop-align-left","19":"tablet-align-left","20":"mobile-align-left","22":"first","23":"instock","24":"sale","25":"shipping-taxable","26":"purchasable","27":"product-type-simple"},"acf":[],"uagb_featured_image_src":{"full":["https:\/\/vapestornado.com\/wp-content\/uploads\/2025\/10\/VOPK-BTC-35K-35000-Puff-Disposable-Vape.webp",800,800,false],"thumbnail":["https:\/\/vapestornado.com\/wp-content\/uploads\/2025\/10\/VOPK-BTC-35K-35000-Puff-Disposable-Vape-150x150.webp",150,150,true],"medium":["https:\/\/vapestornado.com\/wp-content\/uploads\/2025\/10\/VOPK-BTC-35K-35000-Puff-Disposable-Vape-300x300.webp",300,300,true],"medium_large":["https:\/\/vapestornado.com\/wp-content\/uploads\/2025\/10\/VOPK-BTC-35K-35000-Puff-Disposable-Vape-768x768.webp",768,768,true],"large":["https:\/\/vapestornado.com\/wp-content\/uploads\/2025\/10\/VOPK-BTC-35K-35000-Puff-Disposable-Vape.webp",800,800,false],"1536x1536":["https:\/\/vapestornado.com\/wp-content\/uploads\/2025\/10\/VOPK-BTC-35K-35000-Puff-Disposable-Vape.webp",800,800,false],"2048x2048":["https:\/\/vapestornado.com\/wp-content\/uploads\/2025\/10\/VOPK-BTC-35K-35000-Puff-Disposable-Vape.webp",800,800,false],"trp-custom-language-flag":["https:\/\/vapestornado.com\/wp-content\/uploads\/2025\/10\/VOPK-BTC-35K-35000-Puff-Disposable-Vape-12x12.webp",12,12,true],"woocommerce_thumbnail":["https:\/\/vapestornado.com\/wp-content\/uploads\/2025\/10\/VOPK-BTC-35K-35000-Puff-Disposable-Vape-300x300.webp",300,300,true],"woocommerce_single":["https:\/\/vapestornado.com\/wp-content\/uploads\/2025\/10\/VOPK-BTC-35K-35000-Puff-Disposable-Vape-600x600.webp",600,600,true],"woocommerce_gallery_thumbnail":["https:\/\/vapestornado.com\/wp-content\/uploads\/2025\/10\/VOPK-BTC-35K-35000-Puff-Disposable-Vape-100x100.webp",100,100,true]},"uagb_author_info":{"display_name":"ESAMY","author_link":"https:\/\/vapestornado.com\/lt\/author\/"},"uagb_comment_info":0,"uagb_excerpt":"VOPK BTC 35000 Puff disposable vape box with visible 20ml oil cup, Bitcoin 3D curved display, 0.9\u03a9 dual mesh coils, adjustable airflow and 850mAh Type-C rechargeable battery. Up to 35K puffs (Norm) or ~25K (Boost) with 5% nicotine\u2014built for vape store sales and long, controlled use. Add Amy's whatsapp to get right reply and discount&hellip;","_links":{"self":[{"href":"https:\/\/vapestornado.com\/lt\/wp-json\/wp\/v2\/product\/4455","targetHints":{"allow":["GET"]}}],"collection":[{"href":"https:\/\/vapestornado.com\/lt\/wp-json\/wp\/v2\/product"}],"about":[{"href":"https:\/\/vapestornado.com\/lt\/wp-json\/wp\/v2\/types\/product"}],"replies":[{"embeddable":true,"href":"https:\/\/vapestornado.com\/lt\/wp-json\/wp\/v2\/comments?post=4455"}],"wp:featuredmedia":[{"embeddable":true,"href":"https:\/\/vapestornado.com\/lt\/wp-json\/wp\/v2\/media\/4454"}],"wp:attachment":[{"href":"https:\/\/vapestornado.com\/lt\/wp-json\/wp\/v2\/media?parent=4455"}],"wp:term":[{"taxonomy":"product_brand","embeddable":true,"href":"https:\/\/vapestornado.com\/lt\/wp-json\/wp\/v2\/product_brand?post=4455"},{"taxonomy":"product_cat","embeddable":true,"href":"https:\/\/vapestornado.com\/lt\/wp-json\/wp\/v2\/product_cat?post=4455"},{"taxonomy":"product_tag","embeddable":true,"href":"https:\/\/vapestornado.com\/lt\/wp-json\/wp\/v2\/product_tag?post=4455"}],"curies":[{"name":"wp","href":"https:\/\/api.w.org\/{rel}","templated":true}]}}