{"id":4446,"date":"2025-10-22T08:01:53","date_gmt":"2025-10-22T08:01:53","guid":{"rendered":"https:\/\/vapestornado.com\/?post_type=product&#038;p=4446"},"modified":"2025-12-12T09:47:39","modified_gmt":"2025-12-12T09:47:39","slug":"stagbar-king-40000-40k-puff-rechargeable-disposable-vape-shop-online","status":"publish","type":"product","link":"https:\/\/vapestornado.com\/lt\/product\/stagbar-king-40000-40k-puff-rechargeable-disposable-vape-shop-online\/","title":{"rendered":"Stagbar King 40000 40K P\u016bsl\u0117s \u012ekraunamas Vienkartinis Vape Parduotuv\u0117 Internete"},"content":{"rendered":"<h2 data-pm-slice=\"1 1 []\">Stagbar King 40000 P\u016bst\u0173 \u012ekraunamas Vienkartinis Vape \u2013 Sukurtas ilgaam\u017ei\u0161kumui ir greitas pristatymas i\u0161 sand\u0117lio Lietuvoje<\/h2>\n<p data-start=\"1208\" data-end=\"1450\"><strong data-start=\"119\" data-end=\"141\">Stagbar King 40000<\/strong> sukurtas ilgalaikiam kasdieniam naudojimui su traukimu, kur\u012f galima i\u0161 tikr\u0173j\u0173 sureguliuoti. Jis pristato <strong data-start=\"217\" data-end=\"239\">iki 40 000 \u012fkv\u0117pim\u0173<\/strong>, veikia kaip <strong data-start=\"248\" data-end=\"266\">1.0\u03a9 tinklelio rit\u0117<\/strong> skland\u017eiam skoniui ir stabiliai garai, ir prideda <strong data-start=\"314\" data-end=\"336\">reguliuojamas oro srautas<\/strong> taip pat tas pats \u012frenginys gali jaustis kaip grie\u017etas MTL arba atviras ir erdvus didesniems debesims. <strong data-start=\"416\" data-end=\"435\">Type-C \u012fkrovimu<\/strong> laiko prastovos trumpas, kas yra skirtumas tarp \u012frenginio pabaigos ir ankstyvo i\u0161metimo. Pirk\u0117jams, kurie lygina <strong data-start=\"560\" data-end=\"586\">vaper recargable kaina<\/strong> per Europ\u0105, Stagbar King 40K patenka \u012f vert\u0117s zon\u0105, nesijau\u010dia pigiai rankoje.<\/p>\n<h3 data-start=\"905\" data-end=\"956\">Kod\u0117l Stagbar King 40k vienkartinis yra protingesnis ilgalaikio naudojimo pasirinkimas?<\/h3>\n<ul data-start=\"958\" data-end=\"2345\">\n<li data-start=\"958\" data-end=\"1255\">\n<p data-start=\"960\" data-end=\"1255\"><strong data-start=\"960\" data-end=\"1010\">40K tarnavimo laikas, kuris yra prasmingas reguliariam naudojimui.<\/strong> \u0160is <strong data-start=\"1015\" data-end=\"1037\">Stagbar King 40000<\/strong> sukurtas sunkioms rutinoms ir ilgoms savait\u0117ms. Rinkose kaip <strong data-start=\"1101\" data-end=\"1156\">Lietuvoje, Ispanijoje, Lenkijoje, Pranc\u016bzijoje ir Nyderlanduose<\/strong>, tokio tipo didel\u0117s talpos vienetas suma\u017eina pakartotin\u012f pirkim\u0105 ir suma\u017eina problem\u0105 \u201evisada tr\u016bksta vape\u201c.<\/p>\n<\/li>\n<li data-start=\"1257\" data-end=\"1554\">\n<p data-start=\"1259\" data-end=\"1554\"><strong data-start=\"1259\" data-end=\"1316\">Reguliuojamas oro srautas, kei\u010diasi, kaip jau\u010diasi \u012frenginys.<\/strong> \u0160is <strong data-start=\"1321\" data-end=\"1371\">Stagbar King 40K reguliuojamas oro srauto vienkartinis<\/strong> gali b\u016bti grie\u017etas kaip cigaret\u0117s traukimas arba atviras ir laisvesnis, didesniems debesims. Tai prakti\u0161ka savyb\u0117, o ne triukas\u2014vienas \u012frenginys tinka skirtingoms situacijoms dienos metu.<\/p>\n<\/li>\n<li data-start=\"1556\" data-end=\"1776\">\n<p data-start=\"1558\" data-end=\"1776\"><strong data-start=\"1558\" data-end=\"1597\">Tinklelio rit\u0117s veikimas i\u0161lieka sklandus.<\/strong> \u0160is <strong data-start=\"1602\" data-end=\"1620\">1.0\u03a9 tinklelio rit\u0117<\/strong> sukurtas tolygiam \u0161ildymui, kas padeda i\u0161laikyti skon\u012f nuosekl\u0173 ilg\u0105 naudojim\u0105 ir i\u0161vengti a\u0161traus, sauso galutinio skonio, kur\u012f da\u017enai i\u0161vysto daug puf\u0173 turintys \u012frenginiai.<\/p>\n<\/li>\n<li data-start=\"1778\" data-end=\"2075\">\n<p data-start=\"1780\" data-end=\"2075\"><strong data-start=\"1780\" data-end=\"1829\">\u012ekraunama patogumas, saugantis vert\u0119.<\/strong> Su <strong data-start=\"1835\" data-end=\"1854\">Type-C \u012fkrovimu<\/strong>, <strong data-start=\"1860\" data-end=\"1906\">Stagbar King 40000 \u012fkraunamas vienkartinis<\/strong> gali b\u016bti greitai papildomas. Tai svarbu, kai atkreipi d\u0117mes\u012f \u012f <strong data-start=\"1978\" data-end=\"2004\">vaper recargable kaina<\/strong>\u2014 \u012frenginys tur\u0117t\u0173 tarnauti tol, kol jis bus baigtas, o ne kol i\u0161sikraus baterija.<\/p>\n<\/li>\n<li data-start=\"2077\" data-end=\"2345\">\n<p data-start=\"2079\" data-end=\"2345\"><strong data-start=\"2079\" data-end=\"2126\">\u0160varus alternatyvus sprendimas nuolatini\u0173 pod sistem\u0173 vietoje.<\/strong> Kai kurie naudotojai pageidauja <strong data-start=\"2145\" data-end=\"2161\">stagbar pod\u0173<\/strong> ar kit\u0173 pod platform\u0173 \u012fkrovimo patogumui, bet nenori valdyti papildym\u0173 ir dali\u0173. Stagbar King 40K i\u0161laiko paprast\u0105 \u201eatidaryk ir \u012fkv\u0117pk\u201c darbo eig\u0105, tuo pa\u010diu b\u016bdamas \u012fkraunamas.<\/p>\n<\/li>\n<\/ul>\n<p><strong><span style=\"color: #ff0000;\">Prid\u0117kite Amy whatsapp, gaukite tiesiogin\u012f atsakym\u0105 ir kupon\u0105 veipui!<\/span><\/strong><\/p>\n<p><img fetchpriority=\"high\" decoding=\"async\" class=\"size-full wp-image-2932\" src=\"https:\/\/vapestornado.com\/wp-content\/uploads\/2024\/12\/Vape-Wholesale.jpg\" alt=\"Garintuvai Didmenin\u0117 prekyba\" width=\"229\" height=\"300\" \/><\/p>\n<h3><a href=\"https:\/\/wa.me\/8617776015835\" target=\"_blank\" rel=\"noopener\"><span style=\"color: #ff0000;\"><strong>WhatsApp: +86 17776015835<\/strong><\/span><\/a><\/h3>\n<p>&nbsp;<\/p>\n<h2><strong>Stagbar King 40000 P\u016bsl\u0117s Produkto Savyb\u0117s<\/strong><\/h2>\n<table>\n<thead>\n<tr>\n<th>Funkcija<\/th>\n<th>spec<\/th>\n<th>detal\u0117s<\/th>\n<\/tr>\n<\/thead>\n<tbody>\n<tr>\n<td>Produkto pavadinimas<\/td>\n<td>Stagbar King 40000 \/ Stagbar King 40K<\/td>\n<td>Didel\u0117s talpos \u012fkraunamas vienkartinis vape<\/td>\n<\/tr>\n<tr>\n<td>\u012ep\u016btim\u0173 talpa<\/td>\n<td>Iki 40 000 p\u016btim\u0173<\/td>\n<td>Sukurtas ilgam kasdieniam naudojimui ir reikalaujantis ma\u017eiau pakeitim\u0173<\/td>\n<\/tr>\n<tr>\n<td>Rit\u0117s tipas<\/td>\n<td>1.0\u03a9 tinklelio rit\u0117<\/td>\n<td>Vienodas \u0161ilumos paskirstymas skland\u017eiam garui ir stabiliai skoniui<\/td>\n<\/tr>\n<tr>\n<td>Oras srautas<\/td>\n<td>Reguliuojama oro srauto sistema<\/td>\n<td>Perjunkite tarp tikslesnio MTL ir erdvesnio DTL \u012fkv\u0117pimo<\/td>\n<\/tr>\n<tr>\n<td>\u012ekrovimas<\/td>\n<td>Type-C \u012fkraunamas<\/td>\n<td>Greitas vir\u0161utinio \u012fkrovimo \u012fkrovimas, siekiant suma\u017einti prastov\u0105<\/td>\n<\/tr>\n<tr>\n<td>Skoni\u0173 \u012fvairov\u0117<\/td>\n<td>Daugiau nei 10 skoni\u0173<\/td>\n<td>\u012etraukti profiliai kaip Red Bull, Mi\u0161rios uogos, Seksas papl\u016bdimyje, M\u0117lyn\u0117s su aviet\u0117mis<\/td>\n<\/tr>\n<tr>\n<td>Pozicionavimas<\/td>\n<td>Ma\u017emenin\u0117 + didmenin\u0117 prekyba<\/td>\n<td>Tinkamas elektronini\u0173 cigare\u010di\u0173 parduotuvei ir didmeniniams u\u017esakymams internetu<\/td>\n<\/tr>\n<tr>\n<td>Naudotojo profilis<\/td>\n<td>Suaugusieji naudotojai<\/td>\n<td>Sukurtas suaugusiems vaperiams, kurie nori ilgaam\u017ei\u0161kumo ir kontrol\u0117s<\/td>\n<\/tr>\n<\/tbody>\n<\/table>\n<h2 class=\"product-title\"><strong>Stagbar King 40000 P\u016bsl\u0117s Vape Skoni\u0173 S\u0105ra\u0161as<\/strong><\/h2>\n<p>1. Coco loco<br \/>\n2. Seksas papl\u016bdimyje<br \/>\n3. Citrina Lime<br \/>\n4. Red Bull<br \/>\n5. Arb\u016bz\u0173 ledas<br \/>\n6. Mi\u0161rios uogos<br \/>\n7.Bra\u0161k\u0117 Kiviai<br \/>\n8. Banana Ice<br \/>\n9.M\u0117lyni\u0173 ir avie\u010di\u0173<br \/>\n10. Bra\u0161ki\u0173 vynuog\u0117<\/p>\n<p>&nbsp;<\/p>\n<figure id=\"attachment_4442\" aria-describedby=\"caption-attachment-4442\" style=\"width: 300px\" class=\"wp-caption alignnone\"><img decoding=\"async\" class=\"size-medium wp-image-4442\" src=\"https:\/\/vapestornado.com\/wp-content\/uploads\/2025\/10\/Stagbar-King-40000-40K-Puff-Disposable-E-Vape-300x300.webp\" alt=\"Stagbar King 40000 40K P\u016bsl\u0117s Vienkartinis Elektroninis Vape\" width=\"300\" height=\"300\" srcset=\"https:\/\/vapestornado.com\/wp-content\/uploads\/2025\/10\/Stagbar-King-40000-40K-Puff-Disposable-E-Vape-300x300.webp 300w, https:\/\/vapestornado.com\/wp-content\/uploads\/2025\/10\/Stagbar-King-40000-40K-Puff-Disposable-E-Vape-150x150.webp 150w, https:\/\/vapestornado.com\/wp-content\/uploads\/2025\/10\/Stagbar-King-40000-40K-Puff-Disposable-E-Vape-768x768.webp 768w, https:\/\/vapestornado.com\/wp-content\/uploads\/2025\/10\/Stagbar-King-40000-40K-Puff-Disposable-E-Vape-12x12.webp 12w, https:\/\/vapestornado.com\/wp-content\/uploads\/2025\/10\/Stagbar-King-40000-40K-Puff-Disposable-E-Vape-600x600.webp 600w, https:\/\/vapestornado.com\/wp-content\/uploads\/2025\/10\/Stagbar-King-40000-40K-Puff-Disposable-E-Vape-100x100.webp 100w, https:\/\/vapestornado.com\/wp-content\/uploads\/2025\/10\/Stagbar-King-40000-40K-Puff-Disposable-E-Vape.webp 800w\" sizes=\"(max-width: 300px) 100vw, 300px\" \/><figcaption id=\"caption-attachment-4442\" class=\"wp-caption-text\">Stagbar King 40000 40K P\u016bsl\u0117s Vienkartinis Elektroninis Vape<\/figcaption><\/figure>\n<figure id=\"attachment_4441\" aria-describedby=\"caption-attachment-4441\" style=\"width: 300px\" class=\"wp-caption alignnone\"><img decoding=\"async\" class=\"size-medium wp-image-4441\" src=\"https:\/\/vapestornado.com\/wp-content\/uploads\/2025\/10\/Stagbar-King-40K-Puff-Disposable-Vape-Bulk-Buy-300x300.webp\" alt=\"Stagbar King 40K P\u016bsl\u0117s Vienkartinis Vape Didmenin\u0117 Pirkimas\" width=\"300\" height=\"300\" srcset=\"https:\/\/vapestornado.com\/wp-content\/uploads\/2025\/10\/Stagbar-King-40K-Puff-Disposable-Vape-Bulk-Buy-300x300.webp 300w, https:\/\/vapestornado.com\/wp-content\/uploads\/2025\/10\/Stagbar-King-40K-Puff-Disposable-Vape-Bulk-Buy-150x150.webp 150w, https:\/\/vapestornado.com\/wp-content\/uploads\/2025\/10\/Stagbar-King-40K-Puff-Disposable-Vape-Bulk-Buy-768x768.webp 768w, https:\/\/vapestornado.com\/wp-content\/uploads\/2025\/10\/Stagbar-King-40K-Puff-Disposable-Vape-Bulk-Buy-12x12.webp 12w, https:\/\/vapestornado.com\/wp-content\/uploads\/2025\/10\/Stagbar-King-40K-Puff-Disposable-Vape-Bulk-Buy-600x600.webp 600w, https:\/\/vapestornado.com\/wp-content\/uploads\/2025\/10\/Stagbar-King-40K-Puff-Disposable-Vape-Bulk-Buy-100x100.webp 100w, https:\/\/vapestornado.com\/wp-content\/uploads\/2025\/10\/Stagbar-King-40K-Puff-Disposable-Vape-Bulk-Buy.webp 800w\" sizes=\"(max-width: 300px) 100vw, 300px\" \/><figcaption id=\"caption-attachment-4441\" class=\"wp-caption-text\">Stagbar King 40K P\u016bsl\u0117s Vienkartinis Vape Didmenin\u0117 Pirkimas<\/figcaption><\/figure>\n<div class=\"flex-shrink-0 flex flex-col relative items-end\">\n<div class=\"pt-0\">\n<div class=\"gizmo-bot-avatar flex h-8 w-8 items-center justify-center overflow-hidden rounded-full\">\n<div class=\"relative p-1 rounded-sm flex items-center justify-center bg-token-main-surface-primary text-token-text-primary h-8 w-8\">\n<h2 data-start=\"1200\" data-end=\"1487\">Vapes Tornado \u2013 J\u016bs\u0173 didmenin\u0117 internetin\u0117 vape parduotuv\u0117 su geriausiais vape preki\u0173 \u017eenklais<\/h2>\n<p data-start=\"1200\" data-end=\"1487\"><strong data-start=\"141\" data-end=\"177\">Vapes Tornado Internetin\u0117 R\u016bkymo Parduotuv\u0117<\/strong> yra j\u016bs\u0173 patikimas \u0161altinis <strong data-start=\"205\" data-end=\"270\">premium vienkartiniai vape ir didmenin\u0117s elektronin\u0117s cigaret\u0117s Europoje<\/strong>. Mes si\u016blome populiariausias prekes kaip <strong data-start=\"307\" data-end=\"362\"><a href=\"https:\/\/vapestornado.com\/lt\/product\/randm-12000-puffs-fumot-digital-disposable-vape-wholesale-price\/\">Fumot VAPE<\/a>, <a href=\"https:\/\/vapestornado.com\/lt\/product\/waspe-150k-150000-puff-6-in-1-disposable-vape-pen-cartridge-best-wholesale-price-in-poland\/\">WASPE VAPE<\/a>, <\/strong><strong data-start=\"307\" data-end=\"362\"><a href=\"https:\/\/vapestornado.com\/lt\/product\/vozol-gear-shisha-25k-25000-puffs-best-dtl-disposable-vape-hookah-cheap-price\/\">VOZOL BAR VAPE<\/a>, \u00a0 Bang Vape<\/strong>, ir daugiau, u\u017etikrinant kokyb\u0119 ir \u012fvairov\u0119 kiekvienam klientui. Nesvarbu, ar esate individualus vartotojas ar didmeninis pirk\u0117jas, mes pristatome <strong data-start=\"481\" data-end=\"550\">auk\u0161tos kokyb\u0117s \u012frenginius, stilingus dizainus ir konkurencingas kainas<\/strong> kad atitikt\u0173 j\u016bs\u0173 poreikius.<\/p>\n<h2 data-start=\"2064\" data-end=\"2115\">Da\u017eniausiai u\u017eduodami klausimai apie Stagbar King 40k P\u016bsl\u0117s Orkait\u0117s Reguliuojam\u0105 Vape<\/h2>\n<ol data-start=\"3233\" data-end=\"4438\">\n<li data-start=\"3233\" data-end=\"3479\">\n<p data-start=\"3236\" data-end=\"3479\"><strong data-start=\"3236\" data-end=\"3335\">Kaip veikia Stagbar King 40000 40K p\u016btimo \u012fkraunamas vienkartinis vape intensyviems kasdieniams naudotojams?<\/strong><br data-start=\"3335\" data-end=\"3338\" \/>Jo didelis p\u016btimo talpa skirtas ilgiems naudojimo seansams, o Type-C \u012fkrovimas u\u017etikrina jo naudojamum\u0105 viso \u012frenginio gyvavimo laikotarpiu, o ne ankstyvam pabaigimui.<\/p>\n<\/li>\n<li data-start=\"3481\" data-end=\"3705\">\n<p data-start=\"3484\" data-end=\"3705\"><strong data-start=\"3484\" data-end=\"3573\">Kok\u012f skirtum\u0105 daro reguliuojamas oro srautas Stagbar King 40K vienkartiniame vape?<\/strong><br data-start=\"3573\" data-end=\"3576\" \/>Jis leid\u017eia suspausti \u012fkv\u0117pim\u0105 MTL stiliaus traukoms arba atidaryti j\u012f didesniems debesims DTL, priklausomai nuo momento.<\/p>\n<\/li>\n<li data-start=\"3707\" data-end=\"3924\">\n<p data-start=\"3710\" data-end=\"3924\"><strong data-start=\"3710\" data-end=\"3793\">Ar 1.0\u03a9 tinklelio rit\u0117 Stagbar King 40000 padeda skon\u012f i\u0161laikyti nuosekl\u0173?<\/strong><br data-start=\"3793\" data-end=\"3796\" \/>Taip. Tinklelio rit\u0117s \u0161yla tolygiau nei paprastos vielos rit\u0117s, pad\u0117damos garui b\u016bti \u0161velnesniam ir skoniui i\u0161likti stabilesniam ilgiau naudojant.<\/p>\n<\/li>\n<li data-start=\"3926\" data-end=\"4147\">\n<p data-start=\"3929\" data-end=\"4147\"><strong data-start=\"3929\" data-end=\"4008\">Kaip Stagbar King 40000 palyginti su stagbar kapsul\u0117mis kasdieniam patogumui?<\/strong><br data-start=\"4008\" data-end=\"4011\" \/>Stagbar King 40000 i\u0161laiko patogum\u0105, kur\u012f m\u0117gsta \u017emon\u0117s <strong data-start=\"4067\" data-end=\"4083\">stagbar pod\u0173<\/strong>\u2014\u012fkrovimo galimyb\u0117\u2014 be kapsuli\u0173, u\u017epild\u0173 ar papildom\u0173 dali\u0173 valdymo.<\/p>\n<\/li>\n<li data-start=\"4149\" data-end=\"4438\">\n<p data-start=\"4152\" data-end=\"4438\"><strong data-start=\"4152\" data-end=\"4267\">Ar Stagbar King 40000 yra protingas pasirinkimas elektronini\u0173 cigare\u010di\u0173 parduotuvei, orientuotai \u012f vaperi\u0173 \u012fkrovimo kain\u0105?<\/strong><br data-start=\"4267\" data-end=\"4270\" \/>Taip. Jis si\u016blo didel\u012f p\u016btimo skai\u010di\u0173, oro srauto valdym\u0105, tinklelio rit\u0117s veikim\u0105 ir Type-C \u012fkrovim\u0105\u2014 savybes, kurios palaiko vert\u0117s orientuotus pirk\u0117jus, nesikreipiant \u012f triukus.<\/p>\n<\/li>\n<\/ol>\n<\/div>\n<\/div>\n<\/div>\n<\/div>","protected":false},"excerpt":{"rendered":"<div class=\"flex flex-col text-sm @w-xl\/main:pt-header-height pb-25\">\n<article class=\"text-token-text-primary w-full focus:outline-none [--shadow-height:45px] has-data-writing-block:pointer-events-none has-data-writing-block:-mt-(--shadow-height) has-data-writing-block:pt-(--shadow-height) [&amp;:has([data-writing-block])&gt;*]:pointer-events-auto scroll-mt-[calc(var(--header-height)+min(200px,max(70px,20svh)))]\" dir=\"auto\" tabindex=\"-1\" data-turn-id=\"a4553bcb-7aea-49d6-9fac-81ba76f7aa52\" data-testid=\"conversation-turn-52\" data-scroll-anchor=\"true\" data-turn=\"assistant\">\n<div class=\"text-base my-auto mx-auto pb-10 [--thread-content-margin:--spacing(4)] @w-sm\/main:[--thread-content-margin:--spacing(6)] @w-lg\/main:[--thread-content-margin:--spacing(16)] px-(--thread-content-margin)\">\n<div class=\"[--thread-content-max-width:40rem] @w-lg\/main:[--thread-content-max-width:48rem] mx-auto max-w-(--thread-content-max-width) flex-1 group\/turn-messages focus-visible:outline-hidden relative flex w-full min-w-0 flex-col agent-turn\" tabindex=\"-1\">\n<div class=\"flex max-w-full flex-col grow\">\n<div class=\"min-h-8 text-message relative flex w-full flex-col items-end gap-2 text-start break-words whitespace-normal [.text-message+&amp;]:mt-1\" dir=\"auto\" data-message-author-role=\"assistant\" data-message-id=\"337d04d0-1322-4696-922d-486732393dc5\" data-message-model-slug=\"gpt-5-2-thinking\">\n<div class=\"flex w-full flex-col gap-1 empty:hidden first:pt-[1px]\">\n<div class=\"markdown prose dark:prose-invert w-full break-words light markdown-new-styling\">\n<p data-start=\"4468\" data-end=\"4743\" data-is-last-node=\"\" data-is-only-node=\"\">Stagbar King 40000 (Stagbar King 40K) rechargeable disposable vape with 40,000 puffs, 1.0\u03a9 mesh coil, adjustable airflow and Type-C charging. Strong flavour consistency, big cloud control, and competitive vaper recargable price for electronic cigarette shop and online sales.<\/p>\n<\/div>\n<\/div>\n<\/div>\n<\/div>\n<div class=\"z-0 flex min-h-[46px] justify-start\"><\/div>\n<\/div>\n<\/div>\n<\/article>\n<\/div>\n<p><strong>Prid\u0117kite Amy's whatsapp, kad gautum\u0117te tinkam\u0105 atsakym\u0105 ir nuolaidos kain\u0105!<\/strong><\/p>\n<p><img fetchpriority=\"high\" decoding=\"async\" class=\"size-full wp-image-2932\" src=\"https:\/\/vapestornado.com\/wp-content\/uploads\/2024\/12\/Vape-Wholesale.jpg\" alt=\"Garintuvai Didmenin\u0117 prekyba\" width=\"229\" height=\"300\" \/><\/p>\n<h3><a href=\"https:\/\/wa.me\/8617776015835\"><span style=\"color: #ff0000;\"><strong>WhatsApp: +86 17776015835<\/strong><\/span><\/a><\/h3>","protected":false},"featured_media":4440,"comment_status":"open","ping_status":"closed","template":"","meta":{"_acf_changed":false,"_uag_custom_page_level_css":"","_lmt_disableupdate":"no","_lmt_disable":"","_monsterinsights_skip_tracking":false,"_monsterinsights_sitenote_active":false,"_monsterinsights_sitenote_note":"","_monsterinsights_sitenote_category":0,"site-sidebar-layout":"default","site-content-layout":"","ast-site-content-layout":"default","site-content-style":"default","site-sidebar-style":"default","ast-global-header-display":"","ast-banner-title-visibility":"","ast-main-header-display":"","ast-hfb-above-header-display":"","ast-hfb-below-header-display":"","ast-hfb-mobile-header-display":"","site-post-title":"","ast-breadcrumbs-content":"","ast-featured-img":"","footer-sml-layout":"","ast-disable-related-posts":"","theme-transparent-header-meta":"default","adv-header-id-meta":"","stick-header-meta":"","header-above-stick-meta":"","header-main-stick-meta":"","header-below-stick-meta":"","astra-migrate-meta-layouts":"set","ast-page-background-enabled":"default","ast-page-background-meta":{"desktop":{"background-color":"","background-image":"","background-repeat":"repeat","background-position":"center center","background-size":"auto","background-attachment":"scroll","background-type":"","background-media":"","overlay-type":"","overlay-color":"","overlay-opacity":"","overlay-gradient":""},"tablet":{"background-color":"","background-image":"","background-repeat":"repeat","background-position":"center center","background-size":"auto","background-attachment":"scroll","background-type":"","background-media":"","overlay-type":"","overlay-color":"","overlay-opacity":"","overlay-gradient":""},"mobile":{"background-color":"","background-image":"","background-repeat":"repeat","background-position":"center center","background-size":"auto","background-attachment":"scroll","background-type":"","background-media":"","overlay-type":"","overlay-color":"","overlay-opacity":"","overlay-gradient":""}},"ast-content-background-meta":{"desktop":{"background-color":"var(--ast-global-color-5)","background-image":"","background-repeat":"repeat","background-position":"center center","background-size":"auto","background-attachment":"scroll","background-type":"","background-media":"","overlay-type":"","overlay-color":"","overlay-opacity":"","overlay-gradient":""},"tablet":{"background-color":"var(--ast-global-color-5)","background-image":"","background-repeat":"repeat","background-position":"center center","background-size":"auto","background-attachment":"scroll","background-type":"","background-media":"","overlay-type":"","overlay-color":"","overlay-opacity":"","overlay-gradient":""},"mobile":{"background-color":"var(--ast-global-color-5)","background-image":"","background-repeat":"repeat","background-position":"center center","background-size":"auto","background-attachment":"scroll","background-type":"","background-media":"","overlay-type":"","overlay-color":"","overlay-opacity":"","overlay-gradient":""}},"_joinchat":[]},"product_brand":[],"product_cat":[65,152,156,142,492,357,146],"product_tag":[396,368,390,401,400,393,397],"class_list":{"0":"post-4446","1":"product","2":"type-product","3":"status-publish","4":"has-post-thumbnail","6":"product_cat-40000-puff","7":"product_cat-buy-disposable-vapes-in-cermany","8":"product_cat-buy-disposable-vapes-in-poland","9":"product_cat-digital-box-disposable-vapes","10":"product_cat-eu-warehouse","11":"product_cat-flavor-adjustable-vape","12":"product_cat-rechargeable-disposable-vapes","13":"product_tag-disposable-cigarette","14":"product_tag-disposable-vapor","15":"product_tag-online-vape-shop","16":"product_tag-stag-bar-king-40k","17":"product_tag-stagbar-king-40000","18":"product_tag-vape-cartridge","19":"product_tag-vapor","20":"desktop-align-left","21":"tablet-align-left","22":"mobile-align-left","24":"first","25":"instock","26":"sale","27":"shipping-taxable","28":"purchasable","29":"product-type-simple"},"acf":[],"uagb_featured_image_src":{"full":["https:\/\/vapestornado.com\/wp-content\/uploads\/2025\/10\/Stag-bar-King-40000-40K-Puffs-Disposable-Vape-Pod.webp",800,800,false],"thumbnail":["https:\/\/vapestornado.com\/wp-content\/uploads\/2025\/10\/Stag-bar-King-40000-40K-Puffs-Disposable-Vape-Pod-150x150.webp",150,150,true],"medium":["https:\/\/vapestornado.com\/wp-content\/uploads\/2025\/10\/Stag-bar-King-40000-40K-Puffs-Disposable-Vape-Pod-300x300.webp",300,300,true],"medium_large":["https:\/\/vapestornado.com\/wp-content\/uploads\/2025\/10\/Stag-bar-King-40000-40K-Puffs-Disposable-Vape-Pod-768x768.webp",768,768,true],"large":["https:\/\/vapestornado.com\/wp-content\/uploads\/2025\/10\/Stag-bar-King-40000-40K-Puffs-Disposable-Vape-Pod.webp",800,800,false],"1536x1536":["https:\/\/vapestornado.com\/wp-content\/uploads\/2025\/10\/Stag-bar-King-40000-40K-Puffs-Disposable-Vape-Pod.webp",800,800,false],"2048x2048":["https:\/\/vapestornado.com\/wp-content\/uploads\/2025\/10\/Stag-bar-King-40000-40K-Puffs-Disposable-Vape-Pod.webp",800,800,false],"trp-custom-language-flag":["https:\/\/vapestornado.com\/wp-content\/uploads\/2025\/10\/Stag-bar-King-40000-40K-Puffs-Disposable-Vape-Pod-12x12.webp",12,12,true],"woocommerce_thumbnail":["https:\/\/vapestornado.com\/wp-content\/uploads\/2025\/10\/Stag-bar-King-40000-40K-Puffs-Disposable-Vape-Pod-300x300.webp",300,300,true],"woocommerce_single":["https:\/\/vapestornado.com\/wp-content\/uploads\/2025\/10\/Stag-bar-King-40000-40K-Puffs-Disposable-Vape-Pod-600x600.webp",600,600,true],"woocommerce_gallery_thumbnail":["https:\/\/vapestornado.com\/wp-content\/uploads\/2025\/10\/Stag-bar-King-40000-40K-Puffs-Disposable-Vape-Pod-100x100.webp",100,100,true]},"uagb_author_info":{"display_name":"ESAMY","author_link":"https:\/\/vapestornado.com\/lt\/author\/"},"uagb_comment_info":1,"uagb_excerpt":"Stagbar King 40000 (Stagbar King 40K) rechargeable disposable vape with 40,000 puffs, 1.0\u03a9 mesh coil, adjustable airflow and Type-C charging. Strong flavour consistency, big cloud control, and competitive vaper recargable price for electronic cigarette shop and online sales. Add Amy's whatsapp to get right reply and discount price! WhatsApp: +86 17776015835","_links":{"self":[{"href":"https:\/\/vapestornado.com\/lt\/wp-json\/wp\/v2\/product\/4446","targetHints":{"allow":["GET"]}}],"collection":[{"href":"https:\/\/vapestornado.com\/lt\/wp-json\/wp\/v2\/product"}],"about":[{"href":"https:\/\/vapestornado.com\/lt\/wp-json\/wp\/v2\/types\/product"}],"replies":[{"embeddable":true,"href":"https:\/\/vapestornado.com\/lt\/wp-json\/wp\/v2\/comments?post=4446"}],"wp:featuredmedia":[{"embeddable":true,"href":"https:\/\/vapestornado.com\/lt\/wp-json\/wp\/v2\/media\/4440"}],"wp:attachment":[{"href":"https:\/\/vapestornado.com\/lt\/wp-json\/wp\/v2\/media?parent=4446"}],"wp:term":[{"taxonomy":"product_brand","embeddable":true,"href":"https:\/\/vapestornado.com\/lt\/wp-json\/wp\/v2\/product_brand?post=4446"},{"taxonomy":"product_cat","embeddable":true,"href":"https:\/\/vapestornado.com\/lt\/wp-json\/wp\/v2\/product_cat?post=4446"},{"taxonomy":"product_tag","embeddable":true,"href":"https:\/\/vapestornado.com\/lt\/wp-json\/wp\/v2\/product_tag?post=4446"}],"curies":[{"name":"wp","href":"https:\/\/api.w.org\/{rel}","templated":true}]}}