{"id":4438,"date":"2025-10-20T04:17:46","date_gmt":"2025-10-20T04:17:46","guid":{"rendered":"https:\/\/vapestornado.com\/?post_type=product&#038;p=4438"},"modified":"2025-12-12T09:51:23","modified_gmt":"2025-12-12T09:51:23","slug":"bang-legend-120000-120k-puff-5-in-1-flavor-switch-disposable-vape","status":"publish","type":"product","link":"https:\/\/vapestornado.com\/lt\/product\/bang-legend-120000-120k-puff-5-in-1-flavor-switch-disposable-vape\/","title":{"rendered":"Bang Legend 120000 120K P\u016bsl\u0117s 5-in-1 Skoni\u0173 Perjungimo Vienkartinis Vape"},"content":{"rendered":"<h2 data-pm-slice=\"1 1 []\">Vienkartin\u0117 elektronin\u0117 cigaret\u0117 \u201eBang Legend 120000\u201c \u2013 \u201eBang Legend 120k\u201c 5-in-1 skonio jungiklis ir 120 000 \u012ftraukim\u0173<\/h2>\n<p data-start=\"1107\" data-end=\"1364\"><strong data-start=\"103\" data-end=\"125\">Bang Legend 120000<\/strong> yra didel\u0117s talpos <strong data-start=\"145\" data-end=\"160\">Elektronin\u0117 cigaret\u0117<\/strong> skirta vartotojams, kurie nori vieno \u012frenginio visam m\u0117nesiui (ir dar daugiau), ne\u012fstrigdami ties vienu skoniu. Jis suteikia iki <strong data-start=\"301\" data-end=\"318\">120 000 \u012fkv\u0117pim\u0173<\/strong> ir prideda <strong data-start=\"330\" data-end=\"355\">5-in-1 skonio jungikl\u012f<\/strong> kad gal\u0117tum\u0117te akimirksniu perjungti penkis mi\u0161inius. A <strong data-start=\"407\" data-end=\"427\">tinklelio rit\u0117s variklis<\/strong> i\u0161laiko garus tankius ir skon\u012f stipr\u0173, o <strong data-start=\"473\" data-end=\"495\">reguliuojamas oro srautas<\/strong> leid\u017eia perjungti tarp grie\u017etesnio MTL \u012ftraukimo ir pilnesnio, erdvesnio traukimo. The <strong data-start=\"568\" data-end=\"599\">C tipo \u012fkraunama baterija<\/strong> ir <strong data-start=\"604\" data-end=\"625\">LED i\u0161manusis ekranas<\/strong> padeda i\u0161likti prakti\u0161ku: greitai \u012fkraukite, steb\u0117kite baterij\u0105 ir skyst\u012f bei t\u0119skite.<\/p>\n<h3 data-start=\"1136\" data-end=\"1187\">Svarbiausi na\u0161umo aspektai (SEO optimizuoti, orientuoti \u012f vartotoj\u0105)<\/h3>\n<ul data-start=\"1189\" data-end=\"2704\">\n<li data-start=\"1189\" data-end=\"1518\">\n<p data-start=\"1191\" data-end=\"1518\"><strong data-start=\"1191\" data-end=\"1235\">120K i\u0161tverm\u0117, sukurta sunkiam naudojimui.<\/strong> \u0160is <strong data-start=\"1240\" data-end=\"1285\">Vienkartin\u0117 elektronin\u0117 cigaret\u0117 \u201eBang Legend 120000\u201c<\/strong> yra skirta vartotojams, kurie per greitai sunaudoja standartines vienkartines elektronines cigaretes. In <strong data-start=\"1358\" data-end=\"1403\">Vokietijoje, Ispanijoje, Lenkijoje, Pranc\u016bzijoje ir Italijoje<\/strong>, \u0161ios klas\u0117s \u012frenginiai laimi, nes suma\u017eina pakartotinius pirkimus ir supaprastina kasdien\u012f ne\u0161iojim\u0105si \u2013 vienas \u012frenginys, ilgas veikimo laikas.<\/p>\n<\/li>\n<li data-start=\"1520\" data-end=\"1834\">\n<p data-start=\"1522\" data-end=\"1834\"><strong data-start=\"1522\" data-end=\"1566\">5 skoniai apsaugo nuo \u201eto paties skonio nuovargio\u201c.<\/strong> \u0160is <strong data-start=\"1571\" data-end=\"1613\">\u201eBang Legend 120k\u201c 5-in-1 skonio jungiklis<\/strong> i\u0161sprend\u017eia pagrindin\u0119 itin didelio \u012ftraukim\u0173 skai\u010diaus \u012frengini\u0173 silpnyb\u0119: nuobodul\u012f. Greitas skoni\u0173 keitimas leid\u017eia m\u0117gautis \u012frenginiu ilg\u0105 laik\u0105, o tai pagerina realaus pasaulio u\u017ebaigimo rodiklius, palyginti su vieno skonio didelio \u012ftraukim\u0173 skai\u010diaus elektronin\u0117mis cigaret\u0117mis.<\/p>\n<\/li>\n<li data-start=\"1836\" data-end=\"2060\">\n<p data-start=\"1838\" data-end=\"2060\"><strong data-start=\"1838\" data-end=\"1887\">Tinklelio rit\u0117s veikimas i\u0161lieka tankus ir sklandus.<\/strong> \u0160is <strong data-start=\"1892\" data-end=\"1912\">tinklelio rit\u0117s variklis<\/strong> lygiai paskirsto \u0161ilum\u0105, palaikydamas stor\u0105 gar\u0105 ir stipri\u0105 skonio perteikim\u0105 be \u0161iurk\u0161\u010di\u0173, saus\u0173 traukim\u0173, kurie gali pasirodyti v\u0117liau \u012frenginio tarnavimo laikotarpiu.<\/p>\n<\/li>\n<li data-start=\"2062\" data-end=\"2358\">\n<p data-start=\"2064\" data-end=\"2358\"><strong data-start=\"2064\" data-end=\"2111\">Reguliuojamas oro srautas MTL arba pilnesniems \u012fkv\u0117pimams.<\/strong> Oro srauto valdymas leid\u017eia susiaurinti trauk\u0105, kad b\u016bt\u0173 jau\u010diamas cigaret\u0117s poj\u016btis, arba atverti j\u0105 platesniam \u012fkv\u0117pimui. \u0160i lankstumo galimyb\u0117 padeda buvusiems r\u016bkyti ir patyrusiems vaperiams naudoti t\u0105 pat\u012f \u012frengin\u012f skirtingose situacijose\u2014darbo pertrauk\u0117l\u0117se, kelion\u0117se ar naktiniame gyvenime.<\/p>\n<\/li>\n<li data-start=\"2360\" data-end=\"2704\">\n<p data-start=\"2362\" data-end=\"2704\"><strong data-start=\"2362\" data-end=\"2414\">Didelis kiekis u\u017e ma\u017e\u0105 kain\u0105 u\u017e \u012fkv\u0117pim\u0105, paruo\u0161tas didmeninei prekybai.<\/strong> Bet kokiam <strong data-start=\"2423\" data-end=\"2447\">Cigare\u010di\u0173 didmenininkui<\/strong> arba ma\u017emeniniam pirk\u0117jui, lyginant didel\u0117s talpos variantus, <strong data-start=\"2501\" data-end=\"2523\">Bang Legend 120000<\/strong> lengva pozicionuoti: mil\u017eini\u0161kas \u012fkv\u0117pim\u0173 skai\u010dius, daugelio skoni\u0173 keitimas, i\u0161manusis ekranas ir \u012fkrovimo galimyb\u0117\u2014savyb\u0117s, kurios pateisina pakartotin\u0105 poreik\u012f ir i\u0161laiko kain\u0105 u\u017e \u012fkv\u0117pim\u0105 patraukli\u0105.<\/p>\n<\/li>\n<\/ul>\n<p><strong><span style=\"color: #ff0000;\">Prid\u0117kite Amy whatsapp, gaukite tiesiogin\u012f atsakym\u0105 ir kupon\u0105 veipui!<\/span><\/strong><\/p>\n<p><img fetchpriority=\"high\" decoding=\"async\" class=\"size-full wp-image-2932\" src=\"https:\/\/vapestornado.com\/wp-content\/uploads\/2024\/12\/Vape-Wholesale.jpg\" alt=\"Garintuvai Didmenin\u0117 prekyba\" width=\"229\" height=\"300\" \/><\/p>\n<h3><a href=\"https:\/\/wa.me\/8617776015835\" target=\"_blank\" rel=\"noopener\"><span style=\"color: #ff0000;\"><strong>WhatsApp: +86 17776015835<\/strong><\/span><\/a><\/h3>\n<p>&nbsp;<\/p>\n<h2><strong>Bang Legend 120000 \u012etraukim\u0173 5 viename svarbiausi produkto bruo\u017eai<\/strong><\/h2>\n<table>\n<thead>\n<tr>\n<th>Funkcija<\/th>\n<th>spec<\/th>\n<th>detal\u0117s<\/th>\n<\/tr>\n<\/thead>\n<tbody>\n<tr>\n<td>Produkto pavadinimas<\/td>\n<td>Bang Legend 120000 \/ Bang Legend 120k<\/td>\n<td>5-in-1 skonio keitimo vienkartin\u0117 elektronin\u0117 cigaret\u0117<\/td>\n<\/tr>\n<tr>\n<td>\u012ep\u016btim\u0173 talpa<\/td>\n<td>Iki 120 000 \u012fkv\u0117pim\u0173<\/td>\n<td>Ultra ilgas tarnavimo laikas sunkiems arba da\u017eniems naudotojams<\/td>\n<\/tr>\n<tr>\n<td>Skoni\u0173 sistema<\/td>\n<td>5-in-1 skonio jungikl\u012f<\/td>\n<td>Penki i\u0161 anksto \u012fkrauti skoniai viename \u012frenginyje, momentinis keitimas<\/td>\n<\/tr>\n<tr>\n<td>Rit\u0117s tipas<\/td>\n<td>Tinklinio rit\u0117s variklis<\/td>\n<td>Vienodas \u0161ildymas tankiam garui ir stipriam skoniui<\/td>\n<\/tr>\n<tr>\n<td>\u012ekrovimas<\/td>\n<td>Type-C \u012fkraunamas<\/td>\n<td>Greiti papildymai, kad \u012frenginys b\u016bt\u0173 naudojamas viso tarnavimo laikotarpio metu<\/td>\n<\/tr>\n<tr>\n<td>Oras srautas<\/td>\n<td>Reguliuojamas oro srautas<\/td>\n<td>Reguliuokite traukos stiprum\u0105 nuo siauresnio MTL iki platesnio \u012fkv\u0117pimo<\/td>\n<\/tr>\n<tr>\n<td>Ekranas<\/td>\n<td>LED i\u0161manus ekranas<\/td>\n<td>Ai\u0161kiai rodo baterijos ir elektroninio skys\u010dio lygius<\/td>\n<\/tr>\n<tr>\n<td>Pozicionavimas<\/td>\n<td>Ma\u017emenin\u0117 + didmenin\u0117 prekyba<\/td>\n<td>Sukurtas didelio apyvartos kei\u010diam\u0173 vape kategorijai ir didel\u0117ms u\u017esakym\u0173 apimtims<\/td>\n<\/tr>\n<\/tbody>\n<\/table>\n<figure id=\"attachment_4437\" aria-describedby=\"caption-attachment-4437\" style=\"width: 300px\" class=\"wp-caption alignnone\"><img decoding=\"async\" class=\"size-medium wp-image-4437\" src=\"https:\/\/vapestornado.com\/wp-content\/uploads\/2025\/10\/Newest-Bang-Legend-120K-Puff-5-In-1-Flavor-Switch-Vape-Cheap-Price-300x300.webp\" alt=\"Naujausias Bang Legend 120K \u012ftraukim\u0173 5 viename skonio perjungimo garintuvas pigia kaina\" width=\"300\" height=\"300\" srcset=\"https:\/\/vapestornado.com\/wp-content\/uploads\/2025\/10\/Newest-Bang-Legend-120K-Puff-5-In-1-Flavor-Switch-Vape-Cheap-Price-300x300.webp 300w, https:\/\/vapestornado.com\/wp-content\/uploads\/2025\/10\/Newest-Bang-Legend-120K-Puff-5-In-1-Flavor-Switch-Vape-Cheap-Price-150x150.webp 150w, https:\/\/vapestornado.com\/wp-content\/uploads\/2025\/10\/Newest-Bang-Legend-120K-Puff-5-In-1-Flavor-Switch-Vape-Cheap-Price-768x768.webp 768w, https:\/\/vapestornado.com\/wp-content\/uploads\/2025\/10\/Newest-Bang-Legend-120K-Puff-5-In-1-Flavor-Switch-Vape-Cheap-Price-12x12.webp 12w, https:\/\/vapestornado.com\/wp-content\/uploads\/2025\/10\/Newest-Bang-Legend-120K-Puff-5-In-1-Flavor-Switch-Vape-Cheap-Price-600x600.webp 600w, https:\/\/vapestornado.com\/wp-content\/uploads\/2025\/10\/Newest-Bang-Legend-120K-Puff-5-In-1-Flavor-Switch-Vape-Cheap-Price-100x100.webp 100w, https:\/\/vapestornado.com\/wp-content\/uploads\/2025\/10\/Newest-Bang-Legend-120K-Puff-5-In-1-Flavor-Switch-Vape-Cheap-Price.webp 800w\" sizes=\"(max-width: 300px) 100vw, 300px\" \/><figcaption id=\"caption-attachment-4437\" class=\"wp-caption-text\">Naujausias Bang Legend 120K \u012ftraukim\u0173 5 viename skonio perjungimo garintuvas pigia kaina<\/figcaption><\/figure>\n<figure id=\"attachment_4435\" aria-describedby=\"caption-attachment-4435\" style=\"width: 300px\" class=\"wp-caption alignnone\"><img decoding=\"async\" class=\"size-medium wp-image-4435\" src=\"https:\/\/vapestornado.com\/wp-content\/uploads\/2025\/10\/Bang-Legend-120000-Puff-120k-Disposable-Pod-300x300.webp\" alt=\"Bang Legend 120000 \u012ftraukim\u0173 120k vienkartin\u0117 kapsul\u0117\" width=\"300\" height=\"300\" srcset=\"https:\/\/vapestornado.com\/wp-content\/uploads\/2025\/10\/Bang-Legend-120000-Puff-120k-Disposable-Pod-300x300.webp 300w, https:\/\/vapestornado.com\/wp-content\/uploads\/2025\/10\/Bang-Legend-120000-Puff-120k-Disposable-Pod-150x150.webp 150w, https:\/\/vapestornado.com\/wp-content\/uploads\/2025\/10\/Bang-Legend-120000-Puff-120k-Disposable-Pod-768x768.webp 768w, https:\/\/vapestornado.com\/wp-content\/uploads\/2025\/10\/Bang-Legend-120000-Puff-120k-Disposable-Pod-12x12.webp 12w, https:\/\/vapestornado.com\/wp-content\/uploads\/2025\/10\/Bang-Legend-120000-Puff-120k-Disposable-Pod-600x600.webp 600w, https:\/\/vapestornado.com\/wp-content\/uploads\/2025\/10\/Bang-Legend-120000-Puff-120k-Disposable-Pod-100x100.webp 100w, https:\/\/vapestornado.com\/wp-content\/uploads\/2025\/10\/Bang-Legend-120000-Puff-120k-Disposable-Pod.webp 800w\" sizes=\"(max-width: 300px) 100vw, 300px\" \/><figcaption id=\"caption-attachment-4435\" class=\"wp-caption-text\">Bang Legend 120000 \u012ftraukim\u0173 120k vienkartin\u0117 kapsul\u0117<\/figcaption><\/figure>\n<h2 class=\"product-title\"><strong>Bang Legend 120000 \u012ftraukim\u0173 5 viename skoni\u0173 s\u0105ra\u0161as<\/strong><\/h2>\n<p>1.Energinis g\u0117rimas \/ M\u0117lyni\u0173 vy\u0161nia \/ Obuoli\u0173 vynuog\u0117s \/ Arb\u016bz\u0173 drakono vaisiai \/ Mamba<\/p>\n<p>2.Energinis g\u0117rimas \/ Persik\u0173 ledas \/ Mango ledas \/ Goji uogos \/ Juodieji serbentai<\/p>\n<p>3.M\u0117lyni\u0173 avie\u010di\u0173 \/ Persik\u0173 mango arb\u016bz\u0173 \/ Vy\u0161ni\u0173 kola \/ Vynuogi\u0173 gervuogi\u0173 ledas \/ Mango persik\u0173 abrikos\u0173.<\/p>\n<p>4.M\u0117lyni\u0173 avie\u010di\u0173 \/ Juodojo Drakono ledas \/ Vaivoryk\u0161t\u0117s saldainiai \/ Fuji ledas \/ Arb\u016bzas r\u016bg\u0161tus persikas<\/p>\n<p>5.M\u0117lyni\u0173 ledas \/ Kivi, pasiflor\u0173, guava \/ Trij\u0173 melion\u0173 \/ Persiko, ananaso \/ Aistr\u0173 bu\u010dinys<\/p>\n<p>6.M\u0117lyni\u0173 ledas \/ Arb\u016bzo burbuliuk\u0173 kramtomoji guma \/ R\u016bg\u0161tus obuolys, aviet\u0117 \/ Lotus\u0173 vaisius, mangas, melionas \/ Aistros vaisius, kivi, laimas<\/p>\n<p>7.Arb\u016bzo ledas \/ Mi\u0161rios uogos \/ Obuolio, kriau\u0161\u0117s \/ M\u0117lyni\u0173 m\u0117tos \/ Vasara<\/p>\n<p>8.Arb\u016bzo ledas \/ Bra\u0161ki\u0173, mang\u0173 \/ Kalifornijos vy\u0161nios \/ M\u0117lyni\u0173, persiko ledas \/ Uog\u0173 v\u0117suma<\/p>\n<p>9.Bra\u0161ki\u0173 arb\u016bzas \/ Vynuogi\u0173 ledas \/ Raudonas mojito \/ Banano ledas \/ Citrina, laimas<\/p>\n<p>10.Bra\u0161ki\u0173 arb\u016bzas \/ Cantalupo, obuolio \/ Kolos ledas \/ Mang\u0173, persiko \/ Meil\u0117s 66<\/p>\n<p>11.Bra\u0161ki\u0173 kivi \/ Bra\u0161ki\u0173 banan\u0173 \/ Li\u010dio ledas \/ Arb\u016bzo uogos \/ Aistros vaisius, mangas<\/p>\n<p>12.Bra\u0161ki\u0173 kivi \/ M\u0117lyni\u0173 arb\u016bzas \/ Lokio fudge \/ M\u0117lyni\u0173 burbuliuk\u0173 kramtomoji guma \/ R\u016bg\u0161tus mango, ananasas<\/p>\n<p>&nbsp;<\/p>\n<div class=\"flex-shrink-0 flex flex-col relative items-end\">\n<div class=\"pt-0\">\n<div class=\"gizmo-bot-avatar flex h-8 w-8 items-center justify-center overflow-hidden rounded-full\">\n<div class=\"relative p-1 rounded-sm flex items-center justify-center bg-token-main-surface-primary text-token-text-primary h-8 w-8\">\n<h2 data-start=\"1200\" data-end=\"1487\">Vapes Tornado \u2013 J\u016bs\u0173 didmenin\u0117 internetin\u0117 vape parduotuv\u0117 su geriausiais vape preki\u0173 \u017eenklais<\/h2>\n<p data-start=\"1200\" data-end=\"1487\"><strong data-start=\"141\" data-end=\"177\">Vapes Tornado Internetin\u0117 R\u016bkymo Parduotuv\u0117<\/strong> yra j\u016bs\u0173 patikimas \u0161altinis <strong data-start=\"205\" data-end=\"270\">premium vienkartiniai vape ir didmenin\u0117s elektronin\u0117s cigaret\u0117s Europoje<\/strong>. Mes si\u016blome populiariausias prekes kaip <strong data-start=\"307\" data-end=\"362\"><a href=\"https:\/\/vapestornado.com\/lt\/product\/randm-12000-puffs-fumot-digital-disposable-vape-wholesale-price\/\">Fumot VAPE<\/a>, <a href=\"https:\/\/vapestornado.com\/lt\/product\/waspe-150k-150000-puff-6-in-1-disposable-vape-pen-cartridge-best-wholesale-price-in-poland\/\">WASPE VAPE<\/a>, <\/strong><strong data-start=\"307\" data-end=\"362\"><a href=\"https:\/\/vapestornado.com\/lt\/product\/vozol-gear-shisha-25k-25000-puffs-best-dtl-disposable-vape-hookah-cheap-price\/\">VOZOL BAR VAPE<\/a>, \u00a0 Bang Vape<\/strong>, ir daugiau, u\u017etikrinant kokyb\u0119 ir \u012fvairov\u0119 kiekvienam klientui. Nesvarbu, ar esate individualus vartotojas ar didmeninis pirk\u0117jas, mes pristatome <strong data-start=\"481\" data-end=\"550\">auk\u0161tos kokyb\u0117s \u012frenginius, stilingus dizainus ir konkurencingas kainas<\/strong> kad atitikt\u0173 j\u016bs\u0173 poreikius.<\/p>\n<h2 data-start=\"2064\" data-end=\"2115\">Da\u017eniausiai u\u017eduodami klausimai apie Bang Legend 120000 p\u016bstuv\u0173 jungikl\u012f vape<\/h2>\n<ol data-start=\"3569\" data-end=\"4841\">\n<li data-start=\"3569\" data-end=\"3838\">\n<p data-start=\"3572\" data-end=\"3838\"><strong data-start=\"3572\" data-end=\"3675\">Kaip Bang Legend 120000 5-in-1 skoni\u0173 perjungimo vienkartinis vape i\u0161lieka malonus ilgalaikio naudojimo metu?<\/strong><br data-start=\"3675\" data-end=\"3678\" \/>Penki \u012fmontuoti skoniai apsaugo nuo nuobodulio. Perjungimo mi\u0161iniai i\u0161laiko skon\u012f \u0161vie\u017ei\u0105, kas yra itin svarbu \u012frenginiui, kuris skirtas tarnauti daug ilgiau nei \u012fprasti vienkartiniai \u012frenginiai.<\/p>\n<\/li>\n<li data-start=\"3840\" data-end=\"4081\">\n<p data-start=\"3843\" data-end=\"4081\"><strong data-start=\"3843\" data-end=\"3943\">Ar Bang Legend 120k tinklelio rit\u0117s variklis padeda i\u0161laikyti garo tank\u012f esant dideliam p\u016btim\u0173 skai\u010diui?<\/strong><br data-start=\"3943\" data-end=\"3946\" \/>Taip. Tinklelio rit\u0117s \u0161ilum\u0105 paskirsto tolygiau nei paprastos vielos rit\u0117s, palaikydamos skland\u0173 gar\u0105 ir nuolatin\u012f skon\u012f ilgalaikio naudojimo metu.<\/p>\n<\/li>\n<li data-start=\"4083\" data-end=\"4341\">\n<p data-start=\"4086\" data-end=\"4341\"><strong data-start=\"4086\" data-end=\"4190\">Koks yra praktinis reguliuojamos oro srov\u0117s nauda vienkartiniam elektroniniam cigaretei Bang Legend 120000?<\/strong><br data-start=\"4190\" data-end=\"4193\" \/>Ji leid\u017eia sutraukti \u012fkv\u0117pim\u0105 kaip cigaret\u0117s stiliaus arba atverti j\u012f pilnesniam \u012fkv\u0117pimui, tod\u0117l \u012frenginys tinka \u012fvairiems \u012fpro\u010diams be papildomos \u012frangos.<\/p>\n<\/li>\n<li data-start=\"4343\" data-end=\"4562\">\n<p data-start=\"4346\" data-end=\"4562\"><strong data-start=\"4346\" data-end=\"4433\">Ar Type-C \u012fkrovimas b\u016btinas tokioje 120 000 p\u016btim\u0173 \u012frenginyje kaip Bang Legend 120k?<\/strong><br data-start=\"4433\" data-end=\"4436\" \/>Be abejo. \u012ekrovimo galimyb\u0117 padeda i\u0161vengti ankstyvo i\u0161metimo d\u0117l silpnos baterijos, padedant \u012frenginiui pasiekti savo piln\u0105 tarnavimo laik\u0105.<\/p>\n<\/li>\n<li data-start=\"4564\" data-end=\"4841\">\n<p data-start=\"4567\" data-end=\"4841\"><strong data-start=\"4567\" data-end=\"4674\">Kod\u0117l cigare\u010di\u0173 didmenininkai vertina Bang Legend 120000 kaip stipri\u0105 ir pigi\u0105 kainos u\u017e p\u016btim\u0105 galimyb\u0119?<\/strong><br data-start=\"4674\" data-end=\"4677\" \/>Kadangi labai didelis p\u016btim\u0173 skai\u010dius, daugiaskoni\u0173 perjungimas ir \u012fkraunama konstrukcija daro kain\u0105 u\u017e p\u016btim\u0105 konkurencing\u0105, o funkcij\u0173 rinkinys i\u0161laiko vartotoj\u0173 paklaus\u0105 auk\u0161t\u0105.<\/p>\n<\/li>\n<\/ol>\n<\/div>\n<\/div>\n<\/div>\n<\/div>","protected":false},"excerpt":{"rendered":"<div class=\"flex flex-col text-sm @w-xl\/main:pt-header-height pb-25\">\n<article class=\"text-token-text-primary w-full focus:outline-none [--shadow-height:45px] has-data-writing-block:pointer-events-none has-data-writing-block:-mt-(--shadow-height) has-data-writing-block:pt-(--shadow-height) [&amp;:has([data-writing-block])&gt;*]:pointer-events-auto scroll-mt-[calc(var(--header-height)+min(200px,max(70px,20svh)))]\" dir=\"auto\" tabindex=\"-1\" data-turn-id=\"1216eed0-d089-4251-926f-eb67c4e27f78\" data-testid=\"conversation-turn-54\" data-scroll-anchor=\"true\" data-turn=\"assistant\">\n<div class=\"text-base my-auto mx-auto pb-10 [--thread-content-margin:--spacing(4)] @w-sm\/main:[--thread-content-margin:--spacing(6)] @w-lg\/main:[--thread-content-margin:--spacing(16)] px-(--thread-content-margin)\">\n<div class=\"[--thread-content-max-width:40rem] @w-lg\/main:[--thread-content-max-width:48rem] mx-auto max-w-(--thread-content-max-width) flex-1 group\/turn-messages focus-visible:outline-hidden relative flex w-full min-w-0 flex-col agent-turn\" tabindex=\"-1\">\n<div class=\"flex max-w-full flex-col grow\">\n<div class=\"min-h-8 text-message relative flex w-full flex-col items-end gap-2 text-start break-words whitespace-normal [.text-message+&amp;]:mt-1\" dir=\"auto\" data-message-author-role=\"assistant\" data-message-id=\"d248b401-75f3-45e9-8935-fcbc0a13d11e\" data-message-model-slug=\"gpt-5-2-thinking\">\n<div class=\"flex w-full flex-col gap-1 empty:hidden first:pt-[1px]\">\n<div class=\"markdown prose dark:prose-invert w-full break-words light markdown-new-styling\">\n<p data-start=\"4871\" data-end=\"5142\" data-is-last-node=\"\" data-is-only-node=\"\">Vienkartin\u0117 elektronin\u0117 cigaret\u0117 \u201eBang Legend 120000\u201c (\u201eBang Legend 120k\u201c) su 120 000 \u012ftraukim\u0173, 5-in-1 skonio jungikliu, tinklelio rit\u0117s varikliu, reguliuojamu oro srautu, C tipo \u012fkrovimu ir LED i\u0161maniuoju ekranu. Didmenai palanki pigi vieno \u012ftraukimo kaina cigare\u010di\u0173 didmenininkams ir ES elektronini\u0173 cigare\u010di\u0173 parduotuv\u0117ms.<\/p>\n<\/div>\n<\/div>\n<\/div>\n<\/div>\n<\/div>\n<\/div>\n<\/article>\n<\/div>\n<p><strong>Prid\u0117kite Amy's whatsapp, kad gautum\u0117te tinkam\u0105 atsakym\u0105 ir nuolaidos kain\u0105!<\/strong><\/p>\n<p><img fetchpriority=\"high\" decoding=\"async\" class=\"size-full wp-image-2932\" src=\"https:\/\/vapestornado.com\/wp-content\/uploads\/2024\/12\/Vape-Wholesale.jpg\" alt=\"Garintuvai Didmenin\u0117 prekyba\" width=\"229\" height=\"300\" \/><\/p>\n<h3><a href=\"https:\/\/wa.me\/8617776015835\"><span style=\"color: #ff0000;\"><strong>WhatsApp: +86 17776015835<\/strong><\/span><\/a><\/h3>","protected":false},"featured_media":4432,"comment_status":"open","ping_status":"closed","template":"","meta":{"_acf_changed":false,"_uag_custom_page_level_css":"","_lmt_disableupdate":"no","_lmt_disable":"","_monsterinsights_skip_tracking":false,"_monsterinsights_sitenote_active":false,"_monsterinsights_sitenote_note":"","_monsterinsights_sitenote_category":0,"site-sidebar-layout":"default","site-content-layout":"","ast-site-content-layout":"default","site-content-style":"default","site-sidebar-style":"default","ast-global-header-display":"","ast-banner-title-visibility":"","ast-main-header-display":"","ast-hfb-above-header-display":"","ast-hfb-below-header-display":"","ast-hfb-mobile-header-display":"","site-post-title":"","ast-breadcrumbs-content":"","ast-featured-img":"","footer-sml-layout":"","ast-disable-related-posts":"","theme-transparent-header-meta":"default","adv-header-id-meta":"","stick-header-meta":"","header-above-stick-meta":"","header-main-stick-meta":"","header-below-stick-meta":"","astra-migrate-meta-layouts":"set","ast-page-background-enabled":"default","ast-page-background-meta":{"desktop":{"background-color":"","background-image":"","background-repeat":"repeat","background-position":"center center","background-size":"auto","background-attachment":"scroll","background-type":"","background-media":"","overlay-type":"","overlay-color":"","overlay-opacity":"","overlay-gradient":""},"tablet":{"background-color":"","background-image":"","background-repeat":"repeat","background-position":"center center","background-size":"auto","background-attachment":"scroll","background-type":"","background-media":"","overlay-type":"","overlay-color":"","overlay-opacity":"","overlay-gradient":""},"mobile":{"background-color":"","background-image":"","background-repeat":"repeat","background-position":"center center","background-size":"auto","background-attachment":"scroll","background-type":"","background-media":"","overlay-type":"","overlay-color":"","overlay-opacity":"","overlay-gradient":""}},"ast-content-background-meta":{"desktop":{"background-color":"var(--ast-global-color-5)","background-image":"","background-repeat":"repeat","background-position":"center center","background-size":"auto","background-attachment":"scroll","background-type":"","background-media":"","overlay-type":"","overlay-color":"","overlay-opacity":"","overlay-gradient":""},"tablet":{"background-color":"var(--ast-global-color-5)","background-image":"","background-repeat":"repeat","background-position":"center center","background-size":"auto","background-attachment":"scroll","background-type":"","background-media":"","overlay-type":"","overlay-color":"","overlay-opacity":"","overlay-gradient":""},"mobile":{"background-color":"var(--ast-global-color-5)","background-image":"","background-repeat":"repeat","background-position":"center center","background-size":"auto","background-attachment":"scroll","background-type":"","background-media":"","overlay-type":"","overlay-color":"","overlay-opacity":"","overlay-gradient":""}},"_joinchat":[]},"product_brand":[],"product_cat":[347,62,152,156,142,357,146],"product_tag":[398,399,396,368,390,393,386,397],"class_list":{"0":"post-4438","1":"product","2":"type-product","3":"status-publish","4":"has-post-thumbnail","6":"product_cat-120000-puff","7":"product_cat-bang-vape","8":"product_cat-buy-disposable-vapes-in-cermany","9":"product_cat-buy-disposable-vapes-in-poland","10":"product_cat-digital-box-disposable-vapes","11":"product_cat-flavor-adjustable-vape","12":"product_cat-rechargeable-disposable-vapes","13":"product_tag-bang-legend-120000","14":"product_tag-bang-legend-120k","15":"product_tag-disposable-cigarette","16":"product_tag-disposable-vapor","17":"product_tag-online-vape-shop","18":"product_tag-vape-cartridge","19":"product_tag-vape-pen","20":"product_tag-vapor","21":"desktop-align-left","22":"tablet-align-left","23":"mobile-align-left","25":"first","26":"instock","27":"sale","28":"shipping-taxable","29":"purchasable","30":"product-type-simple"},"acf":[],"uagb_featured_image_src":{"full":["https:\/\/vapestornado.com\/wp-content\/uploads\/2025\/10\/BANG-LEGEND-120K-Puffs-Screen-Disposable-Vape.webp",800,800,false],"thumbnail":["https:\/\/vapestornado.com\/wp-content\/uploads\/2025\/10\/BANG-LEGEND-120K-Puffs-Screen-Disposable-Vape-150x150.webp",150,150,true],"medium":["https:\/\/vapestornado.com\/wp-content\/uploads\/2025\/10\/BANG-LEGEND-120K-Puffs-Screen-Disposable-Vape-300x300.webp",300,300,true],"medium_large":["https:\/\/vapestornado.com\/wp-content\/uploads\/2025\/10\/BANG-LEGEND-120K-Puffs-Screen-Disposable-Vape-768x768.webp",768,768,true],"large":["https:\/\/vapestornado.com\/wp-content\/uploads\/2025\/10\/BANG-LEGEND-120K-Puffs-Screen-Disposable-Vape.webp",800,800,false],"1536x1536":["https:\/\/vapestornado.com\/wp-content\/uploads\/2025\/10\/BANG-LEGEND-120K-Puffs-Screen-Disposable-Vape.webp",800,800,false],"2048x2048":["https:\/\/vapestornado.com\/wp-content\/uploads\/2025\/10\/BANG-LEGEND-120K-Puffs-Screen-Disposable-Vape.webp",800,800,false],"trp-custom-language-flag":["https:\/\/vapestornado.com\/wp-content\/uploads\/2025\/10\/BANG-LEGEND-120K-Puffs-Screen-Disposable-Vape-12x12.webp",12,12,true],"woocommerce_thumbnail":["https:\/\/vapestornado.com\/wp-content\/uploads\/2025\/10\/BANG-LEGEND-120K-Puffs-Screen-Disposable-Vape-300x300.webp",300,300,true],"woocommerce_single":["https:\/\/vapestornado.com\/wp-content\/uploads\/2025\/10\/BANG-LEGEND-120K-Puffs-Screen-Disposable-Vape-600x600.webp",600,600,true],"woocommerce_gallery_thumbnail":["https:\/\/vapestornado.com\/wp-content\/uploads\/2025\/10\/BANG-LEGEND-120K-Puffs-Screen-Disposable-Vape-100x100.webp",100,100,true]},"uagb_author_info":{"display_name":"ESAMY","author_link":"https:\/\/vapestornado.com\/lt\/author\/"},"uagb_comment_info":0,"uagb_excerpt":"Bang Legend 120000 (Bang Legend 120k) disposable E-cigarette with 120,000 puffs, 5-in-1 flavour switch, mesh coil engine, adjustable airflow, Type-C recharge and LED smart display. Wholesale-friendly cheap price per puff option for Cigarette wholesaler and EU vape shops. Add Amy's whatsapp to get right reply and discount price! WhatsApp: +86 17776015835","_links":{"self":[{"href":"https:\/\/vapestornado.com\/lt\/wp-json\/wp\/v2\/product\/4438","targetHints":{"allow":["GET"]}}],"collection":[{"href":"https:\/\/vapestornado.com\/lt\/wp-json\/wp\/v2\/product"}],"about":[{"href":"https:\/\/vapestornado.com\/lt\/wp-json\/wp\/v2\/types\/product"}],"replies":[{"embeddable":true,"href":"https:\/\/vapestornado.com\/lt\/wp-json\/wp\/v2\/comments?post=4438"}],"wp:featuredmedia":[{"embeddable":true,"href":"https:\/\/vapestornado.com\/lt\/wp-json\/wp\/v2\/media\/4432"}],"wp:attachment":[{"href":"https:\/\/vapestornado.com\/lt\/wp-json\/wp\/v2\/media?parent=4438"}],"wp:term":[{"taxonomy":"product_brand","embeddable":true,"href":"https:\/\/vapestornado.com\/lt\/wp-json\/wp\/v2\/product_brand?post=4438"},{"taxonomy":"product_cat","embeddable":true,"href":"https:\/\/vapestornado.com\/lt\/wp-json\/wp\/v2\/product_cat?post=4438"},{"taxonomy":"product_tag","embeddable":true,"href":"https:\/\/vapestornado.com\/lt\/wp-json\/wp\/v2\/product_tag?post=4438"}],"curies":[{"name":"wp","href":"https:\/\/api.w.org\/{rel}","templated":true}]}}