{"id":4430,"date":"2025-10-15T09:50:23","date_gmt":"2025-10-15T09:50:23","guid":{"rendered":"https:\/\/vapestornado.com\/?post_type=product&#038;p=4430"},"modified":"2025-10-31T09:51:16","modified_gmt":"2025-10-31T09:51:16","slug":"fihp-120k-6-in1-multi-flavors-120000-puff-disposable-vape-pen-cheap-price","status":"publish","type":"product","link":"https:\/\/vapestornado.com\/lt\/product\/fihp-120k-6-in1-multi-flavors-120000-puff-disposable-vape-pen-cheap-price\/","title":{"rendered":"FIHP 120K 6-in-1 Multi Skoni\u0173 120000 R\u016bkan\u010di\u0173 P\u016btimo Vienkartinis Vape Ra\u0161iklis Pigiai"},"content":{"rendered":"<h2 data-pm-slice=\"1 1 []\">FIHP 120K 6-in-1 Daugiaskoni\u0173 120000 P\u016bst\u0173 Vienkartinis Vape Pie\u0161tukas \u2014 Geriausi Pigi Vapes Lietuvoje<\/h2>\n<p data-start=\"104\" data-end=\"592\">\u0160is <strong data-start=\"108\" data-end=\"146\">FIHP 120K P\u016bst\u0173 Vienkartinis Vape Pie\u0161tukas<\/strong> sukurtas tiems, kurie nori mil\u017eini\u0161kos galios, turtingo skonio ir tikros \u012fvairov\u0117s vieno eleganti\u0161ko dizaino. Pateikia ne\u012ftik\u0117tin\u0105 <strong data-start=\"272\" data-end=\"288\">120000 p\u016btim\u0173<\/strong>, \u0161is <strong data-start=\"295\" data-end=\"315\">FIHP 120000 P\u016bst\u0173<\/strong> \u012frenginys yra i\u0161 anksto pripildytas <strong data-start=\"344\" data-end=\"372\">64 ml auk\u0161tos kokyb\u0117s e-liquido<\/strong> ir <strong data-start=\"379\" data-end=\"416\">6-in-1 daugiaskoni\u0173 jungimo sistema<\/strong>, suteikianti vartotojams \u0161e\u0161is ry\u0161kius skonio variantus viename vape. Tai ideali pasirinktis Europos didmenininkams ir jauniems vapers, ie\u0161kantiems <strong data-start=\"543\" data-end=\"558\">pigiais garintuvais<\/strong> kurie niekada nesileid\u017eia \u012f kompromisus d\u0117l kokyb\u0117s.<\/p>\n<p data-start=\"594\" data-end=\"1161\">Maitinamas <strong data-start=\"607\" data-end=\"638\">650mAh \u012fkraunama baterija<\/strong> ir apr\u016bpintas <strong data-start=\"657\" data-end=\"681\">C tipo greit\u0105j\u012f \u012fkrovim\u0105<\/strong>, <strong data-start=\"687\" data-end=\"714\">FIHP 120k P\u016bst\u0173 vape pie\u0161tukas<\/strong> u\u017etikrina nenutr\u016bkstam\u0105 vaping\u0105 vis\u0105 dien\u0105. Jis <strong data-start=\"757\" data-end=\"775\">Dvigubos tinklelio kaitinimo spiral\u0117s<\/strong> pateikia tank\u0173 gar\u0173 ir stipr\u0173 skon\u012f nuo pirmo \u012fkv\u0117pimo iki paskutinio, tuo pa\u010diu metu <strong data-start=\"860\" data-end=\"881\">i\u0161manusis LED ekranas<\/strong> rodo realaus laiko baterijos ir e-liquido lygius. Su <strong data-start=\"932\" data-end=\"970\">2% ir 5% nikotino stiprumo pasirinkimais<\/strong>, \u0161is \u012frenginys puikiai subalansuoja na\u0161um\u0105, pasitenkinim\u0105 ir prieinamum\u0105 \u2014 tai vienas i\u0161 <strong data-start=\"1071\" data-end=\"1084\">geriausi\u0173 vape<\/strong> galimyb\u0117s tiek kasdieniams vartotojams, tiek ma\u017emenininkams, siekiantiems padidinti pelno mar\u017eas.<\/p>\n<p data-start=\"1163\" data-end=\"1524\">Stilingas, patvarus ir pilnas funkcij\u0173, <strong data-start=\"1211\" data-end=\"1251\">FIHP 120K 6-in-1 vienkartinis Vape ra\u0161iklis<\/strong> perkrauna tai, k\u0105 rei\u0161kia didel\u0117s talpos vienkartinis. Nesvarbu, ar asmeniniam malonumui, ar didmeninei tiekimui, \u0161is vape suteikia gali\u0105, skon\u012f ir vert\u0119, kurios reikalauja Europos vape bendruomen\u0117. Jau dabar prieinama geriausia didmenin\u0117 kaina per Vapestornado<strong data-start=\"1493\" data-end=\"1523\">\u00a0elektronini\u0173 cigare\u010di\u0173 internetin\u0117je parduotuv\u0117je<\/strong>.<\/p>\n<p><strong><span style=\"color: #ff0000;\">Prid\u0117kite Amy whatsapp, gaukite tiesiogin\u012f atsakym\u0105 ir kupon\u0105 veipui!<\/span><\/strong><\/p>\n<p><img fetchpriority=\"high\" decoding=\"async\" class=\"size-full wp-image-2932\" src=\"https:\/\/vapestornado.com\/wp-content\/uploads\/2024\/12\/Vape-Wholesale.jpg\" alt=\"Garintuvai Didmenin\u0117 prekyba\" width=\"229\" height=\"300\" \/><\/p>\n<h3><a href=\"https:\/\/wa.me\/8617776015835\" target=\"_blank\" rel=\"noopener\"><span style=\"color: #ff0000;\"><strong>WhatsApp: +86 17776015835<\/strong><\/span><\/a><\/h3>\n<p>&nbsp;<\/p>\n<h2><strong>FIHP 120K P\u016bsl\u0117 6-in-1 Produkto Savyb\u0117s<\/strong><\/h2>\n<ul>\n<li data-start=\"1555\" data-end=\"1630\">\n<p data-start=\"1557\" data-end=\"1630\"><strong data-start=\"1557\" data-end=\"1574\">120000 P\u016bst\u0173:<\/strong> Ilgalaikis veikimas nuosekram pasitenkinimui.<\/p>\n<\/li>\n<li data-start=\"1631\" data-end=\"1728\">\n<p data-start=\"1633\" data-end=\"1728\"><strong data-start=\"1633\" data-end=\"1658\">6-in-1 Skoni\u0173 sistema:<\/strong> Akimirksniu perjunkite tarp \u0161e\u0161i\u0173 i\u0161 anksto u\u017epildyt\u0173 skoni\u0173 be pertrauk\u0173 \u012fvairov\u0117s.<\/p>\n<\/li>\n<li data-start=\"1729\" data-end=\"1799\">\n<p data-start=\"1731\" data-end=\"1799\"><strong data-start=\"1731\" data-end=\"1758\">64mL E-skys\u010dio talpa:<\/strong> Didelis bakelis u\u017etikrina keli\u0173 savai\u010di\u0173 naudojim\u0105.<\/p>\n<\/li>\n<li data-start=\"1800\" data-end=\"1885\">\n<p data-start=\"1802\" data-end=\"1885\"><strong data-start=\"1802\" data-end=\"1834\">650 mAh \u012fkraunama baterija:<\/strong> Kompakti\u0161kas ir efektyvus su Type-C greitu \u012fkrovimu.<\/p>\n<\/li>\n<li data-start=\"1886\" data-end=\"1974\">\n<p data-start=\"1888\" data-end=\"1974\"><strong data-start=\"1888\" data-end=\"1914\">Dvigubo tinklelio rit\u0117s dizainas:<\/strong> Padidintas garo tankis ir tikro skonio skleidimas.<\/p>\n<\/li>\n<li data-start=\"1975\" data-end=\"2050\">\n<p data-start=\"1977\" data-end=\"2050\"><strong data-start=\"1977\" data-end=\"1999\">I\u0161manus LED ekranas:<\/strong> Realaus laiko steb\u0117jimas apie gali\u0105 ir skys\u010dio lygius.<\/p>\n<\/li>\n<li data-start=\"2051\" data-end=\"2125\">\n<p data-start=\"2053\" data-end=\"2125\"><strong data-start=\"2053\" data-end=\"2073\">Nikotino pasirinkimai:<\/strong> Prieinami 2% ir 5%, kad b\u016bt\u0173 lankst\u016bs vaping poreikiai.<\/p>\n<\/li>\n<\/ul>\n<figure id=\"attachment_4429\" aria-describedby=\"caption-attachment-4429\" style=\"width: 300px\" class=\"wp-caption alignnone\"><img decoding=\"async\" class=\"size-medium wp-image-4429\" src=\"https:\/\/vapestornado.com\/wp-content\/uploads\/2025\/10\/Newest-FIHP-120000-120k-Puffs-Dispsable-Vape-Kit-300x300.webp\" alt=\"Naujausias FIHP 120000 120 t\u016bkst. P\u016bst\u0173 vienkartinis Vape rinkinys\" width=\"300\" height=\"300\" srcset=\"https:\/\/vapestornado.com\/wp-content\/uploads\/2025\/10\/Newest-FIHP-120000-120k-Puffs-Dispsable-Vape-Kit-300x300.webp 300w, https:\/\/vapestornado.com\/wp-content\/uploads\/2025\/10\/Newest-FIHP-120000-120k-Puffs-Dispsable-Vape-Kit-150x150.webp 150w, https:\/\/vapestornado.com\/wp-content\/uploads\/2025\/10\/Newest-FIHP-120000-120k-Puffs-Dispsable-Vape-Kit-768x768.webp 768w, https:\/\/vapestornado.com\/wp-content\/uploads\/2025\/10\/Newest-FIHP-120000-120k-Puffs-Dispsable-Vape-Kit-12x12.webp 12w, https:\/\/vapestornado.com\/wp-content\/uploads\/2025\/10\/Newest-FIHP-120000-120k-Puffs-Dispsable-Vape-Kit-600x600.webp 600w, https:\/\/vapestornado.com\/wp-content\/uploads\/2025\/10\/Newest-FIHP-120000-120k-Puffs-Dispsable-Vape-Kit-100x100.webp 100w, https:\/\/vapestornado.com\/wp-content\/uploads\/2025\/10\/Newest-FIHP-120000-120k-Puffs-Dispsable-Vape-Kit.webp 800w\" sizes=\"(max-width: 300px) 100vw, 300px\" \/><figcaption id=\"caption-attachment-4429\" class=\"wp-caption-text\">Naujausias FIHP 120000 120 t\u016bkst. P\u016bst\u0173 vienkartinis Vape rinkinys<\/figcaption><\/figure>\n<h2 class=\"product-title\"><strong>FIHP 120K 120000 P\u016bst\u0173 6-in-1 Skoni\u0173 s\u0105ra\u0161as<\/strong><\/h2>\n<p data-start=\"2550\" data-end=\"2736\">1.Vynuogi\u0173 arbata su arb\u016bzu ledu ir Red Bull ir bra\u0161ki\u0173 kivi ir m\u0117lyni\u0173 ledas ir citrin\u0173 laimas ir bra\u0161ki\u0173 arb\u016bzas<br \/>\n2.Bra\u0161ki\u0173 banan\u0173 ir dvigubo obuolio ir avie\u010di\u0173 arb\u016bzas ir r\u016bg\u0161tus mango ananasas ir tropiniai vaisiai ir citrin\u0173 persikas<br \/>\n3.Ananas\u0173 kokosas ir m\u0117lynas Razz ir mi\u0161rios uogos ir mango persikas ir m\u0117lyn\u0117s aviet\u0117s ir bra\u0161ki\u0173 vanilinis kola<br \/>\n4.Persik\u0173 uogos ir trigubas melionas ir vynuogi\u0173 ledas ir juodasis drakonas ledas ir gazuota vy\u0161ni\u0173 ledas ir gumin\u0117 me\u0161kiukas<br \/>\n5.Rainbow Candy ir vy\u0161ni\u0173 kola ledas ir Love 666 ir mango ledas ir m\u0117lyni\u0173 cukraus vata ir persik\u0173 ledas<br \/>\n6.Aloe lychee ledas ir ro\u017einis citrin\u0173 ir ledyn\u0173 ledas ir pipirm\u0117t\u0117 su pu\u0161ies spygliais ir juod\u0173j\u0173 serbent\u0173 ledas ir vandensmeliono citrina<\/p>\n<div class=\"flex-shrink-0 flex flex-col relative items-end\">\n<div class=\"pt-0\">\n<div class=\"gizmo-bot-avatar flex h-8 w-8 items-center justify-center overflow-hidden rounded-full\">\n<div class=\"relative p-1 rounded-sm flex items-center justify-center bg-token-main-surface-primary text-token-text-primary h-8 w-8\">\n<h2 data-start=\"1200\" data-end=\"1487\">Vapes Tornado \u2013 J\u016bs\u0173 didmenin\u0117 internetin\u0117 vape parduotuv\u0117 su geriausiais vape preki\u0173 \u017eenklais<\/h2>\n<p data-start=\"1200\" data-end=\"1487\"><strong data-start=\"141\" data-end=\"177\">Vapes Tornado Internetin\u0117 R\u016bkymo Parduotuv\u0117<\/strong> yra j\u016bs\u0173 patikimas \u0161altinis <strong data-start=\"205\" data-end=\"270\">premium vienkartiniai vape ir didmenin\u0117s elektronin\u0117s cigaret\u0117s Europoje<\/strong>. Mes si\u016blome populiariausias prekes kaip <strong data-start=\"307\" data-end=\"362\"><a href=\"https:\/\/vapestornado.com\/lt\/product\/randm-12000-puffs-fumot-digital-disposable-vape-wholesale-price\/\">Fumot VAPE<\/a>, <a href=\"https:\/\/vapestornado.com\/lt\/product\/waspe-150k-150000-puff-6-in-1-disposable-vape-pen-cartridge-best-wholesale-price-in-poland\/\">WASPE VAPE<\/a>, <\/strong><strong data-start=\"307\" data-end=\"362\"><a href=\"https:\/\/vapestornado.com\/lt\/product\/vozol-gear-shisha-25k-25000-puffs-best-dtl-disposable-vape-hookah-cheap-price\/\">VOZOL BAR VAPE<\/a>, \u00a0 Bang Vape<\/strong>, ir daugiau, u\u017etikrinant kokyb\u0119 ir \u012fvairov\u0119 kiekvienam klientui. Nesvarbu, ar esate individualus vartotojas ar didmeninis pirk\u0117jas, mes pristatome <strong data-start=\"481\" data-end=\"550\">auk\u0161tos kokyb\u0117s \u012frenginius, stilingus dizainus ir konkurencingas kainas<\/strong> kad atitikt\u0173 j\u016bs\u0173 poreikius.<\/p>\n<h2 data-start=\"2064\" data-end=\"2115\">DUK apie FIHP 120K p\u016bsl\u0117s vienkartin\u012f vape<\/h2>\n<p data-start=\"2159\" data-end=\"2318\"><strong data-start=\"2159\" data-end=\"2233\">1. Kiek skoni\u0173 si\u016blo FIHP 120K p\u016bsl\u0117s vienkartinis vape ra\u0161iklis?<\/strong><br data-start=\"2233\" data-end=\"2236\" \/>Jame yra 6-in-1 sistema, leid\u017eianti vartotojams m\u0117gautis \u0161e\u0161iais unikal\u016bs skoniais viename \u012frenginyje.<\/p>\n<p data-start=\"2320\" data-end=\"2445\"><strong data-start=\"2320\" data-end=\"2369\">2. Ar FIHP 120000 p\u016bsl\u0117s vape yra \u012fkraunamas?<\/strong><br data-start=\"2369\" data-end=\"2372\" \/>Taip, jis turi 650mAh \u012fkraunam\u0105 baterij\u0105 su greitu Type-C \u012fkrovimu.<\/p>\n<p data-start=\"2447\" data-end=\"2577\"><strong data-start=\"2447\" data-end=\"2511\">3. Kokie nikotino lygiai yra prieinami FIHP 120k P\u016bsl\u0117s?<\/strong><br data-start=\"2511\" data-end=\"2514\" \/>Galite pasirinkti tarp 2% ir 5%, priklausomai nuo j\u016bs\u0173 pageidavim\u0173.<\/p>\n<p data-start=\"2579\" data-end=\"2743\"><strong data-start=\"2579\" data-end=\"2646\">4. Kod\u0117l FIHP 120K laikomas vienu i\u0161 geriausi\u0173 pigi\u0173 elektronini\u0173 cigare\u010di\u0173?<\/strong><br data-start=\"2646\" data-end=\"2649\" \/>Jis si\u016blo \u0161e\u0161ias skoni\u0173 r\u016b\u0161is, 120000 \u012fkv\u0117pim\u0173 ir dvigubo tinklelio rit\u0117s kokyb\u0119 u\u017e labai konkurencing\u0105 kain\u0105.<\/p>\n<p data-start=\"2745\" data-end=\"2917\"><strong data-start=\"2745\" data-end=\"2813\">5. Kur galiu \u012fsigyti FIHP 120000 P\u016bsl\u0117s vienkartin\u0119 vape i\u0161ankstin\u012f kiek\u012f?<\/strong><br data-start=\"2813\" data-end=\"2816\" \/>Geriausios didmenin\u0117s pasi\u016blymai yra prieinami <strong data-start=\"2858\" data-end=\"2888\">Vapes Tornado internetin\u0117 vape parduotuv\u0117<\/strong>, patikima Europos platintoj\u0173.<\/p>\n<\/div>\n<\/div>\n<\/div>\n<\/div>","protected":false},"excerpt":{"rendered":"<p data-start=\"3204\" data-end=\"3282\">FIHP 120K 6-in-1 120000 P\u016bst\u0173 Vienkartinis Vape Pie\u0161tukas | Pigi Vapes Didmeninei prekybai<\/p>\n<p data-start=\"3286\" data-end=\"3358\">Pirkti FIHP 120000 P\u016bst\u0173 Vape Pie\u0161tuk\u0105 | Geriausi 6-in-1 Vienkartiniai Vape Lietuvoje<\/p>\n<p data-start=\"3362\" data-end=\"3446\">FIHP 120K P\u016bst\u0173 Vienkartinis Vape \u2013 Didelis Talpumas, Daugyb\u0117 Skoni\u0173, Geriausia Didmenin\u0117 Kaina<\/p>\n<p><strong>Prid\u0117kite Amy's whatsapp, kad gautum\u0117te tinkam\u0105 atsakym\u0105 ir nuolaidos kain\u0105!<\/strong><\/p>\n<p><img fetchpriority=\"high\" decoding=\"async\" class=\"size-full wp-image-2932\" src=\"https:\/\/vapestornado.com\/wp-content\/uploads\/2024\/12\/Vape-Wholesale.jpg\" alt=\"Garintuvai Didmenin\u0117 prekyba\" width=\"229\" height=\"300\" \/><\/p>\n<h3><a href=\"https:\/\/wa.me\/8617776015835\"><span style=\"color: #ff0000;\"><strong>WhatsApp: +86 17776015835<\/strong><\/span><\/a><\/h3>","protected":false},"featured_media":4428,"comment_status":"open","ping_status":"closed","template":"","meta":{"_acf_changed":false,"_uag_custom_page_level_css":"","_lmt_disableupdate":"no","_lmt_disable":"","_monsterinsights_skip_tracking":false,"_monsterinsights_sitenote_active":false,"_monsterinsights_sitenote_note":"","_monsterinsights_sitenote_category":0,"site-sidebar-layout":"default","site-content-layout":"","ast-site-content-layout":"default","site-content-style":"default","site-sidebar-style":"default","ast-global-header-display":"","ast-banner-title-visibility":"","ast-main-header-display":"","ast-hfb-above-header-display":"","ast-hfb-below-header-display":"","ast-hfb-mobile-header-display":"","site-post-title":"","ast-breadcrumbs-content":"","ast-featured-img":"","footer-sml-layout":"","ast-disable-related-posts":"","theme-transparent-header-meta":"default","adv-header-id-meta":"","stick-header-meta":"","header-above-stick-meta":"","header-main-stick-meta":"","header-below-stick-meta":"","astra-migrate-meta-layouts":"set","ast-page-background-enabled":"default","ast-page-background-meta":{"desktop":{"background-color":"","background-image":"","background-repeat":"repeat","background-position":"center center","background-size":"auto","background-attachment":"scroll","background-type":"","background-media":"","overlay-type":"","overlay-color":"","overlay-opacity":"","overlay-gradient":""},"tablet":{"background-color":"","background-image":"","background-repeat":"repeat","background-position":"center center","background-size":"auto","background-attachment":"scroll","background-type":"","background-media":"","overlay-type":"","overlay-color":"","overlay-opacity":"","overlay-gradient":""},"mobile":{"background-color":"","background-image":"","background-repeat":"repeat","background-position":"center center","background-size":"auto","background-attachment":"scroll","background-type":"","background-media":"","overlay-type":"","overlay-color":"","overlay-opacity":"","overlay-gradient":""}},"ast-content-background-meta":{"desktop":{"background-color":"var(--ast-global-color-5)","background-image":"","background-repeat":"repeat","background-position":"center center","background-size":"auto","background-attachment":"scroll","background-type":"","background-media":"","overlay-type":"","overlay-color":"","overlay-opacity":"","overlay-gradient":""},"tablet":{"background-color":"var(--ast-global-color-5)","background-image":"","background-repeat":"repeat","background-position":"center center","background-size":"auto","background-attachment":"scroll","background-type":"","background-media":"","overlay-type":"","overlay-color":"","overlay-opacity":"","overlay-gradient":""},"mobile":{"background-color":"var(--ast-global-color-5)","background-image":"","background-repeat":"repeat","background-position":"center center","background-size":"auto","background-attachment":"scroll","background-type":"","background-media":"","overlay-type":"","overlay-color":"","overlay-opacity":"","overlay-gradient":""}},"_joinchat":[]},"product_brand":[],"product_cat":[347,154,142,144,146,60],"product_tag":[387,287,368,388,395,390,393,386],"class_list":{"0":"post-4430","1":"product","2":"type-product","3":"status-publish","4":"has-post-thumbnail","6":"product_cat-120000-puff","7":"product_cat-buy-disposable-vapes-in-netherlands","8":"product_cat-digital-box-disposable-vapes","9":"product_cat-low-nicotine-disposable-vapes","10":"product_cat-rechargeable-disposable-vapes","11":"product_cat-waspe-fihp-vape","12":"product_tag-cigarette-vapor","13":"product_tag-disposable-vape-pen","14":"product_tag-disposable-vapor","15":"product_tag-e-vape","16":"product_tag-fihp-120k","17":"product_tag-online-vape-shop","18":"product_tag-vape-cartridge","19":"product_tag-vape-pen","20":"desktop-align-left","21":"tablet-align-left","22":"mobile-align-left","24":"first","25":"instock","26":"sale","27":"shipping-taxable","28":"purchasable","29":"product-type-simple"},"acf":[],"uagb_featured_image_src":{"full":["https:\/\/vapestornado.com\/wp-content\/uploads\/2025\/10\/FIHP-Multi-120000-puffs-Original-Disposable-Vape.webp",800,800,false],"thumbnail":["https:\/\/vapestornado.com\/wp-content\/uploads\/2025\/10\/FIHP-Multi-120000-puffs-Original-Disposable-Vape-150x150.webp",150,150,true],"medium":["https:\/\/vapestornado.com\/wp-content\/uploads\/2025\/10\/FIHP-Multi-120000-puffs-Original-Disposable-Vape-300x300.webp",300,300,true],"medium_large":["https:\/\/vapestornado.com\/wp-content\/uploads\/2025\/10\/FIHP-Multi-120000-puffs-Original-Disposable-Vape-768x768.webp",768,768,true],"large":["https:\/\/vapestornado.com\/wp-content\/uploads\/2025\/10\/FIHP-Multi-120000-puffs-Original-Disposable-Vape.webp",800,800,false],"1536x1536":["https:\/\/vapestornado.com\/wp-content\/uploads\/2025\/10\/FIHP-Multi-120000-puffs-Original-Disposable-Vape.webp",800,800,false],"2048x2048":["https:\/\/vapestornado.com\/wp-content\/uploads\/2025\/10\/FIHP-Multi-120000-puffs-Original-Disposable-Vape.webp",800,800,false],"trp-custom-language-flag":["https:\/\/vapestornado.com\/wp-content\/uploads\/2025\/10\/FIHP-Multi-120000-puffs-Original-Disposable-Vape-12x12.webp",12,12,true],"woocommerce_thumbnail":["https:\/\/vapestornado.com\/wp-content\/uploads\/2025\/10\/FIHP-Multi-120000-puffs-Original-Disposable-Vape-300x300.webp",300,300,true],"woocommerce_single":["https:\/\/vapestornado.com\/wp-content\/uploads\/2025\/10\/FIHP-Multi-120000-puffs-Original-Disposable-Vape-600x600.webp",600,600,true],"woocommerce_gallery_thumbnail":["https:\/\/vapestornado.com\/wp-content\/uploads\/2025\/10\/FIHP-Multi-120000-puffs-Original-Disposable-Vape-100x100.webp",100,100,true]},"uagb_author_info":{"display_name":"ESAMY","author_link":"https:\/\/vapestornado.com\/lt\/author\/"},"uagb_comment_info":1,"uagb_excerpt":"FIHP 120K 6-in-1 120000 Puff Disposable Vape Pen | Cheap Vapes for Wholesale Buy FIHP 120000 Puff Vape Pen | Best 6-in-1 Disposable Vapes in Europe FIHP 120K Puff Disposable Vape \u2013 Big Capacity, Multi Flavors, Best Wholesale Price Add Amy's whatsapp to get right reply and discount price! WhatsApp: +86 17776015835","_links":{"self":[{"href":"https:\/\/vapestornado.com\/lt\/wp-json\/wp\/v2\/product\/4430","targetHints":{"allow":["GET"]}}],"collection":[{"href":"https:\/\/vapestornado.com\/lt\/wp-json\/wp\/v2\/product"}],"about":[{"href":"https:\/\/vapestornado.com\/lt\/wp-json\/wp\/v2\/types\/product"}],"replies":[{"embeddable":true,"href":"https:\/\/vapestornado.com\/lt\/wp-json\/wp\/v2\/comments?post=4430"}],"wp:featuredmedia":[{"embeddable":true,"href":"https:\/\/vapestornado.com\/lt\/wp-json\/wp\/v2\/media\/4428"}],"wp:attachment":[{"href":"https:\/\/vapestornado.com\/lt\/wp-json\/wp\/v2\/media?parent=4430"}],"wp:term":[{"taxonomy":"product_brand","embeddable":true,"href":"https:\/\/vapestornado.com\/lt\/wp-json\/wp\/v2\/product_brand?post=4430"},{"taxonomy":"product_cat","embeddable":true,"href":"https:\/\/vapestornado.com\/lt\/wp-json\/wp\/v2\/product_cat?post=4430"},{"taxonomy":"product_tag","embeddable":true,"href":"https:\/\/vapestornado.com\/lt\/wp-json\/wp\/v2\/product_tag?post=4430"}],"curies":[{"name":"wp","href":"https:\/\/api.w.org\/{rel}","templated":true}]}}