{"id":4422,"date":"2025-10-14T09:29:02","date_gmt":"2025-10-14T09:29:02","guid":{"rendered":"https:\/\/vapestornado.com\/?post_type=product&#038;p=4422"},"modified":"2025-12-16T09:53:51","modified_gmt":"2025-12-16T09:53:51","slug":"waspe-150k-150000-puff-6-in-1-disposable-vape-pen-cartridge-best-wholesale-price-in-poland","status":"publish","type":"product","link":"https:\/\/vapestornado.com\/lt\/product\/waspe-150k-150000-puff-6-in-1-disposable-vape-pen-cartridge-best-wholesale-price-in-poland\/","title":{"rendered":"WASPE 150K 150000 P\u016bsl\u0117s 6 in 1 Vienkartinis Vape Pie\u0161tukas D\u0117\u017eut\u0117 Geriausia Didmenin\u0117 Kaina Lietuvoje"},"content":{"rendered":"<h2 data-pm-slice=\"1 1 []\">WASPE 150K 150000 P\u016bsl\u0117s 6 in 1 Vienkartinis Vape Pie\u0161tukas D\u0117\u017eut\u0117 Geriausia Didmenin\u0117 Kaina Lietuvoje<\/h2>\n<p data-start=\"112\" data-end=\"657\"><strong data-start=\"108\" data-end=\"134\">WASPE 150K 150000 R\u016bkali\u0173<\/strong> sukurtas vienam tikslui: <strong data-start=\"159\" data-end=\"204\">maksimalus veikimo laikas su tikru skonio \u012fvairove<\/strong> vienoje vienet\u0117je. Jis suteikia iki <strong data-start=\"236\" data-end=\"253\">150 000 p\u016btim\u0173<\/strong>, naudoja <strong data-start=\"262\" data-end=\"300\">6-in-1 perjungiam\u0105 kaset\u0117s sistem\u0105<\/strong>, ir turi <strong data-start=\"316\" data-end=\"350\">64 ml i\u0161 anksto pripildyto e-skys\u010dio tiekim\u0105<\/strong>\u2014 tod\u0117l nereikia keisti \u012frengini\u0173 kas savait\u0119. Vienetas <strong data-start=\"397\" data-end=\"422\">1.0\u03a9 triguba tinklelio rit\u0117<\/strong> laiko garus tankius ir skon\u012f \u0161var\u0173 kei\u010diant skonius, o <strong data-start=\"494\" data-end=\"515\">LED i\u0161manusis ekranas<\/strong> ai\u0161kiai rodo baterijos ir e-skys\u010dio b\u016bsen\u0105. Su <strong data-start=\"566\" data-end=\"604\">650 mAh Type-C \u012fkraunama baterija<\/strong> ir nikotino pasirinkimais <strong data-start=\"626\" data-end=\"640\">0%, 2%, 5%<\/strong>, jis tinka tiek asmeniniams vartotojams, tiek didmeniniams pirk\u0117jams, kurie nori auk\u0161tos paklausos produkto <strong data-start=\"726\" data-end=\"737\">Vape PL<\/strong> ir platesn\u0117ms Europos S\u0105jungos rinkoms.<\/p>\n<h3 data-start=\"996\" data-end=\"1043\">Kod\u0117l WASPE 150K 150000 R\u016bkali\u0173 suteikia geresn\u0119 vert\u0119 u\u017e kiekvien\u0105 \u012fkv\u0117pim\u0105?<\/h3>\n<ul data-start=\"1045\" data-end=\"2676\">\n<li data-start=\"1045\" data-end=\"1422\">\n<p data-start=\"1047\" data-end=\"1422\"><strong data-start=\"1047\" data-end=\"1096\">150K i\u0161tverm\u0117, paremta dideliu 64 ml tiekimu.<\/strong> \u0160is <strong data-start=\"1101\" data-end=\"1123\">WASPE 150000 R\u016bkali\u0173<\/strong> formatas yra sukurtas suma\u017einti nuolatinius keitimus, tod\u0117l jis sulaukia d\u0117mesio Lietuvoje ir u\u017e jos rib\u0173. Daugeliui vartotoj\u0173, lyginan\u010di\u0173 <strong data-start=\"1254\" data-end=\"1269\">Vapor\u0173 kaina<\/strong> prie\u0161 ilgaam\u017ei\u0161kum\u0105 <strong data-start=\"1290\" data-end=\"1301\">Vape PL<\/strong>, \u012frenginys su \u0161iuo talpumu gali pasi\u016blyti daug ma\u017eesn\u012f kainos ir dienos santyk\u012f nei ma\u017eesni \u201eVienkartiniai\u201c \u012frenginiai, kurie greitai i\u0161sikrauna.<\/p>\n<\/li>\n<li data-start=\"1424\" data-end=\"1739\">\n<p data-start=\"1426\" data-end=\"1739\"><strong data-start=\"1426\" data-end=\"1482\">6-in-1 kaset\u0117s keitimas apsaugo nuo skonio i\u0161sekimo.<\/strong> Ilgaam\u017eis \u012frenginys veikia tik tada, kai j\u012f vis dar m\u0117gstate po dviej\u0173 savai\u010di\u0173. The <strong data-start=\"1556\" data-end=\"1598\">6-in-1 pod ecig stiliaus kaset\u0117s sistema<\/strong> leid\u017eia i\u0161kart keisti skonius, tod\u0117l lengviau likti prie vieno \u012frenginio vietoje, o ne pirkti kelis \u012frenginius, siekiant naujo <strong data-start=\"1722\" data-end=\"1738\">vaper skonio<\/strong>.<\/p>\n<\/li>\n<li data-start=\"1741\" data-end=\"2061\">\n<p data-start=\"1743\" data-end=\"2061\"><strong data-start=\"1743\" data-end=\"1807\">Trigubas tinklelio rit\u0117s i\u0161\u0117jimas i\u0161lieka sklandus kei\u010diant skonius.<\/strong> \u0160is <strong data-start=\"1812\" data-end=\"1837\">1.0\u03a9 triguba tinklelio rit\u0117<\/strong> lygina \u0161ilum\u0105 ir padeda i\u0161laikyti nuosekl\u0173 gar\u0173 ir skonio kiek\u012f. Tai svarbu kei\u010diant skonius\u2014pigi\u0173 rit\u0117s gali sumai\u0161yti skon\u012f arba jaustis a\u0161triai. WASPE rit\u0117s nustatymai siekia \u0161vari\u0173 per\u0117jim\u0173 ir ma\u017eiau saus\u0173, \u0161iurk\u0161\u010di\u0173 traukim\u0173.<\/p>\n<\/li>\n<li data-start=\"2063\" data-end=\"2363\">\n<p data-start=\"2065\" data-end=\"2363\"><strong data-start=\"2065\" data-end=\"2111\">\u012ekraunama galia i\u0161laiko vert\u0119 s\u0105\u017eining\u0105.<\/strong> Su <strong data-start=\"2117\" data-end=\"2143\">650mAh Type-C \u012fkrovimas<\/strong>, \u012frenginys gali b\u016bti greitai papildytas ir naudotas ilg\u0105 laik\u0105. Tai suma\u017eina \u201ebaterija i\u0161sikrov\u0117 pirmiausia\u201c atliek\u0173 kiek\u012f\u2014viena i\u0161 pagrindini\u0173 problem\u0173, su kuriomis susiduria \u017emon\u0117s, pirkdami <strong data-start=\"2306\" data-end=\"2328\">Pigus elektroninis cigaretes<\/strong> kurios n\u0117ra skirtos ilgalaikiam naudojimui.<\/p>\n<\/li>\n<li data-start=\"2365\" data-end=\"2676\">\n<p data-start=\"2367\" data-end=\"2676\"><strong data-start=\"2367\" data-end=\"2422\">Sukurtas tiek asmeniniam naudojimui, tiek didmeninei apyvartai.<\/strong> Pagrindiniai techniniai duomenys (150 t\u016bkst. \u012fkv\u0117pim\u0173, 6 skoniai, 64 ml, LED ekranas) yra lengvai parduodami ma\u017emenin\u0117s prekybos vietose. Distributoriams tai paprasta istorija, kuri gerai veikia Lietuvoje, kur didel\u0117s talpos \u012frenginiai gali greitai jud\u0117ti.<\/p>\n<\/li>\n<\/ul>\n<p><strong><span style=\"color: #ff0000;\">Prid\u0117kite Amy whatsapp, gaukite tiesiogin\u012f atsakym\u0105 ir kupon\u0105 veipui!<\/span><\/strong><\/p>\n<p><img fetchpriority=\"high\" decoding=\"async\" class=\"size-full wp-image-2932\" src=\"https:\/\/vapestornado.com\/wp-content\/uploads\/2024\/12\/Vape-Wholesale.jpg\" alt=\"Garintuvai Didmenin\u0117 prekyba\" width=\"229\" height=\"300\" \/><\/p>\n<h3><a href=\"https:\/\/wa.me\/8617776015835\" target=\"_blank\" rel=\"noopener\"><span style=\"color: #ff0000;\"><strong>WhatsApp: +86 17776015835<\/strong><\/span><\/a><\/h3>\n<p>&nbsp;<\/p>\n<h2><strong>WASPE 150K 150000 R\u016bkal\u0173 funkcijos<\/strong><\/h2>\n<table>\n<thead>\n<tr>\n<th>Funkcija<\/th>\n<th>spec<\/th>\n<th>kaip tai veikia<\/th>\n<\/tr>\n<\/thead>\n<tbody>\n<tr>\n<td>Produkto pavadinimas<\/td>\n<td>WASPE 150K 150000 R\u016bkali\u0173<\/td>\n<td>Ultra auk\u0161tos talpos vienkartinis vape su skonio keitimu<\/td>\n<\/tr>\n<tr>\n<td>\u012ekv\u0117pim\u0173 skai\u010dius<\/td>\n<td>Iki 150 000 \u012fkv\u0117pim\u0173<\/td>\n<td>Sukurtas suma\u017einti keitimo da\u017enum\u0105 intensyviems rutinoms<\/td>\n<\/tr>\n<tr>\n<td>Skoni\u0173 sistema<\/td>\n<td>6-in-1 perjungiam\u0105 kaset\u0117s sistem\u0105<\/td>\n<td>I\u0161 karto keisti skonius viename \u012frenginyje<\/td>\n<\/tr>\n<tr>\n<td>E. skys\u010dio talpa<\/td>\n<td>64 ml i\u0161 anksto u\u017epildyta<\/td>\n<td>Didel\u0117 tiekimo apimtis palaiko ilgalaikes sesijas ir auk\u0161t\u0105 p\u016btimo \u012fvertinim\u0105<\/td>\n<\/tr>\n<tr>\n<td>Rit\u0117<\/td>\n<td>1.0\u03a9 triguba tinklelio rit\u0117<\/td>\n<td>Vienodas \u0161ildymas skystam garui ir nuosekli skoni\u0173 ai\u0161kumas<\/td>\n<\/tr>\n<tr>\n<td>Baterija<\/td>\n<td>650mAh \u012fkraunamas<\/td>\n<td>\u012ekraukite pagal poreik\u012f, kad naudotum\u0117te vis\u0105 skysto tiekim\u0105<\/td>\n<\/tr>\n<tr>\n<td>\u012ekrovimas<\/td>\n<td>C tipo greit\u0105j\u012f \u012fkrovim\u0105<\/td>\n<td>Greiti papildymai su \u012fprastais ES kabeliais<\/td>\n<\/tr>\n<tr>\n<td>Ekranas<\/td>\n<td>LED i\u0161manusis ekranas<\/td>\n<td>Rodo baterijos ir e-skys\u010dio lyg\u012f, kad b\u016bt\u0173 galima prognozuoti kasdien\u012f naudojim\u0105<\/td>\n<\/tr>\n<tr>\n<td>Nikotino pasirinkimai<\/td>\n<td>0% \/ 2% \/ 5%<\/td>\n<td>Palaiko nikotino neturin\u010dius, \u017eemus ir stipresnius pasirinkimus<\/td>\n<\/tr>\n<\/tbody>\n<\/table>\n<figure id=\"attachment_4416\" aria-describedby=\"caption-attachment-4416\" style=\"width: 300px\" class=\"wp-caption alignnone\"><img decoding=\"async\" class=\"size-medium wp-image-4416\" src=\"https:\/\/vapestornado.com\/wp-content\/uploads\/2025\/10\/WASPE-150K-150000-Puff-Disposable-Vape-Wholesale-Factory-Price-300x300.webp\" alt=\"WASPE 150K 150000 R\u016bkal\u0173 Vienkartinio Vape Didmenin\u0117 Gamyklin\u0117 Kaina\" width=\"300\" height=\"300\" srcset=\"https:\/\/vapestornado.com\/wp-content\/uploads\/2025\/10\/WASPE-150K-150000-Puff-Disposable-Vape-Wholesale-Factory-Price-300x300.webp 300w, https:\/\/vapestornado.com\/wp-content\/uploads\/2025\/10\/WASPE-150K-150000-Puff-Disposable-Vape-Wholesale-Factory-Price-150x150.webp 150w, https:\/\/vapestornado.com\/wp-content\/uploads\/2025\/10\/WASPE-150K-150000-Puff-Disposable-Vape-Wholesale-Factory-Price-768x768.webp 768w, https:\/\/vapestornado.com\/wp-content\/uploads\/2025\/10\/WASPE-150K-150000-Puff-Disposable-Vape-Wholesale-Factory-Price-12x12.webp 12w, https:\/\/vapestornado.com\/wp-content\/uploads\/2025\/10\/WASPE-150K-150000-Puff-Disposable-Vape-Wholesale-Factory-Price-600x600.webp 600w, https:\/\/vapestornado.com\/wp-content\/uploads\/2025\/10\/WASPE-150K-150000-Puff-Disposable-Vape-Wholesale-Factory-Price-100x100.webp 100w, https:\/\/vapestornado.com\/wp-content\/uploads\/2025\/10\/WASPE-150K-150000-Puff-Disposable-Vape-Wholesale-Factory-Price.webp 800w\" sizes=\"(max-width: 300px) 100vw, 300px\" \/><figcaption id=\"caption-attachment-4416\" class=\"wp-caption-text\">WASPE 150K 150000 R\u016bkal\u0173 Vienkartinio Vape Didmenin\u0117 Gamyklin\u0117 Kaina<\/figcaption><\/figure>\n<h2 class=\"product-title\"><strong>WASPE 150K 150000 P\u016bsti P\u016bsti Skoni\u0173 S\u0105ra\u0161as<\/strong><\/h2>\n<p data-start=\"2550\" data-end=\"2736\">1. Arb\u016bzas Ledas &amp; Citrina Limonas &amp; Persikas Citrina<br \/>\n2. M\u0117lyn\u0117s Ledas &amp; Bra\u0161k\u0117 Kivi &amp; Vy\u0161nia Bra\u0161ki\u0173 Ledas<br \/>\n3. Raudonas T\u016bzas Ledas &amp; Avie\u010di\u0173 Pomp &amp; R\u016bg\u0161tus Mango Bra\u0161k\u0117<br \/>\n4. Bra\u0161k\u0117 Arb\u016bzas &amp; Sultingas Persikas Ledas &amp; Trij\u0173 Uog\u0173 Ledas<br \/>\n5. Vy\u0161nios Kolos Ledas &amp; Bra\u0161k\u0117s Raudono T\u016bzo Ledas &amp; Arb\u016bzas Avie\u010di\u0173<br \/>\n6. Vynuog\u0117s Ledas &amp; M\u0117lynasis Razz Vy\u0161nia &amp; Bra\u0161ki\u0173 Ledas<br \/>\n7. Mi\u0161rios Uogos &amp; Juodasis Drakonas Ledas &amp; Bra\u0161k\u0117s Vy\u0161nios Kolos<br \/>\n8. Gazuotas Kolos Ledas &amp; Energijos G\u0117rimas &amp; Vy\u0161nios Ledas<br \/>\n9. Bra\u0161k\u0117 Bananas &amp; Kivi Arb\u016bzas &amp; Kokos\u0173 Bra\u0161k\u0117<br \/>\n10. Red Bull Cola Ledo &amp; Bra\u0161ki\u0173 Avie\u010di\u0173 Vy\u0161ni\u0173 &amp; Gervuogi\u0173 Drakono Vaisius<br \/>\n11. Bra\u0161ki\u0173 Arb\u016bz\u0173 Kramtomoji Guma &amp; R\u016bg\u0161tus Mangas Ledo &amp; Bra\u0161ki\u0173 Vynuogi\u0173 Ledo<br \/>\n12. Melionas Aistros Vaisius &amp; Gervuogi\u0173 Ledas &amp; Obuoli\u0173 Kivis<\/p>\n<div class=\"flex-shrink-0 flex flex-col relative items-end\">\n<div class=\"pt-0\">\n<div class=\"gizmo-bot-avatar flex h-8 w-8 items-center justify-center overflow-hidden rounded-full\">\n<div class=\"relative p-1 rounded-sm flex items-center justify-center bg-token-main-surface-primary text-token-text-primary h-8 w-8\">\n<h2 data-start=\"1200\" data-end=\"1487\">Vapes Tornado \u2013 J\u016bs\u0173 didmenin\u0117 internetin\u0117 vape parduotuv\u0117 su geriausiais vape preki\u0173 \u017eenklais<\/h2>\n<p data-start=\"1200\" data-end=\"1487\"><strong data-start=\"141\" data-end=\"177\">Vapes Tornado Internetin\u0117 R\u016bkymo Parduotuv\u0117<\/strong> yra j\u016bs\u0173 patikimas \u0161altinis <strong data-start=\"205\" data-end=\"270\">premium vienkartiniai vape ir didmenin\u0117s elektronin\u0117s cigaret\u0117s Europoje<\/strong>. Mes si\u016blome populiariausias prekes kaip <strong data-start=\"307\" data-end=\"362\"><a href=\"https:\/\/vapestornado.com\/lt\/product\/randm-12000-puffs-fumot-digital-disposable-vape-wholesale-price\/\">Fumot VAPE<\/a>, <a href=\"https:\/\/vapestornado.com\/lt\/product\/original-wga-ultra-35k-35000-puff-rechargeable-crystal-disposable-nicotine-vape-best-discount-price\/\">WGA VAPE<\/a>, <\/strong><strong data-start=\"307\" data-end=\"362\"><a href=\"https:\/\/vapestornado.com\/lt\/product\/vozol-gear-shisha-25k-25000-puffs-best-dtl-disposable-vape-hookah-cheap-price\/\">VOZOL BAR VAPE<\/a>, \u00a0 Bang Vape<\/strong>, ir daugiau, u\u017etikrinant kokyb\u0119 ir \u012fvairov\u0119 kiekvienam klientui. Nesvarbu, ar esate individualus vartotojas ar didmeninis pirk\u0117jas, mes pristatome <strong data-start=\"481\" data-end=\"550\">auk\u0161tos kokyb\u0117s \u012frenginius, stilingus dizainus ir konkurencingas kainas<\/strong> kad atitikt\u0173 j\u016bs\u0173 poreikius.<\/p>\n<h2 data-start=\"2064\" data-end=\"2115\">DUK apie WASPE 150K 150000 \u012ekv\u0117pim\u0173 Vienkartin\u012f Vape<\/h2>\n<ol data-start=\"3648\" data-end=\"4929\">\n<li data-start=\"3648\" data-end=\"3906\">\n<p data-start=\"3651\" data-end=\"3906\"><strong data-start=\"3651\" data-end=\"3759\">Kaip WASPE 150K 150000 p\u016btimo 64 ml vienkartinis vape \u012fveikia ilgalaik\u012f kasdien\u012f naudojim\u0105 be greito nusid\u0117v\u0117jimo?<\/strong><br data-start=\"3759\" data-end=\"3762\" \/>64 ml talpa palaiko ilgalaik\u012f naudojim\u0105, o Type-C \u012fkrovimas leid\u017eia j\u012f naudoti nuolat, kad b\u016bt\u0173 pasiektas ilgaam\u017ei\u0161kumo potencialas<\/p>\n<\/li>\n<li data-start=\"3908\" data-end=\"4121\">\n<p data-start=\"3911\" data-end=\"4121\"><strong data-start=\"3911\" data-end=\"3997\">Ar WASPE 150000 Puffs 6-in-1 kaset\u0117s sistema i\u0161laiko skon\u012f \u0161vie\u017ei\u0105 savai\u010di\u0173 b\u0117gyje?<\/strong><br data-start=\"3997\" data-end=\"4000\" \/>Taip. Skoni\u0173 keitimas ma\u017eina \u201eskonio nuovarg\u012f\u201c, kuris yra pagrindin\u0117 prie\u017eastis, kod\u0117l daugelis naudotoj\u0173 anksti atsisako didel\u0117s talpos \u012frengini\u0173<\/p>\n<\/li>\n<li data-start=\"4123\" data-end=\"4389\">\n<p data-start=\"4126\" data-end=\"4389\"><strong data-start=\"4126\" data-end=\"4227\">Kokia nauda i\u0161 1.0\u03a9 trigubo tinklelio rit\u0117s disposable kaip WASPE 150K?<\/strong><br data-start=\"4227\" data-end=\"4230\" \/>Trigubo tinklelio \u0161ildymas tolygiau paskirsto \u0161ilum\u0105, pagerina garo \u0161velnum\u0105 ir padeda i\u0161laikyti skonius ai\u0161kius\u2014ypa\u010d svarbu kei\u010diant kelis skonius<\/p>\n<\/li>\n<li data-start=\"4391\" data-end=\"4632\">\n<p data-start=\"4394\" data-end=\"4632\"><strong data-start=\"4394\" data-end=\"4493\">Ar WASPE 150K yra geresn\u0117 vert\u0117 nei Pig\u016bs elektroniniai cigaret\u0117s, lyginant Vapor kain\u0105 Vape PL?<\/strong><br data-start=\"4493\" data-end=\"4496\" \/>Da\u017enai taip. Net jei pradinis kainos lygis yra didesnis, dienos kaina gali b\u016bti ma\u017eesn\u0117 d\u0117l daug ma\u017eesnio keitim\u0173 skai\u010diaus ir \u012fkraunamos naudotojimo galimyb\u0117s<\/p>\n<\/li>\n<li data-start=\"4634\" data-end=\"4929\">\n<p data-start=\"4637\" data-end=\"4929\"><strong data-start=\"4637\" data-end=\"4746\">Kam labiausiai tinka WASPE 150K 150000 P\u016b\u010di\u0173\u2014lengviems naudotojams ar sunkesniems, siekiantiems stipraus garo skonio?<\/strong><br data-start=\"4746\" data-end=\"4749\" \/>Jis sukurtas daugiausia sunkesniems \u012fpratims ir naudotojams, kurie nori \u012fvairov\u0117s be keli\u0173 \u012frengini\u0173 ne\u0161iojimo. Nikotino pasirinkimai (0%, 2%, 5%) leid\u017eia j\u012f pritaikyti tiek lengvesniems, tiek stipresniems poreikiams<\/p>\n<\/li>\n<\/ol>\n<\/div>\n<\/div>\n<\/div>\n<\/div>","protected":false},"excerpt":{"rendered":"<p data-start=\"3411\" data-end=\"3490\">WASPE 150K 150000 R\u016bkali\u0173 vienkartinis vape su 6-in-1 skoni\u0173 kaset\u0117s sistema, 64 ml i\u0161 anksto pripildyto e-skys\u010dio, 1.0\u03a9 trigubo tinklelio rit\u0117, i\u0161manus LED ekranas ir 650mAh Type-C \u012fkrovimas. Galinga ilgalaik\u0117 vert\u0117 Vape PL pirk\u0117jams, lyginant Vapor kain\u0105, geriausi vienkartiniai ir pig\u016bs elektroniniai cigaret\u0117s, su pod ecig stiliaus skonio keitimu.<\/p>\n<p><strong>Prid\u0117kite Amy's whatsapp, kad gautum\u0117te tinkam\u0105 atsakym\u0105 ir nuolaidos kain\u0105!<\/strong><\/p>\n<p><img fetchpriority=\"high\" decoding=\"async\" class=\"size-full wp-image-2932\" src=\"https:\/\/vapestornado.com\/wp-content\/uploads\/2024\/12\/Vape-Wholesale.jpg\" alt=\"Garintuvai Didmenin\u0117 prekyba\" width=\"229\" height=\"300\" \/><\/p>\n<h3><a href=\"https:\/\/wa.me\/8617776015835\"><span style=\"color: #ff0000;\"><strong>WhatsApp: +86 17776015835<\/strong><\/span><\/a><\/h3>","protected":false},"featured_media":4421,"comment_status":"open","ping_status":"closed","template":"","meta":{"_acf_changed":false,"_uag_custom_page_level_css":"","_lmt_disableupdate":"no","_lmt_disable":"","_monsterinsights_skip_tracking":false,"_monsterinsights_sitenote_active":false,"_monsterinsights_sitenote_note":"","_monsterinsights_sitenote_category":0,"site-sidebar-layout":"default","site-content-layout":"","ast-site-content-layout":"default","site-content-style":"default","site-sidebar-style":"default","ast-global-header-display":"","ast-banner-title-visibility":"","ast-main-header-display":"","ast-hfb-above-header-display":"","ast-hfb-below-header-display":"","ast-hfb-mobile-header-display":"","site-post-title":"","ast-breadcrumbs-content":"","ast-featured-img":"","footer-sml-layout":"","ast-disable-related-posts":"","theme-transparent-header-meta":"default","adv-header-id-meta":"","stick-header-meta":"","header-above-stick-meta":"","header-main-stick-meta":"","header-below-stick-meta":"","astra-migrate-meta-layouts":"set","ast-page-background-enabled":"default","ast-page-background-meta":{"desktop":{"background-color":"","background-image":"","background-repeat":"repeat","background-position":"center center","background-size":"auto","background-attachment":"scroll","background-type":"","background-media":"","overlay-type":"","overlay-color":"","overlay-opacity":"","overlay-gradient":""},"tablet":{"background-color":"","background-image":"","background-repeat":"repeat","background-position":"center center","background-size":"auto","background-attachment":"scroll","background-type":"","background-media":"","overlay-type":"","overlay-color":"","overlay-opacity":"","overlay-gradient":""},"mobile":{"background-color":"","background-image":"","background-repeat":"repeat","background-position":"center center","background-size":"auto","background-attachment":"scroll","background-type":"","background-media":"","overlay-type":"","overlay-color":"","overlay-opacity":"","overlay-gradient":""}},"ast-content-background-meta":{"desktop":{"background-color":"var(--ast-global-color-5)","background-image":"","background-repeat":"repeat","background-position":"center center","background-size":"auto","background-attachment":"scroll","background-type":"","background-media":"","overlay-type":"","overlay-color":"","overlay-opacity":"","overlay-gradient":""},"tablet":{"background-color":"var(--ast-global-color-5)","background-image":"","background-repeat":"repeat","background-position":"center center","background-size":"auto","background-attachment":"scroll","background-type":"","background-media":"","overlay-type":"","overlay-color":"","overlay-opacity":"","overlay-gradient":""},"mobile":{"background-color":"var(--ast-global-color-5)","background-image":"","background-repeat":"repeat","background-position":"center center","background-size":"auto","background-attachment":"scroll","background-type":"","background-media":"","overlay-type":"","overlay-color":"","overlay-opacity":"","overlay-gradient":""}},"_joinchat":[]},"product_brand":[],"product_cat":[394,154,142,144,146,60],"product_tag":[387,287,388,390,393,386,392,391],"class_list":{"0":"post-4422","1":"product","2":"type-product","3":"status-publish","4":"has-post-thumbnail","6":"product_cat-150000-puff","7":"product_cat-buy-disposable-vapes-in-netherlands","8":"product_cat-digital-box-disposable-vapes","9":"product_cat-low-nicotine-disposable-vapes","10":"product_cat-rechargeable-disposable-vapes","11":"product_cat-waspe-fihp-vape","12":"product_tag-cigarette-vapor","13":"product_tag-disposable-vape-pen","14":"product_tag-e-vape","15":"product_tag-online-vape-shop","16":"product_tag-vape-cartridge","17":"product_tag-vape-pen","18":"product_tag-waspe-150000-puff","19":"product_tag-waspe-150k","20":"desktop-align-left","21":"tablet-align-left","22":"mobile-align-left","24":"first","25":"instock","26":"sale","27":"shipping-taxable","28":"purchasable","29":"product-type-simple"},"acf":[],"uagb_featured_image_src":{"full":["https:\/\/vapestornado.com\/wp-content\/uploads\/2025\/10\/WASPE-AIVIOU-150K-Disposable-Vape-Wholesale-Price.webp",800,800,false],"thumbnail":["https:\/\/vapestornado.com\/wp-content\/uploads\/2025\/10\/WASPE-AIVIOU-150K-Disposable-Vape-Wholesale-Price-150x150.webp",150,150,true],"medium":["https:\/\/vapestornado.com\/wp-content\/uploads\/2025\/10\/WASPE-AIVIOU-150K-Disposable-Vape-Wholesale-Price-300x300.webp",300,300,true],"medium_large":["https:\/\/vapestornado.com\/wp-content\/uploads\/2025\/10\/WASPE-AIVIOU-150K-Disposable-Vape-Wholesale-Price-768x768.webp",768,768,true],"large":["https:\/\/vapestornado.com\/wp-content\/uploads\/2025\/10\/WASPE-AIVIOU-150K-Disposable-Vape-Wholesale-Price.webp",800,800,false],"1536x1536":["https:\/\/vapestornado.com\/wp-content\/uploads\/2025\/10\/WASPE-AIVIOU-150K-Disposable-Vape-Wholesale-Price.webp",800,800,false],"2048x2048":["https:\/\/vapestornado.com\/wp-content\/uploads\/2025\/10\/WASPE-AIVIOU-150K-Disposable-Vape-Wholesale-Price.webp",800,800,false],"trp-custom-language-flag":["https:\/\/vapestornado.com\/wp-content\/uploads\/2025\/10\/WASPE-AIVIOU-150K-Disposable-Vape-Wholesale-Price-12x12.webp",12,12,true],"woocommerce_thumbnail":["https:\/\/vapestornado.com\/wp-content\/uploads\/2025\/10\/WASPE-AIVIOU-150K-Disposable-Vape-Wholesale-Price-300x300.webp",300,300,true],"woocommerce_single":["https:\/\/vapestornado.com\/wp-content\/uploads\/2025\/10\/WASPE-AIVIOU-150K-Disposable-Vape-Wholesale-Price-600x600.webp",600,600,true],"woocommerce_gallery_thumbnail":["https:\/\/vapestornado.com\/wp-content\/uploads\/2025\/10\/WASPE-AIVIOU-150K-Disposable-Vape-Wholesale-Price-100x100.webp",100,100,true]},"uagb_author_info":{"display_name":"ESAMY","author_link":"https:\/\/vapestornado.com\/lt\/author\/"},"uagb_comment_info":1,"uagb_excerpt":"WASPE 150K 150000 Puff disposable vape with 6-in-1 flavour cartridge system, 64ml prefilled e-liquid, 1.0\u03a9 triple mesh coil, LED smart display and 650mAh Type-C recharge. Strong long-life value for Vape PL buyers comparing Vapor price, Best disposables and Cheap e-cigarettes, with pod ecig style flavour switching. Add Amy's whatsapp to get right reply and discount&hellip;","_links":{"self":[{"href":"https:\/\/vapestornado.com\/lt\/wp-json\/wp\/v2\/product\/4422","targetHints":{"allow":["GET"]}}],"collection":[{"href":"https:\/\/vapestornado.com\/lt\/wp-json\/wp\/v2\/product"}],"about":[{"href":"https:\/\/vapestornado.com\/lt\/wp-json\/wp\/v2\/types\/product"}],"replies":[{"embeddable":true,"href":"https:\/\/vapestornado.com\/lt\/wp-json\/wp\/v2\/comments?post=4422"}],"wp:featuredmedia":[{"embeddable":true,"href":"https:\/\/vapestornado.com\/lt\/wp-json\/wp\/v2\/media\/4421"}],"wp:attachment":[{"href":"https:\/\/vapestornado.com\/lt\/wp-json\/wp\/v2\/media?parent=4422"}],"wp:term":[{"taxonomy":"product_brand","embeddable":true,"href":"https:\/\/vapestornado.com\/lt\/wp-json\/wp\/v2\/product_brand?post=4422"},{"taxonomy":"product_cat","embeddable":true,"href":"https:\/\/vapestornado.com\/lt\/wp-json\/wp\/v2\/product_cat?post=4422"},{"taxonomy":"product_tag","embeddable":true,"href":"https:\/\/vapestornado.com\/lt\/wp-json\/wp\/v2\/product_tag?post=4422"}],"curies":[{"name":"wp","href":"https:\/\/api.w.org\/{rel}","templated":true}]}}