{"id":4411,"date":"2025-10-05T07:54:46","date_gmt":"2025-10-05T07:54:46","guid":{"rendered":"https:\/\/vapestornado.com\/?post_type=product&#038;p=4411"},"modified":"2025-09-30T09:13:19","modified_gmt":"2025-09-30T09:13:19","slug":"aivono-flame-30000-puffs-disposable-e-vapor-wholesale-at-low-price","status":"publish","type":"product","link":"https:\/\/vapestornado.com\/lt\/product\/aivono-flame-30000-puffs-disposable-e-vapor-wholesale-at-low-price\/","title":{"rendered":"AIVONO FLAME 30000 \u012fkv\u0117pim\u0173 vienkartinis E garintuvas didmenin\u0117 kaina"},"content":{"rendered":"<h2 data-pm-slice=\"1 1 []\">AIVONO FLAME 30000 Vienkartinis Vape \u2013 Didmeninis E Gar\u0173 Pie\u0161tukas<\/h2>\n<p data-start=\"232\" data-end=\"653\">\u0160is <strong data-start=\"236\" data-end=\"278\">AIVONO FLAME 30000 Vienkartinis Vape Pie\u0161tukas<\/strong> sukurtas Europos didmeninei rinkai, teikiantis iki <strong data-start=\"340\" data-end=\"356\">30 000 \u012ftraukim\u0173<\/strong> i\u0161 <strong data-start=\"364\" data-end=\"386\">25 ml e-sklend\u0117s talpa<\/strong>. Sukurtas kaip auk\u0161\u010diausios kokyb\u0117s <strong data-start=\"410\" data-end=\"420\">e vape<\/strong> pasirinkimas, jis suteikia vartotojams piln\u0105 pasitenkinim\u0105 <strong data-start=\"471\" data-end=\"490\">cigare\u010di\u0173 garai<\/strong> alternatyva su turtingu skoniu ir \u0161velniu \u012fkv\u0117pimu. Ma\u017emenininkai naud\u0105 gauna i\u0161 ilgaam\u017ei\u0161kos konstrukcijos, kuri suma\u017eina keitimo da\u017enum\u0105 ir padidina pardavim\u0173 potencial\u0105.<\/p>\n<p data-start=\"655\" data-end=\"1065\">Maitinamas <strong data-start=\"668\" data-end=\"720\">650mAh \u012fkraunama baterija su Type-C \u012fkrovimu<\/strong>, <strong data-start=\"726\" data-end=\"746\">AIVONO FLAME 30k<\/strong> skirtas nuosek\u010diam veikimui. The <strong data-start=\"787\" data-end=\"810\">1.2\u03a9 dvigubo tinklelio rit\u0117<\/strong> sukuria tankius debesis ir gryn\u0105 skonio ai\u0161kum\u0105, o <strong data-start=\"868\" data-end=\"898\">reguliuojamas 2 grei\u010dio oro srauto<\/strong> leid\u017eia vartotojams pasirinkti tarp tvirtesnio MTL \u012fkv\u0117pimo ar laisvesnio RDL poj\u016b\u010dio. Jo <strong data-start=\"972\" data-end=\"992\">LED dviguba ekranas<\/strong> laiko vartotojus kontroliuojan\u010dius, rodydamas realaus laiko baterijos ir e-sklend\u0117s lygius.<\/p>\n<p data-start=\"1067\" data-end=\"1483\">Prieinama didmenin\u0117mis kainomis per patikimus <strong data-start=\"1114\" data-end=\"1134\">elektronini\u0173 cigare\u010di\u0173 internetin\u0117je parduotuv\u0117je<\/strong> partneriai, tai <strong data-start=\"1149\" data-end=\"1171\">AIVONO FLAME 30000<\/strong> ateina su populiariausiais skoniais kaip Mango Ice, Grape Ice, Blueberry Ice, Blueberry Raspberry Pomegranate ir Strawberry Watermelon. Su <strong data-start=\"1300\" data-end=\"1325\">vaiko u\u017erakinimo apsauga<\/strong> ir tvirta konstrukcija, \u0161is vienkartinis<strong data-start=\"1368\" data-end=\"1393\">\u00a0vape ra\u0161iklis<\/strong> yra protingas pasirinkimas Europos platintojams ir galutiniams vartotojams.<\/p>\n<p><strong><span style=\"color: #ff0000;\">Prid\u0117kite Amy whatsapp, gaukite tiesiogin\u012f atsakym\u0105 ir kupon\u0105 veipui!<\/span><\/strong><\/p>\n<p><img fetchpriority=\"high\" decoding=\"async\" class=\"size-full wp-image-2932\" src=\"https:\/\/vapestornado.com\/wp-content\/uploads\/2024\/12\/Vape-Wholesale.jpg\" alt=\"Garintuvai Didmenin\u0117 prekyba\" width=\"229\" height=\"300\" \/><\/p>\n<h3><a href=\"https:\/\/wa.me\/8617776015835\" target=\"_blank\" rel=\"noopener\"><span style=\"color: #ff0000;\"><strong>WhatsApp: +86 17776015835<\/strong><\/span><\/a><\/h3>\n<p>&nbsp;<\/p>\n<h2><strong>AIVONO AIM FLAME 30000 P\u016bsteli\u0173 produkto savyb\u0117s<\/strong><\/h2>\n<ul>\n<li data-start=\"1288\" data-end=\"1365\">\n<p data-start=\"1290\" data-end=\"1365\"><strong data-start=\"1290\" data-end=\"1312\">Iki 30 000 p\u016btim\u0173<\/strong> - Sukurtas ilgesniam naudojimui ir didmeninei efektyvumui.<\/p>\n<\/li>\n<li data-start=\"1366\" data-end=\"1439\">\n<p data-start=\"1368\" data-end=\"1439\"><strong data-start=\"1368\" data-end=\"1390\">25 ml e-sklend\u0117s talpa<\/strong> - Ilgesn\u0117s r\u016bkymo sesijos be keitimo.<\/p>\n<\/li>\n<li data-start=\"1440\" data-end=\"1518\">\n<p data-start=\"1442\" data-end=\"1518\"><strong data-start=\"1442\" data-end=\"1473\">650mAh \u012fkraunama baterija<\/strong> - Greitas <strong data-start=\"1481\" data-end=\"1500\">Type-C \u012fkrovimu<\/strong> paruo\u0161ia j\u012f naudoti.<\/p>\n<\/li>\n<li data-start=\"1519\" data-end=\"1596\">\n<p data-start=\"1521\" data-end=\"1596\"><strong data-start=\"1521\" data-end=\"1546\">Dvigubo tinklelio rit\u0117 (1.2\u03a9)<\/strong> - Turtingesnis skonis ir sklandesn\u0117 garo konsistencija.<\/p>\n<\/li>\n<li data-start=\"1597\" data-end=\"1672\">\n<p data-start=\"1599\" data-end=\"1672\"><strong data-start=\"1599\" data-end=\"1629\">2 grei\u010dio reguliuojamas oro srautas<\/strong> - Perjunkite tarp <strong data-start=\"1647\" data-end=\"1669\">MTL ir DTL r\u016bkymo<\/strong>.<\/p>\n<\/li>\n<li data-start=\"1673\" data-end=\"1736\">\n<p data-start=\"1675\" data-end=\"1736\"><strong data-start=\"1675\" data-end=\"1696\">Vaiko u\u017erakinimo saugumas<\/strong> - Papildoma apsauga ramyb\u0117s jausmui.<\/p>\n<\/li>\n<li data-start=\"1737\" data-end=\"1804\">\n<p data-start=\"1739\" data-end=\"1804\"><strong data-start=\"1739\" data-end=\"1759\">LED dviguba ekranas<\/strong> - Realaus laiko e-skys\u010dio ir baterijos steb\u0117jimas.<\/p>\n<\/li>\n<\/ul>\n<p>&nbsp;<\/p>\n<figure id=\"attachment_4409\" aria-describedby=\"caption-attachment-4409\" style=\"width: 300px\" class=\"wp-caption alignnone\"><img decoding=\"async\" class=\"size-medium wp-image-4409\" src=\"https:\/\/vapestornado.com\/wp-content\/uploads\/2025\/09\/Aivono-Flame-30k-30000-Puffs-Disposable-Vape-Box-300x300.webp\" alt=\"Aivono Flame 30k 30000 P\u016bsteli\u0173 Vienkartinis Vape d\u0117\u017eut\u0117\" width=\"300\" height=\"300\" srcset=\"https:\/\/vapestornado.com\/wp-content\/uploads\/2025\/09\/Aivono-Flame-30k-30000-Puffs-Disposable-Vape-Box-300x300.webp 300w, https:\/\/vapestornado.com\/wp-content\/uploads\/2025\/09\/Aivono-Flame-30k-30000-Puffs-Disposable-Vape-Box-150x150.webp 150w, https:\/\/vapestornado.com\/wp-content\/uploads\/2025\/09\/Aivono-Flame-30k-30000-Puffs-Disposable-Vape-Box-768x768.webp 768w, https:\/\/vapestornado.com\/wp-content\/uploads\/2025\/09\/Aivono-Flame-30k-30000-Puffs-Disposable-Vape-Box-12x12.webp 12w, https:\/\/vapestornado.com\/wp-content\/uploads\/2025\/09\/Aivono-Flame-30k-30000-Puffs-Disposable-Vape-Box-600x600.webp 600w, https:\/\/vapestornado.com\/wp-content\/uploads\/2025\/09\/Aivono-Flame-30k-30000-Puffs-Disposable-Vape-Box-100x100.webp 100w, https:\/\/vapestornado.com\/wp-content\/uploads\/2025\/09\/Aivono-Flame-30k-30000-Puffs-Disposable-Vape-Box.webp 800w\" sizes=\"(max-width: 300px) 100vw, 300px\" \/><figcaption id=\"caption-attachment-4409\" class=\"wp-caption-text\">Aivono Flame 30k 30000 P\u016bsteli\u0173 Vienkartinis Vape d\u0117\u017eut\u0117<\/figcaption><\/figure>\n<p>&nbsp;<\/p>\n<h2 class=\"product-title\"><strong>AIVONOFLAME 30000 p\u016btimo skoni\u0173 s\u0105ra\u0161as<\/strong><\/h2>\n<p data-start=\"2550\" data-end=\"2736\">1. Mango ledas<br \/>\n2. Rape ledas<br \/>\n3. M\u0117lyni\u0173 ledas<br \/>\n4. M\u0117lyn\u0117 Aviet\u0117 Granatas<br \/>\n5. Bra\u0161ki\u0173 arb\u016bzas<\/p>\n<div class=\"flex-shrink-0 flex flex-col relative items-end\">\n<div class=\"pt-0\">\n<div class=\"gizmo-bot-avatar flex h-8 w-8 items-center justify-center overflow-hidden rounded-full\">\n<div class=\"relative p-1 rounded-sm flex items-center justify-center bg-token-main-surface-primary text-token-text-primary h-8 w-8\">\n<h2 data-start=\"1200\" data-end=\"1487\">Vapes Tornado \u2013 J\u016bs\u0173 didmenin\u0117 internetin\u0117 vape parduotuv\u0117 su geriausiais vape preki\u0173 \u017eenklais<\/h2>\n<p data-start=\"1200\" data-end=\"1487\"><strong data-start=\"141\" data-end=\"177\">Vapes Tornado Internetin\u0117 R\u016bkymo Parduotuv\u0117<\/strong> yra j\u016bs\u0173 patikimas \u0161altinis <strong data-start=\"205\" data-end=\"270\">premium vienkartiniai vape ir didmenin\u0117s elektronin\u0117s cigaret\u0117s Europoje<\/strong>. Mes si\u016blome populiariausias prekes kaip <strong data-start=\"307\" data-end=\"362\"><a href=\"https:\/\/vapestornado.com\/lt\/product\/randm-12000-puffs-fumot-digital-disposable-vape-wholesale-price\/\">Fumot VAPE<\/a>, <a href=\"https:\/\/vapestornado.com\/lt\/product\/original-wga-ultra-35k-35000-puff-rechargeable-crystal-disposable-nicotine-vape-best-discount-price\/\">WGA VAPE<\/a>, <\/strong><strong data-start=\"307\" data-end=\"362\"><a href=\"https:\/\/vapestornado.com\/lt\/product\/vozol-gear-shisha-25k-25000-puffs-best-dtl-disposable-vape-hookah-cheap-price\/\">VOZOL BAR VAPE<\/a>, \u00a0 Bang Vape<\/strong>, ir daugiau, u\u017etikrinant kokyb\u0119 ir \u012fvairov\u0119 kiekvienam klientui. Nesvarbu, ar esate individualus vartotojas ar didmeninis pirk\u0117jas, mes pristatome <strong data-start=\"481\" data-end=\"550\">auk\u0161tos kokyb\u0117s \u012frenginius, stilingus dizainus ir konkurencingas kainas<\/strong> kad atitikt\u0173 j\u016bs\u0173 poreikius.<\/p>\n<h2 data-start=\"2064\" data-end=\"2115\">DUK apie AIVONO 30000 p\u016btimo vienkartin\u012f vape<\/h2>\n<p data-start=\"1856\" data-end=\"2020\"><strong data-start=\"1856\" data-end=\"1903\">1. Kiek laiko tarnauja AIVONO FLAME 30K?<\/strong><br data-start=\"1903\" data-end=\"1906\" \/>Kiekvienas \u012frenginys suteikia iki <strong data-start=\"1933\" data-end=\"1949\">30 000 \u012ftraukim\u0173<\/strong>, tod\u0117l tai yra vienas ilgiausiai tarnaujan\u010di\u0173 vienkartini\u0173 vape savo klas\u0117je.<\/p>\n<p data-start=\"2022\" data-end=\"2154\"><strong data-start=\"2022\" data-end=\"2057\">2. Ar baterija \u012fkraunama?<\/strong><br data-start=\"2057\" data-end=\"2060\" \/>Taip. Jis tiekiamas su <strong data-start=\"2081\" data-end=\"2112\">650mAh \u012fkraunama baterija<\/strong> ir <strong data-start=\"2117\" data-end=\"2132\">Type-C prievad\u0105<\/strong> skirtas greitam \u012fkrovimui.<\/p>\n<p data-start=\"2156\" data-end=\"2307\"><strong data-start=\"2156\" data-end=\"2198\">3. Ar palaiko reguliuojam\u0105 oro sraut\u0105?<\/strong><br data-start=\"2198\" data-end=\"2201\" \/>Taip. The <strong data-start=\"2210\" data-end=\"2234\">dvigubas oro srauto valdymas<\/strong> leid\u017eia vartotojams perjungti tarp <strong data-start=\"2261\" data-end=\"2280\">grie\u017et\u0173 MTL \u012ftraukim\u0173<\/strong> ir <strong data-start=\"2285\" data-end=\"2304\">laisvesni\u0173 DTL sm\u016bgi\u0173<\/strong>.<\/p>\n<p data-start=\"2309\" data-end=\"2532\"><strong data-start=\"2309\" data-end=\"2358\">4. Kuo jis geresnis didmeniniams pirk\u0117jams?<\/strong><br data-start=\"2358\" data-end=\"2361\" \/>\u0160is <strong data-start=\"2365\" data-end=\"2426\">didel\u0117 \u012fp\u016btim\u0173 talpa, \u012fkraunamas dizainas ir LED ekranas<\/strong> padidina klient\u0173 pasitenkinim\u0105 ir pakartotinius pardavimus, tod\u0117l idealiai tinka <strong data-start=\"2496\" data-end=\"2529\">internetini\u0173 elektronini\u0173 cigare\u010di\u0173 parduotuvi\u0173 platintojams<\/strong>.<\/p>\n<p data-start=\"2534\" data-end=\"2693\"><strong data-start=\"2534\" data-end=\"2568\">5. Kokie skoniai yra?<\/strong><br data-start=\"2568\" data-end=\"2571\" \/>Populiariausi skoniai yra <strong data-start=\"2591\" data-end=\"2690\">Mango Ice, Grape Ice, Blueberry Ice, Blueberry Raspberry Pomegranate ir Strawberry Watermelon<\/strong>.<\/p>\n<\/div>\n<\/div>\n<\/div>\n<\/div>","protected":false},"excerpt":{"rendered":"<p data-start=\"2637\" data-end=\"2714\">AIVONO FLAME 30000 Vienkartinis Vape Pie\u0161tukas \u2013 30K P\u016b\u010di\u0173 E D\u016bm\u0173 Didmenin\u0117 Europa<br \/>\nPirkite AIVONO FLAME 30K P\u016b\u010di\u0173 LED Ekrano Shisha Pie\u0161tukas \u2013 Internetin\u0117 Vape Parduotuv\u0117 EU<br \/>\nAIVONO FLAME 30000 P\u016b\u010di\u0173 Elektronin\u0117 Cigaret\u0117 Garai \u2013 Geriausias Didmeninis Vienkartinis Vape<\/p>\n<p><strong>Prid\u0117kite Amy's whatsapp, kad gautum\u0117te tinkam\u0105 atsakym\u0105 ir nuolaidos kain\u0105!<\/strong><\/p>\n<p><img fetchpriority=\"high\" decoding=\"async\" class=\"size-full wp-image-2932\" src=\"https:\/\/vapestornado.com\/wp-content\/uploads\/2024\/12\/Vape-Wholesale.jpg\" alt=\"Garintuvai Didmenin\u0117 prekyba\" width=\"229\" height=\"300\" \/><\/p>\n<h3><a href=\"https:\/\/wa.me\/8617776015835\"><span style=\"color: #ff0000;\"><strong>WhatsApp: +86 17776015835<\/strong><\/span><\/a><\/h3>","protected":false},"featured_media":4405,"comment_status":"open","ping_status":"closed","template":"","meta":{"_acf_changed":false,"_uag_custom_page_level_css":"","_lmt_disableupdate":"no","_lmt_disable":"","_monsterinsights_skip_tracking":false,"_monsterinsights_sitenote_active":false,"_monsterinsights_sitenote_note":"","_monsterinsights_sitenote_category":0,"site-sidebar-layout":"default","site-content-layout":"","ast-site-content-layout":"default","site-content-style":"default","site-sidebar-style":"default","ast-global-header-display":"","ast-banner-title-visibility":"","ast-main-header-display":"","ast-hfb-above-header-display":"","ast-hfb-below-header-display":"","ast-hfb-mobile-header-display":"","site-post-title":"","ast-breadcrumbs-content":"","ast-featured-img":"","footer-sml-layout":"","ast-disable-related-posts":"","theme-transparent-header-meta":"default","adv-header-id-meta":"","stick-header-meta":"","header-above-stick-meta":"","header-main-stick-meta":"","header-below-stick-meta":"","astra-migrate-meta-layouts":"set","ast-page-background-enabled":"default","ast-page-background-meta":{"desktop":{"background-color":"","background-image":"","background-repeat":"repeat","background-position":"center center","background-size":"auto","background-attachment":"scroll","background-type":"","background-media":"","overlay-type":"","overlay-color":"","overlay-opacity":"","overlay-gradient":""},"tablet":{"background-color":"","background-image":"","background-repeat":"repeat","background-position":"center center","background-size":"auto","background-attachment":"scroll","background-type":"","background-media":"","overlay-type":"","overlay-color":"","overlay-opacity":"","overlay-gradient":""},"mobile":{"background-color":"","background-image":"","background-repeat":"repeat","background-position":"center center","background-size":"auto","background-attachment":"scroll","background-type":"","background-media":"","overlay-type":"","overlay-color":"","overlay-opacity":"","overlay-gradient":""}},"ast-content-background-meta":{"desktop":{"background-color":"var(--ast-global-color-5)","background-image":"","background-repeat":"repeat","background-position":"center center","background-size":"auto","background-attachment":"scroll","background-type":"","background-media":"","overlay-type":"","overlay-color":"","overlay-opacity":"","overlay-gradient":""},"tablet":{"background-color":"var(--ast-global-color-5)","background-image":"","background-repeat":"repeat","background-position":"center center","background-size":"auto","background-attachment":"scroll","background-type":"","background-media":"","overlay-type":"","overlay-color":"","overlay-opacity":"","overlay-gradient":""},"mobile":{"background-color":"var(--ast-global-color-5)","background-image":"","background-repeat":"repeat","background-position":"center center","background-size":"auto","background-attachment":"scroll","background-type":"","background-media":"","overlay-type":"","overlay-color":"","overlay-opacity":"","overlay-gradient":""}},"_joinchat":[]},"product_brand":[],"product_cat":[67,176,150,151,142,146],"product_tag":[389,387,388,390,386],"class_list":{"0":"post-4411","1":"product","2":"type-product","3":"status-publish","4":"has-post-thumbnail","6":"product_cat-30000-puff","7":"product_cat-aivono-vape","8":"product_cat-buy-disposable-vapes-in-belgium","9":"product_cat-buy-disposable-vapes-in-france","10":"product_cat-digital-box-disposable-vapes","11":"product_cat-rechargeable-disposable-vapes","12":"product_tag-aivono-flame-30000","13":"product_tag-cigarette-vapor","14":"product_tag-e-vape","15":"product_tag-online-vape-shop","16":"product_tag-vape-pen","17":"desktop-align-left","18":"tablet-align-left","19":"mobile-align-left","21":"first","22":"instock","23":"sale","24":"shipping-taxable","25":"purchasable","26":"product-type-simple"},"acf":[],"uagb_featured_image_src":{"full":["https:\/\/vapestornado.com\/wp-content\/uploads\/2025\/09\/Aivono-30k-30000-Puffs-Disposable-Vape-Vaper.webp",800,800,false],"thumbnail":["https:\/\/vapestornado.com\/wp-content\/uploads\/2025\/09\/Aivono-30k-30000-Puffs-Disposable-Vape-Vaper-150x150.webp",150,150,true],"medium":["https:\/\/vapestornado.com\/wp-content\/uploads\/2025\/09\/Aivono-30k-30000-Puffs-Disposable-Vape-Vaper-300x300.webp",300,300,true],"medium_large":["https:\/\/vapestornado.com\/wp-content\/uploads\/2025\/09\/Aivono-30k-30000-Puffs-Disposable-Vape-Vaper-768x768.webp",768,768,true],"large":["https:\/\/vapestornado.com\/wp-content\/uploads\/2025\/09\/Aivono-30k-30000-Puffs-Disposable-Vape-Vaper.webp",800,800,false],"1536x1536":["https:\/\/vapestornado.com\/wp-content\/uploads\/2025\/09\/Aivono-30k-30000-Puffs-Disposable-Vape-Vaper.webp",800,800,false],"2048x2048":["https:\/\/vapestornado.com\/wp-content\/uploads\/2025\/09\/Aivono-30k-30000-Puffs-Disposable-Vape-Vaper.webp",800,800,false],"trp-custom-language-flag":["https:\/\/vapestornado.com\/wp-content\/uploads\/2025\/09\/Aivono-30k-30000-Puffs-Disposable-Vape-Vaper-12x12.webp",12,12,true],"woocommerce_thumbnail":["https:\/\/vapestornado.com\/wp-content\/uploads\/2025\/09\/Aivono-30k-30000-Puffs-Disposable-Vape-Vaper-300x300.webp",300,300,true],"woocommerce_single":["https:\/\/vapestornado.com\/wp-content\/uploads\/2025\/09\/Aivono-30k-30000-Puffs-Disposable-Vape-Vaper-600x600.webp",600,600,true],"woocommerce_gallery_thumbnail":["https:\/\/vapestornado.com\/wp-content\/uploads\/2025\/09\/Aivono-30k-30000-Puffs-Disposable-Vape-Vaper-100x100.webp",100,100,true]},"uagb_author_info":{"display_name":"ESAMY","author_link":"https:\/\/vapestornado.com\/lt\/author\/"},"uagb_comment_info":0,"uagb_excerpt":"AIVONO FLAME 30000 Disposable Vape Pen \u2013 30K Puff E Vapor Wholesale Europe Buy AIVONO FLAME 30K Puff LED Display E Shisha Pen \u2013 Online Vape Shop EU AIVONO FLAME 30000 Puffs Electronic Cigarette Vapor \u2013 Best Wholesale Disposable Vape Add Amy's whatsapp to get right reply and discount price! WhatsApp: +86 17776015835","_links":{"self":[{"href":"https:\/\/vapestornado.com\/lt\/wp-json\/wp\/v2\/product\/4411","targetHints":{"allow":["GET"]}}],"collection":[{"href":"https:\/\/vapestornado.com\/lt\/wp-json\/wp\/v2\/product"}],"about":[{"href":"https:\/\/vapestornado.com\/lt\/wp-json\/wp\/v2\/types\/product"}],"replies":[{"embeddable":true,"href":"https:\/\/vapestornado.com\/lt\/wp-json\/wp\/v2\/comments?post=4411"}],"wp:featuredmedia":[{"embeddable":true,"href":"https:\/\/vapestornado.com\/lt\/wp-json\/wp\/v2\/media\/4405"}],"wp:attachment":[{"href":"https:\/\/vapestornado.com\/lt\/wp-json\/wp\/v2\/media?parent=4411"}],"wp:term":[{"taxonomy":"product_brand","embeddable":true,"href":"https:\/\/vapestornado.com\/lt\/wp-json\/wp\/v2\/product_brand?post=4411"},{"taxonomy":"product_cat","embeddable":true,"href":"https:\/\/vapestornado.com\/lt\/wp-json\/wp\/v2\/product_cat?post=4411"},{"taxonomy":"product_tag","embeddable":true,"href":"https:\/\/vapestornado.com\/lt\/wp-json\/wp\/v2\/product_tag?post=4411"}],"curies":[{"name":"wp","href":"https:\/\/api.w.org\/{rel}","templated":true}]}}