{"id":4410,"date":"2025-10-02T03:56:17","date_gmt":"2025-10-02T03:56:17","guid":{"rendered":"https:\/\/vapestornado.com\/?post_type=product&#038;p=4410"},"modified":"2025-09-30T08:04:32","modified_gmt":"2025-09-30T08:04:32","slug":"aivono-fatmax-50k-puff-smart-screen-disposable-e-shisha-hookah-bar","status":"publish","type":"product","link":"https:\/\/vapestornado.com\/lt\/product\/aivono-fatmax-50k-puff-smart-screen-disposable-e-shisha-hookah-bar\/","title":{"rendered":"AIVONO FATMAX 50K P\u016bsl\u0117 I\u0161manusis Ekranas Vienkartin\u0117 E \u0160i\u0161a Vamzdis Baras"},"content":{"rendered":"<h2 data-pm-slice=\"1 1 []\">AIVONO FATMAX 50K Vienkartin\u0117 \u0160i\u0161a kaljan\u0173 baras \u2013 I\u0161manus ekranas E \u0160i\u0161a<\/h2>\n<p data-start=\"242\" data-end=\"546\">\u0160is <strong data-start=\"246\" data-end=\"267\">AIVONO FATMAX 50K<\/strong> yra naujos kartos <strong data-start=\"284\" data-end=\"309\">elektroninis kaljanas baras<\/strong> sukurtas ilgalaikiam veikimui ir dr\u0105siam skoniui. Kiekvienas \u012frenginys yra i\u0161 anksto pripildytas <strong data-start=\"679\" data-end=\"707\">30 ml auk\u0161tos kokyb\u0117s e-liquido<\/strong>, suteikian\u010dio <strong data-start=\"726\" data-end=\"749\">50 000 skland\u017ei\u0173 p\u016btim\u0173<\/strong>\u2014 puikiai tinkantis ilgalaikiam naudojimui be da\u017en\u0173 keitim\u0173. Sukurtas su precizi\u0161kai in\u017einerine tinklelio rit\u0117s technologija,, \u00a0\u0161is <strong data-start=\"452\" data-end=\"480\">vienkartinis kaljanas<\/strong> teikia \u0161veln\u0173 gar\u0105, turting\u0105 skon\u012f ir nuosekl\u0173 pasitenkinim\u0105.<\/p>\n<p data-start=\"548\" data-end=\"851\">Jo <strong data-start=\"552\" data-end=\"609\">800 mAh \u012fkraunama baterija su Type-C greitu \u012fkrovimu<\/strong> u\u017etikrina patikimas sesijas. Skirtingai nuo \u012fprast\u0173 vienkartini\u0173 vape'\u0173, FATMAX 50K turi <strong data-start=\"1144\" data-end=\"1169\">ai\u0161ki\u0105 skaitmenin\u0119 ekran\u0105<\/strong> kuris rodo <strong data-start=\"1181\" data-end=\"1233\">realaus laiko e-liquido lygius ir baterijos procent\u0105<\/strong>, i\u0161vengiant saus\u0173 \u012fkvepim\u0173 ir sp\u0117jim\u0173. \u00a0Galima \u012fsigyti <strong data-start=\"744\" data-end=\"785\">0%, 2%, 3% ir 5% nikotino stiprumo<\/strong>, FATMAX 50K skirtas pla\u010diam naudotoj\u0173 ratui \u2013 nuo t\u0173, kurie m\u0117gsta <strong data-start=\"1673\" data-end=\"1703\">nikotino neturin\u010di\u0105 \u0161ich\u0105 patirt\u012f<\/strong> iki t\u0173, kurie nori <strong data-start=\"1725\" data-end=\"1746\">stipraus gerkl\u0117s sm\u016bgio<\/strong>.<\/p>\n<p data-start=\"853\" data-end=\"1034\">Kompakti\u0161kas, bet galingas, <strong data-start=\"879\" data-end=\"909\">AIVONO FATMAX 50K elektronin\u0117 \u0161icha<\/strong> yra <strong data-start=\"917\" data-end=\"947\">geriausias vienkartinis \u017eiebtuv\u0117lis baras<\/strong> didmenin\u0117ms ir jaun\u0173 suaugusi\u0173 vartotoj\u0173, ie\u0161kan\u010di\u0173 stiliaus, i\u0161tverm\u0117s ir patogumo.<\/p>\n<p><strong><span style=\"color: #ff0000;\">Prid\u0117kite Amy whatsapp, gaukite tiesiogin\u012f atsakym\u0105 ir kupon\u0105 veipui!<\/span><\/strong><\/p>\n<p><img fetchpriority=\"high\" decoding=\"async\" class=\"size-full wp-image-2932\" src=\"https:\/\/vapestornado.com\/wp-content\/uploads\/2024\/12\/Vape-Wholesale.jpg\" alt=\"Garintuvai Didmenin\u0117 prekyba\" width=\"229\" height=\"300\" \/><\/p>\n<h3><a href=\"https:\/\/wa.me\/8617776015835\" target=\"_blank\" rel=\"noopener\"><span style=\"color: #ff0000;\"><strong>WhatsApp: +86 17776015835<\/strong><\/span><\/a><\/h3>\n<p>&nbsp;<\/p>\n<h2><strong>AIVONO FATMAX 50K Puf funkcijos<\/strong><\/h2>\n<ul>\n<li data-start=\"1069\" data-end=\"1112\">\n<p data-start=\"1071\" data-end=\"1112\">Iki <strong data-start=\"1077\" data-end=\"1093\">50 000 \u012fkv\u0117pim\u0173<\/strong> su 30 ml bakeliu<\/p>\n<\/li>\n<li data-start=\"1113\" data-end=\"1169\">\n<p data-start=\"1115\" data-end=\"1169\"><strong data-start=\"1115\" data-end=\"1133\">0,6 \u03a9 tinklelio rit\u0117<\/strong> skland\u017eiai debesys ir pilnas skonis<\/p>\n<\/li>\n<li data-start=\"1170\" data-end=\"1229\">\n<p data-start=\"1172\" data-end=\"1229\"><strong data-start=\"1172\" data-end=\"1193\">I\u0161manus LED ekranas<\/strong> baterijos ir elektroninio skys\u010dio steb\u0117jimui<\/p>\n<\/li>\n<li data-start=\"1230\" data-end=\"1287\">\n<p data-start=\"1232\" data-end=\"1287\"><strong data-start=\"1232\" data-end=\"1270\">800mAh Type-C \u012fkraunama baterija<\/strong> ilgesniam naudojimui<\/p>\n<\/li>\n<li data-start=\"1288\" data-end=\"1340\">\n<p data-start=\"1290\" data-end=\"1340\">Nikotino lankstumas: <strong data-start=\"1312\" data-end=\"1330\">0%, 2%, 3%, 5%<\/strong> galimyb\u0117s<\/p>\n<\/li>\n<li data-start=\"1341\" data-end=\"1405\">\n<p data-start=\"1343\" data-end=\"1405\">Tiesioginis \u012fkv\u0117pimas \u012f plau\u010dius (DTL) \u0161ichos patir\u010diai<\/p>\n<\/li>\n<\/ul>\n<figure id=\"attachment_4400\" aria-describedby=\"caption-attachment-4400\" style=\"width: 800px\" class=\"wp-caption alignnone\"><img decoding=\"async\" class=\"wp-image-4400 size-full\" src=\"https:\/\/vapestornado.com\/wp-content\/uploads\/2025\/09\/Aivono-50000-Puff-50k-Disposable-E-Shisha-Hookah.webp\" alt=\"Aivono 50000 Puf vienkartin\u0117 elektronin\u0117 \u0161icha hookah\" width=\"800\" height=\"800\" srcset=\"https:\/\/vapestornado.com\/wp-content\/uploads\/2025\/09\/Aivono-50000-Puff-50k-Disposable-E-Shisha-Hookah.webp 800w, https:\/\/vapestornado.com\/wp-content\/uploads\/2025\/09\/Aivono-50000-Puff-50k-Disposable-E-Shisha-Hookah-300x300.webp 300w, https:\/\/vapestornado.com\/wp-content\/uploads\/2025\/09\/Aivono-50000-Puff-50k-Disposable-E-Shisha-Hookah-150x150.webp 150w, https:\/\/vapestornado.com\/wp-content\/uploads\/2025\/09\/Aivono-50000-Puff-50k-Disposable-E-Shisha-Hookah-768x768.webp 768w, https:\/\/vapestornado.com\/wp-content\/uploads\/2025\/09\/Aivono-50000-Puff-50k-Disposable-E-Shisha-Hookah-12x12.webp 12w, https:\/\/vapestornado.com\/wp-content\/uploads\/2025\/09\/Aivono-50000-Puff-50k-Disposable-E-Shisha-Hookah-600x600.webp 600w, https:\/\/vapestornado.com\/wp-content\/uploads\/2025\/09\/Aivono-50000-Puff-50k-Disposable-E-Shisha-Hookah-100x100.webp 100w\" sizes=\"(max-width: 800px) 100vw, 800px\" \/><figcaption id=\"caption-attachment-4400\" class=\"wp-caption-text\">Aivono 50000 Puf vienkartin\u0117 elektronin\u0117 \u0161icha hookah<\/figcaption><\/figure>\n<h2 class=\"product-title\"><strong>AIVONO FATMAX 50000 Puf skoni\u0173 s\u0105ra\u0161as<\/strong><\/h2>\n<p data-start=\"2550\" data-end=\"2736\">1. Vy\u0161ni\u0173 aviet\u0117<\/p>\n<p data-start=\"2550\" data-end=\"2736\">2. Du obuoliai<\/p>\n<p data-start=\"2550\" data-end=\"2736\">3. Vynuogi\u0173 m\u0117ta<\/p>\n<p data-start=\"2550\" data-end=\"2736\">4. M\u0117lyni\u0173 guma<\/p>\n<p data-start=\"2550\" data-end=\"2736\">5. Meil\u0117 66<\/p>\n<p data-start=\"2550\" data-end=\"2736\">6. Skaidrus sapnas<\/p>\n<p data-start=\"2550\" data-end=\"2736\">7. Prabangi led\u0173<\/p>\n<p data-start=\"2550\" data-end=\"2736\">8. Persik\u0173 ledas<\/p>\n<p data-start=\"2550\" data-end=\"2736\">9. Uog\u0173 ledas<\/p>\n<p data-start=\"2550\" data-end=\"2736\">10. Bra\u0161ki\u0173 punch<\/p>\n<div class=\"flex-shrink-0 flex flex-col relative items-end\">\n<div class=\"pt-0\">\n<div class=\"gizmo-bot-avatar flex h-8 w-8 items-center justify-center overflow-hidden rounded-full\">\n<div class=\"relative p-1 rounded-sm flex items-center justify-center bg-token-main-surface-primary text-token-text-primary h-8 w-8\">\n<h2 data-start=\"1200\" data-end=\"1487\">Vapes Tornado \u2013 J\u016bs\u0173 didmenin\u0117 internetin\u0117 vape parduotuv\u0117 geriausiems vape prek\u0117s \u017eenklams<\/h2>\n<p data-start=\"1200\" data-end=\"1487\"><strong data-start=\"141\" data-end=\"177\">Vapes Tornado Internetin\u0117 R\u016bkymo Parduotuv\u0117<\/strong> yra j\u016bs\u0173 patikimas \u0161altinis <strong data-start=\"205\" data-end=\"270\">premium vienkartiniai vape ir didmenin\u0117s elektronin\u0117s cigaret\u0117s Europoje<\/strong>. Mes si\u016blome populiariausias prekes kaip <strong data-start=\"307\" data-end=\"362\"><a href=\"https:\/\/vapestornado.com\/lt\/product\/vozol-gear-shisha-25k-25000-puffs-best-dtl-disposable-vape-hookah-cheap-price\/\">VOZOL BAR VAPE<\/a>, <a href=\"https:\/\/vapestornado.com\/lt\/product\/randm-12000-puffs-fumot-digital-disposable-vape-wholesale-price\/\">Fumot VAPE<\/a>, <a href=\"https:\/\/vapestornado.com\/lt\/product\/original-wga-ultra-35k-35000-puff-rechargeable-crystal-disposable-nicotine-vape-best-discount-price\/\">WGA VAPE<\/a>, Bang Vape<\/strong>, ir daugiau, u\u017etikrinant kokyb\u0119 ir \u012fvairov\u0119 kiekvienam klientui. Nesvarbu, ar esate individualus vartotojas ar didmeninis pirk\u0117jas, mes pristatome <strong data-start=\"481\" data-end=\"550\">auk\u0161tos kokyb\u0117s \u012frenginius, stilingus dizainus ir konkurencingas kainas<\/strong> kad atitikt\u0173 j\u016bs\u0173 poreikius.<\/p>\n<h2 data-start=\"2064\" data-end=\"2115\">Da\u017eniausiai u\u017eduodami klausimai apie AIVONO FATMAX 50K Puff vienkartin\u012f vape<\/h2>\n<p data-start=\"1456\" data-end=\"1582\"><strong data-start=\"1456\" data-end=\"1504\">1. Kiek laiko veikia AIVONO 50K?<\/strong><br data-start=\"1504\" data-end=\"1507\" \/>Jis suteikia iki <strong data-start=\"1525\" data-end=\"1541\">50 000 \u012fkv\u0117pim\u0173<\/strong>, tod\u0117l yra idealus ilgalaikiam \u012fkv\u0117pimui.<\/p>\n<p data-start=\"1584\" data-end=\"1703\"><strong data-start=\"1584\" data-end=\"1622\">2. Ar FATMAX 50000 p\u016btim\u0173 \u012fkraunamas?<\/strong><br data-start=\"1622\" data-end=\"1625\" \/>Taip, jame yra <strong data-start=\"1645\" data-end=\"1683\">800mAh Type-C \u012fkraunama baterija<\/strong> ilgalaikiam naudojimui.<\/p>\n<p data-start=\"1705\" data-end=\"1837\"><strong data-start=\"1705\" data-end=\"1750\">3. Kokio stiprumo nikotino yra?<\/strong><br data-start=\"1750\" data-end=\"1753\" \/>Prietaisas palaiko <strong data-start=\"1773\" data-end=\"1803\">0%, 2%, 3% ir 5% nikotinas<\/strong> atitinka skirtingus pageidavimus.<\/p>\n<p data-start=\"1839\" data-end=\"1956\"><strong data-start=\"1839\" data-end=\"1868\">4. Ar jis turi ekran\u0105?<\/strong><br data-start=\"1868\" data-end=\"1871\" \/>Taip, \u201e <strong data-start=\"1880\" data-end=\"1901\">i\u0161manusis LED ekranas<\/strong> rodo tiek baterijos, tiek e-skys\u010dio lygius realiu laiku.<\/p>\n<p data-start=\"1958\" data-end=\"2195\"><strong data-start=\"1958\" data-end=\"2017\">5. Ar \u0161i \u0161ichos baras tinka didmeninei prekybai Europoje?<\/strong><br data-start=\"2017\" data-end=\"2020\" \/>Be jokios abejon\u0117s. The <strong data-start=\"2036\" data-end=\"2057\">AIVONO FATMAX 50K<\/strong> sujungia didel\u012f p\u016btim\u0173 skai\u010di\u0173, modern\u0173 dizain\u0105 ir lankst\u0173 nikotin\u0173 pasirinkim\u0105, tod\u0117l yra puikus <strong data-start=\"2151\" data-end=\"2192\">ES vienkartini\u0173 \u0161ichos didmenin\u0117s prekybos rinkai<\/strong>.<\/p>\n<\/div>\n<\/div>\n<\/div>\n<\/div>","protected":false},"excerpt":{"rendered":"<p data-start=\"2473\" data-end=\"2550\">AIVONO FATMAX 50K P\u016bsl\u0117 E \u0160i\u0161a \u2013 I\u0161manus ekranas vienkartin\u0117 \u0160i\u0161a kaljan\u0173 baras<\/p>\n<p data-start=\"2554\" data-end=\"2633\">Geriausia didmenin\u0117 vienkartin\u0117 \u0160i\u0161a kaljan\u0173 \u2013 AIVONO FATMAX 50K Elektronin\u0117 \u0160i\u0161a<\/p>\n<p data-start=\"2637\" data-end=\"2714\">AIVONO FATMAX 50K I\u0161manus ekranas E \u0160i\u0161a baras \u2013 50 000 p\u016bsl\u0117s vienkartin\u0117 kaljanas<\/p>\n<p><strong>Prid\u0117kite Amy's whatsapp, kad gautum\u0117te tinkam\u0105 atsakym\u0105 ir nuolaidos kain\u0105!<\/strong><\/p>\n<p><img fetchpriority=\"high\" decoding=\"async\" class=\"size-full wp-image-2932\" src=\"https:\/\/vapestornado.com\/wp-content\/uploads\/2024\/12\/Vape-Wholesale.jpg\" alt=\"Garintuvai Didmenin\u0117 prekyba\" width=\"229\" height=\"300\" \/><\/p>\n<h3><a href=\"https:\/\/wa.me\/8617776015835\"><span style=\"color: #ff0000;\"><strong>WhatsApp: +86 17776015835<\/strong><\/span><\/a><\/h3>","protected":false},"featured_media":4404,"comment_status":"open","ping_status":"closed","template":"","meta":{"_acf_changed":false,"_uag_custom_page_level_css":"","_lmt_disableupdate":"no","_lmt_disable":"","_monsterinsights_skip_tracking":false,"_monsterinsights_sitenote_active":false,"_monsterinsights_sitenote_note":"","_monsterinsights_sitenote_category":0,"site-sidebar-layout":"default","site-content-layout":"","ast-site-content-layout":"default","site-content-style":"default","site-sidebar-style":"default","ast-global-header-display":"","ast-banner-title-visibility":"","ast-main-header-display":"","ast-hfb-above-header-display":"","ast-hfb-below-header-display":"","ast-hfb-mobile-header-display":"","site-post-title":"","ast-breadcrumbs-content":"","ast-featured-img":"","footer-sml-layout":"","ast-disable-related-posts":"","theme-transparent-header-meta":"default","adv-header-id-meta":"","stick-header-meta":"","header-above-stick-meta":"","header-main-stick-meta":"","header-below-stick-meta":"","astra-migrate-meta-layouts":"set","ast-page-background-enabled":"default","ast-page-background-meta":{"desktop":{"background-color":"","background-image":"","background-repeat":"repeat","background-position":"center center","background-size":"auto","background-attachment":"scroll","background-type":"","background-media":"","overlay-type":"","overlay-color":"","overlay-opacity":"","overlay-gradient":""},"tablet":{"background-color":"","background-image":"","background-repeat":"repeat","background-position":"center center","background-size":"auto","background-attachment":"scroll","background-type":"","background-media":"","overlay-type":"","overlay-color":"","overlay-opacity":"","overlay-gradient":""},"mobile":{"background-color":"","background-image":"","background-repeat":"repeat","background-position":"center center","background-size":"auto","background-attachment":"scroll","background-type":"","background-media":"","overlay-type":"","overlay-color":"","overlay-opacity":"","overlay-gradient":""}},"ast-content-background-meta":{"desktop":{"background-color":"var(--ast-global-color-5)","background-image":"","background-repeat":"repeat","background-position":"center center","background-size":"auto","background-attachment":"scroll","background-type":"","background-media":"","overlay-type":"","overlay-color":"","overlay-opacity":"","overlay-gradient":""},"tablet":{"background-color":"var(--ast-global-color-5)","background-image":"","background-repeat":"repeat","background-position":"center center","background-size":"auto","background-attachment":"scroll","background-type":"","background-media":"","overlay-type":"","overlay-color":"","overlay-opacity":"","overlay-gradient":""},"mobile":{"background-color":"var(--ast-global-color-5)","background-image":"","background-repeat":"repeat","background-position":"center center","background-size":"auto","background-attachment":"scroll","background-type":"","background-media":"","overlay-type":"","overlay-color":"","overlay-opacity":"","overlay-gradient":""}},"_joinchat":[]},"product_brand":[],"product_cat":[344,176,149,153,156,158,142,143,144,146],"product_tag":[385,355,380,368,381],"class_list":{"0":"post-4410","1":"product","2":"type-product","3":"status-publish","4":"has-post-thumbnail","6":"product_cat-80000-puff","7":"product_cat-aivono-vape","8":"product_cat-buy-disposable-vapes-in-austria","9":"product_cat-buy-disposable-vapes-in-italy","10":"product_cat-buy-disposable-vapes-in-poland","11":"product_cat-buy-disposable-vapes-in-spain","12":"product_cat-digital-box-disposable-vapes","13":"product_cat-dual-mesh-disposable-vapes","14":"product_cat-low-nicotine-disposable-vapes","15":"product_cat-rechargeable-disposable-vapes","16":"product_tag-aivono-fatbear-80k","17":"product_tag-big-puff-vape","18":"product_tag-disposable-vapes-online","19":"product_tag-disposable-vapor","20":"product_tag-vapes-online-wholesale","21":"desktop-align-left","22":"tablet-align-left","23":"mobile-align-left","25":"first","26":"instock","27":"sale","28":"shipping-taxable","29":"purchasable","30":"product-type-simple"},"acf":[],"uagb_featured_image_src":{"full":["https:\/\/vapestornado.com\/wp-content\/uploads\/2025\/09\/Big-Puff-50k-Disposable-E-Shisha-Hookah-Wholesale.webp",800,800,false],"thumbnail":["https:\/\/vapestornado.com\/wp-content\/uploads\/2025\/09\/Big-Puff-50k-Disposable-E-Shisha-Hookah-Wholesale-150x150.webp",150,150,true],"medium":["https:\/\/vapestornado.com\/wp-content\/uploads\/2025\/09\/Big-Puff-50k-Disposable-E-Shisha-Hookah-Wholesale-300x300.webp",300,300,true],"medium_large":["https:\/\/vapestornado.com\/wp-content\/uploads\/2025\/09\/Big-Puff-50k-Disposable-E-Shisha-Hookah-Wholesale-768x768.webp",768,768,true],"large":["https:\/\/vapestornado.com\/wp-content\/uploads\/2025\/09\/Big-Puff-50k-Disposable-E-Shisha-Hookah-Wholesale.webp",800,800,false],"1536x1536":["https:\/\/vapestornado.com\/wp-content\/uploads\/2025\/09\/Big-Puff-50k-Disposable-E-Shisha-Hookah-Wholesale.webp",800,800,false],"2048x2048":["https:\/\/vapestornado.com\/wp-content\/uploads\/2025\/09\/Big-Puff-50k-Disposable-E-Shisha-Hookah-Wholesale.webp",800,800,false],"trp-custom-language-flag":["https:\/\/vapestornado.com\/wp-content\/uploads\/2025\/09\/Big-Puff-50k-Disposable-E-Shisha-Hookah-Wholesale-12x12.webp",12,12,true],"woocommerce_thumbnail":["https:\/\/vapestornado.com\/wp-content\/uploads\/2025\/09\/Big-Puff-50k-Disposable-E-Shisha-Hookah-Wholesale-300x300.webp",300,300,true],"woocommerce_single":["https:\/\/vapestornado.com\/wp-content\/uploads\/2025\/09\/Big-Puff-50k-Disposable-E-Shisha-Hookah-Wholesale-600x600.webp",600,600,true],"woocommerce_gallery_thumbnail":["https:\/\/vapestornado.com\/wp-content\/uploads\/2025\/09\/Big-Puff-50k-Disposable-E-Shisha-Hookah-Wholesale-100x100.webp",100,100,true]},"uagb_author_info":{"display_name":"ESAMY","author_link":"https:\/\/vapestornado.com\/lt\/author\/"},"uagb_comment_info":0,"uagb_excerpt":"AIVONO FATMAX 50K Puff E Shisha \u2013 Smart Screen Disposable Shisha Hookah Bar Best Wholesale Disposable Shisha Hookah \u2013 AIVONO FATMAX 50K Electronic Shisha AIVONO FATMAX 50K Smart Screen E Shisha Bar \u2013 50,000 Puff Disposable Hookah Add Amy's whatsapp to get right reply and discount price! WhatsApp: +86 17776015835","_links":{"self":[{"href":"https:\/\/vapestornado.com\/lt\/wp-json\/wp\/v2\/product\/4410","targetHints":{"allow":["GET"]}}],"collection":[{"href":"https:\/\/vapestornado.com\/lt\/wp-json\/wp\/v2\/product"}],"about":[{"href":"https:\/\/vapestornado.com\/lt\/wp-json\/wp\/v2\/types\/product"}],"replies":[{"embeddable":true,"href":"https:\/\/vapestornado.com\/lt\/wp-json\/wp\/v2\/comments?post=4410"}],"wp:featuredmedia":[{"embeddable":true,"href":"https:\/\/vapestornado.com\/lt\/wp-json\/wp\/v2\/media\/4404"}],"wp:attachment":[{"href":"https:\/\/vapestornado.com\/lt\/wp-json\/wp\/v2\/media?parent=4410"}],"wp:term":[{"taxonomy":"product_brand","embeddable":true,"href":"https:\/\/vapestornado.com\/lt\/wp-json\/wp\/v2\/product_brand?post=4410"},{"taxonomy":"product_cat","embeddable":true,"href":"https:\/\/vapestornado.com\/lt\/wp-json\/wp\/v2\/product_cat?post=4410"},{"taxonomy":"product_tag","embeddable":true,"href":"https:\/\/vapestornado.com\/lt\/wp-json\/wp\/v2\/product_tag?post=4410"}],"curies":[{"name":"wp","href":"https:\/\/api.w.org\/{rel}","templated":true}]}}