{"id":4387,"date":"2025-09-26T07:55:26","date_gmt":"2025-09-26T07:55:26","guid":{"rendered":"https:\/\/vapestornado.com\/?post_type=product&#038;p=4387"},"modified":"2025-11-29T08:57:46","modified_gmt":"2025-11-29T08:57:46","slug":"vopk-triple-60k-60000-puffs-3-in-1-flavor-best-vape-to-buy","status":"publish","type":"product","link":"https:\/\/vapestornado.com\/lt\/product\/vopk-triple-60k-60000-puffs-3-in-1-flavor-best-vape-to-buy\/","title":{"rendered":"Vopk Triple 60K 60000 P\u016b\u010di\u0173 3-in-1 Skonis Geriausias Vape Pirkti"},"content":{"rendered":"<h2 data-pm-slice=\"1 1 []\">Vopk Triple 60K 60000 P\u016b\u010di\u0173 3-in-1 Skonis Geriausias Vape Pirkti<\/h2>\n<p data-start=\"192\" data-end=\"640\">\u0160is <strong data-start=\"196\" data-end=\"215\">Vopk Triple 60K<\/strong> sukurtas jauniesiems Europos vaperiams, kurie reikalauja ilgalaikio veikimo, dr\u0105si\u0173 skoni\u0173 ir moderni\u0173 funkcij\u0173. Supakuotas su <strong data-start=\"338\" data-end=\"354\">60 000 r\u016bkan\u010di\u0173<\/strong>, a <strong data-start=\"358\" data-end=\"380\">54 ml e-liquido bakelis<\/strong>ir <strong data-start=\"386\" data-end=\"412\">triple 0,9\u03a9 tinklelio rit\u0117s<\/strong>, jis teikia \u0161veln\u0173 gar\u0105 ir nuosekl\u0173 skon\u012f kiekvieno \u012fkv\u0117pimo metu. Jo <strong data-start=\"479\" data-end=\"512\">3-in-1 skonio rotacijos sistema<\/strong> u\u017etikrina \u012fvairov\u0119 be keitimo \u012frengini\u0173, tod\u0117l tai yra <strong data-start=\"570\" data-end=\"590\">geriausias vape pirkti<\/strong> tiems, kurie vertina tiek gali\u0105, tiek patogum\u0105.<\/p>\n<p data-start=\"642\" data-end=\"1022\">\u012erengtas su <strong data-start=\"658\" data-end=\"689\">650mAh \u012fkraunama baterija<\/strong>, <strong data-start=\"691\" data-end=\"715\">C tipo greit\u0105j\u012f \u012fkrovim\u0105<\/strong>, ir a <strong data-start=\"723\" data-end=\"744\">i\u0161manusis LED ekranas<\/strong>, <strong data-start=\"750\" data-end=\"771\">Vopk Triple 60000<\/strong> si\u016blo nenutr\u016bkstam\u0105 veikim\u0105 su realiu laiko steb\u0117jimu apie baterijos ir e-liquido lygius. Nesvarbu, ar ie\u0161kote stiprios pasitenkinimo su <strong data-start=\"907\" data-end=\"921\">5% nikotino<\/strong> ar \u017eemu nikotino kiekiu <strong data-start=\"935\" data-end=\"948\">2% pasirinkimas<\/strong>, \u0161is <strong data-start=\"955\" data-end=\"987\">\u012ekraunamas vienkartinis garintuvas<\/strong> pritaikytas j\u016bs\u0173 pageidavimams.<\/p>\n<p><strong><span style=\"color: #ff0000;\">Prid\u0117kite Amy whatsapp, gaukite tiesiogin\u012f atsakym\u0105 ir kupon\u0105 veipui!<\/span><\/strong><\/p>\n<p><img fetchpriority=\"high\" decoding=\"async\" class=\"size-full wp-image-2932\" src=\"https:\/\/vapestornado.com\/wp-content\/uploads\/2024\/12\/Vape-Wholesale.jpg\" alt=\"Garintuvai Didmenin\u0117 prekyba\" width=\"229\" height=\"300\" \/><\/p>\n<h3><a href=\"https:\/\/wa.me\/8617776015835\" target=\"_blank\" rel=\"noopener\"><span style=\"color: #ff0000;\"><strong>WhatsApp: +86 17776015835<\/strong><\/span><\/a><\/h3>\n<p>&nbsp;<\/p>\n<h2><strong>Vopk Triple 60K P\u016bsl\u0117s Produkto Savyb\u0117s<\/strong><\/h2>\n<ul>\n<li data-start=\"1069\" data-end=\"1137\">\n<p data-start=\"1071\" data-end=\"1137\">Mil\u017eini\u0161kas <strong data-start=\"1079\" data-end=\"1095\">60 000 r\u016bkan\u010di\u0173<\/strong> \u2013 ilgalaikis vapingas be keitim\u0173<\/p>\n<\/li>\n<li data-start=\"1138\" data-end=\"1176\">\n<p data-start=\"1140\" data-end=\"1176\"><strong data-start=\"1140\" data-end=\"1157\">54mL elektroninio skys\u010dio<\/strong> ilgam naudojimui<\/p>\n<\/li>\n<li data-start=\"1177\" data-end=\"1247\">\n<p data-start=\"1179\" data-end=\"1247\"><strong data-start=\"1179\" data-end=\"1203\">3-in-1 skonio jungiklis<\/strong> \u2013 perjunkite tarp 3 profili\u0173 viename \u012frenginyje<\/p>\n<\/li>\n<li data-start=\"1248\" data-end=\"1301\">\n<p data-start=\"1250\" data-end=\"1301\"><strong data-start=\"1250\" data-end=\"1277\">Triple tinklelio rit\u0117 (0,9\u03a9)<\/strong> turtingam, tankiam garui<\/p>\n<\/li>\n<li data-start=\"1302\" data-end=\"1367\">\n<p data-start=\"1304\" data-end=\"1367\"><strong data-start=\"1304\" data-end=\"1335\">650mAh \u012fkraunama baterija<\/strong> su <strong data-start=\"1341\" data-end=\"1365\">C tipo greit\u0105j\u012f \u012fkrovim\u0105<\/strong><\/p>\n<\/li>\n<li data-start=\"1368\" data-end=\"1428\">\n<p data-start=\"1370\" data-end=\"1428\"><strong data-start=\"1370\" data-end=\"1390\">I\u0161manus LED ekranas<\/strong> rodantis elektroninio skys\u010dio ir baterijos lyg\u012f<\/p>\n<\/li>\n<li data-start=\"1429\" data-end=\"1470\">\n<p data-start=\"1431\" data-end=\"1470\">Lankstus <strong data-start=\"1440\" data-end=\"1468\">nikotino pasirinkimai: 2% ir 5%<\/strong><\/p>\n<\/li>\n<li data-start=\"1471\" data-end=\"1533\">\n<p data-start=\"1473\" data-end=\"1533\">10 unikali\u0173 <strong data-start=\"1483\" data-end=\"1506\">trij\u0173 skoni\u0173 mi\u0161ini\u0173<\/strong> visos dienos pasitenkinimui<\/p>\n<\/li>\n<\/ul>\n<figure id=\"attachment_4380\" aria-describedby=\"caption-attachment-4380\" style=\"width: 300px\" class=\"wp-caption alignnone\"><img decoding=\"async\" class=\"size-medium wp-image-4380\" src=\"https:\/\/vapestornado.com\/wp-content\/uploads\/2025\/09\/VOPK-Tripe-60k-Puffs-Vape-Cartridge-300x300.webp\" alt=\"VOPK Triple 60k P\u016bsl\u0117s Vape Karteris\" width=\"300\" height=\"300\" srcset=\"https:\/\/vapestornado.com\/wp-content\/uploads\/2025\/09\/VOPK-Tripe-60k-Puffs-Vape-Cartridge-300x300.webp 300w, https:\/\/vapestornado.com\/wp-content\/uploads\/2025\/09\/VOPK-Tripe-60k-Puffs-Vape-Cartridge-150x150.webp 150w, https:\/\/vapestornado.com\/wp-content\/uploads\/2025\/09\/VOPK-Tripe-60k-Puffs-Vape-Cartridge-768x768.webp 768w, https:\/\/vapestornado.com\/wp-content\/uploads\/2025\/09\/VOPK-Tripe-60k-Puffs-Vape-Cartridge-12x12.webp 12w, https:\/\/vapestornado.com\/wp-content\/uploads\/2025\/09\/VOPK-Tripe-60k-Puffs-Vape-Cartridge-600x600.webp 600w, https:\/\/vapestornado.com\/wp-content\/uploads\/2025\/09\/VOPK-Tripe-60k-Puffs-Vape-Cartridge-100x100.webp 100w, https:\/\/vapestornado.com\/wp-content\/uploads\/2025\/09\/VOPK-Tripe-60k-Puffs-Vape-Cartridge.webp 800w\" sizes=\"(max-width: 300px) 100vw, 300px\" \/><figcaption id=\"caption-attachment-4380\" class=\"wp-caption-text\">VOPK Triple 60k P\u016bsl\u0117s Vape Karteris<\/figcaption><\/figure>\n<h2 class=\"product-title\"><strong>Vopk Triple 60K P\u016bsl\u0117s 3-in-1 Skoni\u0173 S\u0105ra\u0161as<\/strong><\/h2>\n<p data-start=\"2550\" data-end=\"2736\">1. Arb\u016bzas ledas \/ Trij\u0173 arb\u016bz\u0173 ledas \/ Bra\u0161ki\u0173 led\u0173<br \/>\n2. Bra\u0161k\u0117 banan\u0173 \/ Avie\u010di\u0173 arb\u016bzas \/ Ananas\u0173 kokosas<br \/>\n3.peach berry \/M\u0117lynas razz ledas\/ Arb\u016bzas persikas mango<br \/>\n4.S\u016brus mango ananas \/Raudonas bulius bra\u0161k\u0117 \/Juod\u0173j\u0173 serbent\u0173 ledas<br \/>\n5.Kiwi aistra vaisius \/Bra\u0161k\u0117 vy\u0161nia \/Meil\u0117 66<br \/>\n6.Dviguba obuoli\u0173 ledas \/Tropiniai vaisiai \/Bra\u0161k\u0117 arb\u016bzo burbuliukai<br \/>\n7.Vynuogi\u0173 ledas \/Bra\u0161k\u0117 kiwi \/Arb\u016bzas raudonas bulius<br \/>\n8.Bra\u0161k\u0117 arb\u016bzas \/ M\u0117lyn\u0117s aviet\u0117s \/ Citrina laimas<br \/>\n9.Bananas ananasas \/Raudonas bulius ledas \/Bra\u0161k\u0117 mango<br \/>\n10.Gumin\u0117 me\u0161ka \/Bra\u0161k\u0117 Vanilinis Kolos \/M\u0117lyn\u0117s cukraus vata<\/p>\n<div class=\"flex-shrink-0 flex flex-col relative items-end\">\n<div class=\"pt-0\">\n<div class=\"gizmo-bot-avatar flex h-8 w-8 items-center justify-center overflow-hidden rounded-full\">\n<div class=\"relative p-1 rounded-sm flex items-center justify-center bg-token-main-surface-primary text-token-text-primary h-8 w-8\">\n<h2 data-start=\"1200\" data-end=\"1487\">Vapes Tornado \u2013 J\u016bs\u0173 didmenin\u0117 internetin\u0117 vape parduotuv\u0117 geriausiems vape prek\u0117s \u017eenklams<\/h2>\n<p data-start=\"1200\" data-end=\"1487\"><strong data-start=\"141\" data-end=\"177\">Vapes Tornado Internetin\u0117 R\u016bkymo Parduotuv\u0117<\/strong> yra j\u016bs\u0173 patikimas \u0161altinis <strong data-start=\"205\" data-end=\"270\">premium vienkartiniai vape ir didmenin\u0117s elektronin\u0117s cigaret\u0117s Europoje<\/strong>. Mes si\u016blome populiariausias prekes kaip <strong data-start=\"307\" data-end=\"362\"><a href=\"https:\/\/vapestornado.com\/lt\/product\/elf-bar-raya-d3-25000-puffs-best-disposable-vape-wholesale-in-uk\/\">ELF BAR VAPE<\/a>, <a href=\"https:\/\/vapestornado.com\/lt\/product\/randm-tornado-15000-disposable-vape-wholesale-price\/\">Fumot VAPE<\/a>, <a href=\"https:\/\/vapestornado.com\/lt\/product\/original-vozol-star-40000-puff-40k-best-disposable-vape-2025-wholesale-cheap-price\/\">VOZOL VAPE<\/a>, Bang Vape<\/strong>, ir daugiau, u\u017etikrinant kokyb\u0119 ir \u012fvairov\u0119 kiekvienam klientui. Nesvarbu, ar esate individualus vartotojas ar didmeninis pirk\u0117jas, mes pristatome <strong data-start=\"481\" data-end=\"550\">auk\u0161tos kokyb\u0117s \u012frenginius, stilingus dizainus ir konkurencingas kainas<\/strong> kad atitikt\u0173 j\u016bs\u0173 poreikius.<\/p>\n<h2 data-start=\"2064\" data-end=\"2115\">Da\u017eniausiai u\u017eduodami klausimai apie Vopk Triple 60K vienkartin\u012f vape<\/h2>\n<p data-start=\"1587\" data-end=\"1707\"><strong data-start=\"1587\" data-end=\"1642\">1. Kiek \u012fkv\u0117pim\u0173 suteikia Vopk Triple 60K?<\/strong><br data-start=\"1642\" data-end=\"1645\" \/>Jis suteikia iki <strong data-start=\"1663\" data-end=\"1679\">60 000 r\u016bkan\u010di\u0173<\/strong>, idealiai ilgalaikiam naudojimui.<\/p>\n<p data-start=\"1709\" data-end=\"1840\"><strong data-start=\"1709\" data-end=\"1754\">2. Ar Vopk Triple 60000 yra \u012fkraunamas?<\/strong><br data-start=\"1754\" data-end=\"1757\" \/>Taip, jame yra <strong data-start=\"1776\" data-end=\"1807\">650mAh \u012fkraunama baterija<\/strong> su <strong data-start=\"1813\" data-end=\"1837\">C tipo greit\u0105j\u012f \u012fkrovim\u0105<\/strong>.<\/p>\n<p data-start=\"1842\" data-end=\"2021\"><strong data-start=\"1842\" data-end=\"1901\">3. Kas daro Vopk Triple 60K geriausiu pirkiniu vape?<\/strong><br data-start=\"1901\" data-end=\"1904\" \/>Jo <strong data-start=\"1908\" data-end=\"1977\">3-in-1 skonio sistema, didelis \u012fkv\u0117pim\u0173 skai\u010dius ir \u012fkraunamas dizainas<\/strong> pasi\u017eymi i\u0161skirtinumu Europos rinkoje.<\/p>\n<p data-start=\"2023\" data-end=\"2142\"><strong data-start=\"2023\" data-end=\"2068\">4. Kokios nikotino stiprumo galimyb\u0117s yra?<\/strong><br data-start=\"2068\" data-end=\"2071\" \/>Galite rinktis i\u0161 <strong data-start=\"2094\" data-end=\"2114\">2% arba 5% nikotinas<\/strong> atitinkan\u010diam j\u016bs\u0173 pageidavimus.<\/p>\n<p data-start=\"2144\" data-end=\"2282\"><strong data-start=\"2144\" data-end=\"2193\">5. Ar Vopk Triple 60000 turi ekran\u0105?<\/strong><br data-start=\"2193\" data-end=\"2196\" \/>Taip, \u201e <strong data-start=\"2205\" data-end=\"2226\">i\u0161manusis LED ekranas<\/strong> stebi tiek baterijos, tiek e-skys\u010dio lygius realiu laiku.<\/p>\n<\/div>\n<\/div>\n<\/div>\n<\/div>","protected":false},"excerpt":{"rendered":"<p data-start=\"2563\" data-end=\"2634\">Vopk Triple 60K 60000 R\u016bkan\u010di\u0173 vienkartini\u0173 Vape \u2013 Geriausias Vape pirkti Europoje<\/p>\n<p data-start=\"2638\" data-end=\"2711\">Vopk Triple 60000 R\u016bkan\u010di\u0173 \u012fkraunam\u0173 vienkartini\u0173 Vape su 3-in-1 skoniu<\/p>\n<p data-start=\"2715\" data-end=\"2788\">Geriausias Vape pirkti \u2013 Vopk Triple 60K 60000 R\u016bkan\u010di\u0173 su LED ekranu ir Type-C<\/p>\n<p><strong>Prid\u0117kite Amy's whatsapp, kad gautum\u0117te tinkam\u0105 atsakym\u0105 ir nuolaidos kain\u0105!<\/strong><\/p>\n<p><img fetchpriority=\"high\" decoding=\"async\" class=\"size-full wp-image-2932\" src=\"https:\/\/vapestornado.com\/wp-content\/uploads\/2024\/12\/Vape-Wholesale.jpg\" alt=\"Garintuvai Didmenin\u0117 prekyba\" width=\"229\" height=\"300\" \/><\/p>\n<h3><a href=\"https:\/\/wa.me\/8617776015835\"><span style=\"color: #ff0000;\"><strong>WhatsApp: +86 17776015835<\/strong><\/span><\/a><\/h3>","protected":false},"featured_media":4385,"comment_status":"open","ping_status":"closed","template":"","meta":{"_acf_changed":false,"_uag_custom_page_level_css":"","_lmt_disableupdate":"no","_lmt_disable":"","_monsterinsights_skip_tracking":false,"_monsterinsights_sitenote_active":false,"_monsterinsights_sitenote_note":"","_monsterinsights_sitenote_category":0,"site-sidebar-layout":"default","site-content-layout":"","ast-site-content-layout":"default","site-content-style":"default","site-sidebar-style":"default","ast-global-header-display":"","ast-banner-title-visibility":"","ast-main-header-display":"","ast-hfb-above-header-display":"","ast-hfb-below-header-display":"","ast-hfb-mobile-header-display":"","site-post-title":"","ast-breadcrumbs-content":"","ast-featured-img":"","footer-sml-layout":"","ast-disable-related-posts":"","theme-transparent-header-meta":"default","adv-header-id-meta":"","stick-header-meta":"","header-above-stick-meta":"","header-main-stick-meta":"","header-below-stick-meta":"","astra-migrate-meta-layouts":"set","ast-page-background-enabled":"default","ast-page-background-meta":{"desktop":{"background-color":"","background-image":"","background-repeat":"repeat","background-position":"center center","background-size":"auto","background-attachment":"scroll","background-type":"","background-media":"","overlay-type":"","overlay-color":"","overlay-opacity":"","overlay-gradient":""},"tablet":{"background-color":"","background-image":"","background-repeat":"repeat","background-position":"center center","background-size":"auto","background-attachment":"scroll","background-type":"","background-media":"","overlay-type":"","overlay-color":"","overlay-opacity":"","overlay-gradient":""},"mobile":{"background-color":"","background-image":"","background-repeat":"repeat","background-position":"center center","background-size":"auto","background-attachment":"scroll","background-type":"","background-media":"","overlay-type":"","overlay-color":"","overlay-opacity":"","overlay-gradient":""}},"ast-content-background-meta":{"desktop":{"background-color":"var(--ast-global-color-5)","background-image":"","background-repeat":"repeat","background-position":"center center","background-size":"auto","background-attachment":"scroll","background-type":"","background-media":"","overlay-type":"","overlay-color":"","overlay-opacity":"","overlay-gradient":""},"tablet":{"background-color":"var(--ast-global-color-5)","background-image":"","background-repeat":"repeat","background-position":"center center","background-size":"auto","background-attachment":"scroll","background-type":"","background-media":"","overlay-type":"","overlay-color":"","overlay-opacity":"","overlay-gradient":""},"mobile":{"background-color":"var(--ast-global-color-5)","background-image":"","background-repeat":"repeat","background-position":"center center","background-size":"auto","background-attachment":"scroll","background-type":"","background-media":"","overlay-type":"","overlay-color":"","overlay-opacity":"","overlay-gradient":""}},"_joinchat":[]},"product_brand":[],"product_cat":[343,149,153,156,157,159,142,146,290],"product_tag":[384,380,368,381,383,382],"class_list":{"0":"post-4387","1":"product","2":"type-product","3":"status-publish","4":"has-post-thumbnail","6":"product_cat-60000-puff","7":"product_cat-buy-disposable-vapes-in-austria","8":"product_cat-buy-disposable-vapes-in-italy","9":"product_cat-buy-disposable-vapes-in-poland","10":"product_cat-buy-disposable-vapes-in-portugal","11":"product_cat-buy-disposable-vapes-in-sweden","12":"product_cat-digital-box-disposable-vapes","13":"product_cat-rechargeable-disposable-vapes","14":"product_cat-vopk-vape","15":"product_tag-3-in-1-disposable-vape","16":"product_tag-disposable-vapes-online","17":"product_tag-disposable-vapor","18":"product_tag-vapes-online-wholesale","19":"product_tag-vopk-60000-puff","20":"product_tag-vopk-triple-60k","21":"desktop-align-left","22":"tablet-align-left","23":"mobile-align-left","25":"first","26":"instock","27":"sale","28":"shipping-taxable","29":"purchasable","30":"product-type-simple"},"acf":[],"uagb_featured_image_src":{"full":["https:\/\/vapestornado.com\/wp-content\/uploads\/2025\/09\/VOPK-Tripe-60000-Puffs-Pen-Cartridge-Wholesale.webp",800,800,false],"thumbnail":["https:\/\/vapestornado.com\/wp-content\/uploads\/2025\/09\/VOPK-Tripe-60000-Puffs-Pen-Cartridge-Wholesale-150x150.webp",150,150,true],"medium":["https:\/\/vapestornado.com\/wp-content\/uploads\/2025\/09\/VOPK-Tripe-60000-Puffs-Pen-Cartridge-Wholesale-300x300.webp",300,300,true],"medium_large":["https:\/\/vapestornado.com\/wp-content\/uploads\/2025\/09\/VOPK-Tripe-60000-Puffs-Pen-Cartridge-Wholesale-768x768.webp",768,768,true],"large":["https:\/\/vapestornado.com\/wp-content\/uploads\/2025\/09\/VOPK-Tripe-60000-Puffs-Pen-Cartridge-Wholesale.webp",800,800,false],"1536x1536":["https:\/\/vapestornado.com\/wp-content\/uploads\/2025\/09\/VOPK-Tripe-60000-Puffs-Pen-Cartridge-Wholesale.webp",800,800,false],"2048x2048":["https:\/\/vapestornado.com\/wp-content\/uploads\/2025\/09\/VOPK-Tripe-60000-Puffs-Pen-Cartridge-Wholesale.webp",800,800,false],"trp-custom-language-flag":["https:\/\/vapestornado.com\/wp-content\/uploads\/2025\/09\/VOPK-Tripe-60000-Puffs-Pen-Cartridge-Wholesale-12x12.webp",12,12,true],"woocommerce_thumbnail":["https:\/\/vapestornado.com\/wp-content\/uploads\/2025\/09\/VOPK-Tripe-60000-Puffs-Pen-Cartridge-Wholesale-300x300.webp",300,300,true],"woocommerce_single":["https:\/\/vapestornado.com\/wp-content\/uploads\/2025\/09\/VOPK-Tripe-60000-Puffs-Pen-Cartridge-Wholesale-600x600.webp",600,600,true],"woocommerce_gallery_thumbnail":["https:\/\/vapestornado.com\/wp-content\/uploads\/2025\/09\/VOPK-Tripe-60000-Puffs-Pen-Cartridge-Wholesale-100x100.webp",100,100,true]},"uagb_author_info":{"display_name":"ESAMY","author_link":"https:\/\/vapestornado.com\/lt\/author\/"},"uagb_comment_info":1,"uagb_excerpt":"Vopk Triple 60K 60000 Puffs Disposable Vape \u2013 Best Vape to Buy Europe Vopk Triple 60000 Puffs Rechargeable Disposable Vape with 3-in-1 Flavor Best Vape to Buy \u2013 Vopk Triple 60K 60000 Puffs with LED Screen &amp; Type-C Add Amy's whatsapp to get right reply and discount price! WhatsApp: +86 17776015835","_links":{"self":[{"href":"https:\/\/vapestornado.com\/lt\/wp-json\/wp\/v2\/product\/4387","targetHints":{"allow":["GET"]}}],"collection":[{"href":"https:\/\/vapestornado.com\/lt\/wp-json\/wp\/v2\/product"}],"about":[{"href":"https:\/\/vapestornado.com\/lt\/wp-json\/wp\/v2\/types\/product"}],"replies":[{"embeddable":true,"href":"https:\/\/vapestornado.com\/lt\/wp-json\/wp\/v2\/comments?post=4387"}],"wp:featuredmedia":[{"embeddable":true,"href":"https:\/\/vapestornado.com\/lt\/wp-json\/wp\/v2\/media\/4385"}],"wp:attachment":[{"href":"https:\/\/vapestornado.com\/lt\/wp-json\/wp\/v2\/media?parent=4387"}],"wp:term":[{"taxonomy":"product_brand","embeddable":true,"href":"https:\/\/vapestornado.com\/lt\/wp-json\/wp\/v2\/product_brand?post=4387"},{"taxonomy":"product_cat","embeddable":true,"href":"https:\/\/vapestornado.com\/lt\/wp-json\/wp\/v2\/product_cat?post=4387"},{"taxonomy":"product_tag","embeddable":true,"href":"https:\/\/vapestornado.com\/lt\/wp-json\/wp\/v2\/product_tag?post=4387"}],"curies":[{"name":"wp","href":"https:\/\/api.w.org\/{rel}","templated":true}]}}