{"id":4369,"date":"2025-09-20T09:23:19","date_gmt":"2025-09-20T09:23:19","guid":{"rendered":"https:\/\/vapestornado.com\/?post_type=product&#038;p=4369"},"modified":"2025-09-23T08:18:09","modified_gmt":"2025-09-23T08:18:09","slug":"okso-70000-puff-3-in-1-flavor-adjustable-disposable-vape-pod","status":"publish","type":"product","link":"https:\/\/vapestornado.com\/lt\/product\/okso-70000-puff-3-in-1-flavor-adjustable-disposable-vape-pod\/","title":{"rendered":"OKSO 70000 P\u016bst 3-in-1 Skonio Reguliuojamas Vienkartinis Vape Pod"},"content":{"rendered":"<h2 data-pm-slice=\"1 1 []\">OKSO 70000 P\u016bst 3-in-1 Skonio Reguliuojamas Vienkartinis Vape Pod<\/h2>\n<p data-start=\"204\" data-end=\"627\">\u0160is <strong data-start=\"208\" data-end=\"247\">OKSO 70000 Puf\u0173 Vienkartinis Vape Pod<\/strong> sukurtas vaperiams, kurie nori maksimalaus na\u0161umo ir \u012fvairov\u0117s viename eleganti\u0161kame \u012frenginyje. Su <strong data-start=\"338\" data-end=\"367\">\u012fsp\u016bdingu 70 t\u016bkst. puf\u0173 skai\u010diumi<\/strong>, a <strong data-start=\"371\" data-end=\"395\">3-in-1 skonio sistema<\/strong>ir <strong data-start=\"401\" data-end=\"423\">reguliuojamas oro srautas<\/strong>, jis nustato nauj\u0105 ilgalaiki\u0173 vienkartini\u0173 vape standart\u0105. Kiekvienas podas talpina <strong data-start=\"498\" data-end=\"526\">48 ml elektroninio skys\u010dio (16 ml \u00d7 3)<\/strong>, suteikdamas jums tris dr\u0105sius skonio pasirinkimus viename \u012frenginyje \u2014 laisvai keiskit\u0117s ir m\u0117gaukit\u0117s \u0161vie\u017eiu skoniu bet kada.<\/p>\n<p data-start=\"629\" data-end=\"1100\">\u0160is <strong data-start=\"633\" data-end=\"650\">OKSO 70 t\u016bkst. p\u016btim\u0173<\/strong> yra apr\u016bpintas <strong data-start=\"671\" data-end=\"702\">triguba tinklelio rit\u0117s technologija<\/strong> skland\u017eiam, tankiam garui ir nuosekliam skoniui nuo prad\u017eios iki pabaigos. Jo <strong data-start=\"774\" data-end=\"812\">650 mAh Type-C \u012fkraunama baterija<\/strong> ir <strong data-start=\"817\" data-end=\"839\">LED ekranas<\/strong> informuoja apie alyvos ir galios lygius, u\u017etikrinant nulinius netik\u0117tumus. Sukurtas su omenyje Lietuvos vaperius, \u0161is podas subalansuoja <strong data-start=\"959\" data-end=\"976\">didel\u012f talpum\u0105<\/strong>, <strong data-start=\"978\" data-end=\"1000\">skonio lankstum\u0105<\/strong>ir <strong data-start=\"1006\" data-end=\"1023\">\u0161iuolaikin\u012f dizain\u0105<\/strong>, tod\u0117l tai yra vienas i\u0161 <strong data-start=\"1046\" data-end=\"1097\">geriausi 2025 met\u0173 reguliuojamo skonio vienkartiniai vape<\/strong>.<\/p>\n<p data-start=\"1102\" data-end=\"1247\">Nesvarbu, ar tai b\u016bt\u0173 <strong data-start=\"1114\" data-end=\"1134\">didmeniniams pirk\u0117jams<\/strong> or <strong data-start=\"1138\" data-end=\"1158\">individu\u016bs vartotojai<\/strong>, <strong data-start=\"1164\" data-end=\"1183\">OKSO 70000 Pufas<\/strong> yra pagrindinis pasirinkimas vienkartini\u0173 vape rinkoje.<\/p>\n<p><strong><span style=\"color: #ff0000;\">Prid\u0117kite Amy whatsapp, gaukite tiesiogin\u012f atsakym\u0105 ir kupon\u0105 veipui!<\/span><\/strong><\/p>\n<p><img fetchpriority=\"high\" decoding=\"async\" class=\"size-full wp-image-2932\" src=\"https:\/\/vapestornado.com\/wp-content\/uploads\/2024\/12\/Vape-Wholesale.jpg\" alt=\"Garintuvai Didmenin\u0117 prekyba\" width=\"229\" height=\"300\" \/><\/p>\n<h3><a href=\"https:\/\/wa.me\/8617776015835\" target=\"_blank\" rel=\"noopener\"><span style=\"color: #ff0000;\"><strong>WhatsApp: +86 17776015835<\/strong><\/span><\/a><\/h3>\n<p>&nbsp;<\/p>\n<h2><strong>OKSO 70000 P\u016bsl\u0117s produkto savyb\u0117s<\/strong><\/h2>\n<p>P\u016bsl\u0117s: 70000 p\u016bsl\u0117s<br \/>\nBranduolys: Tinklelio rit\u0117 *3<br \/>\nE-skystis: 48ml (16ml*3)<br \/>\nNikotinas: 0%\/2%\/3%\/5%<br \/>\nBaterija: 650mah, Type C \u012fkraunama<br \/>\nLED ekranas rodo aliej\u0173 ir baterij\u0105<br \/>\nProdukto svoris: 134,5g\/vnt.<br \/>\nProdukto dydis: 45*44*127mm<\/p>\n<figure id=\"attachment_4365\" aria-describedby=\"caption-attachment-4365\" style=\"width: 300px\" class=\"wp-caption alignnone\"><img decoding=\"async\" class=\"size-medium wp-image-4365\" src=\"https:\/\/vapestornado.com\/wp-content\/uploads\/2025\/09\/OKSO-3in1-70000-Puffs-Disposable-Vape-300x300.webp\" alt=\"OKSO 3-in-1 70000 P\u016bsl\u0117s vienkartinis vape\" width=\"300\" height=\"300\" srcset=\"https:\/\/vapestornado.com\/wp-content\/uploads\/2025\/09\/OKSO-3in1-70000-Puffs-Disposable-Vape-300x300.webp 300w, https:\/\/vapestornado.com\/wp-content\/uploads\/2025\/09\/OKSO-3in1-70000-Puffs-Disposable-Vape-150x150.webp 150w, https:\/\/vapestornado.com\/wp-content\/uploads\/2025\/09\/OKSO-3in1-70000-Puffs-Disposable-Vape-768x768.webp 768w, https:\/\/vapestornado.com\/wp-content\/uploads\/2025\/09\/OKSO-3in1-70000-Puffs-Disposable-Vape-12x12.webp 12w, https:\/\/vapestornado.com\/wp-content\/uploads\/2025\/09\/OKSO-3in1-70000-Puffs-Disposable-Vape-600x600.webp 600w, https:\/\/vapestornado.com\/wp-content\/uploads\/2025\/09\/OKSO-3in1-70000-Puffs-Disposable-Vape-100x100.webp 100w, https:\/\/vapestornado.com\/wp-content\/uploads\/2025\/09\/OKSO-3in1-70000-Puffs-Disposable-Vape.webp 800w\" sizes=\"(max-width: 300px) 100vw, 300px\" \/><figcaption id=\"caption-attachment-4365\" class=\"wp-caption-text\">OKSO 3-in-1 70000 P\u016bsl\u0117s vienkartinis vape<\/figcaption><\/figure>\n<h2 class=\"product-title\"><strong>OKSO 70000 P\u016bsl\u0117s skoni\u0173 s\u0105ra\u0161as<\/strong><\/h2>\n<p data-start=\"2550\" data-end=\"2736\">1.M\u0117lyni\u0173 aviet\u0117\\Mi\u0161rios uogos\\Obuolio persikas<br \/>\n2.Vandensmeliono ledas\\Ponios M\u0117lynas\\\u017dalioji vynuog\u0117 su vandensmelionu<br \/>\n3.Aviet\u0117s ledas\\D\u017eiungli\u0173 sultys\\Drakono melionas<br \/>\n4.Vynuog\u0117s ledas\\Juodosios serbent\u0173 ledas\\Uog\u0173 d\u017eemas<br \/>\n5.Vy\u0161nios ledas\\Dvi obuoli\u0173\\Avie\u010di\u0173 ir vy\u0161ni\u0173 ledas<br \/>\n6.Sultingas persikas\\Vy\u0161ni\u0173 kola\\Vy\u0161ni\u0173 mink\u0161tas saldainis<br \/>\n7.Aviet\u0117s kivi\\Vandensmeliono burbuliuk\u0173 guma\\Trij\u0173 mang\u0173 ledas<br \/>\n8.Kiwi Passion Fruit Guava\\Cola ledas\\Passion Fruit Mango ledas<br \/>\n9.Ananasas ledas\\Bra\u0161k\u0117 Watermelon\\Bra\u0161k\u0117 Vynuog\u0117<br \/>\n10.Svaigi\u0173 M\u0117t\u0173\\Citrina Limonas\\Watermelon Mojito<\/p>\n<div class=\"flex-shrink-0 flex flex-col relative items-end\">\n<div class=\"pt-0\">\n<div class=\"gizmo-bot-avatar flex h-8 w-8 items-center justify-center overflow-hidden rounded-full\">\n<div class=\"relative p-1 rounded-sm flex items-center justify-center bg-token-main-surface-primary text-token-text-primary h-8 w-8\">\n<h2 data-start=\"1200\" data-end=\"1487\">Vapes Tornado \u2013 J\u016bs\u0173 didmenin\u0117 internetin\u0117 elektronini\u0173 cigare\u010di\u0173 parduotuv\u0117, prekiaujanti geriausiais Europos elektronini\u0173 cigare\u010di\u0173 preki\u0173 \u017eenklais<\/h2>\n<p data-start=\"1200\" data-end=\"1487\"><strong data-start=\"213\" data-end=\"248\">Vapes Tornado Internetin\u0117 R\u016bkymo Parduotuv\u0117<\/strong> Vapes Tornado \u2013 j\u016bs\u0173 didmenin\u0117s prekybos centras geriausiems Europos vape preki\u0173 \u017eenklams<strong data-start=\"403\" data-end=\"431\">\u00a0populiari\u0173 garintuv\u0173 preki\u0173 \u017eenkl\u0173<\/strong>, \u012fskaitant <strong data-start=\"443\" data-end=\"502\"><a href=\"https:\/\/vapestornado.com\/lt\/product-category\/elf-bar-vape\/\">ELF BAR VAPE<\/a>, Vapme VAPE, <a href=\"https:\/\/vapestornado.com\/lt\/product\/vozol-gear-power-20k-20000-puffs-vape-rechargeable-disposable-box-bulk-buy-cheap-price\/\">VOZOL VAPE<\/a><\/strong><strong data-start=\"443\" data-end=\"502\">ir <a href=\"https:\/\/vapestornado.com\/lt\/product-category\/bang-vape\/\">Bang Vape<\/a><\/strong>. M\u016bs\u0173 parduotuv\u0117 sukurta aptarnauti tiek individualius klientus, tiek didmeninius pirk\u0117jus, si\u016blant patikimus produktus, kurie sujungia didel\u012f na\u0161um\u0105, stiling\u0105 dizain\u0105 ir konkurencingas kainas.<\/p>\n<h2 data-start=\"2064\" data-end=\"2115\">DUK apie OKSO 70000 P\u016bsl\u0117s Vienkartin\u012f Vape<\/h2>\n<p data-start=\"1275\" data-end=\"1451\"><strong data-start=\"1275\" data-end=\"1351\">Q1: Kiek \u012fkv\u0117pim\u0173 suteikia OKSO 70000 P\u016bsl\u0117s Vienkartinis Vape Pod?<\/strong><br data-start=\"1351\" data-end=\"1354\" \/>A1: Iki <strong data-start=\"1364\" data-end=\"1380\">70 000 \u012fkv\u0117pim\u0173<\/strong> d\u0117ka didelio 48 ml elektroninio skys\u010dio talpos ir efektyvi\u0173 tinklelio rit\u0117s<\/p>\n<p data-start=\"1453\" data-end=\"1655\"><strong data-start=\"1453\" data-end=\"1528\">Q2: Kas i\u0161skiria OKSO 70k P\u016bsl\u0119 nuo kit\u0173 vienkartini\u0173 vape?<\/strong><br data-start=\"1528\" data-end=\"1531\" \/>A2: Jame yra <strong data-start=\"1549\" data-end=\"1573\">3-in-1 skonio sistema<\/strong> su reguliuojamu oro srautu, leid\u017eian\u010diu m\u0117gautis trimis auk\u0161\u010diausios kokyb\u0117s skoniais viename \u012frenginyje.<\/p>\n<p data-start=\"1657\" data-end=\"1813\"><strong data-start=\"1657\" data-end=\"1701\">Q3: Ar OKSO 70000 Puff \u012fkraunamas?<\/strong><br data-start=\"1701\" data-end=\"1704\" \/>A3: Taip, jis turi <strong data-start=\"1722\" data-end=\"1760\">650 mAh Type-C \u012fkraunama baterija<\/strong> su LED ekranu, rodant\u012f alyvos ir akumuliatoriaus b\u016bsen\u0105.<\/p>\n<p data-start=\"1815\" data-end=\"1979\"><strong data-start=\"1815\" data-end=\"1893\">Q4: Kokios nikotino stiprumo galimyb\u0117s yra prieinamos OKSO 70k Vienkartiniam Vape?<\/strong><br data-start=\"1893\" data-end=\"1896\" \/>A4: Galimos parinktys apima <strong data-start=\"1916\" data-end=\"1946\">0%, 2%, 3% ir 5% nikotinas<\/strong> kad atitikt\u0173 skirtingus pageidavimus.<\/p>\n<p data-start=\"1981\" data-end=\"2177\"><strong data-start=\"1981\" data-end=\"2047\">Q5: Kam skirtas OKSO 70k Puff Vienkartinis Vape Pod?<\/strong><br data-start=\"2047\" data-end=\"2050\" \/>A5: Jis yra idealus <strong data-start=\"2069\" data-end=\"2119\">25\u201335 met\u0173 vyr\u0173 vartotojams Europos S\u0105jungos rinkoje<\/strong> kurie nori ilgalaik\u0117s, skon\u012f turin\u010dios vaping patirties.<\/p>\n<\/div>\n<\/div>\n<\/div>\n<\/div>","protected":false},"excerpt":{"rendered":"<p data-start=\"2514\" data-end=\"2583\"><strong data-start=\"2514\" data-end=\"2581\">OKSO 70K Pufas 3-in-1 vienkartinis vape \u2013 Dideli Pufai, Didesnis Skonis<\/strong><\/p>\n<p data-start=\"2587\" data-end=\"2663\"><strong data-start=\"2587\" data-end=\"2661\">Didmenin\u0117 OKSO 70000 Puf\u0173 Vape Pod \u2013 Trij\u0173 Skoni\u0173, Reguliuojamas Oro Srautas<\/strong><\/p>\n<p data-start=\"2667\" data-end=\"2739\"><strong data-start=\"2667\" data-end=\"2737\">OKSO 70000 Vienkartinis Vape Pod \u2013 Geriausias 70K Puf\u0173 Vape 2025 ES Rinkoje<\/strong><\/p>\n<p><strong>Prid\u0117kite Amy's whatsapp, kad gautum\u0117te tinkam\u0105 atsakym\u0105 ir nuolaidos kain\u0105!<\/strong><\/p>\n<p><img fetchpriority=\"high\" decoding=\"async\" class=\"size-full wp-image-2932\" src=\"https:\/\/vapestornado.com\/wp-content\/uploads\/2024\/12\/Vape-Wholesale.jpg\" alt=\"Garintuvai Didmenin\u0117 prekyba\" width=\"229\" height=\"300\" \/><\/p>\n<h3><a href=\"https:\/\/wa.me\/8617776015835\"><span style=\"color: #ff0000;\"><strong>WhatsApp: +86 17776015835<\/strong><\/span><\/a><\/h3>","protected":false},"featured_media":4364,"comment_status":"open","ping_status":"closed","template":"","meta":{"_acf_changed":false,"_uag_custom_page_level_css":"","_lmt_disableupdate":"no","_lmt_disable":"","_monsterinsights_skip_tracking":false,"_monsterinsights_sitenote_active":false,"_monsterinsights_sitenote_note":"","_monsterinsights_sitenote_category":0,"site-sidebar-layout":"default","site-content-layout":"","ast-site-content-layout":"default","site-content-style":"default","site-sidebar-style":"default","ast-global-header-display":"","ast-banner-title-visibility":"","ast-main-header-display":"","ast-hfb-above-header-display":"","ast-hfb-below-header-display":"","ast-hfb-mobile-header-display":"","site-post-title":"","ast-breadcrumbs-content":"","ast-featured-img":"","footer-sml-layout":"","ast-disable-related-posts":"","theme-transparent-header-meta":"default","adv-header-id-meta":"","stick-header-meta":"","header-above-stick-meta":"","header-main-stick-meta":"","header-below-stick-meta":"","astra-migrate-meta-layouts":"set","ast-page-background-enabled":"default","ast-page-background-meta":{"desktop":{"background-color":"","background-image":"","background-repeat":"repeat","background-position":"center center","background-size":"auto","background-attachment":"scroll","background-type":"","background-media":"","overlay-type":"","overlay-color":"","overlay-opacity":"","overlay-gradient":""},"tablet":{"background-color":"","background-image":"","background-repeat":"repeat","background-position":"center center","background-size":"auto","background-attachment":"scroll","background-type":"","background-media":"","overlay-type":"","overlay-color":"","overlay-opacity":"","overlay-gradient":""},"mobile":{"background-color":"","background-image":"","background-repeat":"repeat","background-position":"center center","background-size":"auto","background-attachment":"scroll","background-type":"","background-media":"","overlay-type":"","overlay-color":"","overlay-opacity":"","overlay-gradient":""}},"ast-content-background-meta":{"desktop":{"background-color":"var(--ast-global-color-5)","background-image":"","background-repeat":"repeat","background-position":"center center","background-size":"auto","background-attachment":"scroll","background-type":"","background-media":"","overlay-type":"","overlay-color":"","overlay-opacity":"","overlay-gradient":""},"tablet":{"background-color":"var(--ast-global-color-5)","background-image":"","background-repeat":"repeat","background-position":"center center","background-size":"auto","background-attachment":"scroll","background-type":"","background-media":"","overlay-type":"","overlay-color":"","overlay-opacity":"","overlay-gradient":""},"mobile":{"background-color":"var(--ast-global-color-5)","background-image":"","background-repeat":"repeat","background-position":"center center","background-size":"auto","background-attachment":"scroll","background-type":"","background-media":"","overlay-type":"","overlay-color":"","overlay-opacity":"","overlay-gradient":""}},"_joinchat":[]},"product_brand":[],"product_cat":[149,153,156,158,142,143,144,146],"product_tag":[368,374,375,376],"class_list":{"0":"post-4369","1":"product","2":"type-product","3":"status-publish","4":"has-post-thumbnail","6":"product_cat-buy-disposable-vapes-in-austria","7":"product_cat-buy-disposable-vapes-in-italy","8":"product_cat-buy-disposable-vapes-in-poland","9":"product_cat-buy-disposable-vapes-in-spain","10":"product_cat-digital-box-disposable-vapes","11":"product_cat-dual-mesh-disposable-vapes","12":"product_cat-low-nicotine-disposable-vapes","13":"product_cat-rechargeable-disposable-vapes","14":"product_tag-disposable-vapor","15":"product_tag-okso-70000-puff","16":"product_tag-okso-70k-puff","17":"product_tag-okso-vape","18":"desktop-align-left","19":"tablet-align-left","20":"mobile-align-left","22":"first","23":"instock","24":"sale","25":"shipping-taxable","26":"purchasable","27":"product-type-simple"},"acf":[],"uagb_featured_image_src":{"full":["https:\/\/vapestornado.com\/wp-content\/uploads\/2025\/09\/OKSO-3-IN-1-70000-PUFF-Disposable-Vape-Wholesale-Price.webp",800,800,false],"thumbnail":["https:\/\/vapestornado.com\/wp-content\/uploads\/2025\/09\/OKSO-3-IN-1-70000-PUFF-Disposable-Vape-Wholesale-Price-150x150.webp",150,150,true],"medium":["https:\/\/vapestornado.com\/wp-content\/uploads\/2025\/09\/OKSO-3-IN-1-70000-PUFF-Disposable-Vape-Wholesale-Price-300x300.webp",300,300,true],"medium_large":["https:\/\/vapestornado.com\/wp-content\/uploads\/2025\/09\/OKSO-3-IN-1-70000-PUFF-Disposable-Vape-Wholesale-Price-768x768.webp",768,768,true],"large":["https:\/\/vapestornado.com\/wp-content\/uploads\/2025\/09\/OKSO-3-IN-1-70000-PUFF-Disposable-Vape-Wholesale-Price.webp",800,800,false],"1536x1536":["https:\/\/vapestornado.com\/wp-content\/uploads\/2025\/09\/OKSO-3-IN-1-70000-PUFF-Disposable-Vape-Wholesale-Price.webp",800,800,false],"2048x2048":["https:\/\/vapestornado.com\/wp-content\/uploads\/2025\/09\/OKSO-3-IN-1-70000-PUFF-Disposable-Vape-Wholesale-Price.webp",800,800,false],"trp-custom-language-flag":["https:\/\/vapestornado.com\/wp-content\/uploads\/2025\/09\/OKSO-3-IN-1-70000-PUFF-Disposable-Vape-Wholesale-Price-12x12.webp",12,12,true],"woocommerce_thumbnail":["https:\/\/vapestornado.com\/wp-content\/uploads\/2025\/09\/OKSO-3-IN-1-70000-PUFF-Disposable-Vape-Wholesale-Price-300x300.webp",300,300,true],"woocommerce_single":["https:\/\/vapestornado.com\/wp-content\/uploads\/2025\/09\/OKSO-3-IN-1-70000-PUFF-Disposable-Vape-Wholesale-Price-600x600.webp",600,600,true],"woocommerce_gallery_thumbnail":["https:\/\/vapestornado.com\/wp-content\/uploads\/2025\/09\/OKSO-3-IN-1-70000-PUFF-Disposable-Vape-Wholesale-Price-100x100.webp",100,100,true]},"uagb_author_info":{"display_name":"ESAMY","author_link":"https:\/\/vapestornado.com\/lt\/author\/"},"uagb_comment_info":1,"uagb_excerpt":"OKSO 70K Puff 3-in-1 Disposable Vape \u2013 Big Puffs, Bigger Flavor Wholesale OKSO 70000 Puff Vape Pod \u2013 Triple Flavor, Adjustable Airflow OKSO 70000 Disposable Vape Pod \u2013 Best 70K Puff Vape 2025 EU Market Add Amy's whatsapp to get right reply and discount price! WhatsApp: +86 17776015835","_links":{"self":[{"href":"https:\/\/vapestornado.com\/lt\/wp-json\/wp\/v2\/product\/4369","targetHints":{"allow":["GET"]}}],"collection":[{"href":"https:\/\/vapestornado.com\/lt\/wp-json\/wp\/v2\/product"}],"about":[{"href":"https:\/\/vapestornado.com\/lt\/wp-json\/wp\/v2\/types\/product"}],"replies":[{"embeddable":true,"href":"https:\/\/vapestornado.com\/lt\/wp-json\/wp\/v2\/comments?post=4369"}],"wp:featuredmedia":[{"embeddable":true,"href":"https:\/\/vapestornado.com\/lt\/wp-json\/wp\/v2\/media\/4364"}],"wp:attachment":[{"href":"https:\/\/vapestornado.com\/lt\/wp-json\/wp\/v2\/media?parent=4369"}],"wp:term":[{"taxonomy":"product_brand","embeddable":true,"href":"https:\/\/vapestornado.com\/lt\/wp-json\/wp\/v2\/product_brand?post=4369"},{"taxonomy":"product_cat","embeddable":true,"href":"https:\/\/vapestornado.com\/lt\/wp-json\/wp\/v2\/product_cat?post=4369"},{"taxonomy":"product_tag","embeddable":true,"href":"https:\/\/vapestornado.com\/lt\/wp-json\/wp\/v2\/product_tag?post=4369"}],"curies":[{"name":"wp","href":"https:\/\/api.w.org\/{rel}","templated":true}]}}