{"id":4363,"date":"2025-09-20T03:33:56","date_gmt":"2025-09-20T03:33:56","guid":{"rendered":"https:\/\/vapestornado.com\/?post_type=product&#038;p=4363"},"modified":"2025-09-20T06:28:53","modified_gmt":"2025-09-20T06:28:53","slug":"bang-box-turbo-42000-puff-dual-vaping-mode-touch-screen-disposable-vape","status":"publish","type":"product","link":"https:\/\/vapestornado.com\/lt\/product\/bang-box-turbo-42000-puff-dual-vaping-mode-touch-screen-disposable-vape\/","title":{"rendered":"\u201eBang Box Turbo 42000\u201c \u012ftraukim\u0173 dvigubo garinimo re\u017eimo vienkartinis elektroninis cigare\u010di\u0173 \u012frenginys su jutikliniu ekranu"},"content":{"rendered":"<h2 data-pm-slice=\"1 1 []\">Bang Box Turbo 42000 P\u016b\u010di\u0173 \u2013 Jutiklinis ekranas vienkartiniam vape su dvigubu vaping re\u017eimu<\/h2>\n<p data-start=\"272\" data-end=\"659\">\u0160is <strong data-start=\"276\" data-end=\"300\">Bang Box Turbo 42000<\/strong> skirtas vaperiams, kurie nori galios, stiliaus ir kontrol\u0117s viename \u012frenginyje. Su <strong data-start=\"380\" data-end=\"400\">dvivietis vaping re\u017eimas<\/strong>, galite perjungti tarp <strong data-start=\"425\" data-end=\"462\">\u012fprastu re\u017eimu (iki 42 000 p\u016b\u010di\u0173)<\/strong> or <strong data-start=\"466\" data-end=\"495\">pulsavimo re\u017eimu (30 000 p\u016b\u010di\u0173)<\/strong> stipresniam \u012fsitraukimui. \u0160is lankstumas daro j\u012f idealiu pasirinkimu <b>skirtingiems vaperiams<\/b> ie\u0161kantiems vienkartinio vape, kuris prisitaiko prie j\u0173 gyvenimo b\u016bdo.<\/p>\n<p data-start=\"661\" data-end=\"989\">\u012erengtas su <strong data-start=\"677\" data-end=\"703\">3D i\u0161lenktas jutiklinis ekranas<\/strong>, <strong data-start=\"709\" data-end=\"741\">Bang Box 42k Vienkartinis Vape Pod<\/strong>\u00a0laiku informuoja apie baterijos b\u016bkl\u0119 ir e-skys\u010dio lygius realiu laiku. Be sp\u0117lioni\u0173 \u2013 tik ai\u0161ki, patikima informacija akimirksniu. <strong data-start=\"878\" data-end=\"902\">28mL pripildomas bakelis<\/strong> suderintas su <strong data-start=\"917\" data-end=\"935\">tinklelio rit\u0117<\/strong> teikia dr\u0105sius, \u0161velnius skonius nuo prad\u017eios iki pabaigos.<\/p>\n<p data-start=\"991\" data-end=\"1263\">Maitinamas <strong data-start=\"1004\" data-end=\"1042\">750mAh Type-C \u012fkraunama baterija<\/strong>, Bang Box Turbo 42000 garantuoja ilgalaikes sesijas be pertrauk\u0173. Pasirinkite savo pageidaujam\u0105 stiprum\u0105 su <strong data-start=\"1161\" data-end=\"1201\">nikotino pasirinkimais i\u0161 0%, 2%, 3% arba 5%<\/strong>, tod\u0117l tinka tiek atsitiktiniams, tiek patyrusiems vaperiams.<\/p>\n<p data-start=\"1265\" data-end=\"1583\">Skoni\u0173 pasirinkimai apima <strong data-start=\"1288\" data-end=\"1362\">Bra\u0161k\u0117s Arb\u016bzas, Meksikos Mango, Majamis M\u0117ta, Vynuog\u0117 B Pop ir daugiau<\/strong>, suteikia jums plat\u0173 vaisi\u0173, led\u0173 ir sald\u017ei\u0173 mi\u0161ini\u0173 pasirinkim\u0105, kad kiekvienas \u012fkv\u0117pimas b\u016bt\u0173 \u012fdomus. Su savo kompakti\u0161ku, bet auk\u0161\u010diausios kokyb\u0117s dizainu, \u0161is <strong data-start=\"1493\" data-end=\"1525\">Jutiklinis ekranas vienkartiniam vape<\/strong> yra ne tik \u012frenginys\u2014tai modernios vapingo i\u0161rai\u0161ka.<\/p>\n<h3 data-start=\"1585\" data-end=\"1624\">Kod\u0117l pirkti Bang Box Turbo 42000?<\/h3>\n<ul data-start=\"1625\" data-end=\"1935\">\n<li data-start=\"1625\" data-end=\"1693\">\n<p data-start=\"1627\" data-end=\"1693\"><strong data-start=\"1627\" data-end=\"1647\">Dvigubo vapingo re\u017eimas<\/strong>: \u012eprastas arba Pulsas, pritaikytas patenkinimui<\/p>\n<\/li>\n<li data-start=\"1694\" data-end=\"1760\">\n<p data-start=\"1696\" data-end=\"1760\"><strong data-start=\"1696\" data-end=\"1720\">Jutiklinis ekranas<\/strong>: Realaus laiko alyvos ir baterijos steb\u0117jimas<\/p>\n<\/li>\n<li data-start=\"1761\" data-end=\"1815\">\n<p data-start=\"1763\" data-end=\"1815\"><strong data-start=\"1763\" data-end=\"1780\">Didel\u0117 talpa<\/strong>: 42 000 \u012fkv\u0117pim\u0173 su 28mL e-skys\u010dio<\/p>\n<\/li>\n<li data-start=\"1816\" data-end=\"1875\">\n<p data-start=\"1818\" data-end=\"1875\"><strong data-start=\"1818\" data-end=\"1831\">Tinklelio rit\u0117<\/strong>: \u0160velnios debesys ir pilnas skonis kiekvien\u0105 kart\u0105<\/p>\n<\/li>\n<li data-start=\"1876\" data-end=\"1935\">\n<p data-start=\"1878\" data-end=\"1935\"><strong data-start=\"1878\" data-end=\"1894\">\u012ekraunamas<\/strong>: 750mAh Type-C baterija patogumui<\/p>\n<\/li>\n<\/ul>\n<p><strong><span style=\"color: #ff0000;\">Prid\u0117kite Amy whatsapp, gaukite tiesiogin\u012f atsakym\u0105 ir kupon\u0105 veipui!<\/span><\/strong><\/p>\n<p><img fetchpriority=\"high\" decoding=\"async\" class=\"size-full wp-image-2932\" src=\"https:\/\/vapestornado.com\/wp-content\/uploads\/2024\/12\/Vape-Wholesale.jpg\" alt=\"Garintuvai Didmenin\u0117 prekyba\" width=\"229\" height=\"300\" \/><\/p>\n<h3><a href=\"https:\/\/wa.me\/8617776015835\" target=\"_blank\" rel=\"noopener\"><span style=\"color: #ff0000;\"><strong>WhatsApp: +86 17776015835<\/strong><\/span><\/a><\/h3>\n<p>&nbsp;<\/p>\n<h2><strong>Bang Box Turbo 42000 P\u016bsl\u0117s Produkto Savyb\u0117s<\/strong><\/h2>\n<p>P\u016bsl\u0117s: 42000 p\u016bsl\u0117s (\u012fprastas re\u017eimas)<br \/>\n30000 p\u016bsl\u0117s (Pulse re\u017eimas)<br \/>\nDvigubo re\u017eimo Vapingas<br \/>\nSkystis: 28 ml i\u0161 anksto u\u017epildytas<br \/>\nNikotinas: 0%, 2%, 3%, 5%<br \/>\nVariklis: Tinklelio rit\u0117 1.0 \u03a9<br \/>\nBaterija: 750 mAh su Type-C \u012fkrovimu<br \/>\n3D i\u0161lenktas ekranas rodinys aliejui ir baterijai<\/p>\n<figure id=\"attachment_4359\" aria-describedby=\"caption-attachment-4359\" style=\"width: 300px\" class=\"wp-caption alignnone\"><img decoding=\"async\" class=\"size-medium wp-image-4359\" src=\"https:\/\/vapestornado.com\/wp-content\/uploads\/2025\/09\/Bang-Box-Turbo-42000-Puff-Dispsoable-Vape-Mod-Kits-300x300.webp\" alt=\"Bang Box Turbo 42000 P\u016bsl\u0117s Vienkartiniai Vape Mod Rinkiniai\" width=\"300\" height=\"300\" srcset=\"https:\/\/vapestornado.com\/wp-content\/uploads\/2025\/09\/Bang-Box-Turbo-42000-Puff-Dispsoable-Vape-Mod-Kits-300x300.webp 300w, https:\/\/vapestornado.com\/wp-content\/uploads\/2025\/09\/Bang-Box-Turbo-42000-Puff-Dispsoable-Vape-Mod-Kits-1024x1024.webp 1024w, https:\/\/vapestornado.com\/wp-content\/uploads\/2025\/09\/Bang-Box-Turbo-42000-Puff-Dispsoable-Vape-Mod-Kits-150x150.webp 150w, https:\/\/vapestornado.com\/wp-content\/uploads\/2025\/09\/Bang-Box-Turbo-42000-Puff-Dispsoable-Vape-Mod-Kits-768x768.webp 768w, https:\/\/vapestornado.com\/wp-content\/uploads\/2025\/09\/Bang-Box-Turbo-42000-Puff-Dispsoable-Vape-Mod-Kits-12x12.webp 12w, https:\/\/vapestornado.com\/wp-content\/uploads\/2025\/09\/Bang-Box-Turbo-42000-Puff-Dispsoable-Vape-Mod-Kits-600x600.webp 600w, https:\/\/vapestornado.com\/wp-content\/uploads\/2025\/09\/Bang-Box-Turbo-42000-Puff-Dispsoable-Vape-Mod-Kits-100x100.webp 100w, https:\/\/vapestornado.com\/wp-content\/uploads\/2025\/09\/Bang-Box-Turbo-42000-Puff-Dispsoable-Vape-Mod-Kits.webp 1500w\" sizes=\"(max-width: 300px) 100vw, 300px\" \/><figcaption id=\"caption-attachment-4359\" class=\"wp-caption-text\">Bang Box Turbo 42000 P\u016bsl\u0117s Vienkartiniai Vape Mod Rinkiniai<\/figcaption><\/figure>\n<h2 class=\"product-title\"><strong>Bang Box Turbo 42000 P\u016bsl\u0117s Skoni\u0173 S\u0105ra\u0161as<\/strong><\/h2>\n<p data-start=\"2550\" data-end=\"2736\">1. Bra\u0161ki\u0173 arb\u016bzas<br \/>\n2.Vilnios uogos<br \/>\n3. M\u0117lyni\u0173 avie\u010di\u0173 ledas<br \/>\n4.M\u0117lyni\u0173 arb\u016bzas<br \/>\n5.S\u016brus obuoli\u0173 ledas<br \/>\n6.Laimo uog\u0173 apelsinas<br \/>\n7.Meksiko mango<br \/>\n8.Miami m\u0117tos<br \/>\n9. Arb\u016bzo ledas<br \/>\n10.Sald\u016bs vy\u0161nios<br \/>\n11.Vynuogi\u0173 B Pop<br \/>\n12.Aviet\u0117s B Pop<\/p>\n<div class=\"flex-shrink-0 flex flex-col relative items-end\">\n<div class=\"pt-0\">\n<div class=\"gizmo-bot-avatar flex h-8 w-8 items-center justify-center overflow-hidden rounded-full\">\n<div class=\"relative p-1 rounded-sm flex items-center justify-center bg-token-main-surface-primary text-token-text-primary h-8 w-8\">\n<h2 data-start=\"1200\" data-end=\"1487\">Vapes Tornado \u2013 J\u016bs\u0173 didmenin\u0117 internetin\u0117 elektronini\u0173 cigare\u010di\u0173 parduotuv\u0117, prekiaujanti geriausiais Europos elektronini\u0173 cigare\u010di\u0173 preki\u0173 \u017eenklais<\/h2>\n<p data-start=\"1200\" data-end=\"1487\"><strong data-start=\"213\" data-end=\"248\">Vapes Tornado Internetin\u0117 R\u016bkymo Parduotuv\u0117<\/strong> Vapes Tornado \u2013 j\u016bs\u0173 didmenin\u0117s prekybos centras geriausiems Europos vape preki\u0173 \u017eenklams<strong data-start=\"403\" data-end=\"431\">\u00a0populiari\u0173 garintuv\u0173 preki\u0173 \u017eenkl\u0173<\/strong>, \u012fskaitant <strong data-start=\"443\" data-end=\"502\"><a href=\"https:\/\/vapestornado.com\/lt\/product-category\/elf-bar-vape\/\">ELF BAR VAPE<\/a>, Vapme VAPE, <a href=\"https:\/\/vapestornado.com\/lt\/product\/vozol-gear-power-20k-20000-puffs-vape-rechargeable-disposable-box-bulk-buy-cheap-price\/\">VOZOL VAPE<\/a><\/strong><strong data-start=\"443\" data-end=\"502\">ir <a href=\"https:\/\/vapestornado.com\/lt\/product-category\/bang-vape\/\">Bang Vape<\/a><\/strong>. M\u016bs\u0173 parduotuv\u0117 sukurta aptarnauti tiek individualius klientus, tiek didmeninius pirk\u0117jus, si\u016blant patikimus produktus, kurie sujungia didel\u012f na\u0161um\u0105, stiling\u0105 dizain\u0105 ir konkurencingas kainas.<\/p>\n<h2 data-start=\"2064\" data-end=\"2115\">Da\u017eniausiai u\u017eduodami klausimai apie Bang Box 42k p\u016bk\u0173 vienkartin\u012f vape<\/h2>\n<p data-start=\"1990\" data-end=\"2128\"><strong data-start=\"1990\" data-end=\"2049\">1. Kiek p\u016bk\u0173 gali suteikti Bang Box Turbo 42000?<\/strong><br data-start=\"2049\" data-end=\"2052\" \/>Iki <strong data-start=\"2058\" data-end=\"2090\">42 000 p\u016bk\u0173 \u012f \u012fprast\u0105 re\u017eim\u0105<\/strong> ir <strong data-start=\"2095\" data-end=\"2125\">30 000 p\u016bk\u0173 \u012f impulsin\u012f re\u017eim\u0105<\/strong>.<\/p>\n<p data-start=\"2130\" data-end=\"2311\"><strong data-start=\"2130\" data-end=\"2202\">2. Kas daro Bang Box 42k unikaliu lyginant su kitais vienkartiniais?<\/strong><br data-start=\"2202\" data-end=\"2205\" \/>Jis si\u016blo <strong data-start=\"2217\" data-end=\"2237\">dvivietis vaping re\u017eimas<\/strong> ir <strong data-start=\"2244\" data-end=\"2263\">3D lietimui jautr\u0173 ekran\u0105<\/strong>, suteikiant\u012f naudotojams tiek kontrol\u0119, tiek pritaikym\u0105.<\/p>\n<p data-start=\"2313\" data-end=\"2441\"><strong data-start=\"2313\" data-end=\"2361\">3. Ar Bang Box Turbo 42000 yra \u012fkraunamas?<\/strong><br data-start=\"2361\" data-end=\"2364\" \/>Taip, jame yra <strong data-start=\"2383\" data-end=\"2421\">750mAh Type-C \u012fkraunama baterija<\/strong> ilgalaikiam naudojimui.<\/p>\n<p data-start=\"2443\" data-end=\"2548\"><strong data-start=\"2443\" data-end=\"2484\">4. Koki\u0173 nikotino lygi\u0173 yra?<\/strong><br data-start=\"2484\" data-end=\"2487\" \/>Galite rinktis i\u0161 <strong data-start=\"2507\" data-end=\"2545\">0%, 2%, 3% ar 5% nikotino stiprumas<\/strong>.<\/p>\n<p data-start=\"2550\" data-end=\"2736\"><strong data-start=\"2550\" data-end=\"2611\">5. Kokia yra populiariausi skoniai i\u0161 Bang Box Turbo 42000?<\/strong><br data-start=\"2611\" data-end=\"2614\" \/>Pasirinkimai apima <strong data-start=\"2630\" data-end=\"2723\">Bra\u0161k\u0117 arb\u016bzas, M\u0117lynas Razz Ledas, Meksikos Mango, Majamis M\u0117tos, Sald\u016bs Vy\u0161niai, Vynuogi\u0173 B Pop<\/strong>, ir daugiau.<\/p>\n<\/div>\n<\/div>\n<\/div>\n<\/div>","protected":false},"excerpt":{"rendered":"<p>\u0160is <strong data-start=\"2783\" data-end=\"2812\">Bang Box Turbo 42000 P\u016b\u010di\u0173<\/strong> sujungia <strong data-start=\"2822\" data-end=\"2842\">dvivietis vaping re\u017eimas<\/strong>, a <strong data-start=\"2846\" data-end=\"2870\">jutiklinio ekrano ekranas<\/strong>ir <strong data-start=\"2876\" data-end=\"2892\">42000 p\u016b\u010di\u0173<\/strong> dr\u0105saus skonio. Su <strong data-start=\"2916\" data-end=\"2947\">750mAh \u012fkraunama baterija<\/strong> ir <strong data-start=\"2952\" data-end=\"2969\">28mL talpa<\/strong>, tai i\u0161manus pasirinkimas didmeniniams pirk\u0117jams Europoje.<\/p>\n<p><strong>Prid\u0117kite Amy's whatsapp, kad gautum\u0117te tinkam\u0105 atsakym\u0105 ir nuolaidos kain\u0105!<\/strong><\/p>\n<p><img fetchpriority=\"high\" decoding=\"async\" class=\"size-full wp-image-2932\" src=\"https:\/\/vapestornado.com\/wp-content\/uploads\/2024\/12\/Vape-Wholesale.jpg\" alt=\"Garintuvai Didmenin\u0117 prekyba\" width=\"229\" height=\"300\" \/><\/p>\n<h3><a href=\"https:\/\/wa.me\/8617776015835\"><span style=\"color: #ff0000;\"><strong>WhatsApp: +86 17776015835<\/strong><\/span><\/a><\/h3>","protected":false},"featured_media":4360,"comment_status":"open","ping_status":"closed","template":"","meta":{"_acf_changed":false,"_uag_custom_page_level_css":"","_lmt_disableupdate":"no","_lmt_disable":"","_monsterinsights_skip_tracking":false,"_monsterinsights_sitenote_active":false,"_monsterinsights_sitenote_note":"","_monsterinsights_sitenote_category":0,"site-sidebar-layout":"default","site-content-layout":"","ast-site-content-layout":"default","site-content-style":"default","site-sidebar-style":"default","ast-global-header-display":"","ast-banner-title-visibility":"","ast-main-header-display":"","ast-hfb-above-header-display":"","ast-hfb-below-header-display":"","ast-hfb-mobile-header-display":"","site-post-title":"","ast-breadcrumbs-content":"","ast-featured-img":"","footer-sml-layout":"","ast-disable-related-posts":"","theme-transparent-header-meta":"default","adv-header-id-meta":"","stick-header-meta":"","header-above-stick-meta":"","header-main-stick-meta":"","header-below-stick-meta":"","astra-migrate-meta-layouts":"set","ast-page-background-enabled":"default","ast-page-background-meta":{"desktop":{"background-color":"","background-image":"","background-repeat":"repeat","background-position":"center center","background-size":"auto","background-attachment":"scroll","background-type":"","background-media":"","overlay-type":"","overlay-color":"","overlay-opacity":"","overlay-gradient":""},"tablet":{"background-color":"","background-image":"","background-repeat":"repeat","background-position":"center center","background-size":"auto","background-attachment":"scroll","background-type":"","background-media":"","overlay-type":"","overlay-color":"","overlay-opacity":"","overlay-gradient":""},"mobile":{"background-color":"","background-image":"","background-repeat":"repeat","background-position":"center center","background-size":"auto","background-attachment":"scroll","background-type":"","background-media":"","overlay-type":"","overlay-color":"","overlay-opacity":"","overlay-gradient":""}},"ast-content-background-meta":{"desktop":{"background-color":"var(--ast-global-color-5)","background-image":"","background-repeat":"repeat","background-position":"center center","background-size":"auto","background-attachment":"scroll","background-type":"","background-media":"","overlay-type":"","overlay-color":"","overlay-opacity":"","overlay-gradient":""},"tablet":{"background-color":"var(--ast-global-color-5)","background-image":"","background-repeat":"repeat","background-position":"center center","background-size":"auto","background-attachment":"scroll","background-type":"","background-media":"","overlay-type":"","overlay-color":"","overlay-opacity":"","overlay-gradient":""},"mobile":{"background-color":"var(--ast-global-color-5)","background-image":"","background-repeat":"repeat","background-position":"center center","background-size":"auto","background-attachment":"scroll","background-type":"","background-media":"","overlay-type":"","overlay-color":"","overlay-opacity":"","overlay-gradient":""}},"_joinchat":{"telephone":"17776015835"}},"product_brand":[],"product_cat":[62,64,151,153,156,158,142,143,144,146],"product_tag":[372,371,369,370,368,373],"class_list":{"0":"post-4363","1":"product","2":"type-product","3":"status-publish","4":"has-post-thumbnail","6":"product_cat-bang-vape","7":"product_cat-bangbox-vape","8":"product_cat-buy-disposable-vapes-in-france","9":"product_cat-buy-disposable-vapes-in-italy","10":"product_cat-buy-disposable-vapes-in-poland","11":"product_cat-buy-disposable-vapes-in-spain","12":"product_cat-digital-box-disposable-vapes","13":"product_cat-dual-mesh-disposable-vapes","14":"product_cat-low-nicotine-disposable-vapes","15":"product_cat-rechargeable-disposable-vapes","16":"product_tag-bang-box-42k","17":"product_tag-bang-box-turbo-42000","18":"product_tag-buy-disposable-vape-online","19":"product_tag-disposable-vape-bulk-buy","20":"product_tag-disposable-vapor","21":"product_tag-touch-screen-disposable-vape","22":"desktop-align-left","23":"tablet-align-left","24":"mobile-align-left","26":"first","27":"instock","28":"sale","29":"shipping-taxable","30":"purchasable","31":"product-type-simple"},"acf":[],"uagb_featured_image_src":{"full":["https:\/\/vapestornado.com\/wp-content\/uploads\/2025\/09\/Bang-Box-Turbo-42000-Puff-Touch-Screen-Vape.webp",1000,1000,false],"thumbnail":["https:\/\/vapestornado.com\/wp-content\/uploads\/2025\/09\/Bang-Box-Turbo-42000-Puff-Touch-Screen-Vape-150x150.webp",150,150,true],"medium":["https:\/\/vapestornado.com\/wp-content\/uploads\/2025\/09\/Bang-Box-Turbo-42000-Puff-Touch-Screen-Vape-300x300.webp",300,300,true],"medium_large":["https:\/\/vapestornado.com\/wp-content\/uploads\/2025\/09\/Bang-Box-Turbo-42000-Puff-Touch-Screen-Vape-768x768.webp",768,768,true],"large":["https:\/\/vapestornado.com\/wp-content\/uploads\/2025\/09\/Bang-Box-Turbo-42000-Puff-Touch-Screen-Vape.webp",1000,1000,false],"1536x1536":["https:\/\/vapestornado.com\/wp-content\/uploads\/2025\/09\/Bang-Box-Turbo-42000-Puff-Touch-Screen-Vape.webp",1000,1000,false],"2048x2048":["https:\/\/vapestornado.com\/wp-content\/uploads\/2025\/09\/Bang-Box-Turbo-42000-Puff-Touch-Screen-Vape.webp",1000,1000,false],"trp-custom-language-flag":["https:\/\/vapestornado.com\/wp-content\/uploads\/2025\/09\/Bang-Box-Turbo-42000-Puff-Touch-Screen-Vape-12x12.webp",12,12,true],"woocommerce_thumbnail":["https:\/\/vapestornado.com\/wp-content\/uploads\/2025\/09\/Bang-Box-Turbo-42000-Puff-Touch-Screen-Vape-300x300.webp",300,300,true],"woocommerce_single":["https:\/\/vapestornado.com\/wp-content\/uploads\/2025\/09\/Bang-Box-Turbo-42000-Puff-Touch-Screen-Vape-600x600.webp",600,600,true],"woocommerce_gallery_thumbnail":["https:\/\/vapestornado.com\/wp-content\/uploads\/2025\/09\/Bang-Box-Turbo-42000-Puff-Touch-Screen-Vape-100x100.webp",100,100,true]},"uagb_author_info":{"display_name":"ESAMY","author_link":"https:\/\/vapestornado.com\/lt\/author\/"},"uagb_comment_info":1,"uagb_excerpt":"The Bang Box Turbo 42000 Puff combines dual vaping mode, a touch screen display, and 42000 puffs of bold flavor. With a 750mAh rechargeable battery and 28mL capacity, it\u2019s the smart choice for bulk wholesale buyers across Europe. Add Amy's whatsapp to get right reply and discount price! WhatsApp: +86 17776015835","_links":{"self":[{"href":"https:\/\/vapestornado.com\/lt\/wp-json\/wp\/v2\/product\/4363","targetHints":{"allow":["GET"]}}],"collection":[{"href":"https:\/\/vapestornado.com\/lt\/wp-json\/wp\/v2\/product"}],"about":[{"href":"https:\/\/vapestornado.com\/lt\/wp-json\/wp\/v2\/types\/product"}],"replies":[{"embeddable":true,"href":"https:\/\/vapestornado.com\/lt\/wp-json\/wp\/v2\/comments?post=4363"}],"wp:featuredmedia":[{"embeddable":true,"href":"https:\/\/vapestornado.com\/lt\/wp-json\/wp\/v2\/media\/4360"}],"wp:attachment":[{"href":"https:\/\/vapestornado.com\/lt\/wp-json\/wp\/v2\/media?parent=4363"}],"wp:term":[{"taxonomy":"product_brand","embeddable":true,"href":"https:\/\/vapestornado.com\/lt\/wp-json\/wp\/v2\/product_brand?post=4363"},{"taxonomy":"product_cat","embeddable":true,"href":"https:\/\/vapestornado.com\/lt\/wp-json\/wp\/v2\/product_cat?post=4363"},{"taxonomy":"product_tag","embeddable":true,"href":"https:\/\/vapestornado.com\/lt\/wp-json\/wp\/v2\/product_tag?post=4363"}],"curies":[{"name":"wp","href":"https:\/\/api.w.org\/{rel}","templated":true}]}}