{"id":4355,"date":"2025-09-19T03:35:21","date_gmt":"2025-09-19T03:35:21","guid":{"rendered":"https:\/\/vapestornado.com\/?post_type=product&#038;p=4355"},"modified":"2025-09-19T06:51:26","modified_gmt":"2025-09-19T06:51:26","slug":"uzy-60000-puff-60k-disposable-vapor-3-in-1-triple-flavor-bulk-buy-online","status":"publish","type":"product","link":"https:\/\/vapestornado.com\/lt\/product\/uzy-60000-puff-60k-disposable-vapor-3-in-1-triple-flavor-bulk-buy-online\/","title":{"rendered":"UZY 60000 \u012ftraukim\u0173 60k vienkartinis garintuvas 3 viename trigubo skonio didmenin\u0117 prekyba internetu"},"content":{"rendered":"<h2 data-pm-slice=\"1 1 []\">UZY 60000 \u012etraukim\u0173 3 viename Trigubo skonio vienkartinis garintuvas \u2013 pirkite dideliais kiekiais internetu u\u017e geriausi\u0105 kain\u0105<\/h2>\n<p data-start=\"312\" data-end=\"738\">\u0160is <strong data-start=\"316\" data-end=\"351\">UZY 60000 \u012etraukim\u0173 Vienkartinis Garintuvas<\/strong> yra sukurtas garintojams, kurie nori \u012fvairov\u0117s, galios ir patikimumo viename \u012frenginyje. Su \u012fsp\u016bdingu <strong data-start=\"447\" data-end=\"468\">60 t\u016bkst. \u012ftraukim\u0173 talpa<\/strong> ir unikali\u0105 <strong data-start=\"482\" data-end=\"513\">3 viename trigubo skonio sistema<\/strong>, kiekvienas pod \u012frenginys tiekia <strong data-start=\"536\" data-end=\"556\">54 ml e-skys\u010dio<\/strong> padalintas \u012f tris atskiras kameras, i\u0161laikant kiekvien\u0105 skon\u012f \u0161vie\u017ei\u0105 ir i\u0161skirtin\u012f. UZY 60000 p\u016btimo vape yra puikus pasirinkimas<strong data-start=\"662\" data-end=\"702\"> garintojams <\/strong>kurie reikalauja na\u0161umo ir stiliaus.<\/p>\n<p data-start=\"740\" data-end=\"1112\">\u012erengtas <strong data-start=\"754\" data-end=\"785\">triguba tinklelio rit\u0117s technologija<\/strong>, UZY 60k u\u017etikrina skland\u0173 gar\u0105 ir sodr\u0173 skon\u012f kiekvienu \u012fkv\u0117pimu. The <strong data-start=\"854\" data-end=\"875\">i\u0161manusis LED ekranas<\/strong> nuolat informuoja apie baterijos ir e-skys\u010dio lygius, tod\u0117l niekada netik\u0117tai nepritr\u016bks. Maitinamas stipraus <strong data-start=\"984\" data-end=\"1041\">850 mAh \u012fkraunama baterija su C tipo greitu \u012fkrovimu<\/strong>, prastovos yra minimalios, tod\u0117l \u0161is \u012frenginys yra patikimas kasdieniam naudojimui.<\/p>\n<p data-start=\"1114\" data-end=\"1403\">Galima \u012fsigyti <strong data-start=\"1127\" data-end=\"1167\">0%, 2%, 3% ir 5% nikotino stiprumo<\/strong>, jis patenkina kiekvien\u0105 pageidavim\u0105 \u2013 nuo lengvo, kasdienio garinimo iki stipresnio sm\u016bgio. The <strong data-start=\"1248\" data-end=\"1282\">kristal\u0173 \u012fkv\u0117ptas modernus dizainas<\/strong> ne tik jau\u010diasi auk\u0161\u010diausios kokyb\u0117s rankoje, bet ir atrodo ry\u0161kiai, patraukliai jauniems suaugusiems, kurie vertina tiek funkcij\u0105, tiek estetik\u0105.<\/p>\n<p data-start=\"1405\" data-end=\"1739\">D\u0117l <strong data-start=\"1409\" data-end=\"1434\">didmeniniams pirk\u0117jams<\/strong>, UZY 60000 Puff i\u0161siskiria kaip <strong data-start=\"1471\" data-end=\"1518\">geriausiai parduodamas vienkartini\u0173 gar\u0173 kategorijoje<\/strong>, derinant <strong data-start=\"1530\" data-end=\"1612\">ilgalaik\u012f na\u0161um\u0105, autenti\u0161kus skonius ir konkurencingas didmenines kainas<\/strong> kuris u\u017etikrina didel\u0119 pelno mar\u017e\u0105. Jei norite <strong data-start=\"1664\" data-end=\"1694\">pirkti vienkartinius garus internetu<\/strong> savo parduotuvei, UZY 60k yra saugus pasirinkimas.<\/p>\n<p><strong><span style=\"color: #ff0000;\">Prid\u0117kite Amy whatsapp, gaukite tiesiogin\u012f atsakym\u0105 ir kupon\u0105 veipui!<\/span><\/strong><\/p>\n<p><img fetchpriority=\"high\" decoding=\"async\" class=\"size-full wp-image-2932\" src=\"https:\/\/vapestornado.com\/wp-content\/uploads\/2024\/12\/Vape-Wholesale.jpg\" alt=\"Garintuvai Didmenin\u0117 prekyba\" width=\"229\" height=\"300\" \/><\/p>\n<h3><a href=\"https:\/\/wa.me\/8617776015835\" target=\"_blank\" rel=\"noopener\"><span style=\"color: #ff0000;\"><strong>WhatsApp: +86 17776015835<\/strong><\/span><\/a><\/h3>\n<p>&nbsp;<\/p>\n<h2><strong>UZY 60000 Puff produkto savyb\u0117s<\/strong><\/h2>\n<p>\u012ekv\u0117pimai: 60000 \u012fkv\u0117pim\u0173<br \/>\n3 viename trigubi skoniai<br \/>\nDviguba tinklelio rit\u0117<br \/>\nE-skystis: 54 ml (18 ml + 18 ml + 18 ml)<br \/>\nNikotinas: 0%\/2%\/3%\/5%<br \/>\nBaterija: 850 mah<br \/>\n\u012ekraunamas: C tipo \u012fkrovimo prievadas<br \/>\nLED ekranas (i\u0161manusis ekranas) rodo baterijos ir e-skys\u010dio lyg\u012f<br \/>\nGalingumo reguliavimas: \u201ePro\u201c ir \u201eMax\u201c versijos<br \/>\nProdukto svoris: 120 g\/vnt.<\/p>\n<figure id=\"attachment_4354\" aria-describedby=\"caption-attachment-4354\" style=\"width: 800px\" class=\"wp-caption alignnone\"><img decoding=\"async\" class=\"wp-image-4354 size-full\" src=\"https:\/\/vapestornado.com\/wp-content\/uploads\/2025\/09\/UZY-Triple-Flavor-60000-60K-Puffs-Disposable-Vape.webp\" alt=\"UZY trigubo skonio 60000 60K \u012ftraukim\u0173 vienkartinis garintuvas\" width=\"800\" height=\"800\" srcset=\"https:\/\/vapestornado.com\/wp-content\/uploads\/2025\/09\/UZY-Triple-Flavor-60000-60K-Puffs-Disposable-Vape.webp 800w, https:\/\/vapestornado.com\/wp-content\/uploads\/2025\/09\/UZY-Triple-Flavor-60000-60K-Puffs-Disposable-Vape-300x300.webp 300w, https:\/\/vapestornado.com\/wp-content\/uploads\/2025\/09\/UZY-Triple-Flavor-60000-60K-Puffs-Disposable-Vape-150x150.webp 150w, https:\/\/vapestornado.com\/wp-content\/uploads\/2025\/09\/UZY-Triple-Flavor-60000-60K-Puffs-Disposable-Vape-768x768.webp 768w, https:\/\/vapestornado.com\/wp-content\/uploads\/2025\/09\/UZY-Triple-Flavor-60000-60K-Puffs-Disposable-Vape-12x12.webp 12w, https:\/\/vapestornado.com\/wp-content\/uploads\/2025\/09\/UZY-Triple-Flavor-60000-60K-Puffs-Disposable-Vape-600x600.webp 600w, https:\/\/vapestornado.com\/wp-content\/uploads\/2025\/09\/UZY-Triple-Flavor-60000-60K-Puffs-Disposable-Vape-100x100.webp 100w\" sizes=\"(max-width: 800px) 100vw, 800px\" \/><figcaption id=\"caption-attachment-4354\" class=\"wp-caption-text\">UZY trigubo skonio 60000 60K \u012ftraukim\u0173 vienkartinis garintuvas<\/figcaption><\/figure>\n<h2 class=\"product-title\"><strong> UZY 60000 \u012ftraukim\u0173 skoni\u0173 s\u0105ra\u0161as<\/strong><\/h2>\n<p>1. M\u0117lyni\u0173 avie\u010di\u0173 \/ bra\u0161ki\u0173 kivi\u0173 \/ citrin\u0173 laim\u0173<br \/>\n2. Kivi\u0173 pasiflor\u0173 gvajavos \/ m\u0117lyni\u0173 led\u0173 \/ persik\u0173 mango<br \/>\n3. Bra\u0161ki\u0173 arb\u016bz\u0173 \/ kolos led\u0173 \/ vy\u0161ni\u0173 kolos<br \/>\n4. Persik\u0173 ledas \/ Bra\u0161ki\u0173 avie\u010di\u0173 vy\u0161ni\u0173 ledas \/ Dviej\u0173 obuoli\u0173 ledas<br \/>\n5. Vynuogi\u0173 ledas \/ Love 666 (pasiflor\u0173 melionas) \/ Bra\u0161ki\u0173 Red Bull<br \/>\n6. Ponas M\u0117lynasis \/ Guminukas \/ Red Bull ledas<br \/>\n7. Persik\u0173 mang\u0173 ananas\u0173 \/ M\u0117lyni\u0173 avie\u010di\u0173 ledas \/ Avie\u010di\u0173 arb\u016bzas<br \/>\n8. Arb\u016bz\u0173 ledas \/ Trigubas melion\u0173 ledas \/ Bra\u0161ki\u0173 bananas<br \/>\n9. Vasaros persik\u0173 ledas \/ Bra\u0161ki\u0173 ledas \/ M\u0117lyni\u0173 avie\u010di\u0173 ledas<br \/>\n10. Vy\u0161ni\u0173 ledas \/ Mi\u0161rios uogos \/ Juodojo drakono ledas<\/p>\n<div class=\"flex-shrink-0 flex flex-col relative items-end\">\n<div class=\"pt-0\">\n<div class=\"gizmo-bot-avatar flex h-8 w-8 items-center justify-center overflow-hidden rounded-full\">\n<div class=\"relative p-1 rounded-sm flex items-center justify-center bg-token-main-surface-primary text-token-text-primary h-8 w-8\">\n<h2 data-start=\"1200\" data-end=\"1487\">Vapes Tornado \u2013 J\u016bs\u0173 didmenin\u0117 internetin\u0117 elektronini\u0173 cigare\u010di\u0173 parduotuv\u0117, prekiaujanti geriausiais Europos elektronini\u0173 cigare\u010di\u0173 preki\u0173 \u017eenklais<\/h2>\n<p data-start=\"1200\" data-end=\"1487\"><strong data-start=\"213\" data-end=\"248\">Vapes Tornado Internetin\u0117 R\u016bkymo Parduotuv\u0117<\/strong> Vapes Tornado \u2013 j\u016bs\u0173 didmenin\u0117s prekybos centras geriausiems Europos vape preki\u0173 \u017eenklams<strong data-start=\"403\" data-end=\"431\">\u00a0populiari\u0173 garintuv\u0173 preki\u0173 \u017eenkl\u0173<\/strong>, \u012fskaitant <strong data-start=\"443\" data-end=\"502\"><a href=\"https:\/\/vapestornado.com\/lt\/product\/waspe-aiviou-3-in-1-60000-puffs-disposable-vape-kit-best-price\/\">WASPE VAPE<\/a>, Vapme VAPE, <a href=\"https:\/\/vapestornado.com\/lt\/product\/vozol-gear-power-20k-20000-puffs-vape-rechargeable-disposable-box-bulk-buy-cheap-price\/\">VOZOL VAPE<\/a><\/strong><strong data-start=\"443\" data-end=\"502\">ir <a href=\"https:\/\/vapestornado.com\/lt\/product-category\/fumot-vape\/\">FUMOT VAPE<\/a><\/strong>. M\u016bs\u0173 parduotuv\u0117 sukurta aptarnauti tiek individualius klientus, tiek didmeninius pirk\u0117jus, si\u016blant patikimus produktus, kurie sujungia didel\u012f na\u0161um\u0105, stiling\u0105 dizain\u0105 ir konkurencingas kainas.<\/p>\n<h2 data-start=\"2064\" data-end=\"2115\">DUK apie UZY 60000 \u012ftraukim\u0173 vienkartin\u0119 elektronin\u0119 cigaret\u0119<\/h2>\n<p data-start=\"152\" data-end=\"362\"><strong data-start=\"152\" data-end=\"223\">1. Kiek skoni\u0173 si\u016blo UZY 60000 \u012ftraukim\u0173 vienkartinis garintuvas?<\/strong><br data-start=\"223\" data-end=\"226\" \/>Kiekviename \u012frenginyje yra <strong data-start=\"249\" data-end=\"280\">3 viename trigubo skonio sistema<\/strong>, suteikiant jums tris atskiras e-skys\u010dio kameras, kuri\u0173 bendras t\u016bris yra <strong data-start=\"342\" data-end=\"359\">54 ml talpos<\/strong>.<\/p>\n<p data-start=\"364\" data-end=\"530\"><strong data-start=\"364\" data-end=\"404\">2. Ar UZY 60k \u012ftraukim\u0173 galima \u012fkrauti?<\/strong><br data-start=\"404\" data-end=\"407\" \/>Taip. Jis tiekiamas su <strong data-start=\"429\" data-end=\"447\">850 mAh baterija<\/strong> ir palaiko <strong data-start=\"461\" data-end=\"485\">C tipo greit\u0105j\u012f \u012fkrovim\u0105<\/strong>, u\u017etikrinant ilgesn\u012f naudojim\u0105 ir minimalias prastovas.<\/p>\n<p data-start=\"532\" data-end=\"731\"><strong data-start=\"532\" data-end=\"599\">3. Kokio stiprumo nikotino yra UZY 60000 \u012ftraukim\u0173?<\/strong><br data-start=\"599\" data-end=\"602\" \/>UZY 60k \u012ftraukim\u0173 yra <strong data-start=\"635\" data-end=\"675\">0%, 2%, 3% ir 5% stiprumo nikotino<\/strong>, tod\u0117l jis tinka skirtingiems garinimo pageidavimams.<\/p>\n<p data-start=\"733\" data-end=\"913\"><strong data-start=\"733\" data-end=\"776\">4. Kaip veikia LED i\u0161manusis ekranas?<\/strong><br data-start=\"776\" data-end=\"779\" \/>Integruotas <strong data-start=\"792\" data-end=\"806\">LED ekranas<\/strong> rodo <strong data-start=\"813\" data-end=\"855\">baterijos procent\u0105 ir e-skys\u010dio lygius<\/strong>, tod\u0117l visada \u017einosite, kada \u012fkrauti arba pakeisti skon\u012f.<\/p>\n<p data-start=\"915\" data-end=\"1149\"><strong data-start=\"915\" data-end=\"989\">5. Kod\u0117l UZY 60000 Puff yra populiarus didmeninei prekybai Europoje?<\/strong><br data-start=\"989\" data-end=\"992\" \/>Jo <strong data-start=\"996\" data-end=\"1086\">ilgas \u012ftraukim\u0173 skai\u010dius, triguba skoni\u0173 sistema, stipri baterija ir konkurencinga didmenin\u0117 kaina<\/strong> daro j\u012f geriausiu pasirinkimu platintojams ir ma\u017emenininkams.<\/p>\n<\/div>\n<\/div>\n<\/div>\n<\/div>","protected":false},"excerpt":{"rendered":"<p><strong data-start=\"114\" data-end=\"149\">UZY 60000 \u012etraukim\u0173 Vienkartinis Garintuvas<\/strong> suteikia <strong data-start=\"159\" data-end=\"184\">3 viename trigubi skoniai<\/strong>, iki <strong data-start=\"192\" data-end=\"205\">60 t\u016bkst. \u012ftraukim\u0173<\/strong>, ir a <strong data-start=\"213\" data-end=\"234\">i\u0161manusis LED ekranas<\/strong> su <strong data-start=\"240\" data-end=\"278\" data-is-only-node=\"\">850 mAh Type-C \u012fkraunama baterija<\/strong>. Idealiai tinka tiems, kurie <strong data-start=\"290\" data-end=\"325\">didmeniniams pirk\u0117jams Europoje<\/strong> ie\u0161ko ilgalaikio veikimo u\u017e <strong data-start=\"370\" data-end=\"384\">geriausi\u0105 kain\u0105<\/strong>.<\/p>\n<p><strong>Prid\u0117kite Amy's whatsapp, kad gautum\u0117te tinkam\u0105 atsakym\u0105 ir nuolaidos kain\u0105!<\/strong><\/p>\n<p><img fetchpriority=\"high\" decoding=\"async\" class=\"size-full wp-image-2932\" src=\"https:\/\/vapestornado.com\/wp-content\/uploads\/2024\/12\/Vape-Wholesale.jpg\" alt=\"Garintuvai Didmenin\u0117 prekyba\" width=\"229\" height=\"300\" \/><\/p>\n<h3><a href=\"https:\/\/wa.me\/8617776015835\"><span style=\"color: #ff0000;\"><strong>WhatsApp: +86 17776015835<\/strong><\/span><\/a><\/h3>","protected":false},"featured_media":4353,"comment_status":"open","ping_status":"closed","template":"","meta":{"_acf_changed":false,"_uag_custom_page_level_css":"","_lmt_disableupdate":"no","_lmt_disable":"","_monsterinsights_skip_tracking":false,"_monsterinsights_sitenote_active":false,"_monsterinsights_sitenote_note":"","_monsterinsights_sitenote_category":0,"site-sidebar-layout":"default","site-content-layout":"","ast-site-content-layout":"default","site-content-style":"default","site-sidebar-style":"default","ast-global-header-display":"","ast-banner-title-visibility":"","ast-main-header-display":"","ast-hfb-above-header-display":"","ast-hfb-below-header-display":"","ast-hfb-mobile-header-display":"","site-post-title":"","ast-breadcrumbs-content":"","ast-featured-img":"","footer-sml-layout":"","ast-disable-related-posts":"","theme-transparent-header-meta":"default","adv-header-id-meta":"","stick-header-meta":"","header-above-stick-meta":"","header-main-stick-meta":"","header-below-stick-meta":"","astra-migrate-meta-layouts":"set","ast-page-background-enabled":"default","ast-page-background-meta":{"desktop":{"background-color":"","background-image":"","background-repeat":"repeat","background-position":"center center","background-size":"auto","background-attachment":"scroll","background-type":"","background-media":"","overlay-type":"","overlay-color":"","overlay-opacity":"","overlay-gradient":""},"tablet":{"background-color":"","background-image":"","background-repeat":"repeat","background-position":"center center","background-size":"auto","background-attachment":"scroll","background-type":"","background-media":"","overlay-type":"","overlay-color":"","overlay-opacity":"","overlay-gradient":""},"mobile":{"background-color":"","background-image":"","background-repeat":"repeat","background-position":"center center","background-size":"auto","background-attachment":"scroll","background-type":"","background-media":"","overlay-type":"","overlay-color":"","overlay-opacity":"","overlay-gradient":""}},"ast-content-background-meta":{"desktop":{"background-color":"var(--ast-global-color-5)","background-image":"","background-repeat":"repeat","background-position":"center center","background-size":"auto","background-attachment":"scroll","background-type":"","background-media":"","overlay-type":"","overlay-color":"","overlay-opacity":"","overlay-gradient":""},"tablet":{"background-color":"var(--ast-global-color-5)","background-image":"","background-repeat":"repeat","background-position":"center center","background-size":"auto","background-attachment":"scroll","background-type":"","background-media":"","overlay-type":"","overlay-color":"","overlay-opacity":"","overlay-gradient":""},"mobile":{"background-color":"var(--ast-global-color-5)","background-image":"","background-repeat":"repeat","background-position":"center center","background-size":"auto","background-attachment":"scroll","background-type":"","background-media":"","overlay-type":"","overlay-color":"","overlay-opacity":"","overlay-gradient":""}},"_joinchat":{"telephone":"17776015835"}},"product_brand":[],"product_cat":[343,152,156,158,142,357,144,146,356],"product_tag":[369,370,368,366,367,364],"class_list":{"0":"post-4355","1":"product","2":"type-product","3":"status-publish","4":"has-post-thumbnail","6":"product_cat-60000-puff","7":"product_cat-buy-disposable-vapes-in-cermany","8":"product_cat-buy-disposable-vapes-in-poland","9":"product_cat-buy-disposable-vapes-in-spain","10":"product_cat-digital-box-disposable-vapes","11":"product_cat-flavor-adjustable-vape","12":"product_cat-low-nicotine-disposable-vapes","13":"product_cat-rechargeable-disposable-vapes","14":"product_cat-uzy-vape","15":"product_tag-buy-disposable-vape-online","16":"product_tag-disposable-vape-bulk-buy","17":"product_tag-disposable-vapor","18":"product_tag-uzy-60000-puff","19":"product_tag-uzy-60k-puff","20":"product_tag-wholesale-cheap-price","21":"desktop-align-left","22":"tablet-align-left","23":"mobile-align-left","25":"first","26":"instock","27":"sale","28":"shipping-taxable","29":"purchasable","30":"product-type-simple"},"acf":[],"uagb_featured_image_src":{"full":["https:\/\/vapestornado.com\/wp-content\/uploads\/2025\/09\/UZY-Triple-Flavor-60000-60K-Puffs-Disposable-Vape-BOx.webp",800,800,false],"thumbnail":["https:\/\/vapestornado.com\/wp-content\/uploads\/2025\/09\/UZY-Triple-Flavor-60000-60K-Puffs-Disposable-Vape-BOx-150x150.webp",150,150,true],"medium":["https:\/\/vapestornado.com\/wp-content\/uploads\/2025\/09\/UZY-Triple-Flavor-60000-60K-Puffs-Disposable-Vape-BOx-300x300.webp",300,300,true],"medium_large":["https:\/\/vapestornado.com\/wp-content\/uploads\/2025\/09\/UZY-Triple-Flavor-60000-60K-Puffs-Disposable-Vape-BOx-768x768.webp",768,768,true],"large":["https:\/\/vapestornado.com\/wp-content\/uploads\/2025\/09\/UZY-Triple-Flavor-60000-60K-Puffs-Disposable-Vape-BOx.webp",800,800,false],"1536x1536":["https:\/\/vapestornado.com\/wp-content\/uploads\/2025\/09\/UZY-Triple-Flavor-60000-60K-Puffs-Disposable-Vape-BOx.webp",800,800,false],"2048x2048":["https:\/\/vapestornado.com\/wp-content\/uploads\/2025\/09\/UZY-Triple-Flavor-60000-60K-Puffs-Disposable-Vape-BOx.webp",800,800,false],"trp-custom-language-flag":["https:\/\/vapestornado.com\/wp-content\/uploads\/2025\/09\/UZY-Triple-Flavor-60000-60K-Puffs-Disposable-Vape-BOx-12x12.webp",12,12,true],"woocommerce_thumbnail":["https:\/\/vapestornado.com\/wp-content\/uploads\/2025\/09\/UZY-Triple-Flavor-60000-60K-Puffs-Disposable-Vape-BOx-300x300.webp",300,300,true],"woocommerce_single":["https:\/\/vapestornado.com\/wp-content\/uploads\/2025\/09\/UZY-Triple-Flavor-60000-60K-Puffs-Disposable-Vape-BOx-600x600.webp",600,600,true],"woocommerce_gallery_thumbnail":["https:\/\/vapestornado.com\/wp-content\/uploads\/2025\/09\/UZY-Triple-Flavor-60000-60K-Puffs-Disposable-Vape-BOx-100x100.webp",100,100,true]},"uagb_author_info":{"display_name":"ESAMY","author_link":"https:\/\/vapestornado.com\/lt\/author\/"},"uagb_comment_info":1,"uagb_excerpt":"UZY 60000 Puff Disposable Vapor delivers 3-in-1 triple flavors, up to 60k puffs, and a smart LED display with 850mAh Type-C rechargeable battery. Ideal for bulk wholesale buyers in Europe looking for long-lasting performance at the best price. Add Amy's whatsapp to get right reply and discount price! WhatsApp: +86 17776015835","_links":{"self":[{"href":"https:\/\/vapestornado.com\/lt\/wp-json\/wp\/v2\/product\/4355","targetHints":{"allow":["GET"]}}],"collection":[{"href":"https:\/\/vapestornado.com\/lt\/wp-json\/wp\/v2\/product"}],"about":[{"href":"https:\/\/vapestornado.com\/lt\/wp-json\/wp\/v2\/types\/product"}],"replies":[{"embeddable":true,"href":"https:\/\/vapestornado.com\/lt\/wp-json\/wp\/v2\/comments?post=4355"}],"wp:featuredmedia":[{"embeddable":true,"href":"https:\/\/vapestornado.com\/lt\/wp-json\/wp\/v2\/media\/4353"}],"wp:attachment":[{"href":"https:\/\/vapestornado.com\/lt\/wp-json\/wp\/v2\/media?parent=4355"}],"wp:term":[{"taxonomy":"product_brand","embeddable":true,"href":"https:\/\/vapestornado.com\/lt\/wp-json\/wp\/v2\/product_brand?post=4355"},{"taxonomy":"product_cat","embeddable":true,"href":"https:\/\/vapestornado.com\/lt\/wp-json\/wp\/v2\/product_cat?post=4355"},{"taxonomy":"product_tag","embeddable":true,"href":"https:\/\/vapestornado.com\/lt\/wp-json\/wp\/v2\/product_tag?post=4355"}],"curies":[{"name":"wp","href":"https:\/\/api.w.org\/{rel}","templated":true}]}}