{"id":4348,"date":"2025-09-17T08:20:08","date_gmt":"2025-09-17T08:20:08","guid":{"rendered":"https:\/\/vapestornado.com\/?post_type=product&#038;p=4348"},"modified":"2025-09-17T08:44:49","modified_gmt":"2025-09-17T08:44:49","slug":"original-vozol-star-40000-puff-40k-best-disposable-vape-2025-wholesale-cheap-price","status":"publish","type":"product","link":"https:\/\/vapestornado.com\/lt\/product\/original-vozol-star-40000-puff-40k-best-disposable-vape-2025-wholesale-cheap-price\/","title":{"rendered":"Originalus \u201eVozol Star 40000 Puff 40k\u201c geriausias vienkartinis garintuvas 2025 didmenin\u0117 prekyba pigia kaina"},"content":{"rendered":"<h2 data-pm-slice=\"1 1 []\">Vozol Star 40000 vienkartinis vape \u2013 didmenin\u0117 geriausia kaina 2025<\/h2>\n<p data-start=\"292\" data-end=\"656\">\u0160is <strong data-start=\"296\" data-end=\"349\">Vozol Star 40000 p\u016btimas (Vozol Star 40K vienkartinis vape)<\/strong> nustato nauj\u0105 ilgalaiki\u0173 vienkartini\u0173 \u012frengini\u0173 standart\u0105. Pateikia iki <strong data-start=\"424\" data-end=\"440\">40 000 \u012ftraukim\u0173<\/strong>, jis sukurtas naudotojams, kurie nori galios, \u012fvairov\u0117s ir vert\u0117s viename kompakti\u0161kame dizaine. Maitinamas <strong data-start=\"534\" data-end=\"592\">1000mAh \u012fkraunama baterija su Type-C greitu \u012fkrovimu<\/strong>, Star 40K yra puikus kelioms savait\u0117ms nuoseklaus veikimo.<\/p>\n<p data-start=\"658\" data-end=\"996\">Sukurtas su <strong data-start=\"674\" data-end=\"693\">dvigubomis tinklelio spiral\u0117mis<\/strong> ir <strong data-start=\"700\" data-end=\"739\">dviej\u0173 re\u017eim\u0173 sistema (Ekologijos ir Galingumo re\u017eimas)<\/strong>, kiekvienas p\u016btimas yra \u0161velnus, skanus ir pritaikomas pagal j\u016bs\u0173 stili\u0173 \u2013 ar m\u0117gstate tikslesnius MTL \u012fkv\u0117pimus, ar erdvesnius DL sm\u016bgius. The <strong data-start=\"862\" data-end=\"884\">reguliuojamas oro srautas<\/strong> prideda papildom\u0105 kontrol\u0119, suteikdama Europos vapotojams b\u016btent tai, ko jie tikisi i\u0161 <strong data-start=\"964\" data-end=\"993\">geriausias vienkartinis vape 2025<\/strong>.<\/p>\n<p data-start=\"998\" data-end=\"1352\">Vozol Star 40K yra prieinama <strong data-start=\"1026\" data-end=\"1048\">25 auk\u0161\u010diausios kokyb\u0117s skoni\u0173<\/strong>, i\u0161 <strong data-start=\"1055\" data-end=\"1079\">ledinio mentolio klasik\u0173<\/strong> to <strong data-start=\"1083\" data-end=\"1099\">vaisi\u0173 mi\u0161ini\u0173<\/strong> kaip Bra\u0161k\u0117s Kivi, Mango Persikas ir M\u0117lynas Raspberries Ice. Sujungta su <strong data-start=\"1170\" data-end=\"1190\">nesprogi\u0105 konstrukcij\u0105<\/strong> ir <strong data-start=\"1195\" data-end=\"1219\">\u0161velniu kri\u0161tolo apdaila<\/strong>, \u0161is \u012frenginys yra ne tik patvarus, bet ir stilingas, tod\u0117l labai patrauklus didmeniniams pirk\u0117jams, orientuotiems \u012f jaunimo rinkas.<\/p>\n<p data-start=\"1354\" data-end=\"1631\">Vartotojams, <strong data-start=\"1376\" data-end=\"1396\">Vozol Star 40000<\/strong> puff si\u016blo stiprias perpardavimo mar\u017eas, didel\u012f vartotoj\u0173 paklaus\u0105 ir patikimum\u0105 kaip pirmaujanti prek\u0117s \u017eenklas Europoje. Tai daro j\u012f b\u016btinu sand\u0117liuoti \u012frenginiu bet kuriam vape ma\u017emenininkui, ie\u0161kan\u010diam <strong data-start=\"1569\" data-end=\"1600\">didmenini\u0173 pigi\u0173 kain\u0173 pasi\u016blym\u0173<\/strong> neprarandant kokyb\u0117s.<\/p>\n<p><strong><span style=\"color: #ff0000;\">Prid\u0117kite Amy whatsapp, gaukite tiesiogin\u012f atsakym\u0105 ir kupon\u0105 veipui!<\/span><\/strong><\/p>\n<p><img fetchpriority=\"high\" decoding=\"async\" class=\"size-full wp-image-2932\" src=\"https:\/\/vapestornado.com\/wp-content\/uploads\/2024\/12\/Vape-Wholesale.jpg\" alt=\"Garintuvai Didmenin\u0117 prekyba\" width=\"229\" height=\"300\" \/><\/p>\n<h3><a href=\"https:\/\/wa.me\/8617776015835\" target=\"_blank\" rel=\"noopener\"><span style=\"color: #ff0000;\"><strong>WhatsApp: +86 17776015835<\/strong><\/span><\/a><\/h3>\n<p>&nbsp;<\/p>\n<h2><strong>Vozol Star 40000 Puff produkto savyb\u0117s<\/strong><\/h2>\n<ul data-start=\"1659\" data-end=\"2057\">\n<li data-start=\"1659\" data-end=\"1707\">\n<p data-start=\"1661\" data-end=\"1707\"><strong data-start=\"1661\" data-end=\"1677\">40 000 \u012ftraukim\u0173<\/strong> u\u017e \u012frengin\u012f ilgalaikiam naudojimui<\/p>\n<\/li>\n<li data-start=\"1708\" data-end=\"1773\">\n<p data-start=\"1710\" data-end=\"1773\"><strong data-start=\"1710\" data-end=\"1730\">Dvigubo re\u017eimo sistema<\/strong> (Eco\/Power) pritaikomai veiklai<\/p>\n<\/li>\n<li data-start=\"1774\" data-end=\"1831\">\n<p data-start=\"1776\" data-end=\"1831\"><strong data-start=\"1776\" data-end=\"1795\">Dvigubos tinklelio rit\u0117s<\/strong> dr\u0105siam skoniui ir garo tankiui<\/p>\n<\/li>\n<li data-start=\"1832\" data-end=\"1894\">\n<p data-start=\"1834\" data-end=\"1894\"><strong data-start=\"1834\" data-end=\"1866\">1000 mAh \u012fkraunamos baterijos<\/strong> su Type-C greitu \u012fkrovimu<\/p>\n<\/li>\n<li data-start=\"1895\" data-end=\"1953\">\n<p data-start=\"1897\" data-end=\"1953\"><strong data-start=\"1897\" data-end=\"1918\">24 skoni\u0173 pasirinkimai<\/strong> sukurtas Europos rinkai<\/p>\n<\/li>\n<li data-start=\"1954\" data-end=\"2005\">\n<p data-start=\"1956\" data-end=\"2005\"><strong data-start=\"1956\" data-end=\"1978\">Reguliuojamas oro srautas<\/strong> MTL ir DL pasirinkimams<\/p>\n<\/li>\n<li data-start=\"2006\" data-end=\"2057\">\n<p data-start=\"2008\" data-end=\"2057\"><strong data-start=\"2008\" data-end=\"2029\">Nuleidimo nesulaikanti konstrukcija<\/strong> su stilingu kristalo korpusu<\/p>\n<\/li>\n<\/ul>\n<h2 class=\"product-title\"><strong>\u00a0Vozol Star 40000 Puff skoni\u0173 s\u0105ra\u0161as<\/strong><\/h2>\n<p>1. M\u0117lynas Razz Ledas<br \/>\n2. M\u0117lyn\u0117s su Ledais<br \/>\n3. M\u0117lyn\u0117s M\u0117t\u0173<br \/>\n4. M\u0117lyn\u0117s Arb\u016bzas<br \/>\n5. Cherimoya Greipfrut\u0173 Uogos<br \/>\n6. Vy\u0161nin\u0117 Kolos<br \/>\n7. \u0160altas M\u0117tos<br \/>\n8. Vynuogi\u0173 Ledas<br \/>\n9. Mango Ledas<br \/>\n10. Mango Persikas<br \/>\n11. Meliono Kramtukas<br \/>\n12. Meliono Ledas<br \/>\n13. Persiko Ledas<br \/>\n14. R\u016bg\u0161tus Obels Ledas<br \/>\n15. Bra\u0161ki\u0173 Ledas<br \/>\n16. Bra\u0161k\u0117s Kivi<br \/>\n17. Bra\u0161ki\u0173 Arb\u016bzas<br \/>\n18. Strawmelon Peach<br \/>\n20. Vzbull<br \/>\n21. Arb\u016bzas burbuliuk\u0173 guma<br \/>\n22. Arb\u016bzas vynuog\u0117 Boysenberry<br \/>\n23. Arb\u016bzas ledas<br \/>\n24. Arb\u016bzas r\u016bg\u0161tus persikas<br \/>\n25. Balta persik\u0173 aviet\u0117<\/p>\n<figure id=\"attachment_4346\" aria-describedby=\"caption-attachment-4346\" style=\"width: 300px\" class=\"wp-caption alignnone\"><img decoding=\"async\" class=\"size-medium wp-image-4346\" src=\"https:\/\/vapestornado.com\/wp-content\/uploads\/2025\/09\/VOZOL-STAR-40K-Puffs-Vozol-Vapes-300x177.webp\" alt=\"VOZOL STAR 40K \u012fkv\u0117pim\u0173 Vozol Vapes kar\u0161tas pardavimo skonis\" width=\"300\" height=\"177\" srcset=\"https:\/\/vapestornado.com\/wp-content\/uploads\/2025\/09\/VOZOL-STAR-40K-Puffs-Vozol-Vapes-300x177.webp 300w, https:\/\/vapestornado.com\/wp-content\/uploads\/2025\/09\/VOZOL-STAR-40K-Puffs-Vozol-Vapes-768x454.webp 768w, https:\/\/vapestornado.com\/wp-content\/uploads\/2025\/09\/VOZOL-STAR-40K-Puffs-Vozol-Vapes-18x12.webp 18w, https:\/\/vapestornado.com\/wp-content\/uploads\/2025\/09\/VOZOL-STAR-40K-Puffs-Vozol-Vapes-600x355.webp 600w, https:\/\/vapestornado.com\/wp-content\/uploads\/2025\/09\/VOZOL-STAR-40K-Puffs-Vozol-Vapes.webp 800w\" sizes=\"(max-width: 300px) 100vw, 300px\" \/><figcaption id=\"caption-attachment-4346\" class=\"wp-caption-text\">VOZOL STAR 40K \u012fkv\u0117pim\u0173 Vozol Vapes kar\u0161tas pardavimo skonis<\/figcaption><\/figure>\n<div class=\"flex-shrink-0 flex flex-col relative items-end\">\n<div class=\"pt-0\">\n<div class=\"gizmo-bot-avatar flex h-8 w-8 items-center justify-center overflow-hidden rounded-full\">\n<div class=\"relative p-1 rounded-sm flex items-center justify-center bg-token-main-surface-primary text-token-text-primary h-8 w-8\">\n<h2 data-start=\"1200\" data-end=\"1487\">Vapes Tornado \u2013 J\u016bs\u0173 didmenin\u0117 internetin\u0117 elektronini\u0173 cigare\u010di\u0173 parduotuv\u0117, prekiaujanti geriausiais Europos elektronini\u0173 cigare\u010di\u0173 preki\u0173 \u017eenklais<\/h2>\n<p data-start=\"1200\" data-end=\"1487\"><strong data-start=\"213\" data-end=\"248\">suteikia puiki\u0105 vert\u0119, tod\u0117l tai yra patikimas pasirinkimas ma\u017emenininkams, orientuotiems \u012f 25\u201335 met\u0173 am\u017eiaus grup\u0119.<\/strong> Vapes Tornado \u2013 j\u016bs\u0173 didmenin\u0117s prekybos centras geriausiems Europos vape preki\u0173 \u017eenklams <strong data-start=\"403\" data-end=\"431\">populiariausi\u0173 vape preki\u0173 \u017eenkl\u0173<\/strong>, \u012fskaitant <strong data-start=\"443\" data-end=\"502\"><a href=\"https:\/\/vapestornado.com\/lt\/product\/buy-authentic-waspe-100000-puffs-low-nicotine-disposable-vape-pen-at-wholesale-price\/\">WASPE VAPE<\/a>, BANGBOX VAPE, <a href=\"https:\/\/vapestornado.com\/lt\/product\/vozol-gear-power-20k-20000-puffs-vape-rechargeable-disposable-box-bulk-buy-cheap-price\/\">VOZOL VAPE<\/a><\/strong><strong data-start=\"443\" data-end=\"502\">ir <a href=\"https:\/\/vapestornado.com\/lt\/product-category\/fumot-vape\/\">FUMOT VAPE<\/a><\/strong>. M\u016bs\u0173 parduotuv\u0117 sukurta aptarnauti tiek individualius klientus, tiek didmeninius pirk\u0117jus, si\u016blant patikimus produktus, kurie sujungia didel\u012f na\u0161um\u0105, stiling\u0105 dizain\u0105 ir konkurencingas kainas.<\/p>\n<h2 data-start=\"2064\" data-end=\"2115\">Da\u017eniausiai u\u017eduodami klausimai apie Vozol Star 40000 \u012fkv\u0117pim\u0173 vienkartin\u012f vape<\/h2>\n<p data-start=\"2117\" data-end=\"2283\"><strong data-start=\"2117\" data-end=\"2171\">Kiek \u012fkv\u0117pim\u0173 suteikia Vozol Star 40K?<\/strong><br data-start=\"2171\" data-end=\"2174\" \/>Kiekvienas \u012frenginys si\u016blo iki <strong data-start=\"2199\" data-end=\"2215\">40 000 \u012ftraukim\u0173<\/strong>, tod\u0117l jis yra vienas i\u0161 ilgiausiai veikian\u010di\u0173 vienkartini\u0173 vape'\u0173 Europoje.<\/p>\n<p data-start=\"2285\" data-end=\"2429\"><strong data-start=\"2285\" data-end=\"2327\">Ar Vozol Star 40K yra \u012fkraunamas?<\/strong><br data-start=\"2327\" data-end=\"2330\" \/>Taip, jame yra <strong data-start=\"2349\" data-end=\"2402\">1000mAh \u012fkraunama baterija su Type-C \u012fkrovimu<\/strong>, u\u017etikrinan\u010diu ilgalaik\u012f naudojim\u0105.<\/p>\n<p data-start=\"2431\" data-end=\"2632\"><strong data-start=\"2431\" data-end=\"2503\">Kas daro Vozol Star 40000 skirting\u0105 nuo kit\u0173 vienkartini\u0173?<\/strong><br data-start=\"2503\" data-end=\"2506\" \/>Jis sujungia <strong data-start=\"2518\" data-end=\"2537\">dvigubomis tinklelio spiral\u0117mis<\/strong>, <strong data-start=\"2539\" data-end=\"2560\">dvigubais garinimo re\u017eimais<\/strong>ir <strong data-start=\"2566\" data-end=\"2588\">reguliuojamas oro srautas<\/strong>, si\u016blant lankstum\u0105 ir auk\u0161tesn\u0119 skonio kokyb\u0119.<\/p>\n<p data-start=\"2634\" data-end=\"2841\"><strong data-start=\"2634\" data-end=\"2668\">4. Kokie skoniai yra prieinami?<\/strong><br data-start=\"2668\" data-end=\"2671\" \/>Yra <strong data-start=\"2681\" data-end=\"2695\">24 skoniai<\/strong> \u012fskaitant vaisinius mi\u0161inius kaip <strong data-start=\"2725\" data-end=\"2740\">Mango Persikas<\/strong>, gaivius pasirinkimus kaip <strong data-start=\"2766\" data-end=\"2779\">V\u0117si m\u0117ta<\/strong>, ir unikalius mi\u0161inius kaip <strong data-start=\"2806\" data-end=\"2838\">Cherimoya Grapefruit uogos<\/strong>.<\/p>\n<p data-start=\"2843\" data-end=\"3067\"><strong data-start=\"2843\" data-end=\"2905\">Kod\u0117l Vozol Star 40K yra populiarus didmeniniams pirk\u0117jams?<\/strong><br data-start=\"2905\" data-end=\"2908\" \/>Jis turi <strong data-start=\"2915\" data-end=\"2980\">stiprus paklausumas, auk\u0161tos kokyb\u0117s gamybos ir ilgesnio p\u016btimo skai\u010dius<\/strong>, leid\u017eiantys didmenininkams m\u0117gautis geresn\u0117mis pelno mar\u017eomis <strong data-start=\"3039\" data-end=\"3064\">didmenin\u0117 pigia kaina<\/strong>.<\/p>\n<\/div>\n<\/div>\n<\/div>\n<\/div>","protected":false},"excerpt":{"rendered":"<p><strong data-start=\"108\" data-end=\"144\">Vozol Star 40000 vienkartinis vape<\/strong> pristato iki <strong data-start=\"160\" data-end=\"173\">40 t\u016bkst. \u012fkv\u0117pim\u0173<\/strong> su <strong data-start=\"179\" data-end=\"198\">dvigubomis tinklelio spiral\u0117mis<\/strong>, a <strong data-start=\"202\" data-end=\"241\">1000mAh \u012fkraunama Type-C baterija<\/strong>ir <strong data-start=\"247\" data-end=\"266\" data-is-only-node=\"\">25 dr\u0105s\u016bs skoniai<\/strong>. Sukurtas su dviej\u0173 re\u017eim\u0173 sistema ir reguliuojamu oro srautu, tai yra <strong data-start=\"334\" data-end=\"363\">geriausias vienkartinis vape 2025<\/strong> skland\u017eiam skoniui ir ilgalaikiam veikimui u\u017e <strong data-start=\"415\" data-end=\"440\">didmenin\u0117 pigia kaina<\/strong>.<\/p>\n<p><strong>Prid\u0117kite Amy's whatsapp, kad gautum\u0117te tinkam\u0105 atsakym\u0105 ir nuolaidos kain\u0105!<\/strong><\/p>\n<p><img fetchpriority=\"high\" decoding=\"async\" class=\"size-full wp-image-2932\" src=\"https:\/\/vapestornado.com\/wp-content\/uploads\/2024\/12\/Vape-Wholesale.jpg\" alt=\"Garintuvai Didmenin\u0117 prekyba\" width=\"229\" height=\"300\" \/><\/p>\n<h3><a href=\"https:\/\/wa.me\/8617776015835\"><span style=\"color: #ff0000;\"><strong>WhatsApp: +86 17776015835<\/strong><\/span><\/a><\/h3>","protected":false},"featured_media":4344,"comment_status":"open","ping_status":"closed","template":"","meta":{"_acf_changed":false,"_uag_custom_page_level_css":"","_lmt_disableupdate":"no","_lmt_disable":"","_monsterinsights_skip_tracking":false,"_monsterinsights_sitenote_active":false,"_monsterinsights_sitenote_note":"","_monsterinsights_sitenote_category":0,"site-sidebar-layout":"default","site-content-layout":"","ast-site-content-layout":"default","site-content-style":"default","site-sidebar-style":"default","ast-global-header-display":"","ast-banner-title-visibility":"","ast-main-header-display":"","ast-hfb-above-header-display":"","ast-hfb-below-header-display":"","ast-hfb-mobile-header-display":"","site-post-title":"","ast-breadcrumbs-content":"","ast-featured-img":"","footer-sml-layout":"","ast-disable-related-posts":"","theme-transparent-header-meta":"default","adv-header-id-meta":"","stick-header-meta":"","header-above-stick-meta":"","header-main-stick-meta":"","header-below-stick-meta":"","astra-migrate-meta-layouts":"set","ast-page-background-enabled":"default","ast-page-background-meta":{"desktop":{"background-color":"","background-image":"","background-repeat":"repeat","background-position":"center center","background-size":"auto","background-attachment":"scroll","background-type":"","background-media":"","overlay-type":"","overlay-color":"","overlay-opacity":"","overlay-gradient":""},"tablet":{"background-color":"","background-image":"","background-repeat":"repeat","background-position":"center center","background-size":"auto","background-attachment":"scroll","background-type":"","background-media":"","overlay-type":"","overlay-color":"","overlay-opacity":"","overlay-gradient":""},"mobile":{"background-color":"","background-image":"","background-repeat":"repeat","background-position":"center center","background-size":"auto","background-attachment":"scroll","background-type":"","background-media":"","overlay-type":"","overlay-color":"","overlay-opacity":"","overlay-gradient":""}},"ast-content-background-meta":{"desktop":{"background-color":"var(--ast-global-color-5)","background-image":"","background-repeat":"repeat","background-position":"center center","background-size":"auto","background-attachment":"scroll","background-type":"","background-media":"","overlay-type":"","overlay-color":"","overlay-opacity":"","overlay-gradient":""},"tablet":{"background-color":"var(--ast-global-color-5)","background-image":"","background-repeat":"repeat","background-position":"center center","background-size":"auto","background-attachment":"scroll","background-type":"","background-media":"","overlay-type":"","overlay-color":"","overlay-opacity":"","overlay-gradient":""},"mobile":{"background-color":"var(--ast-global-color-5)","background-image":"","background-repeat":"repeat","background-position":"center center","background-size":"auto","background-attachment":"scroll","background-type":"","background-media":"","overlay-type":"","overlay-color":"","overlay-opacity":"","overlay-gradient":""}},"_joinchat":{"telephone":"17776015835"}},"product_brand":[],"product_cat":[65,152,156,158,142,357,144,146,57],"product_tag":[363,365,361,362,220,364],"class_list":{"0":"post-4348","1":"product","2":"type-product","3":"status-publish","4":"has-post-thumbnail","6":"product_cat-40000-puff","7":"product_cat-buy-disposable-vapes-in-cermany","8":"product_cat-buy-disposable-vapes-in-poland","9":"product_cat-buy-disposable-vapes-in-spain","10":"product_cat-digital-box-disposable-vapes","11":"product_cat-flavor-adjustable-vape","12":"product_cat-low-nicotine-disposable-vapes","13":"product_cat-rechargeable-disposable-vapes","14":"product_cat-vozol-vape","15":"product_tag-best-disposable-vape-2025","16":"product_tag-original-vozol-vape","17":"product_tag-vozol-star-40000","18":"product_tag-vozol-star-40k-disposable-vape","19":"product_tag-vozol-vape","20":"product_tag-wholesale-cheap-price","21":"desktop-align-left","22":"tablet-align-left","23":"mobile-align-left","25":"first","26":"instock","27":"sale","28":"shipping-taxable","29":"purchasable","30":"product-type-simple"},"acf":[],"uagb_featured_image_src":{"full":["https:\/\/vapestornado.com\/wp-content\/uploads\/2025\/09\/VOZOL-STAR-40K-Puffs-Best-Vape-Brands.webp",800,800,false],"thumbnail":["https:\/\/vapestornado.com\/wp-content\/uploads\/2025\/09\/VOZOL-STAR-40K-Puffs-Best-Vape-Brands-150x150.webp",150,150,true],"medium":["https:\/\/vapestornado.com\/wp-content\/uploads\/2025\/09\/VOZOL-STAR-40K-Puffs-Best-Vape-Brands-300x300.webp",300,300,true],"medium_large":["https:\/\/vapestornado.com\/wp-content\/uploads\/2025\/09\/VOZOL-STAR-40K-Puffs-Best-Vape-Brands-768x768.webp",768,768,true],"large":["https:\/\/vapestornado.com\/wp-content\/uploads\/2025\/09\/VOZOL-STAR-40K-Puffs-Best-Vape-Brands.webp",800,800,false],"1536x1536":["https:\/\/vapestornado.com\/wp-content\/uploads\/2025\/09\/VOZOL-STAR-40K-Puffs-Best-Vape-Brands.webp",800,800,false],"2048x2048":["https:\/\/vapestornado.com\/wp-content\/uploads\/2025\/09\/VOZOL-STAR-40K-Puffs-Best-Vape-Brands.webp",800,800,false],"trp-custom-language-flag":["https:\/\/vapestornado.com\/wp-content\/uploads\/2025\/09\/VOZOL-STAR-40K-Puffs-Best-Vape-Brands-12x12.webp",12,12,true],"woocommerce_thumbnail":["https:\/\/vapestornado.com\/wp-content\/uploads\/2025\/09\/VOZOL-STAR-40K-Puffs-Best-Vape-Brands-300x300.webp",300,300,true],"woocommerce_single":["https:\/\/vapestornado.com\/wp-content\/uploads\/2025\/09\/VOZOL-STAR-40K-Puffs-Best-Vape-Brands-600x600.webp",600,600,true],"woocommerce_gallery_thumbnail":["https:\/\/vapestornado.com\/wp-content\/uploads\/2025\/09\/VOZOL-STAR-40K-Puffs-Best-Vape-Brands-100x100.webp",100,100,true]},"uagb_author_info":{"display_name":"ESAMY","author_link":"https:\/\/vapestornado.com\/lt\/author\/"},"uagb_comment_info":1,"uagb_excerpt":"Vozol Star 40000 Disposable Vape delivers up to 40K puffs with dual mesh coils, a 1000mAh Type-C rechargeable battery, and 25 bold flavors. Designed with a dual-mode system and adjustable airflow, it\u2019s the best disposable vape 2025 for smooth taste and long-lasting performance at a wholesale cheap price. Add Amy's whatsapp to get right reply&hellip;","_links":{"self":[{"href":"https:\/\/vapestornado.com\/lt\/wp-json\/wp\/v2\/product\/4348","targetHints":{"allow":["GET"]}}],"collection":[{"href":"https:\/\/vapestornado.com\/lt\/wp-json\/wp\/v2\/product"}],"about":[{"href":"https:\/\/vapestornado.com\/lt\/wp-json\/wp\/v2\/types\/product"}],"replies":[{"embeddable":true,"href":"https:\/\/vapestornado.com\/lt\/wp-json\/wp\/v2\/comments?post=4348"}],"wp:featuredmedia":[{"embeddable":true,"href":"https:\/\/vapestornado.com\/lt\/wp-json\/wp\/v2\/media\/4344"}],"wp:attachment":[{"href":"https:\/\/vapestornado.com\/lt\/wp-json\/wp\/v2\/media?parent=4348"}],"wp:term":[{"taxonomy":"product_brand","embeddable":true,"href":"https:\/\/vapestornado.com\/lt\/wp-json\/wp\/v2\/product_brand?post=4348"},{"taxonomy":"product_cat","embeddable":true,"href":"https:\/\/vapestornado.com\/lt\/wp-json\/wp\/v2\/product_cat?post=4348"},{"taxonomy":"product_tag","embeddable":true,"href":"https:\/\/vapestornado.com\/lt\/wp-json\/wp\/v2\/product_tag?post=4348"}],"curies":[{"name":"wp","href":"https:\/\/api.w.org\/{rel}","templated":true}]}}