{"id":4339,"date":"2025-09-16T08:10:51","date_gmt":"2025-09-16T08:10:51","guid":{"rendered":"https:\/\/vapestornado.com\/?post_type=product&#038;p=4339"},"modified":"2025-09-16T09:18:02","modified_gmt":"2025-09-16T09:18:02","slug":"bang-leader-110k-110000-puffs-6-in-1-flavors-2-nicotine-disposable-vape-wholesale-price","status":"publish","type":"product","link":"https:\/\/vapestornado.com\/lt\/product\/bang-leader-110k-110000-puffs-6-in-1-flavors-2-nicotine-disposable-vape-wholesale-price\/","title":{"rendered":"Bang Leader 110k 110000 \u012ftraukim\u0173 6 viename skoni\u0173 2% nikotino vienkartini\u0173 elektronini\u0173 cigare\u010di\u0173 didmenin\u0117 kaina"},"content":{"rendered":"<h2 data-pm-slice=\"1 1 []\">Bang Leader 110k 110000 \u012ftraukim\u0173 6 viename skoni\u0173 2% nikotino vienkartini\u0173 elektronini\u0173 cigare\u010di\u0173 didmenin\u0117 kaina<\/h2>\n<p data-start=\"229\" data-end=\"623\"><strong data-start=\"273\" data-end=\"293\">\u201eBang Leader 110K\u201c yra<\/strong>\u00a0galingas \u012frenginys <strong data-start=\"308\" data-end=\"331\">vienkartinis gar\u0173 ra\u0161iklis<\/strong> sukurtas na\u0161umui ir didmeninei vertei. Sukurtas atsi\u017evelgiant \u012f Europos rink\u0105, \u0161is \u012frenginys u\u017etikrina did\u017eiul\u012f <strong data-start=\"454\" data-end=\"471\">110 000 \u012fkv\u0117pim\u0173<\/strong>, varomas <strong data-start=\"486\" data-end=\"524\">650 mAh Type-C \u012fkraunama baterija<\/strong> ir palaikomas <strong data-start=\"544\" data-end=\"563\">skaitmeninis ekranas<\/strong> , kuris seka tiek aliejaus, tiek akumuliatoriaus lygius, kad b\u016bt\u0173 visi\u0161kai kontroliuojamas.<\/p>\n<p data-start=\"625\" data-end=\"1060\">Su <strong data-start=\"630\" data-end=\"656\">6 viename skonio rotacija<\/strong>, naudotojai m\u0117gaujasi auk\u0161\u010diausios kokyb\u0117s garinimo patirtimi \u2013 perjungdami ry\u0161kius vaisi\u0173 mi\u0161inius ir ledinius v\u0117sius \u012fkv\u0117pimus be skoni\u0173 mai\u0161ymo. Paremtas <strong data-start=\"789\" data-end=\"818\">keturi\u0173 tinkleli\u0173 rit\u0117s technologija<\/strong>, kiekvienas \u012fkv\u0117pimas yra sklandus, pastovus ir patenkinamas. The <strong data-start=\"873\" data-end=\"902\">2% ir 5% nikotino variantus<\/strong> padarykite j\u012f tinkam\u0105 tiek atsitiktiniams, tiek stipriems vartotojams, tiesiogiai patraukl\u0173 garintojams, kuriems reikia stiliaus, stiprumo ir i\u0161tverm\u0117s.<\/p>\n<p data-start=\"1062\" data-end=\"1408\">Didmenininkams <strong data-start=\"1083\" data-end=\"1110\">\u201eBang Leader 110000 Puff\u201c<\/strong> yra ne tik vienkartinis garintuvas \u2013 tai geriausiai parduodamas produktas, turintis didel\u0119 pakartotin\u0119 paklaus\u0105. Jo <strong data-start=\"1185\" data-end=\"1203\">auk\u0161\u010diausios kokyb\u0117s dizainas<\/strong>, didelis \u012fp\u016btim\u0173 skai\u010dius ir subalansuoti skoniai sukuria didel\u0119 ma\u017emenin\u0117s prekybos mar\u017e\u0105 ir suma\u017eina klient\u0173 skundus, tod\u0117l tai yra idealus pasirinkimas didmeniniams pirk\u0117jams, ie\u0161kantiems <strong data-start=\"1355\" data-end=\"1395\">vienkartini\u0173 garinimo prietais\u0173 geriausiomis didmenin\u0117mis kainomis<\/strong> Europoje.<\/p>\n<p><strong><span style=\"color: #ff0000;\">Prid\u0117kite Amy whatsapp, gaukite tiesiogin\u012f atsakym\u0105 ir kupon\u0105 veipui!<\/span><\/strong><\/p>\n<p><img fetchpriority=\"high\" decoding=\"async\" class=\"size-full wp-image-2932\" src=\"https:\/\/vapestornado.com\/wp-content\/uploads\/2024\/12\/Vape-Wholesale.jpg\" alt=\"Garintuvai Didmenin\u0117 prekyba\" width=\"229\" height=\"300\" \/><\/p>\n<h3><a href=\"https:\/\/wa.me\/8617776015835\" target=\"_blank\" rel=\"noopener\"><span style=\"color: #ff0000;\"><strong>WhatsApp: +86 17776015835<\/strong><\/span><\/a><\/h3>\n<p>&nbsp;<\/p>\n<h2><strong>Bang Leader 110k 110000 \u012fp\u016btim\u0173 produkto savyb\u0117s<\/strong><\/h2>\n<p>\u012ep\u016btimai: 110000 \u012fp\u016btim\u0173<br \/>\n6 viename keturi skoniai<br \/>\nNikotino stiprumas: 2%\/5%<br \/>\nBaterija: 650 mah<br \/>\n\u012ekraunamas: C tipas<br \/>\nLED ekranas (i\u0161manusis ekranas), skirtas alyvai ir baterijai<\/p>\n<h2 class=\"product-title\"><strong>Bang Leader 110k \u012fp\u016btim\u0173 skoni\u0173 s\u0105ra\u0161as<\/strong><\/h2>\n<ol data-start=\"232\" data-end=\"874\">\n<li data-start=\"232\" data-end=\"298\">\n<p data-start=\"235\" data-end=\"298\"><strong data-start=\"235\" data-end=\"296\">Arb\u016bz\u0173 ledas \/ Bra\u0161ki\u0173 mamba \/ Bra\u0161ki\u0173 arb\u016bzas<\/strong><\/p>\n<\/li>\n<li data-start=\"299\" data-end=\"351\">\n<p data-start=\"302\" data-end=\"351\"><strong data-start=\"302\" data-end=\"349\">Fuji ledas \/ Obuoli\u0173 vynuog\u0117s \/ Vy\u0161ni\u0173 granatas<\/strong><\/p>\n<\/li>\n<li data-start=\"352\" data-end=\"415\">\n<p data-start=\"355\" data-end=\"415\"><strong data-start=\"355\" data-end=\"413\">M\u0117lyni\u0173 ledas \/ Avie\u010di\u0173 citrina \/ Arb\u016bz\u0173 kramtomoji guma<\/strong><\/p>\n<\/li>\n<li data-start=\"416\" data-end=\"500\">\n<p data-start=\"419\" data-end=\"500\"><strong data-start=\"419\" data-end=\"498\">M\u0117lyn\u0117s Aviet\u0117s \/ R\u016bg\u0161t\u016bs ananasai Apelsinai \/ Aviet\u0117s Arb\u016bzai<\/strong><\/p>\n<\/li>\n<li data-start=\"501\" data-end=\"556\">\n<p data-start=\"504\" data-end=\"556\"><strong data-start=\"504\" data-end=\"554\">Vynuogi\u0173 ledas \/ Mango persikas \/ M\u0117lyni\u0173 arb\u016bzas<\/strong><\/p>\n<\/li>\n<li data-start=\"557\" data-end=\"621\">\n<p data-start=\"560\" data-end=\"621\"><strong data-start=\"560\" data-end=\"619\">Bra\u0161ki\u0173 ledas \/ Persik\u0173 citrina \/ Kivi\u0173 pasiflor\u0173 gvajava<\/strong><\/p>\n<\/li>\n<li data-start=\"622\" data-end=\"686\">\n<p data-start=\"625\" data-end=\"686\"><strong data-start=\"625\" data-end=\"684\">Ananas\u0173 kokosas \/ M\u0117lyni\u0173 Red Bull \/ Arb\u016bz\u0173 ledas<\/strong><\/p>\n<\/li>\n<li data-start=\"687\" data-end=\"745\">\n<p data-start=\"690\" data-end=\"745\"><strong data-start=\"690\" data-end=\"743\">Bra\u0161ki\u0173 kiviai \/ M\u0117lyni\u0173 kokosas \/ Mi\u0161rios uogos<\/strong><\/p>\n<\/li>\n<li data-start=\"746\" data-end=\"806\">\n<p data-start=\"749\" data-end=\"806\"><strong data-start=\"749\" data-end=\"804\">Citrin\u0173 romanas \/ M\u0117lyni\u0173 aviet\u0117s \/ Persik\u0173 mentolis<\/strong><\/p>\n<\/li>\n<li data-start=\"807\" data-end=\"874\">\n<p data-start=\"811\" data-end=\"874\"><strong data-start=\"811\" data-end=\"872\">Persik\u0173 ledas \/ Juod\u0173j\u0173 serbent\u0173 ananas\u0173 ledas \/ \u017dali\u0173j\u0173 obuoli\u0173 kiviai<\/strong><\/p>\n<\/li>\n<\/ol>\n<div class=\"flex-shrink-0 flex flex-col relative items-end\">\n<div class=\"pt-0\">\n<div class=\"gizmo-bot-avatar flex h-8 w-8 items-center justify-center overflow-hidden rounded-full\">\n<div class=\"relative p-1 rounded-sm flex items-center justify-center bg-token-main-surface-primary text-token-text-primary h-8 w-8\">\n<figure id=\"attachment_4333\" aria-describedby=\"caption-attachment-4333\" style=\"width: 300px\" class=\"wp-caption alignnone\"><img decoding=\"async\" class=\"size-medium wp-image-4333\" src=\"https:\/\/vapestornado.com\/wp-content\/uploads\/2025\/09\/Bang-110k-110000-Puffs-Disposable-Vape-300x300.webp\" alt=\"Bang 110k 110000 \u012fp\u016btim\u0173 vienkartinis garintuvas\" width=\"300\" height=\"300\" srcset=\"https:\/\/vapestornado.com\/wp-content\/uploads\/2025\/09\/Bang-110k-110000-Puffs-Disposable-Vape-300x300.webp 300w, https:\/\/vapestornado.com\/wp-content\/uploads\/2025\/09\/Bang-110k-110000-Puffs-Disposable-Vape-150x150.webp 150w, https:\/\/vapestornado.com\/wp-content\/uploads\/2025\/09\/Bang-110k-110000-Puffs-Disposable-Vape-768x768.webp 768w, https:\/\/vapestornado.com\/wp-content\/uploads\/2025\/09\/Bang-110k-110000-Puffs-Disposable-Vape-12x12.webp 12w, https:\/\/vapestornado.com\/wp-content\/uploads\/2025\/09\/Bang-110k-110000-Puffs-Disposable-Vape-600x600.webp 600w, https:\/\/vapestornado.com\/wp-content\/uploads\/2025\/09\/Bang-110k-110000-Puffs-Disposable-Vape-100x100.webp 100w, https:\/\/vapestornado.com\/wp-content\/uploads\/2025\/09\/Bang-110k-110000-Puffs-Disposable-Vape.webp 800w\" sizes=\"(max-width: 300px) 100vw, 300px\" \/><figcaption id=\"caption-attachment-4333\" class=\"wp-caption-text\">Bang 110k 110000 \u012fp\u016btim\u0173 vienkartinis garintuvas<\/figcaption><\/figure>\n<h2 data-start=\"435\" data-end=\"491\"><strong data-start=\"439\" data-end=\"489\">Kod\u0117l verta rinktis \u201eBang Leader 110k\u201c vienkartin\u012f garinimo prietais\u0105?<\/strong><\/h2>\n<\/div>\n<ul data-start=\"276\" data-end=\"737\">\n<li data-start=\"276\" data-end=\"341\">\n<p data-start=\"278\" data-end=\"341\"><strong data-start=\"281\" data-end=\"298\">110 000 \u012ftraukim\u0173<\/strong> \u2013 itin ilgai veikiantis vienkartinis garinimo prietaisas<\/p>\n<\/li>\n<li data-start=\"342\" data-end=\"424\">\n<p data-start=\"344\" data-end=\"424\"><strong data-start=\"347\" data-end=\"385\">650 mAh Type-C \u012fkraunama baterija<\/strong> \u2013 efektyvus energijos tiekimas su greitu \u012fkrovimu<\/p>\n<\/li>\n<li data-start=\"425\" data-end=\"499\">\n<p data-start=\"427\" data-end=\"499\"><strong data-start=\"430\" data-end=\"455\">I\u0161manusis skaitmeninis ekranas<\/strong> \u2013 rodo aliej\u0173<\/p>\n<\/li>\n<li data-start=\"500\" data-end=\"578\">\n<p data-start=\"502\" data-end=\"578\"><strong data-start=\"505\" data-end=\"529\">6 viename skonio dizainas<\/strong> \u2013 perjunkite tarp \u0161e\u0161i\u0173 auk\u0161\u010diausios kokyb\u0117s mi\u0161ini\u0173, nereikia mai\u0161yti<\/p>\n<\/li>\n<li data-start=\"579\" data-end=\"655\">\n<p data-start=\"581\" data-end=\"655\"><strong data-start=\"584\" data-end=\"611\">2% \/ 5% nikotino pasirinkimai<\/strong> \u2013 pritaikyta Europos 25\u201335 met\u0173 vyr\u0173 rinkai<\/p>\n<\/li>\n<li data-start=\"656\" data-end=\"737\">\n<p data-start=\"658\" data-end=\"737\"><strong data-start=\"660\" data-end=\"683\">Didmenin\u0117s prekybos prana\u0161umas<\/strong> \u2013 didel\u0117s mar\u017eos, pasikartojanti paklausa, ma\u017eas skund\u0173 skai\u010dius<\/p>\n<\/li>\n<\/ul>\n<\/div>\n<\/div>\n<\/div>\n<div class=\"flex-shrink-0 flex flex-col relative items-end\">\n<div class=\"pt-0\">\n<div class=\"gizmo-bot-avatar flex h-8 w-8 items-center justify-center overflow-hidden rounded-full\">\n<div class=\"relative p-1 rounded-sm flex items-center justify-center bg-token-main-surface-primary text-token-text-primary h-8 w-8\">\n<h2 data-start=\"1200\" data-end=\"1487\">100K \u012ftraukim\u0173 talpa, \u012fkraunamas dizainas, keli skoniai ir auk\u0161\u010diausios kokyb\u0117s rit\u0117s sistema<\/h2>\n<p data-start=\"1200\" data-end=\"1487\"><strong data-start=\"213\" data-end=\"248\">suteikia puiki\u0105 vert\u0119, tod\u0117l tai yra patikimas pasirinkimas ma\u017emenininkams, orientuotiems \u012f 25\u201335 met\u0173 am\u017eiaus grup\u0119.<\/strong> Vapes Tornado \u2013 j\u016bs\u0173 didmenin\u0117s prekybos centras geriausiems Europos vape preki\u0173 \u017eenklams <strong data-start=\"403\" data-end=\"431\">populiariausi\u0173 vape preki\u0173 \u017eenkl\u0173<\/strong>, \u012fskaitant <strong data-start=\"443\" data-end=\"502\"><a href=\"https:\/\/vapestornado.com\/lt\/product\/buy-authentic-waspe-100000-puffs-low-nicotine-disposable-vape-pen-at-wholesale-price\/\">WASPE VAPE<\/a>, BANGBOX VAPE, <a href=\"https:\/\/vapestornado.com\/lt\/product\/vozol-gear-power-20k-20000-puffs-vape-rechargeable-disposable-box-bulk-buy-cheap-price\/\">VOZOL VAPE<\/a><\/strong><strong data-start=\"443\" data-end=\"502\">ir <a href=\"https:\/\/vapestornado.com\/lt\/product-category\/fumot-vape\/\">FUMOT VAPE<\/a><\/strong>. M\u016bs\u0173 parduotuv\u0117 sukurta aptarnauti tiek individualius klientus, tiek didmeninius pirk\u0117jus, si\u016blant patikimus produktus, kurie sujungia didel\u012f na\u0161um\u0105, stiling\u0105 dizain\u0105 ir konkurencingas kainas.<\/p>\n<\/div>\n<\/div>\n<\/div>\n<\/div>","protected":false},"excerpt":{"rendered":"<p><strong data-start=\"108\" data-end=\"148\">Vienkartinis garinimo prietaisas \u201eBang Leader 110K\u201c<\/strong> pristato did\u017eiul\u012f <strong data-start=\"168\" data-end=\"185\">110 000 \u012fkv\u0117pim\u0173<\/strong> su <strong data-start=\"193\" data-end=\"217\">6 viename skoni\u0173 sistem\u0105<\/strong>, suteikian\u010di\u0105 naudotojams ilgalaik\u0119 \u012fvairov\u0119 kiekviename \u012frenginyje. Apr\u016bpintas <strong data-start=\"286\" data-end=\"324\">650 mAh Type-C \u012fkraunama baterija<\/strong>, <strong data-start=\"326\" data-end=\"345\" data-is-only-node=\"\">skaitmeninis ekranas<\/strong>ir <strong data-start=\"351\" data-end=\"379\">2% arba 5% nikotino pasirinkimais<\/strong>, jis sukurtas skland\u017eiam skoniui, patikimam veikimui ir maksimaliai vertei. Puikiai tinka didmeniniams pirk\u0117jams, ie\u0161kantiems <strong data-start=\"497\" data-end=\"537\">vienkartini\u0173 garinimo prietais\u0173 geriausiomis didmenin\u0117mis kainomis<\/strong>.<\/p>\n<p><strong>Prid\u0117kite Amy's whatsapp, kad gautum\u0117te tinkam\u0105 atsakym\u0105 ir nuolaidos kain\u0105!<\/strong><\/p>\n<p><img fetchpriority=\"high\" decoding=\"async\" class=\"size-full wp-image-2932\" src=\"https:\/\/vapestornado.com\/wp-content\/uploads\/2024\/12\/Vape-Wholesale.jpg\" alt=\"Garintuvai Didmenin\u0117 prekyba\" width=\"229\" height=\"300\" \/><\/p>\n<h3><a href=\"https:\/\/wa.me\/8617776015835\"><span style=\"color: #ff0000;\"><strong>WhatsApp: +86 17776015835<\/strong><\/span><\/a><\/h3>","protected":false},"featured_media":4338,"comment_status":"open","ping_status":"closed","template":"","meta":{"_acf_changed":false,"_uag_custom_page_level_css":"","_lmt_disableupdate":"no","_lmt_disable":"","_monsterinsights_skip_tracking":false,"_monsterinsights_sitenote_active":false,"_monsterinsights_sitenote_note":"","_monsterinsights_sitenote_category":0,"site-sidebar-layout":"default","site-content-layout":"","ast-site-content-layout":"default","site-content-style":"default","site-sidebar-style":"default","ast-global-header-display":"","ast-banner-title-visibility":"","ast-main-header-display":"","ast-hfb-above-header-display":"","ast-hfb-below-header-display":"","ast-hfb-mobile-header-display":"","site-post-title":"","ast-breadcrumbs-content":"","ast-featured-img":"","footer-sml-layout":"","ast-disable-related-posts":"","theme-transparent-header-meta":"default","adv-header-id-meta":"","stick-header-meta":"","header-above-stick-meta":"","header-main-stick-meta":"","header-below-stick-meta":"","astra-migrate-meta-layouts":"set","ast-page-background-enabled":"default","ast-page-background-meta":{"desktop":{"background-color":"","background-image":"","background-repeat":"repeat","background-position":"center center","background-size":"auto","background-attachment":"scroll","background-type":"","background-media":"","overlay-type":"","overlay-color":"","overlay-opacity":"","overlay-gradient":""},"tablet":{"background-color":"","background-image":"","background-repeat":"repeat","background-position":"center center","background-size":"auto","background-attachment":"scroll","background-type":"","background-media":"","overlay-type":"","overlay-color":"","overlay-opacity":"","overlay-gradient":""},"mobile":{"background-color":"","background-image":"","background-repeat":"repeat","background-position":"center center","background-size":"auto","background-attachment":"scroll","background-type":"","background-media":"","overlay-type":"","overlay-color":"","overlay-opacity":"","overlay-gradient":""}},"ast-content-background-meta":{"desktop":{"background-color":"var(--ast-global-color-5)","background-image":"","background-repeat":"repeat","background-position":"center center","background-size":"auto","background-attachment":"scroll","background-type":"","background-media":"","overlay-type":"","overlay-color":"","overlay-opacity":"","overlay-gradient":""},"tablet":{"background-color":"var(--ast-global-color-5)","background-image":"","background-repeat":"repeat","background-position":"center center","background-size":"auto","background-attachment":"scroll","background-type":"","background-media":"","overlay-type":"","overlay-color":"","overlay-opacity":"","overlay-gradient":""},"mobile":{"background-color":"var(--ast-global-color-5)","background-image":"","background-repeat":"repeat","background-position":"center center","background-size":"auto","background-attachment":"scroll","background-type":"","background-media":"","overlay-type":"","overlay-color":"","overlay-opacity":"","overlay-gradient":""}},"_joinchat":{"telephone":"17776015835"}},"product_brand":[],"product_cat":[62,152,156,158,142,357,144,146],"product_tag":[360,358,196,355,359,354],"class_list":{"0":"post-4339","1":"product","2":"type-product","3":"status-publish","4":"has-post-thumbnail","6":"product_cat-bang-vape","7":"product_cat-buy-disposable-vapes-in-cermany","8":"product_cat-buy-disposable-vapes-in-poland","9":"product_cat-buy-disposable-vapes-in-spain","10":"product_cat-digital-box-disposable-vapes","11":"product_cat-flavor-adjustable-vape","12":"product_cat-low-nicotine-disposable-vapes","13":"product_cat-rechargeable-disposable-vapes","14":"product_tag-bang-leader-110000-puff","15":"product_tag-bang-leader-110k","16":"product_tag-bang-vape","17":"product_tag-big-puff-vape","18":"product_tag-cheapest-vape","19":"product_tag-flavor-adjustable-vape","20":"desktop-align-left","21":"tablet-align-left","22":"mobile-align-left","24":"first","25":"instock","26":"sale","27":"shipping-taxable","28":"purchasable","29":"product-type-simple"},"acf":[],"uagb_featured_image_src":{"full":["https:\/\/vapestornado.com\/wp-content\/uploads\/2025\/09\/Bang-Leader-110000-Puffs-110K-6-in-1-Flavors-Vape-Pen.webp",800,800,false],"thumbnail":["https:\/\/vapestornado.com\/wp-content\/uploads\/2025\/09\/Bang-Leader-110000-Puffs-110K-6-in-1-Flavors-Vape-Pen-150x150.webp",150,150,true],"medium":["https:\/\/vapestornado.com\/wp-content\/uploads\/2025\/09\/Bang-Leader-110000-Puffs-110K-6-in-1-Flavors-Vape-Pen-300x300.webp",300,300,true],"medium_large":["https:\/\/vapestornado.com\/wp-content\/uploads\/2025\/09\/Bang-Leader-110000-Puffs-110K-6-in-1-Flavors-Vape-Pen-768x768.webp",768,768,true],"large":["https:\/\/vapestornado.com\/wp-content\/uploads\/2025\/09\/Bang-Leader-110000-Puffs-110K-6-in-1-Flavors-Vape-Pen.webp",800,800,false],"1536x1536":["https:\/\/vapestornado.com\/wp-content\/uploads\/2025\/09\/Bang-Leader-110000-Puffs-110K-6-in-1-Flavors-Vape-Pen.webp",800,800,false],"2048x2048":["https:\/\/vapestornado.com\/wp-content\/uploads\/2025\/09\/Bang-Leader-110000-Puffs-110K-6-in-1-Flavors-Vape-Pen.webp",800,800,false],"trp-custom-language-flag":["https:\/\/vapestornado.com\/wp-content\/uploads\/2025\/09\/Bang-Leader-110000-Puffs-110K-6-in-1-Flavors-Vape-Pen-12x12.webp",12,12,true],"woocommerce_thumbnail":["https:\/\/vapestornado.com\/wp-content\/uploads\/2025\/09\/Bang-Leader-110000-Puffs-110K-6-in-1-Flavors-Vape-Pen-300x300.webp",300,300,true],"woocommerce_single":["https:\/\/vapestornado.com\/wp-content\/uploads\/2025\/09\/Bang-Leader-110000-Puffs-110K-6-in-1-Flavors-Vape-Pen-600x600.webp",600,600,true],"woocommerce_gallery_thumbnail":["https:\/\/vapestornado.com\/wp-content\/uploads\/2025\/09\/Bang-Leader-110000-Puffs-110K-6-in-1-Flavors-Vape-Pen-100x100.webp",100,100,true]},"uagb_author_info":{"display_name":"ESAMY","author_link":"https:\/\/vapestornado.com\/lt\/author\/"},"uagb_comment_info":0,"uagb_excerpt":"Bang Leader 110K Disposable Vape Pen delivers a massive 110,000 puffs with a 6-in-1 flavor system, giving users long-lasting variety in every device. Equipped with a 650mAh Type-C rechargeable battery, digital display, and 2% or 5% nicotin options, it\u2019s designed for smooth taste, reliable performance, and maximum value. Perfect for wholesale buyers looking for a&hellip;","_links":{"self":[{"href":"https:\/\/vapestornado.com\/lt\/wp-json\/wp\/v2\/product\/4339","targetHints":{"allow":["GET"]}}],"collection":[{"href":"https:\/\/vapestornado.com\/lt\/wp-json\/wp\/v2\/product"}],"about":[{"href":"https:\/\/vapestornado.com\/lt\/wp-json\/wp\/v2\/types\/product"}],"replies":[{"embeddable":true,"href":"https:\/\/vapestornado.com\/lt\/wp-json\/wp\/v2\/comments?post=4339"}],"wp:featuredmedia":[{"embeddable":true,"href":"https:\/\/vapestornado.com\/lt\/wp-json\/wp\/v2\/media\/4338"}],"wp:attachment":[{"href":"https:\/\/vapestornado.com\/lt\/wp-json\/wp\/v2\/media?parent=4339"}],"wp:term":[{"taxonomy":"product_brand","embeddable":true,"href":"https:\/\/vapestornado.com\/lt\/wp-json\/wp\/v2\/product_brand?post=4339"},{"taxonomy":"product_cat","embeddable":true,"href":"https:\/\/vapestornado.com\/lt\/wp-json\/wp\/v2\/product_cat?post=4339"},{"taxonomy":"product_tag","embeddable":true,"href":"https:\/\/vapestornado.com\/lt\/wp-json\/wp\/v2\/product_tag?post=4339"}],"curies":[{"name":"wp","href":"https:\/\/api.w.org\/{rel}","templated":true}]}}