{"id":4327,"date":"2025-09-03T09:16:53","date_gmt":"2025-09-03T09:16:53","guid":{"rendered":"https:\/\/vapestornado.com\/?post_type=product&#038;p=4327"},"modified":"2025-09-03T09:49:14","modified_gmt":"2025-09-03T09:49:14","slug":"uzy-100000-puff-100k-4-flavors-in-1-disposable-vape-best-wholesale-price-buy-online","status":"publish","type":"product","link":"https:\/\/vapestornado.com\/lt\/product\/uzy-100000-puff-100k-4-flavors-in-1-disposable-vape-best-wholesale-price-buy-online\/","title":{"rendered":"UZY 100000 Puff 100K 4 skoni\u0173 1 vienkartiniame vape geriausia didmenin\u0117 kaina Pirkite internetu"},"content":{"rendered":"<h2 data-pm-slice=\"1 1 []\">UZY 100000 Puff 100K 4 skoni\u0173 1 vienkartiniame vape geriausia didmenin\u0117 kaina Pirkite internetu<\/h2>\n<p data-start=\"340\" data-end=\"672\">\u0160is <strong data-start=\"344\" data-end=\"379\">UZY 100000 P\u016bpsnis vienkartinis Vape<\/strong> (taip pat \u017einomas kaip <strong data-start=\"395\" data-end=\"407\">U\u017d 100K<\/strong>) yra sukurtas garintojams, kurie nori <strong data-start=\"438\" data-end=\"493\">maksimalios talpos, auk\u0161\u010diausios kokyb\u0117s skonio ir modernaus dizaino<\/strong> viename \u012frenginyje. Su ne\u012ftik\u0117tinu <strong data-start=\"528\" data-end=\"547\">100K p\u016bpsni\u0173 skai\u010diumi<\/strong> ir <strong data-start=\"554\" data-end=\"576\">56ml e-skys\u010dio baku<\/strong>, jis lengvai pranoksta daugum\u0105 vienkartini\u0173 prietais\u0173, tod\u0117l yra protingas pasirinkimas didmenininkams visoje Lietuvoje.<\/p>\n<h3 data-start=\"674\" data-end=\"702\">Keturia-skonio technologija<\/h3>\n<p data-start=\"703\" data-end=\"953\">M\u0117gaukit\u0117s <strong data-start=\"709\" data-end=\"743\">4 skirtingi skoniai viename \u012frenginyje<\/strong> be mai\u0161ymosi tarp skyri\u0173. Su daugiau nei <strong data-start=\"787\" data-end=\"820\">10 unikali\u0173 skoni\u0173 derini\u0173<\/strong>, nuo vaisi\u0173 mi\u0161ini\u0173, toki\u0173 kaip <em data-start=\"846\" data-end=\"869\">Bra\u0161ki\u0173 arb\u016bzas<\/em> iki dr\u0105si\u0173 mi\u0161ini\u0173, toki\u0173 kaip <em data-start=\"889\" data-end=\"912\">Energinis g\u0117rimas<\/em>, kiekvienas \u012fkv\u0117pimas atrodo gaivus ir kitoks.<\/p>\n<h3 data-start=\"955\" data-end=\"982\">Sukurtas na\u0161umui<\/h3>\n<p data-start=\"983\" data-end=\"1259\">\u012erengtas <strong data-start=\"997\" data-end=\"1023\">keturi\u0173 tinkleli\u0173 kaitikliais (1,0 \u03a9)<\/strong>, UZY 100K vienkartin\u0117 elektronin\u0117 cigaret\u0117 suteikia skland\u0173 gar\u0105 ir sodr\u0173 skon\u012f su kiekvienu \u012ftraukimu. The <strong data-start=\"1095\" data-end=\"1133\">650 mAh Type-C \u012fkraunama baterija<\/strong> palaiko didel\u012f bako dyd\u012f, o <strong data-start=\"1174\" data-end=\"1195\">LED i\u0161manusis ekranas<\/strong> rodo realiojo laiko baterijos ir e-skys\u010dio lygius, kad b\u016bt\u0173 galima visi\u0161kai kontroliuoti.<\/p>\n<h3 data-start=\"1261\" data-end=\"1292\">Keli nikotino pasirinkimai<\/h3>\n<p data-start=\"1293\" data-end=\"1503\">Rinkit\u0117s i\u0161 <strong data-start=\"1305\" data-end=\"1344\">0%, 2%, 3% arba 5% nikotino stiprumo<\/strong>, \u0161is vienkartinis elektronin\u0117s cigaret\u0117s rinkinys suteikia tiek paprastiems, tiek daug r\u016bkantiems asmenims pritaikyt\u0105 patirt\u012f. The <strong data-start=\"1416\" data-end=\"1434\">kristal\u0173 dizainas<\/strong> prideda auk\u0161\u010diausios kokyb\u0117s i\u0161vaizd\u0105, tuo pa\u010diu i\u0161laikydamas \u012frengin\u012f patvar\u0173 ir ne\u0161iojam\u0105.<\/p>\n<p><strong><span style=\"color: #ff0000;\">Prid\u0117kite Amy whatsapp, gaukite tiesiogin\u012f atsakym\u0105 ir kupon\u0105 veipui!<\/span><\/strong><\/p>\n<p><img fetchpriority=\"high\" decoding=\"async\" class=\"size-full wp-image-2932\" src=\"https:\/\/vapestornado.com\/wp-content\/uploads\/2024\/12\/Vape-Wholesale.jpg\" alt=\"Garintuvai Didmenin\u0117 prekyba\" width=\"229\" height=\"300\" \/><\/p>\n<h3><a href=\"https:\/\/wa.me\/8617776015835\" target=\"_blank\" rel=\"noopener\"><span style=\"color: #ff0000;\"><strong>WhatsApp: +86 17776015835<\/strong><\/span><\/a><\/h3>\n<p>&nbsp;<\/p>\n<h2><strong>UZY 100000 P\u016bpsneli\u0173 gaminio savyb\u0117s<\/strong><\/h2>\n<p>P\u016bpsneliai: 100000 p\u016bpsneli\u0173<br \/>\n4 in 1 Keturi skoniai<br \/>\nKeturi tinklelio rit\u0117: 1,0 omo<br \/>\nE-skystis: 56ml<br \/>\nNikotino stiprumas: 0%\/2%\/3%\/5%<br \/>\nBaterija: 650mah<br \/>\n\u012ekraunamas: C tipas<br \/>\nLED ekranas (i\u0161manusis ekranas), skirtas alyvai ir baterijai<br \/>\nKRISTAL\u0172 DIZAINAS<br \/>\nProdukto svoris: 140g\/vnt<br \/>\nKiekis: 120vnt\/d\u0117\u017e\u0117, 10vnt\/d\u0117\u017eut\u0117<\/p>\n<figure id=\"attachment_4325\" aria-describedby=\"caption-attachment-4325\" style=\"width: 300px\" class=\"wp-caption alignnone\"><img decoding=\"async\" class=\"size-medium wp-image-4325\" src=\"https:\/\/vapestornado.com\/wp-content\/uploads\/2025\/09\/UZY-100K-100000-Puffs-4-in-1-Cheap-Vapes-300x300.webp\" alt=\"UZY 100K 100000 Puffs 4 in 1 Pig\u016bs garintuvai\" width=\"300\" height=\"300\" srcset=\"https:\/\/vapestornado.com\/wp-content\/uploads\/2025\/09\/UZY-100K-100000-Puffs-4-in-1-Cheap-Vapes-300x300.webp 300w, https:\/\/vapestornado.com\/wp-content\/uploads\/2025\/09\/UZY-100K-100000-Puffs-4-in-1-Cheap-Vapes-150x150.webp 150w, https:\/\/vapestornado.com\/wp-content\/uploads\/2025\/09\/UZY-100K-100000-Puffs-4-in-1-Cheap-Vapes-768x768.webp 768w, https:\/\/vapestornado.com\/wp-content\/uploads\/2025\/09\/UZY-100K-100000-Puffs-4-in-1-Cheap-Vapes-12x12.webp 12w, https:\/\/vapestornado.com\/wp-content\/uploads\/2025\/09\/UZY-100K-100000-Puffs-4-in-1-Cheap-Vapes-600x600.webp 600w, https:\/\/vapestornado.com\/wp-content\/uploads\/2025\/09\/UZY-100K-100000-Puffs-4-in-1-Cheap-Vapes-100x100.webp 100w, https:\/\/vapestornado.com\/wp-content\/uploads\/2025\/09\/UZY-100K-100000-Puffs-4-in-1-Cheap-Vapes.webp 800w\" sizes=\"(max-width: 300px) 100vw, 300px\" \/><figcaption id=\"caption-attachment-4325\" class=\"wp-caption-text\">UZY 100K 100000 Puffs 4 in 1 Pig\u016bs garintuvai<\/figcaption><\/figure>\n<h2 class=\"product-title\"><strong>UZY 100000 Puff skoni\u0173 s\u0105ra\u0161as<\/strong><\/h2>\n<p>01.Bra\u0161ki\u0173 arb\u016bzas<\/p>\n<p>02.Persik\u0173 ledas<\/p>\n<p>03.M\u0117lyni\u0173 ledas<\/p>\n<p>04.Vy\u0161ni\u0173 ledas<\/p>\n<p>05.M\u0117lyni\u0173 ledas<\/p>\n<p>06.Persik\u0173, mang\u0173, ananas\u0173<\/p>\n<p>07.Mi\u0161rios uogos<\/p>\n<p>08.\u017demuogi\u0173 ledas<\/p>\n<p>09.Arb\u016bz\u0173 ledas<\/p>\n<p>10.\u017demuogi\u0173, mang\u0173<\/p>\n<div class=\"flex-shrink-0 flex flex-col relative items-end\">\n<div class=\"pt-0\">\n<div class=\"gizmo-bot-avatar flex h-8 w-8 items-center justify-center overflow-hidden rounded-full\">\n<div class=\"relative p-1 rounded-sm flex items-center justify-center bg-token-main-surface-primary text-token-text-primary h-8 w-8\">\n<h2 data-start=\"435\" data-end=\"491\"><\/h2>\n<h2 data-start=\"435\" data-end=\"491\"><strong data-start=\"439\" data-end=\"489\">Kod\u0117l verta rinktis UZY 100000 P\u016bpsni\u0173 vienkartin\u0119 veipo plunksn\u0105?<\/strong><\/h2>\n<\/div>\n<ul>\n<li data-start=\"1546\" data-end=\"1620\">\n<p data-start=\"1548\" data-end=\"1620\"><strong data-start=\"1548\" data-end=\"1580\">Neprilygstamas 100K p\u016bpsni\u0173 tarnavimo laikas<\/strong> \u2013 5 kartus ilgesnis nei standartini\u0173 vienkartini\u0173<\/p>\n<\/li>\n<li data-start=\"1621\" data-end=\"1672\">\n<p data-start=\"1623\" data-end=\"1672\"><strong data-start=\"1623\" data-end=\"1649\">Tikras skoni\u0173 atskyrimas<\/strong> \u2013 jokio nepageidaujamo mai\u0161ymo<\/p>\n<\/li>\n<li data-start=\"1673\" data-end=\"1738\">\n<p data-start=\"1675\" data-end=\"1738\"><strong data-start=\"1675\" data-end=\"1697\">Auk\u0161\u010diausios kokyb\u0117s komponentai<\/strong> \u2013 ma\u017eiau skund\u0173, daugiau nuolatini\u0173 pirk\u0117j\u0173<\/p>\n<\/li>\n<li data-start=\"1739\" data-end=\"1809\">\n<p data-start=\"1741\" data-end=\"1809\"><strong data-start=\"1741\" data-end=\"1763\">Didel\u0117 rinkos paklausa<\/strong> \u2013 didel\u0117 perpardavimo mar\u017ea visose ES \u0161alyse<\/p>\n<\/li>\n<\/ul>\n<\/div>\n<\/div>\n<\/div>\n<div class=\"flex-shrink-0 flex flex-col relative items-end\">\n<div class=\"pt-0\">\n<div class=\"gizmo-bot-avatar flex h-8 w-8 items-center justify-center overflow-hidden rounded-full\">\n<div class=\"relative p-1 rounded-sm flex items-center justify-center bg-token-main-surface-primary text-token-text-primary h-8 w-8\">\n<h2 data-start=\"1200\" data-end=\"1487\">100K \u012ftraukim\u0173 talpa, \u012fkraunamas dizainas, keli skoniai ir auk\u0161\u010diausios kokyb\u0117s rit\u0117s sistema<\/h2>\n<p data-start=\"1200\" data-end=\"1487\"><strong data-start=\"213\" data-end=\"248\">suteikia puiki\u0105 vert\u0119, tod\u0117l tai yra patikimas pasirinkimas ma\u017emenininkams, orientuotiems \u012f 25\u201335 met\u0173 am\u017eiaus grup\u0119.<\/strong> Vapes Tornado \u2013 j\u016bs\u0173 didmenin\u0117s prekybos centras geriausiems Europos vape preki\u0173 \u017eenklams <strong data-start=\"403\" data-end=\"431\">populiariausi\u0173 vape preki\u0173 \u017eenkl\u0173<\/strong>, \u012fskaitant <strong data-start=\"443\" data-end=\"502\"><a href=\"https:\/\/vapestornado.com\/lt\/product-category\/aivono-vape\/\">AIVONO VAPE<\/a>, BANGBOX VAPE, <a href=\"https:\/\/vapestornado.com\/lt\/product-category\/elf-bar-vape\/\">ELF BAR Garintuvas<\/a>ir <a href=\"https:\/\/vapestornado.com\/lt\/product-category\/fumot-vape\/\">FUMOT VAPE<\/a><\/strong>. M\u016bs\u0173 parduotuv\u0117 sukurta aptarnauti tiek individualius klientus, tiek didmeninius pirk\u0117jus, si\u016blant patikimus produktus, kurie sujungia didel\u012f na\u0161um\u0105, stiling\u0105 dizain\u0105 ir konkurencingas kainas.<\/p>\n<\/div>\n<\/div>\n<\/div>\n<\/div>","protected":false},"excerpt":{"rendered":"<p data-start=\"274\" data-end=\"349\"><strong data-start=\"274\" data-end=\"347\">UZY 100000 P\u016bpsnis 100K Vienkartinis Vape 35000 P\u016bpsni\u0173 Didmenin\u0117 Prekyba Europoje<\/strong><\/p>\n<p data-start=\"353\" data-end=\"426\"><strong data-start=\"353\" data-end=\"424\">UZY 100000 P\u016bpsnis 100K Vienkartinis Vape su skaitmeniniu ekranu<\/strong><\/p>\n<p data-start=\"430\" data-end=\"494\"><strong data-start=\"430\" data-end=\"492\">Pirkite UZY 100000 P\u016bpsnis 100K P\u016bpsni\u0173 Vape internetu \u2013 Geriausia nuolaidos kaina<\/strong><\/p>\n<p><strong>Prid\u0117kite Amy's whatsapp, kad gautum\u0117te tinkam\u0105 atsakym\u0105 ir nuolaidos kain\u0105!<\/strong><\/p>\n<p><img fetchpriority=\"high\" decoding=\"async\" class=\"size-full wp-image-2932\" src=\"https:\/\/vapestornado.com\/wp-content\/uploads\/2024\/12\/Vape-Wholesale.jpg\" alt=\"Garintuvai Didmenin\u0117 prekyba\" width=\"229\" height=\"300\" \/><\/p>\n<h3><a href=\"https:\/\/wa.me\/8617776015835\"><span style=\"color: #ff0000;\"><strong>WhatsApp: +86 17776015835<\/strong><\/span><\/a><\/h3>\n<p>&nbsp;<\/p>","protected":false},"featured_media":4323,"comment_status":"open","ping_status":"closed","template":"","meta":{"_acf_changed":false,"_uag_custom_page_level_css":"","_lmt_disableupdate":"no","_lmt_disable":"","_monsterinsights_skip_tracking":false,"_monsterinsights_sitenote_active":false,"_monsterinsights_sitenote_note":"","_monsterinsights_sitenote_category":0,"site-sidebar-layout":"default","site-content-layout":"","ast-site-content-layout":"default","site-content-style":"default","site-sidebar-style":"default","ast-global-header-display":"","ast-banner-title-visibility":"","ast-main-header-display":"","ast-hfb-above-header-display":"","ast-hfb-below-header-display":"","ast-hfb-mobile-header-display":"","site-post-title":"","ast-breadcrumbs-content":"","ast-featured-img":"","footer-sml-layout":"","ast-disable-related-posts":"","theme-transparent-header-meta":"default","adv-header-id-meta":"","stick-header-meta":"","header-above-stick-meta":"","header-main-stick-meta":"","header-below-stick-meta":"","astra-migrate-meta-layouts":"set","ast-page-background-enabled":"default","ast-page-background-meta":{"desktop":{"background-color":"","background-image":"","background-repeat":"repeat","background-position":"center center","background-size":"auto","background-attachment":"scroll","background-type":"","background-media":"","overlay-type":"","overlay-color":"","overlay-opacity":"","overlay-gradient":""},"tablet":{"background-color":"","background-image":"","background-repeat":"repeat","background-position":"center center","background-size":"auto","background-attachment":"scroll","background-type":"","background-media":"","overlay-type":"","overlay-color":"","overlay-opacity":"","overlay-gradient":""},"mobile":{"background-color":"","background-image":"","background-repeat":"repeat","background-position":"center center","background-size":"auto","background-attachment":"scroll","background-type":"","background-media":"","overlay-type":"","overlay-color":"","overlay-opacity":"","overlay-gradient":""}},"ast-content-background-meta":{"desktop":{"background-color":"var(--ast-global-color-5)","background-image":"","background-repeat":"repeat","background-position":"center center","background-size":"auto","background-attachment":"scroll","background-type":"","background-media":"","overlay-type":"","overlay-color":"","overlay-opacity":"","overlay-gradient":""},"tablet":{"background-color":"var(--ast-global-color-5)","background-image":"","background-repeat":"repeat","background-position":"center center","background-size":"auto","background-attachment":"scroll","background-type":"","background-media":"","overlay-type":"","overlay-color":"","overlay-opacity":"","overlay-gradient":""},"mobile":{"background-color":"var(--ast-global-color-5)","background-image":"","background-repeat":"repeat","background-position":"center center","background-size":"auto","background-attachment":"scroll","background-type":"","background-media":"","overlay-type":"","overlay-color":"","overlay-opacity":"","overlay-gradient":""}},"_joinchat":{"telephone":"17776015835"}},"product_brand":[],"product_cat":[346,152,153,156,158,142,357,146,356,171,60],"product_tag":[355,354,350,351,352,353],"class_list":{"0":"post-4327","1":"product","2":"type-product","3":"status-publish","4":"has-post-thumbnail","6":"product_cat-100000-puff","7":"product_cat-buy-disposable-vapes-in-cermany","8":"product_cat-buy-disposable-vapes-in-italy","9":"product_cat-buy-disposable-vapes-in-poland","10":"product_cat-buy-disposable-vapes-in-spain","11":"product_cat-digital-box-disposable-vapes","12":"product_cat-flavor-adjustable-vape","13":"product_cat-rechargeable-disposable-vapes","14":"product_cat-uzy-vape","15":"product_cat-vapsolo-disposable-vapes","16":"product_cat-waspe-fihp-vape","17":"product_tag-big-puff-vape","18":"product_tag-flavor-adjustable-vape","19":"product_tag-four-flavor-disposable-vape","20":"product_tag-uzy-100000-puff","21":"product_tag-uzy-100k","22":"product_tag-uzy-100k-4-in-1","23":"desktop-align-left","24":"tablet-align-left","25":"mobile-align-left","27":"first","28":"instock","29":"sale","30":"shipping-taxable","31":"purchasable","32":"product-type-simple"},"acf":[],"uagb_featured_image_src":{"full":["https:\/\/vapestornado.com\/wp-content\/uploads\/2025\/09\/UZY-100K-100000-Puff-Bulk-Buy-Vape-Online.webp",800,800,false],"thumbnail":["https:\/\/vapestornado.com\/wp-content\/uploads\/2025\/09\/UZY-100K-100000-Puff-Bulk-Buy-Vape-Online-150x150.webp",150,150,true],"medium":["https:\/\/vapestornado.com\/wp-content\/uploads\/2025\/09\/UZY-100K-100000-Puff-Bulk-Buy-Vape-Online-300x300.webp",300,300,true],"medium_large":["https:\/\/vapestornado.com\/wp-content\/uploads\/2025\/09\/UZY-100K-100000-Puff-Bulk-Buy-Vape-Online-768x768.webp",768,768,true],"large":["https:\/\/vapestornado.com\/wp-content\/uploads\/2025\/09\/UZY-100K-100000-Puff-Bulk-Buy-Vape-Online.webp",800,800,false],"1536x1536":["https:\/\/vapestornado.com\/wp-content\/uploads\/2025\/09\/UZY-100K-100000-Puff-Bulk-Buy-Vape-Online.webp",800,800,false],"2048x2048":["https:\/\/vapestornado.com\/wp-content\/uploads\/2025\/09\/UZY-100K-100000-Puff-Bulk-Buy-Vape-Online.webp",800,800,false],"trp-custom-language-flag":["https:\/\/vapestornado.com\/wp-content\/uploads\/2025\/09\/UZY-100K-100000-Puff-Bulk-Buy-Vape-Online-12x12.webp",12,12,true],"woocommerce_thumbnail":["https:\/\/vapestornado.com\/wp-content\/uploads\/2025\/09\/UZY-100K-100000-Puff-Bulk-Buy-Vape-Online-300x300.webp",300,300,true],"woocommerce_single":["https:\/\/vapestornado.com\/wp-content\/uploads\/2025\/09\/UZY-100K-100000-Puff-Bulk-Buy-Vape-Online-600x600.webp",600,600,true],"woocommerce_gallery_thumbnail":["https:\/\/vapestornado.com\/wp-content\/uploads\/2025\/09\/UZY-100K-100000-Puff-Bulk-Buy-Vape-Online-100x100.webp",100,100,true]},"uagb_author_info":{"display_name":"ESAMY","author_link":"https:\/\/vapestornado.com\/lt\/author\/"},"uagb_comment_info":1,"uagb_excerpt":"UZY 100000 Puff 100K Disposable Vape 35000 Puffs Wholesale in Europe UZY 100000 Puff 100K Disposable Vape with Digital Display &amp; Rechargeable Battery Buy UZY 100000 Puff 100K Puff Vape Online \u2013 Best Discount Price Add Amy's whatsapp to get right reply and discount price! WhatsApp: +86 17776015835 &nbsp;","_links":{"self":[{"href":"https:\/\/vapestornado.com\/lt\/wp-json\/wp\/v2\/product\/4327","targetHints":{"allow":["GET"]}}],"collection":[{"href":"https:\/\/vapestornado.com\/lt\/wp-json\/wp\/v2\/product"}],"about":[{"href":"https:\/\/vapestornado.com\/lt\/wp-json\/wp\/v2\/types\/product"}],"replies":[{"embeddable":true,"href":"https:\/\/vapestornado.com\/lt\/wp-json\/wp\/v2\/comments?post=4327"}],"wp:featuredmedia":[{"embeddable":true,"href":"https:\/\/vapestornado.com\/lt\/wp-json\/wp\/v2\/media\/4323"}],"wp:attachment":[{"href":"https:\/\/vapestornado.com\/lt\/wp-json\/wp\/v2\/media?parent=4327"}],"wp:term":[{"taxonomy":"product_brand","embeddable":true,"href":"https:\/\/vapestornado.com\/lt\/wp-json\/wp\/v2\/product_brand?post=4327"},{"taxonomy":"product_cat","embeddable":true,"href":"https:\/\/vapestornado.com\/lt\/wp-json\/wp\/v2\/product_cat?post=4327"},{"taxonomy":"product_tag","embeddable":true,"href":"https:\/\/vapestornado.com\/lt\/wp-json\/wp\/v2\/product_tag?post=4327"}],"curies":[{"name":"wp","href":"https:\/\/api.w.org\/{rel}","templated":true}]}}