{"id":4319,"date":"2025-08-29T08:39:13","date_gmt":"2025-08-29T08:39:13","guid":{"rendered":"https:\/\/vapestornado.com\/?post_type=product&#038;p=4319"},"modified":"2025-08-29T09:18:04","modified_gmt":"2025-08-29T09:18:04","slug":"buy-authentic-waspe-100000-puffs-low-nicotine-disposable-vape-pen-at-wholesale-price","status":"publish","type":"product","link":"https:\/\/vapestornado.com\/lt\/product\/buy-authentic-waspe-100000-puffs-low-nicotine-disposable-vape-pen-at-wholesale-price\/","title":{"rendered":"Pirkite autenti\u0161k\u0105 WASPE 100000 \u012fkv\u0117pim\u0173 vienkartin\u012f elektronin\u012f cigare\u010di\u0173 prietais\u0105 su ma\u017eu nikotino kiekiu didmenine kaina"},"content":{"rendered":"<h2 data-pm-slice=\"1 1 []\">Pirkite autenti\u0161k\u0105 WASPE 100000 \u012fkv\u0117pim\u0173 vienkartin\u012f elektronin\u012f cigare\u010di\u0173 prietais\u0105 su ma\u017eu nikotino kiekiu didmenine kaina<\/h2>\n<p data-start=\"375\" data-end=\"654\">\u0160is <strong data-start=\"379\" data-end=\"421\">WASPE 100000 \u012fkv\u0117pim\u0173 vienkartinis garinimo prietaisas<\/strong> yra sukurtas tiems, kurie reikalauja didelio na\u0161umo kompakti\u0161kame dizaine. Su ne\u012ftik\u0117tinu <strong data-start=\"508\" data-end=\"530\">100 t\u016bkst. \u012fkv\u0117pim\u0173 talpa<\/strong> ir <strong data-start=\"537\" data-end=\"559\">56 ml e. skys\u010dio talpa<\/strong>, jis suteikia neprilygstam\u0105 vert\u0119 tiek asmeniniam naudojimui, tiek didmeninei prekybai visoje Europoje.<\/p>\n<p data-start=\"656\" data-end=\"909\">Sukurtas su <strong data-start=\"672\" data-end=\"698\">keturi\u0173 tinkleli\u0173 kaitikliais (1,0 \u03a9)<\/strong>, kiekvienas \u012fkv\u0117pimas yra \u0161velnus, ry\u0161kus ir pastovus. The <strong data-start=\"748\" data-end=\"782\">4-in-1 kei\u010diama skonio sistema<\/strong> i\u0161laiko j\u016bs\u0173 garinim\u0105 \u0161vie\u017ei\u0105 ir \u012fdom\u0173, puikiai tinkant\u012f jaunesniems garintojams, norintiems \u012fvairov\u0117s, nene\u0161iojant keli\u0173 prietais\u0173.<\/p>\n<p data-start=\"911\" data-end=\"1248\">\u0160is <strong data-start=\"915\" data-end=\"953\">650 mAh \u012fkraunama Type-C baterija<\/strong> u\u017etikrina ilgalaikes sesijas, o <strong data-start=\"995\" data-end=\"1010\">LED ekranas<\/strong> suteikia momentinius atnaujinimus apie baterijos ir skys\u010dio lygius \u2013 pa\u0161alina sp\u0117liones ir suteikia visi\u0161k\u0105 kontrol\u0119. Galima \u012fsigyti su <strong data-start=\"1118\" data-end=\"1149\">2% ir 5% nikotino stiprumu<\/strong>, <strong data-start=\"1155\" data-end=\"1189\">WASPE 100K vienkartinis garinimo prietaisas<\/strong> i\u0161laiko tinkam\u0105 pusiausvyr\u0105 tarp galios ir patogumo.<\/p>\n<p><strong><span style=\"color: #ff0000;\">Prid\u0117kite Amy whatsapp, gaukite tiesiogin\u012f atsakym\u0105 ir kupon\u0105 veipui!<\/span><\/strong><\/p>\n<p><img fetchpriority=\"high\" decoding=\"async\" class=\"size-full wp-image-2932\" src=\"https:\/\/vapestornado.com\/wp-content\/uploads\/2024\/12\/Vape-Wholesale.jpg\" alt=\"Garintuvai Didmenin\u0117 prekyba\" width=\"229\" height=\"300\" \/><\/p>\n<h3><a href=\"https:\/\/wa.me\/8617776015835\" target=\"_blank\" rel=\"noopener\"><span style=\"color: #ff0000;\"><strong>WhatsApp: +86 17776015835<\/strong><\/span><\/a><\/h3>\n<p>&nbsp;<\/p>\n<h2><strong>WASPE 100000 \u012fkv\u0117pim\u0173 produkto savyb\u0117s<\/strong><\/h2>\n<p><strong data-start=\"1252\" data-end=\"1280\">100 000 \u012fkv\u0117pim\u0173 viename prietaise<\/strong><br data-start=\"1280\" data-end=\"1283\" \/><strong data-start=\"1285\" data-end=\"1316\">4-in-1 skonio perjungimo sistema<\/strong><br data-start=\"1316\" data-end=\"1319\" \/><strong data-start=\"1321\" data-end=\"1354\">Keturi\u0173 tinkleli\u0173 kaitiklis sodriems garams<\/strong><br data-start=\"1354\" data-end=\"1357\" \/><strong data-start=\"1359\" data-end=\"1403\">56 ml e. skys\u010dio talpa | 2% \/ 5% nikotinas<\/strong><br data-start=\"1403\" data-end=\"1406\" \/><strong data-start=\"1408\" data-end=\"1446\">650 mAh Type-C \u012fkraunama baterija<\/strong><br data-start=\"1446\" data-end=\"1449\" \/><strong data-start=\"1451\" data-end=\"1495\">LED ekranas baterijai<\/strong><\/p>\n<h2 class=\"product-title\"><strong>WASPE 100000 \u012fkv\u0117pim\u0173 skoni\u0173 s\u0105ra\u0161as<\/strong><\/h2>\n<p>1. Arb\u016bzo ledas<br \/>\n2. Bra\u0161kinis arb\u016bzas<br \/>\n3. Red Bull ledas<br \/>\n4. Bra\u0161ki\u0173 avie\u010di\u0173 vy\u0161nios<br \/>\n5. Bra\u0161kinis bananas<br \/>\n6. M\u0117lyni\u0173 ledas<br \/>\n7. Vy\u0161ni\u0173 kolos ledas<br \/>\nArb\u016bzin\u0117 kramtomoji guma<br \/>\n8. Sulting\u0173 persik\u0173 ledas<br \/>\n9. Vynuogi\u0173 ledas<br \/>\n10. Mi\u0161rios uogos<br \/>\n11. Bra\u0161kinis Red bull<br \/>\nVy\u0161ni\u0173 ir kolos ledas<br \/>\n12. M\u0117lyni\u0173 aviet\u0117s<\/p>\n<figure id=\"attachment_4314\" aria-describedby=\"caption-attachment-4314\" style=\"width: 300px\" class=\"wp-caption alignnone\"><img decoding=\"async\" class=\"size-medium wp-image-4314\" src=\"https:\/\/vapestornado.com\/wp-content\/uploads\/2025\/08\/WASPE-100000-Puff-100k-Online-Vape-Shop-300x300.webp\" alt=\"WASPE 100000 \u012fkv\u0117pim\u0173 100k internetin\u0117 vape parduotuv\u0117\" width=\"300\" height=\"300\" srcset=\"https:\/\/vapestornado.com\/wp-content\/uploads\/2025\/08\/WASPE-100000-Puff-100k-Online-Vape-Shop-300x300.webp 300w, https:\/\/vapestornado.com\/wp-content\/uploads\/2025\/08\/WASPE-100000-Puff-100k-Online-Vape-Shop-150x150.webp 150w, https:\/\/vapestornado.com\/wp-content\/uploads\/2025\/08\/WASPE-100000-Puff-100k-Online-Vape-Shop-768x768.webp 768w, https:\/\/vapestornado.com\/wp-content\/uploads\/2025\/08\/WASPE-100000-Puff-100k-Online-Vape-Shop-12x12.webp 12w, https:\/\/vapestornado.com\/wp-content\/uploads\/2025\/08\/WASPE-100000-Puff-100k-Online-Vape-Shop-600x600.webp 600w, https:\/\/vapestornado.com\/wp-content\/uploads\/2025\/08\/WASPE-100000-Puff-100k-Online-Vape-Shop-100x100.webp 100w, https:\/\/vapestornado.com\/wp-content\/uploads\/2025\/08\/WASPE-100000-Puff-100k-Online-Vape-Shop.webp 800w\" sizes=\"(max-width: 300px) 100vw, 300px\" \/><figcaption id=\"caption-attachment-4314\" class=\"wp-caption-text\">WASPE 100000 \u012fkv\u0117pim\u0173 100k internetin\u0117 vape parduotuv\u0117<\/figcaption><\/figure>\n<div class=\"flex-shrink-0 flex flex-col relative items-end\">\n<div class=\"pt-0\">\n<div class=\"gizmo-bot-avatar flex h-8 w-8 items-center justify-center overflow-hidden rounded-full\">\n<div class=\"relative p-1 rounded-sm flex items-center justify-center bg-token-main-surface-primary text-token-text-primary h-8 w-8\">\n<h2 data-start=\"435\" data-end=\"491\"><strong data-start=\"439\" data-end=\"489\">Kod\u0117l verta rinktis WASPE 100K vienkartin\u012f vape ra\u0161ikl\u012f?<\/strong><\/h2>\n<p data-start=\"492\" data-end=\"586\">Pabr\u0117\u017ekite 100 000 \u012fkv\u0117pim\u0173 talp\u0105, ilgalaik\u012f dizain\u0105 ir patrauklum\u0105 jaunimo rinkai Europoje.<\/p>\n<h3 data-start=\"588\" data-end=\"639\"><strong data-start=\"592\" data-end=\"637\">4 viename skonio sistema nenutr\u016bkstamai \u012fvairovei<\/strong><\/h3>\n<p data-start=\"640\" data-end=\"708\">Paai\u0161kinkite kei\u010diamus skonius, d\u0117l kuri\u0173 vienas \u012frenginys jau\u010diasi kaip keturi.<\/p>\n<h3 data-start=\"710\" data-end=\"757\"><strong data-start=\"714\" data-end=\"755\">Didel\u0117 talpa su auk\u0161\u010diausios kokyb\u0117s in\u017einerija<\/strong><\/h3>\n<p data-start=\"758\" data-end=\"835\">Pabr\u0117\u017ekite 56 ml e. skys\u010dio, keturias tinklelio rites (1,0 \u03a9) ir nuosekl\u0173 ry\u0161k\u0173 skon\u012f.<\/p>\n<h3 data-start=\"837\" data-end=\"888\"><strong data-start=\"841\" data-end=\"886\">I\u0161mani galia, sukurta Europos rinkai<\/strong><\/h3>\n<p data-start=\"889\" data-end=\"987\">Pristatykite 650 mAh C tipo \u012fkraunam\u0105 baterij\u0105 ir LED ekran\u0105, skirt\u0105 baterijai<\/p>\n<h3 data-start=\"989\" data-end=\"1035\"><strong data-start=\"993\" data-end=\"1033\">Puikus nikotino stiprumo balansas<\/strong><\/h3>\n<p data-start=\"1036\" data-end=\"1112\">Pateikite i\u0161sami\u0105 informacij\u0105 apie 2% ir 5% nikotino variantus, atitinkan\u010dius skirtingus pageidavimus.<\/p>\n<h3 data-start=\"1114\" data-end=\"1171\"><strong data-start=\"1118\" data-end=\"1169\">WASPE 100000 \u012fkv\u0117pim\u0173 \u2013 sukurtas didmeninei paklausai<\/strong><\/h3>\n<p data-start=\"1172\" data-end=\"1260\">Pabr\u0117\u017ekite didel\u0119 vert\u0119, patikimum\u0105 ir patrauklum\u0105 platintojams Lietuvos rinkose.<\/p>\n<\/div>\n<h3><\/h3>\n<div class=\"relative p-1 rounded-sm flex items-center justify-center bg-token-main-surface-primary text-token-text-primary h-8 w-8\">\n<h2>DUK apie WASPE 100000 \u012fkv\u0117pim\u0173 vienkartin\u0119 elektronin\u0119 cigaret\u0119<\/h2>\n<\/div>\n<\/div>\n<\/div>\n<\/div>\n<div class=\"flex-shrink-0 flex flex-col relative items-end\">\n<div class=\"pt-0\">\n<div class=\"gizmo-bot-avatar flex h-8 w-8 items-center justify-center overflow-hidden rounded-full\">\n<div class=\"relative p-1 rounded-sm flex items-center justify-center bg-token-main-surface-primary text-token-text-primary h-8 w-8\">\n<div class=\"mb-2 flex gap-3 empty:hidden -ml-2\">\n<p data-start=\"308\" data-end=\"562\"><strong data-start=\"308\" data-end=\"364\">1. Kiek laiko tarnauja vienas WASPE 100000 Puffs \u012frenginys?<\/strong><br data-start=\"364\" data-end=\"367\" \/>WASPE 100K si\u016blo iki <strong data-start=\"395\" data-end=\"412\">100 000 \u012ftraukim\u0173<\/strong>, kuris paprastai trunka kelias savaites, priklausomai nuo naudojimo da\u017enumo. Didmeniniai pirk\u0117jai da\u017enai pabr\u0117\u017eia jo ilgesn\u012f tarnavimo laik\u0105 kaip pagrindin\u012f pardavimo argument\u0105.<\/p>\n<p data-start=\"564\" data-end=\"753\"><strong data-start=\"564\" data-end=\"614\">2. Ar galiu \u012fkrauti WASPE 100000 Puffs vape?<\/strong><br data-start=\"614\" data-end=\"617\" \/>Taip. Jis tiekiamas su <strong data-start=\"638\" data-end=\"676\">650 mAh Type-C \u012fkraunama baterija<\/strong>\u012fkrovimo galimybe<\/p>\n<p data-start=\"755\" data-end=\"1019\"><strong data-start=\"755\" data-end=\"830\">, u\u017etikrinant, kad pilnai i\u0161naudosite 56 ml e-skys\u010dio be pertrauk\u0173.<\/strong><br data-start=\"830\" data-end=\"833\" \/>3. Kuo WASPE 100K skiriasi nuo kit\u0173 vienkartini\u0173 vape ra\u0161ikli\u0173? <strong data-start=\"894\" data-end=\"964\">Skirtingai nuo standartini\u0173 vienkartini\u0173, WASPE 100000 Puffs sujungia<\/strong>4-in-1 kei\u010diamus skonius, keturias tinklelio rites ir i\u0161man\u0173j\u012f LED ekran\u0105<\/p>\n<p data-start=\"1021\" data-end=\"1198\"><strong data-start=\"1021\" data-end=\"1081\">, tod\u0117l jis yra universalus ir patvarus kasdieniam naudojimui.<\/strong><br data-start=\"1081\" data-end=\"1084\" \/>4. Ar WASPE 100K galima \u012fsigyti su ma\u017eu nikotino kiekiu? <strong data-start=\"1105\" data-end=\"1133\">2% ir 5% nikotino lygiai<\/strong>Taip. Jis si\u016blomas su<\/p>\n<p data-start=\"1200\" data-end=\"1487\"><strong data-start=\"1200\" data-end=\"1278\">0%, 2% ir 5% nikotino stiprumu<\/strong><br data-start=\"1278\" data-end=\"1281\" \/>Jo derinys <strong data-start=\"1300\" data-end=\"1386\">, atsi\u017evelgiant \u012f skirtingus pageidavimus Europos rinkoje.<\/strong> 5. Kod\u0117l WASPE 100000 Puffs yra populiarus tarp didmenini\u0173 pirk\u0117j\u0173 ES?<\/p>\n<\/div>\n<h2 data-start=\"1200\" data-end=\"1487\">100K \u012ftraukim\u0173 talpa, \u012fkraunamas dizainas, keli skoniai ir auk\u0161\u010diausios kokyb\u0117s rit\u0117s sistema<\/h2>\n<p data-start=\"1200\" data-end=\"1487\"><strong data-start=\"213\" data-end=\"248\">suteikia puiki\u0105 vert\u0119, tod\u0117l tai yra patikimas pasirinkimas ma\u017emenininkams, orientuotiems \u012f 25\u201335 met\u0173 am\u017eiaus grup\u0119.<\/strong> Vapes Tornado \u2013 j\u016bs\u0173 didmenin\u0117s prekybos centras geriausiems Europos vape preki\u0173 \u017eenklams <strong data-start=\"403\" data-end=\"431\">populiariausi\u0173 vape preki\u0173 \u017eenkl\u0173<\/strong>, \u012fskaitant <strong data-start=\"443\" data-end=\"502\"><a href=\"https:\/\/vapestornado.com\/lt\/product-category\/aivono-vape\/\">AIVONO VAPE<\/a>, BANGBOX VAPE, <a href=\"https:\/\/vapestornado.com\/lt\/product-category\/elf-bar-vape\/\">ELF BAR Garintuvas<\/a>ir <a href=\"https:\/\/vapestornado.com\/lt\/product-category\/fumot-vape\/\">FUMOT VAPE<\/a><\/strong>. M\u016bs\u0173 parduotuv\u0117 sukurta aptarnauti tiek individualius klientus, tiek didmeninius pirk\u0117jus, si\u016blant patikimus produktus, kurie sujungia didel\u012f na\u0161um\u0105, stiling\u0105 dizain\u0105 ir konkurencingas kainas.<\/p>\n<\/div>\n<\/div>\n<\/div>\n<\/div>","protected":false},"excerpt":{"rendered":"<p>WASPE 100K \u2013 100 000 P\u016bpsni\u0173, 4 Skoniai, Vienas Galingas Vienkartinis Vape Ra\u0161iklis.<\/p>\n<p>Keiskite Skonius, Palaikykite Maitinim\u0105 \u2013 WASPE 100 000 P\u016bpsni\u0173 su C Tipo \u012ekrovimu.<\/p>\n<p>Vienkartinis Vape Ra\u0161iklis Sukurtas Lietuvai \u2013 WASPE 100K, Dideli Debesys, Didesn\u0117 Vert\u0117.<\/p>\n<p><strong>Prid\u0117kite Amy's whatsapp, kad gautum\u0117te tinkam\u0105 atsakym\u0105 ir nuolaidos kain\u0105!<\/strong><\/p>\n<p><img fetchpriority=\"high\" decoding=\"async\" class=\"size-full wp-image-2932\" src=\"https:\/\/vapestornado.com\/wp-content\/uploads\/2024\/12\/Vape-Wholesale.jpg\" alt=\"Garintuvai Didmenin\u0117 prekyba\" width=\"229\" height=\"300\" \/><\/p>\n<h3><a href=\"https:\/\/wa.me\/8617776015835\"><span style=\"color: #ff0000;\"><strong>WhatsApp: +86 17776015835<\/strong><\/span><\/a><\/h3>\n<p>&nbsp;<\/p>","protected":false},"featured_media":4318,"comment_status":"open","ping_status":"closed","template":"","meta":{"_acf_changed":false,"_uag_custom_page_level_css":"","_lmt_disableupdate":"no","_lmt_disable":"","_monsterinsights_skip_tracking":false,"_monsterinsights_sitenote_active":false,"_monsterinsights_sitenote_note":"","_monsterinsights_sitenote_category":0,"site-sidebar-layout":"default","site-content-layout":"","ast-site-content-layout":"default","site-content-style":"default","site-sidebar-style":"default","ast-global-header-display":"","ast-banner-title-visibility":"","ast-main-header-display":"","ast-hfb-above-header-display":"","ast-hfb-below-header-display":"","ast-hfb-mobile-header-display":"","site-post-title":"","ast-breadcrumbs-content":"","ast-featured-img":"","footer-sml-layout":"","ast-disable-related-posts":"","theme-transparent-header-meta":"default","adv-header-id-meta":"","stick-header-meta":"","header-above-stick-meta":"","header-main-stick-meta":"","header-below-stick-meta":"","astra-migrate-meta-layouts":"set","ast-page-background-enabled":"default","ast-page-background-meta":{"desktop":{"background-color":"","background-image":"","background-repeat":"repeat","background-position":"center center","background-size":"auto","background-attachment":"scroll","background-type":"","background-media":"","overlay-type":"","overlay-color":"","overlay-opacity":"","overlay-gradient":""},"tablet":{"background-color":"","background-image":"","background-repeat":"repeat","background-position":"center center","background-size":"auto","background-attachment":"scroll","background-type":"","background-media":"","overlay-type":"","overlay-color":"","overlay-opacity":"","overlay-gradient":""},"mobile":{"background-color":"","background-image":"","background-repeat":"repeat","background-position":"center center","background-size":"auto","background-attachment":"scroll","background-type":"","background-media":"","overlay-type":"","overlay-color":"","overlay-opacity":"","overlay-gradient":""}},"ast-content-background-meta":{"desktop":{"background-color":"var(--ast-global-color-5)","background-image":"","background-repeat":"repeat","background-position":"center center","background-size":"auto","background-attachment":"scroll","background-type":"","background-media":"","overlay-type":"","overlay-color":"","overlay-opacity":"","overlay-gradient":""},"tablet":{"background-color":"var(--ast-global-color-5)","background-image":"","background-repeat":"repeat","background-position":"center center","background-size":"auto","background-attachment":"scroll","background-type":"","background-media":"","overlay-type":"","overlay-color":"","overlay-opacity":"","overlay-gradient":""},"mobile":{"background-color":"var(--ast-global-color-5)","background-image":"","background-repeat":"repeat","background-position":"center center","background-size":"auto","background-attachment":"scroll","background-type":"","background-media":"","overlay-type":"","overlay-color":"","overlay-opacity":"","overlay-gradient":""}},"_joinchat":{"telephone":"17776015835"}},"product_brand":[],"product_cat":[346,150,151,152,156,158,142,146,171,60],"product_tag":[350,348,349,163],"class_list":{"0":"post-4319","1":"product","2":"type-product","3":"status-publish","4":"has-post-thumbnail","6":"product_cat-100000-puff","7":"product_cat-buy-disposable-vapes-in-belgium","8":"product_cat-buy-disposable-vapes-in-france","9":"product_cat-buy-disposable-vapes-in-cermany","10":"product_cat-buy-disposable-vapes-in-poland","11":"product_cat-buy-disposable-vapes-in-spain","12":"product_cat-digital-box-disposable-vapes","13":"product_cat-rechargeable-disposable-vapes","14":"product_cat-vapsolo-disposable-vapes","15":"product_cat-waspe-fihp-vape","16":"product_tag-four-flavor-disposable-vape","17":"product_tag-waspe-100000-puffs","18":"product_tag-waspe-100k-4-in-1","19":"product_tag-waspe-vape","20":"desktop-align-left","21":"tablet-align-left","22":"mobile-align-left","24":"first","25":"instock","26":"sale","27":"shipping-taxable","28":"purchasable","29":"product-type-simple"},"acf":[],"uagb_featured_image_src":{"full":["https:\/\/vapestornado.com\/wp-content\/uploads\/2025\/08\/WASPE-100000-Puffs-4-Flavors-No-Nicotine-Vape.webp",800,800,false],"thumbnail":["https:\/\/vapestornado.com\/wp-content\/uploads\/2025\/08\/WASPE-100000-Puffs-4-Flavors-No-Nicotine-Vape-150x150.webp",150,150,true],"medium":["https:\/\/vapestornado.com\/wp-content\/uploads\/2025\/08\/WASPE-100000-Puffs-4-Flavors-No-Nicotine-Vape-300x300.webp",300,300,true],"medium_large":["https:\/\/vapestornado.com\/wp-content\/uploads\/2025\/08\/WASPE-100000-Puffs-4-Flavors-No-Nicotine-Vape-768x768.webp",768,768,true],"large":["https:\/\/vapestornado.com\/wp-content\/uploads\/2025\/08\/WASPE-100000-Puffs-4-Flavors-No-Nicotine-Vape.webp",800,800,false],"1536x1536":["https:\/\/vapestornado.com\/wp-content\/uploads\/2025\/08\/WASPE-100000-Puffs-4-Flavors-No-Nicotine-Vape.webp",800,800,false],"2048x2048":["https:\/\/vapestornado.com\/wp-content\/uploads\/2025\/08\/WASPE-100000-Puffs-4-Flavors-No-Nicotine-Vape.webp",800,800,false],"trp-custom-language-flag":["https:\/\/vapestornado.com\/wp-content\/uploads\/2025\/08\/WASPE-100000-Puffs-4-Flavors-No-Nicotine-Vape-12x12.webp",12,12,true],"woocommerce_thumbnail":["https:\/\/vapestornado.com\/wp-content\/uploads\/2025\/08\/WASPE-100000-Puffs-4-Flavors-No-Nicotine-Vape-300x300.webp",300,300,true],"woocommerce_single":["https:\/\/vapestornado.com\/wp-content\/uploads\/2025\/08\/WASPE-100000-Puffs-4-Flavors-No-Nicotine-Vape-600x600.webp",600,600,true],"woocommerce_gallery_thumbnail":["https:\/\/vapestornado.com\/wp-content\/uploads\/2025\/08\/WASPE-100000-Puffs-4-Flavors-No-Nicotine-Vape-100x100.webp",100,100,true]},"uagb_author_info":{"display_name":"ESAMY","author_link":"https:\/\/vapestornado.com\/lt\/author\/"},"uagb_comment_info":2,"uagb_excerpt":"WASPE 100K \u2013 100,000 Puffs, 4 Flavors, One Powerful Disposable Vape Pen. Switch Flavors, Stay Powered \u2013 WASPE 100000 Puffs with Type-C Recharge. The Disposable Vape Pen Built for Europe \u2013 WASPE 100K, Big Clouds, Bigger Value. Add Amy's whatsapp to get right reply and discount price! WhatsApp: +86 17776015835 &nbsp;","_links":{"self":[{"href":"https:\/\/vapestornado.com\/lt\/wp-json\/wp\/v2\/product\/4319","targetHints":{"allow":["GET"]}}],"collection":[{"href":"https:\/\/vapestornado.com\/lt\/wp-json\/wp\/v2\/product"}],"about":[{"href":"https:\/\/vapestornado.com\/lt\/wp-json\/wp\/v2\/types\/product"}],"replies":[{"embeddable":true,"href":"https:\/\/vapestornado.com\/lt\/wp-json\/wp\/v2\/comments?post=4319"}],"wp:featuredmedia":[{"embeddable":true,"href":"https:\/\/vapestornado.com\/lt\/wp-json\/wp\/v2\/media\/4318"}],"wp:attachment":[{"href":"https:\/\/vapestornado.com\/lt\/wp-json\/wp\/v2\/media?parent=4319"}],"wp:term":[{"taxonomy":"product_brand","embeddable":true,"href":"https:\/\/vapestornado.com\/lt\/wp-json\/wp\/v2\/product_brand?post=4319"},{"taxonomy":"product_cat","embeddable":true,"href":"https:\/\/vapestornado.com\/lt\/wp-json\/wp\/v2\/product_cat?post=4319"},{"taxonomy":"product_tag","embeddable":true,"href":"https:\/\/vapestornado.com\/lt\/wp-json\/wp\/v2\/product_tag?post=4319"}],"curies":[{"name":"wp","href":"https:\/\/api.w.org\/{rel}","templated":true}]}}