{"id":4312,"date":"2025-08-28T08:42:28","date_gmt":"2025-08-28T08:42:28","guid":{"rendered":"https:\/\/vapestornado.com\/?post_type=product&#038;p=4312"},"modified":"2025-08-28T09:33:49","modified_gmt":"2025-08-28T09:33:49","slug":"original-wga-ultra-35k-35000-puff-rechargeable-crystal-disposable-nicotine-vape-best-discount-price","status":"publish","type":"product","link":"https:\/\/vapestornado.com\/lt\/product\/original-wga-ultra-35k-35000-puff-rechargeable-crystal-disposable-nicotine-vape-best-discount-price\/","title":{"rendered":"Originalus WGA ULTRA 35k 35000 \u012ftraukim\u0173 \u012fkraunamas kristalinis vienkartinis nikotino garintuvas geriausia nuolaidos kaina"},"content":{"rendered":"<h1 data-pm-slice=\"1 1 []\">Originalus WGA ULTRA 35k 35000 \u012ftraukim\u0173 \u012fkraunamas kristalinis vienkartinis nikotino garintuvas geriausia nuolaidos kaina<\/h1>\n<p data-start=\"361\" data-end=\"697\">\u0160is <strong data-start=\"425\" data-end=\"466\">WGA Ultra 35k Vienkartinis Garintuvas<\/strong> nustato nauj\u0105 ilgalaikio veikimo ir \u0161velnaus skonio standart\u0105 garinimo pramonei. \u0160is galingas \u012frenginys suteikia iki <strong data-start=\"519\" data-end=\"535\">35 000 \u012ftraukim\u0173<\/strong>, tod\u0117l tai yra vienas patvariausi\u0173 vienkartini\u0173 garintuv\u0173 savo kategorijoje. Puikiai suprojektuotas 108*48*23.6mm dyd\u017eio, jis sujungia stili\u0173 ir prakti\u0161kum\u0105 kasdieniam naudojimui.<\/p>\n<h3 data-start=\"699\" data-end=\"741\">35 000 \u012etraukim\u0173 su 35 ml E-skys\u010dio<\/h3>\n<p data-start=\"742\" data-end=\"1051\">Skirtingai nuo ma\u017eesni\u0173 vienkartini\u0173, WGA 35k Vienkartinis Garintuvas turi didel\u012f <strong data-start=\"817\" data-end=\"847\">35 ml i\u0161 anksto u\u017epildyto e-skys\u010dio<\/strong>, u\u017etikrinant, kad kiekviena sesija b\u016bt\u0173 pilna skonio. Nesvarbu, ar pageidaujate stipraus nikotino sm\u016bgio, ar \u0161velnesnio \u012ftraukimo, jis yra prieinamas <strong data-start=\"969\" data-end=\"998\">2% ir 5% nikotino variantuose<\/strong>, leid\u017eiant jums pasirinkti tai, kas tinka j\u016bs\u0173 gyvenimo b\u016bdui.<\/p>\n<h3 data-start=\"1053\" data-end=\"1089\">\u012ekraunama Galia su Type-C<\/h3>\n<p data-start=\"1090\" data-end=\"1396\">\u0160io kompakti\u0161ko dizaino viduje yra <strong data-start=\"1122\" data-end=\"1153\">550 mAh \u012fkraunamas akumuliatorius<\/strong> palaikomas <strong data-start=\"1167\" data-end=\"1186\">Type-C \u012fkrovimu<\/strong>, u\u017etikrinantis greitus \u012fkrovimus su minimaliomis prastovomis. Skirtingai nuo \u012fprast\u0173 vienkartini\u0173, kurie baigiasi, kai i\u0161sikrauna baterija, \u0161is \u012frenginys suteikia jums geriausius i\u0161 abiej\u0173 pasauli\u0173: vienkartin\u012f patogum\u0105 su \u012fkraunamu efektyvumu.<\/p>\n<h3 data-start=\"1398\" data-end=\"1425\">I\u0161manusis skaitmeninis ekranas<\/h3>\n<p data-start=\"1426\" data-end=\"1715\">Daugiau joki\u0173 sp\u0117liojim\u0173. The <strong data-start=\"1448\" data-end=\"1467\">skaitmeninis ekranas<\/strong> ai\u0161kiai parodo j\u016bs\u0173 <strong data-start=\"1487\" data-end=\"1529\">baterijos procent\u0105 ir e-skys\u010dio lygius<\/strong>, tod\u0117l j\u016bs kontroliuojate kiekvien\u0105 \u017eingsn\u012f. D\u0117l to WGA Ultra 35k ypa\u010d patrauklus vyrams, kurie nori patikimo, tiesaus \u012frenginio be neapibr\u0117\u017etumo.<\/p>\n<h3 data-start=\"1717\" data-end=\"1756\">Dviguba tinklelio rit\u0117 maksimaliam skoniui<\/h3>\n<p data-start=\"1757\" data-end=\"1990\">Integruotas <strong data-start=\"1770\" data-end=\"1788\">Dvigubos tinklelio kaitinimo spiral\u0117s<\/strong> pagerina kiekvien\u0105 \u012fkv\u0117pim\u0105, sukuriant tir\u0161tus gar\u0173 debesis ir stipr\u0173, pastov\u0173 skon\u012f. Nesvarbu, ar m\u0117gaujat\u0117s vaisi\u0173 mi\u0161iniais, ar ledo klasika, rit\u0117 u\u017etikrina skland\u0173 veikim\u0105 be a\u0161tri\u0173 ar pridegusi\u0173 sm\u016bgi\u0173.<\/p>\n<h3 data-start=\"1992\" data-end=\"2019\">30 skoni\u0173 tyrin\u0117ti<\/h3>\n<p data-start=\"2020\" data-end=\"2342\">Su <strong data-start=\"2025\" data-end=\"2048\">30 \u012fdomi\u0173 skoni\u0173<\/strong>, WGA Crystal Ultra 35k turi k\u0105 pasi\u016blyti kiekvienam skoniui. Populiariausi pasirinkimai yra <strong data-start=\"2130\" data-end=\"2206\">M\u0117lyni\u0173 avie\u010di\u0173, Cola Ice, Red Bull, Mojito, Cactus Ice, Peach Kiss,<\/strong> ir <strong data-start=\"2211\" data-end=\"2231\">Drakono vaisi\u0173 ledas<\/strong>. Nuo gaivinan\u010dios m\u0117tos iki ry\u0161ki\u0173 sodos mi\u0161ini\u0173, \u0161is vape yra sukurtas patenkinti plat\u0173 Europos skon\u012f.<\/p>\n<p><strong><span style=\"color: #ff0000;\">Prid\u0117kite Amy whatsapp, gaukite tiesiogin\u012f atsakym\u0105 ir kupon\u0105 veipui!<\/span><\/strong><\/p>\n<p><img fetchpriority=\"high\" decoding=\"async\" class=\"size-full wp-image-2932\" src=\"https:\/\/vapestornado.com\/wp-content\/uploads\/2024\/12\/Vape-Wholesale.jpg\" alt=\"Garintuvai Didmenin\u0117 prekyba\" width=\"229\" height=\"300\" \/><\/p>\n<h3><a href=\"https:\/\/wa.me\/8617776015835\" target=\"_blank\" rel=\"noopener\"><span style=\"color: #ff0000;\"><strong>WhatsApp: +86 17776015835<\/strong><\/span><\/a><\/h3>\n<p>&nbsp;<\/p>\n<h2><strong>WGA ULTRA 35k produkto savyb\u0117s<\/strong><\/h2>\n<p>&nbsp;<\/p>\n<p>P\u016btimai: 35000 p\u016btim\u0173<br \/>\nE-skystis: 35 ml<br \/>\nNikotino stiprumas: 2%\/5%<br \/>\nBaterija: 550 mAh su C tipo \u012fkrovimu<br \/>\nSkaitmeninis ekranas alyvai ir e-sultims<br \/>\nDviguba tinklelio rit\u0117<br \/>\nProdukto dydis: 108*48*23.6mm<\/p>\n<figure id=\"attachment_4307\" aria-describedby=\"caption-attachment-4307\" style=\"width: 300px\" class=\"wp-caption alignnone\"><img decoding=\"async\" class=\"size-medium wp-image-4307\" src=\"https:\/\/vapestornado.com\/wp-content\/uploads\/2025\/08\/WGA-35K-Ultra-35000-Puffs-Rechargeable-Disposable-Vape-300x300.webp\" alt=\"WGA Ultra 35K 35000 p\u016btim\u0173 \u012fkraunamas vienkartinis vape\" width=\"300\" height=\"300\" srcset=\"https:\/\/vapestornado.com\/wp-content\/uploads\/2025\/08\/WGA-35K-Ultra-35000-Puffs-Rechargeable-Disposable-Vape-300x300.webp 300w, https:\/\/vapestornado.com\/wp-content\/uploads\/2025\/08\/WGA-35K-Ultra-35000-Puffs-Rechargeable-Disposable-Vape-150x150.webp 150w, https:\/\/vapestornado.com\/wp-content\/uploads\/2025\/08\/WGA-35K-Ultra-35000-Puffs-Rechargeable-Disposable-Vape-768x768.webp 768w, https:\/\/vapestornado.com\/wp-content\/uploads\/2025\/08\/WGA-35K-Ultra-35000-Puffs-Rechargeable-Disposable-Vape-12x12.webp 12w, https:\/\/vapestornado.com\/wp-content\/uploads\/2025\/08\/WGA-35K-Ultra-35000-Puffs-Rechargeable-Disposable-Vape-600x600.webp 600w, https:\/\/vapestornado.com\/wp-content\/uploads\/2025\/08\/WGA-35K-Ultra-35000-Puffs-Rechargeable-Disposable-Vape-100x100.webp 100w, https:\/\/vapestornado.com\/wp-content\/uploads\/2025\/08\/WGA-35K-Ultra-35000-Puffs-Rechargeable-Disposable-Vape.webp 800w\" sizes=\"(max-width: 300px) 100vw, 300px\" \/><figcaption id=\"caption-attachment-4307\" class=\"wp-caption-text\">WGA Ultra 35K 35000 p\u016btim\u0173 \u012fkraunamas vienkartinis vape<\/figcaption><\/figure>\n<h2 class=\"product-title\"><strong>WGA Crystal ULTRA 35k skoni\u0173 s\u0105ra\u0161as<\/strong><\/h2>\n<p>1. M\u0117lyni\u0173 avie\u010di\u0173<br \/>\n2. Kola su ledu<br \/>\n3. Dvigubas obuolys<br \/>\n4. Fanta<br \/>\n5. Red Bull<br \/>\n6. Bra\u0161ki\u0173 ledas<br \/>\n7. Vynuogi\u0173 ledas<br \/>\n8. Citrina ir \u017eali\u0173j\u0173 citrin\u0173 mi\u0161inys<br \/>\n9. Arb\u016bz\u0173 ledas<br \/>\n10. \u0160vie\u017eia m\u0117ta<br \/>\n11. Bra\u0161ki\u0173 ir kivi\u0173<br \/>\n12. Kivi\u0173, pasiflor\u0173 ir gvajav\u0173<br \/>\n13. Ponas M\u0117lynasis<br \/>\n14. Ro\u017ein\u0117 limonadas<br \/>\n15. WGA arbata (\u0161alta juodoji arbata)<br \/>\n16. Persik\u0173 bu\u010dinys<br \/>\n17. Li\u010di\u0173 ir m\u0117t\u0173<br \/>\n18. Juod\u0173j\u0173 serbent\u0173 soda<br \/>\n19. R\u016bg\u0161\u010di\u0173 obuoli\u0173 ir citrin\u0173<br \/>\n20. Mi\u0161rios uogos<br \/>\n21. Kaktus\u0173 ir kivi\u0173<br \/>\n22. Kaktus\u0173 ledas<br \/>\n23. Drakono vaisi\u0173 ledas<br \/>\n24. Vy\u0161ni\u0173 kola<br \/>\n25. Bra\u0161ki\u0173 \u201eRedbull\u201c<br \/>\n26. Bra\u0161ki\u0173 ir arb\u016bz\u0173<br \/>\n27. \u201eJager Red Energy\u201c<br \/>\n28. Mojito<br \/>\n29. \u017dalias obuolys<br \/>\n30. \u201eMad Blue Ice\u201c<\/p>\n<p>&nbsp;<\/p>\n<article class=\"w-full text-token-text-primary focus-visible:outline-2 focus-visible:outline-offset-[-4px]\" dir=\"auto\" data-testid=\"conversation-turn-32\" data-scroll-anchor=\"false\">\n<div class=\"m-auto text-base py-[18px] px-6\">\n<div class=\"mx-auto flex flex-1 text-base gap-4 md:gap-5 lg:gap-6 md:max-w-3xl lg:max-w-[40rem] xl:max-w-[48rem]\">\n<div class=\"group\/conversation-turn relative flex w-full min-w-0 flex-col @xs\/thread:px-0 @sm\/thread:px-1.5 @md\/thread:px-4\">\n<div class=\"flex-col gap-1 md:gap-3\">\n<div class=\"flex max-w-full flex-col flex-grow\">\n<div class=\"min-h-8 text-message flex w-full flex-col items-end gap-2 whitespace-normal break-words text-start [.text-message+&amp;]:mt-5\" dir=\"auto\" data-message-author-role=\"user\" data-message-id=\"ffac41ca-1db4-431b-873a-32c4052956f1\">\n<div class=\"flex w-full flex-col gap-1 empty:hidden items-end rtl:items-start\">\n<div class=\"relative max-w-[var(--user-chat-width,70%)] rounded-3xl bg-token-message-surface px-5 py-2.5\">\n<div class=\"absolute bottom-0 right-full top-0 -mr-3.5 hidden pr-5 pt-2 [.group\/conversation-turn:hover_&amp;]:flex\">\n<div class=\"flex\">\n<article class=\"w-full text-token-text-primary focus-visible:outline-2 focus-visible:outline-offset-[-4px]\" dir=\"auto\" data-testid=\"conversation-turn-39\" data-scroll-anchor=\"true\">\n<div class=\"m-auto text-base py-[18px] px-6\">\n<div class=\"mx-auto flex flex-1 text-base gap-4 md:gap-5 lg:gap-6 md:max-w-3xl lg:max-w-[40rem] xl:max-w-[48rem]\">\n<div class=\"group\/conversation-turn relative flex w-full min-w-0 flex-col agent-turn @xs\/thread:px-0 @sm\/thread:px-1.5 @md\/thread:px-4\">\n<div class=\"flex-col gap-1 md:gap-3\">\n<div class=\"flex max-w-full flex-col flex-grow\">\n<div class=\"min-h-8 text-message flex w-full flex-col items-end gap-2 whitespace-normal break-words text-start [.text-message+&amp;]:mt-5\" dir=\"auto\" data-message-author-role=\"assistant\" data-message-id=\"55a23854-ec57-48dd-bd4f-6118f43d6241\" data-message-model-slug=\"gpt-4o\">\n<div class=\"flex w-full flex-col gap-1 empty:hidden first:pt-[3px]\">\n<div class=\"markdown prose w-full break-words dark:prose-invert light\"><\/div>\n<\/div>\n<\/div>\n<\/div>\n<\/div>\n<\/div>\n<\/div>\n<\/div>\n<\/article>\n<\/div>\n<\/div>\n<\/div>\n<\/div>\n<\/div>\n<\/div>\n<\/div>\n<\/div>\n<\/div>\n<\/div>\n<\/article>\n<h2>Kod\u0117l verta rinktis \u201eWGA ULTRA 35k Vape\u201c?<\/h2>\n<div class=\"flex-shrink-0 flex flex-col relative items-end\">\n<div class=\"pt-0\">\n<div class=\"gizmo-bot-avatar flex h-8 w-8 items-center justify-center overflow-hidden rounded-full\">\n<div class=\"relative p-1 rounded-sm flex items-center justify-center bg-token-main-surface-primary text-token-text-primary h-8 w-8\">\n<p data-start=\"313\" data-end=\"860\">\u0160is <strong data-start=\"317\" data-end=\"358\">WGA Crystal Ultra 35k Vienkartinis Garintuvas<\/strong> yra sukurtas garintojams, kurie nori <strong data-start=\"388\" data-end=\"417\">galios, skonio ir kontrol\u0117s<\/strong> viename eleganti\u0161kame \u012frenginyje. Su iki <strong data-start=\"450\" data-end=\"466\">35 000 \u012ftraukim\u0173<\/strong>, a <strong data-start=\"470\" data-end=\"493\">35 ml i\u0161 anksto u\u017epildyta talpa<\/strong>, ir a <strong data-start=\"501\" data-end=\"519\">Dvigubos tinklelio kaitinimo spiral\u0117s<\/strong>, jis suteikia ry\u0161k\u0173 skon\u012f kiekvienu \u012fkv\u0117pimu. Ekrane <strong data-start=\"566\" data-end=\"591\">i\u0161manusis skaitmeninis ekranas<\/strong> nuolat rodoma informacija apie e-skys\u010dio ir baterijos lyg\u012f, o <strong data-start=\"652\" data-end=\"689\">USB-C \u012fkraunama 550mAh baterija<\/strong> u\u017etikrina, kad niekada nepraleisite n\u0117 vieno takto. Galima \u012fsigyti \u012fvairi\u0173 skoni\u0173 <strong data-start=\"734\" data-end=\"757\">30 \u012fdomi\u0173 skoni\u0173<\/strong> ir <strong data-start=\"762\" data-end=\"792\">2% arba 5% nikotino stiprumo<\/strong>, tai yra geriausias didmeninis pasirinkimas Lietuvos geriausiai garinimo rinkai.<\/p>\n<p data-start=\"313\" data-end=\"860\">Palyginti su <a href=\"https:\/\/vapestornado.com\/lt\/product\/wga-crystal-plus-20000-puff-vape-2-in-1-rechargeable-disposable-vape-wholesale-bulk-buy\/\">WGA 20 t\u016bkst.<\/a>, WGA 30K yra patobulintas, kad suteikt\u0173 dar geresn\u0119 garinimo patirt\u012f.<\/p>\n<\/div>\n<h3><\/h3>\n<div class=\"relative p-1 rounded-sm flex items-center justify-center bg-token-main-surface-primary text-token-text-primary h-8 w-8\">\n<h2>DUK apie WGA Crystal ULTRA 35000 Vienkartin\u0119 Elektronin\u0119 Cigarete<\/h2>\n<\/div>\n<\/div>\n<\/div>\n<\/div>\n<div class=\"flex-shrink-0 flex flex-col relative items-end\">\n<div class=\"pt-0\">\n<div class=\"gizmo-bot-avatar flex h-8 w-8 items-center justify-center overflow-hidden rounded-full\">\n<div class=\"relative p-1 rounded-sm flex items-center justify-center bg-token-main-surface-primary text-token-text-primary h-8 w-8\">\n<div class=\"mb-2 flex gap-3 empty:hidden -ml-2\">\n<p data-start=\"2405\" data-end=\"2541\"><strong data-start=\"2405\" data-end=\"2466\">1. Kiek \u012fkv\u0117pim\u0173 galima atlikti su WGA Crystal Ultra 35k?<\/strong><br data-start=\"2466\" data-end=\"2469\" \/>Jis si\u016blo iki <strong data-start=\"2485\" data-end=\"2501\">35 000 \u012ftraukim\u0173<\/strong>35000 \u012fkv\u0117pim\u0173, priklausomai nuo asmenini\u0173 garinimo \u012fpro\u010di\u0173.<\/p>\n<p data-start=\"2543\" data-end=\"2713\"><strong data-start=\"2543\" data-end=\"2594\">2. Ar WGA 35k Vienkartinis Garintuvas yra \u012fkraunamas?<\/strong><br data-start=\"2594\" data-end=\"2597\" \/>Taip, jis tiekiamas su <strong data-start=\"2618\" data-end=\"2656\">550mAh Type-C \u012fkraunama baterija<\/strong>, leid\u017eianti \u012fkrauti naudojant t\u0105 pat\u012f \u012frengin\u012f.<\/p>\n<p data-start=\"2715\" data-end=\"2825\"><strong data-start=\"2715\" data-end=\"2759\">3. Kokio stiprumo nikotino yra?<\/strong><br data-start=\"2759\" data-end=\"2762\" \/>\u012erenginys yra tiek <strong data-start=\"2794\" data-end=\"2822\">2% ir 5% nikotino lygiai<\/strong>.<\/p>\n<p data-start=\"2827\" data-end=\"3023\"><strong data-start=\"2827\" data-end=\"2896\">4. Kuo \u201eWGA Ultra 35k\u201c skiriasi nuo kit\u0173 vienkartini\u0173 prietais\u0173?<\/strong><br data-start=\"2896\" data-end=\"2899\" \/>Jo <strong data-start=\"2903\" data-end=\"2966\">dviguba tinklelio rit\u0117, skaitmeninis ekranas ir 35 ml e. skys\u010dio talpa<\/strong> i\u0161skiria j\u012f, suteikdami jums ir na\u0161um\u0105, ir kontrol\u0119.<\/p>\n<p data-start=\"3025\" data-end=\"3207\"><strong data-start=\"3025\" data-end=\"3088\">5. Kiek skoni\u0173 si\u016blo \u201eWGA 35k\u201c vienkartinis garintuvas?<\/strong><br data-start=\"3088\" data-end=\"3091\" \/>Jis yra <strong data-start=\"3103\" data-end=\"3117\">30 skoni\u0173<\/strong>, nuo vaisi\u0173 mi\u0161ini\u0173, toki\u0173 kaip bra\u0161ki\u0173 ir kivio, iki ry\u0161ki\u0173 variant\u0173, toki\u0173 kaip \u201eJager Red Energy\u201c.<\/p>\n<\/div>\n<\/div>\n<\/div>\n<\/div>\n<\/div>","protected":false},"excerpt":{"rendered":"<p data-start=\"274\" data-end=\"349\"><strong data-start=\"274\" data-end=\"347\">WGA Crystal Ultra 35k Vienkartinis Garintuvas 35000 \u012etraukim\u0173 Didmenin\u0117 prekyba Europoje<\/strong><\/p>\n<p data-start=\"274\" data-end=\"349\"><strong data-start=\"353\" data-end=\"424\">WGA 35k Vienkartinis Garintuvas su Skaitmeniniu Ekranu<\/strong><\/p>\n<p data-start=\"430\" data-end=\"494\"><strong data-start=\"430\" data-end=\"492\">Pirkite WGA Ultra 35000 \u012etraukim\u0173 Garintuv\u0105 Internetu \u2013 Geriausia Nuolaidos Kaina<\/strong><\/p>\n<p><strong>Prid\u0117kite Amy's whatsapp, kad gautum\u0117te tinkam\u0105 atsakym\u0105 ir nuolaidos kain\u0105!<\/strong><\/p>\n<p><img fetchpriority=\"high\" decoding=\"async\" class=\"size-full wp-image-2932\" src=\"https:\/\/vapestornado.com\/wp-content\/uploads\/2024\/12\/Vape-Wholesale.jpg\" alt=\"Garintuvai Didmenin\u0117 prekyba\" width=\"229\" height=\"300\" \/><\/p>\n<h3><a href=\"https:\/\/wa.me\/8617776015835\"><span style=\"color: #ff0000;\"><strong>WhatsApp: +86 17776015835<\/strong><\/span><\/a><\/h3>\n<p>&nbsp;<\/p>","protected":false},"featured_media":4311,"comment_status":"open","ping_status":"closed","template":"","meta":{"_acf_changed":false,"_uag_custom_page_level_css":"","_lmt_disableupdate":"no","_lmt_disable":"","_monsterinsights_skip_tracking":false,"_monsterinsights_sitenote_active":false,"_monsterinsights_sitenote_note":"","_monsterinsights_sitenote_category":0,"site-sidebar-layout":"default","site-content-layout":"","ast-site-content-layout":"default","site-content-style":"default","site-sidebar-style":"default","ast-global-header-display":"","ast-banner-title-visibility":"","ast-main-header-display":"","ast-hfb-above-header-display":"","ast-hfb-below-header-display":"","ast-hfb-mobile-header-display":"","site-post-title":"","ast-breadcrumbs-content":"","ast-featured-img":"","footer-sml-layout":"","ast-disable-related-posts":"","theme-transparent-header-meta":"default","adv-header-id-meta":"","stick-header-meta":"","header-above-stick-meta":"","header-main-stick-meta":"","header-below-stick-meta":"","astra-migrate-meta-layouts":"set","ast-page-background-enabled":"default","ast-page-background-meta":{"desktop":{"background-color":"","background-image":"","background-repeat":"repeat","background-position":"center center","background-size":"auto","background-attachment":"scroll","background-type":"","background-media":"","overlay-type":"","overlay-color":"","overlay-opacity":"","overlay-gradient":""},"tablet":{"background-color":"","background-image":"","background-repeat":"repeat","background-position":"center center","background-size":"auto","background-attachment":"scroll","background-type":"","background-media":"","overlay-type":"","overlay-color":"","overlay-opacity":"","overlay-gradient":""},"mobile":{"background-color":"","background-image":"","background-repeat":"repeat","background-position":"center center","background-size":"auto","background-attachment":"scroll","background-type":"","background-media":"","overlay-type":"","overlay-color":"","overlay-opacity":"","overlay-gradient":""}},"ast-content-background-meta":{"desktop":{"background-color":"var(--ast-global-color-5)","background-image":"","background-repeat":"repeat","background-position":"center center","background-size":"auto","background-attachment":"scroll","background-type":"","background-media":"","overlay-type":"","overlay-color":"","overlay-opacity":"","overlay-gradient":""},"tablet":{"background-color":"var(--ast-global-color-5)","background-image":"","background-repeat":"repeat","background-position":"center center","background-size":"auto","background-attachment":"scroll","background-type":"","background-media":"","overlay-type":"","overlay-color":"","overlay-opacity":"","overlay-gradient":""},"mobile":{"background-color":"var(--ast-global-color-5)","background-image":"","background-repeat":"repeat","background-position":"center center","background-size":"auto","background-attachment":"scroll","background-type":"","background-media":"","overlay-type":"","overlay-color":"","overlay-opacity":"","overlay-gradient":""}},"_joinchat":{"telephone":"17776015835"}},"product_brand":[],"product_cat":[19,175,149,158,143,146,171],"product_tag":[342,340,339,341],"class_list":{"0":"post-4312","1":"product","2":"type-product","3":"status-publish","4":"has-post-thumbnail","6":"product_cat-vapes","7":"product_cat-35000-puff","8":"product_cat-buy-disposable-vapes-in-austria","9":"product_cat-buy-disposable-vapes-in-spain","10":"product_cat-dual-mesh-disposable-vapes","11":"product_cat-rechargeable-disposable-vapes","12":"product_cat-vapsolo-disposable-vapes","13":"product_tag-wga-35000-puff","14":"product_tag-wga-35k","15":"product_tag-wga-crystal-ultra-35k","16":"product_tag-wga-crystal-vape","17":"desktop-align-left","18":"tablet-align-left","19":"mobile-align-left","21":"first","22":"instock","23":"sale","24":"shipping-taxable","25":"purchasable","26":"product-type-simple"},"acf":[],"uagb_featured_image_src":{"full":["https:\/\/vapestornado.com\/wp-content\/uploads\/2025\/08\/Wholesale-WGA-Ultra-35000-Puffs-Disposable-Vape.webp",800,800,false],"thumbnail":["https:\/\/vapestornado.com\/wp-content\/uploads\/2025\/08\/Wholesale-WGA-Ultra-35000-Puffs-Disposable-Vape-150x150.webp",150,150,true],"medium":["https:\/\/vapestornado.com\/wp-content\/uploads\/2025\/08\/Wholesale-WGA-Ultra-35000-Puffs-Disposable-Vape-300x300.webp",300,300,true],"medium_large":["https:\/\/vapestornado.com\/wp-content\/uploads\/2025\/08\/Wholesale-WGA-Ultra-35000-Puffs-Disposable-Vape-768x768.webp",768,768,true],"large":["https:\/\/vapestornado.com\/wp-content\/uploads\/2025\/08\/Wholesale-WGA-Ultra-35000-Puffs-Disposable-Vape.webp",800,800,false],"1536x1536":["https:\/\/vapestornado.com\/wp-content\/uploads\/2025\/08\/Wholesale-WGA-Ultra-35000-Puffs-Disposable-Vape.webp",800,800,false],"2048x2048":["https:\/\/vapestornado.com\/wp-content\/uploads\/2025\/08\/Wholesale-WGA-Ultra-35000-Puffs-Disposable-Vape.webp",800,800,false],"trp-custom-language-flag":["https:\/\/vapestornado.com\/wp-content\/uploads\/2025\/08\/Wholesale-WGA-Ultra-35000-Puffs-Disposable-Vape-12x12.webp",12,12,true],"woocommerce_thumbnail":["https:\/\/vapestornado.com\/wp-content\/uploads\/2025\/08\/Wholesale-WGA-Ultra-35000-Puffs-Disposable-Vape-300x300.webp",300,300,true],"woocommerce_single":["https:\/\/vapestornado.com\/wp-content\/uploads\/2025\/08\/Wholesale-WGA-Ultra-35000-Puffs-Disposable-Vape-600x600.webp",600,600,true],"woocommerce_gallery_thumbnail":["https:\/\/vapestornado.com\/wp-content\/uploads\/2025\/08\/Wholesale-WGA-Ultra-35000-Puffs-Disposable-Vape-100x100.webp",100,100,true]},"uagb_author_info":{"display_name":"ESAMY","author_link":"https:\/\/vapestornado.com\/lt\/author\/"},"uagb_comment_info":1,"uagb_excerpt":"WGA Crystal Ultra 35k Disposable Vape 35000 Puffs Wholesale in Europe WGA 35k Disposable Vape with Digital Display &amp; Rechargeable Battery Buy WGA Ultra 35000 Puff Vape Online \u2013 Best Discount Price Add Amy's whatsapp to get right reply and discount price! WhatsApp: +86 17776015835 &nbsp;","_links":{"self":[{"href":"https:\/\/vapestornado.com\/lt\/wp-json\/wp\/v2\/product\/4312","targetHints":{"allow":["GET"]}}],"collection":[{"href":"https:\/\/vapestornado.com\/lt\/wp-json\/wp\/v2\/product"}],"about":[{"href":"https:\/\/vapestornado.com\/lt\/wp-json\/wp\/v2\/types\/product"}],"replies":[{"embeddable":true,"href":"https:\/\/vapestornado.com\/lt\/wp-json\/wp\/v2\/comments?post=4312"}],"wp:featuredmedia":[{"embeddable":true,"href":"https:\/\/vapestornado.com\/lt\/wp-json\/wp\/v2\/media\/4311"}],"wp:attachment":[{"href":"https:\/\/vapestornado.com\/lt\/wp-json\/wp\/v2\/media?parent=4312"}],"wp:term":[{"taxonomy":"product_brand","embeddable":true,"href":"https:\/\/vapestornado.com\/lt\/wp-json\/wp\/v2\/product_brand?post=4312"},{"taxonomy":"product_cat","embeddable":true,"href":"https:\/\/vapestornado.com\/lt\/wp-json\/wp\/v2\/product_cat?post=4312"},{"taxonomy":"product_tag","embeddable":true,"href":"https:\/\/vapestornado.com\/lt\/wp-json\/wp\/v2\/product_tag?post=4312"}],"curies":[{"name":"wp","href":"https:\/\/api.w.org\/{rel}","templated":true}]}}