{"id":4132,"date":"2025-04-14T09:56:44","date_gmt":"2025-04-14T09:56:44","guid":{"rendered":"https:\/\/vapestornado.com\/?post_type=product&#038;p=4132"},"modified":"2025-12-05T07:13:53","modified_gmt":"2025-12-05T07:13:53","slug":"bang-box-kingdoms-rex-40000-puffs-digital-double-flavor-disposable-vape","status":"publish","type":"product","link":"https:\/\/vapestornado.com\/lt\/product\/bang-box-kingdoms-rex-40000-puffs-digital-double-flavor-disposable-vape\/","title":{"rendered":"Bang Kingdoms Rex 40000 R\u016b\u0161i\u0173 Skaitmeninis Dvigubo Skonio Vienkartinis Vape D\u0117\u017eut\u0117"},"content":{"rendered":"<h1 data-pm-slice=\"1 1 []\">Bang Box Kingdoms Rex 40000 \u012ftraukim\u0173 skaitmeninis vienkartinis garintuvas su dvigubu skoniu<\/h1>\n<p data-start=\"1129\" data-end=\"1370\">Bang Kingdoms Rex 40000 pairs a true double-flavor 60ml setup (30ml+30ml) with a smart screen, mesh coil, and Type-C rechargeable power to deliver up to 40 000 \u012fkv\u0117pim\u0173 viename \u012frenginyje, paruo\u0161tame naudoti i\u0161jungus.<\/p>\n<p data-start=\"570\" data-end=\"887\"><strong data-start=\"570\" data-end=\"614\">40 000 \u012fkv\u0117pim\u0173, paremti tikra talpa.<\/strong><br data-start=\"614\" data-end=\"617\" \/>\u0160is <strong data-start=\"621\" data-end=\"669\">Bang Kingdoms Rex 40000 vienkartinis vape su 40000 \u012fkv\u0117pim\u0173<\/strong> yra sukurtas aplink <strong data-start=\"686\" data-end=\"709\">60ml bendras e-skys\u010dio kiekis<\/strong>, padalintas \u012f du nepriklausomus 30ml bakelius. \u0160is t\u016bris leid\u017eia \u012frenginiui ilgai veikti kasdien\u0117je naudotoje, padedant vartotojams i\u0161vengti da\u017en\u0173 keitim\u0173, b\u016bding\u0173 ma\u017eesniems vienkartiniams \u012frenginiams.<\/p>\n<p data-start=\"889\" data-end=\"1165\"><strong data-start=\"889\" data-end=\"933\">Dvigubo skonio sistema su \u0161variu perjungimu.<\/strong><br data-start=\"933\" data-end=\"936\" \/>Tai <strong data-start=\"941\" data-end=\"971\">40000 \u012fkv\u0117pim\u0173 vienkartinis vape<\/strong> naudoja <strong data-start=\"979\" data-end=\"1010\">2-in-1 dvigubo skonio formatas<\/strong>: du skoniai laikomi atskirai, galima perjungti bet kada, kai kei\u010diasi pageidavimai. Atskyrimas i\u0161laiko kiekvien\u0105 profil\u012f atskir\u0105, o ne sumai\u0161o laikui b\u0117gant.<\/p>\n<p data-start=\"1167\" data-end=\"1479\"><strong data-start=\"1167\" data-end=\"1211\">Tinklinio rit\u0117s veikimas u\u017etikrina pastov\u0173 skon\u012f.<\/strong><br data-start=\"1211\" data-end=\"1214\" \/>Pa\u017eangus <strong data-start=\"1223\" data-end=\"1236\">tinklelio rit\u0117<\/strong> \u0161ildymas tolygiai paskirsto temperat\u016br\u0105 per rit\u0117s pavir\u0161i\u0173. Praktikoje tai palaiko skland\u0173 oro sraut\u0105 ir stabil\u0173 skonio tiekim\u0105 ilgose sesijose, ypa\u010d svarbu didel\u0117s talpos \u012frenginiuose, kur v\u0117lyvos skonio suma\u017e\u0117jimo faz\u0117s da\u017enai b\u016bna.<\/p>\n<p data-start=\"1481\" data-end=\"1702\"><strong data-start=\"1481\" data-end=\"1522\">I\u0161manus ekranas realaus laiko steb\u0117jimui.<\/strong><br data-start=\"1522\" data-end=\"1525\" \/>Integruotas skaitmeninis ekranas rodo <strong data-start=\"1557\" data-end=\"1594\">baterijos lyg\u012f ir e-skys\u010dio b\u016bkl\u0119<\/strong> ai\u0161kiai. Vartotojai gali \u012fkrauti prie\u0161 i\u0161sikraunant ir i\u0161vengti netik\u0117t\u0173 saus\u0173 \u012fkv\u0117pim\u0173, kai bakelis art\u0117ja prie tu\u0161\u010dio.<\/p>\n<p data-start=\"1704\" data-end=\"1956\"><strong data-start=\"1704\" data-end=\"1747\">\u012ekraunama Type-C galia pilnam naudojimui.<\/strong><br data-start=\"1747\" data-end=\"1750\" \/>\u0160is <strong data-start=\"1754\" data-end=\"1792\">650 mAh Type-C \u012fkraunama baterija<\/strong> skirta ilgalaikiam vapingui. \u012ekrovimas leid\u017eia naudoti Rex 40000 tol, kol abu bakeliai bus i\u0161naudoti, o ne anksti i\u0161mesti d\u0117l baterijos i\u0161sekimo.<\/p>\n<p data-start=\"666\" data-end=\"1235\"><strong style=\"font-size: 16px;\"><span style=\"color: #ff0000;\">Prid\u0117kite Amy WhatsApp, kad gautum\u0117te tinkam\u0105 atsakym\u0105 ir nuolaid\u0105!<\/span><\/strong><\/p>\n<p><img fetchpriority=\"high\" decoding=\"async\" class=\"size-full wp-image-2932\" src=\"https:\/\/vapestornado.com\/wp-content\/uploads\/2024\/12\/Vape-Wholesale.jpg\" alt=\"Garintuvai Didmenin\u0117 prekyba\" width=\"229\" height=\"300\" \/><\/p>\n<h3><a href=\"https:\/\/wa.me\/8617776015835\" target=\"_blank\" rel=\"noopener\"><span style=\"color: #ff0000;\"><strong>WhatsApp: +86 17776015835<\/strong><\/span><\/a><\/h3>\n<h2><\/h2>\n<h2 data-start=\"1258\" data-end=\"1303\">Bang Kingdoms Rex 40000 pagrindin\u0117s savyb\u0117s<\/h2>\n<table>\n<thead>\n<tr>\n<th>Funkcija \/ Parametras<\/th>\n<th align=\"right\">Specifikacija<\/th>\n<th>Paai\u0161kinimas<\/th>\n<\/tr>\n<\/thead>\n<tbody>\n<tr>\n<td>Produkto pavadinimas<\/td>\n<td align=\"right\">Bang Kingdoms Rex 40000 \u012ftraukim\u0173 vienkartiniais garais<\/td>\n<td>Ai\u0161kus modelio pavadinimas paie\u0161kai ir pakartotin\u0117ms u\u017esakymams.<\/td>\n<\/tr>\n<tr>\n<td>\u012ep\u016btim\u0173 talpa<\/td>\n<td align=\"right\">Iki 40 000 p\u016btim\u0173<\/td>\n<td>Didelis na\u0161umas, ma\u017eiau \u012frenginio keitim\u0173.<\/td>\n<\/tr>\n<tr>\n<td>E-skys\u010dio t\u016bris<\/td>\n<td align=\"right\">I\u0161 viso 60 ml (30 ml + 30 ml)<\/td>\n<td>Du pilni bakai viename korpuse, u\u017etikrinantys ilg\u0105 tarnavimo laik\u0105.<\/td>\n<\/tr>\n<tr>\n<td>Skonio sistema<\/td>\n<td align=\"right\">2-in-1 dvigubas skonis<\/td>\n<td>Perjunkite tarp dviej\u0173 skoni\u0173 nene\u0161iodami kito garintuvo.<\/td>\n<\/tr>\n<tr>\n<td>Rit\u0117s tipas<\/td>\n<td align=\"right\">Tinklin\u0117 kaitinimo spiral\u0117<\/td>\n<td>Tolygus kaitinimas = sklandesni \u012ftraukimai ir pastovesnis skonis.<\/td>\n<\/tr>\n<tr>\n<td>Baterija<\/td>\n<td align=\"right\">650mAh \u012fkraunamas<\/td>\n<td>\u012ekraukite, kad pabaigtum\u0117te abu bakus, u\u017euot prarad\u0119 \u012ftraukimus.<\/td>\n<\/tr>\n<tr>\n<td>\u012ekrovimas<\/td>\n<td align=\"right\">USB Type-C greitas \u012fkrovimas<\/td>\n<td>\u012eprastas kabelio standartas; trumpesn\u0117s prastovos.<\/td>\n<\/tr>\n<tr>\n<td>Ekranas<\/td>\n<td align=\"right\">Skaitmeninis ekranas<\/td>\n<td>Rodo baterijos + e-skys\u010dio lygius realiu laiku.<\/td>\n<\/tr>\n<tr>\n<td>Nikotino pasirinkimai<\/td>\n<td align=\"right\">0% \/ 2% \/ 5%<\/td>\n<td>Tinka vartotojams, kuriems nereikia nikotino, per stipresnius sm\u016bgius.<\/td>\n<\/tr>\n<tr>\n<td>Tikslin\u0117 rinka<\/td>\n<td align=\"right\">Europos S\u0105jungos ma\u017emenin\u0117 ir didmenin\u0117 prekyba<\/td>\n<td>Didel\u0117 talpa + dvigubas skonis atitinka dabartines paklausos tendencijas.<\/td>\n<\/tr>\n<\/tbody>\n<\/table>\n<p>&nbsp;<\/p>\n<figure id=\"attachment_4127\" aria-describedby=\"caption-attachment-4127\" style=\"width: 800px\" class=\"wp-caption alignnone\"><img decoding=\"async\" class=\"wp-image-4127 size-full\" src=\"https:\/\/vapestornado.com\/wp-content\/uploads\/2025\/04\/Bang-Box-Vape-40000-Double-Flavor.webp\" alt=\"Bang Box Vape 40000 dvigubas skonis\" width=\"800\" height=\"800\" srcset=\"https:\/\/vapestornado.com\/wp-content\/uploads\/2025\/04\/Bang-Box-Vape-40000-Double-Flavor.webp 800w, https:\/\/vapestornado.com\/wp-content\/uploads\/2025\/04\/Bang-Box-Vape-40000-Double-Flavor-300x300.webp 300w, https:\/\/vapestornado.com\/wp-content\/uploads\/2025\/04\/Bang-Box-Vape-40000-Double-Flavor-150x150.webp 150w, https:\/\/vapestornado.com\/wp-content\/uploads\/2025\/04\/Bang-Box-Vape-40000-Double-Flavor-768x768.webp 768w, https:\/\/vapestornado.com\/wp-content\/uploads\/2025\/04\/Bang-Box-Vape-40000-Double-Flavor-600x600.webp 600w, https:\/\/vapestornado.com\/wp-content\/uploads\/2025\/04\/Bang-Box-Vape-40000-Double-Flavor-100x100.webp 100w\" sizes=\"(max-width: 800px) 100vw, 800px\" \/><figcaption id=\"caption-attachment-4127\" class=\"wp-caption-text\">Bang Kingdoms Rex 40000 Dvigubas Skonis<\/figcaption><\/figure>\n<h2 class=\"product-title\"><strong>Bang Kingdoms Rex 40000 vienkartini\u0173 garintuv\u0173 skoni\u0173 s\u0105ra\u0161as<\/strong><\/h2>\n<article class=\"w-full text-token-text-primary focus-visible:outline-2 focus-visible:outline-offset-[-4px]\" dir=\"auto\" data-testid=\"conversation-turn-32\" data-scroll-anchor=\"false\">\n<div class=\"m-auto text-base py-[18px] px-6\">\n<div class=\"mx-auto flex flex-1 text-base gap-4 md:gap-5 lg:gap-6 md:max-w-3xl lg:max-w-[40rem] xl:max-w-[48rem]\">\n<div class=\"group\/conversation-turn relative flex w-full min-w-0 flex-col @xs\/thread:px-0 @sm\/thread:px-1.5 @md\/thread:px-4\">\n<div class=\"flex-col gap-1 md:gap-3\">\n<div class=\"flex max-w-full flex-col flex-grow\">\n<div class=\"min-h-8 text-message flex w-full flex-col items-end gap-2 whitespace-normal break-words text-start [.text-message+&amp;]:mt-5\" dir=\"auto\" data-message-author-role=\"user\" data-message-id=\"ffac41ca-1db4-431b-873a-32c4052956f1\">\n<div class=\"flex w-full flex-col gap-1 empty:hidden items-end rtl:items-start\">\n<div class=\"relative max-w-[var(--user-chat-width,70%)] rounded-3xl bg-token-message-surface px-5 py-2.5\">\n<div class=\"absolute bottom-0 right-full top-0 -mr-3.5 hidden pr-5 pt-2 [.group\/conversation-turn:hover_&amp;]:flex\">\n<div class=\"flex\">\n<article class=\"w-full text-token-text-primary focus-visible:outline-2 focus-visible:outline-offset-[-4px]\" dir=\"auto\" data-testid=\"conversation-turn-39\" data-scroll-anchor=\"true\">\n<div class=\"m-auto text-base py-[18px] px-6\">\n<div class=\"mx-auto flex flex-1 text-base gap-4 md:gap-5 lg:gap-6 md:max-w-3xl lg:max-w-[40rem] xl:max-w-[48rem]\">\n<div class=\"group\/conversation-turn relative flex w-full min-w-0 flex-col agent-turn @xs\/thread:px-0 @sm\/thread:px-1.5 @md\/thread:px-4\">\n<div class=\"flex-col gap-1 md:gap-3\">\n<div class=\"flex max-w-full flex-col flex-grow\">\n<div class=\"min-h-8 text-message flex w-full flex-col items-end gap-2 whitespace-normal break-words text-start [.text-message+&amp;]:mt-5\" dir=\"auto\" data-message-author-role=\"assistant\" data-message-id=\"55a23854-ec57-48dd-bd4f-6118f43d6241\" data-message-model-slug=\"gpt-4o\">\n<div class=\"flex w-full flex-col gap-1 empty:hidden first:pt-[3px]\">\n<div class=\"markdown prose w-full break-words dark:prose-invert light\">\n<p class=\"\" data-start=\"2451\" data-end=\"2502\">1. M\u0117lyni\u0173 arb\u016bzas<br \/>\n2. M\u0117lyni\u0173 ledas<br \/>\n3. Bra\u0161ki\u0173 kivis<br \/>\n4. Bra\u0161k\u0117s ir arb\u016bzas<br \/>\n5. Bra\u0161ki\u0173 kivis<br \/>\n3. Bra\u0161ki\u0173 arb\u016bzas<br \/>\n7. M\u0117lyni\u0173 aviet\u0117s<br \/>\n8. Arb\u016bzo ledas<br \/>\n9. Raudonasis \u09ac\u09c1\u09b2ius<br \/>\n10. Arb\u016bzo ledas<br \/>\n11. Raudonasis \u09ac\u09c1\u09b2ius<br \/>\n12. M\u0117lyni\u0173 ledas<\/p>\n<\/div>\n<\/div>\n<\/div>\n<\/div>\n<\/div>\n<\/div>\n<\/div>\n<\/div>\n<\/article>\n<\/div>\n<\/div>\n<\/div>\n<\/div>\n<\/div>\n<\/div>\n<\/div>\n<\/div>\n<\/div>\n<\/div>\n<\/article>\n<h2>Kod\u0117l verta rinktis \u201eVapestornado\u201c \u201eKingdoms Rex 40k\u201c didmeninei prekybai?<\/h2>\n<div class=\"flex-shrink-0 flex flex-col relative items-end\">\n<div class=\"pt-0\">\n<div class=\"gizmo-bot-avatar flex h-8 w-8 items-center justify-center overflow-hidden rounded-full\">\n<div class=\"relative p-1 rounded-sm flex items-center justify-center bg-token-main-surface-primary text-token-text-primary h-8 w-8\">\n<p>\u201eVapestornado\u201c ne tik parduodame elektronines cigaretes \u2013 mes teikiame vert\u0119, kokyb\u0119 ir paslaugas, kuriomis galite pasikliauti. B\u016bdami patikimu \u201eKingdoms Rex 40000\u201c didmeniniu tiek\u0117ju<strong data-start=\"410\" data-end=\"449\">\u00a0Vienkartin\u0117 elektronin\u0117 cigaret\u0117<\/strong>, mes si\u016blome <strong data-start=\"460\" data-end=\"488\">konkurencingas kainas perkant dideliais kiekiais<\/strong>, u\u017etikrinant, kad gautum\u0117te <strong data-start=\"511\" data-end=\"537\">ma\u017eiausias didmenines kainas<\/strong> nepakenkiant produkto autenti\u0161kumui. M\u016bs\u0173 komanda atrenka tik <strong data-start=\"608\" data-end=\"634\">100% originalius produktus<\/strong> su garantuotu veikimu ir skonio pastovumu. Su <strong data-start=\"692\" data-end=\"716\">greitu pasauliniu pristatymu<\/strong>, specialiu <strong data-start=\"730\" data-end=\"766\">paskyros valdytoju didmeniniams klientams<\/strong>ir realaus laiko atsarg\u0173 atnaujinimais, j\u016bs\u0173 verslas i\u0161lieka rinkos prie\u0161akyje. Nesvarbu, ar esate elektronini\u0173 cigare\u010di\u0173 parduotuv\u0117, platintojas ar internetinis pardav\u0117jas, <strong data-start=\"901\" data-end=\"917\">Vapestornado<\/strong> yra j\u016bs\u0173 patikimas partneris <strong data-start=\"947\" data-end=\"994\">didel\u0117s paklausos produktams, tokiems kaip Bang Box 50k Puff<\/strong>\u2014paremtas profesionaliu aptarnavimu ir neprilygstamais pasi\u016blymais.<\/p>\n<p data-start=\"559\" data-end=\"933\" data-is-last-node=\"\" data-is-only-node=\"\">Mes taip pat turime kit\u0173 populiari\u0173 vape su ekranu, pavyzd\u017eiui, <a href=\"https:\/\/vapestornado.com\/lt\/product\/solaris-25000-puff-solar-charging-dispsoable-vape-kit-usa\/\">SOLARIS 25000 \u012eKV\u0116PIMAI<\/a>, <a href=\"https:\/\/vapestornado.com\/lt\/product\/elfbar-planet-25000-wholesale-disposable-vape-kit-with-digital-screen\/\">ELF BAR Planet 25000<\/a>, <a href=\"https:\/\/vapestornado.com\/lt\/product\/elfworld-ai22000-22k-puff-disposable-vape-pen-kit-best-seller-in-poland\/\">Elf WORLD AI 22000<\/a>, ir daugiau.<\/p>\n<\/div>\n<div class=\"relative p-1 rounded-sm flex items-center justify-center bg-token-main-surface-primary text-token-text-primary h-8 w-8\">\n<h2>DUK<\/h2>\n<p data-start=\"3075\" data-end=\"3298\"><strong data-start=\"3075\" data-end=\"3154\">1. Ar vienkartiniams garintuvams reikia specialaus \u012fkroviklio Bang Kingdoms Rex 40000?<\/strong><br data-start=\"3154\" data-end=\"3157\" \/>Ne. <strong data-start=\"3165\" data-end=\"3213\">Bang Kingdoms Rex 40000 vienkartinis vape su 40000 \u012fkv\u0117pim\u0173<\/strong> \u012ekraunama per <strong data-start=\"3226\" data-end=\"3240\">USB Type-C<\/strong>, tod\u0117l tinka bet kuris standartinis Type-C kabelis ir saugus USB adapteris.<\/p>\n<p data-start=\"3300\" data-end=\"3595\"><strong data-start=\"3300\" data-end=\"3392\">2. Kuris vienkartinis garintuvas i\u0161 tikr\u0173j\u0173 tarnauja ilgiausiai: Bang Kingdoms Rex 40000 ar 20k garintuvas?<\/strong><br data-start=\"3392\" data-end=\"3395\" \/>Kasdien naudojant, <strong data-start=\"3416\" data-end=\"3443\">Bang Kingdoms Rex 40000<\/strong> paprastai tarnauja ilgiau, nes jungia <strong data-start=\"3487\" data-end=\"3552\">40 000 \u012ftraukim\u0173, i\u0161 viso 60 ml e-skys\u010dio ir \u012fkraunama baterija<\/strong>, o dauguma 20k \u012frengini\u0173 turi ma\u017eiau skys\u010dio.<\/p>\n<p data-start=\"3597\" data-end=\"3837\"><strong data-start=\"3597\" data-end=\"3667\">3. Ar Bang Kingdoms Rex 40000 dvigubo skonio sistema yra verta d\u0117mesio?<\/strong><br data-start=\"3667\" data-end=\"3670\" \/>Taip, vartotojams, kurie kei\u010dia skonius. The <strong data-start=\"3708\" data-end=\"3752\">Bang Kingdoms Rex 40000 dvigubo skonio garintuvas<\/strong> i\u0161d\u0117stymas i\u0161laiko kiekvien\u0105 skon\u012f atskirai, tod\u0117l perjungimas i\u0161lieka \u0161varus ir nesuter\u0161ia skonio.<\/p>\n<p data-start=\"3839\" data-end=\"4094\"><strong data-start=\"3839\" data-end=\"3923\">4. Ar vienkartiniai \u012frenginiai daro jus priklausomus grei\u010diau, \u012fskaitant Bang Kingdoms Rex 40000?<\/strong><br data-start=\"3923\" data-end=\"3926\" \/>Priklausomyb\u0117s rizika priklauso nuo <strong data-start=\"3952\" data-end=\"3994\">nikotino stiprumo ir naudojimo da\u017enumo<\/strong>, ne tik p\u016btimo skai\u010dius. The <strong data-start=\"4022\" data-end=\"4038\">0% \/ 2% \/ 5%<\/strong> parinktys leid\u017eia vartotojams pasirinkti lyg\u012f, kuris atitinka j\u0173 poreikius.<\/p>\n<p data-start=\"4096\" data-end=\"4377\"><strong data-start=\"4096\" data-end=\"4170\">5. Ar galiu \u012f l\u0117ktuv\u0105 pasiimti Bang Kingdoms Rex 40000 vienkartin\u012f vape?<\/strong><br data-start=\"4170\" data-end=\"4173\" \/>Dauguma oro linij\u0173 leid\u017eia vienkartinius \u012frenginius <strong data-start=\"4205\" data-end=\"4233\">tik rankiniame baga\u017ee<\/strong>, ne \u012f registruotus baga\u017eus, d\u0117l baterij\u0173 taisykli\u0173. Laikykit\u0117s <strong data-start=\"4284\" data-end=\"4332\">Bang Kingdoms Rex 40000 vienkartinis vape su 40000 \u012fkv\u0117pim\u0173<\/strong> sulietas ir laikykit\u0117s oro linij\u0173 \/ vietos taisykli\u0173.<\/p>\n<\/div>\n<\/div>\n<\/div>\n<\/div>","protected":false},"excerpt":{"rendered":"<p class=\"LC20lb MBeuO DKV0Md\">Bang Kingdoms Rex 40000 2 viename vienkartini\u0173 gar\u0173 nuolaidos kaina<br \/>\nBang Box 40000 Skaitmeninis gar\u0173 d\u0117\u017eut\u0117s didmenin\u0117 pigi kaina<br \/>\nBig Puff Vape Bang Box Kingdoms Rex 40k Vienkartiniai garai<\/p>\n<p><strong>Prid\u0117kite Amy's whatsapp, kad gautum\u0117te tinkam\u0105 atsakym\u0105 ir nuolaidos kain\u0105!<\/strong><\/p>\n<p><img fetchpriority=\"high\" decoding=\"async\" class=\"size-full wp-image-2932\" src=\"https:\/\/vapestornado.com\/wp-content\/uploads\/2024\/12\/Vape-Wholesale.jpg\" alt=\"Garintuvai Didmenin\u0117 prekyba\" width=\"229\" height=\"300\" \/><\/p>\n<h3><a href=\"https:\/\/wa.me\/8617776015835\"><span style=\"color: #ff0000;\"><strong>WhatsApp: +86 17776015835<\/strong><\/span><\/a><\/h3>\n<p>&nbsp;<\/p>","protected":false},"featured_media":4131,"comment_status":"open","ping_status":"closed","template":"","meta":{"_acf_changed":false,"_uag_custom_page_level_css":"","_lmt_disableupdate":"no","_lmt_disable":"","_monsterinsights_skip_tracking":false,"_monsterinsights_sitenote_active":false,"_monsterinsights_sitenote_note":"","_monsterinsights_sitenote_category":0,"site-sidebar-layout":"default","site-content-layout":"","ast-site-content-layout":"default","site-content-style":"default","site-sidebar-style":"default","ast-global-header-display":"","ast-banner-title-visibility":"","ast-main-header-display":"","ast-hfb-above-header-display":"","ast-hfb-below-header-display":"","ast-hfb-mobile-header-display":"","site-post-title":"","ast-breadcrumbs-content":"","ast-featured-img":"","footer-sml-layout":"","ast-disable-related-posts":"","theme-transparent-header-meta":"default","adv-header-id-meta":"","stick-header-meta":"","header-above-stick-meta":"","header-main-stick-meta":"","header-below-stick-meta":"","astra-migrate-meta-layouts":"set","ast-page-background-enabled":"default","ast-page-background-meta":{"desktop":{"background-color":"","background-image":"","background-repeat":"repeat","background-position":"center center","background-size":"auto","background-attachment":"scroll","background-type":"","background-media":"","overlay-type":"","overlay-color":"","overlay-opacity":"","overlay-gradient":""},"tablet":{"background-color":"","background-image":"","background-repeat":"repeat","background-position":"center center","background-size":"auto","background-attachment":"scroll","background-type":"","background-media":"","overlay-type":"","overlay-color":"","overlay-opacity":"","overlay-gradient":""},"mobile":{"background-color":"","background-image":"","background-repeat":"repeat","background-position":"center center","background-size":"auto","background-attachment":"scroll","background-type":"","background-media":"","overlay-type":"","overlay-color":"","overlay-opacity":"","overlay-gradient":""}},"ast-content-background-meta":{"desktop":{"background-color":"var(--ast-global-color-5)","background-image":"","background-repeat":"repeat","background-position":"center center","background-size":"auto","background-attachment":"scroll","background-type":"","background-media":"","overlay-type":"","overlay-color":"","overlay-opacity":"","overlay-gradient":""},"tablet":{"background-color":"var(--ast-global-color-5)","background-image":"","background-repeat":"repeat","background-position":"center center","background-size":"auto","background-attachment":"scroll","background-type":"","background-media":"","overlay-type":"","overlay-color":"","overlay-opacity":"","overlay-gradient":""},"mobile":{"background-color":"var(--ast-global-color-5)","background-image":"","background-repeat":"repeat","background-position":"center center","background-size":"auto","background-attachment":"scroll","background-type":"","background-media":"","overlay-type":"","overlay-color":"","overlay-opacity":"","overlay-gradient":""}},"_joinchat":{"telephone":"17776015835"}},"product_brand":[],"product_cat":[65,62,150,152,142,146],"product_tag":[475,335,334,105,476,195],"class_list":{"0":"post-4132","1":"product","2":"type-product","3":"status-publish","4":"has-post-thumbnail","6":"product_cat-40000-puff","7":"product_cat-bang-vape","8":"product_cat-buy-disposable-vapes-in-belgium","9":"product_cat-buy-disposable-vapes-in-cermany","10":"product_cat-digital-box-disposable-vapes","11":"product_cat-rechargeable-disposable-vapes","12":"product_tag-40k-puff-vape","13":"product_tag-bang-40000","14":"product_tag-bang-kingdoms-rex-40000","15":"product_tag-digital-disposable-vape","16":"product_tag-double-taste-disposable-vape","17":"product_tag-dual-flavor-disposable-vape","18":"desktop-align-left","19":"tablet-align-left","20":"mobile-align-left","22":"first","23":"instock","24":"sale","25":"shipping-taxable","26":"purchasable","27":"product-type-simple"},"acf":[],"uagb_featured_image_src":{"full":["https:\/\/vapestornado.com\/wp-content\/uploads\/2025\/04\/Wholesale-Bang-Kingdoms-40000-Puff-Vape-Pod.webp",800,800,false],"thumbnail":["https:\/\/vapestornado.com\/wp-content\/uploads\/2025\/04\/Wholesale-Bang-Kingdoms-40000-Puff-Vape-Pod-150x150.webp",150,150,true],"medium":["https:\/\/vapestornado.com\/wp-content\/uploads\/2025\/04\/Wholesale-Bang-Kingdoms-40000-Puff-Vape-Pod-300x300.webp",300,300,true],"medium_large":["https:\/\/vapestornado.com\/wp-content\/uploads\/2025\/04\/Wholesale-Bang-Kingdoms-40000-Puff-Vape-Pod-768x768.webp",768,768,true],"large":["https:\/\/vapestornado.com\/wp-content\/uploads\/2025\/04\/Wholesale-Bang-Kingdoms-40000-Puff-Vape-Pod.webp",800,800,false],"1536x1536":["https:\/\/vapestornado.com\/wp-content\/uploads\/2025\/04\/Wholesale-Bang-Kingdoms-40000-Puff-Vape-Pod.webp",800,800,false],"2048x2048":["https:\/\/vapestornado.com\/wp-content\/uploads\/2025\/04\/Wholesale-Bang-Kingdoms-40000-Puff-Vape-Pod.webp",800,800,false],"trp-custom-language-flag":["https:\/\/vapestornado.com\/wp-content\/uploads\/2025\/04\/Wholesale-Bang-Kingdoms-40000-Puff-Vape-Pod.webp",12,12,false],"woocommerce_thumbnail":["https:\/\/vapestornado.com\/wp-content\/uploads\/2025\/04\/Wholesale-Bang-Kingdoms-40000-Puff-Vape-Pod-300x300.webp",300,300,true],"woocommerce_single":["https:\/\/vapestornado.com\/wp-content\/uploads\/2025\/04\/Wholesale-Bang-Kingdoms-40000-Puff-Vape-Pod-600x600.webp",600,600,true],"woocommerce_gallery_thumbnail":["https:\/\/vapestornado.com\/wp-content\/uploads\/2025\/04\/Wholesale-Bang-Kingdoms-40000-Puff-Vape-Pod-100x100.webp",100,100,true]},"uagb_author_info":{"display_name":"ESAMY","author_link":"https:\/\/vapestornado.com\/lt\/author\/"},"uagb_comment_info":0,"uagb_excerpt":"Bang Kingdoms Rex 40000 2 in 1 Disposables Vape Discount Price Bang Box 40000 Digital Vape Box Wholesale Cheap Price Big Puff Vape Bang Box Kingdoms Rex 40k Disposables Vapor Add Amy's whatsapp to get right reply and discount price! WhatsApp: +86 17776015835 &nbsp;","_links":{"self":[{"href":"https:\/\/vapestornado.com\/lt\/wp-json\/wp\/v2\/product\/4132","targetHints":{"allow":["GET"]}}],"collection":[{"href":"https:\/\/vapestornado.com\/lt\/wp-json\/wp\/v2\/product"}],"about":[{"href":"https:\/\/vapestornado.com\/lt\/wp-json\/wp\/v2\/types\/product"}],"replies":[{"embeddable":true,"href":"https:\/\/vapestornado.com\/lt\/wp-json\/wp\/v2\/comments?post=4132"}],"wp:featuredmedia":[{"embeddable":true,"href":"https:\/\/vapestornado.com\/lt\/wp-json\/wp\/v2\/media\/4131"}],"wp:attachment":[{"href":"https:\/\/vapestornado.com\/lt\/wp-json\/wp\/v2\/media?parent=4132"}],"wp:term":[{"taxonomy":"product_brand","embeddable":true,"href":"https:\/\/vapestornado.com\/lt\/wp-json\/wp\/v2\/product_brand?post=4132"},{"taxonomy":"product_cat","embeddable":true,"href":"https:\/\/vapestornado.com\/lt\/wp-json\/wp\/v2\/product_cat?post=4132"},{"taxonomy":"product_tag","embeddable":true,"href":"https:\/\/vapestornado.com\/lt\/wp-json\/wp\/v2\/product_tag?post=4132"}],"curies":[{"name":"wp","href":"https:\/\/api.w.org\/{rel}","templated":true}]}}