{"id":4126,"date":"2025-04-14T03:07:08","date_gmt":"2025-04-14T03:07:08","guid":{"rendered":"https:\/\/vapestornado.com\/?post_type=product&#038;p=4126"},"modified":"2025-12-05T06:58:11","modified_gmt":"2025-12-05T06:58:11","slug":"bang-box-50000-puff-50k-disposables-vape-pod-double-flavour","status":"publish","type":"product","link":"https:\/\/vapestornado.com\/lt\/product\/bang-box-50000-puff-50k-disposables-vape-pod-double-flavour\/","title":{"rendered":"Bang Box 50000 i\u0161p\u016btim\u0173 50k Vienkartinis garintuvas Dvigubas skonis"},"content":{"rendered":"<h2 data-pm-slice=\"1 1 []\">Bang Box 50000 i\u0161p\u016btim\u0173 50k Vienkartinis garintuvas Dvigubas skonis<\/h2>\n<p data-start=\"1203\" data-end=\"1522\">Bang Box 50000 R\u016bkali\u0173 talpina 45ml dviej\u0173 skoni\u0173 bak\u0105, 850mAh Type-C \u012fkraunam\u0105 baterij\u0105, tinklelio rit\u0119 ir i\u0161man\u0173 ekran\u0105 \u012f vien\u0105 \u012frengin\u012f, skirt\u0105 iki 50 000 r\u016bkali\u0173 be da\u017en\u0173 keitim\u0173.<\/p>\n<p data-start=\"568\" data-end=\"863\"><strong data-start=\"568\" data-end=\"608\">Iki 50 000 r\u016bkali\u0173 su 45ml baku:<\/strong><br data-start=\"608\" data-end=\"611\" \/>Bang Box 50k yra sukurtas ilgalaikiam kasdieniam naudojimui. The <strong data-start=\"656\" data-end=\"684\">45ml i\u0161 anksto u\u017epildytas talpumas<\/strong> palaiko <strong data-start=\"698\" data-end=\"720\">50 000 r\u016bkali\u0173 \u012fvertinim\u0105<\/strong>, tod\u0117l naudotojai paprastai naudoja ilgiau tarp keitim\u0173, palyginti su 10k\u201320k vienkartiniais. Tai taip pat padeda stabiliau i\u0161laikyti kain\u0105 u\u017e r\u016bkali\u0173 laikotarpiu.<\/p>\n<p data-start=\"865\" data-end=\"1176\"><strong data-start=\"865\" data-end=\"916\">Dvigubo skoni\u0173 Vape sistema greitam perjungimui:<\/strong><br data-start=\"916\" data-end=\"919\" \/>Du skoni\u0173 profiliai \u012fmontuoti \u012f vien\u0105 \u012frengin\u012f. The <strong data-start=\"970\" data-end=\"991\">dviej\u0173 skoni\u0173 sistema<\/strong> leid\u017eia naudotojams keisti skonius bet kada, nereikalaujant ne\u0161iotis antro vape ar laukti papildymo. Tai naudinga \u017emon\u0117ms, kurie kei\u010dia sald\u017eius ir \u0161altus skonius per dien\u0105.<\/p>\n<p data-start=\"1178\" data-end=\"1456\"><strong data-start=\"1178\" data-end=\"1220\">Tinklelio rit\u0117 stabiliai garuoja ir i\u0161laiko skon\u012f:<\/strong><br data-start=\"1220\" data-end=\"1223\" \/>Bang Box 50000 r\u016bkali\u0173 baras naudoja <strong data-start=\"1237\" data-end=\"1261\">tinklelio rit\u0117s technologija<\/strong> \u0161ildyti e-liquido tolygiai. Tai padeda i\u0161vengti a\u0161tri\u0173 saus\u0173 \u012fkandim\u0173 ir u\u017etikrina skland\u0173 garo i\u0161metim\u0105 dideliame bakelyje\u2014 svarbu didel\u0117s talpos \u012frenginiuose, kur skonio nykimas gali pasireik\u0161ti v\u0117liau gyvavimo ciklo metu.<\/p>\n<p data-start=\"1458\" data-end=\"1707\"><strong data-start=\"1458\" data-end=\"1507\">I\u0161manus skaitmeninis ekranas realaus laiko steb\u0117jimui:<\/strong><br data-start=\"1507\" data-end=\"1510\" \/>\u0160is <strong data-start=\"1514\" data-end=\"1530\">i\u0161manaus ekrano<\/strong> rodo <strong data-start=\"1537\" data-end=\"1573\">baterijos lygis ir skys\u010dio lygis<\/strong> kai r\u016bkote. Tai pa\u0161alina sp\u0117liones, tod\u0117l naudotojai gali \u012fkrauti prie\u0161 \u012ftampos suma\u017e\u0117jim\u0105 ir i\u0161vengti netik\u0117t\u0173 saus\u0173 \u012fkandim\u0173 arti bako pabaigos.<\/p>\n<p data-start=\"1709\" data-end=\"1964\"><strong data-start=\"1709\" data-end=\"1748\">850mAh Type-C \u012fkraunama baterija:<\/strong><br data-start=\"1748\" data-end=\"1751\" \/>\u0160is <strong data-start=\"1755\" data-end=\"1773\">850 mAh baterija<\/strong> skirta dideliam bakeliui ir dideliam p\u016btimo skai\u010diui. Su <strong data-start=\"1824\" data-end=\"1852\">USB Type-C greituoju \u012fkrovimu<\/strong>, neveikimo laikas lieka trumpas, o naudotojai gali u\u017ebaigti vis\u0105 skyst\u012f, o ne anksti i\u0161mesti d\u0117l ma\u017eo energijos kiekio.<\/p>\n<p data-start=\"666\" data-end=\"1235\"><strong style=\"font-size: 16px;\"><span style=\"color: #ff0000;\">Prid\u0117kite Amy WhatsApp, kad gautum\u0117te tinkam\u0105 atsakym\u0105 ir nuolaid\u0105!<\/span><\/strong><\/p>\n<p><img fetchpriority=\"high\" decoding=\"async\" class=\"size-full wp-image-2932\" src=\"https:\/\/vapestornado.com\/wp-content\/uploads\/2024\/12\/Vape-Wholesale.jpg\" alt=\"Garintuvai Didmenin\u0117 prekyba\" width=\"229\" height=\"300\" \/><\/p>\n<h3><a href=\"https:\/\/wa.me\/8617776015835\" target=\"_blank\" rel=\"noopener\"><span style=\"color: #ff0000;\"><strong>WhatsApp: +86 17776015835<\/strong><\/span><\/a><\/h3>\n<h2><\/h2>\n<h2 data-start=\"1258\" data-end=\"1303\"><strong data-start=\"1265\" data-end=\"1303\">Kod\u0117l Bang Box 50k yra b\u016btina i\u0161bandyti<\/strong><\/h2>\n<table>\n<thead>\n<tr>\n<th>Funkcija \/ Parametras<\/th>\n<th align=\"right\">Specifikacija<\/th>\n<th>Paai\u0161kinimas<\/th>\n<\/tr>\n<\/thead>\n<tbody>\n<tr>\n<td>Produkto pavadinimas<\/td>\n<td align=\"right\">Bang Box 50000 \u012ftraukim\u0173 vienkartin\u0117 elektronin\u0117 cigaret\u0117<\/td>\n<td>Ai\u0161kus modelio pavadinimas pakartotiniams u\u017esakymams ir paie\u0161kai.<\/td>\n<\/tr>\n<tr>\n<td>\u012ep\u016btim\u0173 talpa<\/td>\n<td align=\"right\">Iki 50 000 \u012fkv\u0117pim\u0173<\/td>\n<td>Auk\u0161tos talpos vienkartinis \u012frenginys; ma\u017eiau keitim\u0173.<\/td>\n<\/tr>\n<tr>\n<td>E-skys\u010dio t\u016bris<\/td>\n<td align=\"right\">45ml i\u0161 anksto u\u017epildyta<\/td>\n<td>Didelis bakelis palaiko ilg\u0105 naudojim\u0105 be papildymo.<\/td>\n<\/tr>\n<tr>\n<td>Skonio sistema<\/td>\n<td align=\"right\">Dvigubo skonio garintuvas<\/td>\n<td>Dvi skoni\u0173 r\u016b\u0161ys viename \u012frenginyje; keisk bet kada.<\/td>\n<\/tr>\n<tr>\n<td>Rit\u0117s tipas<\/td>\n<td align=\"right\">Tinklin\u0117 kaitinimo spiral\u0117<\/td>\n<td>Netolygus \u0161ilumos paskirstymas = sklandesni \u012fkv\u0117pimai ir stabilus skonis.<\/td>\n<\/tr>\n<tr>\n<td>Baterija<\/td>\n<td align=\"right\">850mAh \u012fkraunamas<\/td>\n<td>\u012ekraukite, kad naudotum\u0117te vis\u0105 skyst\u012f, o ne \u0161vaistytum\u0117te p\u016btimus.<\/td>\n<\/tr>\n<tr>\n<td>\u012ekrovimas<\/td>\n<td align=\"right\">USB Type-C<\/td>\n<td>Bendras greito \u012fkrovimo standartas; lengvas kabelio prieinamumas.<\/td>\n<\/tr>\n<tr>\n<td>Ekranas<\/td>\n<td align=\"right\">I\u0161manus skaitmeninis ekranas<\/td>\n<td>Rodo baterijos ir skys\u010dio lyg\u012f realiu laiku.<\/td>\n<\/tr>\n<tr>\n<td>Tikslin\u0117 auditorija<\/td>\n<td align=\"right\">Kasdieniai ir intensyv\u016bs vaperiai<\/td>\n<td>Ilgas talpumas ir paprastas valdymas tinka abiem grup\u0117ms.<\/td>\n<\/tr>\n<tr>\n<td>Rinkos atitikimas<\/td>\n<td align=\"right\">Europos S\u0105jungos ma\u017emenin\u0117 ir didmenin\u0117 prekyba<\/td>\n<td>Didelis p\u016btim\u0173 skai\u010dius + dviej\u0173 skoni\u0173 palaikymas skatina pakartotin\u012f pirkim\u0105.<\/td>\n<\/tr>\n<\/tbody>\n<\/table>\n<h2 class=\"product-title\"><strong>Bang Box 50000 \u012fkv\u0117pim\u0173 vienkartini\u0173 garintuv\u0173 skoni\u0173 ap\u017evalga<\/strong><\/h2>\n<article class=\"w-full text-token-text-primary focus-visible:outline-2 focus-visible:outline-offset-[-4px]\" dir=\"auto\" data-testid=\"conversation-turn-32\" data-scroll-anchor=\"false\">\n<div class=\"m-auto text-base py-[18px] px-6\">\n<div class=\"mx-auto flex flex-1 text-base gap-4 md:gap-5 lg:gap-6 md:max-w-3xl lg:max-w-[40rem] xl:max-w-[48rem]\">\n<div class=\"group\/conversation-turn relative flex w-full min-w-0 flex-col @xs\/thread:px-0 @sm\/thread:px-1.5 @md\/thread:px-4\">\n<div class=\"flex-col gap-1 md:gap-3\">\n<div class=\"flex max-w-full flex-col flex-grow\">\n<div class=\"min-h-8 text-message flex w-full flex-col items-end gap-2 whitespace-normal break-words text-start [.text-message+&amp;]:mt-5\" dir=\"auto\" data-message-author-role=\"user\" data-message-id=\"ffac41ca-1db4-431b-873a-32c4052956f1\">\n<div class=\"flex w-full flex-col gap-1 empty:hidden items-end rtl:items-start\">\n<div class=\"relative max-w-[var(--user-chat-width,70%)] rounded-3xl bg-token-message-surface px-5 py-2.5\">\n<div class=\"absolute bottom-0 right-full top-0 -mr-3.5 hidden pr-5 pt-2 [.group\/conversation-turn:hover_&amp;]:flex\">\n<div class=\"flex\">\n<article class=\"w-full text-token-text-primary focus-visible:outline-2 focus-visible:outline-offset-[-4px]\" dir=\"auto\" data-testid=\"conversation-turn-39\" data-scroll-anchor=\"true\">\n<div class=\"m-auto text-base py-[18px] px-6\">\n<div class=\"mx-auto flex flex-1 text-base gap-4 md:gap-5 lg:gap-6 md:max-w-3xl lg:max-w-[40rem] xl:max-w-[48rem]\">\n<div class=\"group\/conversation-turn relative flex w-full min-w-0 flex-col agent-turn @xs\/thread:px-0 @sm\/thread:px-1.5 @md\/thread:px-4\">\n<div class=\"flex-col gap-1 md:gap-3\">\n<div class=\"flex max-w-full flex-col flex-grow\">\n<div class=\"min-h-8 text-message flex w-full flex-col items-end gap-2 whitespace-normal break-words text-start [.text-message+&amp;]:mt-5\" dir=\"auto\" data-message-author-role=\"assistant\" data-message-id=\"55a23854-ec57-48dd-bd4f-6118f43d6241\" data-message-model-slug=\"gpt-4o\">\n<div class=\"flex w-full flex-col gap-1 empty:hidden first:pt-[3px]\">\n<div class=\"markdown prose w-full break-words dark:prose-invert light\">\n<p class=\"\" data-start=\"2451\" data-end=\"2502\">1. Bra\u0161ki\u0173 ir kivi<br \/>\n2. Arb\u016bzo kramtomoji guma<br \/>\n3. Ananas\u0173 mang\u0173 persik\u0173<br \/>\n4. Raudonasis jautis<br \/>\n5. Persik\u0173 sultys<br \/>\n6. Obuoli\u0173 kriau\u0161i\u0173<br \/>\n7. M\u0117lyni\u0173 ledas<br \/>\n8. Juodojo drakono ledas<br \/>\n9. M\u0117lyni\u0173 r\u016bg\u0161\u010di\u0173j\u0173 avie\u010di\u0173 ledas<br \/>\n10. Bra\u0161ki\u0173 avie\u010di\u0173 saldainiai<br \/>\n11. M\u0117lyni\u0173 avie\u010di\u0173 ledas<br \/>\n12. Bra\u0161ki\u0173 ledai<\/p>\n<figure id=\"attachment_4121\" aria-describedby=\"caption-attachment-4121\" style=\"width: 851px\" class=\"wp-caption alignnone\"><img decoding=\"async\" class=\"wp-image-4121 size-full\" src=\"https:\/\/vapestornado.com\/wp-content\/uploads\/2025\/04\/Bang-Box-50000-Puff-50k-Vape.webp\" alt=\"Bang Box 50000 \u012ftraukim\u0173 50k Vape\" width=\"851\" height=\"851\" srcset=\"https:\/\/vapestornado.com\/wp-content\/uploads\/2025\/04\/Bang-Box-50000-Puff-50k-Vape.webp 851w, https:\/\/vapestornado.com\/wp-content\/uploads\/2025\/04\/Bang-Box-50000-Puff-50k-Vape-300x300.webp 300w, https:\/\/vapestornado.com\/wp-content\/uploads\/2025\/04\/Bang-Box-50000-Puff-50k-Vape-150x150.webp 150w, https:\/\/vapestornado.com\/wp-content\/uploads\/2025\/04\/Bang-Box-50000-Puff-50k-Vape-768x768.webp 768w, https:\/\/vapestornado.com\/wp-content\/uploads\/2025\/04\/Bang-Box-50000-Puff-50k-Vape-600x600.webp 600w, https:\/\/vapestornado.com\/wp-content\/uploads\/2025\/04\/Bang-Box-50000-Puff-50k-Vape-100x100.webp 100w\" sizes=\"(max-width: 851px) 100vw, 851px\" \/><figcaption id=\"caption-attachment-4121\" class=\"wp-caption-text\">Bang Box 50000 \u012ftraukim\u0173 50k Vape<\/figcaption><\/figure>\n<\/div>\n<\/div>\n<\/div>\n<\/div>\n<\/div>\n<\/div>\n<\/div>\n<\/div>\n<\/article>\n<\/div>\n<\/div>\n<\/div>\n<\/div>\n<\/div>\n<\/div>\n<\/div>\n<\/div>\n<\/div>\n<\/div>\n<\/article>\n<h2>Kod\u0117l verta rinktis Vapestornado didmeninei prekybai Bang Box 50000 \u012ftraukim\u0173?<\/h2>\n<div class=\"flex-shrink-0 flex flex-col relative items-end\">\n<div class=\"pt-0\">\n<div class=\"gizmo-bot-avatar flex h-8 w-8 items-center justify-center overflow-hidden rounded-full\">\n<div class=\"relative p-1 rounded-sm flex items-center justify-center bg-token-main-surface-primary text-token-text-primary h-8 w-8\">\n<p>\u201eVapestornado\u201c ne tik parduodame elektronines cigaretes \u2013 mes teikiame vert\u0119, kokyb\u0119 ir paslaugas, kuriomis galite pasikliauti. Esame patikimas didmeninis tiek\u0117jas <strong data-start=\"410\" data-end=\"449\">Bang Box 50000 \u012ftraukim\u0173 vienkartin\u0117 elektronin\u0117 cigaret\u0117<\/strong>, mes si\u016blome <strong data-start=\"460\" data-end=\"488\">konkurencingas kainas perkant dideliais kiekiais<\/strong>, u\u017etikrinant, kad gautum\u0117te <strong data-start=\"511\" data-end=\"537\">ma\u017eiausias didmenines kainas<\/strong> nepakenkiant produkto autenti\u0161kumui. M\u016bs\u0173 komanda atrenka tik <strong data-start=\"608\" data-end=\"634\">100% originalius produktus<\/strong> su garantuotu veikimu ir skonio pastovumu. Su <strong data-start=\"692\" data-end=\"716\">greitu pasauliniu pristatymu<\/strong>, specialiu <strong data-start=\"730\" data-end=\"766\">paskyros valdytoju didmeniniams klientams<\/strong>ir realaus laiko atsarg\u0173 atnaujinimais, j\u016bs\u0173 verslas i\u0161lieka rinkos prie\u0161akyje. Nesvarbu, ar esate elektronini\u0173 cigare\u010di\u0173 parduotuv\u0117, platintojas ar internetinis pardav\u0117jas, <strong data-start=\"901\" data-end=\"917\">Vapestornado<\/strong> yra j\u016bs\u0173 patikimas partneris <strong data-start=\"947\" data-end=\"994\">didel\u0117s paklausos produktams, tokiems kaip Bang Box 50k Puff<\/strong>\u2014paremtas profesionaliu aptarnavimu ir neprilygstamais pasi\u016blymais.<\/p>\n<p data-start=\"559\" data-end=\"933\" data-is-last-node=\"\" data-is-only-node=\"\">Mes taip pat turime kit\u0173 populiari\u0173 vape su ekranu, pavyzd\u017eiui, <a href=\"https:\/\/vapestornado.com\/lt\/product\/solaris-25000-puff-solar-charging-dispsoable-vape-kit-usa\/\">SOLARIS 25000 \u012eKV\u0116PIMAI<\/a>, <a href=\"https:\/\/vapestornado.com\/lt\/product\/elfbar-planet-25000-wholesale-disposable-vape-kit-with-digital-screen\/\">ELF BAR Planet 25000<\/a>, <a href=\"https:\/\/vapestornado.com\/lt\/product\/elfworld-ai22000-22k-puff-disposable-vape-pen-kit-best-seller-in-poland\/\">Elf WORLD AI 22000<\/a>, ir daugiau.<\/p>\n<\/div>\n<div class=\"relative p-1 rounded-sm flex items-center justify-center bg-token-main-surface-primary text-token-text-primary h-8 w-8\">\n<h2>DUK<\/h2>\n<p data-start=\"3043\" data-end=\"3258\"><strong data-start=\"3043\" data-end=\"3118\">1. Ar vienkartiniai \u012frenginiai reikalinga speciali \u012fkroviklis Bang Box 50000 P\u016btim\u0173?<\/strong><br data-start=\"3118\" data-end=\"3121\" \/>Ne. <strong data-start=\"3129\" data-end=\"3168\">Bang Box 50000 \u012ftraukim\u0173 vienkartin\u0117 elektronin\u0117 cigaret\u0117<\/strong> naudojasi <strong data-start=\"3174\" data-end=\"3188\">USB Type-C<\/strong>, tod\u0117l bet kuris standartinis Type-C laidas ir saugus USB maitinimo adapteris veiks.<\/p>\n<p data-start=\"3260\" data-end=\"3561\"><strong data-start=\"3260\" data-end=\"3350\">2. Kuris vienkartinis \u012frenginys i\u0161 tikr\u0173j\u0173 tarnauja ilgiau: Bang Box 50000 P\u016b\u0161\u010di\u0173 ar Bang box 30k \u012frenginys?<\/strong><br data-start=\"3350\" data-end=\"3353\" \/>Kasdien naudojant, <strong data-start=\"3374\" data-end=\"3397\">\u201eBang Box 50000 Puff\u201c<\/strong> paprastai tarnauja ilgiau, nes jungia <strong data-start=\"3441\" data-end=\"3500\">50 000 p\u016b\u0161\u010di\u0173, 45 ml elektroninio skys\u010dio ir \u012fkraunama baterija<\/strong>, kai dauguma 30k modeli\u0173 turi ma\u017eiau skys\u010dio ir grei\u010diau i\u0161sikrauna.<\/p>\n<p data-start=\"3563\" data-end=\"3814\"><strong data-start=\"3563\" data-end=\"3627\">3. Ar verta naudoti Bang Box 50000 P\u016b\u0161\u010di\u0173 dvigubo skonio sistem\u0105?<\/strong><br data-start=\"3627\" data-end=\"3630\" \/>Taip, jei skonio \u012fvairov\u0117 yra svarbi. The <strong data-start=\"3665\" data-end=\"3705\">Bang Box 50000 P\u016b\u0161\u010di\u0173 dvigubo skonio vape<\/strong> formatas suteikia du profilius viename korpuse, tod\u0117l keisti skonius galima akimirksniu ir nereikia antro \u012frenginio.<\/p>\n<p data-start=\"3816\" data-end=\"4050\"><strong data-start=\"3816\" data-end=\"3886\">4. Ar Bang Box 50000 P\u016b\u0161\u010di\u0173 i\u0161laiko skon\u012f stipr\u0173 arti pabaigos?<\/strong><br data-start=\"3886\" data-end=\"3889\" \/>\u0160is <strong data-start=\"3893\" data-end=\"3906\">tinklelio rit\u0117<\/strong> padeda i\u0161laikyti tolyg\u0173 \u0161ildym\u0105 dideliame bakelyje, suma\u017eindamas v\u0117lyvosios skonio suma\u017e\u0117jimo ir saus\u0173 \u012fkv\u0117pim\u0173 rizik\u0105, kurios gali atsirasti didel\u0117s talpos vienkartiniuose \u012frenginiuose.<\/p>\n<p data-start=\"4052\" data-end=\"4308\"><strong data-start=\"4052\" data-end=\"4122\">5. Ar galiu \u012f l\u0117ktuv\u0105 pasiimti Bang Box 50000 P\u016b\u0161\u010di\u0173 vienkartin\u012f vape?<\/strong><br data-start=\"4122\" data-end=\"4125\" \/>Dauguma oro linij\u0173 leid\u017eia vienkartinius \u012frenginius <strong data-start=\"4157\" data-end=\"4185\">tik rankiniame baga\u017ee<\/strong>, ne registruotame, nes jie turi baterijas. Laikykite <strong data-start=\"4246\" data-end=\"4269\">\u201eBang Box 50000 Puff\u201c<\/strong> u\u017esandarint\u0105 ir laikykit\u0117s oro linij\u0173 \/ vietos taisykli\u0173.<\/p>\n<\/div>\n<\/div>\n<\/div>\n<\/div>","protected":false},"excerpt":{"rendered":"<p class=\"LC20lb MBeuO DKV0Md\">Bang Box 50000 R\u016bkali\u0173 vienkartinis Vape su 45ml dviej\u0173 skoni\u0173 baku<br \/>\nBang Box 50000 R\u016bkali\u0173 dviej\u0173 skoni\u0173 Vape su i\u0161maniu skaitmeniniu ekranas<br \/>\nBang Box 50k R\u016bkali\u0173 Type-C \u012fkraunamas tinklelis rit\u0117s vienkartinis \u012frenginys<\/p>\n<p><strong>Prid\u0117kite Amy's whatsapp, kad gautum\u0117te tinkam\u0105 atsakym\u0105 ir nuolaidos kain\u0105!<\/strong><\/p>\n<p><img fetchpriority=\"high\" decoding=\"async\" class=\"size-full wp-image-2932\" src=\"https:\/\/vapestornado.com\/wp-content\/uploads\/2024\/12\/Vape-Wholesale.jpg\" alt=\"Garintuvai Didmenin\u0117 prekyba\" width=\"229\" height=\"300\" \/><\/p>\n<h3><a href=\"https:\/\/wa.me\/8617776015835\"><span style=\"color: #ff0000;\"><strong>WhatsApp: +86 17776015835<\/strong><\/span><\/a><\/h3>\n<p>&nbsp;<\/p>","protected":false},"featured_media":4122,"comment_status":"open","ping_status":"closed","template":"","meta":{"_acf_changed":false,"_uag_custom_page_level_css":"","_lmt_disableupdate":"no","_lmt_disable":"","_monsterinsights_skip_tracking":false,"_monsterinsights_sitenote_active":false,"_monsterinsights_sitenote_note":"","_monsterinsights_sitenote_category":0,"site-sidebar-layout":"default","site-content-layout":"","ast-site-content-layout":"default","site-content-style":"default","site-sidebar-style":"default","ast-global-header-display":"","ast-banner-title-visibility":"","ast-main-header-display":"","ast-hfb-above-header-display":"","ast-hfb-below-header-display":"","ast-hfb-mobile-header-display":"","site-post-title":"","ast-breadcrumbs-content":"","ast-featured-img":"","footer-sml-layout":"","ast-disable-related-posts":"","theme-transparent-header-meta":"default","adv-header-id-meta":"","stick-header-meta":"","header-above-stick-meta":"","header-main-stick-meta":"","header-below-stick-meta":"","astra-migrate-meta-layouts":"set","ast-page-background-enabled":"default","ast-page-background-meta":{"desktop":{"background-color":"","background-image":"","background-repeat":"repeat","background-position":"center center","background-size":"auto","background-attachment":"scroll","background-type":"","background-media":"","overlay-type":"","overlay-color":"","overlay-opacity":"","overlay-gradient":""},"tablet":{"background-color":"","background-image":"","background-repeat":"repeat","background-position":"center center","background-size":"auto","background-attachment":"scroll","background-type":"","background-media":"","overlay-type":"","overlay-color":"","overlay-opacity":"","overlay-gradient":""},"mobile":{"background-color":"","background-image":"","background-repeat":"repeat","background-position":"center center","background-size":"auto","background-attachment":"scroll","background-type":"","background-media":"","overlay-type":"","overlay-color":"","overlay-opacity":"","overlay-gradient":""}},"ast-content-background-meta":{"desktop":{"background-color":"var(--ast-global-color-5)","background-image":"","background-repeat":"repeat","background-position":"center center","background-size":"auto","background-attachment":"scroll","background-type":"","background-media":"","overlay-type":"","overlay-color":"","overlay-opacity":"","overlay-gradient":""},"tablet":{"background-color":"var(--ast-global-color-5)","background-image":"","background-repeat":"repeat","background-position":"center center","background-size":"auto","background-attachment":"scroll","background-type":"","background-media":"","overlay-type":"","overlay-color":"","overlay-opacity":"","overlay-gradient":""},"mobile":{"background-color":"var(--ast-global-color-5)","background-image":"","background-repeat":"repeat","background-position":"center center","background-size":"auto","background-attachment":"scroll","background-type":"","background-media":"","overlay-type":"","overlay-color":"","overlay-opacity":"","overlay-gradient":""}},"_joinchat":{"telephone":"17776015835"}},"product_brand":[],"product_cat":[192,64,150,151,142,146],"product_tag":[332,333,474,105,195,189],"class_list":{"0":"post-4126","1":"product","2":"type-product","3":"status-publish","4":"has-post-thumbnail","6":"product_cat-50000-puff","7":"product_cat-bangbox-vape","8":"product_cat-buy-disposable-vapes-in-belgium","9":"product_cat-buy-disposable-vapes-in-france","10":"product_cat-digital-box-disposable-vapes","11":"product_cat-rechargeable-disposable-vapes","12":"product_tag-bang-box-50000","13":"product_tag-bang-box-50k","14":"product_tag-bang-hot-sale-vape","15":"product_tag-digital-disposable-vape","16":"product_tag-dual-flavor-disposable-vape","17":"product_tag-puff-50k","18":"desktop-align-left","19":"tablet-align-left","20":"mobile-align-left","22":"first","23":"instock","24":"sale","25":"shipping-taxable","26":"purchasable","27":"product-type-simple"},"acf":[],"uagb_featured_image_src":{"full":["https:\/\/vapestornado.com\/wp-content\/uploads\/2025\/04\/Bang-Box-50000-Puff-Best-Double-Flavor-Vape-scaled.webp",2560,2560,false],"thumbnail":["https:\/\/vapestornado.com\/wp-content\/uploads\/2025\/04\/Bang-Box-50000-Puff-Best-Double-Flavor-Vape-150x150.webp",150,150,true],"medium":["https:\/\/vapestornado.com\/wp-content\/uploads\/2025\/04\/Bang-Box-50000-Puff-Best-Double-Flavor-Vape-300x300.webp",300,300,true],"medium_large":["https:\/\/vapestornado.com\/wp-content\/uploads\/2025\/04\/Bang-Box-50000-Puff-Best-Double-Flavor-Vape-768x768.webp",768,768,true],"large":["https:\/\/vapestornado.com\/wp-content\/uploads\/2025\/04\/Bang-Box-50000-Puff-Best-Double-Flavor-Vape-1024x1024.webp",1024,1024,true],"1536x1536":["https:\/\/vapestornado.com\/wp-content\/uploads\/2025\/04\/Bang-Box-50000-Puff-Best-Double-Flavor-Vape-1536x1536.webp",1536,1536,true],"2048x2048":["https:\/\/vapestornado.com\/wp-content\/uploads\/2025\/04\/Bang-Box-50000-Puff-Best-Double-Flavor-Vape-2048x2048.webp",2048,2048,true],"trp-custom-language-flag":["https:\/\/vapestornado.com\/wp-content\/uploads\/2025\/04\/Bang-Box-50000-Puff-Best-Double-Flavor-Vape-scaled.webp",12,12,false],"woocommerce_thumbnail":["https:\/\/vapestornado.com\/wp-content\/uploads\/2025\/04\/Bang-Box-50000-Puff-Best-Double-Flavor-Vape-300x300.webp",300,300,true],"woocommerce_single":["https:\/\/vapestornado.com\/wp-content\/uploads\/2025\/04\/Bang-Box-50000-Puff-Best-Double-Flavor-Vape-600x600.webp",600,600,true],"woocommerce_gallery_thumbnail":["https:\/\/vapestornado.com\/wp-content\/uploads\/2025\/04\/Bang-Box-50000-Puff-Best-Double-Flavor-Vape-100x100.webp",100,100,true]},"uagb_author_info":{"display_name":"ESAMY","author_link":"https:\/\/vapestornado.com\/lt\/author\/"},"uagb_comment_info":0,"uagb_excerpt":"Bang Box 50000 Puff Disposable Vape with 45ml Dual-Flavor Tank Bang Box 50000 Puff Dual Flavour Vape with Smart Digital Display Bang Box 50k Puff Type-C Rechargeable Mesh Coil Disposable Device Add Amy's whatsapp to get right reply and discount price! WhatsApp: +86 17776015835 &nbsp;","_links":{"self":[{"href":"https:\/\/vapestornado.com\/lt\/wp-json\/wp\/v2\/product\/4126","targetHints":{"allow":["GET"]}}],"collection":[{"href":"https:\/\/vapestornado.com\/lt\/wp-json\/wp\/v2\/product"}],"about":[{"href":"https:\/\/vapestornado.com\/lt\/wp-json\/wp\/v2\/types\/product"}],"replies":[{"embeddable":true,"href":"https:\/\/vapestornado.com\/lt\/wp-json\/wp\/v2\/comments?post=4126"}],"wp:featuredmedia":[{"embeddable":true,"href":"https:\/\/vapestornado.com\/lt\/wp-json\/wp\/v2\/media\/4122"}],"wp:attachment":[{"href":"https:\/\/vapestornado.com\/lt\/wp-json\/wp\/v2\/media?parent=4126"}],"wp:term":[{"taxonomy":"product_brand","embeddable":true,"href":"https:\/\/vapestornado.com\/lt\/wp-json\/wp\/v2\/product_brand?post=4126"},{"taxonomy":"product_cat","embeddable":true,"href":"https:\/\/vapestornado.com\/lt\/wp-json\/wp\/v2\/product_cat?post=4126"},{"taxonomy":"product_tag","embeddable":true,"href":"https:\/\/vapestornado.com\/lt\/wp-json\/wp\/v2\/product_tag?post=4126"}],"curies":[{"name":"wp","href":"https:\/\/api.w.org\/{rel}","templated":true}]}}