{"id":4111,"date":"2025-04-11T09:55:33","date_gmt":"2025-04-11T09:55:33","guid":{"rendered":"https:\/\/vapestornado.com\/?post_type=product&#038;p=4111"},"modified":"2025-12-04T03:58:48","modified_gmt":"2025-12-04T03:58:48","slug":"high-quality-bang-leader-30000-puffs-disposable-box-pod-vaporizer","status":"publish","type":"product","link":"https:\/\/vapestornado.com\/lt\/product\/high-quality-bang-leader-30000-puffs-disposable-box-pod-vaporizer\/","title":{"rendered":"Auk\u0161tos kokyb\u0117s \u201eBang Leader 30000 Puffs\u201c vienkartinis d\u0117\u017eut\u0117s tipo garintuvas"},"content":{"rendered":"<h1 data-pm-slice=\"1 1 []\">Auk\u0161tos kokyb\u0117s \u201eBang Leader 30000 Puffs\u201c vienkartinis d\u0117\u017eut\u0117s tipo garintuvas<\/h1>\n<p data-start=\"1148\" data-end=\"1548\">Jei norite vienkartinio \u012frenginio, kuris veikia \u017eymiai ilgiau nei standartiniai \u012frenginiai, leid\u017eia akimirksniu keisti dvi skirtingas skoni\u0173 kombinacijas ir informuoja jus i\u0161maniu ekranu, Bang Leader 30000 P\u016btas suteikia iki 30 000 p\u016btim\u0173 su dvigubomis tinklelio rit\u0117mis, dviej\u0173 skoni\u0173 rotacija ir Type-C \u012fkrovimu kompakti\u0161ko dizaino.<\/p>\n<ul>\n<li data-start=\"759\" data-end=\"922\">\n<p data-start=\"761\" data-end=\"922\"><strong data-start=\"761\" data-end=\"779\">Sukurtas ilgaam\u017ei\u0161kumui:<\/strong> Su <strong data-start=\"785\" data-end=\"807\">iki 30 000 p\u016btim\u0173<\/strong>, tai yra <strong data-start=\"819\" data-end=\"854\">ilgiausiai veikiantis vienkartinis garintuvas<\/strong> pasirinkimas savo klas\u0117je, suma\u017einantis keitimo da\u017enum\u0105 ir vieno p\u016btimo kain\u0105.<\/p>\n<\/li>\n<li data-start=\"923\" data-end=\"1082\">\n<p data-start=\"925\" data-end=\"1082\"><strong data-start=\"925\" data-end=\"953\">Dvi skoni\u0173 galimyb\u0117s, vienas \u012frenginys:<\/strong> \u0160is <strong data-start=\"958\" data-end=\"1001\">Bang Leader 30000 P\u016btas dviej\u0173 skoni\u0173 vape<\/strong> leid\u017eia akimirksniu sukti ir keisti tarp dviej\u0173 profili\u0173\u2014nereikia papildomo vape.<\/p>\n<\/li>\n<li data-start=\"1083\" data-end=\"1235\">\n<p data-start=\"1085\" data-end=\"1235\"><strong data-start=\"1085\" data-end=\"1107\">Realaus laiko valdymas:<\/strong> Kaip <strong data-start=\"1113\" data-end=\"1148\">vienkartinis vape su LED ekranu<\/strong>, jis ai\u0161kiai rodo baterijos ir elektroninio skys\u010dio lygius, tod\u0117l niekada nesusipainiojate viduryje sesijos.<\/p>\n<\/li>\n<li data-start=\"1236\" data-end=\"1377\">\n<p data-start=\"1238\" data-end=\"1377\"><strong data-start=\"1238\" data-end=\"1267\">Patikimas skonio pristatymas:<\/strong> <strong data-start=\"1268\" data-end=\"1287\">Dvigubos tinklelio rit\u0117s<\/strong> laikykite gar\u0105 tank\u0173 ir skon\u012f \u0161veln\u0173 nuo pirmo iki paskutinio \u012fkv\u0117pimo, net ir ilgalaikio naudojimo metu.<\/p>\n<\/li>\n<li data-start=\"1378\" data-end=\"1517\">\n<p data-start=\"1380\" data-end=\"1517\"><strong data-start=\"1380\" data-end=\"1411\">Patogus energijos tiekimas keliaujant:<\/strong> <strong data-start=\"1412\" data-end=\"1450\">550mAh Type-C \u012fkraunama baterija<\/strong> rei\u0161kia, kad galite baigti piln\u0105 bakel\u012f nesul\u016b\u017eus \u012frenginiui anksti.<\/p>\n<\/li>\n<\/ul>\n<h2 class=\"\" data-start=\"1229\" data-end=\"1282\"><strong data-start=\"1235\" data-end=\"1282\">Bang Leader 30000 P\u016btas Vape technin\u0117s charakteristikos<\/strong><\/h2>\n<table>\n<thead>\n<tr>\n<th>Parametras<\/th>\n<th align=\"right\">Specifikacija<\/th>\n<th>\u017dmogaus paai\u0161kinimas<\/th>\n<\/tr>\n<\/thead>\n<tbody>\n<tr>\n<td>\u012ep\u016btim\u0173 talpa<\/td>\n<td align=\"right\">Iki 30 000 p\u016btim\u0173<\/td>\n<td>Ilgiausiai veikiantis vienkartinis vape savo kategorijoje; ma\u017eiau pirkim\u0173 ir ma\u017eesn\u0117s i\u0161laidos u\u017e p\u016btim\u0105.<\/td>\n<\/tr>\n<tr>\n<td>Skonio sistema<\/td>\n<td align=\"right\">Dvigubo skonio sukimas<\/td>\n<td>Du skoniai viename \u012frenginyje; pasukite, kad i\u0161kart pakeistum\u0117te.<\/td>\n<\/tr>\n<tr>\n<td>Rit\u0117s tipas<\/td>\n<td align=\"right\">Dvigubos tinklelio rit\u0117s<\/td>\n<td>Lygus \u0161ildymas = stipresnis skonis, \u0161velnesnis garas, ma\u017eesnis i\u0161blukimas.<\/td>\n<\/tr>\n<tr>\n<td>Baterija<\/td>\n<td align=\"right\">550mAh \u012fkraunamas<\/td>\n<td>Pakankamai galios ilgalaikiam naudojimui; \u012fkraukite vietoj to, kad prarastum\u0117te p\u016btimus.<\/td>\n<\/tr>\n<tr>\n<td>\u012ekrovimas<\/td>\n<td align=\"right\">USB Type-C<\/td>\n<td>Greitas, universalaus \u012fkrovimo kabelio standartas.<\/td>\n<\/tr>\n<tr>\n<td>Ekranas<\/td>\n<td align=\"right\">LED i\u0161manus ekranas<\/td>\n<td>Rodo baterijos ir e-skys\u010dio lygius, kad b\u016btum\u0117te kontroliuojantis.<\/td>\n<\/tr>\n<tr>\n<td>Aktyvavimas<\/td>\n<td align=\"right\">\u012ejungiama \u012ftraukimu<\/td>\n<td>Be mygtuk\u0173; \u012fkv\u0117pkite, kad \u012fkv\u0117ptum\u0117te\u2014pradedantiesiems draugi\u0161ka.<\/td>\n<\/tr>\n<tr>\n<td>Korpuso stilius<\/td>\n<td align=\"right\">Kompakti\u0161kas d\u0117\u017eut\u0117s dizainas<\/td>\n<td>Lengva ne\u0161iotis, tvirtas ki\u0161en\u0117se ar krep\u0161iuose.<\/td>\n<\/tr>\n<tr>\n<td>Paskirtis<\/td>\n<td align=\"right\">Kasdieniam ir intensyviam naudojimui<\/td>\n<td>Tinka atsitiktiniams vartotojams ir da\u017enai vaperiams.<\/td>\n<\/tr>\n<\/tbody>\n<\/table>\n<p data-start=\"666\" data-end=\"1235\"><strong style=\"font-size: 16px;\"><span style=\"color: #ff0000;\">Prid\u0117kite Amy WhatsApp, kad gautum\u0117te tinkam\u0105 atsakym\u0105 ir nuolaid\u0105!<\/span><\/strong><\/p>\n<p><img fetchpriority=\"high\" decoding=\"async\" class=\"size-full wp-image-2932\" src=\"https:\/\/vapestornado.com\/wp-content\/uploads\/2024\/12\/Vape-Wholesale.jpg\" alt=\"Garintuvai Didmenin\u0117 prekyba\" width=\"229\" height=\"300\" \/><\/p>\n<h3><a href=\"https:\/\/wa.me\/8617776015835\" target=\"_blank\" rel=\"noopener\"><span style=\"color: #ff0000;\"><strong>WhatsApp: +86 17776015835<\/strong><\/span><\/a><\/h3>\n<p>&nbsp;<\/p>\n<h2 class=\"product-title\"><strong>Bang Leader 30k vienkartini\u0173 elektronini\u0173 cigare\u010di\u0173 skoni\u0173 ap\u017evalga<\/strong><\/h2>\n<article class=\"w-full text-token-text-primary focus-visible:outline-2 focus-visible:outline-offset-[-4px]\" dir=\"auto\" data-testid=\"conversation-turn-32\" data-scroll-anchor=\"false\">\n<div class=\"m-auto text-base py-[18px] px-6\">\n<div class=\"mx-auto flex flex-1 text-base gap-4 md:gap-5 lg:gap-6 md:max-w-3xl lg:max-w-[40rem] xl:max-w-[48rem]\">\n<div class=\"group\/conversation-turn relative flex w-full min-w-0 flex-col @xs\/thread:px-0 @sm\/thread:px-1.5 @md\/thread:px-4\">\n<div class=\"flex-col gap-1 md:gap-3\">\n<div class=\"flex max-w-full flex-col flex-grow\">\n<div class=\"min-h-8 text-message flex w-full flex-col items-end gap-2 whitespace-normal break-words text-start [.text-message+&amp;]:mt-5\" dir=\"auto\" data-message-author-role=\"user\" data-message-id=\"ffac41ca-1db4-431b-873a-32c4052956f1\">\n<div class=\"flex w-full flex-col gap-1 empty:hidden items-end rtl:items-start\">\n<div class=\"relative max-w-[var(--user-chat-width,70%)] rounded-3xl bg-token-message-surface px-5 py-2.5\">\n<div class=\"absolute bottom-0 right-full top-0 -mr-3.5 hidden pr-5 pt-2 [.group\/conversation-turn:hover_&amp;]:flex\">\n<div class=\"flex\">\n<article class=\"w-full text-token-text-primary focus-visible:outline-2 focus-visible:outline-offset-[-4px]\" dir=\"auto\" data-testid=\"conversation-turn-39\" data-scroll-anchor=\"true\">\n<div class=\"m-auto text-base py-[18px] px-6\">\n<div class=\"mx-auto flex flex-1 text-base gap-4 md:gap-5 lg:gap-6 md:max-w-3xl lg:max-w-[40rem] xl:max-w-[48rem]\">\n<div class=\"group\/conversation-turn relative flex w-full min-w-0 flex-col agent-turn @xs\/thread:px-0 @sm\/thread:px-1.5 @md\/thread:px-4\">\n<div class=\"flex-col gap-1 md:gap-3\">\n<div class=\"flex max-w-full flex-col flex-grow\">\n<div class=\"min-h-8 text-message flex w-full flex-col items-end gap-2 whitespace-normal break-words text-start [.text-message+&amp;]:mt-5\" dir=\"auto\" data-message-author-role=\"assistant\" data-message-id=\"55a23854-ec57-48dd-bd4f-6118f43d6241\" data-message-model-slug=\"gpt-4o\">\n<div class=\"flex w-full flex-col gap-1 empty:hidden first:pt-[3px]\">\n<div class=\"markdown prose w-full break-words dark:prose-invert light\">\n<p>1. Arb\u016bz\u0173 ledas<br \/>\n2. Arb\u016bz\u0173 ledas<br \/>\n3. Bra\u0161ki\u0173 arb\u016bzas<br \/>\n4. Bra\u0161k\u0117 ir arb\u016bzas<br \/>\n5. M\u0117lyni\u0173 aviet\u0117s<br \/>\n6. M\u0117lyni\u0173 aviet\u0117s<br \/>\n7. M\u0117lyni\u0173 ledas<br \/>\n8. M\u0117lyni\u0173 ledas<br \/>\n9. Red Bull<br \/>\n10. Red Bull<br \/>\n11. Bra\u0161ki\u0173 ir kivi\u0173 skonio<br \/>\n12. Bra\u0161ki\u0173 ir kivi\u0173 skonio<\/p>\n<figure id=\"attachment_4109\" aria-describedby=\"caption-attachment-4109\" style=\"width: 800px\" class=\"wp-caption alignnone\"><img decoding=\"async\" class=\"wp-image-4109 size-full\" src=\"https:\/\/vapestornado.com\/wp-content\/uploads\/2025\/04\/High-Quality-Bang-Leader-30000-Puffs-Pen-Pod.webp\" alt=\"Auk\u0161tos kokyb\u0117s \u201eBang Leader 30000 Puffs\u201c vienkartinis prietaisas\" width=\"800\" height=\"800\" srcset=\"https:\/\/vapestornado.com\/wp-content\/uploads\/2025\/04\/High-Quality-Bang-Leader-30000-Puffs-Pen-Pod.webp 800w, https:\/\/vapestornado.com\/wp-content\/uploads\/2025\/04\/High-Quality-Bang-Leader-30000-Puffs-Pen-Pod-300x300.webp 300w, https:\/\/vapestornado.com\/wp-content\/uploads\/2025\/04\/High-Quality-Bang-Leader-30000-Puffs-Pen-Pod-150x150.webp 150w, https:\/\/vapestornado.com\/wp-content\/uploads\/2025\/04\/High-Quality-Bang-Leader-30000-Puffs-Pen-Pod-768x768.webp 768w, https:\/\/vapestornado.com\/wp-content\/uploads\/2025\/04\/High-Quality-Bang-Leader-30000-Puffs-Pen-Pod-600x600.webp 600w, https:\/\/vapestornado.com\/wp-content\/uploads\/2025\/04\/High-Quality-Bang-Leader-30000-Puffs-Pen-Pod-100x100.webp 100w\" sizes=\"(max-width: 800px) 100vw, 800px\" \/><figcaption id=\"caption-attachment-4109\" class=\"wp-caption-text\">Auk\u0161tos kokyb\u0117s \u201eBang Leader 30000 Puffs\u201c vienkartinis prietaisas<\/figcaption><\/figure>\n<\/div>\n<\/div>\n<\/div>\n<\/div>\n<\/div>\n<\/div>\n<\/div>\n<\/div>\n<\/article>\n<\/div>\n<\/div>\n<\/div>\n<\/div>\n<\/div>\n<\/div>\n<\/div>\n<\/div>\n<\/div>\n<\/div>\n<\/article>\n<h2>Kod\u0117l \u201eVapestornado\u201c yra geriausia vieta pirkti elektronines cigaretes?<\/h2>\n<div class=\"flex-shrink-0 flex flex-col relative items-end\">\n<div class=\"pt-0\">\n<div class=\"gizmo-bot-avatar flex h-8 w-8 items-center justify-center overflow-hidden rounded-full\">\n<div class=\"relative p-1 rounded-sm flex items-center justify-center bg-token-main-surface-primary text-token-text-primary h-8 w-8\">\n<p>At\u00a0<strong>VapeTornado<\/strong>, mes did\u017eiuojam\u0117s gal\u0117dami pasi\u016blyti\u00a0<strong>auk\u0161\u010diausios kokyb\u0117s garinimo produktus u\u017e neprilygstam\u0105 kain\u0105<\/strong>\u2014ir \u201eBang Leader 30000 Puff 30k\u201c n\u0117ra i\u0161imtis! \u0160tai kod\u0117l tur\u0117tum\u0117te pirkti i\u0161 m\u016bs\u0173:<\/p>\n<p class=\"\" data-start=\"49\" data-end=\"193\"><strong data-start=\"49\" data-end=\"81\">Neprilygstamos didmenin\u0117s kainos<\/strong> \u2013 M\u0117gaukit\u0117s geriausiais didmenin\u0117s prekybos pasi\u016blymais rinkoje, tod\u0117l esame pagrindinis tiek\u0117jas Lietuvos vape parduotuv\u0117ms ir perpardav\u0117jams.<\/p>\n<p class=\"\" data-start=\"195\" data-end=\"340\"><strong data-start=\"195\" data-end=\"228\">Greitas pristatymas<\/strong> \u2013 Mes pristatome j\u016bs\u0173 u\u017esakymus greitai ir saugiai, naudodami patikimas pasaulines siuntimo galimybes, pritaikytas j\u016bs\u0173 poreikiams.<\/p>\n<p class=\"\" data-start=\"342\" data-end=\"487\"><strong data-start=\"342\" data-end=\"367\">100% original\u016bs produktai<\/strong> \u2013 Atsisveikinkite su klastot\u0117mis! Garantuojame tik originalius \u201eBang Leader 30000 Puffs\u201c garintuvus, kuri\u0173 kokyb\u0117 ir na\u0161umas yra patikrinti.<\/p>\n<p class=\"\" data-start=\"489\" data-end=\"627\"><strong data-start=\"489\" data-end=\"516\">Profesionalus klient\u0173 aptarnavimas<\/strong> \u2013 Turite klausim\u0173? M\u016bs\u0173 i\u0161mananti vape komanda pasiruo\u0161usi jums pad\u0117ti bet kuriuo metu, u\u017etikrindama skland\u0173 ir be r\u016bpes\u010di\u0173 aptarnavim\u0105.<\/p>\n<p data-start=\"559\" data-end=\"933\" data-is-last-node=\"\" data-is-only-node=\"\">Mes taip pat turime kit\u0173 populiari\u0173 vape su ekranu, pavyzd\u017eiui, <a href=\"https:\/\/vapestornado.com\/lt\/product\/wga-legend-ultra-30k-30000-puffs-rechargeable-vape-pod-twins-flavor\/\">WGA Kristalas 30000 P\u016bstel\u0117jim\u0173<\/a>, <a href=\"https:\/\/vapestornado.com\/lt\/product\/waspe-aiviou-3-in-1-60000-puffs-disposable-vape-kit-best-price\/\">WASPE 60000 3-in-1<\/a>, <a href=\"https:\/\/vapestornado.com\/lt\/product\/uzy-crystal-50000-puff-twin-flavor-bulk-vapes-for-cheap\/\">UZY Kristalas 50000<\/a>, ir daugiau.<\/p>\n<\/div>\n<div class=\"relative p-1 rounded-sm flex items-center justify-center bg-token-main-surface-primary text-token-text-primary h-8 w-8\">\n<h2>DUK apie Bang Leader 30000 Puffs, kuriuos tur\u0117tum\u0117te \u017einoti<\/h2>\n<p data-start=\"1588\" data-end=\"1913\"><strong data-start=\"1588\" data-end=\"1678\">K: \u201eA\u0161 pavargau nuo vienkartini\u0173, kurios i\u0161sikrauna per kelias dienas. Ar \u0161is tikrai tarnaus ilgai?\u201c<\/strong><br data-start=\"1678\" data-end=\"1681\" \/><strong data-start=\"1681\" data-end=\"1687\">A:<\/strong> Taip. Bang Leader pristato <strong data-start=\"1718\" data-end=\"1740\">iki 30 000 p\u016btim\u0173<\/strong>, tod\u0117l dauguma vartotoj\u0173 gauna <strong data-start=\"1760\" data-end=\"1776\">savaites naudojimo<\/strong>, o ne dienas. Jis sukurtas sunkesniems vaperiams, kurie nori ma\u017eiau keisti ir atsitiktiniams vartotojams, kurie nori \u012frenginio, kuris i\u0161likt\u0173 patikimas ilgiau.<\/p>\n<p data-start=\"1915\" data-end=\"2197\"><strong data-start=\"1915\" data-end=\"1980\">Klausimas: \u201eAr auk\u0161to \u012fkv\u0117pimo vienkartiniai praras skon\u012f per vidur\u012f?\u201c<\/strong><br data-start=\"1980\" data-end=\"1983\" \/><strong data-start=\"1983\" data-end=\"1989\">A:<\/strong> Tai da\u017ena problema su standartin\u0117mis rit\u0117mis. Bang Leader j\u0105 sprend\u017eia naudodamas <strong data-start=\"2061\" data-end=\"2090\">dviguba tinklelio rit\u0117s technologija<\/strong>, kuris tolygiai \u0161ildo e-skyst\u012f ir i\u0161laiko stabil\u0173 skonio profil\u012f bei garo tank\u012f ilg\u0173 sesij\u0173 metu.<\/p>\n<p data-start=\"2199\" data-end=\"2470\"><strong data-start=\"2199\" data-end=\"2261\">K: \u201eMan patinka keisti skonius. Ar man reikia pirkti du elektroninius cigaretes?\u201c<\/strong><br data-start=\"2261\" data-end=\"2264\" \/><strong data-start=\"2264\" data-end=\"2270\">A:<\/strong> Ne. Tai yra tikra <strong data-start=\"2290\" data-end=\"2333\">Bang Leader 30000 P\u016btas dviej\u0173 skoni\u0173 vape<\/strong>. Dvigubo skonio rotacijos sistema leid\u017eia jums <strong data-start=\"2376\" data-end=\"2415\">greitai keisti tarp dviej\u0173 skoni\u0173<\/strong> su pasukimu, suteikiant \u012fvairov\u0119 be atsargini\u0173.<\/p>\n<p data-start=\"2472\" data-end=\"2734\"><strong data-start=\"2472\" data-end=\"2524\">K: \u201eKaip \u017einoti, kada baterija ar skystis yra ma\u017eai?\u201c<\/strong><br data-start=\"2524\" data-end=\"2527\" \/><strong data-start=\"2527\" data-end=\"2533\">A:<\/strong> Integruotas i\u0161manus ekranas leid\u017eia tai matyti <strong data-start=\"2573\" data-end=\"2608\">vienkartinis vape su LED ekranu<\/strong> kuris rodo <strong data-start=\"2620\" data-end=\"2663\">baterijos ir elektroninio skys\u010dio lyg\u012f realiu laiku<\/strong>. J\u016bs tiksliai \u017einosite, kada \u012fkrauti ar pakeisti\u2014be netik\u0117t\u0173 i\u0161d\u017ei\u016bvusi\u0173 tr\u016bkim\u0173.<\/p>\n<p data-start=\"2954\" data-end=\"3124\"><strong data-start=\"2954\" data-end=\"3001\">K: \u201eAr jis pakankamai ne\u0161iojamas kasdieniam naudojimui?\u201c<\/strong><br data-start=\"3001\" data-end=\"3004\" \/><strong data-start=\"3004\" data-end=\"3010\">A:<\/strong> Taip. Kompakti\u0161kas, d\u0117\u017eut\u0117s stiliaus korpusas yra <strong data-start=\"3047\" data-end=\"3078\">ki\u0161en\u0117je patogus ir patvarus<\/strong>, sukurtas kelion\u0117ms, va\u017eiavimui ir naktiniams pasivaik\u0161\u010diojimams.<\/p>\n<p data-start=\"3126\" data-end=\"3428\"><strong data-start=\"3126\" data-end=\"3170\">K: \u201eAr skoniai yra stipr\u016bs ir populiar\u016bs?\u201c<\/strong><br data-start=\"3170\" data-end=\"3173\" \/><strong data-start=\"3173\" data-end=\"3179\">A:<\/strong> Asortimentas sutelkiamas \u012f skonio poras, kurios i\u0161lieka malonios ilg\u0105 laik\u0105\u2014kaip <strong data-start=\"3254\" data-end=\"3292\">Red Bull<\/strong>, <strong data-start=\"3294\" data-end=\"3325\">Bra\u0161ki\u0173 ir kivi\u0173<\/strong>ir <strong data-start=\"3331\" data-end=\"3368\">M\u0117lyni\u0173 ledas<\/strong>. Dvigubo tinklelio \u0161ildymas i\u0161laiko kiekvien\u0105 profil\u012f \u0161var\u0173 ir nuosekl\u0173.<\/p>\n<\/div>\n<\/div>\n<\/div>\n<\/div>","protected":false},"excerpt":{"rendered":"<p class=\"LC20lb MBeuO DKV0Md\">\u201eBang Leader 30000 Puffs\u201c pig\u016bs elektroniniai cigare\u010di\u0173 prietaisai, skirti r\u016bkyti, didmenin\u0117 prekyba Lenkijoje<br \/>\n\u201eBang Leader 30000 Puffs\u201c 2 viename dvigubo skonio elektronini\u0173 cigare\u010di\u0173 d\u0117\u017eut\u0117 didmenine kaina<br \/>\n\u201eBang Leader 30000 Puffs\u201c pig\u016bs elektroniniai cigare\u010di\u0173 prietaisai, perkami urmu<\/p>\n<p><strong>Prid\u0117kite Amy's whatsapp, kad gautum\u0117te tinkam\u0105 atsakym\u0105 ir nuolaidos kain\u0105!<\/strong><\/p>\n<p><img fetchpriority=\"high\" decoding=\"async\" class=\"size-full wp-image-2932\" src=\"https:\/\/vapestornado.com\/wp-content\/uploads\/2024\/12\/Vape-Wholesale.jpg\" alt=\"Garintuvai Didmenin\u0117 prekyba\" width=\"229\" height=\"300\" \/><\/p>\n<h3><a href=\"https:\/\/wa.me\/8617776015835\"><span style=\"color: #ff0000;\"><strong>WhatsApp: +86 17776015835<\/strong><\/span><\/a><\/h3>\n<p>&nbsp;<\/p>","protected":false},"featured_media":4105,"comment_status":"open","ping_status":"closed","template":"","meta":{"_acf_changed":false,"_uag_custom_page_level_css":"","_lmt_disableupdate":"no","_lmt_disable":"","_monsterinsights_skip_tracking":false,"_monsterinsights_sitenote_active":false,"_monsterinsights_sitenote_note":"","_monsterinsights_sitenote_category":0,"site-sidebar-layout":"default","site-content-layout":"","ast-site-content-layout":"default","site-content-style":"default","site-sidebar-style":"default","ast-global-header-display":"","ast-banner-title-visibility":"","ast-main-header-display":"","ast-hfb-above-header-display":"","ast-hfb-below-header-display":"","ast-hfb-mobile-header-display":"","site-post-title":"","ast-breadcrumbs-content":"","ast-featured-img":"","footer-sml-layout":"","ast-disable-related-posts":"","theme-transparent-header-meta":"default","adv-header-id-meta":"","stick-header-meta":"","header-above-stick-meta":"","header-main-stick-meta":"","header-below-stick-meta":"","astra-migrate-meta-layouts":"set","ast-page-background-enabled":"default","ast-page-background-meta":{"desktop":{"background-color":"","background-image":"","background-repeat":"repeat","background-position":"center center","background-size":"auto","background-attachment":"scroll","background-type":"","background-media":"","overlay-type":"","overlay-color":"","overlay-opacity":"","overlay-gradient":""},"tablet":{"background-color":"","background-image":"","background-repeat":"repeat","background-position":"center center","background-size":"auto","background-attachment":"scroll","background-type":"","background-media":"","overlay-type":"","overlay-color":"","overlay-opacity":"","overlay-gradient":""},"mobile":{"background-color":"","background-image":"","background-repeat":"repeat","background-position":"center center","background-size":"auto","background-attachment":"scroll","background-type":"","background-media":"","overlay-type":"","overlay-color":"","overlay-opacity":"","overlay-gradient":""}},"ast-content-background-meta":{"desktop":{"background-color":"var(--ast-global-color-5)","background-image":"","background-repeat":"repeat","background-position":"center center","background-size":"auto","background-attachment":"scroll","background-type":"","background-media":"","overlay-type":"","overlay-color":"","overlay-opacity":"","overlay-gradient":""},"tablet":{"background-color":"var(--ast-global-color-5)","background-image":"","background-repeat":"repeat","background-position":"center center","background-size":"auto","background-attachment":"scroll","background-type":"","background-media":"","overlay-type":"","overlay-color":"","overlay-opacity":"","overlay-gradient":""},"mobile":{"background-color":"var(--ast-global-color-5)","background-image":"","background-repeat":"repeat","background-position":"center center","background-size":"auto","background-attachment":"scroll","background-type":"","background-media":"","overlay-type":"","overlay-color":"","overlay-opacity":"","overlay-gradient":""}},"_joinchat":{"telephone":"17776015835"}},"product_brand":[],"product_cat":[67,278,154,156,142],"product_tag":[470,469,328,105,198],"class_list":{"0":"post-4111","1":"product","2":"type-product","3":"status-publish","4":"has-post-thumbnail","6":"product_cat-30000-puff","7":"product_cat-bang-leader-vape","8":"product_cat-buy-disposable-vapes-in-netherlands","9":"product_cat-buy-disposable-vapes-in-poland","10":"product_cat-digital-box-disposable-vapes","11":"product_tag-30k-puff-vape","12":"product_tag-bang-leader-30k","13":"product_tag-cheap-e-cigs","14":"product_tag-digital-disposable-vape","15":"product_tag-double-flavor-disposable-vape","16":"desktop-align-left","17":"tablet-align-left","18":"mobile-align-left","20":"first","21":"instock","22":"sale","23":"shipping-taxable","24":"purchasable","25":"product-type-simple"},"acf":[],"uagb_featured_image_src":{"full":["https:\/\/vapestornado.com\/wp-content\/uploads\/2025\/04\/Bang-30000-Puffs-Pro-Big-Screen-Double-Flavors-Disposable.webp",800,800,false],"thumbnail":["https:\/\/vapestornado.com\/wp-content\/uploads\/2025\/04\/Bang-30000-Puffs-Pro-Big-Screen-Double-Flavors-Disposable-150x150.webp",150,150,true],"medium":["https:\/\/vapestornado.com\/wp-content\/uploads\/2025\/04\/Bang-30000-Puffs-Pro-Big-Screen-Double-Flavors-Disposable-300x300.webp",300,300,true],"medium_large":["https:\/\/vapestornado.com\/wp-content\/uploads\/2025\/04\/Bang-30000-Puffs-Pro-Big-Screen-Double-Flavors-Disposable-768x768.webp",768,768,true],"large":["https:\/\/vapestornado.com\/wp-content\/uploads\/2025\/04\/Bang-30000-Puffs-Pro-Big-Screen-Double-Flavors-Disposable.webp",800,800,false],"1536x1536":["https:\/\/vapestornado.com\/wp-content\/uploads\/2025\/04\/Bang-30000-Puffs-Pro-Big-Screen-Double-Flavors-Disposable.webp",800,800,false],"2048x2048":["https:\/\/vapestornado.com\/wp-content\/uploads\/2025\/04\/Bang-30000-Puffs-Pro-Big-Screen-Double-Flavors-Disposable.webp",800,800,false],"trp-custom-language-flag":["https:\/\/vapestornado.com\/wp-content\/uploads\/2025\/04\/Bang-30000-Puffs-Pro-Big-Screen-Double-Flavors-Disposable.webp",12,12,false],"woocommerce_thumbnail":["https:\/\/vapestornado.com\/wp-content\/uploads\/2025\/04\/Bang-30000-Puffs-Pro-Big-Screen-Double-Flavors-Disposable-300x300.webp",300,300,true],"woocommerce_single":["https:\/\/vapestornado.com\/wp-content\/uploads\/2025\/04\/Bang-30000-Puffs-Pro-Big-Screen-Double-Flavors-Disposable-600x600.webp",600,600,true],"woocommerce_gallery_thumbnail":["https:\/\/vapestornado.com\/wp-content\/uploads\/2025\/04\/Bang-30000-Puffs-Pro-Big-Screen-Double-Flavors-Disposable-100x100.webp",100,100,true]},"uagb_author_info":{"display_name":"ESAMY","author_link":"https:\/\/vapestornado.com\/lt\/author\/"},"uagb_comment_info":0,"uagb_excerpt":"Bang Leader 30000 Puffs Cheap E Cigs Smoke Shop Wholesale Poland Bang Leader 30000 Puffs 2 in 1 Double Flavor Vape Box Wholesale Price Bang Leader 30000 Puffs\u00a0 Cheap ECigs Buy In Bulk Add Amy's whatsapp to get right reply and discount price! WhatsApp: +86 17776015835 &nbsp;","_links":{"self":[{"href":"https:\/\/vapestornado.com\/lt\/wp-json\/wp\/v2\/product\/4111","targetHints":{"allow":["GET"]}}],"collection":[{"href":"https:\/\/vapestornado.com\/lt\/wp-json\/wp\/v2\/product"}],"about":[{"href":"https:\/\/vapestornado.com\/lt\/wp-json\/wp\/v2\/types\/product"}],"replies":[{"embeddable":true,"href":"https:\/\/vapestornado.com\/lt\/wp-json\/wp\/v2\/comments?post=4111"}],"wp:featuredmedia":[{"embeddable":true,"href":"https:\/\/vapestornado.com\/lt\/wp-json\/wp\/v2\/media\/4105"}],"wp:attachment":[{"href":"https:\/\/vapestornado.com\/lt\/wp-json\/wp\/v2\/media?parent=4111"}],"wp:term":[{"taxonomy":"product_brand","embeddable":true,"href":"https:\/\/vapestornado.com\/lt\/wp-json\/wp\/v2\/product_brand?post=4111"},{"taxonomy":"product_cat","embeddable":true,"href":"https:\/\/vapestornado.com\/lt\/wp-json\/wp\/v2\/product_cat?post=4111"},{"taxonomy":"product_tag","embeddable":true,"href":"https:\/\/vapestornado.com\/lt\/wp-json\/wp\/v2\/product_tag?post=4111"}],"curies":[{"name":"wp","href":"https:\/\/api.w.org\/{rel}","templated":true}]}}