{"id":4103,"date":"2025-04-10T09:29:15","date_gmt":"2025-04-10T09:29:15","guid":{"rendered":"https:\/\/vapestornado.com\/?post_type=product&#038;p=4103"},"modified":"2025-12-02T09:08:48","modified_gmt":"2025-12-02T09:08:48","slug":"bang-leader-45000-puff-45k-cheap-e-cigs-bulk-buy-online","status":"publish","type":"product","link":"https:\/\/vapestornado.com\/lt\/product\/bang-leader-45000-puff-45k-cheap-e-cigs-bulk-buy-online\/","title":{"rendered":"Bang Leader 45000 \u012fp\u016btim\u0173 45k pig\u016bs elektroniniai cigare\u010di\u0173 didmeniniai pirkiniai internetu"},"content":{"rendered":"<h1 data-pm-slice=\"1 1 []\">Bang Leader 45000 \u012fp\u016btim\u0173 45k pig\u016bs elektroniniai cigare\u010di\u0173 didmeniniai pirkiniai internetu<\/h1>\n<p data-start=\"465\" data-end=\"826\">\u0160is <strong data-start=\"469\" data-end=\"511\">Bang Leader 45000 Puff vienkartinis Vape<\/strong> yra viena i\u0161 galingiausi\u0173 ir patikimiausi\u0173 galimybi\u0173 45 000 p\u016btimo vienkartini\u0173 vape kategorijoje. Su 650mAh \u012fkraunama baterija, nikotino stiprumais 0%, 2% ir 5% bei \u012fsp\u016bdingu 45 000 p\u016btim\u0173 talpa, \u012frenginys suteikia ilgalaik\u0119 ir nuosekli\u0105 vaping patirt\u012f, puikiai tinkant\u012f ilgesniems seansams.<\/p>\n<h4 data-start=\"828\" data-end=\"878\">1. Auk\u0161tos kokyb\u0117s baterija ir i\u0161manusis ekranas<\/h4>\n<p data-start=\"879\" data-end=\"1303\">\u012erengtas su <strong data-start=\"895\" data-end=\"926\">650mAh \u012fkraunama baterija<\/strong>, bang\u0173 lyderio vape u\u017etikrina, kad gal\u0117tum\u0117te m\u0117gautis ilgesniais vaping seansais be r\u016bpes\u010di\u0173 d\u0117l da\u017en\u0173 \u012fkrovim\u0173. Jame taip pat yra <strong data-start=\"1058\" data-end=\"1083\">skaitmeninis i\u0161manusis ekranas<\/strong> kuris teikia realaus laiko informacij\u0105 apie baterijos ir e-liquido lygius, suteikdamas vartotojams visi\u0161k\u0105 kontrol\u0119 naudojimo metu. \u0160is funkcionalumas pa\u0161alina sp\u0117liones, padeda steb\u0117ti \u012frenginio b\u016bsen\u0105 ir u\u017etikrina be r\u016bpes\u010di\u0173 patirt\u012f.<\/p>\n<h4 data-start=\"1305\" data-end=\"1337\">2. Optimizuotas 1.0\u03a9 tinklelio rit\u0117s<\/h4>\n<p data-start=\"1338\" data-end=\"1634\">\u0160is <strong data-start=\"1342\" data-end=\"1360\">1.0\u03a9 tinklelio rit\u0117<\/strong> naudojama bang\u0173 lyderio vape pagerina garo gamyb\u0105 ir u\u017etikrina skland\u0173, skon\u012f turint\u012f \u012fkv\u0117pim\u0105 nuo prad\u017eios iki pabaigos. Tinklelio rit\u0117s dizainas si\u016blo geresn\u012f \u0161ilumos efektyvum\u0105, u\u017etikrindamas nuosekl\u0173 ir tolyg\u0173 gar\u0105 viso \u012frenginio naudojimo metu, pagerindamas bendr\u0105 vaping patirt\u012f.<\/p>\n<h4 data-start=\"1636\" data-end=\"1672\">3. Dvigubo skonio perjungimo sistema<\/h4>\n<p data-start=\"1673\" data-end=\"1877\">I\u0161skirtin\u0117 \u0161io vape ypatyb\u0117 yra jos <strong data-start=\"1712\" data-end=\"1744\">dvigubo skonio perjungimo sistema<\/strong>, leid\u017eianti vartotojams akimirksniu perjungti tarp dviej\u0173 skirting\u0173 skonio profil\u0173. Kai kurie populiariausi skonio deriniai yra:<\/p>\n<ul data-start=\"1878\" data-end=\"2042\">\n<li data-start=\"1878\" data-end=\"1928\">\n<p data-start=\"1880\" data-end=\"1928\"><strong data-start=\"1880\" data-end=\"1928\">M\u0117lyn\u0117 aviet\u0117<\/strong><\/p>\n<\/li>\n<li data-start=\"1929\" data-end=\"1969\">\n<p data-start=\"1931\" data-end=\"1969\"><strong data-start=\"1931\" data-end=\"1969\">Red Bull<\/strong><\/p>\n<\/li>\n<li data-start=\"1970\" data-end=\"2003\">\n<p data-start=\"1972\" data-end=\"2003\"><strong data-start=\"1972\" data-end=\"2003\">Cola Ice<\/strong><\/p>\n<\/li>\n<li data-start=\"2004\" data-end=\"2042\">\n<p data-start=\"2006\" data-end=\"2042\"><strong data-start=\"2006\" data-end=\"2042\">Blueberry Ice<\/strong><\/p>\n<\/li>\n<\/ul>\n<p data-start=\"2044\" data-end=\"2199\">\u0160i dvigubo skonio sistema suteikia universalum\u0105, leid\u017eiant vartotojams m\u0117gautis \u012fvairiais skoniais viename \u012frenginyje, i\u0161laikant vaping patirt\u012f \u012fdomi\u0105 ir \u0161vie\u017ei\u0105.<\/p>\n<h4 data-start=\"2201\" data-end=\"2236\">4. Kompakti\u0161kas ir ne\u0161iojamas dizainas<\/h4>\n<p data-start=\"2237\" data-end=\"2544\">\u0160is <strong data-start=\"2241\" data-end=\"2267\">Bang Leader 45000 P\u016btimas<\/strong> yra sukurtas b\u016bti kompakti\u0161kas ir ki\u0161eninis, u\u017etikrinant patogum\u0105 naudotis kelyje. Jo ergonomi\u0161kas dizainas leid\u017eia vartotojams j\u012f ne\u0161iotis be pastang\u0173, tiek kasdieniam naudojimui, tiek kelion\u0117se. Tai prakti\u0161kas sprendimas tiems, kurie ie\u0161ko auk\u0161tos kokyb\u0117s, ne\u0161iojamo vaping \u012frenginio.<\/p>\n<h4 data-start=\"2546\" data-end=\"2585\">5. Didelis rinkos poreikis Europoje<\/h4>\n<p data-start=\"2586\" data-end=\"2963\">Kaip auk\u0161tos kokyb\u0117s vienkartinis vape, <strong data-start=\"2620\" data-end=\"2646\">Bang Leader 45000 P\u016btimas<\/strong> yra pozicionuotas atitikti augant\u012f poreik\u012f Europos rinkoje. Jo veikimas ir funkcijos daro j\u012f puikiu pasirinkimu tiek asmeniniam naudojimui, tiek didmeninei platinimui. Vape parduotuv\u0117ms ir perpardav\u0117jams jis si\u016blo stipri\u0105 paklaus\u0105, <strong data-start=\"2884\" data-end=\"2907\">konkurencingas pelningumas<\/strong>, ir \u012frengin\u012f, kuris pritraukia <strong data-start=\"2942\" data-end=\"2962\">pakartotinius klientus<\/strong>.<\/p>\n<h4 data-start=\"2965\" data-end=\"2998\">6. Nikotino stiprumo pasirinkimai<\/h4>\n<p data-start=\"2999\" data-end=\"3233\">\u012erenginys yra prieinamas trij\u0173 nikotino stiprumo variant\u0173: <strong data-start=\"3059\" data-end=\"3077\">0%, 2% ir 5%<\/strong>, tenkinan\u010di\u0173 plat\u0173 naudotoj\u0173 spektr\u0105. Nesvarbu, ar m\u0117gstate nikotino neturin\u010di\u0105 patirt\u012f, ar stipresn\u012f \u012fsp\u016bd\u012f, Bang Leader 45000 P\u016bst\u0173 turi k\u0105 pasi\u016blyti kiekvienam.<\/p>\n<p data-start=\"666\" data-end=\"1235\"><strong style=\"font-size: 16px;\"><span style=\"color: #ff0000;\">Prid\u0117kite Amy WhatsApp, kad gautum\u0117te tinkam\u0105 atsakym\u0105 ir nuolaid\u0105!<\/span><\/strong><\/p>\n<p><img fetchpriority=\"high\" decoding=\"async\" class=\"size-full wp-image-2932\" src=\"https:\/\/vapestornado.com\/wp-content\/uploads\/2024\/12\/Vape-Wholesale.jpg\" alt=\"Garintuvai Didmenin\u0117 prekyba\" width=\"229\" height=\"300\" \/><\/p>\n<h3><a href=\"https:\/\/wa.me\/8617776015835\" target=\"_blank\" rel=\"noopener\"><span style=\"color: #ff0000;\"><strong>WhatsApp: +86 17776015835<\/strong><\/span><\/a><\/h3>\n<p>&nbsp;<\/p>\n<h2><strong>Bang Leader 45000 pagrindin\u0117s gaminio savyb\u0117s<\/strong><\/h2>\n<p>Prek\u0117s \u017eenklas: BANG LEADER<br \/>\nPUSTAI: 45000<br \/>\nBaterija: 650mah \u012fkraunama<br \/>\nVar\u017ea: 1.0ohm<br \/>\n2 viename dvigubas skonis<br \/>\nSkaitmeninis aliejaus ir akumuliatoriaus ekranas<br \/>\nNikotinas 0% 2% 5%<\/p>\n<h2 class=\"product-title\"><strong>Bang Leader 45k vienkartini\u0173 elektronini\u0173 cigare\u010di\u0173 skoni\u0173 ap\u017evalga<\/strong><\/h2>\n<article class=\"w-full text-token-text-primary focus-visible:outline-2 focus-visible:outline-offset-[-4px]\" dir=\"auto\" data-testid=\"conversation-turn-32\" data-scroll-anchor=\"false\">\n<div class=\"m-auto text-base py-[18px] px-6\">\n<div class=\"mx-auto flex flex-1 text-base gap-4 md:gap-5 lg:gap-6 md:max-w-3xl lg:max-w-[40rem] xl:max-w-[48rem]\">\n<div class=\"group\/conversation-turn relative flex w-full min-w-0 flex-col @xs\/thread:px-0 @sm\/thread:px-1.5 @md\/thread:px-4\">\n<div class=\"flex-col gap-1 md:gap-3\">\n<div class=\"flex max-w-full flex-col flex-grow\">\n<div class=\"min-h-8 text-message flex w-full flex-col items-end gap-2 whitespace-normal break-words text-start [.text-message+&amp;]:mt-5\" dir=\"auto\" data-message-author-role=\"user\" data-message-id=\"ffac41ca-1db4-431b-873a-32c4052956f1\">\n<div class=\"flex w-full flex-col gap-1 empty:hidden items-end rtl:items-start\">\n<div class=\"relative max-w-[var(--user-chat-width,70%)] rounded-3xl bg-token-message-surface px-5 py-2.5\">\n<div class=\"absolute bottom-0 right-full top-0 -mr-3.5 hidden pr-5 pt-2 [.group\/conversation-turn:hover_&amp;]:flex\">\n<div class=\"flex\">\n<article class=\"w-full text-token-text-primary focus-visible:outline-2 focus-visible:outline-offset-[-4px]\" dir=\"auto\" data-testid=\"conversation-turn-39\" data-scroll-anchor=\"true\">\n<div class=\"m-auto text-base py-[18px] px-6\">\n<div class=\"mx-auto flex flex-1 text-base gap-4 md:gap-5 lg:gap-6 md:max-w-3xl lg:max-w-[40rem] xl:max-w-[48rem]\">\n<div class=\"group\/conversation-turn relative flex w-full min-w-0 flex-col agent-turn @xs\/thread:px-0 @sm\/thread:px-1.5 @md\/thread:px-4\">\n<div class=\"flex-col gap-1 md:gap-3\">\n<div class=\"flex max-w-full flex-col flex-grow\">\n<div class=\"min-h-8 text-message flex w-full flex-col items-end gap-2 whitespace-normal break-words text-start [.text-message+&amp;]:mt-5\" dir=\"auto\" data-message-author-role=\"assistant\" data-message-id=\"55a23854-ec57-48dd-bd4f-6118f43d6241\" data-message-model-slug=\"gpt-4o\">\n<div class=\"flex w-full flex-col gap-1 empty:hidden first:pt-[3px]\">\n<div class=\"markdown prose w-full break-words dark:prose-invert light\">\n<p>1.Arb\u016bz\u0173 ledas<br \/>\n2.Bra\u0161k\u0117s ir arb\u016bzas<br \/>\n3.Bra\u0161k\u0117s ir arb\u016bzas<br \/>\n4.M\u0117lyni\u0173 aviet\u0117s<br \/>\n5.M\u0117lyni\u0173 arb\u016bzas<br \/>\n6.M\u0117lyni\u0173 ledas<br \/>\n7. M\u0117lyni\u0173 ledas<br \/>\n8. Red Bull<br \/>\n9. Red Bull<br \/>\n10. Bra\u0161ki\u0173 ir kivi\u0173<br \/>\n11. Kola ledas<br \/>\n12. Ananas\u0173 ledas<\/p>\n<figure id=\"attachment_4097\" aria-describedby=\"caption-attachment-4097\" style=\"width: 300px\" class=\"wp-caption alignnone\"><img decoding=\"async\" class=\"size-medium wp-image-4097\" src=\"https:\/\/vapestornado.com\/wp-content\/uploads\/2025\/04\/Bang-45000-Puff-Buy-Vape-Mods-Online-300x300.webp\" alt=\"Bang 45000 Puff Pirkti Vape Mods internetu\" width=\"300\" height=\"300\" srcset=\"https:\/\/vapestornado.com\/wp-content\/uploads\/2025\/04\/Bang-45000-Puff-Buy-Vape-Mods-Online-300x300.webp 300w, https:\/\/vapestornado.com\/wp-content\/uploads\/2025\/04\/Bang-45000-Puff-Buy-Vape-Mods-Online-150x150.webp 150w, https:\/\/vapestornado.com\/wp-content\/uploads\/2025\/04\/Bang-45000-Puff-Buy-Vape-Mods-Online-768x768.webp 768w, https:\/\/vapestornado.com\/wp-content\/uploads\/2025\/04\/Bang-45000-Puff-Buy-Vape-Mods-Online-600x600.webp 600w, https:\/\/vapestornado.com\/wp-content\/uploads\/2025\/04\/Bang-45000-Puff-Buy-Vape-Mods-Online-100x100.webp 100w, https:\/\/vapestornado.com\/wp-content\/uploads\/2025\/04\/Bang-45000-Puff-Buy-Vape-Mods-Online.webp 800w\" sizes=\"(max-width: 300px) 100vw, 300px\" \/><figcaption id=\"caption-attachment-4097\" class=\"wp-caption-text\">Bang 45000 Puff Pirkti Vape Mods internetu<\/figcaption><\/figure>\n<\/div>\n<\/div>\n<\/div>\n<\/div>\n<\/div>\n<\/div>\n<\/div>\n<\/div>\n<\/article>\n<\/div>\n<\/div>\n<\/div>\n<\/div>\n<\/div>\n<\/div>\n<\/div>\n<\/div>\n<\/div>\n<\/div>\n<\/article>\n<h2>Kod\u0117l \u201eVapestornado\u201c yra geriausia vieta pirkti elektronines cigaretes?<\/h2>\n<div class=\"flex-shrink-0 flex flex-col relative items-end\">\n<div class=\"pt-0\">\n<div class=\"gizmo-bot-avatar flex h-8 w-8 items-center justify-center overflow-hidden rounded-full\">\n<div class=\"relative p-1 rounded-sm flex items-center justify-center bg-token-main-surface-primary text-token-text-primary h-8 w-8\">\n<p>At\u00a0<strong>VapeTornado<\/strong>, mes did\u017eiuojam\u0117s gal\u0117dami pasi\u016blyti\u00a0<strong>auk\u0161\u010diausios kokyb\u0117s garinimo produktus u\u017e neprilygstam\u0105 kain\u0105<\/strong>\u2014ir Bang Leader 45000 Puff 45k n\u0117ra i\u0161imtis! \u0160tai kod\u0117l tur\u0117tum\u0117te pirkti i\u0161 m\u016bs\u0173:<\/p>\n<p class=\"\" data-start=\"49\" data-end=\"193\"><strong data-start=\"49\" data-end=\"81\">Neprilygstamos didmenin\u0117s kainos<\/strong> \u2013 M\u0117gaukit\u0117s geriausiais didmenin\u0117s prekybos pasi\u016blymais rinkoje, tod\u0117l esame pagrindinis tiek\u0117jas Lietuvos vape parduotuv\u0117ms ir perpardav\u0117jams.<\/p>\n<p class=\"\" data-start=\"195\" data-end=\"340\"><strong data-start=\"195\" data-end=\"228\">Greitas pristatymas<\/strong> \u2013 Mes pristatome j\u016bs\u0173 u\u017esakymus greitai ir saugiai, naudodami patikimas pasaulines siuntimo galimybes, pritaikytas j\u016bs\u0173 poreikiams.<\/p>\n<p class=\"\" data-start=\"342\" data-end=\"487\"><strong data-start=\"342\" data-end=\"367\">100% original\u016bs produktai<\/strong> \u2013 Atsisveikinkite su klastot\u0117mis! Garantuojame tik original\u0173 \u201eBang 45000 Puff Buy Vape\u201c su patikrintu kokybe ir na\u0161umu.<\/p>\n<p class=\"\" data-start=\"489\" data-end=\"627\"><strong data-start=\"489\" data-end=\"516\">Profesionalus klient\u0173 aptarnavimas<\/strong> \u2013 Turite klausim\u0173? M\u016bs\u0173 i\u0161mananti vape komanda pasiruo\u0161usi jums pad\u0117ti bet kuriuo metu, u\u017etikrindama skland\u0173 ir be r\u016bpes\u010di\u0173 aptarnavim\u0105.<\/p>\n<p data-start=\"559\" data-end=\"933\" data-is-last-node=\"\" data-is-only-node=\"\">Mes taip pat turime kit\u0173 populiari\u0173 vape su ekranu, pavyzd\u017eiui, <a href=\"https:\/\/vapestornado.com\/lt\/product\/wga-legend-ultra-30k-30000-puffs-rechargeable-vape-pod-twins-flavor\/\">WGA Kristalas 30000 P\u016bstel\u0117jim\u0173<\/a>, <a href=\"https:\/\/vapestornado.com\/lt\/product\/waspe-aiviou-3-in-1-60000-puffs-disposable-vape-kit-best-price\/\">WASPE 60000 3-in-1<\/a>, <a href=\"https:\/\/vapestornado.com\/lt\/product\/uzy-crystal-50000-puff-twin-flavor-bulk-vapes-for-cheap\/\">UZY Kristalas 50000<\/a>, ir daugiau.<\/p>\n<\/div>\n<div class=\"relative p-1 rounded-sm flex items-center justify-center bg-token-main-surface-primary text-token-text-primary h-8 w-8\">\n<h2>DUK apie Bang Leader 45000 Puff, kuriuos galb\u016bt nor\u0117tum\u0117te \u017einoti<\/h2>\n<p class=\"\" data-start=\"1408\" data-end=\"1608\"><strong data-start=\"1408\" data-end=\"1466\">1. Kiek laiko veikia \u201eBang Leader 45000 Puff\u201c vape?<\/strong><br data-start=\"1466\" data-end=\"1469\" \/>\u0160is \u012frenginys si\u016blo iki <strong data-start=\"1494\" data-end=\"1509\">45000 \u012ftraukim\u0173<\/strong>, kurie, priklausomai nuo j\u016bs\u0173 naudojimo, gali trukti kelias savaites, tod\u0117l jis idealiai tinka ilgalaikiam garinimui ar perpardavimui.<\/p>\n<p class=\"\" data-start=\"1610\" data-end=\"1771\"><strong data-start=\"1610\" data-end=\"1659\">2. Ar galiu \u012fkrauti \u201eBang Leader 45000\u201c vape?<\/strong><br data-start=\"1659\" data-end=\"1662\" \/>Taip! Jame yra \u012fmontuotas <strong data-start=\"1692\" data-end=\"1723\">650mAh \u012fkraunama baterija<\/strong> ir C tipo \u012fkrovimo prievad\u0105 greitam \u012fkrovimui.<\/p>\n<p class=\"\" data-start=\"1773\" data-end=\"1986\"><strong data-start=\"1773\" data-end=\"1826\">3. Koks yra dvigubos skonio sistemos prana\u0161umas?<\/strong><br data-start=\"1826\" data-end=\"1829\" \/>\u0160is <strong data-start=\"1833\" data-end=\"1857\">2 viename dvigubas skonis<\/strong> s\u0105ranka suteikia jums daugiau \u012fvairov\u0117s viename \u012frenginyje. Galite m\u0117gautis vienu skoniu, pereiti prie kito arba mai\u0161yti, kad gautum\u0117te unikal\u0173 skon\u012f.<\/p>\n<p class=\"\" data-start=\"1988\" data-end=\"2168\"><strong data-start=\"1988\" data-end=\"2047\">4. Ar yra b\u016bdas patikrinti akumuliatoriaus ir e. skys\u010dio lygius?<\/strong><br data-start=\"2047\" data-end=\"2050\" \/>\u017dinoma! The <strong data-start=\"2066\" data-end=\"2091\">i\u0161manusis skaitmeninis ekranas<\/strong> rodo tiek akumuliatoriaus veikimo laik\u0105, tiek likus\u012f e. skys\u010dio kiek\u012f, tod\u0117l j\u016bs visada kontroliuojate.<\/p>\n<p class=\"\" data-start=\"2170\" data-end=\"2384\"><strong data-start=\"2170\" data-end=\"2225\">5. Kokie yra populiariausi skoni\u0173 deriniai?<\/strong><br data-start=\"2225\" data-end=\"2228\" \/>Populiariausi pasirinkimai yra <strong data-start=\"2246\" data-end=\"2277\">Bra\u0161ki\u0173 ir kivi\u0173<\/strong>, <strong data-start=\"2279\" data-end=\"2316\">M\u0117lyni\u0173 ledas<\/strong>ir <strong data-start=\"2322\" data-end=\"2354\">Ananas\u0173 ledas<\/strong> \u2013 gerb\u0117j\u0173 m\u0117gstamiausi d\u0117l prie\u017easties!<\/p>\n<\/div>\n<\/div>\n<\/div>\n<\/div>","protected":false},"excerpt":{"rendered":"<p class=\"LC20lb MBeuO DKV0Md\">Bang Leader 45000 Pig\u016bs E cigare\u010di\u0173 d\u016bm\u0173 parduotuv\u0117 Didmenin\u0117 prekyba Lenkija<br \/>\nBang 45000 P\u016btim\u0173 45k 2 viename dvigubo skonio Vape d\u0117\u017eut\u0117s didmenin\u0117 kaina<br \/>\nBang Leader Puff 45k Pig\u016bs ECigs Pirkti urmu<\/p>\n<p><strong>Prid\u0117kite Amy's whatsapp, kad gautum\u0117te tinkam\u0105 atsakym\u0105 ir nuolaidos kain\u0105!<\/strong><\/p>\n<p><img fetchpriority=\"high\" decoding=\"async\" class=\"size-full wp-image-2932\" src=\"https:\/\/vapestornado.com\/wp-content\/uploads\/2024\/12\/Vape-Wholesale.jpg\" alt=\"Garintuvai Didmenin\u0117 prekyba\" width=\"229\" height=\"300\" \/><\/p>\n<h3><a href=\"https:\/\/wa.me\/8617776015835\"><span style=\"color: #ff0000;\"><strong>WhatsApp: +86 17776015835<\/strong><\/span><\/a><\/h3>\n<p>&nbsp;<\/p>","protected":false},"featured_media":4098,"comment_status":"open","ping_status":"closed","template":"","meta":{"_acf_changed":false,"_uag_custom_page_level_css":"","_lmt_disableupdate":"no","_lmt_disable":"","_monsterinsights_skip_tracking":false,"_monsterinsights_sitenote_active":false,"_monsterinsights_sitenote_note":"","_monsterinsights_sitenote_category":0,"site-sidebar-layout":"default","site-content-layout":"","ast-site-content-layout":"default","site-content-style":"default","site-sidebar-style":"default","ast-global-header-display":"","ast-banner-title-visibility":"","ast-main-header-display":"","ast-hfb-above-header-display":"","ast-hfb-below-header-display":"","ast-hfb-mobile-header-display":"","site-post-title":"","ast-breadcrumbs-content":"","ast-featured-img":"","footer-sml-layout":"","ast-disable-related-posts":"","theme-transparent-header-meta":"default","adv-header-id-meta":"","stick-header-meta":"","header-above-stick-meta":"","header-main-stick-meta":"","header-below-stick-meta":"","astra-migrate-meta-layouts":"set","ast-page-background-enabled":"default","ast-page-background-meta":{"desktop":{"background-color":"","background-image":"","background-repeat":"repeat","background-position":"center center","background-size":"auto","background-attachment":"scroll","background-type":"","background-media":"","overlay-type":"","overlay-color":"","overlay-opacity":"","overlay-gradient":""},"tablet":{"background-color":"","background-image":"","background-repeat":"repeat","background-position":"center center","background-size":"auto","background-attachment":"scroll","background-type":"","background-media":"","overlay-type":"","overlay-color":"","overlay-opacity":"","overlay-gradient":""},"mobile":{"background-color":"","background-image":"","background-repeat":"repeat","background-position":"center center","background-size":"auto","background-attachment":"scroll","background-type":"","background-media":"","overlay-type":"","overlay-color":"","overlay-opacity":"","overlay-gradient":""}},"ast-content-background-meta":{"desktop":{"background-color":"var(--ast-global-color-5)","background-image":"","background-repeat":"repeat","background-position":"center center","background-size":"auto","background-attachment":"scroll","background-type":"","background-media":"","overlay-type":"","overlay-color":"","overlay-opacity":"","overlay-gradient":""},"tablet":{"background-color":"var(--ast-global-color-5)","background-image":"","background-repeat":"repeat","background-position":"center center","background-size":"auto","background-attachment":"scroll","background-type":"","background-media":"","overlay-type":"","overlay-color":"","overlay-opacity":"","overlay-gradient":""},"mobile":{"background-color":"var(--ast-global-color-5)","background-image":"","background-repeat":"repeat","background-position":"center center","background-size":"auto","background-attachment":"scroll","background-type":"","background-media":"","overlay-type":"","overlay-color":"","overlay-opacity":"","overlay-gradient":""}},"_joinchat":{"telephone":"17776015835"}},"product_brand":[],"product_cat":[265,278,154,156,142],"product_tag":[329,327,328,105,198],"class_list":{"0":"post-4103","1":"product","2":"type-product","3":"status-publish","4":"has-post-thumbnail","6":"product_cat-45000-puff","7":"product_cat-bang-leader-vape","8":"product_cat-buy-disposable-vapes-in-netherlands","9":"product_cat-buy-disposable-vapes-in-poland","10":"product_cat-digital-box-disposable-vapes","11":"product_tag-bang-leader-45000","12":"product_tag-bang-leader-45k","13":"product_tag-cheap-e-cigs","14":"product_tag-digital-disposable-vape","15":"product_tag-double-flavor-disposable-vape","16":"desktop-align-left","17":"tablet-align-left","18":"mobile-align-left","20":"first","21":"instock","22":"sale","23":"shipping-taxable","24":"purchasable","25":"product-type-simple"},"acf":[],"uagb_featured_image_src":{"full":["https:\/\/vapestornado.com\/wp-content\/uploads\/2025\/04\/Bang-Leader-45k-45000-Puff-Vape-Box-Cheap-Price.webp",800,800,false],"thumbnail":["https:\/\/vapestornado.com\/wp-content\/uploads\/2025\/04\/Bang-Leader-45k-45000-Puff-Vape-Box-Cheap-Price-150x150.webp",150,150,true],"medium":["https:\/\/vapestornado.com\/wp-content\/uploads\/2025\/04\/Bang-Leader-45k-45000-Puff-Vape-Box-Cheap-Price-300x300.webp",300,300,true],"medium_large":["https:\/\/vapestornado.com\/wp-content\/uploads\/2025\/04\/Bang-Leader-45k-45000-Puff-Vape-Box-Cheap-Price-768x768.webp",768,768,true],"large":["https:\/\/vapestornado.com\/wp-content\/uploads\/2025\/04\/Bang-Leader-45k-45000-Puff-Vape-Box-Cheap-Price.webp",800,800,false],"1536x1536":["https:\/\/vapestornado.com\/wp-content\/uploads\/2025\/04\/Bang-Leader-45k-45000-Puff-Vape-Box-Cheap-Price.webp",800,800,false],"2048x2048":["https:\/\/vapestornado.com\/wp-content\/uploads\/2025\/04\/Bang-Leader-45k-45000-Puff-Vape-Box-Cheap-Price.webp",800,800,false],"trp-custom-language-flag":["https:\/\/vapestornado.com\/wp-content\/uploads\/2025\/04\/Bang-Leader-45k-45000-Puff-Vape-Box-Cheap-Price.webp",12,12,false],"woocommerce_thumbnail":["https:\/\/vapestornado.com\/wp-content\/uploads\/2025\/04\/Bang-Leader-45k-45000-Puff-Vape-Box-Cheap-Price-300x300.webp",300,300,true],"woocommerce_single":["https:\/\/vapestornado.com\/wp-content\/uploads\/2025\/04\/Bang-Leader-45k-45000-Puff-Vape-Box-Cheap-Price-600x600.webp",600,600,true],"woocommerce_gallery_thumbnail":["https:\/\/vapestornado.com\/wp-content\/uploads\/2025\/04\/Bang-Leader-45k-45000-Puff-Vape-Box-Cheap-Price-100x100.webp",100,100,true]},"uagb_author_info":{"display_name":"ESAMY","author_link":"https:\/\/vapestornado.com\/lt\/author\/"},"uagb_comment_info":0,"uagb_excerpt":"Bang Leader 45000 Cheap E Cigs Smoke Shop Wholesale Poland Bang\u00a0 45000 Puff 45k 2 in 1 Double Flavor Vape Box Wholesale Price Bang Leader Puff 45k Cheap ECigs Buy In Bulk Add Amy's whatsapp to get right reply and discount price! WhatsApp: +86 17776015835 &nbsp;","_links":{"self":[{"href":"https:\/\/vapestornado.com\/lt\/wp-json\/wp\/v2\/product\/4103","targetHints":{"allow":["GET"]}}],"collection":[{"href":"https:\/\/vapestornado.com\/lt\/wp-json\/wp\/v2\/product"}],"about":[{"href":"https:\/\/vapestornado.com\/lt\/wp-json\/wp\/v2\/types\/product"}],"replies":[{"embeddable":true,"href":"https:\/\/vapestornado.com\/lt\/wp-json\/wp\/v2\/comments?post=4103"}],"wp:featuredmedia":[{"embeddable":true,"href":"https:\/\/vapestornado.com\/lt\/wp-json\/wp\/v2\/media\/4098"}],"wp:attachment":[{"href":"https:\/\/vapestornado.com\/lt\/wp-json\/wp\/v2\/media?parent=4103"}],"wp:term":[{"taxonomy":"product_brand","embeddable":true,"href":"https:\/\/vapestornado.com\/lt\/wp-json\/wp\/v2\/product_brand?post=4103"},{"taxonomy":"product_cat","embeddable":true,"href":"https:\/\/vapestornado.com\/lt\/wp-json\/wp\/v2\/product_cat?post=4103"},{"taxonomy":"product_tag","embeddable":true,"href":"https:\/\/vapestornado.com\/lt\/wp-json\/wp\/v2\/product_tag?post=4103"}],"curies":[{"name":"wp","href":"https:\/\/api.w.org\/{rel}","templated":true}]}}