{"id":4089,"date":"2025-04-08T03:43:30","date_gmt":"2025-04-08T03:43:30","guid":{"rendered":"https:\/\/vapestornado.com\/?post_type=product&#038;p=4089"},"modified":"2025-08-23T12:34:43","modified_gmt":"2025-08-23T12:34:43","slug":"wga-legend-ultra-30k-30000-puffs-rechargeable-vape-pod-twins-flavor","status":"publish","type":"product","link":"https:\/\/vapestornado.com\/lt\/product\/wga-legend-ultra-30k-30000-puffs-rechargeable-vape-pod-twins-flavor\/","title":{"rendered":"WGA Legend Ultra 30K 30000 d\u016b\u017ei\u0173 \u012fkraunamas garintuvas su dvigubu skoniu"},"content":{"rendered":"<h1 data-pm-slice=\"1 1 []\">WGA Legend Ultra 30K 30000 d\u016b\u017ei\u0173 \u012fkraunamas garintuvas su dvigubu skoniu<\/h1>\n<p class=\"\" data-start=\"402\" data-end=\"928\">\u0160is <strong data-start=\"316\" data-end=\"374\">WGA Legend Ultra 30K 30000 \u012ekv\u0117pim\u0173 \u012ekraunamas Gar\u0173 Pod'as<\/strong> i\u0161 naujo apibr\u0117\u017eia universalum\u0105 su savo <strong data-start=\"406\" data-end=\"429\">dviguba skonio sistema<\/strong>, leid\u017eian\u010dia perjungti tarp dviej\u0173 <strong data-start=\"466\" data-end=\"491\">10 ml papildom\u0173 talpykl\u0173<\/strong> dinami\u0161kai garinimo patir\u010diai. Kiekvien\u0105 \u012fkv\u0117pim\u0105 maitina pa\u017eangus <strong data-start=\"558\" data-end=\"582\">tinklelio rit\u0117s technologija<\/strong>, u\u017etikrinantis tolygius garus ir intensyv\u0173 skon\u012f. Sukurtas su <strong data-start=\"657\" data-end=\"679\">aptakiu kristaliniu korpusu,<\/strong>, jis yra patvarus, stilingas ir idealus kasdien\u0117ms kelion\u0117ms.<\/p>\n<p>\u012erengtas su <strong data-start=\"761\" data-end=\"792\">650mAh \u012fkraunama baterija<\/strong> ir <strong data-start=\"797\" data-end=\"821\">C tipo greit\u0105j\u012f \u012fkrovim\u0105<\/strong>, Legend Ultra 30K u\u017etikrina minimali\u0105 prastov\u0105 ir patikim\u0105 naudojim\u0105 vis\u0105 dien\u0105. The <strong data-start=\"899\" data-end=\"924\">i\u0161manusis skaitmeninis ekranas<\/strong> informuoja jus apie e-skys\u010dio lygius ir baterijos veikimo laik\u0105, suteikdamas jums visi\u0161k\u0105 seans\u0173 kontrol\u0119. Si\u016blanti iki <strong data-start=\"1039\" data-end=\"1055\">30 000 \u012ftraukim\u0173<\/strong>, kelis nikotino stiprumus ir TPD atitikt\u012f visoje Europoje, tai puikus na\u0161umo, stiliaus ir didmenin\u0117s vert\u0117s balansas.<\/p>\n<p data-start=\"666\" data-end=\"1235\"><strong style=\"font-size: 16px;\"><span style=\"color: #ff0000;\">Prid\u0117kite Amy WhatsApp, kad gautum\u0117te tinkam\u0105 atsakym\u0105 ir nuolaid\u0105!<\/span><\/strong><\/p>\n<p><img fetchpriority=\"high\" decoding=\"async\" class=\"size-full wp-image-2932\" src=\"https:\/\/vapestornado.com\/wp-content\/uploads\/2024\/12\/Vape-Wholesale.jpg\" alt=\"Garintuvai Didmenin\u0117 prekyba\" width=\"229\" height=\"300\" \/><\/p>\n<h3><a href=\"https:\/\/wa.me\/8617776015835\" target=\"_blank\" rel=\"noopener\"><span style=\"color: #ff0000;\"><strong>WhatsApp: +86 17776015835<\/strong><\/span><\/a><\/h3>\n<p>&nbsp;<\/p>\n<h2><strong>WGA Legend Ultra 30K pagrindin\u0117s gaminio savyb\u0117s<\/strong><\/h2>\n<p>\u2022 Iki 30000 \u012fkv\u0117pim\u0173<br \/>\n\u2022 2 ml i\u0161 anksto u\u017epildyta kapsul\u0117<br \/>\n\u2022 2 x 10 ml papildomo e-skys\u010dio<br \/>\n\u2022 650 mAh integruota baterija<br \/>\n\u2022 Tinklelio rit\u0117<br \/>\n\u2022 I\u0161manusis ekranas<br \/>\n\u2022 Dvigubo skonio garintuvas<br \/>\n\u2022 C tipo prievadas<br \/>\n\u2022 Atitinka TPD<\/p>\n<figure id=\"attachment_4069\" aria-describedby=\"caption-attachment-4069\" style=\"width: 800px\" class=\"wp-caption alignnone\"><img decoding=\"async\" class=\"wp-image-4069 size-full\" src=\"https:\/\/vapestornado.com\/wp-content\/uploads\/2025\/04\/WGA-Crystal-Legend-Ultra-30000-30k-Disposable-Vape.webp\" alt=\"WGA Crystal Legend Ultra 30000 30k vienkartinis garintuvas\" width=\"800\" height=\"800\" srcset=\"https:\/\/vapestornado.com\/wp-content\/uploads\/2025\/04\/WGA-Crystal-Legend-Ultra-30000-30k-Disposable-Vape.webp 800w, https:\/\/vapestornado.com\/wp-content\/uploads\/2025\/04\/WGA-Crystal-Legend-Ultra-30000-30k-Disposable-Vape-300x300.webp 300w, https:\/\/vapestornado.com\/wp-content\/uploads\/2025\/04\/WGA-Crystal-Legend-Ultra-30000-30k-Disposable-Vape-150x150.webp 150w, https:\/\/vapestornado.com\/wp-content\/uploads\/2025\/04\/WGA-Crystal-Legend-Ultra-30000-30k-Disposable-Vape-768x768.webp 768w, https:\/\/vapestornado.com\/wp-content\/uploads\/2025\/04\/WGA-Crystal-Legend-Ultra-30000-30k-Disposable-Vape-600x600.webp 600w, https:\/\/vapestornado.com\/wp-content\/uploads\/2025\/04\/WGA-Crystal-Legend-Ultra-30000-30k-Disposable-Vape-100x100.webp 100w\" sizes=\"(max-width: 800px) 100vw, 800px\" \/><figcaption id=\"caption-attachment-4069\" class=\"wp-caption-text\">WGA Crystal Legend Ultra 30000 30k vienkartinis garintuvas<\/figcaption><\/figure>\n<h2 class=\"product-title\"><strong>WGA Legend Ultra 30K vienkartini\u0173 garintuv\u0173 skoni\u0173 ap\u017evalga<\/strong><\/h2>\n<article class=\"w-full text-token-text-primary focus-visible:outline-2 focus-visible:outline-offset-[-4px]\" dir=\"auto\" data-testid=\"conversation-turn-32\" data-scroll-anchor=\"false\">\n<div class=\"m-auto text-base py-[18px] px-6\">\n<div class=\"mx-auto flex flex-1 text-base gap-4 md:gap-5 lg:gap-6 md:max-w-3xl lg:max-w-[40rem] xl:max-w-[48rem]\">\n<div class=\"group\/conversation-turn relative flex w-full min-w-0 flex-col @xs\/thread:px-0 @sm\/thread:px-1.5 @md\/thread:px-4\">\n<div class=\"flex-col gap-1 md:gap-3\">\n<div class=\"flex max-w-full flex-col flex-grow\">\n<div class=\"min-h-8 text-message flex w-full flex-col items-end gap-2 whitespace-normal break-words text-start [.text-message+&amp;]:mt-5\" dir=\"auto\" data-message-author-role=\"user\" data-message-id=\"ffac41ca-1db4-431b-873a-32c4052956f1\">\n<div class=\"flex w-full flex-col gap-1 empty:hidden items-end rtl:items-start\">\n<div class=\"relative max-w-[var(--user-chat-width,70%)] rounded-3xl bg-token-message-surface px-5 py-2.5\">\n<div class=\"absolute bottom-0 right-full top-0 -mr-3.5 hidden pr-5 pt-2 [.group\/conversation-turn:hover_&amp;]:flex\">\n<div class=\"flex\">\n<article class=\"w-full text-token-text-primary focus-visible:outline-2 focus-visible:outline-offset-[-4px]\" dir=\"auto\" data-testid=\"conversation-turn-39\" data-scroll-anchor=\"true\">\n<div class=\"m-auto text-base py-[18px] px-6\">\n<div class=\"mx-auto flex flex-1 text-base gap-4 md:gap-5 lg:gap-6 md:max-w-3xl lg:max-w-[40rem] xl:max-w-[48rem]\">\n<div class=\"group\/conversation-turn relative flex w-full min-w-0 flex-col agent-turn @xs\/thread:px-0 @sm\/thread:px-1.5 @md\/thread:px-4\">\n<div class=\"flex-col gap-1 md:gap-3\">\n<div class=\"flex max-w-full flex-col flex-grow\">\n<div class=\"min-h-8 text-message flex w-full flex-col items-end gap-2 whitespace-normal break-words text-start [.text-message+&amp;]:mt-5\" dir=\"auto\" data-message-author-role=\"assistant\" data-message-id=\"55a23854-ec57-48dd-bd4f-6118f43d6241\" data-message-model-slug=\"gpt-4o\">\n<div class=\"flex w-full flex-col gap-1 empty:hidden first:pt-[3px]\">\n<div class=\"markdown prose w-full break-words dark:prose-invert light\">\n<ol data-start=\"21\" data-end=\"608\">\n<li class=\"\" data-start=\"21\" data-end=\"56\">\n<p class=\"\" data-start=\"24\" data-end=\"56\">M\u0117lyni\u0173 ledas \u2013 bra\u0161ki\u0173 ledas<\/p>\n<\/li>\n<li class=\"\" data-start=\"57\" data-end=\"121\">\n<p class=\"\" data-start=\"60\" data-end=\"121\">M\u0117lyni\u0173 avie\u010di\u0173 vy\u0161nios \u2013 m\u0117lyni\u0173 bra\u0161ki\u0173 spanguol\u0117s<\/p>\n<\/li>\n<li class=\"\" data-start=\"122\" data-end=\"164\">\n<p class=\"\" data-start=\"125\" data-end=\"164\">M\u0117lynosios aviet\u0117s vy\u0161nios \u2013 m\u0117lyni\u0173 avie\u010di\u0173 limonadas<\/p>\n<\/li>\n<li class=\"\" data-start=\"165\" data-end=\"193\">\n<p class=\"\" data-start=\"168\" data-end=\"193\">M\u0117lyni\u0173 plu\u0161as \u2013 ro\u017einis plu\u0161as<\/p>\n<\/li>\n<li class=\"\" data-start=\"194\" data-end=\"230\">\n<p class=\"\" data-start=\"197\" data-end=\"230\">Gazuo\u010di\u0173 vy\u0161nios \u2013 vy\u0161ni\u0173 aviet\u0117s<\/p>\n<\/li>\n<li class=\"\" data-start=\"231\" data-end=\"265\">\n<p class=\"\" data-start=\"234\" data-end=\"265\">Ledynin\u0117 m\u0117ta \u2013 trigubas mentolis<\/p>\n<\/li>\n<li class=\"\" data-start=\"266\" data-end=\"291\">\n<p class=\"\" data-start=\"269\" data-end=\"291\">Guminukas \u2013 vaivoryk\u0161t\u0117<\/p>\n<\/li>\n<li class=\"\" data-start=\"292\" data-end=\"333\">\n<p class=\"\" data-start=\"295\" data-end=\"333\">Sultingas persikas \u2013 mango persik\u0173 arb\u016bzas<\/p>\n<\/li>\n<li class=\"\" data-start=\"334\" data-end=\"363\">\n<p class=\"\" data-start=\"337\" data-end=\"363\">Citrina ir \u017eali\u0173j\u0173 citrin\u0173 derinys \u2013 citrininis \u0161erbetas<\/p>\n<\/li>\n<li class=\"\" data-start=\"364\" data-end=\"399\">\n<p class=\"\" data-start=\"368\" data-end=\"399\">Ponas M\u0117lynasis \u2013 m\u0117lyna r\u016bg\u0161ti aviet\u0117<\/p>\n<\/li>\n<li class=\"\" data-start=\"400\" data-end=\"442\">\n<p class=\"\" data-start=\"404\" data-end=\"442\">Persik\u0173 gvajava ir bra\u0161k\u0117s \u2013 sultingas persikas<\/p>\n<\/li>\n<li class=\"\" data-start=\"443\" data-end=\"476\">\n<p class=\"\" data-start=\"447\" data-end=\"476\">Ananas\u0173 ledas \u2013 sultingas mangas<\/p>\n<\/li>\n<li class=\"\" data-start=\"477\" data-end=\"514\">\n<p class=\"\" data-start=\"481\" data-end=\"514\">Sakura vynuog\u0117s \u2013 vynuogi\u0173 guminukas<\/p>\n<\/li>\n<li class=\"\" data-start=\"515\" data-end=\"572\">\n<p class=\"\" data-start=\"519\" data-end=\"572\">Bra\u0161ki\u0173 avie\u010di\u0173 ledas \u2013 bra\u0161ki\u0173 vaivoryk\u0161t\u0117s skittles<\/p>\n<\/li>\n<li class=\"\" data-start=\"573\" data-end=\"608\">\n<p class=\"\" data-start=\"577\" data-end=\"608\">Arb\u016bz\u0173 ledas \u2013 dvigubas obuolys<\/p>\n<\/li>\n<\/ol>\n<\/div>\n<\/div>\n<\/div>\n<\/div>\n<\/div>\n<\/div>\n<\/div>\n<\/div>\n<\/article>\n<\/div>\n<\/div>\n<\/div>\n<\/div>\n<\/div>\n<\/div>\n<\/div>\n<\/div>\n<\/div>\n<\/div>\n<\/article>\n<h2>Kod\u0117l verta rinktis \u201eVapestornado\u201c perkant dideliais kiekiais \u201eWGA Crystal 30K Puff\u201c?<\/h2>\n<div class=\"flex-shrink-0 flex flex-col relative items-end\">\n<div class=\"pt-0\">\n<div class=\"gizmo-bot-avatar flex h-8 w-8 items-center justify-center overflow-hidden rounded-full\">\n<div class=\"relative p-1 rounded-sm flex items-center justify-center bg-token-main-surface-primary text-token-text-primary h-8 w-8\">\n<p>At\u00a0<strong>VapeTornado<\/strong>, mes did\u017eiuojam\u0117s gal\u0117dami pasi\u016blyti\u00a0<strong>auk\u0161\u010diausios kokyb\u0117s garinimo produktus u\u017e neprilygstam\u0105 kain\u0105<\/strong>\u2014ir \u201eElf Box Crystal Bar 600\u201c n\u0117ra i\u0161imtis! \u0160tai kod\u0117l tur\u0117tum\u0117te pirkti i\u0161 m\u016bs\u0173:<\/p>\n<p class=\"\" data-start=\"49\" data-end=\"193\"><strong data-start=\"49\" data-end=\"81\">Neprilygstamos didmenin\u0117s kainos<\/strong> \u2013 M\u0117gaukit\u0117s geriausiais didmenin\u0117s prekybos pasi\u016blymais rinkoje, tod\u0117l esame pagrindinis tiek\u0117jas Lietuvos vape parduotuv\u0117ms ir perpardav\u0117jams.<\/p>\n<p class=\"\" data-start=\"195\" data-end=\"340\"><strong data-start=\"195\" data-end=\"228\">Greitas pristatymas<\/strong> \u2013 Mes pristatome j\u016bs\u0173 u\u017esakymus greitai ir saugiai, naudodami patikimas pasaulines siuntimo galimybes, pritaikytas j\u016bs\u0173 poreikiams.<\/p>\n<p class=\"\" data-start=\"342\" data-end=\"487\"><strong data-start=\"342\" data-end=\"367\">100% original\u016bs produktai<\/strong> \u2013 Atsisveikinkite su klastot\u0117mis! Garantuojame tik originalius \u201eWASPE Triple\u201c vienkartinius garintuvus su patikrintu kokybe ir na\u0161umu.<\/p>\n<p class=\"\" data-start=\"489\" data-end=\"627\"><strong data-start=\"489\" data-end=\"516\">Profesionalus klient\u0173 aptarnavimas<\/strong> \u2013 Turite klausim\u0173? M\u016bs\u0173 i\u0161mananti vape komanda pasiruo\u0161usi jums pad\u0117ti bet kuriuo metu, u\u017etikrindama skland\u0173 ir be r\u016bpes\u010di\u0173 aptarnavim\u0105.<\/p>\n<p data-start=\"559\" data-end=\"933\" data-is-last-node=\"\" data-is-only-node=\"\">Mes taip pat turime kit\u0173 populiari\u0173 vape su ekranu, pavyzd\u017eiui, <a href=\"https:\/\/vapestornado.com\/lt\/product\/bang-king-vape-36000-puff-dual-vaping-mode-disposables-pod-best-price\/\">BANG KING 36000 \u0160i\u0161a<\/a>, <a href=\"https:\/\/vapestornado.com\/lt\/product\/waspe-aiviou-3-in-1-60000-puffs-disposable-vape-kit-best-price\/\">WASPE 60000 3-in-1<\/a>, <a href=\"https:\/\/vapestornado.com\/lt\/product\/alfakh-crown-bar-20000-puffs-disposable-shisha-hookah-wholesale-vape-pen\/\">ALFAKH 20000<\/a>, ir daugiau.<\/p>\n<\/div>\n<div class=\"relative p-1 rounded-sm flex items-center justify-center bg-token-main-surface-primary text-token-text-primary h-8 w-8\">\n<h2>DUK apie \u201eWGA Legend Ultra 30000\u201c<\/h2>\n<p class=\"\" data-start=\"1444\" data-end=\"1657\"><strong data-start=\"1444\" data-end=\"1503\">1. Kaip perjungti skonius \u201eWGA Legend Ultra 30K\u201c?<\/strong><br data-start=\"1503\" data-end=\"1506\" \/>\u012erenginyje \u012fdiegta dvigubo rezervuaro konstrukcija. Tiesiog perjunkite selektori\u0173 arba \u012fkv\u0117pkite i\u0161 nurodytos pus\u0117s, kad perjungtum\u0117te du i\u0161 anksto u\u017epildytus 10 ml skonius.<\/p>\n<p class=\"\" data-start=\"1659\" data-end=\"1864\"><strong data-start=\"1659\" data-end=\"1719\">2. Ar \u201eWGA Legend Ultra 30K\u201c yra daugkartinio naudojimo ar vienkartinis?<\/strong><br data-start=\"1719\" data-end=\"1722\" \/>\u0160is \u012frenginys apima <strong data-start=\"1743\" data-end=\"1775\">2 daugkartinio u\u017epildymo 10 ml talpyklas<\/strong>, tod\u0117l galite lengvai papildyti savo m\u0117gstamus e. skys\u010dio skonius, kai tik pasibaigs pradinis u\u017epildymas.<\/p>\n<p class=\"\" data-start=\"1866\" data-end=\"2058\"><strong data-start=\"1866\" data-end=\"1906\">3. K\u0105 rodo i\u0161manusis ekranas?<\/strong><br data-start=\"1906\" data-end=\"1909\" \/>\u0160is <strong data-start=\"1913\" data-end=\"1930\">I\u0161manusis ekranas<\/strong> pateikia realaus laiko atnaujinimus apie akumuliatoriaus \u012fkrovos lyg\u012f ir e. skys\u010dio b\u016bsen\u0105, tod\u0117l lengva \u017einoti, kada reikia \u012fkrauti arba papildyti.<\/p>\n<p class=\"\" data-start=\"2060\" data-end=\"2231\"><strong data-start=\"2060\" data-end=\"2109\">4. Ar \u201eWGA Legend Ultra 30K\u201c atitinka TPD reikalavimus?<\/strong><br data-start=\"2109\" data-end=\"2112\" \/>Taip, jis yra <strong data-start=\"2122\" data-end=\"2139\">TPD atitinka<\/strong>, o tai rei\u0161kia, kad jis atitinka grie\u017etus Lietuvos ir ES saugos ir kokyb\u0117s reglamentus, taikomus garinimo produktams.<\/p>\n<p class=\"\" data-start=\"2233\" data-end=\"2446\"><strong data-start=\"2233\" data-end=\"2295\">5. Kiek laiko veikia 650 mAh akumuliatorius visi\u0161kai \u012fkrovus?<\/strong><br data-start=\"2295\" data-end=\"2298\" \/>D\u0117l efektyvios tinklelio rit\u0117s technologijos akumuliatorius gali patogiai veikti ilg\u0173 garinimo seans\u0173 metu ir palaiko greit\u0105 <strong data-start=\"2424\" data-end=\"2434\">C tipo<\/strong> \u012fkrovim\u0105.<\/p>\n<\/div>\n<\/div>\n<\/div>\n<\/div>","protected":false},"excerpt":{"rendered":"<p class=\"LC20lb MBeuO DKV0Md\">WGA Legend Ultra 30K Geriausia internetin\u0117 gar\u0173 parduotuv\u0117 JK<br \/>\nWGA crystal 30000 \u012fkv\u0117pim\u0173 30k vape didmenin\u0117 nuolaida<br \/>\nWGA Legend Ultra vienkartinis Crystal Vape 30K 30000 \u012fkv\u0117pim\u0173<\/p>\n<p><strong>Prid\u0117kite Amy's whatsapp, kad gautum\u0117te tinkam\u0105 atsakym\u0105 ir nuolaidos kain\u0105!<\/strong><\/p>\n<p><img fetchpriority=\"high\" decoding=\"async\" class=\"size-full wp-image-2932\" src=\"https:\/\/vapestornado.com\/wp-content\/uploads\/2024\/12\/Vape-Wholesale.jpg\" alt=\"Garintuvai Didmenin\u0117 prekyba\" width=\"229\" height=\"300\" \/><\/p>\n<h3><a href=\"https:\/\/wa.me\/8617776015835\"><span style=\"color: #ff0000;\"><strong>WhatsApp: +86 17776015835<\/strong><\/span><\/a><\/h3>\n<p>&nbsp;<\/p>","protected":false},"featured_media":4073,"comment_status":"open","ping_status":"closed","template":"","meta":{"_acf_changed":false,"_uag_custom_page_level_css":"","_lmt_disableupdate":"no","_lmt_disable":"","_monsterinsights_skip_tracking":false,"_monsterinsights_sitenote_active":false,"_monsterinsights_sitenote_note":"","_monsterinsights_sitenote_category":0,"site-sidebar-layout":"default","site-content-layout":"","ast-site-content-layout":"default","site-content-style":"default","site-sidebar-style":"default","ast-global-header-display":"","ast-banner-title-visibility":"","ast-main-header-display":"","ast-hfb-above-header-display":"","ast-hfb-below-header-display":"","ast-hfb-mobile-header-display":"","site-post-title":"","ast-breadcrumbs-content":"","ast-featured-img":"","footer-sml-layout":"","ast-disable-related-posts":"","theme-transparent-header-meta":"default","adv-header-id-meta":"","stick-header-meta":"","header-above-stick-meta":"","header-main-stick-meta":"","header-below-stick-meta":"","astra-migrate-meta-layouts":"set","ast-page-background-enabled":"default","ast-page-background-meta":{"desktop":{"background-color":"","background-image":"","background-repeat":"repeat","background-position":"center center","background-size":"auto","background-attachment":"scroll","background-type":"","background-media":"","overlay-type":"","overlay-color":"","overlay-opacity":"","overlay-gradient":""},"tablet":{"background-color":"","background-image":"","background-repeat":"repeat","background-position":"center center","background-size":"auto","background-attachment":"scroll","background-type":"","background-media":"","overlay-type":"","overlay-color":"","overlay-opacity":"","overlay-gradient":""},"mobile":{"background-color":"","background-image":"","background-repeat":"repeat","background-position":"center center","background-size":"auto","background-attachment":"scroll","background-type":"","background-media":"","overlay-type":"","overlay-color":"","overlay-opacity":"","overlay-gradient":""}},"ast-content-background-meta":{"desktop":{"background-color":"var(--ast-global-color-5)","background-image":"","background-repeat":"repeat","background-position":"center center","background-size":"auto","background-attachment":"scroll","background-type":"","background-media":"","overlay-type":"","overlay-color":"","overlay-opacity":"","overlay-gradient":""},"tablet":{"background-color":"var(--ast-global-color-5)","background-image":"","background-repeat":"repeat","background-position":"center center","background-size":"auto","background-attachment":"scroll","background-type":"","background-media":"","overlay-type":"","overlay-color":"","overlay-opacity":"","overlay-gradient":""},"mobile":{"background-color":"var(--ast-global-color-5)","background-image":"","background-repeat":"repeat","background-position":"center center","background-size":"auto","background-attachment":"scroll","background-type":"","background-media":"","overlay-type":"","overlay-color":"","overlay-opacity":"","overlay-gradient":""}},"_joinchat":{"telephone":"17776015835"}},"product_brand":[],"product_cat":[67,150,152,141,142],"product_tag":[105,324,323],"class_list":{"0":"post-4089","1":"product","2":"type-product","3":"status-publish","4":"has-post-thumbnail","6":"product_cat-30000-puff","7":"product_cat-buy-disposable-vapes-in-belgium","8":"product_cat-buy-disposable-vapes-in-cermany","9":"product_cat-crystal-disposable-vapes","10":"product_cat-digital-box-disposable-vapes","11":"product_tag-digital-disposable-vape","12":"product_tag-wga-crystal-30k","13":"product_tag-wga-legend-ultra-30k","14":"desktop-align-left","15":"tablet-align-left","16":"mobile-align-left","18":"first","19":"instock","20":"sale","21":"shipping-taxable","22":"purchasable","23":"product-type-simple"},"acf":[],"uagb_featured_image_src":{"full":["https:\/\/vapestornado.com\/wp-content\/uploads\/2025\/04\/Wga-Legend-Ultra-30000-Puffs.webp",800,800,false],"thumbnail":["https:\/\/vapestornado.com\/wp-content\/uploads\/2025\/04\/Wga-Legend-Ultra-30000-Puffs-150x150.webp",150,150,true],"medium":["https:\/\/vapestornado.com\/wp-content\/uploads\/2025\/04\/Wga-Legend-Ultra-30000-Puffs-300x300.webp",300,300,true],"medium_large":["https:\/\/vapestornado.com\/wp-content\/uploads\/2025\/04\/Wga-Legend-Ultra-30000-Puffs-768x768.webp",768,768,true],"large":["https:\/\/vapestornado.com\/wp-content\/uploads\/2025\/04\/Wga-Legend-Ultra-30000-Puffs.webp",800,800,false],"1536x1536":["https:\/\/vapestornado.com\/wp-content\/uploads\/2025\/04\/Wga-Legend-Ultra-30000-Puffs.webp",800,800,false],"2048x2048":["https:\/\/vapestornado.com\/wp-content\/uploads\/2025\/04\/Wga-Legend-Ultra-30000-Puffs.webp",800,800,false],"trp-custom-language-flag":["https:\/\/vapestornado.com\/wp-content\/uploads\/2025\/04\/Wga-Legend-Ultra-30000-Puffs.webp",12,12,false],"woocommerce_thumbnail":["https:\/\/vapestornado.com\/wp-content\/uploads\/2025\/04\/Wga-Legend-Ultra-30000-Puffs-300x300.webp",300,300,true],"woocommerce_single":["https:\/\/vapestornado.com\/wp-content\/uploads\/2025\/04\/Wga-Legend-Ultra-30000-Puffs-600x600.webp",600,600,true],"woocommerce_gallery_thumbnail":["https:\/\/vapestornado.com\/wp-content\/uploads\/2025\/04\/Wga-Legend-Ultra-30000-Puffs-100x100.webp",100,100,true]},"uagb_author_info":{"display_name":"ESAMY","author_link":"https:\/\/vapestornado.com\/lt\/author\/"},"uagb_comment_info":0,"uagb_excerpt":"WGA Legend Ultra 30K Best online Vape store UK WGA crystal 30000 puffs 30k vape Wholesale Discount Price WGA Legend Ultra Disposable Crystal Vape 30K 30000 Puffs Add Amy's whatsapp to get right reply and discount price! WhatsApp: +86 17776015835 &nbsp;","_links":{"self":[{"href":"https:\/\/vapestornado.com\/lt\/wp-json\/wp\/v2\/product\/4089","targetHints":{"allow":["GET"]}}],"collection":[{"href":"https:\/\/vapestornado.com\/lt\/wp-json\/wp\/v2\/product"}],"about":[{"href":"https:\/\/vapestornado.com\/lt\/wp-json\/wp\/v2\/types\/product"}],"replies":[{"embeddable":true,"href":"https:\/\/vapestornado.com\/lt\/wp-json\/wp\/v2\/comments?post=4089"}],"wp:featuredmedia":[{"embeddable":true,"href":"https:\/\/vapestornado.com\/lt\/wp-json\/wp\/v2\/media\/4073"}],"wp:attachment":[{"href":"https:\/\/vapestornado.com\/lt\/wp-json\/wp\/v2\/media?parent=4089"}],"wp:term":[{"taxonomy":"product_brand","embeddable":true,"href":"https:\/\/vapestornado.com\/lt\/wp-json\/wp\/v2\/product_brand?post=4089"},{"taxonomy":"product_cat","embeddable":true,"href":"https:\/\/vapestornado.com\/lt\/wp-json\/wp\/v2\/product_cat?post=4089"},{"taxonomy":"product_tag","embeddable":true,"href":"https:\/\/vapestornado.com\/lt\/wp-json\/wp\/v2\/product_tag?post=4089"}],"curies":[{"name":"wp","href":"https:\/\/api.w.org\/{rel}","templated":true}]}}