{"id":4056,"date":"2025-04-02T09:32:30","date_gmt":"2025-04-02T09:32:30","guid":{"rendered":"https:\/\/vapestornado.com\/?post_type=product&#038;p=4056"},"modified":"2025-08-23T12:03:58","modified_gmt":"2025-08-23T12:03:58","slug":"elfbar-planet-25000-wholesale-disposable-vape-kit-with-digital-screen","status":"publish","type":"product","link":"https:\/\/vapestornado.com\/lt\/product\/elfbar-planet-25000-wholesale-disposable-vape-kit-with-digital-screen\/","title":{"rendered":"ELFBAR Planet 25000 Didmenin\u0117 prekyba vienkartiniu vape rinkiniu su skaitmeniniu ekranu"},"content":{"rendered":"<h1 data-pm-slice=\"1 1 []\">ELFBAR Planet 25000 Didmenin\u0117 prekyba vienkartiniu vape rinkiniu su skaitmeniniu ekranu<\/h1>\n<p class=\"\" data-start=\"105\" data-end=\"610\">\u0160is <strong data-start=\"303\" data-end=\"342\">ELFBAR Planet 25000 Vienkartinis garintuvas<\/strong> yra sukurtas didmenininkams ir ma\u017emenininkams, ie\u0161kantiems auk\u0161\u010diausios kokyb\u0117s, ilgai tarnaujan\u010dio \u012frenginio su moderniomis funkcijomis. Suteikia iki <strong data-start=\"460\" data-end=\"476\">25 000 \u012fp\u016btim\u0173<\/strong>, jis yra i\u0161 anksto u\u017epildytas <strong data-start=\"503\" data-end=\"523\">18 ml e. skys\u010dio<\/strong> 5% nikotino stiprumo, u\u017etikrinant\u012f skland\u0173 ir ry\u0161k\u0173 garinimo potyr\u012f.<\/p>\n<p>Jo <strong data-start=\"608\" data-end=\"631\">skaitmeniniu LED ekranu<\/strong> suteikia vartotojams realaus laiko atnaujinimus apie baterijos ir e. skys\u010dio lygius, o <strong data-start=\"700\" data-end=\"739\">reguliuojami galios nustatymai (13W\u201325W)<\/strong> suteikia lankstumo tiek skonio intensyvumui, tiek debes\u0173 gamybai. Maitinamas <strong data-start=\"822\" data-end=\"853\">800mAh \u012fkraunama baterija<\/strong> su greitu <strong data-start=\"864\" data-end=\"883\">Type-C \u012fkrovimu<\/strong>, ELFBAR Planet garantuoja patikim\u0105 veikim\u0105.<\/p>\n<p>Su savo aptakiu dizainu, <strong data-start=\"968\" data-end=\"993\">dviguba tinklelio rit\u0117s sistema<\/strong>, ir konkurencinga <strong data-start=\"1011\" data-end=\"1032\">didmenin\u0117mis kainomis<\/strong>, \u0161is \u012frenginys yra pelningas priedas garinimo platintojams ir parduotuvi\u0173 savininkams, norintiems pasi\u016blyti didel\u0117s talpos vienkartin\u012f \u012frengin\u012f su stiliumi ir turiniu.<\/p>\n<p data-start=\"666\" data-end=\"1235\"><strong style=\"font-size: 16px;\"><span style=\"color: #ff0000;\">Prid\u0117kite Amy WhatsApp, kad gautum\u0117te tinkam\u0105 atsakym\u0105 ir nuolaid\u0105!<\/span><\/strong><\/p>\n<p><img fetchpriority=\"high\" decoding=\"async\" class=\"size-full wp-image-2932\" src=\"https:\/\/vapestornado.com\/wp-content\/uploads\/2024\/12\/Vape-Wholesale.jpg\" alt=\"Garintuvai Didmenin\u0117 prekyba\" width=\"229\" height=\"300\" \/><\/p>\n<h3><a href=\"https:\/\/wa.me\/8617776015835\" target=\"_blank\" rel=\"noopener\"><span style=\"color: #ff0000;\"><strong>WhatsApp: +86 17776015835<\/strong><\/span><\/a><\/h3>\n<p>&nbsp;<\/p>\n<h2><strong>Pagrindin\u0117s ELFBAR Planet 25000 gaminio savyb\u0117s<\/strong><\/h2>\n<p>Prek\u0117s \u017eenklas: Elf Bar<br \/>\nModelis: PLANET 25000<br \/>\nP\u016btimai: 25000<br \/>\nNikotino stiprumas: 5% (50 mg)<br \/>\nSkys\u010dio t\u016bris: 18 ml<br \/>\nBaterija<br \/>\nBaterijos talpa: 800 mAh<br \/>\nModernus USB-C \u012fkrovimas<br \/>\nReguliuojama galia<\/p>\n<h2 class=\"product-title\"><strong>ELF BAR Planet 25000 vienkartini\u0173 garintuv\u0173 skoni\u0173 s\u0105ra\u0161as<\/strong><\/h2>\n<article class=\"w-full text-token-text-primary focus-visible:outline-2 focus-visible:outline-offset-[-4px]\" dir=\"auto\" data-testid=\"conversation-turn-32\" data-scroll-anchor=\"false\">\n<div class=\"m-auto text-base py-[18px] px-6\">\n<div class=\"mx-auto flex flex-1 text-base gap-4 md:gap-5 lg:gap-6 md:max-w-3xl lg:max-w-[40rem] xl:max-w-[48rem]\">\n<div class=\"group\/conversation-turn relative flex w-full min-w-0 flex-col @xs\/thread:px-0 @sm\/thread:px-1.5 @md\/thread:px-4\">\n<div class=\"flex-col gap-1 md:gap-3\">\n<div class=\"flex max-w-full flex-col flex-grow\">\n<div class=\"min-h-8 text-message flex w-full flex-col items-end gap-2 whitespace-normal break-words text-start [.text-message+&amp;]:mt-5\" dir=\"auto\" data-message-author-role=\"user\" data-message-id=\"ffac41ca-1db4-431b-873a-32c4052956f1\">\n<div class=\"flex w-full flex-col gap-1 empty:hidden items-end rtl:items-start\">\n<div class=\"relative max-w-[var(--user-chat-width,70%)] rounded-3xl bg-token-message-surface px-5 py-2.5\">\n<div class=\"absolute bottom-0 right-full top-0 -mr-3.5 hidden pr-5 pt-2 [.group\/conversation-turn:hover_&amp;]:flex\">\n<div class=\"flex\">\n<article class=\"w-full text-token-text-primary focus-visible:outline-2 focus-visible:outline-offset-[-4px]\" dir=\"auto\" data-testid=\"conversation-turn-39\" data-scroll-anchor=\"true\">\n<div class=\"m-auto text-base py-[18px] px-6\">\n<div class=\"mx-auto flex flex-1 text-base gap-4 md:gap-5 lg:gap-6 md:max-w-3xl lg:max-w-[40rem] xl:max-w-[48rem]\">\n<div class=\"group\/conversation-turn relative flex w-full min-w-0 flex-col agent-turn @xs\/thread:px-0 @sm\/thread:px-1.5 @md\/thread:px-4\">\n<div class=\"flex-col gap-1 md:gap-3\">\n<div class=\"flex max-w-full flex-col flex-grow\">\n<div class=\"min-h-8 text-message flex w-full flex-col items-end gap-2 whitespace-normal break-words text-start [.text-message+&amp;]:mt-5\" dir=\"auto\" data-message-author-role=\"assistant\" data-message-id=\"55a23854-ec57-48dd-bd4f-6118f43d6241\" data-message-model-slug=\"gpt-4o\">\n<div class=\"flex w-full flex-col gap-1 empty:hidden first:pt-[3px]\">\n<div class=\"markdown prose w-full break-words dark:prose-invert light\">\n<p>1 Arb\u016bzas<br \/>\n2 Vynuog\u0117s<br \/>\n3 Dvigubas obuolys<br \/>\n4 M\u0117lyni\u0173 avie\u010di\u0173 ledas<br \/>\n5 Greipfrut\u0173 \u017ealioji arbata<br \/>\n6 Jazmin\u0173 aviet\u0117s<br \/>\n7 Baltasis persikas Baja Splash<br \/>\n8 Arb\u016bz\u0173 vy\u0161nia<br \/>\n9 R\u016bg\u0161ti gervuog\u0117 ir m\u0117lyn\u0117<br \/>\n10 Vy\u0161nia ir \u017ealias kalkis<br \/>\n11 Ananasas ir arb\u016bzas<br \/>\n12 Ananas\u0173 pasifloros vaisiai Baja<br \/>\n13 Bra\u0161k\u0117 ir persikas+<br \/>\n14 Spanguol\u0117s ir apelsinai Baja Splash<br \/>\n15 Dvigubas persikas ir \u017ealias kalkis<br \/>\n16 Atogr\u0105\u017e\u0173 vaivoryk\u0161t\u0117s sprogimas<\/p>\n<figure id=\"attachment_4055\" aria-describedby=\"caption-attachment-4055\" style=\"width: 800px\" class=\"wp-caption alignnone\"><img decoding=\"async\" class=\"wp-image-4055 size-full\" src=\"https:\/\/vapestornado.com\/wp-content\/uploads\/2025\/04\/ELFBAR-Planet-25000-Wholesale-Price.webp\" alt=\"ELFBAR Planet 25000 didmenin\u0117 kaina\" width=\"800\" height=\"800\" srcset=\"https:\/\/vapestornado.com\/wp-content\/uploads\/2025\/04\/ELFBAR-Planet-25000-Wholesale-Price.webp 800w, https:\/\/vapestornado.com\/wp-content\/uploads\/2025\/04\/ELFBAR-Planet-25000-Wholesale-Price-300x300.webp 300w, https:\/\/vapestornado.com\/wp-content\/uploads\/2025\/04\/ELFBAR-Planet-25000-Wholesale-Price-150x150.webp 150w, https:\/\/vapestornado.com\/wp-content\/uploads\/2025\/04\/ELFBAR-Planet-25000-Wholesale-Price-768x768.webp 768w, https:\/\/vapestornado.com\/wp-content\/uploads\/2025\/04\/ELFBAR-Planet-25000-Wholesale-Price-600x600.webp 600w, https:\/\/vapestornado.com\/wp-content\/uploads\/2025\/04\/ELFBAR-Planet-25000-Wholesale-Price-100x100.webp 100w\" sizes=\"(max-width: 800px) 100vw, 800px\" \/><figcaption id=\"caption-attachment-4055\" class=\"wp-caption-text\">ELFBAR Planet 25000 didmenin\u0117 kaina<\/figcaption><\/figure>\n<\/div>\n<\/div>\n<\/div>\n<\/div>\n<\/div>\n<\/div>\n<\/div>\n<\/div>\n<\/article>\n<\/div>\n<\/div>\n<\/div>\n<\/div>\n<\/div>\n<\/div>\n<\/div>\n<\/div>\n<\/div>\n<\/div>\n<\/article>\n<h2>Kod\u0117l verta rinktis Vapestornado norint \u012fsigyti ELFBAR Planet 25000?<\/h2>\n<div class=\"flex-shrink-0 flex flex-col relative items-end\">\n<div class=\"pt-0\">\n<div class=\"gizmo-bot-avatar flex h-8 w-8 items-center justify-center overflow-hidden rounded-full\">\n<div class=\"relative p-1 rounded-sm flex items-center justify-center bg-token-main-surface-primary text-token-text-primary h-8 w-8\">\n<p>At\u00a0<strong>VapeTornado<\/strong>, mes did\u017eiuojam\u0117s gal\u0117dami pasi\u016blyti\u00a0<strong>auk\u0161\u010diausios kokyb\u0117s garinimo produktus u\u017e neprilygstam\u0105 kain\u0105<\/strong>\u2014ir ELFBAR Planet 25000 n\u0117ra i\u0161imtis! \u0160tai kod\u0117l tur\u0117tum\u0117te pirkti i\u0161 m\u016bs\u0173:<\/p>\n<p><strong>Geriausios didmenin\u0117s kainos<\/strong>\u00a0\u2013 Mes si\u016blome\u00a0<strong>konkurencing\u0105 kain\u0105 perkant dideliais kiekiais<\/strong><span style=\"font-size: 16px;\">, tod\u0117l esame geriausias pasirinkimas perpardav\u0117jams ir elektronini\u0173 cigare\u010di\u0173 parduotuv\u0117ms.<\/span><\/p>\n<p><strong>Greitas<\/strong>\u00a0\u2013 Gaukite savo u\u017esakym\u0105\u00a0<strong>greitai ir saugiai<\/strong>, su pristatymo visame pasaulyje galimyb\u0117mis.<br \/>\n<strong>100% Autenti\u0161ki produktai<\/strong>\u00a0\u2013 Joki\u0173 padirbini\u0173 \u2013 tik\u00a0<strong>tikri WASPE Triple vienkartiniai gaminiai<\/strong>\u00a0su patikrintu kokybe.<br \/>\n<strong>Puikus klient\u0173 aptarnavimas<\/strong>\u00a0\u2013 Turite klausim\u0173? M\u016bs\u0173\u00a0<strong>elektronini\u0173 cigare\u010di\u0173 ekspertai<\/strong> yra pasiruo\u0161\u0119 jums pad\u0117ti vis\u0105 par\u0105.<\/p>\n<p data-start=\"559\" data-end=\"933\" data-is-last-node=\"\" data-is-only-node=\"\">Mes taip pat turime kit\u0173 populiari\u0173 vape su ekranu, pavyzd\u017eiui, <a href=\"https:\/\/vapestornado.com\/lt\/product\/vapme-goat-40000-puff-40k-hookah-shisha-pen-price-wholesale-e-cigarette\/\">Vapme O\u017eka 40000 \u0160i\u0161a<\/a>, <a href=\"https:\/\/vapestornado.com\/lt\/product\/2025-new-vopk-ultra-40000-puffs-double-flavor-disposable-vape-factory-suppliers\/\">VOPK 40000 2 viename vienkartinis garintuvas<\/a>, <a href=\"https:\/\/vapestornado.com\/lt\/product\/bang-beach-22000-20k-puff-disposable-vape-pen-with-screen-reddit-hot\/\">Bang Papl\u016bdimys 22000<\/a>, ir daugiau.<\/p>\n<\/div>\n<div class=\"relative p-1 rounded-sm flex items-center justify-center bg-token-main-surface-primary text-token-text-primary h-8 w-8\">\n<h2>DUK<\/h2>\n<h3 class=\"\" data-start=\"2124\" data-end=\"2138\"><\/h3>\n<ol data-start=\"2140\" data-end=\"3057\">\n<li class=\"\" data-start=\"2140\" data-end=\"2390\">\n<p class=\"\" data-start=\"2143\" data-end=\"2390\"><strong data-start=\"2143\" data-end=\"2209\">Kaip reguliuoti ELFBAR Planet 25000 galios nustatymus?<\/strong><br data-start=\"2209\" data-end=\"2212\" \/>\u012erenginys pasi\u017eymi <strong data-start=\"2235\" data-end=\"2273\">reguliuojama galia nuo 13W iki 25W<\/strong>. Galite reguliuoti galios nustatymus per <strong data-start=\"2320\" data-end=\"2352\">valdymo mygtuk\u0105 apa\u010dioje<\/strong> kad pritaikytum\u0117te garinimo patirt\u012f.<\/p>\n<\/li>\n<li class=\"\" data-start=\"2392\" data-end=\"2607\">\n<p class=\"\" data-start=\"2395\" data-end=\"2607\"><strong data-start=\"2395\" data-end=\"2450\">Kiek ilgai tarnauja ELFBAR Planet 25000 baterija?<\/strong><br data-start=\"2450\" data-end=\"2453\" \/>\u0160is <strong data-start=\"2460\" data-end=\"2491\">800mAh \u012fkraunama baterija<\/strong> u\u017etikrina ilgesn\u012f naudojim\u0105 ir gali b\u016bti lengvai <strong data-start=\"2532\" data-end=\"2555\">\u012fkraunama per USB-C<\/strong>, u\u017etikrinant, kad b\u016bsite \u012fkrauti vis\u0105 dien\u0105.<\/p>\n<\/li>\n<li class=\"\" data-start=\"2609\" data-end=\"2842\">\n<p class=\"\" data-start=\"2612\" data-end=\"2842\"><strong data-start=\"2612\" data-end=\"2666\">Ar ELFBAR Planet 25000 tinka skonio m\u0117g\u0117jams?<\/strong><br data-start=\"2666\" data-end=\"2669\" \/>Be jokios abejon\u0117s! Su <strong data-start=\"2689\" data-end=\"2708\">dvigubomis tinklelio spiral\u0117mis<\/strong> ir <strong data-start=\"2713\" data-end=\"2735\">reguliuojamas oro srautas<\/strong>, jis suteikia <strong data-start=\"2749\" data-end=\"2776\">intensyvius, \u0161velnius skonius<\/strong> ir <strong data-start=\"2781\" data-end=\"2806\">sodr\u0173 gar\u0173 gamyb\u0105<\/strong> auk\u0161\u010diausios kokyb\u0117s garinimo patir\u010diai.<\/p>\n<\/li>\n<li class=\"\" data-start=\"2844\" data-end=\"3057\">\n<p class=\"\" data-start=\"2847\" data-end=\"3057\"><strong data-start=\"2847\" data-end=\"2898\">Ar galiu pasiimti ELFBAR Planet 25000 \u012f skryd\u012f?<\/strong><br data-start=\"2898\" data-end=\"2901\" \/>Taip, bet j\u016bs privalote <strong data-start=\"2922\" data-end=\"2955\">laikykite j\u012f savo rankiniame baga\u017ee<\/strong> pagal oro linij\u0173 taisykles. <strong data-start=\"2984\" data-end=\"3054\">Venkite d\u0117ti \u012f registruot\u0105 baga\u017e\u0105 d\u0117l baterijos saugos problem\u0173<\/strong>.<\/p>\n<\/li>\n<\/ol>\n<\/div>\n<\/div>\n<\/div>\n<\/div>","protected":false},"excerpt":{"rendered":"<p class=\"LC20lb MBeuO DKV0Md\">\u0160is <strong data-start=\"1185\" data-end=\"1211\">ELFBAR Planet 25K Garintuvas<\/strong> suteikia 25 000 \u012fkv\u0117pim\u0173, skaitmenin\u012f ekran\u0105 ir reguliuojam\u0105 gali\u0105 \u2013 idealus <strong data-start=\"1284\" data-end=\"1309\">didmeniniams u\u017esakymams<\/strong> Europoje.<br \/>\nSkaitmeninis vienkartinis garintuvas ELF BAR Planet 25000 tiesiogin\u0117 gamyklos kaina<\/p>\n<p><strong>Prid\u0117kite Amy's whatsapp, kad gautum\u0117te tinkam\u0105 atsakym\u0105 ir nuolaidos kain\u0105!<\/strong><\/p>\n<p><img fetchpriority=\"high\" decoding=\"async\" class=\"size-full wp-image-2932\" src=\"https:\/\/vapestornado.com\/wp-content\/uploads\/2024\/12\/Vape-Wholesale.jpg\" alt=\"Garintuvai Didmenin\u0117 prekyba\" width=\"229\" height=\"300\" \/><\/p>\n<h3><a href=\"https:\/\/wa.me\/8617776015835\"><span style=\"color: #ff0000;\"><strong>WhatsApp: +86 17776015835<\/strong><\/span><\/a><\/h3>\n<p>&nbsp;<\/p>","protected":false},"featured_media":4050,"comment_status":"open","ping_status":"closed","template":"","meta":{"_acf_changed":false,"_uag_custom_page_level_css":"","_lmt_disableupdate":"no","_lmt_disable":"","_monsterinsights_skip_tracking":false,"_monsterinsights_sitenote_active":false,"_monsterinsights_sitenote_note":"","_monsterinsights_sitenote_category":0,"site-sidebar-layout":"default","site-content-layout":"","ast-site-content-layout":"default","site-content-style":"default","site-sidebar-style":"default","ast-global-header-display":"","ast-banner-title-visibility":"","ast-main-header-display":"","ast-hfb-above-header-display":"","ast-hfb-below-header-display":"","ast-hfb-mobile-header-display":"","site-post-title":"","ast-breadcrumbs-content":"","ast-featured-img":"","footer-sml-layout":"","ast-disable-related-posts":"","theme-transparent-header-meta":"default","adv-header-id-meta":"","stick-header-meta":"","header-above-stick-meta":"","header-main-stick-meta":"","header-below-stick-meta":"","astra-migrate-meta-layouts":"set","ast-page-background-enabled":"default","ast-page-background-meta":{"desktop":{"background-color":"","background-image":"","background-repeat":"repeat","background-position":"center center","background-size":"auto","background-attachment":"scroll","background-type":"","background-media":"","overlay-type":"","overlay-color":"","overlay-opacity":"","overlay-gradient":""},"tablet":{"background-color":"","background-image":"","background-repeat":"repeat","background-position":"center center","background-size":"auto","background-attachment":"scroll","background-type":"","background-media":"","overlay-type":"","overlay-color":"","overlay-opacity":"","overlay-gradient":""},"mobile":{"background-color":"","background-image":"","background-repeat":"repeat","background-position":"center center","background-size":"auto","background-attachment":"scroll","background-type":"","background-media":"","overlay-type":"","overlay-color":"","overlay-opacity":"","overlay-gradient":""}},"ast-content-background-meta":{"desktop":{"background-color":"var(--ast-global-color-5)","background-image":"","background-repeat":"repeat","background-position":"center center","background-size":"auto","background-attachment":"scroll","background-type":"","background-media":"","overlay-type":"","overlay-color":"","overlay-opacity":"","overlay-gradient":""},"tablet":{"background-color":"var(--ast-global-color-5)","background-image":"","background-repeat":"repeat","background-position":"center center","background-size":"auto","background-attachment":"scroll","background-type":"","background-media":"","overlay-type":"","overlay-color":"","overlay-opacity":"","overlay-gradient":""},"mobile":{"background-color":"var(--ast-global-color-5)","background-image":"","background-repeat":"repeat","background-position":"center center","background-size":"auto","background-attachment":"scroll","background-type":"","background-media":"","overlay-type":"","overlay-color":"","overlay-opacity":"","overlay-gradient":""}},"_joinchat":{"telephone":"17776015835"}},"product_brand":[],"product_cat":[68,156,254,146],"product_tag":[105,252,311,313,312],"class_list":{"0":"post-4056","1":"product","2":"type-product","3":"status-publish","4":"has-post-thumbnail","6":"product_cat-25000-puff","7":"product_cat-buy-disposable-vapes-in-poland","8":"product_cat-elf-bar-vape","9":"product_cat-rechargeable-disposable-vapes","10":"product_tag-digital-disposable-vape","11":"product_tag-elf-bar","12":"product_tag-elf-bar-planet-25000","13":"product_tag-vape-with-digital-screen","14":"product_tag-wholesale-disposable-vape-kit","15":"desktop-align-left","16":"tablet-align-left","17":"mobile-align-left","19":"first","20":"instock","21":"sale","22":"shipping-taxable","23":"purchasable","24":"product-type-simple"},"acf":[],"uagb_featured_image_src":{"full":["https:\/\/vapestornado.com\/wp-content\/uploads\/2025\/04\/ELF-BAR-Planet-25000-Disposable-Vape-Pen.webp",800,800,false],"thumbnail":["https:\/\/vapestornado.com\/wp-content\/uploads\/2025\/04\/ELF-BAR-Planet-25000-Disposable-Vape-Pen-150x150.webp",150,150,true],"medium":["https:\/\/vapestornado.com\/wp-content\/uploads\/2025\/04\/ELF-BAR-Planet-25000-Disposable-Vape-Pen-300x300.webp",300,300,true],"medium_large":["https:\/\/vapestornado.com\/wp-content\/uploads\/2025\/04\/ELF-BAR-Planet-25000-Disposable-Vape-Pen-768x768.webp",768,768,true],"large":["https:\/\/vapestornado.com\/wp-content\/uploads\/2025\/04\/ELF-BAR-Planet-25000-Disposable-Vape-Pen.webp",800,800,false],"1536x1536":["https:\/\/vapestornado.com\/wp-content\/uploads\/2025\/04\/ELF-BAR-Planet-25000-Disposable-Vape-Pen.webp",800,800,false],"2048x2048":["https:\/\/vapestornado.com\/wp-content\/uploads\/2025\/04\/ELF-BAR-Planet-25000-Disposable-Vape-Pen.webp",800,800,false],"trp-custom-language-flag":["https:\/\/vapestornado.com\/wp-content\/uploads\/2025\/04\/ELF-BAR-Planet-25000-Disposable-Vape-Pen.webp",12,12,false],"woocommerce_thumbnail":["https:\/\/vapestornado.com\/wp-content\/uploads\/2025\/04\/ELF-BAR-Planet-25000-Disposable-Vape-Pen-300x300.webp",300,300,true],"woocommerce_single":["https:\/\/vapestornado.com\/wp-content\/uploads\/2025\/04\/ELF-BAR-Planet-25000-Disposable-Vape-Pen-600x600.webp",600,600,true],"woocommerce_gallery_thumbnail":["https:\/\/vapestornado.com\/wp-content\/uploads\/2025\/04\/ELF-BAR-Planet-25000-Disposable-Vape-Pen-100x100.webp",100,100,true]},"uagb_author_info":{"display_name":"ESAMY","author_link":"https:\/\/vapestornado.com\/lt\/author\/"},"uagb_comment_info":0,"uagb_excerpt":"The ELFBAR Planet 25K Vape delivers 25,000 puffs, digital screen, and adjustable wattage\u2014ideal for wholesale bulk orders in Europe. Digital Disposable Vape ELF BAR Planet 25000 Factory Direct Price Add Amy's whatsapp to get right reply and discount price! WhatsApp: +86 17776015835 &nbsp;","_links":{"self":[{"href":"https:\/\/vapestornado.com\/lt\/wp-json\/wp\/v2\/product\/4056","targetHints":{"allow":["GET"]}}],"collection":[{"href":"https:\/\/vapestornado.com\/lt\/wp-json\/wp\/v2\/product"}],"about":[{"href":"https:\/\/vapestornado.com\/lt\/wp-json\/wp\/v2\/types\/product"}],"replies":[{"embeddable":true,"href":"https:\/\/vapestornado.com\/lt\/wp-json\/wp\/v2\/comments?post=4056"}],"wp:featuredmedia":[{"embeddable":true,"href":"https:\/\/vapestornado.com\/lt\/wp-json\/wp\/v2\/media\/4050"}],"wp:attachment":[{"href":"https:\/\/vapestornado.com\/lt\/wp-json\/wp\/v2\/media?parent=4056"}],"wp:term":[{"taxonomy":"product_brand","embeddable":true,"href":"https:\/\/vapestornado.com\/lt\/wp-json\/wp\/v2\/product_brand?post=4056"},{"taxonomy":"product_cat","embeddable":true,"href":"https:\/\/vapestornado.com\/lt\/wp-json\/wp\/v2\/product_cat?post=4056"},{"taxonomy":"product_tag","embeddable":true,"href":"https:\/\/vapestornado.com\/lt\/wp-json\/wp\/v2\/product_tag?post=4056"}],"curies":[{"name":"wp","href":"https:\/\/api.w.org\/{rel}","templated":true}]}}