{"id":4048,"date":"2025-03-29T10:23:46","date_gmt":"2025-03-29T10:23:46","guid":{"rendered":"https:\/\/vapestornado.com\/?post_type=product&#038;p=4048"},"modified":"2025-08-23T12:02:26","modified_gmt":"2025-08-23T12:02:26","slug":"mesii-vast-energy-30k-30000-puffs-airflow-adjustable-disposable-vape-bar-to-buy-germany","status":"publish","type":"product","link":"https:\/\/vapestornado.com\/lt\/product\/mesii-vast-energy-30k-30000-puffs-airflow-adjustable-disposable-vape-bar-to-buy-germany\/","title":{"rendered":"Mesii Vast Energy 30k 30000 \u012fp\u016btim\u0173 oro srauto reguliuojamas vienkartinis garinimo prietaisas, kur\u012f galima \u012fsigyti Vokietijoje"},"content":{"rendered":"<h1 data-pm-slice=\"1 1 []\">Mesii Vast Energy 30k 30000 \u012fp\u016btim\u0173 oro srauto reguliuojamas vienkartinis garinimo prietaisas, kur\u012f galima \u012fsigyti Vokietijoje<\/h1>\n<p>\u0160is <strong data-start=\"324\" data-end=\"373\">Mesii Vast Energy 30000 Puffs Vienkartinis Vape<\/strong> yra puikus pasirinkimas didmenininkams ir vape ma\u017emenininkams Vokietijoje, ie\u0161kantiems pa\u017eangi\u0173 funkcij\u0173 ir didmenin\u0117s prekybos vert\u0117s. Pristatantis iki <strong data-start=\"504\" data-end=\"520\">30 000 \u012ftraukim\u0173<\/strong>, \u0161is \u012frenginys sujungia <strong data-start=\"543\" data-end=\"572\">dviguba tinklelio rit\u0117s technologija<\/strong> su <strong data-start=\"578\" data-end=\"600\">reguliuojamas oro srautas<\/strong>, suteikiantis vartotojams galimyb\u0119 perjungti tarp grie\u017et\u0173 MTL traukim\u0173 ir erdvi\u0173 DTL debes\u0173.<\/p>\n<p>Veikia su <strong data-start=\"709\" data-end=\"740\">800mAh \u012fkraunama baterija<\/strong> su <strong data-start=\"746\" data-end=\"770\">C tipo greit\u0105j\u012f \u012fkrovim\u0105<\/strong>, jis u\u017etikrina patikim\u0105 veikim\u0105 ir minimali\u0105 prastov\u0105. The <strong data-start=\"830\" data-end=\"854\">pilnas skaitmeninis ekranas<\/strong> pateikia realaus laiko atnaujinimus apie akumuliatori\u0173, e-skys\u010dio lygius ir keturis <strong data-start=\"920\" data-end=\"948\">pritaikomi galios re\u017eimai<\/strong>, leid\u017eiantis vartotojams suasmeninti savo vapingo stili\u0173.<\/p>\n<p>Su savo ilgalaike talpa, skland\u017eiu gar\u0173 gamyba ir <strong data-start=\"1070\" data-end=\"1103\">konkurencingos didmenin\u0117s kainos<\/strong>, Mesii Vast Energy 30K i\u0161siskiria kaip puikus didmeninis pasirinkimas ma\u017emenininkams, norintiems i\u0161pl\u0117sti savo inventori\u0173 su auk\u0161\u010diausios kokyb\u0117s vienkartiniu vape baru.<\/p>\n<p data-start=\"666\" data-end=\"1235\"><strong style=\"font-size: 16px;\"><span style=\"color: #ff0000;\">Prid\u0117kite Amy WhatsApp, kad gautum\u0117te tinkam\u0105 atsakym\u0105 ir nuolaid\u0105!<\/span><\/strong><\/p>\n<p><img fetchpriority=\"high\" decoding=\"async\" class=\"size-full wp-image-2932\" src=\"https:\/\/vapestornado.com\/wp-content\/uploads\/2024\/12\/Vape-Wholesale.jpg\" alt=\"Garintuvai Didmenin\u0117 prekyba\" width=\"229\" height=\"300\" \/><\/p>\n<h3><a href=\"https:\/\/wa.me\/8617776015835\" target=\"_blank\" rel=\"noopener\"><span style=\"color: #ff0000;\"><strong>WhatsApp: +86 17776015835<\/strong><\/span><\/a><\/h3>\n<p>&nbsp;<\/p>\n<h2><strong>Mesii Vast Energy 30000 pagrindin\u0117s gaminio savyb\u0117s<\/strong><\/h2>\n<ul>\n<li class=\"\" data-start=\"589\" data-end=\"738\">\n<p class=\"\" data-start=\"591\" data-end=\"738\"><strong data-start=\"591\" data-end=\"632\">Nikotino parinktys kiekvienam skoniui<\/strong> \u2013 rinkit\u0117s i\u0161 0%, 2%, 3% arba 5% nikotino lygi\u0173, kad atitikt\u0173 j\u016bs\u0173 garinimo stili\u0173.<\/p>\n<\/li>\n<li class=\"\" data-start=\"739\" data-end=\"834\">\n<p class=\"\" data-start=\"741\" data-end=\"834\"><strong data-start=\"741\" data-end=\"770\">Didel\u0117 talpa 30000 d\u016bm\u0173<\/strong> \u2013 Sukurtas ilgalaikiam naudojimui be da\u017eno keitimo.<\/p>\n<\/li>\n<li class=\"\" data-start=\"835\" data-end=\"940\">\n<p class=\"\" data-start=\"837\" data-end=\"940\"><strong data-start=\"837\" data-end=\"864\">30 ml e-skys\u010dio talpa<\/strong> \u2013 M\u0117gaukit\u0117s ilgesn\u0117mis garinimo sesijomis be nuolatinio papildymo.<\/p>\n<\/li>\n<li class=\"\" data-start=\"941\" data-end=\"1081\">\n<p class=\"\" data-start=\"943\" data-end=\"1081\"><strong data-start=\"943\" data-end=\"992\">Pa\u017eangi dviguba tinklelio rit\u0117 su reguliuojama galia<\/strong> \u2013 Padidina gar\u0173 gamyb\u0105 ir skonio nuoseklum\u0105, leid\u017eiant pritaikyti gali\u0105.<\/p>\n<\/li>\n<li class=\"\" data-start=\"1082\" data-end=\"1203\">\n<p class=\"\" data-start=\"1084\" data-end=\"1203\"><strong data-start=\"1084\" data-end=\"1107\">Viso ekrano ekranas<\/strong> \u2013 B\u016bkite informuoti su skaitmeniniu e-skys\u010dio indikatoriumi, galios lygiu, garinimo laiku ir galios nustatymais.<\/p>\n<\/li>\n<li class=\"\" data-start=\"1204\" data-end=\"1334\">\n<p class=\"\" data-start=\"1206\" data-end=\"1334\"><strong data-start=\"1206\" data-end=\"1255\">Oro srauto valdymas asmeninei patir\u010diai<\/strong> \u2013 Reguliuokite oro sraut\u0105, kad pasiektum\u0117te tobul\u0105 skonio ir gar\u0173 tankio pusiausvyr\u0105.<\/p>\n<\/li>\n<li class=\"\" data-start=\"1335\" data-end=\"1434\">\n<p class=\"\" data-start=\"1337\" data-end=\"1434\"><strong data-start=\"1337\" data-end=\"1368\">800mAh \u012fkraunama baterija<\/strong> \u2013 palaiko <strong data-start=\"1380\" data-end=\"1403\">USB-C greit\u0105j\u012f \u012fkrovim\u0105<\/strong> greitam energijos atstatymui.<\/p>\n<\/li>\n<li class=\"\" data-start=\"1435\" data-end=\"1544\">\n<p class=\"\" data-start=\"1437\" data-end=\"1544\"><strong data-start=\"1437\" data-end=\"1479\">Keturi galios re\u017eimai (ECO, PLUS, PRO, MAX)<\/strong> \u2013 Tinkinkite garinimo intensyvum\u0105, kad patirtum\u0117te optimizuot\u0105 patirt\u012f.<\/p>\n<\/li>\n<li class=\"\" data-start=\"1545\" data-end=\"1627\">\n<p class=\"\" data-start=\"1547\" data-end=\"1627\"><strong data-start=\"1547\" data-end=\"1585\">Jutiklinis jungiklis<\/strong> \u2013 Garinant suteikia futuristin\u012f atspalv\u012f.<\/p>\n<\/li>\n<li class=\"\" data-start=\"1628\" data-end=\"1705\">\n<p class=\"\" data-start=\"1630\" data-end=\"1705\"><strong data-start=\"1630\" data-end=\"1670\">\u0160arvo apvalkalo dizainas<\/strong> \u2013 U\u017etikrina ilgaam\u017ei\u0161kum\u0105 ir saugum\u0105.<\/p>\n<\/li>\n<\/ul>\n<h2 class=\"product-title\"><strong>Mesii Vast Energy 30000 d\u016bm\u0173 vienkartinio rinkinio skoni\u0173 s\u0105ra\u0161as<\/strong><\/h2>\n<article class=\"w-full text-token-text-primary focus-visible:outline-2 focus-visible:outline-offset-[-4px]\" dir=\"auto\" data-testid=\"conversation-turn-32\" data-scroll-anchor=\"false\">\n<div class=\"m-auto text-base py-[18px] px-6\">\n<div class=\"mx-auto flex flex-1 text-base gap-4 md:gap-5 lg:gap-6 md:max-w-3xl lg:max-w-[40rem] xl:max-w-[48rem]\">\n<div class=\"group\/conversation-turn relative flex w-full min-w-0 flex-col @xs\/thread:px-0 @sm\/thread:px-1.5 @md\/thread:px-4\">\n<div class=\"flex-col gap-1 md:gap-3\">\n<div class=\"flex max-w-full flex-col flex-grow\">\n<div class=\"min-h-8 text-message flex w-full flex-col items-end gap-2 whitespace-normal break-words text-start [.text-message+&amp;]:mt-5\" dir=\"auto\" data-message-author-role=\"user\" data-message-id=\"ffac41ca-1db4-431b-873a-32c4052956f1\">\n<div class=\"flex w-full flex-col gap-1 empty:hidden items-end rtl:items-start\">\n<div class=\"relative max-w-[var(--user-chat-width,70%)] rounded-3xl bg-token-message-surface px-5 py-2.5\">\n<div class=\"absolute bottom-0 right-full top-0 -mr-3.5 hidden pr-5 pt-2 [.group\/conversation-turn:hover_&amp;]:flex\">\n<div class=\"flex\">\n<article class=\"w-full text-token-text-primary focus-visible:outline-2 focus-visible:outline-offset-[-4px]\" dir=\"auto\" data-testid=\"conversation-turn-39\" data-scroll-anchor=\"true\">\n<div class=\"m-auto text-base py-[18px] px-6\">\n<div class=\"mx-auto flex flex-1 text-base gap-4 md:gap-5 lg:gap-6 md:max-w-3xl lg:max-w-[40rem] xl:max-w-[48rem]\">\n<div class=\"group\/conversation-turn relative flex w-full min-w-0 flex-col agent-turn @xs\/thread:px-0 @sm\/thread:px-1.5 @md\/thread:px-4\">\n<div class=\"flex-col gap-1 md:gap-3\">\n<div class=\"flex max-w-full flex-col flex-grow\">\n<div class=\"min-h-8 text-message flex w-full flex-col items-end gap-2 whitespace-normal break-words text-start [.text-message+&amp;]:mt-5\" dir=\"auto\" data-message-author-role=\"assistant\" data-message-id=\"55a23854-ec57-48dd-bd4f-6118f43d6241\" data-message-model-slug=\"gpt-4o\">\n<div class=\"flex w-full flex-col gap-1 empty:hidden first:pt-[3px]\">\n<div class=\"markdown prose w-full break-words dark:prose-invert light\">\n<p>1. Arb\u016bzo ledas<br \/>\n2. Vynuogi\u0173 ledas<br \/>\n3. Uog\u0173 bomba<br \/>\n4. Bra\u0161ki\u0173 kiviai<br \/>\n5.M\u0117lyna aviet\u0117 su ledu<br \/>\n6. Persik\u0173 ledas<br \/>\n7. Vy\u0161ni\u0173 kolos ledas<br \/>\n8. R\u016bg\u0161tus obuoli\u0173 ledas<br \/>\n9. Miamio m\u0117ta<br \/>\n10. Citrina-\u017ealia citrina<br \/>\n11. Bra\u0161ki\u0173 arb\u016bzas<br \/>\n12. Pasifloros, apelsin\u0173, guavos<br \/>\n13. Avie\u010di\u0173 arb\u016bzas<br \/>\n14. Ananas\u0173 mangai<br \/>\n15. Drakono vaisi\u0173, banan\u0173, vy\u0161ni\u0173<\/p>\n<figure id=\"attachment_4014\" aria-describedby=\"caption-attachment-4014\" style=\"width: 800px\" class=\"wp-caption alignnone\"><img decoding=\"async\" class=\"wp-image-4014 size-full\" src=\"https:\/\/vapestornado.com\/wp-content\/uploads\/2025\/03\/Mesii-Vape-30K-Vast-Energy-Bulk-Buy-Price.webp\" alt=\"Mesii Vape 30K Vast Energy didmenin\u0117 kaina\" width=\"800\" height=\"800\" srcset=\"https:\/\/vapestornado.com\/wp-content\/uploads\/2025\/03\/Mesii-Vape-30K-Vast-Energy-Bulk-Buy-Price.webp 800w, https:\/\/vapestornado.com\/wp-content\/uploads\/2025\/03\/Mesii-Vape-30K-Vast-Energy-Bulk-Buy-Price-300x300.webp 300w, https:\/\/vapestornado.com\/wp-content\/uploads\/2025\/03\/Mesii-Vape-30K-Vast-Energy-Bulk-Buy-Price-150x150.webp 150w, https:\/\/vapestornado.com\/wp-content\/uploads\/2025\/03\/Mesii-Vape-30K-Vast-Energy-Bulk-Buy-Price-768x768.webp 768w, https:\/\/vapestornado.com\/wp-content\/uploads\/2025\/03\/Mesii-Vape-30K-Vast-Energy-Bulk-Buy-Price-600x600.webp 600w, https:\/\/vapestornado.com\/wp-content\/uploads\/2025\/03\/Mesii-Vape-30K-Vast-Energy-Bulk-Buy-Price-100x100.webp 100w\" sizes=\"(max-width: 800px) 100vw, 800px\" \/><figcaption id=\"caption-attachment-4014\" class=\"wp-caption-text\">Mesii Vape 30K Vast Energy didmenin\u0117 kaina<\/figcaption><\/figure>\n<\/div>\n<\/div>\n<\/div>\n<\/div>\n<\/div>\n<\/div>\n<\/div>\n<\/div>\n<\/article>\n<\/div>\n<\/div>\n<\/div>\n<\/div>\n<\/div>\n<\/div>\n<\/div>\n<\/div>\n<\/div>\n<\/div>\n<\/article>\n<h2>Kod\u0117l verta rinktis Vapestornado, norint \u012fsigyti Mesii Vast Energy 30k?<\/h2>\n<div class=\"flex-shrink-0 flex flex-col relative items-end\">\n<div class=\"pt-0\">\n<div class=\"gizmo-bot-avatar flex h-8 w-8 items-center justify-center overflow-hidden rounded-full\">\n<div class=\"relative p-1 rounded-sm flex items-center justify-center bg-token-main-surface-primary text-token-text-primary h-8 w-8\">\n<p>At\u00a0<strong>VapeTornado<\/strong>, mes did\u017eiuojam\u0117s gal\u0117dami pasi\u016blyti\u00a0<strong>auk\u0161\u010diausios kokyb\u0117s garinimo produktus u\u017e neprilygstam\u0105 kain\u0105<\/strong>\u2014ir Mesii Vast Energy 30k n\u0117ra i\u0161imtis! \u0160tai kod\u0117l tur\u0117tum\u0117te pirkti i\u0161 m\u016bs\u0173:<\/p>\n<p><strong>Geriausios didmenin\u0117s kainos<\/strong>\u00a0\u2013 Mes si\u016blome\u00a0<strong>konkurencing\u0105 kain\u0105 perkant dideliais kiekiais<\/strong><span style=\"font-size: 16px;\">, tod\u0117l esame geriausias pasirinkimas perpardav\u0117jams ir elektronini\u0173 cigare\u010di\u0173 parduotuv\u0117ms.<\/span><\/p>\n<p><strong>Greitas<\/strong>\u00a0\u2013 Gaukite savo u\u017esakym\u0105\u00a0<strong>greitai ir saugiai<\/strong>, su pristatymo visame pasaulyje galimyb\u0117mis.<br \/>\n<strong>100% Autenti\u0161ki produktai<\/strong>\u00a0\u2013 Joki\u0173 padirbini\u0173 \u2013 tik\u00a0<strong>tikri WASPE Triple vienkartiniai gaminiai<\/strong>\u00a0su patikrintu kokybe.<br \/>\n<strong>Puikus klient\u0173 aptarnavimas<\/strong>\u00a0\u2013 Turite klausim\u0173? M\u016bs\u0173\u00a0<strong>elektronini\u0173 cigare\u010di\u0173 ekspertai<\/strong> yra pasiruo\u0161\u0119 jums pad\u0117ti vis\u0105 par\u0105.<\/p>\n<p data-start=\"559\" data-end=\"933\" data-is-last-node=\"\" data-is-only-node=\"\">Mes taip pat turime kit\u0173 populiari\u0173 vape su ekranu, pavyzd\u017eiui, <a href=\"https:\/\/vapestornado.com\/lt\/product\/mesii-couple-50k-disposable-shisha-hookah-50000-puffs-vape-with-digital-display\/\">Mesii pora 50000<\/a>, <a href=\"https:\/\/vapestornado.com\/lt\/product\/wholesale-bang-beach-38000-puff-38k-vape-disposable-vaporizer-e-cig-at-cheap-prices\/\">BANG BEACH vienkartinis garintuvas<\/a>, <a href=\"https:\/\/vapestornado.com\/lt\/product\/waspe-aiviou-3-in-1-60000-puffs-disposable-vape-kit-best-price\/\">WASPE Triple 60000 \u012fp\u016btim\u0173<\/a>, ir daugiau.<\/p>\n<\/div>\n<div class=\"relative p-1 rounded-sm flex items-center justify-center bg-token-main-surface-primary text-token-text-primary h-8 w-8\">\n<h2>DUK apie \u201eBang King 30000\u201c<\/h2>\n<p class=\"\" data-start=\"2261\" data-end=\"2438\"><strong data-start=\"2261\" data-end=\"2321\">1. Kiek laiko tarnauja Mesii Vast Energy 30000 \u012fp\u016btim\u0173?<\/strong><br data-start=\"2321\" data-end=\"2324\" \/>Su <strong data-start=\"2331\" data-end=\"2354\">30000 \u012fkv\u0117pim\u0173 talpa<\/strong>, \u0161is garintuvas yra skirtas ilgam naudojimui, o tai priklauso nuo asmenini\u0173 garinimo \u012fpro\u010di\u0173.<\/p>\n<p class=\"\" data-start=\"2440\" data-end=\"2641\"><strong data-start=\"2440\" data-end=\"2491\">2. Ar galiu reguliuoti gali\u0105 ir oro srauto nustatymus?<\/strong><br data-start=\"2491\" data-end=\"2494\" \/>Taip, \u012frenginys turi <strong data-start=\"2519\" data-end=\"2539\">keturis galios re\u017eimus<\/strong> (ECO, PLUS, PRO, MAX) ir <strong data-start=\"2566\" data-end=\"2588\">reguliuojamas oro srautas<\/strong>, leid\u017eiantis jums pritaikyti savo garinimo patirt\u012f.<\/p>\n<p class=\"\" data-start=\"2643\" data-end=\"2828\"><strong data-start=\"2643\" data-end=\"2697\">3. Kaip patikrinti akumuliatoriaus ir e. skys\u010dio lygius?<\/strong><br data-start=\"2697\" data-end=\"2700\" \/>\u0160is <strong data-start=\"2704\" data-end=\"2735\">viso ekrano skaitmeninis ekranas<\/strong> teikia realaus laiko atnaujinimus apie baterijos veikimo laik\u0105, aliejaus lyg\u012f, garinimo laik\u0105 ir galios nustatymus.<\/p>\n<p class=\"\" data-start=\"2830\" data-end=\"2989\"><strong data-start=\"2830\" data-end=\"2870\">4. Ar garintuvas turi greit\u0105j\u012f \u012fkrovim\u0105?<\/strong><br data-start=\"2870\" data-end=\"2873\" \/>Taip, \u201e <strong data-start=\"2882\" data-end=\"2913\">800mAh \u012fkraunama baterija<\/strong> palaiko <strong data-start=\"2923\" data-end=\"2946\">USB-C greit\u0105j\u012f \u012fkrovim\u0105<\/strong>, u\u017etikrinant minimalias prastovas tarp naudojim\u0173.<\/p>\n<\/div>\n<\/div>\n<\/div>\n<\/div>","protected":false},"excerpt":{"rendered":"<p class=\"LC20lb MBeuO DKV0Md\">Bang King 30000 Pro vienkartin\u0117 garinimo d\u0117\u017eut\u0117 parduodama<br \/>\nDidmenin\u0117 prekyba Bang King 30000 P\u016bstuko Garinimo D\u0117\u017eut\u0117s Modu<br \/>\nGeriausia didmenin\u0117 prekyba Bang King 30000 garintuvais Lietuvoje<\/p>\n<p><strong>Prid\u0117kite Amy's whatsapp, kad gautum\u0117te tinkam\u0105 atsakym\u0105 ir nuolaidos kain\u0105!<\/strong><\/p>\n<p><img fetchpriority=\"high\" decoding=\"async\" class=\"size-full wp-image-2932\" src=\"https:\/\/vapestornado.com\/wp-content\/uploads\/2024\/12\/Vape-Wholesale.jpg\" alt=\"Garintuvai Didmenin\u0117 prekyba\" width=\"229\" height=\"300\" \/><\/p>\n<h3><a href=\"https:\/\/wa.me\/8617776015835\"><span style=\"color: #ff0000;\"><strong>WhatsApp: +86 17776015835<\/strong><\/span><\/a><\/h3>\n<p>&nbsp;<\/p>","protected":false},"featured_media":4019,"comment_status":"open","ping_status":"closed","template":"","meta":{"_acf_changed":false,"_uag_custom_page_level_css":"","_lmt_disableupdate":"no","_lmt_disable":"","_monsterinsights_skip_tracking":false,"_monsterinsights_sitenote_active":false,"_monsterinsights_sitenote_note":"","_monsterinsights_sitenote_category":0,"site-sidebar-layout":"default","site-content-layout":"","ast-site-content-layout":"default","site-content-style":"default","site-sidebar-style":"default","ast-global-header-display":"","ast-banner-title-visibility":"","ast-main-header-display":"","ast-hfb-above-header-display":"","ast-hfb-below-header-display":"","ast-hfb-mobile-header-display":"","site-post-title":"","ast-breadcrumbs-content":"","ast-featured-img":"","footer-sml-layout":"","ast-disable-related-posts":"","theme-transparent-header-meta":"default","adv-header-id-meta":"","stick-header-meta":"","header-above-stick-meta":"","header-main-stick-meta":"","header-below-stick-meta":"","astra-migrate-meta-layouts":"set","ast-page-background-enabled":"default","ast-page-background-meta":{"desktop":{"background-color":"","background-image":"","background-repeat":"repeat","background-position":"center center","background-size":"auto","background-attachment":"scroll","background-type":"","background-media":"","overlay-type":"","overlay-color":"","overlay-opacity":"","overlay-gradient":""},"tablet":{"background-color":"","background-image":"","background-repeat":"repeat","background-position":"center center","background-size":"auto","background-attachment":"scroll","background-type":"","background-media":"","overlay-type":"","overlay-color":"","overlay-opacity":"","overlay-gradient":""},"mobile":{"background-color":"","background-image":"","background-repeat":"repeat","background-position":"center center","background-size":"auto","background-attachment":"scroll","background-type":"","background-media":"","overlay-type":"","overlay-color":"","overlay-opacity":"","overlay-gradient":""}},"ast-content-background-meta":{"desktop":{"background-color":"var(--ast-global-color-5)","background-image":"","background-repeat":"repeat","background-position":"center center","background-size":"auto","background-attachment":"scroll","background-type":"","background-media":"","overlay-type":"","overlay-color":"","overlay-opacity":"","overlay-gradient":""},"tablet":{"background-color":"var(--ast-global-color-5)","background-image":"","background-repeat":"repeat","background-position":"center center","background-size":"auto","background-attachment":"scroll","background-type":"","background-media":"","overlay-type":"","overlay-color":"","overlay-opacity":"","overlay-gradient":""},"mobile":{"background-color":"var(--ast-global-color-5)","background-image":"","background-repeat":"repeat","background-position":"center center","background-size":"auto","background-attachment":"scroll","background-type":"","background-media":"","overlay-type":"","overlay-color":"","overlay-opacity":"","overlay-gradient":""}},"_joinchat":{"telephone":"17776015835"}},"product_brand":[],"product_cat":[67,149,151,143,277,146],"product_tag":[310,105,309,250,94],"class_list":{"0":"post-4048","1":"product","2":"type-product","3":"status-publish","4":"has-post-thumbnail","6":"product_cat-30000-puff","7":"product_cat-buy-disposable-vapes-in-austria","8":"product_cat-buy-disposable-vapes-in-france","9":"product_cat-dual-mesh-disposable-vapes","10":"product_cat-mesii-vape","11":"product_cat-rechargeable-disposable-vapes","12":"product_tag-airflow-adjustable-disposable-vape","13":"product_tag-digital-disposable-vape","14":"product_tag-mesii-vast-energy-30000","15":"product_tag-puff-30k","16":"product_tag-rechargeable-disposable-vape","17":"desktop-align-left","18":"tablet-align-left","19":"mobile-align-left","21":"first","22":"instock","23":"sale","24":"shipping-taxable","25":"purchasable","26":"product-type-simple"},"acf":[],"uagb_featured_image_src":{"full":["https:\/\/vapestornado.com\/wp-content\/uploads\/2025\/03\/Messi-Vast-Energy-30000-Puff-Disposable-Vape-E-Cig.webp",800,800,false],"thumbnail":["https:\/\/vapestornado.com\/wp-content\/uploads\/2025\/03\/Messi-Vast-Energy-30000-Puff-Disposable-Vape-E-Cig-150x150.webp",150,150,true],"medium":["https:\/\/vapestornado.com\/wp-content\/uploads\/2025\/03\/Messi-Vast-Energy-30000-Puff-Disposable-Vape-E-Cig-300x300.webp",300,300,true],"medium_large":["https:\/\/vapestornado.com\/wp-content\/uploads\/2025\/03\/Messi-Vast-Energy-30000-Puff-Disposable-Vape-E-Cig-768x768.webp",768,768,true],"large":["https:\/\/vapestornado.com\/wp-content\/uploads\/2025\/03\/Messi-Vast-Energy-30000-Puff-Disposable-Vape-E-Cig.webp",800,800,false],"1536x1536":["https:\/\/vapestornado.com\/wp-content\/uploads\/2025\/03\/Messi-Vast-Energy-30000-Puff-Disposable-Vape-E-Cig.webp",800,800,false],"2048x2048":["https:\/\/vapestornado.com\/wp-content\/uploads\/2025\/03\/Messi-Vast-Energy-30000-Puff-Disposable-Vape-E-Cig.webp",800,800,false],"trp-custom-language-flag":["https:\/\/vapestornado.com\/wp-content\/uploads\/2025\/03\/Messi-Vast-Energy-30000-Puff-Disposable-Vape-E-Cig.webp",12,12,false],"woocommerce_thumbnail":["https:\/\/vapestornado.com\/wp-content\/uploads\/2025\/03\/Messi-Vast-Energy-30000-Puff-Disposable-Vape-E-Cig-300x300.webp",300,300,true],"woocommerce_single":["https:\/\/vapestornado.com\/wp-content\/uploads\/2025\/03\/Messi-Vast-Energy-30000-Puff-Disposable-Vape-E-Cig-600x600.webp",600,600,true],"woocommerce_gallery_thumbnail":["https:\/\/vapestornado.com\/wp-content\/uploads\/2025\/03\/Messi-Vast-Energy-30000-Puff-Disposable-Vape-E-Cig-100x100.webp",100,100,true]},"uagb_author_info":{"display_name":"ESAMY","author_link":"https:\/\/vapestornado.com\/lt\/author\/"},"uagb_comment_info":0,"uagb_excerpt":"Bang King 30000 Pro Disposable Vape Box on Sale Wholesale Bang King 30000 Puff Vape Box Mod Wholesale Bang King 30000 Best Vape Wholesale in France Add Amy's whatsapp to get right reply and discount price! WhatsApp: +86 17776015835 &nbsp;","_links":{"self":[{"href":"https:\/\/vapestornado.com\/lt\/wp-json\/wp\/v2\/product\/4048","targetHints":{"allow":["GET"]}}],"collection":[{"href":"https:\/\/vapestornado.com\/lt\/wp-json\/wp\/v2\/product"}],"about":[{"href":"https:\/\/vapestornado.com\/lt\/wp-json\/wp\/v2\/types\/product"}],"replies":[{"embeddable":true,"href":"https:\/\/vapestornado.com\/lt\/wp-json\/wp\/v2\/comments?post=4048"}],"wp:featuredmedia":[{"embeddable":true,"href":"https:\/\/vapestornado.com\/lt\/wp-json\/wp\/v2\/media\/4019"}],"wp:attachment":[{"href":"https:\/\/vapestornado.com\/lt\/wp-json\/wp\/v2\/media?parent=4048"}],"wp:term":[{"taxonomy":"product_brand","embeddable":true,"href":"https:\/\/vapestornado.com\/lt\/wp-json\/wp\/v2\/product_brand?post=4048"},{"taxonomy":"product_cat","embeddable":true,"href":"https:\/\/vapestornado.com\/lt\/wp-json\/wp\/v2\/product_cat?post=4048"},{"taxonomy":"product_tag","embeddable":true,"href":"https:\/\/vapestornado.com\/lt\/wp-json\/wp\/v2\/product_tag?post=4048"}],"curies":[{"name":"wp","href":"https:\/\/api.w.org\/{rel}","templated":true}]}}