{"id":4047,"date":"2025-04-01T10:04:57","date_gmt":"2025-04-01T10:04:57","guid":{"rendered":"https:\/\/vapestornado.com\/?post_type=product&#038;p=4047"},"modified":"2025-08-23T12:00:28","modified_gmt":"2025-08-23T12:00:28","slug":"aivono-fatpro-22000-puffs-shisha-hookah-digital-screen-wholesaledisposables-vape-pod-shop-on-line-copy","status":"publish","type":"product","link":"https:\/\/vapestornado.com\/lt\/product\/aivono-fatpro-22000-puffs-shisha-hookah-digital-screen-wholesaledisposables-vape-pod-shop-on-line-copy\/","title":{"rendered":"AIVONO Fatpro 22000 \u012ftraukim\u0173 kaljano skaitmeninio ekrano didmenin\u0117 prekyba"},"content":{"rendered":"<h1 data-pm-slice=\"1 1 []\">AIVONO Fatpro 22000 \u012ftraukim\u0173 kaljano skaitmeninio ekrano didmenin\u0117 prekyba<\/h1>\n<p class=\"\" data-start=\"1287\" data-end=\"1418\">\u0160is <strong data-start=\"310\" data-end=\"362\">AIVONO Fatpro 22000 \u012ftraukim\u0173 vienkartinis Shisha Vape<\/strong> yra sukurtas platintojams ir vape parduotuv\u0117ms, ie\u0161kan\u010dioms auk\u0161\u010diausios kokyb\u0117s, ilgai tarnaujan\u010dio \u012frenginio. Suteikia iki <strong data-start=\"470\" data-end=\"486\">22 000 \u012fkv\u0117pim\u0173<\/strong> su didele <strong data-start=\"503\" data-end=\"529\">28 ml e. skys\u010dio talpa<\/strong>, \u0161is kaljano stiliaus vape u\u017etikrina ilgalaik\u012f naudojim\u0105 ir nuolatin\u012f pasitenkinim\u0105.<\/p>\n<p>\u012erengtas su <strong data-start=\"629\" data-end=\"655\">skaitmeninis ekranas<\/strong>, vartotojai gali lengvai steb\u0117ti baterijos veikimo laik\u0105 ir e-skys\u010dio lyg\u012f realiuoju laiku. The <strong data-start=\"733\" data-end=\"762\">0.6\u03a9 tinklelio rit\u0117s technologija<\/strong> pagerina gar\u0173 tank\u012f ir skonio sodrum\u0105, o <strong data-start=\"817\" data-end=\"845\">C tipo \u012fkraunamas prievadas<\/strong> garantuoja greitus \u012fkrovimus.<\/p>\n<p>Galima \u012fsigyti <strong data-start=\"896\" data-end=\"919\">10 \u012fdomi\u0173 skoni\u0173<\/strong>, nuo vaisi\u0173 mi\u0161ini\u0173 iki ledini\u0173 ir saldaini\u0173 \u012fkv\u0117pt\u0173 variant\u0173, AIVONO Fatpro 22K patenkina \u012fvairius skonius. Su savo deriniu <strong data-start=\"1047\" data-end=\"1123\">didelio \u012ftraukim\u0173 skai\u010diaus, patikimo veikimo ir konkurencingos didmenin\u0117s kainos<\/strong>, tai yra geriausias pasirinkimas ma\u017emenininkams, ple\u010diantiems savo inventori\u0173 su dideliais vienkartiniais vape kiekiais.<\/p>\n<p data-start=\"666\" data-end=\"1235\"><strong style=\"font-size: 16px;\"><span style=\"color: #ff0000;\">Prid\u0117kite Amy WhatsApp, kad gautum\u0117te tinkam\u0105 atsakym\u0105 ir nuolaid\u0105!<\/span><\/strong><\/p>\n<p><img fetchpriority=\"high\" decoding=\"async\" class=\"size-full wp-image-2932\" src=\"https:\/\/vapestornado.com\/wp-content\/uploads\/2024\/12\/Vape-Wholesale.jpg\" alt=\"Garintuvai Didmenin\u0117 prekyba\" width=\"229\" height=\"300\" \/><\/p>\n<h3><a href=\"https:\/\/wa.me\/8617776015835\" target=\"_blank\" rel=\"noopener\"><span style=\"color: #ff0000;\"><strong>WhatsApp: +86 17776015835<\/strong><\/span><\/a><\/h3>\n<p>&nbsp;<\/p>\n<h2><strong>AIVONO Fatpro 22000 Pagrindin\u0117s Produkto Savyb\u0117s<\/strong><\/h2>\n<ul>\n<li><strong>22 000 P\u016btim\u0173<\/strong>\u00a0\u2014 Vienas i\u0161 ilgiausiai veikian\u010di\u0173 vienkartini\u0173 garintuv\u0173 rinkoje.<\/li>\n<li><strong>28 ml e-skys\u010dio talpa<\/strong>\u00a0\u2013 nereikia papildyti, tiesiog m\u0117gaukit\u0117s grynu garinimu.<\/li>\n<li><strong>600 mAh \u012fkraunama baterija<\/strong>\u00a0(Pure Cobalt Core Tech) \u2013 efektyvi energija ilgesniam naudojimui.<\/li>\n<li><strong>0.6\u03a9 tinklelio rit\u0117<\/strong>\u00a0\u2013 pagerina skon\u012f ir gar\u0173 gamyb\u0105, u\u017etikrindama auk\u0161\u010diausios kokyb\u0117s patirt\u012f.<\/li>\n<li><strong>Skaitmeninis ekranas<\/strong>\u00a0\u2013 patogiai seka baterijos veikimo laik\u0105 ir e-skys\u010dio lyg\u012f.<\/li>\n<li><strong>Type-C greitasis \u012fkrovimas<\/strong>\u00a0\u2013 greitas \u012fkrovimas nepertraukiamam naudojimui.<\/li>\n<li><strong>DTL (tiesiogiai \u012f plau\u010dius) dizainas<\/strong>\u00a0\u2013 idealiai tinka giliems, maloniems \u012fkv\u0117pimams.<\/li>\n<li><strong>Keli nikotino kiekio variantai (0%\/2%\/3%\/5%)<\/strong>\u00a0\u2013 Patenkinantys visus pageidavimus.<\/li>\n<li><strong>Lengvas<\/strong>\u00a0\u2013 lengva ne\u0161iotis bet kur.<\/li>\n<li><strong>Didmenin\u0117 prekyba<\/strong>\u00a0\u2013 galimi dideli u\u017esakymai (200 vienet\u0173 d\u0117\u017eut\u0117je).<\/li>\n<\/ul>\n<h2 class=\"product-title\"><strong>AIVONO Fatpro 22k Puff Disposable Skoni\u0173 s\u0105ra\u0161as<\/strong><\/h2>\n<article class=\"w-full text-token-text-primary focus-visible:outline-2 focus-visible:outline-offset-[-4px]\" dir=\"auto\" data-testid=\"conversation-turn-32\" data-scroll-anchor=\"false\">\n<div class=\"m-auto text-base py-[18px] px-6\">\n<div class=\"mx-auto flex flex-1 text-base gap-4 md:gap-5 lg:gap-6 md:max-w-3xl lg:max-w-[40rem] xl:max-w-[48rem]\">\n<div class=\"group\/conversation-turn relative flex w-full min-w-0 flex-col @xs\/thread:px-0 @sm\/thread:px-1.5 @md\/thread:px-4\">\n<div class=\"flex-col gap-1 md:gap-3\">\n<div class=\"flex max-w-full flex-col flex-grow\">\n<div class=\"min-h-8 text-message flex w-full flex-col items-end gap-2 whitespace-normal break-words text-start [.text-message+&amp;]:mt-5\" dir=\"auto\" data-message-author-role=\"user\" data-message-id=\"ffac41ca-1db4-431b-873a-32c4052956f1\">\n<div class=\"flex w-full flex-col gap-1 empty:hidden items-end rtl:items-start\">\n<div class=\"relative max-w-[var(--user-chat-width,70%)] rounded-3xl bg-token-message-surface px-5 py-2.5\">\n<div class=\"absolute bottom-0 right-full top-0 -mr-3.5 hidden pr-5 pt-2 [.group\/conversation-turn:hover_&amp;]:flex\">\n<div class=\"flex\">\n<article class=\"w-full text-token-text-primary focus-visible:outline-2 focus-visible:outline-offset-[-4px]\" dir=\"auto\" data-testid=\"conversation-turn-39\" data-scroll-anchor=\"true\">\n<div class=\"m-auto text-base py-[18px] px-6\">\n<div class=\"mx-auto flex flex-1 text-base gap-4 md:gap-5 lg:gap-6 md:max-w-3xl lg:max-w-[40rem] xl:max-w-[48rem]\">\n<div class=\"group\/conversation-turn relative flex w-full min-w-0 flex-col agent-turn @xs\/thread:px-0 @sm\/thread:px-1.5 @md\/thread:px-4\">\n<div class=\"flex-col gap-1 md:gap-3\">\n<div class=\"flex max-w-full flex-col flex-grow\">\n<div class=\"min-h-8 text-message flex w-full flex-col items-end gap-2 whitespace-normal break-words text-start [.text-message+&amp;]:mt-5\" dir=\"auto\" data-message-author-role=\"assistant\" data-message-id=\"55a23854-ec57-48dd-bd4f-6118f43d6241\" data-message-model-slug=\"gpt-4o\">\n<div class=\"flex w-full flex-col gap-1 empty:hidden first:pt-[3px]\">\n<div class=\"markdown prose w-full break-words dark:prose-invert light\">\n<p>Pagerinkite savo garinimo kelion\u0119 su\u00a0<strong>AIVONO Fatpro 22000 P\u016btim\u0173<\/strong>\u00a0ir jo i\u0161skirtiniu rank\u0173 darbo skoni\u0173 pasirinkimu. Kiekvienas variantas yra meistri\u0161kai sumai\u0161ytas, kad suteikt\u0173 savit\u0105 ir maloni\u0105 patirt\u012f, u\u017etikrinan\u010di\u0105, kad kiekvienas \u012fkv\u0117pimas b\u016bt\u0173 toks pat \u012fsimintinas kaip ir paskutinis.<\/p>\n<p>1. Twin Apple Bliss: puikus tra\u0161ki\u0173 raudon\u0173 ir \u017eali\u0173 obuoli\u0173 skoni\u0173 duetas, derinantis nat\u016bral\u0173 saldum\u0105 su gaiviu r\u016bg\u0161tumu, kad b\u016bt\u0173 atgaivinantis garas.<\/p>\n<p>2. Vynuogi\u0173 \u0161altis: sultingos purpurin\u0117s vynuog\u0117s susilieja su gaiviu m\u0117t\u0173 v\u0117sumu, sukurdamos rafinuot\u0105, vaisin\u012f ir gaiviai v\u0117s\u0173 derin\u012f.<\/p>\n<p>3. Arktinis arb\u016bzas: itin sald\u016bs arb\u016bz\u0173 skoniai yra sustiprinti lediniu mentolio poskoniu, suteikian\u010diu did\u017eiausi\u0105 tro\u0161kulio mal\u0161inimo poj\u016bt\u012f.<\/p>\n<p>4. \u0160aldyt\u0173 uog\u0173 mi\u0161inys: gyvybingas bra\u0161ki\u0173, m\u0117lyni\u0173 ir gervuogi\u0173 mi\u0161inys, su lediniu atod\u016bsiu, kad b\u016bt\u0173 puikiai subalansuotas vaisi\u0173 \u0161altis.<\/p>\n<p>5. M\u0117lyni\u0173 burbulas: \u017eaismingas klasikin\u0117s kramtomosios gumos atk\u016brimas, tryk\u0161tantis autenti\u0161ku m\u0117lyni\u0173 saldumu ir \u0161velniu, kramtomu poskoniu.<\/p>\n<p>6. Rubinini\u0173 uog\u0173 sintez\u0117: sultingos vy\u0161nios persipina su aitriomis aviet\u0117mis, sukurdamos dinami\u0161k\u0105 skonio profil\u012f, kuris yra dr\u0105sus ir nenumaldomai sultingas.<\/p>\n<p>7. Ledinis persik\u0173 rojus: prinok\u0119, saul\u0117s nubu\u010diuoti persikai yra pary\u0161kinami \u0161altu mentolio v\u0117jeliu, tod\u0117l tai yra i\u0161tisus metus trunkantis tropinis pab\u0117gimas.<\/p>\n<p>8. Enigmos eliksyras: paslaptingas ir viliojantis egzotini\u0173 vaisi\u0173 mi\u0161inys su subtiliais g\u0117li\u0173 atspalviais, sukurtas suintriguoti ir d\u017eiuginti poj\u016b\u010dius.<\/p>\n<p>9. Svajon\u0117: kreminis, sluoksniuotas tropini\u0173 ir uog\u0173 nat\u0173 mi\u0161inys, si\u016blantis skland\u0173 ir svajing\u0105 garinimo potyr\u012f.<\/p>\n<p>10. Bra\u0161ki\u0173 purslai: tryk\u0161ta nat\u016braliu \u0161vie\u017eiai nuskint\u0173 bra\u0161ki\u0173 saldumu, \u0161is skonis suteikia ry\u0161k\u0173, sulting\u0105 sm\u016bg\u012f su kiekvienu \u012fkv\u0117pimu.<\/p>\n<figure id=\"attachment_4020\" aria-describedby=\"caption-attachment-4020\" style=\"width: 800px\" class=\"wp-caption alignnone\"><img decoding=\"async\" class=\"wp-image-4020 size-full\" src=\"https:\/\/vapestornado.com\/wp-content\/uploads\/2025\/03\/AIVONO-22000-Disposable-Puff-Bar.webp\" alt=\"AIVONO 22000 vienkartinis garintuvas\" width=\"800\" height=\"800\" srcset=\"https:\/\/vapestornado.com\/wp-content\/uploads\/2025\/03\/AIVONO-22000-Disposable-Puff-Bar.webp 800w, https:\/\/vapestornado.com\/wp-content\/uploads\/2025\/03\/AIVONO-22000-Disposable-Puff-Bar-300x300.webp 300w, https:\/\/vapestornado.com\/wp-content\/uploads\/2025\/03\/AIVONO-22000-Disposable-Puff-Bar-150x150.webp 150w, https:\/\/vapestornado.com\/wp-content\/uploads\/2025\/03\/AIVONO-22000-Disposable-Puff-Bar-768x768.webp 768w, https:\/\/vapestornado.com\/wp-content\/uploads\/2025\/03\/AIVONO-22000-Disposable-Puff-Bar-600x600.webp 600w, https:\/\/vapestornado.com\/wp-content\/uploads\/2025\/03\/AIVONO-22000-Disposable-Puff-Bar-100x100.webp 100w\" sizes=\"(max-width: 800px) 100vw, 800px\" \/><figcaption id=\"caption-attachment-4020\" class=\"wp-caption-text\">AIVONO 22000 vienkartinis garintuvas<\/figcaption><\/figure>\n<p>&nbsp;<\/p>\n<\/div>\n<\/div>\n<\/div>\n<\/div>\n<\/div>\n<\/div>\n<\/div>\n<\/div>\n<\/article>\n<\/div>\n<\/div>\n<\/div>\n<\/div>\n<\/div>\n<\/div>\n<\/div>\n<\/div>\n<\/div>\n<\/div>\n<\/article>\n<h2>Kod\u0117l verta rinktis \"Vapestornado\" perkant \"AIVONO Fatpro 22000Puff\"?<\/h2>\n<div class=\"flex-shrink-0 flex flex-col relative items-end\">\n<div class=\"pt-0\">\n<div class=\"gizmo-bot-avatar flex h-8 w-8 items-center justify-center overflow-hidden rounded-full\">\n<div class=\"relative p-1 rounded-sm flex items-center justify-center bg-token-main-surface-primary text-token-text-primary h-8 w-8\">\n<p>At\u00a0<strong>VapeTornado<\/strong>, mes did\u017eiuojam\u0117s gal\u0117dami pasi\u016blyti\u00a0<strong>auk\u0161\u010diausios kokyb\u0117s garinimo produktus u\u017e neprilygstam\u0105 kain\u0105<\/strong>\u2014o \"AIVONO Fatpro 22000\" \u2013 ne i\u0161imtis! \u0160tai kod\u0117l tur\u0117tum\u0117te pirkti i\u0161 m\u016bs\u0173:<\/p>\n<p><strong>Geriausios didmenin\u0117s kainos<\/strong>\u00a0\u2013 Mes si\u016blome\u00a0<strong>konkurencing\u0105 kain\u0105 perkant dideliais kiekiais<\/strong><span style=\"font-size: 16px;\">, tod\u0117l esame geriausias pasirinkimas perpardav\u0117jams ir elektronini\u0173 cigare\u010di\u0173 parduotuv\u0117ms.<\/span><\/p>\n<p><strong>Greitas<\/strong>\u00a0\u2013 Gaukite savo u\u017esakym\u0105\u00a0<strong>greitai ir saugiai<\/strong>, su pristatymo visame pasaulyje galimyb\u0117mis.<br \/>\n<strong>100% Autenti\u0161ki produktai<\/strong>\u00a0\u2013 Joki\u0173 padirbini\u0173 \u2013 tik\u00a0<strong>tikri WASPE Triple vienkartiniai gaminiai<\/strong>\u00a0su patikrintu kokybe.<br \/>\n<strong>Puikus klient\u0173 aptarnavimas<\/strong>\u00a0\u2013 Turite klausim\u0173? M\u016bs\u0173\u00a0<strong>elektronini\u0173 cigare\u010di\u0173 ekspertai<\/strong> yra pasiruo\u0161\u0119 jums pad\u0117ti vis\u0105 par\u0105.<\/p>\n<p data-start=\"559\" data-end=\"933\" data-is-last-node=\"\" data-is-only-node=\"\">Mes taip pat turime kit\u0173 populiari\u0173 vape su ekranu, pavyzd\u017eiui, <a href=\"https:\/\/vapestornado.com\/lt\/product\/vapme-goat-40000-puff-40k-hookah-shisha-pen-price-wholesale-e-cigarette\/\">Vapme O\u017eka 40000 \u0160i\u0161a<\/a>, <a href=\"https:\/\/vapestornado.com\/lt\/product\/2025-new-vopk-ultra-40000-puffs-double-flavor-disposable-vape-factory-suppliers\/\">VOPK 40000 2 viename vienkartinis garintuvas<\/a>, <a href=\"https:\/\/vapestornado.com\/lt\/product\/bang-beach-22000-20k-puff-disposable-vape-pen-with-screen-reddit-hot\/\">Bang Papl\u016bdimys 22000<\/a>, ir daugiau.<\/p>\n<\/div>\n<div class=\"relative p-1 rounded-sm flex items-center justify-center bg-token-main-surface-primary text-token-text-primary h-8 w-8\">\n<h2>DUK<\/h2>\n<p><strong>1. Kiek laiko veikia \"AIVONO Fatpro 22000\"?<\/strong><\/p>\n<p>Su\u00a0<strong>22 000 \u012fkv\u0117pim\u0173<\/strong>, \u0161is prietaisas veikia \u017eymiai ilgiau nei standartiniai vienkartiniai. Priklausomai nuo naudojimo, jis gali tarnauti saikingiems garintojams savaites ar net m\u0117nesius.<\/p>\n<p><strong>2. Ar \"AIVONO Fatpro\" yra \u012fkraunamas?<\/strong><\/p>\n<p>Taip! Jame yra\u00a0<strong>C tipo \u012fkraunamas prievadas<\/strong>\u00a0ir\u00a0<strong>600mAh baterija<\/strong>, leid\u017eiantis jums visi\u0161kai i\u0161naudoti\u00a0<strong>ir 28 ml e-skys\u010dio talpa<\/strong>\u00a0nei\u0161senkant energijai.<\/p>\n<p><strong>3. Kokio stiprumo nikotino yra?<\/strong><\/p>\n<p>\"AIVONO Fatpro\" si\u016blo\u00a0<strong>0%, 2%, 3% ir 5% nikotino druskos<\/strong>\u00a0parinktis, tinkan\u010dias vis\u0173 tip\u0173 garintojams.<\/p>\n<p><strong>4. Ar jis palaiko gilius plau\u010di\u0173 \u012fkv\u0117pimus (DTL)?<\/strong><\/p>\n<p>Taip! \u012erenginio\u00a0<strong>0,6 \u03a9 tinklelio rit\u0117<\/strong>\u00a0ir\u00a0<strong>DTL dizainas<\/strong>\u00a0yra idealus tiesioginiams \u012fkv\u0117pimams \u012f plau\u010dius, gaminant\u00a0<strong>\u0161velnius, skoningus d\u016bmus<\/strong>.<\/p>\n<\/div>\n<\/div>\n<\/div>\n<\/div>","protected":false},"excerpt":{"rendered":"<p class=\"LC20lb MBeuO DKV0Md\">\u0160is <strong data-start=\"1217\" data-end=\"1250\">AIVONO Fatpro 22K \u0160i\u0161os Vape<\/strong> si\u016blo 22 000 \u012ftraukim\u0173, skaitmenin\u012f ekran\u0105 ir tinklelio rit\u0117s technologij\u0105. Puikus pasirinkimas <strong data-start=\"1334\" data-end=\"1359\">didmeniniams u\u017esakymams<\/strong>.<\/p>\n<p><strong>Prid\u0117kite Amy's whatsapp, kad gautum\u0117te tinkam\u0105 atsakym\u0105 ir nuolaidos kain\u0105!<\/strong><\/p>\n<p><img fetchpriority=\"high\" decoding=\"async\" class=\"size-full wp-image-2932\" src=\"https:\/\/vapestornado.com\/wp-content\/uploads\/2024\/12\/Vape-Wholesale.jpg\" alt=\"Garintuvai Didmenin\u0117 prekyba\" width=\"229\" height=\"300\" \/><\/p>\n<h3><a href=\"https:\/\/wa.me\/8617776015835\"><span style=\"color: #ff0000;\"><strong>WhatsApp: +86 17776015835<\/strong><\/span><\/a><\/h3>\n<p>&nbsp;<\/p>","protected":false},"featured_media":4026,"comment_status":"open","ping_status":"closed","template":"","meta":{"_acf_changed":false,"_uag_custom_page_level_css":"","_lmt_disableupdate":"no","_lmt_disable":"","_monsterinsights_skip_tracking":false,"_monsterinsights_sitenote_active":false,"_monsterinsights_sitenote_note":"","_monsterinsights_sitenote_category":0,"site-sidebar-layout":"default","site-content-layout":"","ast-site-content-layout":"default","site-content-style":"default","site-sidebar-style":"default","ast-global-header-display":"","ast-banner-title-visibility":"","ast-main-header-display":"","ast-hfb-above-header-display":"","ast-hfb-below-header-display":"","ast-hfb-mobile-header-display":"","site-post-title":"","ast-breadcrumbs-content":"","ast-featured-img":"","footer-sml-layout":"","ast-disable-related-posts":"","theme-transparent-header-meta":"default","adv-header-id-meta":"","stick-header-meta":"","header-above-stick-meta":"","header-main-stick-meta":"","header-below-stick-meta":"","astra-migrate-meta-layouts":"set","ast-page-background-enabled":"default","ast-page-background-meta":{"desktop":{"background-color":"","background-image":"","background-repeat":"repeat","background-position":"center center","background-size":"auto","background-attachment":"scroll","background-type":"","background-media":"","overlay-type":"","overlay-color":"","overlay-opacity":"","overlay-gradient":""},"tablet":{"background-color":"","background-image":"","background-repeat":"repeat","background-position":"center center","background-size":"auto","background-attachment":"scroll","background-type":"","background-media":"","overlay-type":"","overlay-color":"","overlay-opacity":"","overlay-gradient":""},"mobile":{"background-color":"","background-image":"","background-repeat":"repeat","background-position":"center center","background-size":"auto","background-attachment":"scroll","background-type":"","background-media":"","overlay-type":"","overlay-color":"","overlay-opacity":"","overlay-gradient":""}},"ast-content-background-meta":{"desktop":{"background-color":"var(--ast-global-color-5)","background-image":"","background-repeat":"repeat","background-position":"center center","background-size":"auto","background-attachment":"scroll","background-type":"","background-media":"","overlay-type":"","overlay-color":"","overlay-opacity":"","overlay-gradient":""},"tablet":{"background-color":"var(--ast-global-color-5)","background-image":"","background-repeat":"repeat","background-position":"center center","background-size":"auto","background-attachment":"scroll","background-type":"","background-media":"","overlay-type":"","overlay-color":"","overlay-opacity":"","overlay-gradient":""},"mobile":{"background-color":"var(--ast-global-color-5)","background-image":"","background-repeat":"repeat","background-position":"center center","background-size":"auto","background-attachment":"scroll","background-type":"","background-media":"","overlay-type":"","overlay-color":"","overlay-opacity":"","overlay-gradient":""}},"_joinchat":{"telephone":"17776015835"}},"product_brand":[],"product_cat":[176,154,147],"product_tag":[308,105,284,296,94],"class_list":{"0":"post-4047","1":"product","2":"type-product","3":"status-publish","4":"has-post-thumbnail","6":"product_cat-aivono-vape","7":"product_cat-buy-disposable-vapes-in-netherlands","8":"product_cat-shisha-hookah-disposable-vapes","9":"product_tag-aivono-fatpro-22000","10":"product_tag-digital-disposable-vape","11":"product_tag-disposable-shisha","12":"product_tag-puff-bar","13":"product_tag-rechargeable-disposable-vape","14":"desktop-align-left","15":"tablet-align-left","16":"mobile-align-left","18":"first","19":"instock","20":"sale","21":"shipping-taxable","22":"purchasable","23":"product-type-simple"},"acf":[],"uagb_featured_image_src":{"full":["https:\/\/vapestornado.com\/wp-content\/uploads\/2025\/03\/Wholesale-Vape-Original-Ainovo-Aim-Fatpro-22000-Puffs.webp",800,800,false],"thumbnail":["https:\/\/vapestornado.com\/wp-content\/uploads\/2025\/03\/Wholesale-Vape-Original-Ainovo-Aim-Fatpro-22000-Puffs-150x150.webp",150,150,true],"medium":["https:\/\/vapestornado.com\/wp-content\/uploads\/2025\/03\/Wholesale-Vape-Original-Ainovo-Aim-Fatpro-22000-Puffs-300x300.webp",300,300,true],"medium_large":["https:\/\/vapestornado.com\/wp-content\/uploads\/2025\/03\/Wholesale-Vape-Original-Ainovo-Aim-Fatpro-22000-Puffs-768x768.webp",768,768,true],"large":["https:\/\/vapestornado.com\/wp-content\/uploads\/2025\/03\/Wholesale-Vape-Original-Ainovo-Aim-Fatpro-22000-Puffs.webp",800,800,false],"1536x1536":["https:\/\/vapestornado.com\/wp-content\/uploads\/2025\/03\/Wholesale-Vape-Original-Ainovo-Aim-Fatpro-22000-Puffs.webp",800,800,false],"2048x2048":["https:\/\/vapestornado.com\/wp-content\/uploads\/2025\/03\/Wholesale-Vape-Original-Ainovo-Aim-Fatpro-22000-Puffs.webp",800,800,false],"trp-custom-language-flag":["https:\/\/vapestornado.com\/wp-content\/uploads\/2025\/03\/Wholesale-Vape-Original-Ainovo-Aim-Fatpro-22000-Puffs.webp",12,12,false],"woocommerce_thumbnail":["https:\/\/vapestornado.com\/wp-content\/uploads\/2025\/03\/Wholesale-Vape-Original-Ainovo-Aim-Fatpro-22000-Puffs-300x300.webp",300,300,true],"woocommerce_single":["https:\/\/vapestornado.com\/wp-content\/uploads\/2025\/03\/Wholesale-Vape-Original-Ainovo-Aim-Fatpro-22000-Puffs-600x600.webp",600,600,true],"woocommerce_gallery_thumbnail":["https:\/\/vapestornado.com\/wp-content\/uploads\/2025\/03\/Wholesale-Vape-Original-Ainovo-Aim-Fatpro-22000-Puffs-100x100.webp",100,100,true]},"uagb_author_info":{"display_name":"ESAMY","author_link":"https:\/\/vapestornado.com\/lt\/author\/"},"uagb_comment_info":0,"uagb_excerpt":"The AIVONO Fatpro 22K Shisha Vape offers 22,000 puffs, digital display, and mesh coil technology. A great choice for bulk wholesale orders. Add Amy's whatsapp to get right reply and discount price! WhatsApp: +86 17776015835 &nbsp;","_links":{"self":[{"href":"https:\/\/vapestornado.com\/lt\/wp-json\/wp\/v2\/product\/4047","targetHints":{"allow":["GET"]}}],"collection":[{"href":"https:\/\/vapestornado.com\/lt\/wp-json\/wp\/v2\/product"}],"about":[{"href":"https:\/\/vapestornado.com\/lt\/wp-json\/wp\/v2\/types\/product"}],"replies":[{"embeddable":true,"href":"https:\/\/vapestornado.com\/lt\/wp-json\/wp\/v2\/comments?post=4047"}],"wp:featuredmedia":[{"embeddable":true,"href":"https:\/\/vapestornado.com\/lt\/wp-json\/wp\/v2\/media\/4026"}],"wp:attachment":[{"href":"https:\/\/vapestornado.com\/lt\/wp-json\/wp\/v2\/media?parent=4047"}],"wp:term":[{"taxonomy":"product_brand","embeddable":true,"href":"https:\/\/vapestornado.com\/lt\/wp-json\/wp\/v2\/product_brand?post=4047"},{"taxonomy":"product_cat","embeddable":true,"href":"https:\/\/vapestornado.com\/lt\/wp-json\/wp\/v2\/product_cat?post=4047"},{"taxonomy":"product_tag","embeddable":true,"href":"https:\/\/vapestornado.com\/lt\/wp-json\/wp\/v2\/product_tag?post=4047"}],"curies":[{"name":"wp","href":"https:\/\/api.w.org\/{rel}","templated":true}]}}