{"id":4044,"date":"2025-03-30T09:23:45","date_gmt":"2025-03-30T09:23:45","guid":{"rendered":"https:\/\/vapestornado.com\/?post_type=product&#038;p=4044"},"modified":"2025-08-23T11:57:41","modified_gmt":"2025-08-23T11:57:41","slug":"bang-king-30000-pro-puff-30k-disposable-device-wholesale-price","status":"publish","type":"product","link":"https:\/\/vapestornado.com\/lt\/product\/bang-king-30000-pro-puff-30k-disposable-device-wholesale-price\/","title":{"rendered":"Bang King 30000 Pro Puff 30k vienkartinio \u012frenginio didmenin\u0117 kaina"},"content":{"rendered":"<h1 data-pm-slice=\"1 1 []\">Bang King 30000 Pro Puff 30k vienkartinio \u012frenginio didmenin\u0117 kaina<\/h1>\n<p>\u0160is <strong data-start=\"383\" data-end=\"427\">Bang King 30000 Pro Puff vienkartinis Vape<\/strong> yra sukurtas didmenininkams ir ma\u017emenininkams, norintiems prekiauti auk\u0161\u010diausios kokyb\u0117s, ilgai tarnaujan\u010diu prietaisu. Si\u016blo iki <strong data-start=\"537\" data-end=\"553\">30 000 \u012ftraukim\u0173<\/strong>, \u0161is vienkartinis prietaisas u\u017etikrina ilgesnes sesijas su nuoseklia skonio kokybe. Jo <strong data-start=\"634\" data-end=\"671\">36 ml i\u0161 anksto u\u017epildyta e. skys\u010dio talpa<\/strong> ir <strong data-start=\"676\" data-end=\"694\">1.0\u03a9 tinklelio rit\u0117<\/strong> u\u017etikrina skland\u0173 gar\u0105 ir sodr\u0173 skon\u012f nuo pirmo \u012fkv\u0117pimo iki paskutinio.<\/p>\n<p>Veikia su <strong data-start=\"787\" data-end=\"818\">850mAh \u012fkraunama baterija<\/strong> su <strong data-start=\"824\" data-end=\"848\">C tipo greit\u0105j\u012f \u012fkrovim\u0105<\/strong>, Bang King 30K Pro Puff garantuoja nepertraukiam\u0105 naudojim\u0105. Nikotino stiprumo pasirinkimai <strong data-start=\"936\" data-end=\"958\">0%, 2%, 3% ir 5%<\/strong> daro j\u012f tinkam\u0105 \u012fvairiems klientams, o <strong data-start=\"1013\" data-end=\"1044\">12 profesionaliai sumai\u0161yt\u0173 skoni\u0173<\/strong> suteikia universalumo kiekvienam skoniui.<\/p>\n<p>Didmeniniams pirk\u0117jams \u0161is prietaisas yra stiprus dalyvis <strong data-start=\"1159\" data-end=\"1195\">didmenin\u0117je vienkartini\u0173 vape rinkoje<\/strong>, derinant patvarum\u0105, auk\u0161\u010diausios kokyb\u0117s skon\u012f ir konkurencing\u0105 kain\u0105. Patikimas pasirinkimas parduotuv\u0117ms, ie\u0161kan\u010dioms didel\u0117s paklausos, didel\u0117s talpos elektronini\u0173 cigare\u010di\u0173.<\/p>\n<h2><strong>Produkto akcentai:<\/strong><\/h2>\n<p>\u2714\u00a0<strong>30 000 \u012fkv\u0117pim\u0173<\/strong>\u00a0\u2013 Itin ilgaam\u017ei\u0161kas veikimas, skirtas ilgesniam m\u0117gavimuisi.<br \/>\n\u2714\u00a0<strong>36 ml e-skys\u010dio talpa<\/strong>\u00a0\u2013 Nereikia pildyti, tik grynas malonumas garinant.<br \/>\n\u2714\u00a0<strong>Vienos r\u016b\u0161ies skonio sistema<\/strong>\u00a0\u2013 Profesionaliai sukurti skoniai, kurie i\u0161lieka sodr\u016bs ir nuosekl\u016bs viso naudojimo metu.<br \/>\n\u2714\u00a0<strong>\u012ekraunamas C tipo prievadas<\/strong>\u00a0\u2013 \u012erengtas\u00a0<strong>850 mAh baterija<\/strong>\u00a0nenutr\u016bkstamoms sesijoms.<br \/>\n\u2714\u00a0<strong>1.0\u03a9 Tinklelio rit\u0117<\/strong>\u00a0\u2013 Pagerina skonio perdavim\u0105, kad patirtis b\u016bt\u0173 sklandesn\u0117 ir intensyvesn\u0117.<br \/>\n\u2714\u00a0<strong>Keli nikotino stiprumai (0%\/2%\/3%\/5%)<\/strong>\u00a0\u2013 Patenkinantys visus pageidavimus.<br \/>\n\u2714\u00a0<strong>Galimi 12 gard\u017ei\u0173 skoni\u0173<\/strong>\u00a0\u2013 \u012evairios galimyb\u0117s, tinkan\u010dios kiekvieno skoniui.<\/p>\n<p>Puikiai tinka\u00a0<strong>didmenininkai ir ma\u017emenininkai<\/strong>,\u00a0<strong>Bang King 30K Pro P\u016bkuotas<\/strong>\u00a0yra auk\u0161\u010diausios klas\u0117s vienkartinis garintuvas, garantuojantis klient\u0173 pasitenkinim\u0105 su\u00a0<strong>didele gar\u0173 apimtimi, nuolatiniu auk\u0161\u010diausios kokyb\u0117s skoniu ir patogumu<\/strong>.<\/p>\n<p data-start=\"666\" data-end=\"1235\"><strong style=\"font-size: 16px;\"><span style=\"color: #ff0000;\">Prid\u0117kite Amy WhatsApp, kad gautum\u0117te tinkam\u0105 atsakym\u0105 ir nuolaid\u0105!<\/span><\/strong><\/p>\n<p><img fetchpriority=\"high\" decoding=\"async\" class=\"size-full wp-image-2932\" src=\"https:\/\/vapestornado.com\/wp-content\/uploads\/2024\/12\/Vape-Wholesale.jpg\" alt=\"Garintuvai Didmenin\u0117 prekyba\" width=\"229\" height=\"300\" \/><\/p>\n<h3><a href=\"https:\/\/wa.me\/8617776015835\" target=\"_blank\" rel=\"noopener\"><span style=\"color: #ff0000;\"><strong>WhatsApp: +86 17776015835<\/strong><\/span><\/a><\/h3>\n<p>&nbsp;<\/p>\n<h2><strong>Bang King 30000 Pro Pagrindin\u0117s produkto savyb\u0117s<\/strong><\/h2>\n<p>Prek\u0117s \u017eenklas: Bang King<br \/>\nNikotinas: 0%\/2%\/3%\/5%<br \/>\nGar\u0173: 30000 gar\u0173<br \/>\nBaterija: 850 mah<br \/>\nTalpa: 36ML<br \/>\nAtsparumas: 1.0 \u03a9 tinklelio rit\u0117<br \/>\n\u012ekraunama: type-C<br \/>\nVienkartinis prietaisas<br \/>\nGalimi 12 skoni\u0173<\/p>\n<p>&nbsp;<\/p>\n<figure id=\"attachment_4033\" aria-describedby=\"caption-attachment-4033\" style=\"width: 800px\" class=\"wp-caption alignnone\"><img decoding=\"async\" class=\"wp-image-4033 size-full\" src=\"https:\/\/vapestornado.com\/wp-content\/uploads\/2025\/03\/Bang-King-30K-30000-PRO-Puffs-Disposable-Vape-Pen.webp\" alt=\"Bang King 30K 30000 PRO Puffs vienkartinis gar\u0173 pie\u0161tukas\" width=\"800\" height=\"800\" srcset=\"https:\/\/vapestornado.com\/wp-content\/uploads\/2025\/03\/Bang-King-30K-30000-PRO-Puffs-Disposable-Vape-Pen.webp 800w, https:\/\/vapestornado.com\/wp-content\/uploads\/2025\/03\/Bang-King-30K-30000-PRO-Puffs-Disposable-Vape-Pen-300x300.webp 300w, https:\/\/vapestornado.com\/wp-content\/uploads\/2025\/03\/Bang-King-30K-30000-PRO-Puffs-Disposable-Vape-Pen-150x150.webp 150w, https:\/\/vapestornado.com\/wp-content\/uploads\/2025\/03\/Bang-King-30K-30000-PRO-Puffs-Disposable-Vape-Pen-768x768.webp 768w, https:\/\/vapestornado.com\/wp-content\/uploads\/2025\/03\/Bang-King-30K-30000-PRO-Puffs-Disposable-Vape-Pen-600x600.webp 600w, https:\/\/vapestornado.com\/wp-content\/uploads\/2025\/03\/Bang-King-30K-30000-PRO-Puffs-Disposable-Vape-Pen-100x100.webp 100w\" sizes=\"(max-width: 800px) 100vw, 800px\" \/><figcaption id=\"caption-attachment-4033\" class=\"wp-caption-text\">Bang King 30K 30000 PRO Puffs vienkartinis gar\u0173 pie\u0161tukas<\/figcaption><\/figure>\n<h2 class=\"product-title\"><strong>Bang King 30000 Puff vienkartini\u0173 kapsuli\u0173 skoni\u0173 s\u0105ra\u0161as<\/strong><\/h2>\n<article class=\"w-full text-token-text-primary focus-visible:outline-2 focus-visible:outline-offset-[-4px]\" dir=\"auto\" data-testid=\"conversation-turn-32\" data-scroll-anchor=\"false\">\n<div class=\"m-auto text-base py-[18px] px-6\">\n<div class=\"mx-auto flex flex-1 text-base gap-4 md:gap-5 lg:gap-6 md:max-w-3xl lg:max-w-[40rem] xl:max-w-[48rem]\">\n<div class=\"group\/conversation-turn relative flex w-full min-w-0 flex-col @xs\/thread:px-0 @sm\/thread:px-1.5 @md\/thread:px-4\">\n<div class=\"flex-col gap-1 md:gap-3\">\n<div class=\"flex max-w-full flex-col flex-grow\">\n<div class=\"min-h-8 text-message flex w-full flex-col items-end gap-2 whitespace-normal break-words text-start [.text-message+&amp;]:mt-5\" dir=\"auto\" data-message-author-role=\"user\" data-message-id=\"ffac41ca-1db4-431b-873a-32c4052956f1\">\n<div class=\"flex w-full flex-col gap-1 empty:hidden items-end rtl:items-start\">\n<div class=\"relative max-w-[var(--user-chat-width,70%)] rounded-3xl bg-token-message-surface px-5 py-2.5\">\n<div class=\"absolute bottom-0 right-full top-0 -mr-3.5 hidden pr-5 pt-2 [.group\/conversation-turn:hover_&amp;]:flex\">\n<div class=\"flex\">\n<article class=\"w-full text-token-text-primary focus-visible:outline-2 focus-visible:outline-offset-[-4px]\" dir=\"auto\" data-testid=\"conversation-turn-39\" data-scroll-anchor=\"true\">\n<div class=\"m-auto text-base py-[18px] px-6\">\n<div class=\"mx-auto flex flex-1 text-base gap-4 md:gap-5 lg:gap-6 md:max-w-3xl lg:max-w-[40rem] xl:max-w-[48rem]\">\n<div class=\"group\/conversation-turn relative flex w-full min-w-0 flex-col agent-turn @xs\/thread:px-0 @sm\/thread:px-1.5 @md\/thread:px-4\">\n<div class=\"flex-col gap-1 md:gap-3\">\n<div class=\"flex max-w-full flex-col flex-grow\">\n<div class=\"min-h-8 text-message flex w-full flex-col items-end gap-2 whitespace-normal break-words text-start [.text-message+&amp;]:mt-5\" dir=\"auto\" data-message-author-role=\"assistant\" data-message-id=\"55a23854-ec57-48dd-bd4f-6118f43d6241\" data-message-model-slug=\"gpt-4o\">\n<div class=\"flex w-full flex-col gap-1 empty:hidden first:pt-[3px]\">\n<div class=\"markdown prose w-full break-words dark:prose-invert light\">\n<p>1. Bra\u0161ki\u0173 arb\u016bzas<br \/>\n2.\u0160ilauogi\u0173 ledas<br \/>\n3.Gaivi m\u0117ta<br \/>\n4.Bra\u0161ki\u0173 vynuog\u0117s<br \/>\n5.M\u0117lyni\u0173 spanguoli\u0173 vy\u0161nios<br \/>\n6.Arb\u016bzas<br \/>\n7.Bra\u0161k\u0117 Kiviai<br \/>\n8.M\u0117lyn\u0173 avie\u010di\u0173 m\u0117ta<br \/>\n9.Trigubos uogos<br \/>\n10.Arb\u016bzas Vy\u0161nia<br \/>\n11.Avie\u010di\u0173 Tamsi Kibirk\u0161tis<br \/>\n12.M\u0117lyni\u0173 Avie\u010di\u0173<\/p>\n<\/div>\n<\/div>\n<\/div>\n<\/div>\n<\/div>\n<\/div>\n<\/div>\n<\/div>\n<\/article>\n<\/div>\n<\/div>\n<\/div>\n<\/div>\n<\/div>\n<\/div>\n<\/div>\n<\/div>\n<\/div>\n<\/div>\n<\/article>\n<h2>Kod\u0117l verta rinktis Vapestornado, kad \u012fsigytum\u0117te \u201eBang King 30000 Pro\u201c?<\/h2>\n<div class=\"flex-shrink-0 flex flex-col relative items-end\">\n<div class=\"pt-0\">\n<div class=\"gizmo-bot-avatar flex h-8 w-8 items-center justify-center overflow-hidden rounded-full\">\n<div class=\"relative p-1 rounded-sm flex items-center justify-center bg-token-main-surface-primary text-token-text-primary h-8 w-8\">\n<p>At\u00a0<strong>VapeTornado<\/strong>, mes did\u017eiuojam\u0117s gal\u0117dami pasi\u016blyti\u00a0<strong>auk\u0161\u010diausios kokyb\u0117s garinimo produktus u\u017e neprilygstam\u0105 kain\u0105<\/strong>\u2014ir \u201eBang King 30000 Pro\u201c n\u0117ra i\u0161imtis! \u0160tai kod\u0117l tur\u0117tum\u0117te pirkti i\u0161 m\u016bs\u0173:<\/p>\n<p><strong>Geriausios didmenin\u0117s kainos<\/strong>\u00a0\u2013 Mes si\u016blome\u00a0<strong>konkurencing\u0105 kain\u0105 perkant dideliais kiekiais<\/strong><span style=\"font-size: 16px;\">, tod\u0117l esame geriausias pasirinkimas perpardav\u0117jams ir elektronini\u0173 cigare\u010di\u0173 parduotuv\u0117ms.<\/span><\/p>\n<p><strong>Greitas<\/strong>\u00a0\u2013 Gaukite savo u\u017esakym\u0105\u00a0<strong>greitai ir saugiai<\/strong>, su pristatymo visame pasaulyje galimyb\u0117mis.<br \/>\n<strong>100% Autenti\u0161ki produktai<\/strong>\u00a0\u2013 Joki\u0173 padirbini\u0173 \u2013 tik\u00a0<strong>tikri WASPE Triple vienkartiniai gaminiai<\/strong>\u00a0su patikrintu kokybe.<br \/>\n<strong>Puikus klient\u0173 aptarnavimas<\/strong>\u00a0\u2013 Turite klausim\u0173? M\u016bs\u0173\u00a0<strong>elektronini\u0173 cigare\u010di\u0173 ekspertai<\/strong> yra pasiruo\u0161\u0119 jums pad\u0117ti vis\u0105 par\u0105.<\/p>\n<p data-start=\"559\" data-end=\"933\" data-is-last-node=\"\" data-is-only-node=\"\">Mes taip pat turime kit\u0173 populiari\u0173 vape su ekranu, pavyzd\u017eiui, <a href=\"https:\/\/vapestornado.com\/lt\/product\/mesii-couple-50k-disposable-shisha-hookah-50000-puffs-vape-with-digital-display\/\">Mesii pora 50000<\/a>, <a href=\"https:\/\/vapestornado.com\/lt\/product\/vopk-cool-9000-puffs-disposable-vapes-bar-puff-9k\/\">VOPK 9000 \u012ftraukim\u0173 vienkartinis garintuvas<\/a>, <a href=\"https:\/\/vapestornado.com\/lt\/product\/bang-beach-22000-20k-puff-disposable-vape-pen-with-screen-reddit-hot\/\">Bang Papl\u016bdimys 22000<\/a>, ir daugiau.<\/p>\n<\/div>\n<div class=\"relative p-1 rounded-sm flex items-center justify-center bg-token-main-surface-primary text-token-text-primary h-8 w-8\">\n<h2>DUK apie \u201eBang King 30000\u201c<\/h2>\n<h3><strong>1. Kiek laiko veikia \u201eBang King 30K Pro Puff\u201c?<\/strong><\/h3>\n<p>Su\u00a0<strong>30 000 \u012ftraukim\u0173<\/strong>, \u0161is prietaisas gali veikti \u017eymiai ilgiau nei standartiniai vienkartiniai, priklausomai nuo naudojimo da\u017enumo. Vidutinio lygio garintojams jis gali tarnauti savaites ar net m\u0117nesius.<\/p>\n<h3><strong>2. Ar \u201eBang King 30K\u201c yra \u012fkraunamas?<\/strong><\/h3>\n<p>Taip! Jame yra\u00a0<strong>C tipo \u012fkraunamas prievadas<\/strong>, leid\u017eiant maksimaliai i\u0161naudoti\u00a0<strong>36 ml e-skys\u010dio talp\u0105<\/strong>\u00a0nepertraukiant patirties d\u0117l i\u0161sikrovusios baterijos.<\/p>\n<h3><strong>3. Kokio stiprumo nikotino yra?<\/strong><\/h3>\n<p>\u0160is\u00a0<strong>Bang King 30K Pro P\u016bkuotas<\/strong>\u00a0yra\u00a0<strong>0% (be nikotino), 2%, 3% ir 5% nikotino<\/strong>\u00a0pasirinkimus, tinkan\u010dius tiek pradedantiesiems, tiek daug garinantiems.<\/p>\n<h3><strong>4. Ar skonis i\u0161lieka pastovus viso naudojimo metu?<\/strong><\/h3>\n<p>Be abejo! D\u0117ka\u00a0<strong>vieno skonio sistemos ir 1.0\u03a9 tinklelio rit\u0117s<\/strong>, skonis i\u0161lieka sodrus ir vienodas nuo pirmo iki paskutinio d\u016bmo.<\/p>\n<\/div>\n<\/div>\n<\/div>\n<\/div>","protected":false},"excerpt":{"rendered":"<p class=\"LC20lb MBeuO DKV0Md\">\u0160is <strong data-start=\"1343\" data-end=\"1374\">Bang King 30K Pro P\u016bkuotas Vape<\/strong> si\u016blo 30 000 \u012fkv\u0117pim\u0173, 36 ml e. skys\u010dio ir \u012fkraunam\u0105 patogum\u0105. Patikimas, aromatingas vienkartinis gaminys didmenin\u0117mis kainomis.<\/p>\n<p><strong>Prid\u0117kite Amy's whatsapp, kad gautum\u0117te tinkam\u0105 atsakym\u0105 ir nuolaidos kain\u0105!<\/strong><\/p>\n<p><img fetchpriority=\"high\" decoding=\"async\" class=\"size-full wp-image-2932\" src=\"https:\/\/vapestornado.com\/wp-content\/uploads\/2024\/12\/Vape-Wholesale.jpg\" alt=\"Garintuvai Didmenin\u0117 prekyba\" width=\"229\" height=\"300\" \/><\/p>\n<h3><a href=\"https:\/\/wa.me\/8617776015835\"><span style=\"color: #ff0000;\"><strong>WhatsApp: +86 17776015835<\/strong><\/span><\/a><\/h3>\n<p>&nbsp;<\/p>","protected":false},"featured_media":4037,"comment_status":"open","ping_status":"closed","template":"","meta":{"_acf_changed":false,"_uag_custom_page_level_css":"","_lmt_disableupdate":"no","_lmt_disable":"","_monsterinsights_skip_tracking":false,"_monsterinsights_sitenote_active":false,"_monsterinsights_sitenote_note":"","_monsterinsights_sitenote_category":0,"site-sidebar-layout":"default","site-content-layout":"","ast-site-content-layout":"default","site-content-style":"default","site-sidebar-style":"default","ast-global-header-display":"","ast-banner-title-visibility":"","ast-main-header-display":"","ast-hfb-above-header-display":"","ast-hfb-below-header-display":"","ast-hfb-mobile-header-display":"","site-post-title":"","ast-breadcrumbs-content":"","ast-featured-img":"","footer-sml-layout":"","ast-disable-related-posts":"","theme-transparent-header-meta":"default","adv-header-id-meta":"","stick-header-meta":"","header-above-stick-meta":"","header-main-stick-meta":"","header-below-stick-meta":"","astra-migrate-meta-layouts":"set","ast-page-background-enabled":"default","ast-page-background-meta":{"desktop":{"background-color":"","background-image":"","background-repeat":"repeat","background-position":"center center","background-size":"auto","background-attachment":"scroll","background-type":"","background-media":"","overlay-type":"","overlay-color":"","overlay-opacity":"","overlay-gradient":""},"tablet":{"background-color":"","background-image":"","background-repeat":"repeat","background-position":"center center","background-size":"auto","background-attachment":"scroll","background-type":"","background-media":"","overlay-type":"","overlay-color":"","overlay-opacity":"","overlay-gradient":""},"mobile":{"background-color":"","background-image":"","background-repeat":"repeat","background-position":"center center","background-size":"auto","background-attachment":"scroll","background-type":"","background-media":"","overlay-type":"","overlay-color":"","overlay-opacity":"","overlay-gradient":""}},"ast-content-background-meta":{"desktop":{"background-color":"var(--ast-global-color-5)","background-image":"","background-repeat":"repeat","background-position":"center center","background-size":"auto","background-attachment":"scroll","background-type":"","background-media":"","overlay-type":"","overlay-color":"","overlay-opacity":"","overlay-gradient":""},"tablet":{"background-color":"var(--ast-global-color-5)","background-image":"","background-repeat":"repeat","background-position":"center center","background-size":"auto","background-attachment":"scroll","background-type":"","background-media":"","overlay-type":"","overlay-color":"","overlay-opacity":"","overlay-gradient":""},"mobile":{"background-color":"var(--ast-global-color-5)","background-image":"","background-repeat":"repeat","background-position":"center center","background-size":"auto","background-attachment":"scroll","background-type":"","background-media":"","overlay-type":"","overlay-color":"","overlay-opacity":"","overlay-gradient":""}},"_joinchat":{"telephone":"17776015835"}},"product_brand":[],"product_cat":[67,63,151,144,146],"product_tag":[305,306,105,94,302],"class_list":{"0":"post-4044","1":"product","2":"type-product","3":"status-publish","4":"has-post-thumbnail","6":"product_cat-30000-puff","7":"product_cat-bangking","8":"product_cat-buy-disposable-vapes-in-france","9":"product_cat-low-nicotine-disposable-vapes","10":"product_cat-rechargeable-disposable-vapes","11":"product_tag-bang-king","12":"product_tag-bang-king-30000","13":"product_tag-digital-disposable-vape","14":"product_tag-rechargeable-disposable-vape","15":"product_tag-vape-box-mod","16":"desktop-align-left","17":"tablet-align-left","18":"mobile-align-left","20":"first","21":"instock","22":"sale","23":"shipping-taxable","24":"purchasable","25":"product-type-simple"},"acf":[],"uagb_featured_image_src":{"full":["https:\/\/vapestornado.com\/wp-content\/uploads\/2025\/03\/Bang-King-30000-Puffs-Disposable-Vape-Best-Price.webp",800,800,false],"thumbnail":["https:\/\/vapestornado.com\/wp-content\/uploads\/2025\/03\/Bang-King-30000-Puffs-Disposable-Vape-Best-Price-150x150.webp",150,150,true],"medium":["https:\/\/vapestornado.com\/wp-content\/uploads\/2025\/03\/Bang-King-30000-Puffs-Disposable-Vape-Best-Price-300x300.webp",300,300,true],"medium_large":["https:\/\/vapestornado.com\/wp-content\/uploads\/2025\/03\/Bang-King-30000-Puffs-Disposable-Vape-Best-Price-768x768.webp",768,768,true],"large":["https:\/\/vapestornado.com\/wp-content\/uploads\/2025\/03\/Bang-King-30000-Puffs-Disposable-Vape-Best-Price.webp",800,800,false],"1536x1536":["https:\/\/vapestornado.com\/wp-content\/uploads\/2025\/03\/Bang-King-30000-Puffs-Disposable-Vape-Best-Price.webp",800,800,false],"2048x2048":["https:\/\/vapestornado.com\/wp-content\/uploads\/2025\/03\/Bang-King-30000-Puffs-Disposable-Vape-Best-Price.webp",800,800,false],"trp-custom-language-flag":["https:\/\/vapestornado.com\/wp-content\/uploads\/2025\/03\/Bang-King-30000-Puffs-Disposable-Vape-Best-Price.webp",12,12,false],"woocommerce_thumbnail":["https:\/\/vapestornado.com\/wp-content\/uploads\/2025\/03\/Bang-King-30000-Puffs-Disposable-Vape-Best-Price-300x300.webp",300,300,true],"woocommerce_single":["https:\/\/vapestornado.com\/wp-content\/uploads\/2025\/03\/Bang-King-30000-Puffs-Disposable-Vape-Best-Price-600x600.webp",600,600,true],"woocommerce_gallery_thumbnail":["https:\/\/vapestornado.com\/wp-content\/uploads\/2025\/03\/Bang-King-30000-Puffs-Disposable-Vape-Best-Price-100x100.webp",100,100,true]},"uagb_author_info":{"display_name":"ESAMY","author_link":"https:\/\/vapestornado.com\/lt\/author\/"},"uagb_comment_info":0,"uagb_excerpt":"The Bang King 30K Pro Puff Vape offers 30,000 puffs, 36ml e-liquid, and rechargeable convenience. A reliable, flavorful disposable at wholesale bulk prices. Add Amy's whatsapp to get right reply and discount price! WhatsApp: +86 17776015835 &nbsp;","_links":{"self":[{"href":"https:\/\/vapestornado.com\/lt\/wp-json\/wp\/v2\/product\/4044","targetHints":{"allow":["GET"]}}],"collection":[{"href":"https:\/\/vapestornado.com\/lt\/wp-json\/wp\/v2\/product"}],"about":[{"href":"https:\/\/vapestornado.com\/lt\/wp-json\/wp\/v2\/types\/product"}],"replies":[{"embeddable":true,"href":"https:\/\/vapestornado.com\/lt\/wp-json\/wp\/v2\/comments?post=4044"}],"wp:featuredmedia":[{"embeddable":true,"href":"https:\/\/vapestornado.com\/lt\/wp-json\/wp\/v2\/media\/4037"}],"wp:attachment":[{"href":"https:\/\/vapestornado.com\/lt\/wp-json\/wp\/v2\/media?parent=4044"}],"wp:term":[{"taxonomy":"product_brand","embeddable":true,"href":"https:\/\/vapestornado.com\/lt\/wp-json\/wp\/v2\/product_brand?post=4044"},{"taxonomy":"product_cat","embeddable":true,"href":"https:\/\/vapestornado.com\/lt\/wp-json\/wp\/v2\/product_cat?post=4044"},{"taxonomy":"product_tag","embeddable":true,"href":"https:\/\/vapestornado.com\/lt\/wp-json\/wp\/v2\/product_tag?post=4044"}],"curies":[{"name":"wp","href":"https:\/\/api.w.org\/{rel}","templated":true}]}}