{"id":4043,"date":"2025-03-29T08:48:24","date_gmt":"2025-03-29T08:48:24","guid":{"rendered":"https:\/\/vapestornado.com\/?post_type=product&#038;p=4043"},"modified":"2025-08-23T12:28:58","modified_gmt":"2025-08-23T12:28:58","slug":"bang-32000-puff-vape-box-mod-with-digital-screen-cheap-pricedisposable-vape-kit-best-price-copy","status":"publish","type":"product","link":"https:\/\/vapestornado.com\/lt\/product\/bang-32000-puff-vape-box-mod-with-digital-screen-cheap-pricedisposable-vape-kit-best-price-copy\/","title":{"rendered":"Bang 32000 \u012fp\u016btim\u0173 Vape Box Mod su skaitmeniniu ekranu u\u017e ma\u017e\u0105 kain\u0105"},"content":{"rendered":"<h1 data-pm-slice=\"1 1 []\">Bang 32000 \u012fp\u016btim\u0173 Vape Box Mod su skaitmeniniu ekranu u\u017e ma\u017e\u0105 kain\u0105<\/h1>\n<p class=\"\" data-start=\"673\" data-end=\"1205\">\u0160is <strong data-start=\"88\" data-end=\"124\">\u201eBang 32000 Puffs\u201c vienkartinis garintuvas<\/strong> i\u0161 naujo apibr\u0117\u017eia garinimo patirt\u012f d\u0117l savo did\u017eiul\u0117s \u012fp\u016btimo talpos, i\u0161manaus skaitmeninio ekrano ir pritaikom\u0173 nustatym\u0173. Sukurtas tiek atsitiktiniams, tiek patyrusiems garintojams, \u0161is prietaisas si\u016blo i\u0161skirtin\u012f na\u0161umo, ilgaam\u017ei\u0161kumo ir patogumo derin\u012f.<\/p>\n<p data-start=\"673\" data-end=\"1205\"><strong>Kod\u0117l \u201eBang 32000\u201c tapo populiariu skaitmeninio ekrano garintuvu?<\/strong><\/p>\n<p class=\"\" data-start=\"405\" data-end=\"607\"><strong data-start=\"407\" data-end=\"437\">Pasirenkami nikotino lygiai<\/strong> \u2013 Pasirinkite 0%, 2%, 3% arba 5% nikotino stiprum\u0105, kad atitikt\u0173 j\u016bs\u0173 pageidavimus. Nesvarbu, ar jums patinka garinimas be nikotino, ar stipresnis sm\u016bgis, \u0161is prietaisas patenkins j\u016bs\u0173 poreikius.<\/p>\n<p class=\"\" data-start=\"609\" data-end=\"755\"><strong data-start=\"611\" data-end=\"635\">32 000 \u012fp\u016btim\u0173 talpa<\/strong> \u2013 \u017daidimo keitiklis vienkartini\u0173 garintuv\u0173 rinkoje, u\u017etikrinantis ilgalaik\u012f naudojim\u0105 be da\u017eno keitimo.<\/p>\n<p class=\"\" data-start=\"757\" data-end=\"883\"><strong data-start=\"759\" data-end=\"787\">Didelis 32 ml e. skys\u010dio bakas<\/strong> \u2013 U\u017etikrina ilgesnes garinimo sesijas su sodriais, ry\u0161kiais skoniais, suma\u017einant poreik\u012f papildyti.<\/p>\n<p class=\"\" data-start=\"885\" data-end=\"1019\"><strong data-start=\"887\" data-end=\"919\">Pa\u017eangi 0,5 \u03a9 dviguba tinklelio rit\u0117<\/strong> \u2013 Pagerina gar\u0173 gamyb\u0105 ir skonio konsistencij\u0105, suteikdamas skland\u0173 ir malon\u0173 potyr\u012f.<\/p>\n<p class=\"\" data-start=\"1021\" data-end=\"1143\"><strong data-start=\"1023\" data-end=\"1047\">I\u0161manus skaitmeninis ekranas<\/strong> \u2013 B\u016bkite informuoti apie akumuliatoriaus ir e. skys\u010dio lygio atnaujinimus realiuoju laiku, pa\u0161alindami sp\u0117liones.<\/p>\n<p class=\"\" data-start=\"1145\" data-end=\"1285\"><strong data-start=\"1147\" data-end=\"1204\">650 mAh \u012fkraunama baterija su C tipo greituoju \u012fkrovimu<\/strong> \u2013 U\u017etikrina garinim\u0105 vis\u0105 dien\u0105 su greito \u012fkrovimo galimybe, kad b\u016bt\u0173 patogiau.<\/p>\n<p class=\"\" data-start=\"1287\" data-end=\"1418\"><strong data-start=\"1289\" data-end=\"1318\">Reguliuojami galios nustatymai<\/strong> \u2013 Pritaikykite savo garinimo patirt\u012f su kintama galia, suteikian\u010dia jums kiekvieno \u012ftraukimo kontrol\u0119.<\/p>\n<p data-start=\"666\" data-end=\"1235\"><strong style=\"font-size: 16px;\"><span style=\"color: #ff0000;\">Prid\u0117kite Amy WhatsApp, kad gautum\u0117te tinkam\u0105 atsakym\u0105 ir nuolaid\u0105!<\/span><\/strong><\/p>\n<p><img fetchpriority=\"high\" decoding=\"async\" class=\"size-full wp-image-2932\" src=\"https:\/\/vapestornado.com\/wp-content\/uploads\/2024\/12\/Vape-Wholesale.jpg\" alt=\"Garintuvai Didmenin\u0117 prekyba\" width=\"229\" height=\"300\" \/><\/p>\n<h3><a href=\"https:\/\/wa.me\/8617776015835\" target=\"_blank\" rel=\"noopener\"><span style=\"color: #ff0000;\"><strong>WhatsApp: +86 17776015835<\/strong><\/span><\/a><\/h3>\n<p>&nbsp;<\/p>\n<h2><strong>Bang 32000 \u012ftraukim\u0173 pagrindin\u0117s produkto savyb\u0117s<\/strong><\/h2>\n<p>Prekinis \u017eenklas: Bang Vape<br \/>\n\u012etraukimai: 32000 \u012ftraukim\u0173<br \/>\nE-skystis: 32 ml<br \/>\nBaterija: 650 mAh \u012fkraunama baterija<br \/>\nReguliuojama galia<br \/>\nSkaitmeninis ekranas alyvai ir baterijai<\/p>\n<h2 class=\"product-title\"><strong>Bang 32000 32k \u012ftraukim\u0173 vienkartini\u0173 kapsuli\u0173 skoni\u0173 s\u0105ra\u0161as<\/strong><\/h2>\n<article class=\"w-full text-token-text-primary focus-visible:outline-2 focus-visible:outline-offset-[-4px]\" dir=\"auto\" data-testid=\"conversation-turn-32\" data-scroll-anchor=\"false\">\n<div class=\"m-auto text-base py-[18px] px-6\">\n<div class=\"mx-auto flex flex-1 text-base gap-4 md:gap-5 lg:gap-6 md:max-w-3xl lg:max-w-[40rem] xl:max-w-[48rem]\">\n<div class=\"group\/conversation-turn relative flex w-full min-w-0 flex-col @xs\/thread:px-0 @sm\/thread:px-1.5 @md\/thread:px-4\">\n<div class=\"flex-col gap-1 md:gap-3\">\n<div class=\"flex max-w-full flex-col flex-grow\">\n<div class=\"min-h-8 text-message flex w-full flex-col items-end gap-2 whitespace-normal break-words text-start [.text-message+&amp;]:mt-5\" dir=\"auto\" data-message-author-role=\"user\" data-message-id=\"ffac41ca-1db4-431b-873a-32c4052956f1\">\n<div class=\"flex w-full flex-col gap-1 empty:hidden items-end rtl:items-start\">\n<div class=\"relative max-w-[var(--user-chat-width,70%)] rounded-3xl bg-token-message-surface px-5 py-2.5\">\n<div class=\"absolute bottom-0 right-full top-0 -mr-3.5 hidden pr-5 pt-2 [.group\/conversation-turn:hover_&amp;]:flex\">\n<div class=\"flex\">\n<article class=\"w-full text-token-text-primary focus-visible:outline-2 focus-visible:outline-offset-[-4px]\" dir=\"auto\" data-testid=\"conversation-turn-39\" data-scroll-anchor=\"true\">\n<div class=\"m-auto text-base py-[18px] px-6\">\n<div class=\"mx-auto flex flex-1 text-base gap-4 md:gap-5 lg:gap-6 md:max-w-3xl lg:max-w-[40rem] xl:max-w-[48rem]\">\n<div class=\"group\/conversation-turn relative flex w-full min-w-0 flex-col agent-turn @xs\/thread:px-0 @sm\/thread:px-1.5 @md\/thread:px-4\">\n<div class=\"flex-col gap-1 md:gap-3\">\n<div class=\"flex max-w-full flex-col flex-grow\">\n<div class=\"min-h-8 text-message flex w-full flex-col items-end gap-2 whitespace-normal break-words text-start [.text-message+&amp;]:mt-5\" dir=\"auto\" data-message-author-role=\"assistant\" data-message-id=\"55a23854-ec57-48dd-bd4f-6118f43d6241\" data-message-model-slug=\"gpt-4o\">\n<div class=\"flex w-full flex-col gap-1 empty:hidden first:pt-[3px]\">\n<div class=\"markdown prose w-full break-words dark:prose-invert light\">\n<p>1. M\u0117lyni\u0173 avie\u010di\u0173<br \/>\n2. Arb\u016bz\u0173 vy\u0161nia<br \/>\n3. M\u0117lyni\u0173 ledas<br \/>\n4. Arb\u016bz\u0173 ledas<br \/>\n5. Bra\u0161ki\u0173 arb\u016bzas<br \/>\n6. Bra\u0161ki\u0173 ir kivi\u0173<br \/>\n7. Red Bull<br \/>\n8. Arb\u016bz\u0173 kramtomoji guma<br \/>\n9. Vynuogi\u0173 ledas<br \/>\n10. Persik\u0173 mangas<br \/>\n11. Persik\u0173 ledas<br \/>\n12. Mi\u0161r\u016bs vaisiai<\/p>\n<figure id=\"attachment_4042\" aria-describedby=\"caption-attachment-4042\" style=\"width: 800px\" class=\"wp-caption alignnone\"><img decoding=\"async\" class=\"wp-image-4042 size-full\" src=\"https:\/\/vapestornado.com\/wp-content\/uploads\/2025\/03\/Bang-King-32000-Puffs-Disposable-Vape.webp\" alt=\"Bang King 32000 \u012ftraukim\u0173 vienkartinis garintuvas\" width=\"800\" height=\"800\" srcset=\"https:\/\/vapestornado.com\/wp-content\/uploads\/2025\/03\/Bang-King-32000-Puffs-Disposable-Vape.webp 800w, https:\/\/vapestornado.com\/wp-content\/uploads\/2025\/03\/Bang-King-32000-Puffs-Disposable-Vape-300x300.webp 300w, https:\/\/vapestornado.com\/wp-content\/uploads\/2025\/03\/Bang-King-32000-Puffs-Disposable-Vape-150x150.webp 150w, https:\/\/vapestornado.com\/wp-content\/uploads\/2025\/03\/Bang-King-32000-Puffs-Disposable-Vape-768x768.webp 768w, https:\/\/vapestornado.com\/wp-content\/uploads\/2025\/03\/Bang-King-32000-Puffs-Disposable-Vape-600x600.webp 600w, https:\/\/vapestornado.com\/wp-content\/uploads\/2025\/03\/Bang-King-32000-Puffs-Disposable-Vape-100x100.webp 100w\" sizes=\"(max-width: 800px) 100vw, 800px\" \/><figcaption id=\"caption-attachment-4042\" class=\"wp-caption-text\">Bang King 32000 \u012ftraukim\u0173 vienkartinis garintuvas<\/figcaption><\/figure>\n<\/div>\n<\/div>\n<\/div>\n<\/div>\n<\/div>\n<\/div>\n<\/div>\n<\/div>\n<\/article>\n<\/div>\n<\/div>\n<\/div>\n<\/div>\n<\/div>\n<\/div>\n<\/div>\n<\/div>\n<\/div>\n<\/div>\n<\/article>\n<h2>Kod\u0117l verta rinktis Vapestornado norint \u012fsigyti Bang 32k Puff?<\/h2>\n<div class=\"flex-shrink-0 flex flex-col relative items-end\">\n<div class=\"pt-0\">\n<div class=\"gizmo-bot-avatar flex h-8 w-8 items-center justify-center overflow-hidden rounded-full\">\n<div class=\"relative p-1 rounded-sm flex items-center justify-center bg-token-main-surface-primary text-token-text-primary h-8 w-8\">\n<p>At\u00a0<strong>VapeTornado<\/strong>, mes did\u017eiuojam\u0117s gal\u0117dami pasi\u016blyti\u00a0<strong>auk\u0161\u010diausios kokyb\u0117s garinimo produktus u\u017e neprilygstam\u0105 kain\u0105<\/strong>\u2014ir \u201eBang Vape\u201c 32000 \u012ftraukim\u0173 n\u0117ra i\u0161imtis! \u0160tai kod\u0117l tur\u0117tum\u0117te pirkti i\u0161 m\u016bs\u0173:<\/p>\n<p><strong>Geriausios didmenin\u0117s kainos<\/strong>\u00a0\u2013 Mes si\u016blome\u00a0<strong>konkurencing\u0105 kain\u0105 perkant dideliais kiekiais<\/strong><span style=\"font-size: 16px;\">, tod\u0117l esame geriausias pasirinkimas perpardav\u0117jams ir elektronini\u0173 cigare\u010di\u0173 parduotuv\u0117ms.<\/span><\/p>\n<p><strong>Greitas<\/strong>\u00a0\u2013 Gaukite savo u\u017esakym\u0105\u00a0<strong>greitai ir saugiai<\/strong>, su pristatymo visame pasaulyje galimyb\u0117mis.<br \/>\n<strong>100% Autenti\u0161ki produktai<\/strong>\u00a0\u2013 Joki\u0173 padirbini\u0173 \u2013 tik\u00a0<strong>tikri WASPE Triple vienkartiniai gaminiai<\/strong>\u00a0su patikrintu kokybe.<br \/>\n<strong>Puikus klient\u0173 aptarnavimas<\/strong>\u00a0\u2013 Turite klausim\u0173? M\u016bs\u0173\u00a0<strong>elektronini\u0173 cigare\u010di\u0173 ekspertai<\/strong> yra pasiruo\u0161\u0119 jums pad\u0117ti vis\u0105 par\u0105.<\/p>\n<p data-start=\"559\" data-end=\"933\" data-is-last-node=\"\" data-is-only-node=\"\">Mes taip pat turime kit\u0173 populiari\u0173 vape su ekranu, pavyzd\u017eiui, <a href=\"https:\/\/vapestornado.com\/lt\/product\/mesii-couple-50k-disposable-shisha-hookah-50000-puffs-vape-with-digital-display\/\">Mesii pora 50000<\/a>, <a href=\"https:\/\/vapestornado.com\/lt\/product\/vopk-cool-9000-puffs-disposable-vapes-bar-puff-9k\/\">VOPK 9000 \u012ftraukim\u0173 vienkartinis garintuvas<\/a>, <a href=\"https:\/\/vapestornado.com\/lt\/product\/bang-beach-22000-20k-puff-disposable-vape-pen-with-screen-reddit-hot\/\">Bang Papl\u016bdimys 22000<\/a>, ir daugiau.<\/p>\n<\/div>\n<div class=\"relative p-1 rounded-sm flex items-center justify-center bg-token-main-surface-primary text-token-text-primary h-8 w-8\">\n<h2>DUK<\/h2>\n<p class=\"\" data-start=\"1758\" data-end=\"1922\"><strong data-start=\"1758\" data-end=\"1821\">1. Kiek laiko veikia \u201eBang 32000 Puffs\u201c vienkartinis garintuvas?<\/strong><br data-start=\"1821\" data-end=\"1824\" \/>Prietaisas veikia iki 32 000 \u012ftraukim\u0173, o tai gali skirtis priklausomai nuo naudojimo da\u017enumo ir galios nustatym\u0173.<\/p>\n<p class=\"\" data-start=\"1924\" data-end=\"2076\"><strong data-start=\"1924\" data-end=\"1972\">2. Ar galiu \u012fkrauti \u201eBang 32000 Puffs Vape\u201c?<\/strong><br data-start=\"1972\" data-end=\"1975\" \/>Taip, jame yra 650 mAh \u012fkraunama baterija ir patogus greitas C tipo \u012fkrovimas.<\/p>\n<p class=\"\" data-start=\"2078\" data-end=\"2250\"><strong data-start=\"2078\" data-end=\"2132\">3. Kaip patikrinti akumuliatoriaus ir e. skys\u010dio lygius?<\/strong><br data-start=\"2132\" data-end=\"2135\" \/>I\u0161maniajame skaitmeniniame ekrane realiuoju laiku rodomas akumuliatoriaus veikimo laikas ir alyvos lygis, tod\u0117l visada esate informuoti.<\/p>\n<p class=\"\" data-start=\"2252\" data-end=\"2387\"><strong data-start=\"2252\" data-end=\"2292\">4. Ar galima reguliuoti nikotino kiek\u012f?<\/strong><br data-start=\"2292\" data-end=\"2295\" \/>Taip, galite pasirinkti i\u0161 0%, 2%, 3% arba 5% nikotino lygi\u0173, kad atitikt\u0173 j\u016bs\u0173 garinimo pageidavimus.<\/p>\n<\/div>\n<\/div>\n<\/div>\n<\/div>","protected":false},"excerpt":{"rendered":"<p class=\"LC20lb MBeuO DKV0Md\">\u201eBang 32000 Puff\u201c vienkartini\u0173 garintuv\u0173 d\u0117\u017eut\u0117s skoniai i\u0161parduodami<br \/>\nKiek kainuoja \u201eBang 32000 Puff Vape Box Mod\u201c didmenin\u0117 prekyba<br \/>\n\u201eBang 32000 Puff\u201c d\u0117\u017eut\u0117s modifikacija Geriausia gar\u0173 didmenin\u0117 prekyba Nyderlanduose<\/p>\n<p><strong>Prid\u0117kite Amy's whatsapp, kad gautum\u0117te tinkam\u0105 atsakym\u0105 ir nuolaidos kain\u0105!<\/strong><\/p>\n<p><img fetchpriority=\"high\" decoding=\"async\" class=\"size-full wp-image-2932\" src=\"https:\/\/vapestornado.com\/wp-content\/uploads\/2024\/12\/Vape-Wholesale.jpg\" alt=\"Garintuvai Didmenin\u0117 prekyba\" width=\"229\" height=\"300\" \/><\/p>\n<h3><a href=\"https:\/\/wa.me\/8617776015835\"><span style=\"color: #ff0000;\"><strong>WhatsApp: +86 17776015835<\/strong><\/span><\/a><\/h3>\n<p>&nbsp;<\/p>","protected":false},"featured_media":4038,"comment_status":"open","ping_status":"closed","template":"","meta":{"_acf_changed":false,"_uag_custom_page_level_css":"","_lmt_disableupdate":"no","_lmt_disable":"","_monsterinsights_skip_tracking":false,"_monsterinsights_sitenote_active":false,"_monsterinsights_sitenote_note":"","_monsterinsights_sitenote_category":0,"site-sidebar-layout":"default","site-content-layout":"","ast-site-content-layout":"default","site-content-style":"default","site-sidebar-style":"default","ast-global-header-display":"","ast-banner-title-visibility":"","ast-main-header-display":"","ast-hfb-above-header-display":"","ast-hfb-below-header-display":"","ast-hfb-mobile-header-display":"","site-post-title":"","ast-breadcrumbs-content":"","ast-featured-img":"","footer-sml-layout":"","ast-disable-related-posts":"","theme-transparent-header-meta":"default","adv-header-id-meta":"","stick-header-meta":"","header-above-stick-meta":"","header-main-stick-meta":"","header-below-stick-meta":"","astra-migrate-meta-layouts":"set","ast-page-background-enabled":"default","ast-page-background-meta":{"desktop":{"background-color":"","background-image":"","background-repeat":"repeat","background-position":"center center","background-size":"auto","background-attachment":"scroll","background-type":"","background-media":"","overlay-type":"","overlay-color":"","overlay-opacity":"","overlay-gradient":""},"tablet":{"background-color":"","background-image":"","background-repeat":"repeat","background-position":"center center","background-size":"auto","background-attachment":"scroll","background-type":"","background-media":"","overlay-type":"","overlay-color":"","overlay-opacity":"","overlay-gradient":""},"mobile":{"background-color":"","background-image":"","background-repeat":"repeat","background-position":"center center","background-size":"auto","background-attachment":"scroll","background-type":"","background-media":"","overlay-type":"","overlay-color":"","overlay-opacity":"","overlay-gradient":""}},"ast-content-background-meta":{"desktop":{"background-color":"var(--ast-global-color-5)","background-image":"","background-repeat":"repeat","background-position":"center center","background-size":"auto","background-attachment":"scroll","background-type":"","background-media":"","overlay-type":"","overlay-color":"","overlay-opacity":"","overlay-gradient":""},"tablet":{"background-color":"var(--ast-global-color-5)","background-image":"","background-repeat":"repeat","background-position":"center center","background-size":"auto","background-attachment":"scroll","background-type":"","background-media":"","overlay-type":"","overlay-color":"","overlay-opacity":"","overlay-gradient":""},"mobile":{"background-color":"var(--ast-global-color-5)","background-image":"","background-repeat":"repeat","background-position":"center center","background-size":"auto","background-attachment":"scroll","background-type":"","background-media":"","overlay-type":"","overlay-color":"","overlay-opacity":"","overlay-gradient":""}},"_joinchat":{"telephone":"17776015835"}},"product_brand":[],"product_cat":[262,62,154,156,144],"product_tag":[303,304,105,94,302],"class_list":{"0":"post-4043","1":"product","2":"type-product","3":"status-publish","4":"has-post-thumbnail","6":"product_cat-32000-puff","7":"product_cat-bang-vape","8":"product_cat-buy-disposable-vapes-in-netherlands","9":"product_cat-buy-disposable-vapes-in-poland","10":"product_cat-low-nicotine-disposable-vapes","11":"product_tag-bang-32000","12":"product_tag-bang-32k","13":"product_tag-digital-disposable-vape","14":"product_tag-rechargeable-disposable-vape","15":"product_tag-vape-box-mod","16":"desktop-align-left","17":"tablet-align-left","18":"mobile-align-left","20":"first","21":"instock","22":"sale","23":"shipping-taxable","24":"purchasable","25":"product-type-simple"},"acf":[],"uagb_featured_image_src":{"full":["https:\/\/vapestornado.com\/wp-content\/uploads\/2025\/03\/Bang-32k-Puff-Smart-Screen-Display-Vape-Wholesale.webp",800,800,false],"thumbnail":["https:\/\/vapestornado.com\/wp-content\/uploads\/2025\/03\/Bang-32k-Puff-Smart-Screen-Display-Vape-Wholesale-150x150.webp",150,150,true],"medium":["https:\/\/vapestornado.com\/wp-content\/uploads\/2025\/03\/Bang-32k-Puff-Smart-Screen-Display-Vape-Wholesale-300x300.webp",300,300,true],"medium_large":["https:\/\/vapestornado.com\/wp-content\/uploads\/2025\/03\/Bang-32k-Puff-Smart-Screen-Display-Vape-Wholesale-768x768.webp",768,768,true],"large":["https:\/\/vapestornado.com\/wp-content\/uploads\/2025\/03\/Bang-32k-Puff-Smart-Screen-Display-Vape-Wholesale.webp",800,800,false],"1536x1536":["https:\/\/vapestornado.com\/wp-content\/uploads\/2025\/03\/Bang-32k-Puff-Smart-Screen-Display-Vape-Wholesale.webp",800,800,false],"2048x2048":["https:\/\/vapestornado.com\/wp-content\/uploads\/2025\/03\/Bang-32k-Puff-Smart-Screen-Display-Vape-Wholesale.webp",800,800,false],"trp-custom-language-flag":["https:\/\/vapestornado.com\/wp-content\/uploads\/2025\/03\/Bang-32k-Puff-Smart-Screen-Display-Vape-Wholesale.webp",12,12,false],"woocommerce_thumbnail":["https:\/\/vapestornado.com\/wp-content\/uploads\/2025\/03\/Bang-32k-Puff-Smart-Screen-Display-Vape-Wholesale-300x300.webp",300,300,true],"woocommerce_single":["https:\/\/vapestornado.com\/wp-content\/uploads\/2025\/03\/Bang-32k-Puff-Smart-Screen-Display-Vape-Wholesale-600x600.webp",600,600,true],"woocommerce_gallery_thumbnail":["https:\/\/vapestornado.com\/wp-content\/uploads\/2025\/03\/Bang-32k-Puff-Smart-Screen-Display-Vape-Wholesale-100x100.webp",100,100,true]},"uagb_author_info":{"display_name":"ESAMY","author_link":"https:\/\/vapestornado.com\/lt\/author\/"},"uagb_comment_info":0,"uagb_excerpt":"Bang 32000 Puff\u00a0 Disposable Vape Box Flavors on Sale How Much Bang 32000 Puff Vape Box Mod Wholesale Bang 32000 Puff\u00a0 Box Mod Best Vape Wholesale in Netherlands Add Amy's whatsapp to get right reply and discount price! WhatsApp: +86 17776015835 &nbsp;","_links":{"self":[{"href":"https:\/\/vapestornado.com\/lt\/wp-json\/wp\/v2\/product\/4043","targetHints":{"allow":["GET"]}}],"collection":[{"href":"https:\/\/vapestornado.com\/lt\/wp-json\/wp\/v2\/product"}],"about":[{"href":"https:\/\/vapestornado.com\/lt\/wp-json\/wp\/v2\/types\/product"}],"replies":[{"embeddable":true,"href":"https:\/\/vapestornado.com\/lt\/wp-json\/wp\/v2\/comments?post=4043"}],"wp:featuredmedia":[{"embeddable":true,"href":"https:\/\/vapestornado.com\/lt\/wp-json\/wp\/v2\/media\/4038"}],"wp:attachment":[{"href":"https:\/\/vapestornado.com\/lt\/wp-json\/wp\/v2\/media?parent=4043"}],"wp:term":[{"taxonomy":"product_brand","embeddable":true,"href":"https:\/\/vapestornado.com\/lt\/wp-json\/wp\/v2\/product_brand?post=4043"},{"taxonomy":"product_cat","embeddable":true,"href":"https:\/\/vapestornado.com\/lt\/wp-json\/wp\/v2\/product_cat?post=4043"},{"taxonomy":"product_tag","embeddable":true,"href":"https:\/\/vapestornado.com\/lt\/wp-json\/wp\/v2\/product_tag?post=4043"}],"curies":[{"name":"wp","href":"https:\/\/api.w.org\/{rel}","templated":true}]}}