{"id":4013,"date":"2025-03-27T09:03:34","date_gmt":"2025-03-27T09:03:34","guid":{"rendered":"https:\/\/vapestornado.com\/?post_type=product&#038;p=4013"},"modified":"2025-12-16T09:46:56","modified_gmt":"2025-12-16T09:46:56","slug":"waspe-aiviou-3-in-1-60000-puffs-disposable-vape-kit-best-price","status":"publish","type":"product","link":"https:\/\/vapestornado.com\/lt\/product\/waspe-aiviou-3-in-1-60000-puffs-disposable-vape-kit-best-price\/","title":{"rendered":"Waspe Aiviou 3 in 1 60000 P\u016btim\u0173 Vienkartinis Garintuvo Rinkinys Geriausia Kaina"},"content":{"rendered":"<h1 data-pm-slice=\"1 1 []\">Waspe 60000 R\u016bkom\u0173j\u0173 \u012fkvepiam\u0173 purk\u0161tuk\u0173 rinkinys, 3 skoni\u0173 keitimas + 54ml E-Juice<\/h1>\n<p data-start=\"1232\" data-end=\"1466\">\u0160is <strong data-start=\"99\" data-end=\"134\">Waspe Aiviou 3-in-1 60000 R\u016bkom\u0173j\u0173 \u012fkvepiam\u0173 purk\u0161tuk\u0173<\/strong> sukurtas vyrams, kurie nenori ne\u0161iotis dviej\u0173 ar trij\u0173 \u012frengini\u0173, tik nor\u0117dami i\u0161vengti skonio nuobodulio. J\u016bs gaunate <strong data-start=\"236\" data-end=\"279\">tris i\u0161 anksto u\u017epildytus 18ml kapsules (54ml i\u0161 viso)<\/strong> viename korpuse, <strong data-start=\"295\" data-end=\"320\">trigubo skonio keitimo funkcij\u0105<\/strong>ir <strong data-start=\"326\" data-end=\"356\">0.9\u03a9 tinklelio rit\u0117s veikim\u0105<\/strong> kuris i\u0161lieka \u0161velnus net ir naudojant intensyviai. Prid\u0117kite <strong data-start=\"410\" data-end=\"425\">LED ekranas<\/strong> ir <strong data-start=\"430\" data-end=\"468\">C tipo \u012fkraunam\u0105 650mAh baterij\u0105<\/strong>, ir jis tampa ilgalaikiu sprendimu, kur\u012f galite valdyti kasdien \u2013 be sp\u0117jim\u0173, be i\u0161\u0161vaistyto skys\u010dio.<\/p>\n<h3 data-start=\"772\" data-end=\"823\">Kod\u0117l Waspe 60000 Purk\u0161tuk\u0173 i\u0161siskiria tarp didel\u0117s talpos vienkartini\u0173?<\/h3>\n<ul data-start=\"825\" data-end=\"2411\">\n<li data-start=\"825\" data-end=\"1147\">\n<p data-start=\"827\" data-end=\"1147\"><strong data-start=\"827\" data-end=\"866\">3 skoniai be papildom\u0173 ne\u0161iojimui reikaling\u0173 pried\u0173.<\/strong> Tai <strong data-start=\"872\" data-end=\"900\">3 skonio vienkartinis \u012fkvepiamas \u012frenginys<\/strong> naudoja tikr\u0105 <strong data-start=\"913\" data-end=\"940\">3-in-1 keitimo sistem\u0105<\/strong>, tod\u0117l galite keisti profilius, kai kei\u010diasi j\u016bs\u0173 skonis. Daugeliui vartotoj\u0173 tai yra skirtumas tarp didel\u0117s talpos \u012frenginio pabaigos ir jo palikimo pusiau, nes vienas skonis tampa nuobodus.<\/p>\n<\/li>\n<li data-start=\"1149\" data-end=\"1502\">\n<p data-start=\"1151\" data-end=\"1502\"><strong data-start=\"1151\" data-end=\"1199\">Tikra i\u0161tverm\u0117, paremta tikru skys\u010dio kiekiu.<\/strong> <strong data-start=\"1200\" data-end=\"1221\">Waspe 60000 Purk\u0161tuk\u0173<\/strong> n\u0117ra tik didelis skai\u010dius ant d\u0117\u017eut\u0117s\u2014<strong data-start=\"1257\" data-end=\"1274\">54ml (3\u00d718ml)<\/strong> tinkamas ilgalaikiam naudojimui. Tod\u0117l jis gerai parduodamas didelio apyvartos rinkose, tokiose kaip <strong data-start=\"1361\" data-end=\"1416\">Lenkija, Vokietija, Ispanija, Pranc\u016bzija ir Nyderlandai<\/strong>, ypa\u010d pirk\u0117jams, kurie nori ma\u017eiau keitim\u0173 ir labiau prognozuojam\u0173 dienos s\u0105naud\u0173.<\/p>\n<\/li>\n<li data-start=\"1504\" data-end=\"1775\">\n<p data-start=\"1506\" data-end=\"1775\"><strong data-start=\"1506\" data-end=\"1551\">Tinklelio rit\u0117s stabilumas ilguose seansuose.<\/strong> Su <strong data-start=\"1557\" data-end=\"1581\">0,9\u03a9 tinklelio rit\u0117s (\u00d73)<\/strong>, garas lieka \u0161velnus, o skonis i\u0161lieka ai\u0161kesnis giliau \u012f talpyklas. Tai svarbu sunkesniems naudotojams, kurie nuolat \u012fkvepia\u2014tinklelio \u0161ildymas suma\u017eina a\u0161tr\u0173, saus\u0105 kra\u0161t\u0105, kur\u012f gali i\u0161vystyti pigesn\u0117s rit\u0117s laikui b\u0117gant.<\/p>\n<\/li>\n<li data-start=\"1777\" data-end=\"2070\">\n<p data-start=\"1779\" data-end=\"2070\"><strong data-start=\"1779\" data-end=\"1816\">LED ekranas leid\u017eia jums b\u016bti kontroliuojan\u010diu.<\/strong> I\u0161manusis ekranas rodo baterijos ir e-skys\u010dio b\u016bsen\u0105, tod\u0117l \u017einote, ar jis pasiruo\u0161\u0119s ilgam darbo dienai, ar pirmiausia reik\u0117s \u012fkrauti. Tokia yra praktin\u0117 detal\u0117, kurios tikisi \u017emon\u0117s i\u0161 \u012frengini\u0173, konkuruojan\u010di\u0173 <strong data-start=\"2027\" data-end=\"2055\">Elektronini\u0173 cigare\u010di\u0173 reitingas 2025<\/strong> pokalbiuose.<\/p>\n<\/li>\n<li data-start=\"2072\" data-end=\"2411\">\n<p data-start=\"2074\" data-end=\"2411\"><strong data-start=\"2074\" data-end=\"2129\">\u012ekraunama patogumas, pranokstantis impulsyv\u0173 pirkim\u0105.<\/strong> Jei j\u016bs\u0173 rutina apima \u201e<strong data-start=\"2156\" data-end=\"2174\">Pirkti cigaretes<\/strong>\u201c sustojimus ar paskutiniu momentu keitimus, Type-C \u012fkraunamas dizainas padeda nutraukti t\u0105 cikl\u0105. Daugeliui klient\u0173, kurie <strong data-start=\"2287\" data-end=\"2310\">Pirkti gar\u0105 Lietuvoje<\/strong>, vert\u0117 yra paprasta: viena \u012franga tarnauja ilgiau, o j\u016bs \u012fkraunate vietoj to, kad keistum\u0117te kas kelias dienas.<\/p>\n<\/li>\n<\/ul>\n<p data-start=\"666\" data-end=\"1235\"><strong style=\"font-size: 16px;\"><span style=\"color: #ff0000;\">Prid\u0117kite Amy WhatsApp, kad gautum\u0117te tinkam\u0105 atsakym\u0105 ir nuolaid\u0105!<\/span><\/strong><\/p>\n<p><img fetchpriority=\"high\" decoding=\"async\" class=\"size-full wp-image-2932\" src=\"https:\/\/vapestornado.com\/wp-content\/uploads\/2024\/12\/Vape-Wholesale.jpg\" alt=\"Garintuvai Didmenin\u0117 prekyba\" width=\"229\" height=\"300\" \/><\/p>\n<h3><a href=\"https:\/\/wa.me\/8617776015835\" target=\"_blank\" rel=\"noopener\"><span style=\"color: #ff0000;\"><strong>WhatsApp: +86 17776015835<\/strong><\/span><\/a><\/h3>\n<p>&nbsp;<\/p>\n<h2><strong>Waspe Aiviou 3 in 1 60000 d\u016bm\u0173 pagrindin\u0117s produkto savyb\u0117s<\/strong><\/h2>\n<table>\n<thead>\n<tr>\n<th>Funkcija<\/th>\n<th>spec<\/th>\n<th>kaip tai veikia<\/th>\n<\/tr>\n<\/thead>\n<tbody>\n<tr>\n<td>Produkto pavadinimas<\/td>\n<td>Waspe Aiviou 3-in-1 60000 R\u016bkom\u0173j\u0173 \u012fkvepiam\u0173 purk\u0161tuk\u0173<\/td>\n<td>Trij\u0173 talpykl\u0173 vienkartinis vape rinkinys su skonio keitimu.<\/td>\n<\/tr>\n<tr>\n<td>\u012ep\u016btim\u0173 talpa<\/td>\n<td>Iki 60 000 p\u016b\u010di\u0173<\/td>\n<td>Didel\u0117s talpos i\u0161\u0117jimas, skirtas suma\u017einti keitimo da\u017enum\u0105.<\/td>\n<\/tr>\n<tr>\n<td>Skoni\u0173 sistema<\/td>\n<td>3-in-1 Trij\u0173 skoni\u0173 jungiklis<\/td>\n<td>Leid\u017eia keisti skonius akimirksniu be \u012frenginio keitimo.<\/td>\n<\/tr>\n<tr>\n<td>E-liquido t\u016bris<\/td>\n<td>54 ml i\u0161 viso (3\u00d718 ml talpyklos)<\/td>\n<td>Didelis skystis tiekimas palaiko ilg\u0105 tarnavimo laik\u0105 ir ilgas sesijas.<\/td>\n<\/tr>\n<tr>\n<td>Rit\u0117s sistema<\/td>\n<td>0.9\u03a9 tinklelio rit\u0117 \u00d73<\/td>\n<td>Vienodas \u0161ildymas pagerina sklandum\u0105 ir padeda i\u0161laikyti skon\u012f nuosekl\u0173.<\/td>\n<\/tr>\n<tr>\n<td>Baterija<\/td>\n<td>650mAh \u012fkraunamas<\/td>\n<td>\u012ekrovimas apsaugo nuo ankstyvo i\u0161metimo prie\u0161 baigiantis skystiui.<\/td>\n<\/tr>\n<tr>\n<td>\u012ekrovimas<\/td>\n<td>C tipo greit\u0105j\u012f \u012fkrovim\u0105<\/td>\n<td>Greiti papildymai su moderniais kabeliais, da\u017enai naudojamais Europoje.<\/td>\n<\/tr>\n<tr>\n<td>Ekranas<\/td>\n<td>LED baterijos ir skys\u010dio indikatorius<\/td>\n<td>Ai\u0161kiai rodo b\u016bsen\u0105, kad i\u0161vengtum\u0117te netik\u0117tum\u0173 kasdienio naudojimo metu.<\/td>\n<\/tr>\n<tr>\n<td>Nikotino pasirinkimai<\/td>\n<td>0% \/ 2% \/ 5%<\/td>\n<td>Be nikotino, ma\u017eas arba stipresnis gerkl\u0117s sm\u016bgis pagal pasirinkim\u0105.<\/td>\n<\/tr>\n<\/tbody>\n<\/table>\n<h2 class=\"product-title\"><strong>WASPE 60K 60000 Puffs vienkartin\u0117s pod'\u0173 skoni\u0173 s\u0105ra\u0161as<\/strong><\/h2>\n<article class=\"w-full text-token-text-primary focus-visible:outline-2 focus-visible:outline-offset-[-4px]\" dir=\"auto\" data-testid=\"conversation-turn-32\" data-scroll-anchor=\"false\">\n<div class=\"m-auto text-base py-[18px] px-6\">\n<div class=\"mx-auto flex flex-1 text-base gap-4 md:gap-5 lg:gap-6 md:max-w-3xl lg:max-w-[40rem] xl:max-w-[48rem]\">\n<div class=\"group\/conversation-turn relative flex w-full min-w-0 flex-col @xs\/thread:px-0 @sm\/thread:px-1.5 @md\/thread:px-4\">\n<div class=\"flex-col gap-1 md:gap-3\">\n<div class=\"flex max-w-full flex-col flex-grow\">\n<div class=\"min-h-8 text-message flex w-full flex-col items-end gap-2 whitespace-normal break-words text-start [.text-message+&amp;]:mt-5\" dir=\"auto\" data-message-author-role=\"user\" data-message-id=\"ffac41ca-1db4-431b-873a-32c4052956f1\">\n<div class=\"flex w-full flex-col gap-1 empty:hidden items-end rtl:items-start\">\n<div class=\"relative max-w-[var(--user-chat-width,70%)] rounded-3xl bg-token-message-surface px-5 py-2.5\">\n<div class=\"absolute bottom-0 right-full top-0 -mr-3.5 hidden pr-5 pt-2 [.group\/conversation-turn:hover_&amp;]:flex\">\n<div class=\"flex\">\n<article class=\"w-full text-token-text-primary focus-visible:outline-2 focus-visible:outline-offset-[-4px]\" dir=\"auto\" data-testid=\"conversation-turn-39\" data-scroll-anchor=\"true\">\n<div class=\"m-auto text-base py-[18px] px-6\">\n<div class=\"mx-auto flex flex-1 text-base gap-4 md:gap-5 lg:gap-6 md:max-w-3xl lg:max-w-[40rem] xl:max-w-[48rem]\">\n<div class=\"group\/conversation-turn relative flex w-full min-w-0 flex-col agent-turn @xs\/thread:px-0 @sm\/thread:px-1.5 @md\/thread:px-4\">\n<div class=\"flex-col gap-1 md:gap-3\">\n<div class=\"flex max-w-full flex-col flex-grow\">\n<div class=\"min-h-8 text-message flex w-full flex-col items-end gap-2 whitespace-normal break-words text-start [.text-message+&amp;]:mt-5\" dir=\"auto\" data-message-author-role=\"assistant\" data-message-id=\"55a23854-ec57-48dd-bd4f-6118f43d6241\" data-message-model-slug=\"gpt-4o\">\n<div class=\"flex w-full flex-col gap-1 empty:hidden first:pt-[3px]\">\n<div class=\"markdown prose w-full break-words dark:prose-invert light\">\n<p>1. Arb\u016bz\u0173 ledas<br \/>\n2. Bra\u0161ki\u0173 arb\u016bzas<br \/>\n3. M\u0117lyni\u0173 ledas<br \/>\n4. Bra\u0161ki\u0173 avie\u010di\u0173 vy\u0161nios<br \/>\n5. Persik\u0173 ledas<br \/>\n6. Red Bull ledas<br \/>\n7. Mi\u0161rios uogos<br \/>\n8. Trigubas melion\u0173 ledas<br \/>\n9. Vynuogi\u0173 ledas<br \/>\n10. Bra\u0161ki\u0173 bananas<br \/>\n11. Vy\u0161ni\u0173 kolos ledas<br \/>\n12. M\u0117lyni\u0173 avie\u010di\u0173<\/p>\n<figure id=\"attachment_4688\" aria-describedby=\"caption-attachment-4688\" style=\"width: 225px\" class=\"wp-caption alignnone\"><img decoding=\"async\" class=\"size-medium wp-image-4688\" src=\"https:\/\/vapestornado.com\/wp-content\/uploads\/2025\/12\/WASPE-60000-PUFF-3-IN-1-Diposable-Vape-All-Flaovr-225x300.jpg\" alt=\"Waspe Aiviou 3 in 1 60000 R\u016bki\u0173 Vienkartinis Vape Visos Skonio Galimyb\u0117s\" width=\"225\" height=\"300\" srcset=\"https:\/\/vapestornado.com\/wp-content\/uploads\/2025\/12\/WASPE-60000-PUFF-3-IN-1-Diposable-Vape-All-Flaovr-225x300.jpg 225w, https:\/\/vapestornado.com\/wp-content\/uploads\/2025\/12\/WASPE-60000-PUFF-3-IN-1-Diposable-Vape-All-Flaovr-768x1024.jpg 768w, https:\/\/vapestornado.com\/wp-content\/uploads\/2025\/12\/WASPE-60000-PUFF-3-IN-1-Diposable-Vape-All-Flaovr-1152x1536.jpg 1152w, https:\/\/vapestornado.com\/wp-content\/uploads\/2025\/12\/WASPE-60000-PUFF-3-IN-1-Diposable-Vape-All-Flaovr-9x12.jpg 9w, https:\/\/vapestornado.com\/wp-content\/uploads\/2025\/12\/WASPE-60000-PUFF-3-IN-1-Diposable-Vape-All-Flaovr-600x800.jpg 600w, https:\/\/vapestornado.com\/wp-content\/uploads\/2025\/12\/WASPE-60000-PUFF-3-IN-1-Diposable-Vape-All-Flaovr.jpg 1280w\" sizes=\"(max-width: 225px) 100vw, 225px\" \/><figcaption id=\"caption-attachment-4688\" class=\"wp-caption-text\">Waspe Aiviou 3 in 1 60000 R\u016bki\u0173 Vienkartinis Vape Visos Skonio Galimyb\u0117s<\/figcaption><\/figure>\n<\/div>\n<\/div>\n<\/div>\n<\/div>\n<\/div>\n<\/div>\n<\/div>\n<\/div>\n<\/article>\n<\/div>\n<\/div>\n<\/div>\n<\/div>\n<\/div>\n<\/div>\n<\/div>\n<\/div>\n<\/div>\n<\/div>\n<\/article>\n<h2>Kod\u0117l verta rinktis Vapestornado, norint \u012fsigyti Waspe 60k Puff?<\/h2>\n<div class=\"flex-shrink-0 flex flex-col relative items-end\">\n<div class=\"pt-0\">\n<div class=\"gizmo-bot-avatar flex h-8 w-8 items-center justify-center overflow-hidden rounded-full\">\n<div class=\"relative p-1 rounded-sm flex items-center justify-center bg-token-main-surface-primary text-token-text-primary h-8 w-8\">\n<p>At\u00a0<strong>VapeTornado<\/strong>, mes did\u017eiuojam\u0117s gal\u0117dami pasi\u016blyti\u00a0<strong>auk\u0161\u010diausios kokyb\u0117s garinimo produktus u\u017e neprilygstam\u0105 kain\u0105<\/strong>\u2014ir Waspe Aiviou 3 in 1 60000 puffs n\u0117ra i\u0161imtis! \u0160tai kod\u0117l tur\u0117tum\u0117te pirkti i\u0161 m\u016bs\u0173:<\/p>\n<p><strong>Geriausios didmenin\u0117s kainos<\/strong>\u00a0\u2013 Mes si\u016blome\u00a0<strong>konkurencing\u0105 kain\u0105 perkant dideliais kiekiais<\/strong><span style=\"font-size: 16px;\">, tod\u0117l esame geriausias pasirinkimas perpardav\u0117jams ir elektronini\u0173 cigare\u010di\u0173 parduotuv\u0117ms.<\/span><\/p>\n<p><strong>Greitas<\/strong>\u00a0\u2013 Gaukite savo u\u017esakym\u0105\u00a0<strong>greitai ir saugiai<\/strong>, su pristatymo visame pasaulyje galimyb\u0117mis.<br \/>\n<strong>100% Autenti\u0161ki produktai<\/strong>\u00a0\u2013 Joki\u0173 padirbini\u0173 \u2013 tik\u00a0<strong>tikri WASPE Triple vienkartiniai gaminiai<\/strong>\u00a0su patikrintu kokybe.<br \/>\n<strong>Puikus klient\u0173 aptarnavimas<\/strong>\u00a0\u2013 Turite klausim\u0173? M\u016bs\u0173\u00a0<strong>elektronini\u0173 cigare\u010di\u0173 ekspertai<\/strong> yra pasiruo\u0161\u0119 jums pad\u0117ti vis\u0105 par\u0105.<\/p>\n<p><strong>Nelaukite \u2013 u\u017esisakykite Waspe Aiviou 3 in 1 60000 puff i\u0161 VapeTornado \u0161iandien ir patirkite did\u017eiausi\u0105 garinimo pasitenkinim\u0105!<\/strong><\/p>\n<p data-start=\"559\" data-end=\"933\" data-is-last-node=\"\" data-is-only-node=\"\">Mes taip pat turime kit\u0173 populiari\u0173 vape su ekranu, pavyzd\u017eiui, <a href=\"https:\/\/vapestornado.com\/lt\/product\/mesii-couple-50k-disposable-shisha-hookah-50000-puffs-vape-with-digital-display\/\">Mesii pora 50000<\/a>, <a href=\"https:\/\/vapestornado.com\/lt\/product\/vopk-cool-9000-puffs-disposable-vapes-bar-puff-9k\/\">VOPK 9000 \u012ftraukim\u0173 vienkartinis garintuvas<\/a>, <a href=\"https:\/\/vapestornado.com\/lt\/product\/bang-beach-22000-20k-puff-disposable-vape-pen-with-screen-reddit-hot\/\">Bang Papl\u016bdimys 22000<\/a>, ir daugiau.<\/p>\n<\/div>\n<div class=\"relative p-1 rounded-sm flex items-center justify-center bg-token-main-surface-primary text-token-text-primary h-8 w-8\">\n<h2>DUK<\/h2>\n<ol data-start=\"3497\" data-end=\"4811\">\n<li data-start=\"3497\" data-end=\"3746\">\n<p data-start=\"3500\" data-end=\"3746\"><strong data-start=\"3500\" data-end=\"3596\">Kaip veikia Waspe Aiviou 3 in 1 60000 R\u016bki\u0173 trigubo skonio jungiklis kasdienio \u012fkv\u0117pimo metu?<\/strong><br data-start=\"3596\" data-end=\"3599\" \/>Jis skirtas greitam skonio keitimui viename \u012frenginyje, tod\u0117l galite keisti skon\u012f pagal poreik\u012f be keli\u0173 \u012frengini\u0173 ar kei\u010diamo \u012frangos ne\u0161iojimo.<\/p>\n<\/li>\n<li data-start=\"3748\" data-end=\"4006\">\n<p data-start=\"3751\" data-end=\"4006\"><strong data-start=\"3751\" data-end=\"3847\">Ar i\u0161 tikr\u0173j\u0173 54 ml (3\u00d718 ml) Waspe 60000 R\u016bki\u0173 rinkinys ilgiau tarnauja nei standartiniai vienkartiniai?<\/strong><br data-start=\"3847\" data-end=\"3850\" \/>Taip\u201454 ml bendras skystis yra pagrindin\u0117 prie\u017eastis, kod\u0117l jis tarnauja ilgiau. Tikrasis tarnavimo laikas priklauso nuo \u012fkv\u0117pimo ilgumo ir da\u017enumo, ta\u010diau talpa yra pritaikyta ilgesniam naudojimui.<\/p>\n<\/li>\n<li data-start=\"4008\" data-end=\"4250\">\n<p data-start=\"4011\" data-end=\"4250\"><strong data-start=\"4011\" data-end=\"4109\">Kaip 0.9\u03a9 tinklelio rit\u0117s 3 skonio vienkartiniame vape veikia garo sklandum\u0105 laikui b\u0117gant?<\/strong><br data-start=\"4109\" data-end=\"4112\" \/>Tinklelio rit\u0117s \u0161yla tolygiau nei paprastos vielos rit\u0117s, kas padeda i\u0161laikyti gar\u0105 sklandesn\u012f ir suma\u017eina \u0161iurk\u0161tum\u0105 intensyvi\u0173, da\u017en\u0173 sesij\u0173 metu.<\/p>\n<\/li>\n<li data-start=\"4252\" data-end=\"4531\">\n<p data-start=\"4255\" data-end=\"4531\"><strong data-start=\"4255\" data-end=\"4371\">Ar Waspe Aiviou 3 in 1 60K yra protingas pasirinkimas pirk\u0117jams, lyginantiems E-cigaret\u0117s reiting\u0105 2025 stiliaus \u201egeriausios \u012frenginiai\u201c?<\/strong><br data-start=\"4371\" data-end=\"4374\" \/>Jis konkuruoja prakti\u0161kais funkcijomis, kurios svarbios: daugialypis skonio keitimas, didelis bendras skys\u010dio kiekis, \u012fkraunama galia ir LED b\u016bsenos indikatorius valdymui.<\/p>\n<\/li>\n<li data-start=\"4533\" data-end=\"4811\">\n<p data-start=\"4536\" data-end=\"4811\"><strong data-start=\"4536\" data-end=\"4636\">Kod\u0117l didmenin\u0117s prekybos pirk\u0117jai m\u0117gsta Waspe Aiviou 3 in 1 60000 R\u016bki\u0173 d\u0117l ma\u017emeninei prekybai Lietuvoje?<\/strong><br data-start=\"4636\" data-end=\"4639\" \/>J\u012f lengva parduoti: ai\u0161kios pagrindin\u0117s technin\u0117s charakteristikos (60K r\u016bki\u0173, 3 skoniai, 54 ml, \u012fkraunamas), pla\u010dios nikotino galimyb\u0117s ir stipri pakartotin\u0117 paklausa i\u0161 vartotoj\u0173, norin\u010di\u0173 ilgalaiki\u0173 \u012frengini\u0173.<\/p>\n<\/li>\n<\/ol>\n<\/div>\n<\/div>\n<\/div>\n<\/div>","protected":false},"excerpt":{"rendered":"<p class=\"LC20lb MBeuO DKV0Md\">Waspe Aiviou 3 in 1 60000 \u012fkvepim\u0173 vienkartinis vape rinkinys su 3 skoni\u0173 keitimo galimyb\u0117mis, 54ml (3\u00d718ml) talpyklos, 0.9\u03a9 tinklelio rit\u0117s, LED ekranas ir Type-C \u012fkraunama 650mAh baterija. Sukurtas ilgalaikiam naudojimui, populiarus tarp vienkartini\u0173 vape didmeninink\u0173 ir klient\u0173, kurie perka garus Lietuvoje vietoj cigare\u010di\u0173 pirkimo.<\/p>\n<p><img fetchpriority=\"high\" decoding=\"async\" class=\"size-full wp-image-2932\" src=\"https:\/\/vapestornado.com\/wp-content\/uploads\/2024\/12\/Vape-Wholesale.jpg\" alt=\"Garintuvai Didmenin\u0117 prekyba\" width=\"229\" height=\"300\" \/><\/p>\n<h3><a href=\"https:\/\/wa.me\/8617776015835\"><span style=\"color: #ff0000;\"><strong>WhatsApp: +86 17776015835<\/strong><\/span><\/a><\/h3>\n<p>&nbsp;<\/p>","protected":false},"featured_media":4011,"comment_status":"open","ping_status":"closed","template":"","meta":{"_acf_changed":false,"_uag_custom_page_level_css":"","_lmt_disableupdate":"no","_lmt_disable":"","_monsterinsights_skip_tracking":false,"_monsterinsights_sitenote_active":false,"_monsterinsights_sitenote_note":"","_monsterinsights_sitenote_category":0,"site-sidebar-layout":"default","site-content-layout":"","ast-site-content-layout":"default","site-content-style":"default","site-sidebar-style":"default","ast-global-header-display":"","ast-banner-title-visibility":"","ast-main-header-display":"","ast-hfb-above-header-display":"","ast-hfb-below-header-display":"","ast-hfb-mobile-header-display":"","site-post-title":"","ast-breadcrumbs-content":"","ast-featured-img":"","footer-sml-layout":"","ast-disable-related-posts":"","theme-transparent-header-meta":"default","adv-header-id-meta":"","stick-header-meta":"","header-above-stick-meta":"","header-main-stick-meta":"","header-below-stick-meta":"","astra-migrate-meta-layouts":"set","ast-page-background-enabled":"default","ast-page-background-meta":{"desktop":{"background-color":"","background-image":"","background-repeat":"repeat","background-position":"center center","background-size":"auto","background-attachment":"scroll","background-type":"","background-media":"","overlay-type":"","overlay-color":"","overlay-opacity":"","overlay-gradient":""},"tablet":{"background-color":"","background-image":"","background-repeat":"repeat","background-position":"center center","background-size":"auto","background-attachment":"scroll","background-type":"","background-media":"","overlay-type":"","overlay-color":"","overlay-opacity":"","overlay-gradient":""},"mobile":{"background-color":"","background-image":"","background-repeat":"repeat","background-position":"center center","background-size":"auto","background-attachment":"scroll","background-type":"","background-media":"","overlay-type":"","overlay-color":"","overlay-opacity":"","overlay-gradient":""}},"ast-content-background-meta":{"desktop":{"background-color":"var(--ast-global-color-5)","background-image":"","background-repeat":"repeat","background-position":"center center","background-size":"auto","background-attachment":"scroll","background-type":"","background-media":"","overlay-type":"","overlay-color":"","overlay-opacity":"","overlay-gradient":""},"tablet":{"background-color":"var(--ast-global-color-5)","background-image":"","background-repeat":"repeat","background-position":"center center","background-size":"auto","background-attachment":"scroll","background-type":"","background-media":"","overlay-type":"","overlay-color":"","overlay-opacity":"","overlay-gradient":""},"mobile":{"background-color":"var(--ast-global-color-5)","background-image":"","background-repeat":"repeat","background-position":"center center","background-size":"auto","background-attachment":"scroll","background-type":"","background-media":"","overlay-type":"","overlay-color":"","overlay-opacity":"","overlay-gradient":""}},"_joinchat":{"telephone":"17776015835"}},"product_brand":[],"product_cat":[156,142,144,61,60],"product_tag":[105,94,301,299,300],"class_list":{"0":"post-4013","1":"product","2":"type-product","3":"status-publish","4":"has-post-thumbnail","6":"product_cat-buy-disposable-vapes-in-poland","7":"product_cat-digital-box-disposable-vapes","8":"product_cat-low-nicotine-disposable-vapes","9":"product_cat-vapme-shisha","10":"product_cat-waspe-fihp-vape","11":"product_tag-digital-disposable-vape","12":"product_tag-rechargeable-disposable-vape","13":"product_tag-vapor-wholesale","14":"product_tag-waspe-60k-puff","15":"product_tag-waspe-aiviou-3-in-1-60000","16":"desktop-align-left","17":"tablet-align-left","18":"mobile-align-left","20":"first","21":"instock","22":"sale","23":"shipping-taxable","24":"purchasable","25":"product-type-simple"},"acf":[],"uagb_featured_image_src":{"full":["https:\/\/vapestornado.com\/wp-content\/uploads\/2025\/03\/Waspe-Aiviou-3-in1-60k-60000-Puffs-Disposable-Vaper.webp",800,800,false],"thumbnail":["https:\/\/vapestornado.com\/wp-content\/uploads\/2025\/03\/Waspe-Aiviou-3-in1-60k-60000-Puffs-Disposable-Vaper-150x150.webp",150,150,true],"medium":["https:\/\/vapestornado.com\/wp-content\/uploads\/2025\/03\/Waspe-Aiviou-3-in1-60k-60000-Puffs-Disposable-Vaper-300x300.webp",300,300,true],"medium_large":["https:\/\/vapestornado.com\/wp-content\/uploads\/2025\/03\/Waspe-Aiviou-3-in1-60k-60000-Puffs-Disposable-Vaper-768x768.webp",768,768,true],"large":["https:\/\/vapestornado.com\/wp-content\/uploads\/2025\/03\/Waspe-Aiviou-3-in1-60k-60000-Puffs-Disposable-Vaper.webp",800,800,false],"1536x1536":["https:\/\/vapestornado.com\/wp-content\/uploads\/2025\/03\/Waspe-Aiviou-3-in1-60k-60000-Puffs-Disposable-Vaper.webp",800,800,false],"2048x2048":["https:\/\/vapestornado.com\/wp-content\/uploads\/2025\/03\/Waspe-Aiviou-3-in1-60k-60000-Puffs-Disposable-Vaper.webp",800,800,false],"trp-custom-language-flag":["https:\/\/vapestornado.com\/wp-content\/uploads\/2025\/03\/Waspe-Aiviou-3-in1-60k-60000-Puffs-Disposable-Vaper.webp",12,12,false],"woocommerce_thumbnail":["https:\/\/vapestornado.com\/wp-content\/uploads\/2025\/03\/Waspe-Aiviou-3-in1-60k-60000-Puffs-Disposable-Vaper-300x300.webp",300,300,true],"woocommerce_single":["https:\/\/vapestornado.com\/wp-content\/uploads\/2025\/03\/Waspe-Aiviou-3-in1-60k-60000-Puffs-Disposable-Vaper-600x600.webp",600,600,true],"woocommerce_gallery_thumbnail":["https:\/\/vapestornado.com\/wp-content\/uploads\/2025\/03\/Waspe-Aiviou-3-in1-60k-60000-Puffs-Disposable-Vaper-100x100.webp",100,100,true]},"uagb_author_info":{"display_name":"ESAMY","author_link":"https:\/\/vapestornado.com\/lt\/author\/"},"uagb_comment_info":1,"uagb_excerpt":"Waspe Aiviou 3 in 1 60000 Puffs disposable vape kit with 3 flavour switching, 54ml (3\u00d718ml) pods, 0.9\u03a9 mesh coils, LED display, and Type-C rechargeable 650mAh battery. Built for long use, popular with disposable vape wholesaler buyers and customers who Buy vapor in Poland instead of Buy cigarettes. WhatsApp: +86 17776015835 &nbsp;","_links":{"self":[{"href":"https:\/\/vapestornado.com\/lt\/wp-json\/wp\/v2\/product\/4013","targetHints":{"allow":["GET"]}}],"collection":[{"href":"https:\/\/vapestornado.com\/lt\/wp-json\/wp\/v2\/product"}],"about":[{"href":"https:\/\/vapestornado.com\/lt\/wp-json\/wp\/v2\/types\/product"}],"replies":[{"embeddable":true,"href":"https:\/\/vapestornado.com\/lt\/wp-json\/wp\/v2\/comments?post=4013"}],"wp:featuredmedia":[{"embeddable":true,"href":"https:\/\/vapestornado.com\/lt\/wp-json\/wp\/v2\/media\/4011"}],"wp:attachment":[{"href":"https:\/\/vapestornado.com\/lt\/wp-json\/wp\/v2\/media?parent=4013"}],"wp:term":[{"taxonomy":"product_brand","embeddable":true,"href":"https:\/\/vapestornado.com\/lt\/wp-json\/wp\/v2\/product_brand?post=4013"},{"taxonomy":"product_cat","embeddable":true,"href":"https:\/\/vapestornado.com\/lt\/wp-json\/wp\/v2\/product_cat?post=4013"},{"taxonomy":"product_tag","embeddable":true,"href":"https:\/\/vapestornado.com\/lt\/wp-json\/wp\/v2\/product_tag?post=4013"}],"curies":[{"name":"wp","href":"https:\/\/api.w.org\/{rel}","templated":true}]}}