{"id":4007,"date":"2025-03-26T07:12:34","date_gmt":"2025-03-26T07:12:34","guid":{"rendered":"https:\/\/vapestornado.com\/?post_type=product&#038;p=4007"},"modified":"2025-12-08T09:42:38","modified_gmt":"2025-12-08T09:42:38","slug":"vapme-goat-40000-puff-40k-hookah-shisha-pen-price-wholesale-e-cigarette","status":"publish","type":"product","link":"https:\/\/vapestornado.com\/lt\/product\/vapme-goat-40000-puff-40k-hookah-shisha-pen-price-wholesale-e-cigarette\/","title":{"rendered":"Vapme Goat 40000 \u012ftraukim\u0173 40k kaljano shisha ra\u0161iklio kaina didmenin\u0117 prekyba elektronin\u0117mis cigaret\u0117mis"},"content":{"rendered":"<h2 data-pm-slice=\"1 1 []\">Vapme Goat 40000 R\u016bkali\u0173 \u0161a\u0161lyk\u0173 Hookah Vienkartinis Vape su reguliuojamu oro srautu Didmenin\u0117 prekyba ES<\/h2>\n<p data-start=\"181\" data-end=\"485\">\u0160is <strong data-start=\"110\" data-end=\"135\">Vapme Goat 40000 R\u016bkali\u0173 \u0161a\u0161lyk\u0173<\/strong> yra didel\u0117s talpos \u0161a\u0161lyk\u0173 stiliaus vienkartinis \u012frenginys, skirtas \u017emon\u0117ms, kurie da\u017enai vartoja vape ir nori \u012frenginio, kuris i\u0161lieka nuoseklus laikui b\u0117gant. Jis tiekia <strong data-start=\"273\" data-end=\"295\">iki 40 000 \u012fkv\u0117pim\u0173<\/strong> i\u0161 <strong data-start=\"303\" data-end=\"332\">30 ml i\u0161 anksto u\u017epildytas rezervuaras<\/strong>, kur\u012f varo <strong data-start=\"346\" data-end=\"364\">0,4 \u03a9 tinklelio rit\u0117<\/strong> kuris stumia tank\u0173 gar\u0173 debes\u012f ir piln\u0105 skon\u012f be a\u0161trumo. Viena <strong data-start=\"433\" data-end=\"490\">850 mAh \u012fkraunama baterija su C tipo greitu \u012fkrovimu<\/strong> laiko na\u0161um\u0105 pastov\u0173, o <strong data-start=\"523\" data-end=\"545\">reguliuojamas oro srautas<\/strong> leid\u017eia reguliuoti \u012fkv\u0117pimo stiprum\u0105 nuo grie\u017eto MTL iki atviro DTL. Dvi nikotino stiprumo \u2014 <strong data-start=\"622\" data-end=\"635\">0% ir 2%<\/strong> \u2014 paprasta ir ES draugi\u0161ka pasirinkimo sistema.<\/p>\n<h3><strong>Kod\u0117l Vaperiai renkasi Vapme Goat 40000 Puffs?<\/strong><\/h3>\n<ul>\n<li data-start=\"951\" data-end=\"1165\">\n<p data-start=\"953\" data-end=\"1165\"><strong data-start=\"953\" data-end=\"995\">Talpa paremta tikru skys\u010dio t\u016briu.<\/strong> 40K \u012fvertinimas yra pagr\u012fstas <strong data-start=\"1029\" data-end=\"1042\">30ml talpa<\/strong>, o ne ma\u017eo dyd\u017eio pakuote, teigian\u010dia stebuklus. Tai suma\u017eina da\u017en\u0105 ma\u017eesni\u0173 vienkartini\u0173 \u012frengini\u0173 problem\u0105, kai jie tampa nebe naudingi po dienos ar dviej\u0173.<\/p>\n<\/li>\n<li data-start=\"1167\" data-end=\"1391\">\n<p data-start=\"1169\" data-end=\"1391\"><strong data-start=\"1169\" data-end=\"1217\">\u017dema var\u017ea tinklelio rit\u0117 rimtam garui.<\/strong> \u0160is <strong data-start=\"1222\" data-end=\"1240\">0,4 \u03a9 tinklelio rit\u0117<\/strong> yra sureguliuota, kad b\u016bt\u0173 turtingesnis i\u0161\u0117jimas ir stipresnis skonio poj\u016btis. Tai yra rit\u0117s pasirinkimas, kur\u012f naudoja prek\u0117s \u017eenklai, nor\u0117dami sukurti \u0161a\u0161lyk\u0173-\u012fkv\u0117pt\u0105, debes\u0173 orientuot\u0105 poj\u016bt\u012f.<\/p>\n<\/li>\n<li data-start=\"1393\" data-end=\"1595\">\n<p data-start=\"1395\" data-end=\"1595\"><strong data-start=\"1395\" data-end=\"1445\">\u012ekraunamas, kad \u012frenginys neprarast\u0173 galios anksti.<\/strong> Su <strong data-start=\"1454\" data-end=\"1472\">850 mAh baterija<\/strong> ir <strong data-start=\"1477\" data-end=\"1501\">C tipo greit\u0105j\u012f \u012fkrovim\u0105<\/strong>, galite \u012fkrauti pagal poreik\u012f ir sunaudoti likus\u012f skyst\u012f, o ne i\u0161mesti j\u012f d\u0117l ma\u017eos galios.<\/p>\n<\/li>\n<li data-start=\"1597\" data-end=\"1778\">\n<p data-start=\"1599\" data-end=\"1778\"><strong data-start=\"1599\" data-end=\"1635\">Oras srautas, kuris atitinka j\u016bs\u0173 stili\u0173.<\/strong> Reguliuojamas oro srautas rei\u0161kia tikslesn\u012f, cigaret\u0117s stiliaus trauk\u0105 MTL arba labiau atvir\u0105 DTL \u012fkv\u0117pim\u0105, kai norite didesnio garo \u2014 viena \u012franga, dvi \u012fpro\u010diai.<\/p>\n<\/li>\n<li data-start=\"1780\" data-end=\"1973\">\n<p data-start=\"1782\" data-end=\"1973\"><strong data-start=\"1782\" data-end=\"1819\">Tiesiogin\u0117s nikotino galimyb\u0117s.<\/strong> <strong data-start=\"1820\" data-end=\"1843\">0% tik skoniui<\/strong> ir <strong data-start=\"1848\" data-end=\"1879\">2% lengvam nikotino \u012fsp\u016bd\u017eiui<\/strong> laikykite \u0161\u012f model\u012f suderint\u0105 su vartotojais, kurie nenori stiprios galios, bet vis tiek nori pasitenkinimo.<\/p>\n<\/li>\n<\/ul>\n<p>Patobulinkite savo garinimo \u017eaidim\u0105 su\u00a0<strong>Vapme Goat 40000 \u012ftraukim\u0173<\/strong>\u2014<strong>ilgalaikiu, aromatingu ir itin patogiu<\/strong>. Puikiai tinka\u00a0<strong>didmeniniams pirk\u0117jams ir individualiems garintojams<\/strong>\u00a0ie\u0161kantiems\u00a0<strong>auk\u0161tos kokyb\u0117s vienkartinio garintuvo<\/strong>\u00a0u\u017e konkurencing\u0105 kain\u0105.<\/p>\n<p><strong>Apsipirkite dabar ir m\u0117gaukit\u0117s skland\u017eiausiu, labiausiai patenkinan\u010diu p\u016btimu!<\/strong><\/p>\n<p data-start=\"666\" data-end=\"1235\"><strong style=\"font-size: 16px;\"><span style=\"color: #ff0000;\">Prid\u0117kite Amy WhatsApp, kad gautum\u0117te tinkam\u0105 atsakym\u0105 ir nuolaid\u0105!<\/span><\/strong><\/p>\n<p><img fetchpriority=\"high\" decoding=\"async\" class=\"size-full wp-image-2932\" src=\"https:\/\/vapestornado.com\/wp-content\/uploads\/2024\/12\/Vape-Wholesale.jpg\" alt=\"Garintuvai Didmenin\u0117 prekyba\" width=\"229\" height=\"300\" \/><\/p>\n<h3><a href=\"https:\/\/wa.me\/8617776015835\" target=\"_blank\" rel=\"noopener\"><span style=\"color: #ff0000;\"><strong>WhatsApp: +86 17776015835<\/strong><\/span><\/a><\/h3>\n<p>&nbsp;<\/p>\n<h2><strong>Vapme Goat 40000 \u012fkv\u0117pim\u0173 pagrindin\u0117s produkto savyb\u0117s<\/strong><\/h2>\n<table>\n<thead>\n<tr>\n<th>Funkcija<\/th>\n<th>Specifikacija<\/th>\n<th>Detal\u0117s<\/th>\n<\/tr>\n<\/thead>\n<tbody>\n<tr>\n<td>Produkto tipas<\/td>\n<td>\u0160i\u0161a\/Hookah vienkartinis vape ra\u0161iklis<\/td>\n<td>Debes\u0173 poj\u016btis su \u0161velniu \u012fkv\u0117pimu.<\/td>\n<\/tr>\n<tr>\n<td>\u012ep\u016btim\u0173 talpa<\/td>\n<td>Iki 40 000 p\u016btim\u0173<\/td>\n<td>Auk\u0161ta tarnavimo trukm\u0117 reguliariems vartotojams; ma\u017eiau keitim\u0173.<\/td>\n<\/tr>\n<tr>\n<td>E-skys\u010dio t\u016bris<\/td>\n<td>30 ml i\u0161 anksto u\u017epildyta<\/td>\n<td>Didelis rezervuaras palaiko ilgalaikes sesijas.<\/td>\n<\/tr>\n<tr>\n<td>Rit\u0117<\/td>\n<td>0,4 \u03a9 tinklelio rit\u0117<\/td>\n<td>\u017demas pasiprie\u0161inimas tankiam garui ir stipriam skoniui.<\/td>\n<\/tr>\n<tr>\n<td>Baterija<\/td>\n<td>850mAh \u012fkraunamas<\/td>\n<td>Stabilus galios i\u0161\u0117jimas; \u012fkraukite, kad u\u017ebaigtum\u0117te piln\u0105 bak\u0105.<\/td>\n<\/tr>\n<tr>\n<td>\u012ekrovimas<\/td>\n<td>C tipo greit\u0105j\u012f \u012fkrovim\u0105<\/td>\n<td>Trumpas neveikimo laikas, \u0161iuolaikin\u0117 kabeli\u0173 suderinamumas.<\/td>\n<\/tr>\n<tr>\n<td>Oras srautas<\/td>\n<td>Reguliuojamas<\/td>\n<td>Palaiko tiek MTL, tiek DTL \u012fkv\u0117pimo stilius.<\/td>\n<\/tr>\n<tr>\n<td>Nikotino pasirinkimai<\/td>\n<td>0% \/ 2% druskos nikotinas<\/td>\n<td>Tik skoniui arba lengvas nikotino pasitenkinimas.<\/td>\n<\/tr>\n<tr>\n<td>Skoniai<\/td>\n<td>10 skoni\u0173<\/td>\n<td>\u012etraukiami keli uog\u0173 \/ raudon\u0173j\u0173 vaisi\u0173 profiliai.<\/td>\n<\/tr>\n<\/tbody>\n<\/table>\n<figure id=\"attachment_4002\" aria-describedby=\"caption-attachment-4002\" style=\"width: 800px\" class=\"wp-caption alignnone\"><img decoding=\"async\" class=\"wp-image-4002 size-full\" src=\"https:\/\/vapestornado.com\/wp-content\/uploads\/2025\/03\/Original-Vapme-Goat-40000-Puffs-Hookah-Shisha-Pen.webp\" alt=\"Originalus Vapme Goat 40000 \u012fkv\u0117pim\u0173 Hookah Shisha Pen\" width=\"800\" height=\"800\" srcset=\"https:\/\/vapestornado.com\/wp-content\/uploads\/2025\/03\/Original-Vapme-Goat-40000-Puffs-Hookah-Shisha-Pen.webp 800w, https:\/\/vapestornado.com\/wp-content\/uploads\/2025\/03\/Original-Vapme-Goat-40000-Puffs-Hookah-Shisha-Pen-300x300.webp 300w, https:\/\/vapestornado.com\/wp-content\/uploads\/2025\/03\/Original-Vapme-Goat-40000-Puffs-Hookah-Shisha-Pen-150x150.webp 150w, https:\/\/vapestornado.com\/wp-content\/uploads\/2025\/03\/Original-Vapme-Goat-40000-Puffs-Hookah-Shisha-Pen-768x768.webp 768w, https:\/\/vapestornado.com\/wp-content\/uploads\/2025\/03\/Original-Vapme-Goat-40000-Puffs-Hookah-Shisha-Pen-600x600.webp 600w, https:\/\/vapestornado.com\/wp-content\/uploads\/2025\/03\/Original-Vapme-Goat-40000-Puffs-Hookah-Shisha-Pen-100x100.webp 100w\" sizes=\"(max-width: 800px) 100vw, 800px\" \/><figcaption id=\"caption-attachment-4002\" class=\"wp-caption-text\">Originalus Vapme Goat 40000 \u012fkv\u0117pim\u0173 Hookah Shisha Pen<\/figcaption><\/figure>\n<h2 class=\"product-title\"><strong>Vapme Goat 40000 \u012fkv\u0117pim\u0173 vienkartini\u0173 prietais\u0173 skoni\u0173 s\u0105ra\u0161as<\/strong><\/h2>\n<article class=\"w-full text-token-text-primary focus-visible:outline-2 focus-visible:outline-offset-[-4px]\" dir=\"auto\" data-testid=\"conversation-turn-32\" data-scroll-anchor=\"false\">\n<div class=\"m-auto text-base py-[18px] px-6\">\n<div class=\"mx-auto flex flex-1 text-base gap-4 md:gap-5 lg:gap-6 md:max-w-3xl lg:max-w-[40rem] xl:max-w-[48rem]\">\n<div class=\"group\/conversation-turn relative flex w-full min-w-0 flex-col @xs\/thread:px-0 @sm\/thread:px-1.5 @md\/thread:px-4\">\n<div class=\"flex-col gap-1 md:gap-3\">\n<div class=\"flex max-w-full flex-col flex-grow\">\n<div class=\"min-h-8 text-message flex w-full flex-col items-end gap-2 whitespace-normal break-words text-start [.text-message+&amp;]:mt-5\" dir=\"auto\" data-message-author-role=\"user\" data-message-id=\"ffac41ca-1db4-431b-873a-32c4052956f1\">\n<div class=\"flex w-full flex-col gap-1 empty:hidden items-end rtl:items-start\">\n<div class=\"relative max-w-[var(--user-chat-width,70%)] rounded-3xl bg-token-message-surface px-5 py-2.5\">\n<div class=\"absolute bottom-0 right-full top-0 -mr-3.5 hidden pr-5 pt-2 [.group\/conversation-turn:hover_&amp;]:flex\">\n<div class=\"flex\">\n<article class=\"w-full text-token-text-primary focus-visible:outline-2 focus-visible:outline-offset-[-4px]\" dir=\"auto\" data-testid=\"conversation-turn-39\" data-scroll-anchor=\"true\">\n<div class=\"m-auto text-base py-[18px] px-6\">\n<div class=\"mx-auto flex flex-1 text-base gap-4 md:gap-5 lg:gap-6 md:max-w-3xl lg:max-w-[40rem] xl:max-w-[48rem]\">\n<div class=\"group\/conversation-turn relative flex w-full min-w-0 flex-col agent-turn @xs\/thread:px-0 @sm\/thread:px-1.5 @md\/thread:px-4\">\n<div class=\"flex-col gap-1 md:gap-3\">\n<div class=\"flex max-w-full flex-col flex-grow\">\n<div class=\"min-h-8 text-message flex w-full flex-col items-end gap-2 whitespace-normal break-words text-start [.text-message+&amp;]:mt-5\" dir=\"auto\" data-message-author-role=\"assistant\" data-message-id=\"55a23854-ec57-48dd-bd4f-6118f43d6241\" data-message-model-slug=\"gpt-4o\">\n<div class=\"flex w-full flex-col gap-1 empty:hidden first:pt-[3px]\">\n<div class=\"markdown prose w-full break-words dark:prose-invert light\">\n<p>1. Arb\u016bz\u0173 ledas<br \/>\n2. Bra\u0161ki\u0173 arb\u016bzas<br \/>\n3. M\u0117lyni\u0173 ledas<br \/>\n4. Bra\u0161ki\u0173 avie\u010di\u0173 vy\u0161nios<br \/>\n5. Persik\u0173 ledas<br \/>\n6. Red Bull ledas<br \/>\n7. Mi\u0161rios uogos<br \/>\n8. Trigubas melion\u0173 ledas<br \/>\n9. Vynuogi\u0173 ledas<br \/>\n10. Bra\u0161ki\u0173 bananas<br \/>\n11. Vy\u0161ni\u0173 kolos ledas<br \/>\n12. M\u0117lyni\u0173 avie\u010di\u0173<\/p>\n<\/div>\n<\/div>\n<\/div>\n<\/div>\n<\/div>\n<\/div>\n<\/div>\n<\/div>\n<\/article>\n<\/div>\n<\/div>\n<\/div>\n<\/div>\n<\/div>\n<\/div>\n<\/div>\n<\/div>\n<\/div>\n<\/div>\n<\/article>\n<h2>Kod\u0117l verta rinktis Vapestornado norint \u012fsigyti Vapme Goat 40k \u012fkv\u0117pim\u0173?<\/h2>\n<div class=\"flex-shrink-0 flex flex-col relative items-end\">\n<div class=\"pt-0\">\n<div class=\"gizmo-bot-avatar flex h-8 w-8 items-center justify-center overflow-hidden rounded-full\">\n<div class=\"relative p-1 rounded-sm flex items-center justify-center bg-token-main-surface-primary text-token-text-primary h-8 w-8\">\n<p>At\u00a0<strong>VapeTornado<\/strong>, mes did\u017eiuojam\u0117s gal\u0117dami pasi\u016blyti\u00a0<strong>auk\u0161\u010diausios kokyb\u0117s garinimo produktus u\u017e neprilygstam\u0105 kain\u0105<\/strong>\u2014ir\u00a0<strong>Vapme Goat 40000 \u012ftraukim\u0173<\/strong>\u00a0yra ne i\u0161imtis! \u0160tai kod\u0117l tur\u0117tum\u0117te pirkti i\u0161 m\u016bs\u0173:<\/p>\n<p><strong>Geriausios didmenin\u0117s kainos<\/strong>\u00a0\u2013 Mes si\u016blome\u00a0<strong>konkurencingos didmenin\u0117s nuolaidos<\/strong>, tod\u0117l esame geriausias pasirinkimas perpardav\u0117jams ir elektronini\u0173 cigare\u010di\u0173 parduotuv\u0117ms.<br \/>\n<strong>Greitas<\/strong>\u00a0\u2013 Gaukite savo u\u017esakym\u0105\u00a0<strong>greitai ir saugiai<\/strong>, su pristatymo visame pasaulyje galimyb\u0117mis.<br \/>\n<strong>100% Autenti\u0161ki produktai<\/strong>\u00a0\u2013 Joki\u0173 padirbini\u0173 \u2013 tik\u00a0<strong>tikri Vapme Goat vienkartiniai gaminiai<\/strong>\u00a0su patikrintu kokybe.<br \/>\n<strong>Puikus klient\u0173 aptarnavimas<\/strong>\u00a0\u2013 Turite klausim\u0173? M\u016bs\u0173\u00a0<strong>elektronini\u0173 cigare\u010di\u0173 ekspertai<\/strong> yra pasiruo\u0161\u0119 jums pad\u0117ti vis\u0105 par\u0105.<\/p>\n<p><strong>Nelaukite \u2013 u\u017esisakykite savo Vapme Goat 40000 \u012ftraukim\u0173 i\u0161 VapeTornado \u0161iandien ir patirkite did\u017eiausi\u0105 garinimo malonum\u0105!<\/strong>\u00a0\ud83d\ude80<\/p>\n<p data-start=\"559\" data-end=\"933\" data-is-last-node=\"\" data-is-only-node=\"\">Mes taip pat turime kit\u0173 populiari\u0173 vape su ekranu, pavyzd\u017eiui, <a href=\"https:\/\/vapestornado.com\/lt\/product\/mesii-couple-50k-disposable-shisha-hookah-50000-puffs-vape-with-digital-display\/\">Mesii pora 50000<\/a>, <a href=\"https:\/\/vapestornado.com\/lt\/product\/vopk-cool-9000-puffs-disposable-vapes-bar-puff-9k\/\">VOPK 9000 \u012ftraukim\u0173 vienkartinis garintuvas<\/a>, <a href=\"https:\/\/vapestornado.com\/lt\/product\/bang-beach-22000-20k-puff-disposable-vape-pen-with-screen-reddit-hot\/\">Bang Papl\u016bdimys 22000<\/a>, ir daugiau.<\/p>\n<\/div>\n<div class=\"relative p-1 rounded-sm flex items-center justify-center bg-token-main-surface-primary text-token-text-primary h-8 w-8\">\n<h2>DUK<\/h2>\n<ol data-start=\"3754\" data-end=\"4973\">\n<li data-start=\"3754\" data-end=\"4025\">\n<p data-start=\"3757\" data-end=\"4025\"><strong data-start=\"3757\" data-end=\"3869\">Kaip Vapme Goat 40000 Pur\u0161kimo 0.4\u03a9 tinklelio rit\u0117s kei\u010dia garo i\u0161\u0117jim\u0105 lyginant su didesnio var\u017ea vienkartiniais \u012frenginiais?<\/strong><br data-start=\"3869\" data-end=\"3872\" \/>A <strong data-start=\"3874\" data-end=\"3892\">0,4 \u03a9 tinklelio rit\u0117<\/strong> veikia su ma\u017eesniu pasiprie\u0161inimu, tod\u0117l stumia <strong data-start=\"3929\" data-end=\"3964\">tankesnius debesis ir \u0161iltesn\u012f trauk\u0105<\/strong>, ar\u010diau shishos poj\u016b\u010dio nei lengvas burnos traukos vienkartinis.<\/p>\n<\/li>\n<li data-start=\"4027\" data-end=\"4220\">\n<p data-start=\"4030\" data-end=\"4220\"><strong data-start=\"4030\" data-end=\"4111\">Ar Vapme Goat 40K reguliuojamas oro srautas tinkamai palaiko tiek MTL, tiek DTL?<\/strong><br data-start=\"4111\" data-end=\"4114\" \/>Taip. U\u017edaromas oro srautas sugrie\u017etina trauk\u0105 MTL; atidaromas suteikia laisvesn\u0119 trauk\u0105 DTL su daugiau gar\u0173.<\/p>\n<\/li>\n<li data-start=\"4222\" data-end=\"4476\">\n<p data-start=\"4225\" data-end=\"4476\"><strong data-start=\"4225\" data-end=\"4323\">Ar Vapme Goat 40000 Puff Type-C \u012fkraunamas vienkartinis gali tarnauti visam 30 ml talpos bakui?<\/strong><br data-start=\"4323\" data-end=\"4326\" \/>Tam ir skirta \u012fkraunamumas. Jei baterija i\u0161sikrauna anks\u010diau nei skystis, <strong data-start=\"4401\" data-end=\"4423\">greitas Type-C \u012fkrovimas<\/strong> leid\u017eia \u012frenginiui veikti tol, kol bakas pilnai i\u0161naudojamas.<\/p>\n<\/li>\n<li data-start=\"4478\" data-end=\"4721\">\n<p data-start=\"4481\" data-end=\"4721\"><strong data-start=\"4481\" data-end=\"4587\">Kokio skonio na\u0161umo galima tik\u0117tis i\u0161 Vapme Goat 40 000 trauk\u0173 shisha vape ilgalaikio naudojimo metu?<\/strong><br data-start=\"4587\" data-end=\"4590\" \/>Tinklelio kaitinimas padeda i\u0161laikyti skon\u012f <strong data-start=\"4622\" data-end=\"4645\">ry\u0161k\u0173 ir nuosekl\u0173<\/strong> giliau bake, su ma\u017eesniu skonio praradimu v\u0117lesn\u0117je stadijoje nei standartiniai vieliniai kaitinimo elementai.<\/p>\n<\/li>\n<li data-start=\"4723\" data-end=\"4973\">\n<p data-start=\"4726\" data-end=\"4973\"><strong data-start=\"4726\" data-end=\"4835\">Ar Vapme Goat 40000 Puff 2% nikotino vienkartinis tinka reguliariems ES vartotojams, norintiems \u0161velnesnio poveikio?<\/strong><br data-start=\"4835\" data-end=\"4838\" \/>2% skirtas <strong data-start=\"4852\" data-end=\"4883\">lengvam iki vidutinio kasdieniam naudojimui<\/strong>, i\u0161laikant poveik\u012f, bet neperd\u0117tinai stipr\u0173; 0% tinka be nikotino pageidavimui.<\/p>\n<\/li>\n<\/ol>\n<\/div>\n<\/div>\n<\/div>\n<\/div>","protected":false},"excerpt":{"rendered":"<p class=\"LC20lb MBeuO DKV0Md\">Vapme Goat 40000 R\u016bkali\u0173 \u0161a\u0161lyk\u0173 stiliaus vienkartinis vape su 30ml i\u0161 anksto pripildyto e-liquido, 0.4\u03a9 tinklelio rit\u0117, reguliuojamas oro srautas ir 850mAh Type-C \u012fkraunama baterija. Iki 40 000 \u012fkv\u0117pim\u0173, 0% arba 2% nikotino, 10 skoni\u0173 ilgiems, tankiems, \u0161velniems seansams.<\/p>\n<p><strong>Prid\u0117kite Amy's whatsapp, kad gautum\u0117te tinkam\u0105 atsakym\u0105 ir nuolaidos kain\u0105!<\/strong><\/p>\n<p><img fetchpriority=\"high\" decoding=\"async\" class=\"size-full wp-image-2932\" src=\"https:\/\/vapestornado.com\/wp-content\/uploads\/2024\/12\/Vape-Wholesale.jpg\" alt=\"Garintuvai Didmenin\u0117 prekyba\" width=\"229\" height=\"300\" \/><\/p>\n<h3><a href=\"https:\/\/wa.me\/8617776015835\"><span style=\"color: #ff0000;\"><strong>WhatsApp: +86 17776015835<\/strong><\/span><\/a><\/h3>\n<p>&nbsp;<\/p>","protected":false},"featured_media":4001,"comment_status":"open","ping_status":"closed","template":"","meta":{"_acf_changed":false,"_uag_custom_page_level_css":"","_lmt_disableupdate":"no","_lmt_disable":"","_monsterinsights_skip_tracking":false,"_monsterinsights_sitenote_active":false,"_monsterinsights_sitenote_note":"","_monsterinsights_sitenote_category":0,"site-sidebar-layout":"default","site-content-layout":"","ast-site-content-layout":"default","site-content-style":"default","site-sidebar-style":"default","ast-global-header-display":"","ast-banner-title-visibility":"","ast-main-header-display":"","ast-hfb-above-header-display":"","ast-hfb-below-header-display":"","ast-hfb-mobile-header-display":"","site-post-title":"","ast-breadcrumbs-content":"","ast-featured-img":"","footer-sml-layout":"","ast-disable-related-posts":"","theme-transparent-header-meta":"default","adv-header-id-meta":"","stick-header-meta":"","header-above-stick-meta":"","header-main-stick-meta":"","header-below-stick-meta":"","astra-migrate-meta-layouts":"set","ast-page-background-enabled":"default","ast-page-background-meta":{"desktop":{"background-color":"","background-image":"","background-repeat":"repeat","background-position":"center center","background-size":"auto","background-attachment":"scroll","background-type":"","background-media":"","overlay-type":"","overlay-color":"","overlay-opacity":"","overlay-gradient":""},"tablet":{"background-color":"","background-image":"","background-repeat":"repeat","background-position":"center center","background-size":"auto","background-attachment":"scroll","background-type":"","background-media":"","overlay-type":"","overlay-color":"","overlay-opacity":"","overlay-gradient":""},"mobile":{"background-color":"","background-image":"","background-repeat":"repeat","background-position":"center center","background-size":"auto","background-attachment":"scroll","background-type":"","background-media":"","overlay-type":"","overlay-color":"","overlay-opacity":"","overlay-gradient":""}},"ast-content-background-meta":{"desktop":{"background-color":"var(--ast-global-color-5)","background-image":"","background-repeat":"repeat","background-position":"center center","background-size":"auto","background-attachment":"scroll","background-type":"","background-media":"","overlay-type":"","overlay-color":"","overlay-opacity":"","overlay-gradient":""},"tablet":{"background-color":"var(--ast-global-color-5)","background-image":"","background-repeat":"repeat","background-position":"center center","background-size":"auto","background-attachment":"scroll","background-type":"","background-media":"","overlay-type":"","overlay-color":"","overlay-opacity":"","overlay-gradient":""},"mobile":{"background-color":"var(--ast-global-color-5)","background-image":"","background-repeat":"repeat","background-position":"center center","background-size":"auto","background-attachment":"scroll","background-type":"","background-media":"","overlay-type":"","overlay-color":"","overlay-opacity":"","overlay-gradient":""}},"_joinchat":{"telephone":"17776015835"}},"product_brand":[],"product_cat":[65,158,146,147,61],"product_tag":[165,291,294,94,298],"class_list":{"0":"post-4007","1":"product","2":"type-product","3":"status-publish","4":"has-post-thumbnail","6":"product_cat-40000-puff","7":"product_cat-buy-disposable-vapes-in-spain","8":"product_cat-rechargeable-disposable-vapes","9":"product_cat-shisha-hookah-disposable-vapes","10":"product_cat-vapme-shisha","11":"product_tag-cheap-vapes","12":"product_tag-disposable-shisha-hookah","13":"product_tag-puff-40k","14":"product_tag-rechargeable-disposable-vape","15":"product_tag-vapme-goat-40000","16":"desktop-align-left","17":"tablet-align-left","18":"mobile-align-left","20":"first","21":"instock","22":"sale","23":"shipping-taxable","24":"purchasable","25":"product-type-simple"},"acf":[],"uagb_featured_image_src":{"full":["https:\/\/vapestornado.com\/wp-content\/uploads\/2025\/03\/Hot-Vapme-40000-Puffs-Disposables-Price-Wholesale.webp",800,800,false],"thumbnail":["https:\/\/vapestornado.com\/wp-content\/uploads\/2025\/03\/Hot-Vapme-40000-Puffs-Disposables-Price-Wholesale-150x150.webp",150,150,true],"medium":["https:\/\/vapestornado.com\/wp-content\/uploads\/2025\/03\/Hot-Vapme-40000-Puffs-Disposables-Price-Wholesale-300x300.webp",300,300,true],"medium_large":["https:\/\/vapestornado.com\/wp-content\/uploads\/2025\/03\/Hot-Vapme-40000-Puffs-Disposables-Price-Wholesale-768x768.webp",768,768,true],"large":["https:\/\/vapestornado.com\/wp-content\/uploads\/2025\/03\/Hot-Vapme-40000-Puffs-Disposables-Price-Wholesale.webp",800,800,false],"1536x1536":["https:\/\/vapestornado.com\/wp-content\/uploads\/2025\/03\/Hot-Vapme-40000-Puffs-Disposables-Price-Wholesale.webp",800,800,false],"2048x2048":["https:\/\/vapestornado.com\/wp-content\/uploads\/2025\/03\/Hot-Vapme-40000-Puffs-Disposables-Price-Wholesale.webp",800,800,false],"trp-custom-language-flag":["https:\/\/vapestornado.com\/wp-content\/uploads\/2025\/03\/Hot-Vapme-40000-Puffs-Disposables-Price-Wholesale.webp",12,12,false],"woocommerce_thumbnail":["https:\/\/vapestornado.com\/wp-content\/uploads\/2025\/03\/Hot-Vapme-40000-Puffs-Disposables-Price-Wholesale-300x300.webp",300,300,true],"woocommerce_single":["https:\/\/vapestornado.com\/wp-content\/uploads\/2025\/03\/Hot-Vapme-40000-Puffs-Disposables-Price-Wholesale-600x600.webp",600,600,true],"woocommerce_gallery_thumbnail":["https:\/\/vapestornado.com\/wp-content\/uploads\/2025\/03\/Hot-Vapme-40000-Puffs-Disposables-Price-Wholesale-100x100.webp",100,100,true]},"uagb_author_info":{"display_name":"ESAMY","author_link":"https:\/\/vapestornado.com\/lt\/author\/"},"uagb_comment_info":0,"uagb_excerpt":"Vapme Goat 40000 Puff shisha-style disposable vape with 30ml pre-filled e-liquid, 0.4\u03a9 mesh coil, adjustable airflow, and 850mAh Type-C rechargeable battery. Up to 40,000 puffs, 0% or 2% nicotine, 10 flavours for long, dense, smooth sessions. Add Amy's whatsapp to get right reply and discount price! WhatsApp: +86 17776015835 &nbsp;","_links":{"self":[{"href":"https:\/\/vapestornado.com\/lt\/wp-json\/wp\/v2\/product\/4007","targetHints":{"allow":["GET"]}}],"collection":[{"href":"https:\/\/vapestornado.com\/lt\/wp-json\/wp\/v2\/product"}],"about":[{"href":"https:\/\/vapestornado.com\/lt\/wp-json\/wp\/v2\/types\/product"}],"replies":[{"embeddable":true,"href":"https:\/\/vapestornado.com\/lt\/wp-json\/wp\/v2\/comments?post=4007"}],"wp:featuredmedia":[{"embeddable":true,"href":"https:\/\/vapestornado.com\/lt\/wp-json\/wp\/v2\/media\/4001"}],"wp:attachment":[{"href":"https:\/\/vapestornado.com\/lt\/wp-json\/wp\/v2\/media?parent=4007"}],"wp:term":[{"taxonomy":"product_brand","embeddable":true,"href":"https:\/\/vapestornado.com\/lt\/wp-json\/wp\/v2\/product_brand?post=4007"},{"taxonomy":"product_cat","embeddable":true,"href":"https:\/\/vapestornado.com\/lt\/wp-json\/wp\/v2\/product_cat?post=4007"},{"taxonomy":"product_tag","embeddable":true,"href":"https:\/\/vapestornado.com\/lt\/wp-json\/wp\/v2\/product_tag?post=4007"}],"curies":[{"name":"wp","href":"https:\/\/api.w.org\/{rel}","templated":true}]}}