{"id":3999,"date":"2025-03-25T07:33:36","date_gmt":"2025-03-25T07:33:36","guid":{"rendered":"https:\/\/vapestornado.com\/?post_type=product&#038;p=3999"},"modified":"2025-12-11T07:26:08","modified_gmt":"2025-12-11T07:26:08","slug":"wholesale-bang-beach-38000-puff-38k-vape-disposable-vaporizer-e-cig-at-cheap-prices","status":"publish","type":"product","link":"https:\/\/vapestornado.com\/lt\/product\/wholesale-bang-beach-38000-puff-38k-vape-disposable-vaporizer-e-cig-at-cheap-prices\/","title":{"rendered":"Didmenin\u0117 prekyba \u201eBang Beach 38000 Puff 38k Vape\u201c vienkartiniu garintuvu, elektronin\u0117 cigaret\u0117, pigiomis kainomis"},"content":{"rendered":"<h1 data-pm-slice=\"1 1 []\">Didmenin\u0117 prekyba \u201eBang Beach 38000 Puff 38k Vape\u201c vienkartiniu garintuvu, elektronin\u0117 cigaret\u0117, pigiomis kainomis<\/h1>\n<p><strong data-start=\"94\" data-end=\"114\">Bang papl\u016bdimys 38000<\/strong> yra didel\u0117s talpos vienkartin\u0117 elektronin\u0117 cigaret\u0117, sukurta vaperiams, kurie nori ilg\u0105 veikimo laik\u0105, ai\u0161ki\u0105 informacij\u0105 apie \u012frengin\u012f ir stipri\u0105 skonio patirt\u012f nuo prad\u017eios iki pabaigos. Su <strong data-start=\"277\" data-end=\"299\">iki 38 000 \u012fkv\u0117pim\u0173<\/strong>, a <strong data-start=\"303\" data-end=\"325\">38 ml e. skys\u010dio talpa<\/strong>, ir <strong data-start=\"334\" data-end=\"372\">850 mAh Type-C \u012fkraunama baterija<\/strong>, ji sukurta veikti ilg\u0105 laik\u0105 be nuolatin\u0117s keitimo. Vienetas <strong data-start=\"447\" data-end=\"470\">dvigubo ekrano ekranas<\/strong> rodo baterijos ir skys\u010dio lygius, o <strong data-start=\"511\" data-end=\"538\">pir\u0161t\u0173 atspaud\u0173 u\u017erakinimo ekranas<\/strong> prideda papildom\u0105 saugumo sluoksn\u012f ki\u0161en\u0117ms, rankin\u0117ms ir kelion\u0117ms.<\/p>\n<h3 data-start=\"825\" data-end=\"880\">Kod\u0117l verta rinktis Bang Beach 38000 P\u016bstu<\/h3>\n<ul data-start=\"882\" data-end=\"2354\">\n<li data-start=\"882\" data-end=\"1213\">\n<p data-start=\"884\" data-end=\"1213\"><strong data-start=\"884\" data-end=\"935\">Tikra talpa, kei\u010dianti j\u016bs\u0173 kasdien\u0119 rutin\u0105.<\/strong> \u0160is <strong data-start=\"940\" data-end=\"969\">Bang Beach 38000 P\u016bstu juosta<\/strong> sujungia <strong data-start=\"981\" data-end=\"1000\">38K \u012fkv\u0117pim\u0173 \u012fvertinimas<\/strong> su pilnu <strong data-start=\"1013\" data-end=\"1032\">38ml e-lygio<\/strong>, tod\u0117l reguliariai naudotojai Lietuvoje, Lenkijoje ar kitose \u0161alyse gali naudotis <strong data-start=\"1086\" data-end=\"1119\">kelet\u0105 savai\u010di\u0173 prie\u0161 keisdami \u012frenginius<\/strong>. Tai rei\u0161kia ma\u017eiau skubi\u0173 pirkim\u0173 ir \u017eymiai ma\u017eesnes \u201eper dien\u0105\u201c i\u0161laidas nei dauguma ma\u017e\u0173 vienkartini\u0173.<\/p>\n<\/li>\n<li data-start=\"1215\" data-end=\"1490\">\n<p data-start=\"1217\" data-end=\"1490\"><strong data-start=\"1217\" data-end=\"1262\">Tinklelio rit\u0117s skonio profilis, kuris nesusilpn\u0117ja.<\/strong> Valdomas pa\u017eangios <strong data-start=\"1283\" data-end=\"1307\">tinklelio rit\u0117s technologija<\/strong>, \u0161is <strong data-start=\"1314\" data-end=\"1344\">Bang Beach 38K elektronin\u0117 cigaret\u0117<\/strong> pateikia sklandesn\u012f gar\u0105, stipresn\u012f skon\u012f ir nuoseklesnius \u012fkv\u0117pimus, vietoje a\u0161traus, sauso skonio, kur\u012f gaunate, kai pagrindin\u0117s rit\u0117s pradeda degti.<\/p>\n<\/li>\n<li data-start=\"1492\" data-end=\"1773\">\n<p data-start=\"1494\" data-end=\"1773\"><strong data-start=\"1494\" data-end=\"1537\">Type-C \u012fkrovimas, siekiant i\u0161vengti i\u0161\u0161vaistytos skys\u010dio.<\/strong> \u0160is <strong data-start=\"1542\" data-end=\"1589\">850mAh Type-C \u012fkraunamas Bang Beach 38000<\/strong> sukurtas b\u016bti \u012fkraunamas kelis kartus. Kai akumuliatorius suma\u017e\u0117ja, prijungiate j\u012f greitam papildymui ir t\u0119siate naudojim\u0105, kol bakelis i\u0161 tikr\u0173j\u0173 i\u0161sikrauna, vietoje to, kad i\u0161mestum\u0117te pus\u0119 naudojamo skys\u010dio.<\/p>\n<\/li>\n<li data-start=\"1775\" data-end=\"2092\">\n<p data-start=\"1777\" data-end=\"2092\"><strong data-start=\"1777\" data-end=\"1841\">Dvigubo ekrano rodymas ir pir\u0161t\u0173 atspaud\u0173 u\u017eraktas realiam naudojimui.<\/strong> \u0160is <strong data-start=\"1846\" data-end=\"1890\">dviej\u0173 ekran\u0173 pod \u012frenginys<\/strong> rodo elektroninio skys\u010dio ir akumuliatoriaus b\u016bsen\u0105 realiu laiku, o pir\u0161t\u0173 atspaud\u0173 u\u017eraktas padeda i\u0161vengti nety\u010dinio \u012fjungimo ki\u0161en\u0117je ar krep\u0161yje \u2014 naudingas keliaujant, vakare ar keliaujant po Lietuv\u0105 ir kitas \u0161alis.<\/p>\n<\/li>\n<li data-start=\"2094\" data-end=\"2354\">\n<p data-start=\"2096\" data-end=\"2354\"><strong data-start=\"2096\" data-end=\"2153\">Didmenin\u0117 prekyba draugi\u0161ka bet kuriai gar\u0173 parduotuvei ar platintojui.<\/strong> Su <strong data-start=\"2159\" data-end=\"2190\">Cigare\u010di\u0173 didmenin\u0117s kainos<\/strong> ir stiprus poreikis <strong data-start=\"2216\" data-end=\"2230\">gar\u0173 parduotuv\u0117je<\/strong> kanale, Bang Beach 38000 tinka tiek galutiniams vartotojams, tiek didmeniniams pirk\u0117jams, kurie nori ilgaam\u017eio \u012frenginio, kuris i\u0161 tikr\u0173j\u0173 parduoda.<\/p>\n<\/li>\n<\/ul>\n<p data-start=\"666\" data-end=\"1235\"><strong style=\"font-size: 16px;\"><span style=\"color: #ff0000;\">Prid\u0117kite Amy WhatsApp, kad gautum\u0117te tinkam\u0105 atsakym\u0105 ir nuolaid\u0105!<\/span><\/strong><\/p>\n<p><img fetchpriority=\"high\" decoding=\"async\" class=\"size-full wp-image-2932\" src=\"https:\/\/vapestornado.com\/wp-content\/uploads\/2024\/12\/Vape-Wholesale.jpg\" alt=\"Garintuvai Didmenin\u0117 prekyba\" width=\"229\" height=\"300\" \/><\/p>\n<h3><a href=\"https:\/\/wa.me\/8617776015835\" target=\"_blank\" rel=\"noopener\"><span style=\"color: #ff0000;\"><strong>WhatsApp: +86 17776015835<\/strong><\/span><\/a><\/h3>\n<p>&nbsp;<\/p>\n<h2><strong>Bang Beach 38000 Puff\u00a0Bar pagrindin\u0117s produkto savyb\u0117s<\/strong><\/h2>\n<table>\n<thead>\n<tr>\n<th>Funkcija<\/th>\n<th>spec<\/th>\n<th>detal\u0117s<\/th>\n<\/tr>\n<\/thead>\n<tbody>\n<tr>\n<td>Prek\u0117s \u017eenklas<\/td>\n<td>Bang Beach<\/td>\n<td>Didel\u0117s talpos vienkartin\u0117 linija Europos rinkoms<\/td>\n<\/tr>\n<tr>\n<td>Modelis<\/td>\n<td>Bang Beach 38000 P\u016bst\u0173 juost\u0173 elektronin\u0117 cigaret\u0117<\/td>\n<td>38 t\u016bkst. p\u016btim\u0173 \u012fkraunama elektronin\u0117 cigaret\u0117<\/td>\n<\/tr>\n<tr>\n<td>\u012ep\u016btim\u0173 talpa<\/td>\n<td>Iki 38 000 p\u016btim\u0173<\/td>\n<td>Sukurtas keli\u0173 savai\u010di\u0173 kasdieniam naudojimui<\/td>\n<\/tr>\n<tr>\n<td>E-liquido t\u016bris<\/td>\n<td>38 ml elektroninio skys\u010dio<\/td>\n<td>Didelis bakelis, pritaikytas dideliam p\u016btim\u0173 skai\u010diui<\/td>\n<\/tr>\n<tr>\n<td>Nikotino kiekis<\/td>\n<td>0% \/ 2% \/ 3% \/ 5%<\/td>\n<td>Tinka tik skonio, vidutinio ir stipresnio pasirinkimo naudotojams<\/td>\n<\/tr>\n<tr>\n<td>Baterija<\/td>\n<td>850mAh \u012fkraunamas<\/td>\n<td>Palaiko pakartotin\u012f \u012fkrovim\u0105 viso \u012frenginio gyvavimo metu<\/td>\n<\/tr>\n<tr>\n<td>\u012ekrovimas<\/td>\n<td>Type-C \u012fkraunamas<\/td>\n<td>Greitas \u012fkrovimas su standartiniais \u0161iuolaikiniais kabeliais<\/td>\n<\/tr>\n<tr>\n<td>Rit\u0117s tipas<\/td>\n<td>Tinklin\u0117 kaitinimo spiral\u0117<\/td>\n<td>Sklandus garo ir stabilus skonio perdavimas<\/td>\n<\/tr>\n<tr>\n<td>Ekranas<\/td>\n<td>Dviguba ekranas (lydys + baterija)<\/td>\n<td>Realaus laiko b\u016bsenos rodymas apie e-skyst\u012f ir baterij\u0105<\/td>\n<\/tr>\n<tr>\n<td>Sauga<\/td>\n<td>Pir\u0161t\u0173 atspaud\u0173 u\u017erakinimo ekranas<\/td>\n<td>Suma\u017eina atsitiktin\u012f \u012fjungim\u0105 ir padidina privatum\u0105<\/td>\n<\/tr>\n<tr>\n<td>Pozicionavimas<\/td>\n<td>Didmenin\u0117 ir ma\u017emenin\u0117 prekyba<\/td>\n<td>Optimizuota cigare\u010di\u0173 didmenin\u0117s kainos ir vapor parduotuvi\u0173 pardavimams<\/td>\n<\/tr>\n<\/tbody>\n<\/table>\n<h2 class=\"product-title\"><strong>Kar\u0161to pardavimo skoni\u0173 s\u0105ra\u0161as \u201eBang Beach 38000 Puff\u201c<\/strong><\/h2>\n<article class=\"w-full text-token-text-primary focus-visible:outline-2 focus-visible:outline-offset-[-4px]\" dir=\"auto\" data-testid=\"conversation-turn-32\" data-scroll-anchor=\"false\">\n<div class=\"m-auto text-base py-[18px] px-6\">\n<div class=\"mx-auto flex flex-1 text-base gap-4 md:gap-5 lg:gap-6 md:max-w-3xl lg:max-w-[40rem] xl:max-w-[48rem]\">\n<div class=\"group\/conversation-turn relative flex w-full min-w-0 flex-col @xs\/thread:px-0 @sm\/thread:px-1.5 @md\/thread:px-4\">\n<div class=\"flex-col gap-1 md:gap-3\">\n<div class=\"flex max-w-full flex-col flex-grow\">\n<div class=\"min-h-8 text-message flex w-full flex-col items-end gap-2 whitespace-normal break-words text-start [.text-message+&amp;]:mt-5\" dir=\"auto\" data-message-author-role=\"user\" data-message-id=\"ffac41ca-1db4-431b-873a-32c4052956f1\">\n<div class=\"flex w-full flex-col gap-1 empty:hidden items-end rtl:items-start\">\n<div class=\"relative max-w-[var(--user-chat-width,70%)] rounded-3xl bg-token-message-surface px-5 py-2.5\">\n<div class=\"absolute bottom-0 right-full top-0 -mr-3.5 hidden pr-5 pt-2 [.group\/conversation-turn:hover_&amp;]:flex\">\n<div class=\"flex\">\n<article class=\"w-full text-token-text-primary focus-visible:outline-2 focus-visible:outline-offset-[-4px]\" dir=\"auto\" data-testid=\"conversation-turn-39\" data-scroll-anchor=\"true\">\n<div class=\"m-auto text-base py-[18px] px-6\">\n<div class=\"mx-auto flex flex-1 text-base gap-4 md:gap-5 lg:gap-6 md:max-w-3xl lg:max-w-[40rem] xl:max-w-[48rem]\">\n<div class=\"group\/conversation-turn relative flex w-full min-w-0 flex-col agent-turn @xs\/thread:px-0 @sm\/thread:px-1.5 @md\/thread:px-4\">\n<div class=\"flex-col gap-1 md:gap-3\">\n<div class=\"flex max-w-full flex-col flex-grow\">\n<div class=\"min-h-8 text-message flex w-full flex-col items-end gap-2 whitespace-normal break-words text-start [.text-message+&amp;]:mt-5\" dir=\"auto\" data-message-author-role=\"assistant\" data-message-id=\"55a23854-ec57-48dd-bd4f-6118f43d6241\" data-message-model-slug=\"gpt-4o\">\n<div class=\"flex w-full flex-col gap-1 empty:hidden first:pt-[3px]\">\n<div class=\"markdown prose w-full break-words dark:prose-invert light\">\n<p>1. Trigub\u0173 uog\u0173 ledas<br \/>\n2. Ro\u017einis limonadas<br \/>\n3. M\u0117lyni\u0173 avie\u010di\u0173<br \/>\n4. Mi\u0161rios uogos<br \/>\n5. Bra\u0161ki\u0173 arb\u016bzas<br \/>\n6. Bra\u0161ki\u0173 ledas<br \/>\n7.Vynuogi\u0173 ledas<br \/>\n8. Persik\u0173 mang\u0173<br \/>\n9. M\u0117lyni\u0173 ir avie\u010di\u0173 ledinukai<br \/>\n10. Vy\u0161ni\u0173 sprogimas<br \/>\n11. Arb\u016bz\u0173 ledinukai<br \/>\n12. Persik\u0173 ledai<\/p>\n<figure id=\"attachment_4000\" aria-describedby=\"caption-attachment-4000\" style=\"width: 596px\" class=\"wp-caption alignnone\"><img decoding=\"async\" class=\"wp-image-4000 size-full\" src=\"https:\/\/vapestornado.com\/wp-content\/uploads\/2025\/03\/Wholesale-Bang-38000-Puffs.png\" alt=\"Didmenin\u0117 prekyba &quot;Bang 38000 Puffs&quot;\" width=\"596\" height=\"596\" srcset=\"https:\/\/vapestornado.com\/wp-content\/uploads\/2025\/03\/Wholesale-Bang-38000-Puffs.png 596w, https:\/\/vapestornado.com\/wp-content\/uploads\/2025\/03\/Wholesale-Bang-38000-Puffs-300x300.png 300w, https:\/\/vapestornado.com\/wp-content\/uploads\/2025\/03\/Wholesale-Bang-38000-Puffs-150x150.png 150w, https:\/\/vapestornado.com\/wp-content\/uploads\/2025\/03\/Wholesale-Bang-38000-Puffs-100x100.png 100w\" sizes=\"(max-width: 596px) 100vw, 596px\" \/><figcaption id=\"caption-attachment-4000\" class=\"wp-caption-text\">Didmenin\u0117 prekyba \"Bang 38000 Puffs\"<\/figcaption><\/figure>\n<\/div>\n<\/div>\n<\/div>\n<\/div>\n<\/div>\n<\/div>\n<\/div>\n<\/div>\n<\/article>\n<\/div>\n<\/div>\n<\/div>\n<\/div>\n<\/div>\n<\/div>\n<\/div>\n<\/div>\n<\/div>\n<\/div>\n<\/article>\n<h2>Kod\u0117l verta rinktis \"Vapestornado\" \u012fsigyjant \"Bang Beach 38000 Puff\"?<\/h2>\n<div class=\"flex-shrink-0 flex flex-col relative items-end\">\n<div class=\"pt-0\">\n<div class=\"gizmo-bot-avatar flex h-8 w-8 items-center justify-center overflow-hidden rounded-full\">\n<div class=\"relative p-1 rounded-sm flex items-center justify-center bg-token-main-surface-primary text-token-text-primary h-8 w-8\">\n<p data-start=\"88\" data-end=\"557\">Kai kalbama apie <strong data-start=\"105\" data-end=\"154\">\u00a0auk\u0161tos kokyb\u0117s vienkartini\u0173 elektronini\u0173 cigare\u010di\u0173 \u012fsigijimas<\/strong>, <strong data-start=\"156\" data-end=\"172\">Vapestornado<\/strong> yra neprilygstamo \u0161altinis <strong data-start=\"208\" data-end=\"271\">gamyklos kainos, greitas pristatymas ir auk\u0161\u010diausios kokyb\u0117s klient\u0173 aptarnavimas<\/strong>Perkant \"Bang Beach 38000 Puff\" i\u0161 \"Vapestornado\" gausite <strong data-start=\"363\" data-end=\"400\">autenti\u0161kus, 100% originalius produktus<\/strong> su naujausia<strong data-start=\"417\" data-end=\"515\"> ekrano ekran\u0105, \u012fkraunam\u0105 C tipo jungt\u012f ir 38000 d\u016b\u017ei\u0173 talp\u0105<\/strong>\u2014viskas u\u017e geriausi\u0105 kain\u0105<strong data-start=\"527\" data-end=\"554\">\u00a0didmenin\u0117mis kainomis<\/strong>.<\/p>\n<p data-start=\"559\" data-end=\"933\" data-is-last-node=\"\" data-is-only-node=\"\">Mes taip pat turime kit\u0173 populiari\u0173 vape su ekranu, pavyzd\u017eiui, <a href=\"https:\/\/vapestornado.com\/lt\/product\/mesii-couple-50k-disposable-shisha-hookah-50000-puffs-vape-with-digital-display\/\">Mesii pora 50000<\/a>, <a href=\"https:\/\/vapestornado.com\/lt\/product\/vopk-ultra-40000-puffs-2-in-1-digital-screen-rechargeable-disposable-vape\/\">VOPK 40000 \u012fp\u016btim\u0173 vienkartin\u0117 elektronin\u0117 cigaret\u0117<\/a>, <a href=\"https:\/\/vapestornado.com\/lt\/product\/bang-beach-22000-20k-puff-disposable-vape-pen-with-screen-reddit-hot\/\">Bang Papl\u016bdimys 22000<\/a>, ir daugiau.<\/p>\n<\/div>\n<div class=\"relative p-1 rounded-sm flex items-center justify-center bg-token-main-surface-primary text-token-text-primary h-8 w-8\">\n<h2>DUK apie \"Bang 38000\"<\/h2>\n<p data-start=\"3372\" data-end=\"3465\">1. Kiek laiko paprastai trunka Bang Beach 38000 p\u016btim\u0173 elektronin\u0117 cigaret\u0117 kasdieniams vartotojams?<\/p>\n<p data-start=\"3466\" data-end=\"3738\">\u0160is <strong data-start=\"3470\" data-end=\"3507\">Bang Beach 38000 p\u016btim\u0173 elektronin\u0117 cigaret\u0117<\/strong> suderina <strong data-start=\"3516\" data-end=\"3529\">38 ml talpos bakel\u012f<\/strong> su iki <strong data-start=\"3541\" data-end=\"3557\">38 000 \u012fkv\u0117pim\u0173<\/strong>, tod\u0117l daugelis kasdienini\u0173 vartotoj\u0173 gali naudotis <strong data-start=\"3590\" data-end=\"3625\">kelias savaites kiekvienam \u012frenginiui<\/strong>. Tikrasis laikas priklauso nuo j\u016bs\u0173 p\u016btimo da\u017enumo ir traukimo ilgio, ta\u010diau ji ai\u0161kiai pranoksta \u012fprastus 5K\u201310K vienkartinius \u012frenginius.<\/p>\n<p data-start=\"3745\" data-end=\"3859\">2. K\u0105 kei\u010dia Bang Beach 38000 didel\u0117s talpos vape tinklelio rit\u0117 d\u0117l skonio ir garo?<\/p>\n<p data-start=\"3860\" data-end=\"4084\">\u0160is <strong data-start=\"3864\" data-end=\"3906\">Bang Beach 38000 tinklelio rit\u0117s elektronin\u0117 cigaret\u0117<\/strong> i\u0161sklaido \u0161ilum\u0105 tolygiai per v\u0117rin\u012f, kuris i\u0161laiko gar\u0173 tank\u0173 ir skon\u012f nuosekl\u0173. \u0160is dizainas padeda i\u0161vengti a\u0161tri\u0173, degan\u010di\u0173 skonio \u012fkv\u0117pim\u0173, ypa\u010d arti skys\u010dio pabaigos.<\/p>\n<p data-start=\"4091\" data-end=\"4184\">3. Kaip dviej\u0173 ekran\u0173 rodinys Bang Beach 38000 P\u016bst\u0173 baro kasdien\u0117je naudotojo patirtyje padeda?<\/p>\n<p data-start=\"4185\" data-end=\"4462\">\u0160is <strong data-start=\"4189\" data-end=\"4230\">dviej\u0173 ekran\u0173 Bang Beach 38000 P\u016bst\u0173 baras<\/strong> rodo e-skys\u010dio lyg\u012f ir akumuliatoriaus b\u016bsen\u0105 atskirai, tod\u0117l visada \u017einote, ar reikia \u012fkrauti, ar netoli baigiasi talpykla. Tai pa\u0161alina sp\u0117liones, kas yra svarbu, kai pasikliaujate viena \u012franga darbo dienomis ar kelion\u0117se.<\/p>\n<p data-start=\"4469\" data-end=\"4582\">4. Ar Bang Beach 38000 tinka pirk\u0117jams, lyginantiems gar\u0173 parduotuvi\u0173 \u012frenginius su Cigarette didmenin\u0117s prekybos kainomis?<\/p>\n<p data-start=\"4583\" data-end=\"4884\">Taip. Skirti <strong data-start=\"4592\" data-end=\"4606\">gar\u0173 parduotuv\u0117je<\/strong> savininkams ir platintojams, <strong data-start=\"4636\" data-end=\"4678\">Bang Beach 38000 didmenin\u0117 E-cigaret\u0117<\/strong> si\u016blo didel\u012f p\u016btim\u0173 skai\u010di\u0173, pa\u017eangias funkcijas (ekranus + pir\u0161t\u0173 atspaud\u0173 u\u017erakt\u0105) ir konkurencing\u0105 <strong data-start=\"4767\" data-end=\"4798\">Cigare\u010di\u0173 didmenin\u0117s kainos<\/strong>, kurie kartu sudaro stipri\u0105 vert\u0117s pasi\u016blym\u0105 prie\u0161 kitus ilgalaikius vienkartinius produktus.<\/p>\n<p data-start=\"4891\" data-end=\"5003\">5. Ar pir\u0161t\u0173 atspaud\u0173 u\u017eraktas Bang Beach 38000 P\u016bst\u0173 E-cigaret\u0117je veikia na\u0161um\u0105 ar tik saugum\u0105?<\/p>\n<p data-start=\"5004\" data-end=\"5262\">\u0160is <strong data-start=\"5008\" data-end=\"5052\">Bang Beach 38000 pir\u0161t\u0173 atspaud\u0173 u\u017erakt\u0173 sistema<\/strong> yra grynai apie saugum\u0105 ir patogum\u0105. Ji padeda i\u0161vengti nety\u010dinio \u012fjungimo ir neleistino naudojimo, ta\u010diau po atrakcinimo na\u0161umas nesikei\u010dia \u2014 vis dar gaunate piln\u0105 i\u0161\u0117jim\u0105 i\u0161 tinklelio rit\u0117s ir 850mAh akumuliatoriaus.<\/p>\n<\/div>\n<\/div>\n<\/div>\n<\/div>","protected":false},"excerpt":{"rendered":"<p class=\"LC20lb MBeuO DKV0Md\">Bang Beach 38000 P\u016bstu vienkartin\u0117 elektronin\u0117 cigaret\u0117 su 38ml e-lygiu, tinklelio rit\u0117, 850mAh Type-C \u012fkraunama baterija, dviej\u0173 ekran\u0173 rodymas ir pir\u0161t\u0173 atspaud\u0173 u\u017eraktas. Didel\u0117s talpos 38K vape juosta, sukurta ilgalaikiam naudojimui, vape parduotuvi\u0173 pardavimams ir konkurencingoms cigare\u010di\u0173 didmenin\u0117s kainos visoje Europoje.<\/p>\n<p><strong>Prid\u0117kite Amy's whatsapp, kad gautum\u0117te tinkam\u0105 atsakym\u0105 ir nuolaidos kain\u0105!<\/strong><\/p>\n<p><img fetchpriority=\"high\" decoding=\"async\" class=\"size-full wp-image-2932\" src=\"https:\/\/vapestornado.com\/wp-content\/uploads\/2024\/12\/Vape-Wholesale.jpg\" alt=\"Garintuvai Didmenin\u0117 prekyba\" width=\"229\" height=\"300\" \/><\/p>\n<h3><a href=\"https:\/\/wa.me\/8617776015835\"><span style=\"color: #ff0000;\"><strong>WhatsApp: +86 17776015835<\/strong><\/span><\/a><\/h3>\n<p>&nbsp;<\/p>","protected":false},"featured_media":3998,"comment_status":"open","ping_status":"closed","template":"","meta":{"_acf_changed":false,"_uag_custom_page_level_css":"","_lmt_disableupdate":"no","_lmt_disable":"","_monsterinsights_skip_tracking":false,"_monsterinsights_sitenote_active":false,"_monsterinsights_sitenote_note":"","_monsterinsights_sitenote_category":0,"site-sidebar-layout":"default","site-content-layout":"","ast-site-content-layout":"default","site-content-style":"default","site-sidebar-style":"default","ast-global-header-display":"","ast-banner-title-visibility":"","ast-main-header-display":"","ast-hfb-above-header-display":"","ast-hfb-below-header-display":"","ast-hfb-mobile-header-display":"","site-post-title":"","ast-breadcrumbs-content":"","ast-featured-img":"","footer-sml-layout":"","ast-disable-related-posts":"","theme-transparent-header-meta":"default","adv-header-id-meta":"","stick-header-meta":"","header-above-stick-meta":"","header-main-stick-meta":"","header-below-stick-meta":"","astra-migrate-meta-layouts":"set","ast-page-background-enabled":"default","ast-page-background-meta":{"desktop":{"background-color":"","background-image":"","background-repeat":"repeat","background-position":"center center","background-size":"auto","background-attachment":"scroll","background-type":"","background-media":"","overlay-type":"","overlay-color":"","overlay-opacity":"","overlay-gradient":""},"tablet":{"background-color":"","background-image":"","background-repeat":"repeat","background-position":"center center","background-size":"auto","background-attachment":"scroll","background-type":"","background-media":"","overlay-type":"","overlay-color":"","overlay-opacity":"","overlay-gradient":""},"mobile":{"background-color":"","background-image":"","background-repeat":"repeat","background-position":"center center","background-size":"auto","background-attachment":"scroll","background-type":"","background-media":"","overlay-type":"","overlay-color":"","overlay-opacity":"","overlay-gradient":""}},"ast-content-background-meta":{"desktop":{"background-color":"var(--ast-global-color-5)","background-image":"","background-repeat":"repeat","background-position":"center center","background-size":"auto","background-attachment":"scroll","background-type":"","background-media":"","overlay-type":"","overlay-color":"","overlay-opacity":"","overlay-gradient":""},"tablet":{"background-color":"var(--ast-global-color-5)","background-image":"","background-repeat":"repeat","background-position":"center center","background-size":"auto","background-attachment":"scroll","background-type":"","background-media":"","overlay-type":"","overlay-color":"","overlay-opacity":"","overlay-gradient":""},"mobile":{"background-color":"var(--ast-global-color-5)","background-image":"","background-repeat":"repeat","background-position":"center center","background-size":"auto","background-attachment":"scroll","background-type":"","background-media":"","overlay-type":"","overlay-color":"","overlay-opacity":"","overlay-gradient":""}},"_joinchat":{"telephone":"17776015835"}},"product_brand":[],"product_cat":[62,153,158,142],"product_tag":[295,297,296,491,269],"class_list":{"0":"post-3999","1":"product","2":"type-product","3":"status-publish","4":"has-post-thumbnail","6":"product_cat-bang-vape","7":"product_cat-buy-disposable-vapes-in-italy","8":"product_cat-buy-disposable-vapes-in-spain","9":"product_cat-digital-box-disposable-vapes","10":"product_tag-bang-beach-38000","11":"product_tag-fingerprint-vape","12":"product_tag-puff-bar","13":"product_tag-vape-with-digital-dispaly","14":"product_tag-vape-with-screen","15":"desktop-align-left","16":"tablet-align-left","17":"mobile-align-left","19":"first","20":"instock","21":"sale","22":"shipping-taxable","23":"purchasable","24":"product-type-simple"},"acf":[],"uagb_featured_image_src":{"full":["https:\/\/vapestornado.com\/wp-content\/uploads\/2025\/03\/Wholesale-Bang-Vape-at-Cheap-Prices.webp",800,800,false],"thumbnail":["https:\/\/vapestornado.com\/wp-content\/uploads\/2025\/03\/Wholesale-Bang-Vape-at-Cheap-Prices-150x150.webp",150,150,true],"medium":["https:\/\/vapestornado.com\/wp-content\/uploads\/2025\/03\/Wholesale-Bang-Vape-at-Cheap-Prices-300x300.webp",300,300,true],"medium_large":["https:\/\/vapestornado.com\/wp-content\/uploads\/2025\/03\/Wholesale-Bang-Vape-at-Cheap-Prices-768x768.webp",768,768,true],"large":["https:\/\/vapestornado.com\/wp-content\/uploads\/2025\/03\/Wholesale-Bang-Vape-at-Cheap-Prices.webp",800,800,false],"1536x1536":["https:\/\/vapestornado.com\/wp-content\/uploads\/2025\/03\/Wholesale-Bang-Vape-at-Cheap-Prices.webp",800,800,false],"2048x2048":["https:\/\/vapestornado.com\/wp-content\/uploads\/2025\/03\/Wholesale-Bang-Vape-at-Cheap-Prices.webp",800,800,false],"trp-custom-language-flag":["https:\/\/vapestornado.com\/wp-content\/uploads\/2025\/03\/Wholesale-Bang-Vape-at-Cheap-Prices.webp",12,12,false],"woocommerce_thumbnail":["https:\/\/vapestornado.com\/wp-content\/uploads\/2025\/03\/Wholesale-Bang-Vape-at-Cheap-Prices-300x300.webp",300,300,true],"woocommerce_single":["https:\/\/vapestornado.com\/wp-content\/uploads\/2025\/03\/Wholesale-Bang-Vape-at-Cheap-Prices-600x600.webp",600,600,true],"woocommerce_gallery_thumbnail":["https:\/\/vapestornado.com\/wp-content\/uploads\/2025\/03\/Wholesale-Bang-Vape-at-Cheap-Prices-100x100.webp",100,100,true]},"uagb_author_info":{"display_name":"ESAMY","author_link":"https:\/\/vapestornado.com\/lt\/author\/"},"uagb_comment_info":1,"uagb_excerpt":"Bang Beach 38000 Puff disposable E-cigarette with 38ml e-juice, mesh coil, 850mAh Type-C rechargeable battery, dual-screen display and fingerprint lock. High-capacity 38K vape bar designed for long use, vapor shop sales, and competitive Cigarette wholesaler prices across Europe. Add Amy's whatsapp to get right reply and discount price! WhatsApp: +86 17776015835 &nbsp;","_links":{"self":[{"href":"https:\/\/vapestornado.com\/lt\/wp-json\/wp\/v2\/product\/3999","targetHints":{"allow":["GET"]}}],"collection":[{"href":"https:\/\/vapestornado.com\/lt\/wp-json\/wp\/v2\/product"}],"about":[{"href":"https:\/\/vapestornado.com\/lt\/wp-json\/wp\/v2\/types\/product"}],"replies":[{"embeddable":true,"href":"https:\/\/vapestornado.com\/lt\/wp-json\/wp\/v2\/comments?post=3999"}],"wp:featuredmedia":[{"embeddable":true,"href":"https:\/\/vapestornado.com\/lt\/wp-json\/wp\/v2\/media\/3998"}],"wp:attachment":[{"href":"https:\/\/vapestornado.com\/lt\/wp-json\/wp\/v2\/media?parent=3999"}],"wp:term":[{"taxonomy":"product_brand","embeddable":true,"href":"https:\/\/vapestornado.com\/lt\/wp-json\/wp\/v2\/product_brand?post=3999"},{"taxonomy":"product_cat","embeddable":true,"href":"https:\/\/vapestornado.com\/lt\/wp-json\/wp\/v2\/product_cat?post=3999"},{"taxonomy":"product_tag","embeddable":true,"href":"https:\/\/vapestornado.com\/lt\/wp-json\/wp\/v2\/product_tag?post=3999"}],"curies":[{"name":"wp","href":"https:\/\/api.w.org\/{rel}","templated":true}]}}