{"id":3974,"date":"2025-03-24T07:31:30","date_gmt":"2025-03-24T07:31:30","guid":{"rendered":"https:\/\/vapestornado.com\/?post_type=product&#038;p=3974"},"modified":"2025-08-23T10:38:02","modified_gmt":"2025-08-23T10:38:02","slug":"vopk-shisha-hookah-20000-puffs-disposable-vapes-bar-best-flavor-wholesale","status":"publish","type":"product","link":"https:\/\/vapestornado.com\/lt\/product\/vopk-shisha-hookah-20000-puffs-disposable-vapes-bar-best-flavor-wholesale\/","title":{"rendered":"Vopk Shisha Hookah 20000 \u012etraukim\u0173 Vienkartiniai Garintuvai Baras Geriausias Skonis Didmenin\u0117 Prekyba"},"content":{"rendered":"<h1 data-pm-slice=\"1 1 []\">Vopk Shisha Hookah 20000 \u012etraukim\u0173 Vienkartiniai Garintuvai Baras Geriausias Skonis Didmenin\u0117 Prekyba<\/h1>\n<p data-start=\"272\" data-end=\"577\">\u0160is <strong data-start=\"276\" data-end=\"319\">Vopk Shisha Hookah 20000 \u012etraukim\u0173 Vape Baras<\/strong> yra skirtas didmenininkams ir ma\u017emenininkams, ie\u0161kantiems didel\u0117s talpos \u012frenginio, kuris patraukliai atrodyt\u0173 kaljano ir shisha entuziastams. U\u017etikrina iki <strong data-start=\"467\" data-end=\"483\">20 000 \u012fkv\u0117pim\u0173<\/strong> i\u0161 <strong data-start=\"491\" data-end=\"513\">28 ml e. skys\u010dio talpa<\/strong>, jis suteikia ilgalaik\u012f naudojim\u0105 ir puik\u0173 perpardavimo potencial\u0105.<\/p>\n<p data-start=\"579\" data-end=\"910\">Pagamintas su <strong data-start=\"592\" data-end=\"610\">0,6 \u03a9 tinklelio rit\u0117<\/strong>, \u012frenginys gamina tankius garus ir sustiprint\u0105 skon\u012f, tod\u0117l idealiai tinka <strong data-start=\"685\" data-end=\"706\">DTL garinimo stiliams<\/strong>. <strong data-start=\"712\" data-end=\"738\">skaitmeninis ekranas<\/strong> nuolat informuoja vartotojus apie baterijos veikimo laik\u0105 ir e. skys\u010dio lygius, o <strong data-start=\"811\" data-end=\"842\">850mAh \u012fkraunama baterija<\/strong> su <strong data-start=\"848\" data-end=\"867\">Type-C \u012fkrovimu<\/strong> u\u017etikrina pastovi\u0105 gali\u0105 vis\u0105 dien\u0105.<\/p>\n<p data-start=\"912\" data-end=\"1205\">\u0160is <strong data-start=\"916\" data-end=\"953\">dviej\u0173 spalv\u0173 shisha \u012fkv\u0117ptas dizainas<\/strong> suteikia Vopk 20K unikal\u0173 vaizd\u0105, kuris i\u0161siskiria parduotuv\u0117se, o platus skoni\u0173 pasirinkimas \u2013 nuo vaisi\u0173 iki ledini\u0173 \u2013 garantuoja ka\u017ek\u0105 kiekvienam klientui. Kompakti\u0161kas ir lengvai ne\u0161iojamas, tai universalus pasirinkimas kasdieniam naudojimui ar didmeninei prekybai.<\/p>\n<p data-start=\"1207\" data-end=\"1393\">Lietuvos platintojams <strong data-start=\"1238\" data-end=\"1271\">Vopk \u0160i\u0161os Kaljanas 20000 Vape<\/strong> sujungia patvarum\u0105, na\u0161um\u0105 ir <strong data-start=\"1310\" data-end=\"1343\">konkurencingos didmenin\u0117s kainos<\/strong>, tod\u0117l tai yra pelningas pasirinkimas dideliems u\u017esakymams.<\/p>\n<p data-start=\"666\" data-end=\"1235\"><strong style=\"font-size: 16px;\"><span style=\"color: #ff0000;\">Prid\u0117kite Amy WhatsApp, kad gautum\u0117te tinkam\u0105 atsakym\u0105 ir nuolaid\u0105!<\/span><\/strong><\/p>\n<p><img fetchpriority=\"high\" decoding=\"async\" class=\"size-full wp-image-2932\" src=\"https:\/\/vapestornado.com\/wp-content\/uploads\/2024\/12\/Vape-Wholesale.jpg\" alt=\"Garintuvai Didmenin\u0117 prekyba\" width=\"229\" height=\"300\" \/><\/p>\n<h3><a href=\"https:\/\/wa.me\/8617776015835\" target=\"_blank\" rel=\"noopener\"><span style=\"color: #ff0000;\"><strong>WhatsApp: +86 17776015835<\/strong><\/span><\/a><\/h3>\n<p>&nbsp;<\/p>\n<h2><strong>Vopk Shisha Hookah 20000 Vape Bar pagrindin\u0117s gaminio savyb\u0117s<\/strong><\/h2>\n<p>Prek\u0117s \u017eenklas: VOPK BAR<br \/>\n\u012ep\u016btimai: 20000 \u012fp\u016btim\u0173<br \/>\nTinka: Visiems &gt; 18 m.<br \/>\nTalpa: 28 ml<br \/>\n\u012ep\u016btimai: 20000 \u012fp\u016btim\u0173<br \/>\nBaterija: 850mAh<br \/>\nNikotinas: 0 %\/2 %\/3 %\/5 % nikotino druska<br \/>\nVar\u017ea: 1.0 om\u0173 tinklelio rit\u0117<br \/>\nSkaitmeninis ekranas, skirtas skys\u010diui ir baterijai<br \/>\nPakuot\u0117: individuali pakavimo d\u0117\u017eut\u0117<\/p>\n<h2 class=\"product-title\"><strong>Vopk Shisha Hookah 20000 vienkartini\u0173 garinimo priemoni\u0173 skoni\u0173 s\u0105ra\u0161as<\/strong><\/h2>\n<article class=\"w-full text-token-text-primary focus-visible:outline-2 focus-visible:outline-offset-[-4px]\" dir=\"auto\" data-testid=\"conversation-turn-32\" data-scroll-anchor=\"false\">\n<div class=\"m-auto text-base py-[18px] px-6\">\n<div class=\"mx-auto flex flex-1 text-base gap-4 md:gap-5 lg:gap-6 md:max-w-3xl lg:max-w-[40rem] xl:max-w-[48rem]\">\n<div class=\"group\/conversation-turn relative flex w-full min-w-0 flex-col @xs\/thread:px-0 @sm\/thread:px-1.5 @md\/thread:px-4\">\n<div class=\"flex-col gap-1 md:gap-3\">\n<div class=\"flex max-w-full flex-col flex-grow\">\n<div class=\"min-h-8 text-message flex w-full flex-col items-end gap-2 whitespace-normal break-words text-start [.text-message+&amp;]:mt-5\" dir=\"auto\" data-message-author-role=\"user\" data-message-id=\"ffac41ca-1db4-431b-873a-32c4052956f1\">\n<div class=\"flex w-full flex-col gap-1 empty:hidden items-end rtl:items-start\">\n<div class=\"relative max-w-[var(--user-chat-width,70%)] rounded-3xl bg-token-message-surface px-5 py-2.5\">\n<div class=\"absolute bottom-0 right-full top-0 -mr-3.5 hidden pr-5 pt-2 [.group\/conversation-turn:hover_&amp;]:flex\">\n<div class=\"flex\">\n<article class=\"w-full text-token-text-primary focus-visible:outline-2 focus-visible:outline-offset-[-4px]\" dir=\"auto\" data-testid=\"conversation-turn-39\" data-scroll-anchor=\"true\">\n<div class=\"m-auto text-base py-[18px] px-6\">\n<div class=\"mx-auto flex flex-1 text-base gap-4 md:gap-5 lg:gap-6 md:max-w-3xl lg:max-w-[40rem] xl:max-w-[48rem]\">\n<div class=\"group\/conversation-turn relative flex w-full min-w-0 flex-col agent-turn @xs\/thread:px-0 @sm\/thread:px-1.5 @md\/thread:px-4\">\n<div class=\"flex-col gap-1 md:gap-3\">\n<div class=\"flex max-w-full flex-col flex-grow\">\n<div class=\"min-h-8 text-message flex w-full flex-col items-end gap-2 whitespace-normal break-words text-start [.text-message+&amp;]:mt-5\" dir=\"auto\" data-message-author-role=\"assistant\" data-message-id=\"55a23854-ec57-48dd-bd4f-6118f43d6241\" data-message-model-slug=\"gpt-4o\">\n<div class=\"flex w-full flex-col gap-1 empty:hidden first:pt-[3px]\">\n<div class=\"markdown prose w-full break-words dark:prose-invert light\">\n<p>1. M\u0117lyn\u0117 su ledu<br \/>\n2. Bra\u0161k\u0117 ir kivis<br \/>\n3. Mi\u0161rios uogos<br \/>\n4. Bra\u0161ki\u0173 arb\u016bzas<br \/>\n5. Arb\u016bz\u0173 ledas<br \/>\n6. Persikas, mangas, ananasas<br \/>\n7. M\u0117lyn\u0117 ir aviet\u0117<br \/>\n8. Bra\u0161k\u0117 ir avie\u010di\u0173 saldainis<br \/>\n9.Arb\u016bz\u0173 vy\u0161ni\u0173<br \/>\n10.Juod\u0173j\u0173 serbent\u0173 ledo<\/p>\n<\/div>\n<figure id=\"attachment_3966\" aria-describedby=\"caption-attachment-3966\" style=\"width: 800px\" class=\"wp-caption alignnone\"><img decoding=\"async\" class=\"wp-image-3966 size-full\" src=\"https:\/\/vapestornado.com\/wp-content\/uploads\/2025\/03\/VOPK-Shisha-Hookah-BAR-Disposable-Vape-Wholesale.jpg\" alt=\"VOPK Shisha Hookah BAR Vienkartiniai garintuvai didmena\" width=\"800\" height=\"957\" srcset=\"https:\/\/vapestornado.com\/wp-content\/uploads\/2025\/03\/VOPK-Shisha-Hookah-BAR-Disposable-Vape-Wholesale.jpg 800w, https:\/\/vapestornado.com\/wp-content\/uploads\/2025\/03\/VOPK-Shisha-Hookah-BAR-Disposable-Vape-Wholesale-251x300.jpg 251w, https:\/\/vapestornado.com\/wp-content\/uploads\/2025\/03\/VOPK-Shisha-Hookah-BAR-Disposable-Vape-Wholesale-768x919.jpg 768w, https:\/\/vapestornado.com\/wp-content\/uploads\/2025\/03\/VOPK-Shisha-Hookah-BAR-Disposable-Vape-Wholesale-600x718.jpg 600w\" sizes=\"(max-width: 800px) 100vw, 800px\" \/><figcaption id=\"caption-attachment-3966\" class=\"wp-caption-text\">VOPK Shisha Hookah BAR Vienkartiniai garintuvai didmena<\/figcaption><\/figure>\n<\/div>\n<\/div>\n<\/div>\n<\/div>\n<\/div>\n<\/div>\n<\/div>\n<\/article>\n<\/div>\n<\/div>\n<\/div>\n<\/div>\n<\/div>\n<\/div>\n<\/div>\n<\/div>\n<\/div>\n<\/div>\n<\/article>\n<h2 data-start=\"86\" data-end=\"129\">Vopk serijos palyginimas (didmenin\u0117s prekybos vadovas)<\/h2>\n<p data-start=\"131\" data-end=\"155\"><strong data-start=\"131\" data-end=\"153\">Vopk \u0160aldytuv\u0173 Baras 9000<\/strong><\/p>\n<ul data-start=\"156\" data-end=\"462\">\n<li data-start=\"156\" data-end=\"172\">\n<p data-start=\"158\" data-end=\"172\">\u012etraukimai: 9 000<\/p>\n<\/li>\n<li data-start=\"173\" data-end=\"205\">\n<p data-start=\"175\" data-end=\"205\">Baterija: 600 mAh \u012fkraunama<\/p>\n<\/li>\n<li data-start=\"206\" data-end=\"233\">\n<p data-start=\"208\" data-end=\"233\">E. skys\u010dio talpa: 16 ml<\/p>\n<\/li>\n<li data-start=\"234\" data-end=\"258\">\n<p data-start=\"236\" data-end=\"258\">Rit\u0117s tipas: 1,0 \u03a9 tinklelis<\/p>\n<\/li>\n<li data-start=\"259\" data-end=\"322\">\n<p data-start=\"261\" data-end=\"322\">Pagrindin\u0117s savyb\u0117s: reguliuojamas oro srautas, palaiko MTL<\/p>\n<\/li>\n<li data-start=\"323\" data-end=\"395\">\n<p data-start=\"325\" data-end=\"395\">Tiksliniai klientai: lengvi kasdieniai vartotojai, bandomieji pirk\u0117jai, smulki\u0173 parduotuvi\u0173 savininkai<\/p>\n<\/li>\n<li data-start=\"396\" data-end=\"462\">\n<p data-start=\"398\" data-end=\"462\">Didmenin\u0117s prekybos rakta\u017eod\u017eiai: 9K vienkartinis vape, vape ra\u0161iklio rinkinio didmenin\u0117 prekyba<\/p>\n<\/li>\n<\/ul>\n<hr data-start=\"464\" data-end=\"467\" \/>\n<p data-start=\"469\" data-end=\"499\"><strong data-start=\"469\" data-end=\"497\">Vopk \u0160i\u0161os Kaljanas 20000<\/strong><\/p>\n<ul data-start=\"500\" data-end=\"814\">\n<li data-start=\"500\" data-end=\"517\">\n<p data-start=\"502\" data-end=\"517\">P\u016btimai: 20 000<\/p>\n<\/li>\n<li data-start=\"518\" data-end=\"550\">\n<p data-start=\"520\" data-end=\"550\">Baterija: 850mAh \u012fkraunama<\/p>\n<\/li>\n<li data-start=\"551\" data-end=\"578\">\n<p data-start=\"553\" data-end=\"578\">E-skys\u010dio talpa: 28 ml<\/p>\n<\/li>\n<li data-start=\"579\" data-end=\"603\">\n<p data-start=\"581\" data-end=\"603\">Rit\u0117s tipas: 0,6 \u03a9 tinklelis<\/p>\n<\/li>\n<li data-start=\"604\" data-end=\"680\">\n<p data-start=\"606\" data-end=\"680\">Pagrindin\u0117s savyb\u0117s: Shisha stiliaus dizainas, skaitmeninis ekranas, idealiai tinka DTL garinimui<\/p>\n<\/li>\n<li data-start=\"681\" data-end=\"746\">\n<p data-start=\"683\" data-end=\"746\">Tiksliniai klientai: Kaljano entuziastai, vidutinio dyd\u017eio vape parduotuv\u0117s<\/p>\n<\/li>\n<li data-start=\"747\" data-end=\"814\">\n<p data-start=\"749\" data-end=\"814\">Didmenin\u0117s prekybos rakta\u017eod\u017eiai: 20K shisha vape baras, kaljano stiliaus didmenin\u0117 prekyba<\/p>\n<\/li>\n<\/ul>\n<hr data-start=\"816\" data-end=\"819\" \/>\n<p data-start=\"821\" data-end=\"840\"><strong data-start=\"821\" data-end=\"838\">Vopk 60K 3in1<\/strong><\/p>\n<ul data-start=\"841\" data-end=\"1208\">\n<li data-start=\"841\" data-end=\"866\">\n<p data-start=\"843\" data-end=\"866\">P\u016btimai: 60 000 (3\u00d720K)<\/p>\n<\/li>\n<li data-start=\"867\" data-end=\"899\">\n<p data-start=\"869\" data-end=\"899\">Baterija: 950 mAh \u012fkraunama<\/p>\n<\/li>\n<li data-start=\"900\" data-end=\"948\">\n<p data-start=\"902\" data-end=\"948\">E-skys\u010dio talpa: 3 atskiri bakai (20 ml\u00d73)<\/p>\n<\/li>\n<li data-start=\"949\" data-end=\"973\">\n<p data-start=\"951\" data-end=\"973\">Rit\u0117s tipas: Dvigubas tinklelis<\/p>\n<\/li>\n<li data-start=\"974\" data-end=\"1059\">\n<p data-start=\"976\" data-end=\"1059\">Pagrindin\u0117s savyb\u0117s: 3 skoni\u0173 perjungimo sistema, skirta ilgalaikiam naudojimui<\/p>\n<\/li>\n<li data-start=\"1060\" data-end=\"1135\">\n<p data-start=\"1062\" data-end=\"1135\">Tiksliniai klientai: Intensyv\u016bs vartotojai, dideli platintojai, didel\u0117s mar\u017eos kanalai<\/p>\n<\/li>\n<li data-start=\"1136\" data-end=\"1208\">\n<p data-start=\"1138\" data-end=\"1208\">Didmenin\u0117s prekybos rakta\u017eod\u017eiai: 60K 3in1 vape didmenin\u0117 prekyba, didmenin\u0117 prekyba \u012fkraunamais vape<\/p>\n<\/li>\n<\/ul>\n<div class=\"flex-shrink-0 flex flex-col relative items-end\">\n<div class=\"pt-0\">\n<div class=\"gizmo-bot-avatar flex h-8 w-8 items-center justify-center overflow-hidden rounded-full\">\n<div class=\"relative p-1 rounded-sm flex items-center justify-center bg-token-main-surface-primary text-token-text-primary h-8 w-8\">\n<p data-start=\"559\" data-end=\"933\" data-is-last-node=\"\" data-is-only-node=\"\">Mes taip pat turime kit\u0173 populiari\u0173 vape su ekranu, pavyzd\u017eiui,<em> <a href=\"https:\/\/vapestornado.com\/lt\/product\/mesii-couple-50k-disposable-shisha-hookah-50000-puffs-vape-with-digital-display\/\">Mesii pora 50000<\/a>, <a href=\"https:\/\/vapestornado.com\/lt\/product\/vopk-ultra-40000-puffs-2-in-1-digital-screen-rechargeable-disposable-vape\/\">VOPK 40000 \u012fp\u016btim\u0173 vienkartin\u0117 elektronin\u0117 cigaret\u0117<\/a>, <a href=\"https:\/\/vapestornado.com\/lt\/product\/bang-beach-22000-20k-puff-disposable-vape-pen-with-screen-reddit-hot\/\">Bang Papl\u016bdimys 22000<\/a>,<\/em> ir daugiau.<\/p>\n<\/div>\n<div class=\"relative p-1 rounded-sm flex items-center justify-center bg-token-main-surface-primary text-token-text-primary h-8 w-8\">\n<h3>DUK<\/h3>\n<p><strong>1. Per kiek laiko priprantama prie vienkartinio garintuvo?<\/strong><br \/>\nPriklausomyb\u0117 nuo nikotino priklauso nuo toki\u0173 veiksni\u0173 kaip naudojimo da\u017enumas, nikotino stiprumas ir individuali fiziologija. Vienkartiniai garintuvai su nikotinu (pvz.,\u00a0<strong>Vopk Shisha Hookah 20000 traukim\u0173<\/strong>) gali sukelti priklausomyb\u0119, jei jie naudojami reguliariai. Nor\u0117dami suma\u017einti rizik\u0105, apsvarstykite galimyb\u0119 naudoti ma\u017eesnio nikotino kiekio (0%, 2% arba 3%) arba variantus be nikotino. Visada garinkite atsakingai.<\/p>\n<p><strong>2. Kiek laiko \u012fkrauti vienkartin\u012f veip\u0105 su 20000 d\u016b\u017ei\u0173?<\/strong><br \/>\n\u012ekraunam\u0173 vienkartini\u0173 veip\u0173, toki\u0173 kaip\u00a0<strong>Vopk Shisha Hookah 20000 traukim\u0173<\/strong>, \u012fkrovimo laikas priklauso nuo baterijos talpos. Su\u00a0<strong>850 mAh baterija<\/strong>\u00a0ir\u00a0<strong>Type-C \u012fkrovimu<\/strong>, paprastai u\u017etrunka\u00a0<strong>60-90 minu\u010di\u0173<\/strong>\u00a0visi\u0161kai \u012fkrauti. Ekranas\u00a0<strong>ekrano skaitmeniniame ekrane<\/strong>\u00a0parodys \u012fkrovimo eig\u0105, tod\u0117l \u017einosite, kada jis paruo\u0161tas.<\/p>\n<p><strong>3. Ar galiu atsive\u017eti veip\u0105 \u012f l\u0117ktuv\u0105 Lietuvoje?<\/strong><br \/>\nTaip, galite atsive\u017eti veip\u0105 \u012f l\u0117ktuv\u0105 Lietuvoje, bet jis turi b\u016bti j\u016bs\u0173\u00a0<strong>rankin\u012f baga\u017e\u0105<\/strong>baga\u017ee. Veipai yra\u00a0<strong>neleid\u017eiami registruotame baga\u017ee<\/strong>\u00a0d\u0117l saugumo reikalavim\u0173 li\u010dio jon\u0173 baterijoms. \u012esitikinkite, kad \u012frenginys yra i\u0161jungtas ir saugiai laikomas. Pasitikrinkite su savo aviakompanija d\u0117l konkre\u010di\u0173 gairi\u0173, nes kai kurios gali tur\u0117ti papildom\u0173 apribojim\u0173.<\/p>\n<p><strong>4. Kaip su\u017einoti, kada mano vienkartinis veipas yra tu\u0161\u010dias?<\/strong><br \/>\nSu\u017einosite, kad j\u016bs\u0173 vienkartinis garintuvas tu\u0161\u010dias, kai:<\/p>\n<ul>\n<li><strong>Gar\u0173 gamyba suma\u017e\u0117ja:<\/strong>\u00a0\u012ekv\u0117pdami pasteb\u0117site \u017eymiai ma\u017eiau gar\u0173.<\/li>\n<li><strong>Apdeg\u0119s skonis:<\/strong>\u00a0Apdeg\u0119s arba nemalonus skonis rodo, kad e-skystis i\u0161sek\u0119s.<\/li>\n<li><strong>N\u0117ra skonio:<\/strong>\u00a0Jei skonis suma\u017e\u0117ja arba i\u0161nyksta, tai \u017eenklas, kad kaset\u0117 tu\u0161\u010dia.<\/li>\n<li><strong>Ekrano ekranas:<\/strong>\u00a0\u012erenginiai, tokie kaip\u00a0<strong>Vopk Shisha Hookah 20000 traukim\u0173<\/strong>\u00a0turi\u00a0<strong>ekrano skaitmeniniame ekrane<\/strong>\u00a0, kuris rodo e-skys\u010dio lyg\u012f, tod\u0117l lengva steb\u0117ti, kada \u012frenginys senka.<\/li>\n<\/ul>\n<p>Kai \u012frenginys nustoja gaminti garus arba i\u0161nyksta skonis, laikas atsakingai j\u012f i\u0161mesti.<\/p>\n<\/div>\n<\/div>\n<\/div>\n<\/div>","protected":false},"excerpt":{"rendered":"<p data-start=\"1433\" data-end=\"1606\">\u0160is <strong data-start=\"1437\" data-end=\"1480\">Vopk Shisha Hookah 20000 \u012etraukim\u0173 Vape Baras<\/strong> u\u017etikrina DTL garus, 28 ml e. skys\u010dio ir skaitmenin\u012f ekran\u0105. Stilingas, \u012fkraunamas pasirinkimas <strong data-start=\"1573\" data-end=\"1603\">didmeniniams pirk\u0117jams Europoje<\/strong>.<\/p>\n<p><strong>Prid\u0117kite Amy's whatsapp, kad gautum\u0117te tinkam\u0105 atsakym\u0105 ir nuolaidos kain\u0105!<\/strong><\/p>\n<p><img fetchpriority=\"high\" decoding=\"async\" class=\"size-full wp-image-2932\" src=\"https:\/\/vapestornado.com\/wp-content\/uploads\/2024\/12\/Vape-Wholesale.jpg\" alt=\"Garintuvai Didmenin\u0117 prekyba\" width=\"229\" height=\"300\" \/><\/p>\n<h3><a href=\"https:\/\/wa.me\/8617776015835\"><span style=\"color: #ff0000;\"><strong>WhatsApp: +86 17776015835<\/strong><\/span><\/a><\/h3>\n<p>&nbsp;<\/p>","protected":false},"featured_media":3965,"comment_status":"open","ping_status":"closed","template":"","meta":{"_acf_changed":false,"_uag_custom_page_level_css":"","_lmt_disableupdate":"no","_lmt_disable":"","_monsterinsights_skip_tracking":false,"_monsterinsights_sitenote_active":false,"_monsterinsights_sitenote_note":"","_monsterinsights_sitenote_category":0,"site-sidebar-layout":"default","site-content-layout":"","ast-site-content-layout":"default","site-content-style":"default","site-sidebar-style":"default","ast-global-header-display":"","ast-banner-title-visibility":"","ast-main-header-display":"","ast-hfb-above-header-display":"","ast-hfb-below-header-display":"","ast-hfb-mobile-header-display":"","site-post-title":"","ast-breadcrumbs-content":"","ast-featured-img":"","footer-sml-layout":"","ast-disable-related-posts":"","theme-transparent-header-meta":"default","adv-header-id-meta":"","stick-header-meta":"","header-above-stick-meta":"","header-main-stick-meta":"","header-below-stick-meta":"","astra-migrate-meta-layouts":"set","ast-page-background-enabled":"default","ast-page-background-meta":{"desktop":{"background-color":"","background-image":"","background-repeat":"repeat","background-position":"center center","background-size":"auto","background-attachment":"scroll","background-type":"","background-media":"","overlay-type":"","overlay-color":"","overlay-opacity":"","overlay-gradient":""},"tablet":{"background-color":"","background-image":"","background-repeat":"repeat","background-position":"center center","background-size":"auto","background-attachment":"scroll","background-type":"","background-media":"","overlay-type":"","overlay-color":"","overlay-opacity":"","overlay-gradient":""},"mobile":{"background-color":"","background-image":"","background-repeat":"repeat","background-position":"center center","background-size":"auto","background-attachment":"scroll","background-type":"","background-media":"","overlay-type":"","overlay-color":"","overlay-opacity":"","overlay-gradient":""}},"ast-content-background-meta":{"desktop":{"background-color":"var(--ast-global-color-5)","background-image":"","background-repeat":"repeat","background-position":"center center","background-size":"auto","background-attachment":"scroll","background-type":"","background-media":"","overlay-type":"","overlay-color":"","overlay-opacity":"","overlay-gradient":""},"tablet":{"background-color":"var(--ast-global-color-5)","background-image":"","background-repeat":"repeat","background-position":"center center","background-size":"auto","background-attachment":"scroll","background-type":"","background-media":"","overlay-type":"","overlay-color":"","overlay-opacity":"","overlay-gradient":""},"mobile":{"background-color":"var(--ast-global-color-5)","background-image":"","background-repeat":"repeat","background-position":"center center","background-size":"auto","background-attachment":"scroll","background-type":"","background-media":"","overlay-type":"","overlay-color":"","overlay-opacity":"","overlay-gradient":""}},"_joinchat":{"telephone":"17776015835"}},"product_brand":[],"product_cat":[69,152,158,142,147,290],"product_tag":[165,291,287,94,292],"class_list":{"0":"post-3974","1":"product","2":"type-product","3":"status-publish","4":"has-post-thumbnail","6":"product_cat-20000-puff","7":"product_cat-buy-disposable-vapes-in-cermany","8":"product_cat-buy-disposable-vapes-in-spain","9":"product_cat-digital-box-disposable-vapes","10":"product_cat-shisha-hookah-disposable-vapes","11":"product_cat-vopk-vape","12":"product_tag-cheap-vapes","13":"product_tag-disposable-shisha-hookah","14":"product_tag-disposable-vape-pen","15":"product_tag-rechargeable-disposable-vape","16":"product_tag-vopk-shisha-bar-20000","17":"desktop-align-left","18":"tablet-align-left","19":"mobile-align-left","21":"first","22":"instock","23":"sale","24":"shipping-taxable","25":"purchasable","26":"product-type-simple"},"acf":[],"uagb_featured_image_src":{"full":["https:\/\/vapestornado.com\/wp-content\/uploads\/2025\/03\/VOPK-Shisha-Hookah-Bar-20000-Puffs.png",800,800,false],"thumbnail":["https:\/\/vapestornado.com\/wp-content\/uploads\/2025\/03\/VOPK-Shisha-Hookah-Bar-20000-Puffs-150x150.png",150,150,true],"medium":["https:\/\/vapestornado.com\/wp-content\/uploads\/2025\/03\/VOPK-Shisha-Hookah-Bar-20000-Puffs-300x300.png",300,300,true],"medium_large":["https:\/\/vapestornado.com\/wp-content\/uploads\/2025\/03\/VOPK-Shisha-Hookah-Bar-20000-Puffs-768x768.png",768,768,true],"large":["https:\/\/vapestornado.com\/wp-content\/uploads\/2025\/03\/VOPK-Shisha-Hookah-Bar-20000-Puffs.png",800,800,false],"1536x1536":["https:\/\/vapestornado.com\/wp-content\/uploads\/2025\/03\/VOPK-Shisha-Hookah-Bar-20000-Puffs.png",800,800,false],"2048x2048":["https:\/\/vapestornado.com\/wp-content\/uploads\/2025\/03\/VOPK-Shisha-Hookah-Bar-20000-Puffs.png",800,800,false],"trp-custom-language-flag":["https:\/\/vapestornado.com\/wp-content\/uploads\/2025\/03\/VOPK-Shisha-Hookah-Bar-20000-Puffs.png",12,12,false],"woocommerce_thumbnail":["https:\/\/vapestornado.com\/wp-content\/uploads\/2025\/03\/VOPK-Shisha-Hookah-Bar-20000-Puffs-300x300.png",300,300,true],"woocommerce_single":["https:\/\/vapestornado.com\/wp-content\/uploads\/2025\/03\/VOPK-Shisha-Hookah-Bar-20000-Puffs-600x600.png",600,600,true],"woocommerce_gallery_thumbnail":["https:\/\/vapestornado.com\/wp-content\/uploads\/2025\/03\/VOPK-Shisha-Hookah-Bar-20000-Puffs-100x100.png",100,100,true]},"uagb_author_info":{"display_name":"ESAMY","author_link":"https:\/\/vapestornado.com\/lt\/author\/"},"uagb_comment_info":0,"uagb_excerpt":"The Vopk Shisha Hookah 20000 Puffs Vape Bar delivers DTL vapor, 28ml e-liquid, and a digital screen. A stylish, rechargeable option for wholesale buyers in Europe. Add Amy's whatsapp to get right reply and discount price! WhatsApp: +86 17776015835 &nbsp;","_links":{"self":[{"href":"https:\/\/vapestornado.com\/lt\/wp-json\/wp\/v2\/product\/3974","targetHints":{"allow":["GET"]}}],"collection":[{"href":"https:\/\/vapestornado.com\/lt\/wp-json\/wp\/v2\/product"}],"about":[{"href":"https:\/\/vapestornado.com\/lt\/wp-json\/wp\/v2\/types\/product"}],"replies":[{"embeddable":true,"href":"https:\/\/vapestornado.com\/lt\/wp-json\/wp\/v2\/comments?post=3974"}],"wp:featuredmedia":[{"embeddable":true,"href":"https:\/\/vapestornado.com\/lt\/wp-json\/wp\/v2\/media\/3965"}],"wp:attachment":[{"href":"https:\/\/vapestornado.com\/lt\/wp-json\/wp\/v2\/media?parent=3974"}],"wp:term":[{"taxonomy":"product_brand","embeddable":true,"href":"https:\/\/vapestornado.com\/lt\/wp-json\/wp\/v2\/product_brand?post=3974"},{"taxonomy":"product_cat","embeddable":true,"href":"https:\/\/vapestornado.com\/lt\/wp-json\/wp\/v2\/product_cat?post=3974"},{"taxonomy":"product_tag","embeddable":true,"href":"https:\/\/vapestornado.com\/lt\/wp-json\/wp\/v2\/product_tag?post=3974"}],"curies":[{"name":"wp","href":"https:\/\/api.w.org\/{rel}","templated":true}]}}