{"id":3973,"date":"2025-03-24T07:11:24","date_gmt":"2025-03-24T07:11:24","guid":{"rendered":"https:\/\/vapestornado.com\/?post_type=product&#038;p=3973"},"modified":"2025-12-08T09:05:30","modified_gmt":"2025-12-08T09:05:30","slug":"vopk-cool-9000-puffs-disposable-vapes-bar-puff-9k","status":"publish","type":"product","link":"https:\/\/vapestornado.com\/lt\/product\/vopk-cool-9000-puffs-disposable-vapes-bar-puff-9k\/","title":{"rendered":"Vopk Cool 9000 \u012ftraukim\u0173 vienkartiniai garintuvai Bar Puff 9K"},"content":{"rendered":"<h1 data-pm-slice=\"1 1 []\">Vopk Cool Bar 9000 \u012fkv\u0117pim\u0173 vienkartini\u0173 garintuv\u0173 rinkinys Puff 9K<\/h1>\n<p data-start=\"1124\" data-end=\"1326\"><strong data-start=\"105\" data-end=\"127\">Vopk \u0160aldytuv\u0173 Baras 9000<\/strong> yra kompakti\u0161kas vienkartinis \u012frenginys, sukurtas ilgalaikiam kasdieniam naudojimui, nesijau\u010diant\u012f dideliu ki\u0161en\u0117je. Jis suteikia <strong data-start=\"226\" data-end=\"247\">iki 9 000 \u012fkv\u0117pim\u0173<\/strong> i\u0161 <strong data-start=\"255\" data-end=\"279\">16 ml i\u0161 anksto u\u017epildyto bakelio<\/strong>, kur\u012f palaiko <strong data-start=\"293\" data-end=\"311\">1.0\u03a9 tinklelio rit\u0117<\/strong> nuosekliai skoniui ir <strong data-start=\"337\" data-end=\"368\">\u012fkraunama Type-C baterija<\/strong> kad \u012frenginys veikt\u0173 tiek ilgai, kiek yra skys\u010dio. Reguliuojamas oro srautas suteikia tikr\u0105 kontrol\u0119 perkv\u0117pimo stiliui, nuo grie\u017eto MTL iki atviresnio DTL \u012fkv\u0117pimo.<\/p>\n<h3 data-start=\"727\" data-end=\"789\">Kas daro VOPK Cool Bar 9000 tinkamu jums<\/h3>\n<ul data-start=\"791\" data-end=\"1646\">\n<li data-start=\"791\" data-end=\"982\">\n<p data-start=\"793\" data-end=\"982\"><strong data-start=\"793\" data-end=\"830\">Talpa, atitinkanti tikruosius \u012fpro\u010dius.<\/strong> 9 000 \u012fkv\u0117pim\u0173 ir 16 ml e-skys\u010dio pakanka suma\u017einti keitimo da\u017enum\u0105 reguliariems vartotojams, tuo pa\u010diu i\u0161laikant \u012frengin\u012f lengv\u0105 ir patog\u0173 ne\u0161iotis.<\/p>\n<\/li>\n<li data-start=\"984\" data-end=\"1144\">\n<p data-start=\"986\" data-end=\"1144\"><strong data-start=\"986\" data-end=\"1025\">Tinklelio rit\u0117s na\u0161um\u0105 galite jausti.<\/strong> \u0160is <strong data-start=\"1030\" data-end=\"1048\">1.0\u03a9 tinklelio rit\u0117<\/strong> lygiai \u012fkaista ir i\u0161vengia a\u0161traus, netolygaus skonio, kur\u012f kai kurie ma\u017ei vienkartiniai \u012frenginiai i\u0161vysto po intensyvaus naudojimo.<\/p>\n<\/li>\n<li data-start=\"1146\" data-end=\"1347\">\n<p data-start=\"1148\" data-end=\"1347\"><strong data-start=\"1148\" data-end=\"1182\">Oro srauto reguliavim\u0105, kur\u012f galite tikrai sureguliuoti.<\/strong> Reguliuojamas oro srautas rei\u0161kia, kad j\u016bs nusprend\u017eiate, kaip elgsis \u012frenginys: grie\u017etesnis \u012fkv\u0117pimas MTL, kaip cigaret\u0117s stiliaus, arba laisvesnis \u012fkv\u0117pimas daugiau gar\u0173. Vienas \u012frenginys apima abu \u012fpro\u010dius.<\/p>\n<\/li>\n<li data-start=\"1349\" data-end=\"1520\">\n<p data-start=\"1351\" data-end=\"1520\"><strong data-start=\"1351\" data-end=\"1393\">\u012ekraunamas, kad pilnai i\u0161naudotum\u0117te bakel\u012f.<\/strong> \u0160is <strong data-start=\"1398\" data-end=\"1416\">600mAh baterija<\/strong> plius <strong data-start=\"1422\" data-end=\"1446\">C tipo greit\u0105j\u012f \u012fkrovim\u0105<\/strong> suma\u017eina prastovos laik\u0105 ir apsaugo nuo \u012fprastos problemos \u201ebaterija i\u0161sikrauna pirmiausia\u201c.<\/p>\n<\/li>\n<li data-start=\"1522\" data-end=\"1646\">\n<p data-start=\"1524\" data-end=\"1646\"><strong data-start=\"1524\" data-end=\"1553\">Sukurtas kasdieniam ne\u0161iojimui.<\/strong> Kompakti\u0161kas dydis, \u0161varus dizainas ir nereikalaujantis jokios nustatymo \u2014 i\u0161imkite, \u012fkv\u0117pkite, \u012fkraukite, kai reikia.<\/p>\n<\/li>\n<\/ul>\n<p data-start=\"666\" data-end=\"1235\"><strong style=\"font-size: 16px;\"><span style=\"color: #ff0000;\">Prid\u0117kite Amy WhatsApp, kad gautum\u0117te tinkam\u0105 atsakym\u0105 ir nuolaid\u0105!<\/span><\/strong><\/p>\n<p><img fetchpriority=\"high\" decoding=\"async\" class=\"size-full wp-image-2932\" src=\"https:\/\/vapestornado.com\/wp-content\/uploads\/2024\/12\/Vape-Wholesale.jpg\" alt=\"Garintuvai Didmenin\u0117 prekyba\" width=\"229\" height=\"300\" \/><\/p>\n<h3><a href=\"https:\/\/wa.me\/8617776015835\" target=\"_blank\" rel=\"noopener\"><span style=\"color: #ff0000;\"><strong>WhatsApp: +86 17776015835<\/strong><\/span><\/a><\/h3>\n<p>&nbsp;<\/p>\n<h2><strong>Vopk Cool Bar 9000 Vape Pen Pagrindin\u0117s produkto savyb\u0117s<\/strong><\/h2>\n<table>\n<thead>\n<tr>\n<th>Funkcija<\/th>\n<th>Specifikacija<\/th>\n<th>Detal\u0117s<\/th>\n<\/tr>\n<\/thead>\n<tbody>\n<tr>\n<td>Prek\u0117s \u017eenklas<\/td>\n<td>VOPK Vape<\/td>\n<td>Dalis \u0161aunaus Bar linijos, skirtos dideliam paklausos ES vienkartiniam rinkos segmentui.<\/td>\n<\/tr>\n<tr>\n<td>\u012ep\u016btim\u0173 talpa<\/td>\n<td>Iki 9000 \u012fkv\u0117pim\u0173<\/td>\n<td>Pakankamai ilgas naudoti kelioms dienoms ar savait\u0117ms, priklausomai nuo tempo.<\/td>\n<\/tr>\n<tr>\n<td>E-skys\u010dio talpa<\/td>\n<td>16 ml i\u0161 anksto u\u017epildyta<\/td>\n<td>Didelis dydis; palaiko ilgalaikes sesijas be papildym\u0173.<\/td>\n<\/tr>\n<tr>\n<td>Rit\u0117<\/td>\n<td>1.0\u03a9 Tinklelio rit\u0117<\/td>\n<td>Vienodas \u0161ilumos paskirstymas sklandesniam garui ir stabiliau skoniui.<\/td>\n<\/tr>\n<tr>\n<td>Oras srautas<\/td>\n<td>Reguliuojamas<\/td>\n<td>Perjunkite tarp tikslesnio MTL ir laisvesnio DTL \u012fkv\u0117pimo.<\/td>\n<\/tr>\n<tr>\n<td>Baterija<\/td>\n<td>600mAh \u012fkraunamas<\/td>\n<td>Patikimas kasdienis na\u0161umas; \u012fkraukite vietoj to, kad i\u0161meskite anksti.<\/td>\n<\/tr>\n<tr>\n<td>\u012ekrovimas<\/td>\n<td>Type-C greitas \u012fkrovimas<\/td>\n<td>Greiti papildymai su moderniais, pla\u010diai naudojamais ES kabeliais.<\/td>\n<\/tr>\n<\/tbody>\n<\/table>\n<h2 class=\"product-title\"><strong>Vopk Cool Bar 9000 Vienkartini\u0173 ra\u0161ikli\u0173 skoni\u0173 s\u0105ra\u0161as<\/strong><\/h2>\n<article class=\"w-full text-token-text-primary focus-visible:outline-2 focus-visible:outline-offset-[-4px]\" dir=\"auto\" data-testid=\"conversation-turn-32\" data-scroll-anchor=\"false\">\n<div class=\"m-auto text-base py-[18px] px-6\">\n<div class=\"mx-auto flex flex-1 text-base gap-4 md:gap-5 lg:gap-6 md:max-w-3xl lg:max-w-[40rem] xl:max-w-[48rem]\">\n<div class=\"group\/conversation-turn relative flex w-full min-w-0 flex-col @xs\/thread:px-0 @sm\/thread:px-1.5 @md\/thread:px-4\">\n<div class=\"flex-col gap-1 md:gap-3\">\n<div class=\"flex max-w-full flex-col flex-grow\">\n<div class=\"min-h-8 text-message flex w-full flex-col items-end gap-2 whitespace-normal break-words text-start [.text-message+&amp;]:mt-5\" dir=\"auto\" data-message-author-role=\"user\" data-message-id=\"ffac41ca-1db4-431b-873a-32c4052956f1\">\n<div class=\"flex w-full flex-col gap-1 empty:hidden items-end rtl:items-start\">\n<div class=\"relative max-w-[var(--user-chat-width,70%)] rounded-3xl bg-token-message-surface px-5 py-2.5\">\n<div class=\"absolute bottom-0 right-full top-0 -mr-3.5 hidden pr-5 pt-2 [.group\/conversation-turn:hover_&amp;]:flex\">\n<div class=\"flex\">\n<article class=\"w-full text-token-text-primary focus-visible:outline-2 focus-visible:outline-offset-[-4px]\" dir=\"auto\" data-testid=\"conversation-turn-39\" data-scroll-anchor=\"true\">\n<div class=\"m-auto text-base py-[18px] px-6\">\n<div class=\"mx-auto flex flex-1 text-base gap-4 md:gap-5 lg:gap-6 md:max-w-3xl lg:max-w-[40rem] xl:max-w-[48rem]\">\n<div class=\"group\/conversation-turn relative flex w-full min-w-0 flex-col agent-turn @xs\/thread:px-0 @sm\/thread:px-1.5 @md\/thread:px-4\">\n<div class=\"flex-col gap-1 md:gap-3\">\n<div class=\"flex max-w-full flex-col flex-grow\">\n<div class=\"min-h-8 text-message flex w-full flex-col items-end gap-2 whitespace-normal break-words text-start [.text-message+&amp;]:mt-5\" dir=\"auto\" data-message-author-role=\"assistant\" data-message-id=\"55a23854-ec57-48dd-bd4f-6118f43d6241\" data-message-model-slug=\"gpt-4o\">\n<div class=\"flex w-full flex-col gap-1 empty:hidden first:pt-[3px]\">\n<div class=\"markdown prose w-full break-words dark:prose-invert light\">\n<p>1.Persik\u0173 ledas<br \/>\n2.Dvigubas m\u0117t\u0173<br \/>\n3.Putojantis citrina<br \/>\n4.Vynuogi\u0173 alavijas<br \/>\n5.Vynuogi\u0173 li\u010diai<br \/>\n6. Cola Ice<br \/>\n7. Apelsin\u0173 r\u016bg\u0161tumas<br \/>\n8. Mi\u0161rios uogos<br \/>\n9. Red Bull ledas<br \/>\n10. Arb\u016bz\u0173 ledas<\/p>\n<figure id=\"attachment_3967\" aria-describedby=\"caption-attachment-3967\" style=\"width: 800px\" class=\"wp-caption alignnone\"><img decoding=\"async\" class=\"wp-image-3967 size-full\" src=\"https:\/\/vapestornado.com\/wp-content\/uploads\/2025\/03\/VOPK-9K-9000-Puff-Disposable-Vape-Pen-Kit.webp\" alt=\"VOPK 9K 9000 \u012ftraukim\u0173 vienkartinis garinimo prietaiso rinkinys\" width=\"800\" height=\"800\" srcset=\"https:\/\/vapestornado.com\/wp-content\/uploads\/2025\/03\/VOPK-9K-9000-Puff-Disposable-Vape-Pen-Kit.webp 800w, https:\/\/vapestornado.com\/wp-content\/uploads\/2025\/03\/VOPK-9K-9000-Puff-Disposable-Vape-Pen-Kit-300x300.webp 300w, https:\/\/vapestornado.com\/wp-content\/uploads\/2025\/03\/VOPK-9K-9000-Puff-Disposable-Vape-Pen-Kit-150x150.webp 150w, https:\/\/vapestornado.com\/wp-content\/uploads\/2025\/03\/VOPK-9K-9000-Puff-Disposable-Vape-Pen-Kit-768x768.webp 768w, https:\/\/vapestornado.com\/wp-content\/uploads\/2025\/03\/VOPK-9K-9000-Puff-Disposable-Vape-Pen-Kit-600x600.webp 600w, https:\/\/vapestornado.com\/wp-content\/uploads\/2025\/03\/VOPK-9K-9000-Puff-Disposable-Vape-Pen-Kit-100x100.webp 100w\" sizes=\"(max-width: 800px) 100vw, 800px\" \/><figcaption id=\"caption-attachment-3967\" class=\"wp-caption-text\">VOPK 9K 9000 \u012ftraukim\u0173 vienkartinis garinimo prietaiso rinkinys<\/figcaption><\/figure>\n<\/div>\n<\/div>\n<\/div>\n<\/div>\n<\/div>\n<\/div>\n<\/div>\n<\/div>\n<\/article>\n<\/div>\n<\/div>\n<\/div>\n<\/div>\n<\/div>\n<\/div>\n<\/div>\n<\/div>\n<\/div>\n<\/div>\n<\/article>\n<h3>Kod\u0117l verta rinktis Vapestornado norint \u012fsigyti Vopk Cool Bar 9000?<\/h3>\n<div class=\"flex-shrink-0 flex flex-col relative items-end\">\n<div class=\"pt-0\">\n<div class=\"gizmo-bot-avatar flex h-8 w-8 items-center justify-center overflow-hidden rounded-full\">\n<div class=\"relative p-1 rounded-sm flex items-center justify-center bg-token-main-surface-primary text-token-text-primary h-8 w-8\">\n<p data-start=\"88\" data-end=\"557\">Kai kalbama apie <strong data-start=\"105\" data-end=\"154\">\u00a0auk\u0161tos kokyb\u0117s vienkartini\u0173 elektronini\u0173 cigare\u010di\u0173 \u012fsigijimas<\/strong>, <strong data-start=\"156\" data-end=\"172\">Vapestornado<\/strong> yra neprilygstamo \u0161altinis <strong data-start=\"208\" data-end=\"271\">gamyklos kainos, greitas pristatymas ir auk\u0161\u010diausios kokyb\u0117s klient\u0173 aptarnavimas<\/strong>. \u012esigydami Vopk Cool Bar 9000 i\u0161 Vapestornado, j\u016bs gaunate <strong data-start=\"363\" data-end=\"400\">autenti\u0161kus, 100% originalius produktus<\/strong> su naujausia<strong data-start=\"417\" data-end=\"515\"> \u012fkraunam\u0105 Type-C patogum\u0105 ir 9000 \u012ftraukim\u0173 talp\u0105<\/strong>\u2014visa tai u\u017e <strong data-start=\"527\" data-end=\"554\">ma\u017eiausias didmenines kainas<\/strong>.<\/p>\n<p data-start=\"559\" data-end=\"933\" data-is-last-node=\"\" data-is-only-node=\"\">Mes taip pat turime kit\u0173 populiari\u0173 vape su ekranu, pavyzd\u017eiui, <a href=\"https:\/\/vapestornado.com\/lt\/product\/mesii-couple-50k-disposable-shisha-hookah-50000-puffs-vape-with-digital-display\/\">Mesii pora 50000<\/a>, <a href=\"https:\/\/vapestornado.com\/lt\/product\/vopk-ultra-40000-puffs-2-in-1-digital-screen-rechargeable-disposable-vape\/\">VOPK 40000 \u012fp\u016btim\u0173 vienkartin\u0117 elektronin\u0117 cigaret\u0117<\/a>, <a href=\"https:\/\/vapestornado.com\/lt\/product\/bang-beach-22000-20k-puff-disposable-vape-pen-with-screen-reddit-hot\/\">Bang Papl\u016bdimys 22000<\/a>, ir daugiau.<\/p>\n<\/div>\n<div class=\"relative p-1 rounded-sm flex items-center justify-center bg-token-main-surface-primary text-token-text-primary h-8 w-8\">\n<h3>DUK<\/h3>\n<ol data-start=\"2395\" data-end=\"3557\">\n<li data-start=\"2395\" data-end=\"2643\">\n<p data-start=\"2398\" data-end=\"2643\"><strong data-start=\"2398\" data-end=\"2504\">Kaip Bang Vopk Cool Bar 9000 tinklelis rit\u0117s vienkartinis vape i\u0161laiko skon\u012f stabil\u0173 per 9000 \u012fkv\u0117pim\u0173?<\/strong><br data-start=\"2504\" data-end=\"2507\" \/>\u0160is <strong data-start=\"2511\" data-end=\"2529\">1.0\u03a9 tinklelio rit\u0117<\/strong> skleid\u017eia \u0161ilum\u0105 tolygiau nei standartin\u0117s vielos rit\u0117s, suma\u017eindama a\u0161trum\u0105 ir l\u0117tindama skonio praradim\u0105 ilgai naudojant.<\/p>\n<\/li>\n<li data-start=\"2645\" data-end=\"2867\">\n<p data-start=\"2648\" data-end=\"2867\"><strong data-start=\"2648\" data-end=\"2743\">Ar Bang Vopk Cool Bar 9000 reguliuojamas oro srautas yra naudingas perjungiant tarp MTL ir DTL?<\/strong><br data-start=\"2743\" data-end=\"2746\" \/>Taip. Tikslesnis oro srautas suteikia cigaret\u0117s stiliaus MTL \u012fkv\u0117pim\u0105, o atidarius j\u012f, palaiko laisvesn\u012f DTL \u012fkv\u0117pim\u0105 su daugiau garo.<\/p>\n<\/li>\n<li data-start=\"2869\" data-end=\"3098\">\n<p data-start=\"2872\" data-end=\"3098\"><strong data-start=\"2872\" data-end=\"2964\">Ar Bang Vopk Cool Bar 9K Type-C \u012fkraunamas vienkartinis \u012frenginys u\u017ebaigs vis\u0105 16 ml talp\u0105?<\/strong><br data-start=\"2964\" data-end=\"2967\" \/>\u012ekrovimo funkcija yra b\u016btent tam sukurta. Jei energija i\u0161sikrauna anks\u010diau nei skystis, greitas Type-C papildymas leid\u017eia t\u0119sti naudojim\u0105.<\/p>\n<\/li>\n<li data-start=\"3100\" data-end=\"3315\">\n<p data-start=\"3103\" data-end=\"3315\"><strong data-start=\"3103\" data-end=\"3188\">Kokio tipo garo i\u0161metim\u0105 suteikia Bang Vopk Cool Bar 9000 \u012fkv\u0117pimo ra\u0161iklis?<\/strong><br data-start=\"3188\" data-end=\"3191\" \/>Laukiama sklandaus, nuoseklaus garo srauto. Atidarius oro sraut\u0105, garo tankis did\u0117ja, nesukeldamas \u0161iurk\u0161tumo \u012fkv\u0117pimo metu.<\/p>\n<\/li>\n<li data-start=\"3317\" data-end=\"3557\">\n<p data-start=\"3320\" data-end=\"3557\"><strong data-start=\"3320\" data-end=\"3422\">Ar Bang Vopk Cool Bar 9000 kompakti\u0161kas vienkartinis vape yra tinkamas kasdieniam ne\u0161iojimui ir lauko naudojimui?<\/strong><br data-start=\"3422\" data-end=\"3425\" \/>Jis sukurtas patogumui: plonas korpusas, be nustatym\u0173 ir pakankamai talpos ilgiems dienoms be nam\u0173, taip pat greitas \u012fkrovimas, kai reikia.<\/p>\n<\/li>\n<\/ol>\n<p>&nbsp;<\/p>\n<\/div>\n<\/div>\n<\/div>\n<\/div>","protected":false},"excerpt":{"rendered":"<p class=\"LC20lb MBeuO DKV0Md\"><strong data-start=\"1370\" data-end=\"1398\">Vopk Cool Bar 9000 \u012fkv\u0117pim\u0173<\/strong> yra ki\u0161en\u0117je draugi\u0161kas 9 000 \u012fkv\u0117pim\u0173 vienkartinis \u012frenginys su 16 ml bakeliu, tinklelio rit\u0117s nuoseklumu, reguliuojamu oro srautu ir Type-C \u012fkrovimu, u\u017etikrinan\u010diu numatom\u0105 visos dienos \u012fkv\u0117pim\u0105. Populiarus pasirinkimas <strong data-start=\"1503\" data-end=\"1533\">didmeniniams pirk\u0117jams Europoje<\/strong>.<\/p>\n<p><strong>Prid\u0117kite Amy's whatsapp, kad gautum\u0117te tinkam\u0105 atsakym\u0105 ir nuolaidos kain\u0105!<\/strong><\/p>\n<p><img fetchpriority=\"high\" decoding=\"async\" class=\"size-full wp-image-2932\" src=\"https:\/\/vapestornado.com\/wp-content\/uploads\/2024\/12\/Vape-Wholesale.jpg\" alt=\"Garintuvai Didmenin\u0117 prekyba\" width=\"229\" height=\"300\" \/><\/p>\n<h3><a href=\"https:\/\/wa.me\/8617776015835\"><span style=\"color: #ff0000;\"><strong>WhatsApp: +86 17776015835<\/strong><\/span><\/a><\/h3>\n<p>&nbsp;<\/p>","protected":false},"featured_media":3969,"comment_status":"open","ping_status":"closed","template":"","meta":{"_acf_changed":false,"_uag_custom_page_level_css":"","_lmt_disableupdate":"no","_lmt_disable":"","_monsterinsights_skip_tracking":false,"_monsterinsights_sitenote_active":false,"_monsterinsights_sitenote_note":"","_monsterinsights_sitenote_category":0,"site-sidebar-layout":"default","site-content-layout":"","ast-site-content-layout":"default","site-content-style":"default","site-sidebar-style":"default","ast-global-header-display":"","ast-banner-title-visibility":"","ast-main-header-display":"","ast-hfb-above-header-display":"","ast-hfb-below-header-display":"","ast-hfb-mobile-header-display":"","site-post-title":"","ast-breadcrumbs-content":"","ast-featured-img":"","footer-sml-layout":"","ast-disable-related-posts":"","theme-transparent-header-meta":"default","adv-header-id-meta":"","stick-header-meta":"","header-above-stick-meta":"","header-main-stick-meta":"","header-below-stick-meta":"","astra-migrate-meta-layouts":"set","ast-page-background-enabled":"default","ast-page-background-meta":{"desktop":{"background-color":"","background-image":"","background-repeat":"repeat","background-position":"center center","background-size":"auto","background-attachment":"scroll","background-type":"","background-media":"","overlay-type":"","overlay-color":"","overlay-opacity":"","overlay-gradient":""},"tablet":{"background-color":"","background-image":"","background-repeat":"repeat","background-position":"center center","background-size":"auto","background-attachment":"scroll","background-type":"","background-media":"","overlay-type":"","overlay-color":"","overlay-opacity":"","overlay-gradient":""},"mobile":{"background-color":"","background-image":"","background-repeat":"repeat","background-position":"center center","background-size":"auto","background-attachment":"scroll","background-type":"","background-media":"","overlay-type":"","overlay-color":"","overlay-opacity":"","overlay-gradient":""}},"ast-content-background-meta":{"desktop":{"background-color":"var(--ast-global-color-5)","background-image":"","background-repeat":"repeat","background-position":"center center","background-size":"auto","background-attachment":"scroll","background-type":"","background-media":"","overlay-type":"","overlay-color":"","overlay-opacity":"","overlay-gradient":""},"tablet":{"background-color":"var(--ast-global-color-5)","background-image":"","background-repeat":"repeat","background-position":"center center","background-size":"auto","background-attachment":"scroll","background-type":"","background-media":"","overlay-type":"","overlay-color":"","overlay-opacity":"","overlay-gradient":""},"mobile":{"background-color":"var(--ast-global-color-5)","background-image":"","background-repeat":"repeat","background-position":"center center","background-size":"auto","background-attachment":"scroll","background-type":"","background-media":"","overlay-type":"","overlay-color":"","overlay-opacity":"","overlay-gradient":""}},"_joinchat":{"telephone":"17776015835"}},"product_brand":[],"product_cat":[73,152,144,146,290],"product_tag":[165,287,483,94,289,288],"class_list":{"0":"post-3973","1":"product","2":"type-product","3":"status-publish","4":"has-post-thumbnail","6":"product_cat-9000-puff","7":"product_cat-buy-disposable-vapes-in-cermany","8":"product_cat-low-nicotine-disposable-vapes","9":"product_cat-rechargeable-disposable-vapes","10":"product_cat-vopk-vape","11":"product_tag-cheap-vapes","12":"product_tag-disposable-vape-pen","13":"product_tag-mini-disposable-vape","14":"product_tag-rechargeable-disposable-vape","15":"product_tag-vopk-9000-disposable-bar","16":"product_tag-vopk-cool-bar-9000","17":"desktop-align-left","18":"tablet-align-left","19":"mobile-align-left","21":"first","22":"instock","23":"sale","24":"shipping-taxable","25":"purchasable","26":"product-type-simple"},"acf":[],"uagb_featured_image_src":{"full":["https:\/\/vapestornado.com\/wp-content\/uploads\/2025\/03\/VOPK-Cool-Bar-9000-Puffs-Disposable-Vape-Wholesale.webp",800,800,false],"thumbnail":["https:\/\/vapestornado.com\/wp-content\/uploads\/2025\/03\/VOPK-Cool-Bar-9000-Puffs-Disposable-Vape-Wholesale-150x150.webp",150,150,true],"medium":["https:\/\/vapestornado.com\/wp-content\/uploads\/2025\/03\/VOPK-Cool-Bar-9000-Puffs-Disposable-Vape-Wholesale-300x300.webp",300,300,true],"medium_large":["https:\/\/vapestornado.com\/wp-content\/uploads\/2025\/03\/VOPK-Cool-Bar-9000-Puffs-Disposable-Vape-Wholesale-768x768.webp",768,768,true],"large":["https:\/\/vapestornado.com\/wp-content\/uploads\/2025\/03\/VOPK-Cool-Bar-9000-Puffs-Disposable-Vape-Wholesale.webp",800,800,false],"1536x1536":["https:\/\/vapestornado.com\/wp-content\/uploads\/2025\/03\/VOPK-Cool-Bar-9000-Puffs-Disposable-Vape-Wholesale.webp",800,800,false],"2048x2048":["https:\/\/vapestornado.com\/wp-content\/uploads\/2025\/03\/VOPK-Cool-Bar-9000-Puffs-Disposable-Vape-Wholesale.webp",800,800,false],"trp-custom-language-flag":["https:\/\/vapestornado.com\/wp-content\/uploads\/2025\/03\/VOPK-Cool-Bar-9000-Puffs-Disposable-Vape-Wholesale.webp",12,12,false],"woocommerce_thumbnail":["https:\/\/vapestornado.com\/wp-content\/uploads\/2025\/03\/VOPK-Cool-Bar-9000-Puffs-Disposable-Vape-Wholesale-300x300.webp",300,300,true],"woocommerce_single":["https:\/\/vapestornado.com\/wp-content\/uploads\/2025\/03\/VOPK-Cool-Bar-9000-Puffs-Disposable-Vape-Wholesale-600x600.webp",600,600,true],"woocommerce_gallery_thumbnail":["https:\/\/vapestornado.com\/wp-content\/uploads\/2025\/03\/VOPK-Cool-Bar-9000-Puffs-Disposable-Vape-Wholesale-100x100.webp",100,100,true]},"uagb_author_info":{"display_name":"ESAMY","author_link":"https:\/\/vapestornado.com\/lt\/author\/"},"uagb_comment_info":0,"uagb_excerpt":"Vopk Cool Bar 9000 Puffs is a pocket-friendly 9,000-puff disposable with a 16ml tank, mesh-coil consistency, adjustable airflow, and Type-C rechargeable for predictable all-day vaping. Is popular choice for wholesale buyers in Europe. Add Amy's whatsapp to get right reply and discount price! WhatsApp: +86 17776015835 &nbsp;","_links":{"self":[{"href":"https:\/\/vapestornado.com\/lt\/wp-json\/wp\/v2\/product\/3973","targetHints":{"allow":["GET"]}}],"collection":[{"href":"https:\/\/vapestornado.com\/lt\/wp-json\/wp\/v2\/product"}],"about":[{"href":"https:\/\/vapestornado.com\/lt\/wp-json\/wp\/v2\/types\/product"}],"replies":[{"embeddable":true,"href":"https:\/\/vapestornado.com\/lt\/wp-json\/wp\/v2\/comments?post=3973"}],"wp:featuredmedia":[{"embeddable":true,"href":"https:\/\/vapestornado.com\/lt\/wp-json\/wp\/v2\/media\/3969"}],"wp:attachment":[{"href":"https:\/\/vapestornado.com\/lt\/wp-json\/wp\/v2\/media?parent=3973"}],"wp:term":[{"taxonomy":"product_brand","embeddable":true,"href":"https:\/\/vapestornado.com\/lt\/wp-json\/wp\/v2\/product_brand?post=3973"},{"taxonomy":"product_cat","embeddable":true,"href":"https:\/\/vapestornado.com\/lt\/wp-json\/wp\/v2\/product_cat?post=3973"},{"taxonomy":"product_tag","embeddable":true,"href":"https:\/\/vapestornado.com\/lt\/wp-json\/wp\/v2\/product_tag?post=3973"}],"curies":[{"name":"wp","href":"https:\/\/api.w.org\/{rel}","templated":true}]}}