{"id":3939,"date":"2025-03-21T03:03:23","date_gmt":"2025-03-21T03:03:23","guid":{"rendered":"https:\/\/vapestornado.com\/?post_type=product&#038;p=3939"},"modified":"2025-12-04T07:55:19","modified_gmt":"2025-12-04T07:55:19","slug":"wholesale-vape-zooy-firzen-35000-puffs-fast-shipping-eu-warehouse","status":"publish","type":"product","link":"https:\/\/vapestornado.com\/lt\/product\/wholesale-vape-zooy-firzen-35000-puffs-fast-shipping-eu-warehouse\/","title":{"rendered":"Didmenin\u0117 prekyba Vape ZOOY Firzen 35000 \u012ftraukim\u0173 Greitas pristatymas ES sand\u0117lis"},"content":{"rendered":"<h1 data-pm-slice=\"1 1 []\">Didmenin\u0117 prekyba Vape ZOOY Firzen 35000 \u012ftraukim\u0173 Greitas pristatymas ES sand\u0117lis<\/h1>\n<p>Jei norite didel\u0117s talpos vienkartinio garintuvo, kuris ilgai tarnaut\u0173, leist\u0173 reguliuoti ledo ir nikotino stiprum\u0105 ir greitai atkeliaut\u0173 i\u0161 ES sand\u0117lio, ZOOY Firzen 35000 suteikia iki 35 000 \u012ftraukim\u0173 su dvigubomis tinklelio rit\u0117mis, 3 lygi\u0173 ledo ir nikotino kontrole bei Type-C \u012fkrovimu.<\/p>\n<p><strong>Kod\u0117l vartotojai renkasi Vape ZOOY Firzen 35000 \u012ftraukim\u0173 nikotino ir ledo reguliuojam\u0105 garinimo prietais\u0105?<\/strong><\/p>\n<ul>\n<li data-start=\"772\" data-end=\"970\">\n<p data-start=\"774\" data-end=\"970\"><strong data-start=\"774\" data-end=\"820\">Did\u017eiulis tarnavimo laikas be nuolatinio pirkimo:<\/strong> Tai <strong data-start=\"826\" data-end=\"857\">35 000 \u012ftraukim\u0173 vienkartinis garintuvas<\/strong> yra sukurtas ilgam naudojimui su <strong data-start=\"891\" data-end=\"915\">30 ml i\u0161 anksto u\u017epildyta talpa<\/strong>, tod\u0117l j\u012f kei\u010diate daug re\u010diau nei 10k\u201320k prietaisus.<\/p>\n<\/li>\n<li data-start=\"971\" data-end=\"1150\">\n<p data-start=\"973\" data-end=\"1150\"><strong data-start=\"973\" data-end=\"1022\">Reguliuojamas ledo ir nikotino valdymas (3 lygiai):<\/strong> Nustatykite lengv\u0105 v\u0117s\u0105 arba gil\u0173 ledin\u012f sm\u016bg\u012f ir pasirinkite nikotino intensyvum\u0105 \u2013 puikiai tinka vartotojams, norintiems kontrol\u0117s vienkartiniame \u012frenginyje.<\/p>\n<\/li>\n<li data-start=\"1151\" data-end=\"1281\">\n<p data-start=\"1153\" data-end=\"1281\"><strong data-start=\"1153\" data-end=\"1181\">Skonis i\u0161lieka pastovus:<\/strong> <strong data-start=\"1182\" data-end=\"1206\">Dvigubos 1,0 \u03a9 tinklelio rit\u0117s<\/strong> kaitina tolygiai, kad srautas b\u016bt\u0173 sklandus, o skonis stabilus nuo pirmo iki paskutinio \u012ftraukimo.<\/p>\n<\/li>\n<li data-start=\"1282\" data-end=\"1434\">\n<p data-start=\"1284\" data-end=\"1434\"><strong data-start=\"1284\" data-end=\"1316\">\u012ekraunamas, kad b\u016bt\u0173 pilna vert\u0117:<\/strong> A <strong data-start=\"1319\" data-end=\"1360\">650 mAh Type-C \u012fkraunamas vienkartinis<\/strong> akumuliatorius padeda sunaudoti kiekvien\u0105 e-skys\u010dio la\u0161\u0105, u\u017euot i\u0161sikrovus anks\u010diau laiko.<\/p>\n<\/li>\n<li data-start=\"1435\" data-end=\"1568\">\n<p data-start=\"1437\" data-end=\"1568\"><strong data-start=\"1437\" data-end=\"1468\">ES sand\u0117lio greitas pristatymas:<\/strong> Prek\u0117s greitai atkeliauja ma\u017emenininkams ir perpardav\u0117jams, kurie reikalinga patikima <strong data-start=\"1537\" data-end=\"1567\">didmenin\u0117 vape pristatymas Lietuvoje<\/strong>.<\/p>\n<\/li>\n<\/ul>\n<p>Mes taip pat turime kit\u0173 populiari\u0173 vape su ekranu, pavyzd\u017eiui, <a href=\"https:\/\/vapestornado.com\/lt\/product\/bang-leader-50000-puffs-50k-2-in-1-double-flavor-digital-disposable-vape-bulk-price\/\">BANG Vadovas 50k<\/a>, <a href=\"https:\/\/vapestornado.com\/lt\/product\/vopk-ultra-40000-puffs-2-in-1-digital-screen-rechargeable-disposable-vape\/\">VOPK 40k Puff vienkartinis garintuvas<\/a>, <a href=\"https:\/\/vapestornado.com\/lt\/product\/vozol-gear-shisha-25k-25000-puffs-best-dtl-disposable-vape-hookah-cheap-price\/\">Vozol Gear Shisha 25000<\/a>, ir daugiau.<\/p>\n<p data-start=\"666\" data-end=\"1235\"><strong style=\"font-size: 16px;\"><span style=\"color: #ff0000;\">Prid\u0117kite Amy WhatsApp, kad gautum\u0117te tinkam\u0105 atsakym\u0105 ir nuolaid\u0105!<\/span><\/strong><\/p>\n<p><img fetchpriority=\"high\" decoding=\"async\" class=\"size-full wp-image-2932\" src=\"https:\/\/vapestornado.com\/wp-content\/uploads\/2024\/12\/Vape-Wholesale.jpg\" alt=\"Garintuvai Didmenin\u0117 prekyba\" width=\"229\" height=\"300\" \/><\/p>\n<h3><a href=\"https:\/\/wa.me\/8617776015835\" target=\"_blank\" rel=\"noopener\"><span style=\"color: #ff0000;\"><strong>WhatsApp: +86 17776015835<\/strong><\/span><\/a><\/h3>\n<p>&nbsp;<\/p>\n<h2><strong>ZOOY Firzen 35000 pagrindin\u0117s produkto savyb\u0117s<\/strong><\/h2>\n<table>\n<thead>\n<tr>\n<th>Parametras<\/th>\n<th align=\"right\">Specifikacija<\/th>\n<th>\u017dmogaus paai\u0161kinimas<\/th>\n<\/tr>\n<\/thead>\n<tbody>\n<tr>\n<td>Prek\u0117s \u017eenklas<\/td>\n<td align=\"right\">ZOOY<\/td>\n<td>Atpa\u017e\u012fstama linija pakartotiniam pirkimui.<\/td>\n<\/tr>\n<tr>\n<td>\u012ep\u016btim\u0173 talpa<\/td>\n<td align=\"right\">Iki 35 000 \u012fkv\u0117pim\u0173<\/td>\n<td>Didel\u0117s talpos vienkartin\u0117 vape, kuri veikia daug ilgiau nei standartiniai modeliai.<\/td>\n<\/tr>\n<tr>\n<td>E-skys\u010dio t\u016bris<\/td>\n<td align=\"right\">30 ml i\u0161 anksto u\u017epildyta<\/td>\n<td>Didelis bakelis palaiko ilg\u0105 tarnavimo laik\u0105 be papildymo.<\/td>\n<\/tr>\n<tr>\n<td>Rit\u0117s tipas<\/td>\n<td align=\"right\">Dvigubos 1,0 \u03a9 tinklelio rit\u0117s<\/td>\n<td>Vienodas \u0161ildymas = sklandesnis oro srautas, turtingesnis skonis, ma\u017eiau i\u0161blukimo.<\/td>\n<\/tr>\n<tr>\n<td>Baterija<\/td>\n<td align=\"right\">650mAh \u012fkraunamas<\/td>\n<td>\u012ekraukite, kad baigtum\u0117te vis\u0105 skyst\u012f, o ne \u0161vaistytum\u0117te p\u016btimus.<\/td>\n<\/tr>\n<tr>\n<td>\u012ekrovimas<\/td>\n<td align=\"right\">USB Type-C<\/td>\n<td>\u0160iuolaikinis, greitas, pla\u010diai suderinamas \u012fkrovimo standartas.<\/td>\n<\/tr>\n<tr>\n<td>Led\u0173 ir nikotino kontrol\u0117<\/td>\n<td align=\"right\">3 reguliuojami lygiai<\/td>\n<td>Pasirinkite lengv\u0105 v\u0117sum\u0105 arba stipri\u0105 led\u0105 ir sureguliuokite nikotino intensyvumo poj\u016bt\u012f.<\/td>\n<\/tr>\n<tr>\n<td>Ap\u0161vietimas<\/td>\n<td align=\"right\">RGB \u0161viesos dizainas (3 spalvos)<\/td>\n<td>Stilingas vizualinis efektas, kuris i\u0161siskiria rankoje ir lentynose.<\/td>\n<\/tr>\n<tr>\n<td>K\u016bno svoris<\/td>\n<td align=\"right\">90 g<\/td>\n<td>Pakankamai lengvas kasdieniam ne\u0161iojimui.<\/td>\n<\/tr>\n<tr>\n<td>Dydis<\/td>\n<td align=\"right\">103,5 \u00d7 45 \u00d7 21mm<\/td>\n<td>Kompakti\u0161ka, ki\u0161en\u0117ms tinkama forma.<\/td>\n<\/tr>\n<tr>\n<td>Skoni\u0173 pasirinkimai<\/td>\n<td align=\"right\">10 skoni\u0173<\/td>\n<td>\u012evairov\u0117 skoni\u0173, atitinkan\u010di\u0173 skirting\u0173 klient\u0173 poreikius.<\/td>\n<\/tr>\n<tr>\n<td>Pristatymas<\/td>\n<td align=\"right\">EU sand\u0117lis greitas pristatymas<\/td>\n<td>Greitesnis pristatymas ir patikimesnis didmeninis atsarg\u0173 papildymas Europoje.<\/td>\n<\/tr>\n<\/tbody>\n<\/table>\n<h2 class=\"product-title\"><strong>ZOOY Firzen 35000 Skoni\u0173 s\u0105ra\u0161as<\/strong><\/h2>\n<article class=\"w-full text-token-text-primary focus-visible:outline-2 focus-visible:outline-offset-[-4px]\" dir=\"auto\" data-testid=\"conversation-turn-32\" data-scroll-anchor=\"false\">\n<div class=\"m-auto text-base py-[18px] px-6\">\n<div class=\"mx-auto flex flex-1 text-base gap-4 md:gap-5 lg:gap-6 md:max-w-3xl lg:max-w-[40rem] xl:max-w-[48rem]\">\n<div class=\"group\/conversation-turn relative flex w-full min-w-0 flex-col @xs\/thread:px-0 @sm\/thread:px-1.5 @md\/thread:px-4\">\n<div class=\"flex-col gap-1 md:gap-3\">\n<div class=\"flex max-w-full flex-col flex-grow\">\n<div class=\"min-h-8 text-message flex w-full flex-col items-end gap-2 whitespace-normal break-words text-start [.text-message+&amp;]:mt-5\" dir=\"auto\" data-message-author-role=\"user\" data-message-id=\"ffac41ca-1db4-431b-873a-32c4052956f1\">\n<div class=\"flex w-full flex-col gap-1 empty:hidden items-end rtl:items-start\">\n<div class=\"relative max-w-[var(--user-chat-width,70%)] rounded-3xl bg-token-message-surface px-5 py-2.5\">\n<div class=\"absolute bottom-0 right-full top-0 -mr-3.5 hidden pr-5 pt-2 [.group\/conversation-turn:hover_&amp;]:flex\">\n<div class=\"flex\">\n<article class=\"w-full text-token-text-primary focus-visible:outline-2 focus-visible:outline-offset-[-4px]\" dir=\"auto\" data-testid=\"conversation-turn-39\" data-scroll-anchor=\"true\">\n<div class=\"m-auto text-base py-[18px] px-6\">\n<div class=\"mx-auto flex flex-1 text-base gap-4 md:gap-5 lg:gap-6 md:max-w-3xl lg:max-w-[40rem] xl:max-w-[48rem]\">\n<div class=\"group\/conversation-turn relative flex w-full min-w-0 flex-col agent-turn @xs\/thread:px-0 @sm\/thread:px-1.5 @md\/thread:px-4\">\n<div class=\"flex-col gap-1 md:gap-3\">\n<div class=\"flex max-w-full flex-col flex-grow\">\n<div class=\"min-h-8 text-message flex w-full flex-col items-end gap-2 whitespace-normal break-words text-start [.text-message+&amp;]:mt-5\" dir=\"auto\" data-message-author-role=\"assistant\" data-message-id=\"55a23854-ec57-48dd-bd4f-6118f43d6241\" data-message-model-slug=\"gpt-4o\">\n<div class=\"flex w-full flex-col gap-1 empty:hidden first:pt-[3px]\">\n<div class=\"markdown prose w-full break-words dark:prose-invert light\">\n<p>1. arb\u016bz\u0173 ledas<br \/>\n2. Alavij\u0173 vynuog\u0117s<br \/>\n3. Bra\u0161ki\u0173 bananai<br \/>\n4. Bra\u0161ki\u0173 avie\u010di\u0173 kiviai<br \/>\n5. M\u0117lyni\u0173 avie\u010di\u0173 limonadas<br \/>\n6. Ananas\u0173 kokosas<br \/>\n7. Mentolis<br \/>\n8. Bra\u0161ki\u0173 ir arb\u016bz\u0173<br \/>\n9. Uog\u0173 mi\u0161inys<br \/>\n10. Gervuogi\u0173 spanguol\u0117s<\/p>\n<\/div>\n<\/div>\n<\/div>\n<\/div>\n<\/div>\n<\/div>\n<\/div>\n<\/div>\n<\/article>\n<\/div>\n<\/div>\n<\/div>\n<\/div>\n<\/div>\n<\/div>\n<\/div>\n<\/div>\n<\/div>\n<\/div>\n<\/article>\n<div class=\"flex-shrink-0 flex flex-col relative items-end\">\n<div class=\"pt-0\">\n<div class=\"gizmo-bot-avatar flex h-8 w-8 items-center justify-center overflow-hidden rounded-full\">\n<div class=\"relative p-1 rounded-sm flex items-center justify-center bg-token-main-surface-primary text-token-text-primary h-8 w-8\">\n<figure id=\"attachment_3936\" aria-describedby=\"caption-attachment-3936\" style=\"width: 800px\" class=\"wp-caption alignnone\"><img decoding=\"async\" class=\"wp-image-3936 size-full\" src=\"https:\/\/vapestornado.com\/wp-content\/uploads\/2025\/03\/Zooy-Firzen-35000-Puffs-Vape-Pen-Low-Pirce.webp\" alt=\"Elektronin\u0117 cigaret\u0117 Zooy Firzen 35000 Puffs Ma\u017ea Kaina\" width=\"800\" height=\"800\" srcset=\"https:\/\/vapestornado.com\/wp-content\/uploads\/2025\/03\/Zooy-Firzen-35000-Puffs-Vape-Pen-Low-Pirce.webp 800w, https:\/\/vapestornado.com\/wp-content\/uploads\/2025\/03\/Zooy-Firzen-35000-Puffs-Vape-Pen-Low-Pirce-300x300.webp 300w, https:\/\/vapestornado.com\/wp-content\/uploads\/2025\/03\/Zooy-Firzen-35000-Puffs-Vape-Pen-Low-Pirce-150x150.webp 150w, https:\/\/vapestornado.com\/wp-content\/uploads\/2025\/03\/Zooy-Firzen-35000-Puffs-Vape-Pen-Low-Pirce-768x768.webp 768w, https:\/\/vapestornado.com\/wp-content\/uploads\/2025\/03\/Zooy-Firzen-35000-Puffs-Vape-Pen-Low-Pirce-600x600.webp 600w, https:\/\/vapestornado.com\/wp-content\/uploads\/2025\/03\/Zooy-Firzen-35000-Puffs-Vape-Pen-Low-Pirce-100x100.webp 100w\" sizes=\"(max-width: 800px) 100vw, 800px\" \/><figcaption id=\"caption-attachment-3936\" class=\"wp-caption-text\">Elektronin\u0117 cigaret\u0117 Zooy Firzen 35000 Puffs Ma\u017ea Kaina<\/figcaption><\/figure>\n<\/div>\n<div class=\"relative p-1 rounded-sm flex items-center justify-center bg-token-main-surface-primary text-token-text-primary h-8 w-8\">\n<h3>DUK<\/h3>\n<p data-start=\"1639\" data-end=\"1956\"><strong data-start=\"1639\" data-end=\"1734\">Klausimas: \u201eMano nepatinka, kad vienkartiniai greitai i\u0161sikrauna. Ar ZOOY Firzen 35000 tikrai tarnaus ilgai?\u201c<\/strong><br data-start=\"1734\" data-end=\"1737\" \/><strong data-start=\"1737\" data-end=\"1743\">A:<\/strong> Taip. The <strong data-start=\"1753\" data-end=\"1796\">ZOOY Firzen 35000 R\u016bkini\u0173 vienkartini\u0173 \u012fkv\u0117pim\u0173 Vape<\/strong> sukurtas ilgoms sesijoms su <strong data-start=\"1834\" data-end=\"1856\">iki 35 000 \u012fkv\u0117pim\u0173<\/strong> ir <strong data-start=\"1863\" data-end=\"1900\">30 ml i\u0161 anksto pripildyto e-liquido talpa<\/strong>. Daugeliui vartotoj\u0173 tai rei\u0161kia <strong data-start=\"1929\" data-end=\"1945\">savaites naudojimo<\/strong>, o ne dienas.<\/p>\n<p data-start=\"1958\" data-end=\"2202\"><strong data-start=\"1958\" data-end=\"2020\">Klausimas: \u201eAr auk\u0161to \u012fkv\u0117pimo vienkartiniai praras skon\u012f per vidur\u012f?\u201c<\/strong><br data-start=\"2020\" data-end=\"2023\" \/><strong data-start=\"2023\" data-end=\"2029\">A:<\/strong> Dauguma tai daro, bet Firzen yra sukurtas to i\u0161vengti. The <strong data-start=\"2081\" data-end=\"2111\">dviguba 1.0\u03a9 tinklelio rit\u0117s sistema<\/strong> \u0161ildo e-skyst\u012f tolygiai, i\u0161laikydama gar\u0105 tank\u0173 ir skon\u012f \u0161veln\u0173 viso bako metu.<\/p>\n<p data-start=\"2204\" data-end=\"2546\"><strong data-start=\"2204\" data-end=\"2289\">Klausimas: \u201eNoriu kontroliuoti ledinio poj\u016b\u010dio ir nikotino doz\u0119. Ar vienkartinis gali tai padaryti?\u201c<\/strong><br data-start=\"2289\" data-end=\"2292\" \/><strong data-start=\"2292\" data-end=\"2298\">A:<\/strong> B\u016btent tam skirtas Firzen. Jo <strong data-start=\"2338\" data-end=\"2364\">Ledinio ir nikotino kontrol\u0117<\/strong> suteikia <strong data-start=\"2371\" data-end=\"2398\">tris reguliavimo lygius<\/strong>, leid\u017eian\u010dius pasirinkti \u0161veln\u0173 v\u0117sum\u0105 arba stipr\u0173 ledinio poj\u016b\u010dio sm\u016bg\u012f, ir pritaikyti nikotino poj\u016bt\u012f pagal savo pageidavim\u0105. Tai retas bruo\u017eas \u0161ioje kain\u0173 kategorijoje.<\/p>\n<p data-start=\"2548\" data-end=\"2800\"><strong data-start=\"2548\" data-end=\"2605\">Klausimas: \u201eAr baterija pakankamai ilgai tarnaus 35 t\u016bkst. \u012fkv\u0117pim\u0173?\u201c<\/strong><br data-start=\"2605\" data-end=\"2608\" \/><strong data-start=\"2608\" data-end=\"2614\">A:<\/strong> \u012erenginyje naudojamas <strong data-start=\"2633\" data-end=\"2664\">650mAh \u012fkraunama baterija<\/strong>, tod\u0117l galite \u012fkrauti bet kada, kai reikia, ir toliau naudotis, kol bakelis nesibaigs. Su <strong data-start=\"2751\" data-end=\"2779\">USB Type-C greituoju \u012fkrovimu<\/strong>, pertraukomis laikas i\u0161lieka trumpas.<\/p>\n<p data-start=\"2802\" data-end=\"3024\"><strong data-start=\"2802\" data-end=\"2856\">Klausimas: \u201eAr jis yra ne\u0161iojamas, ar per didelis kasdieniam ne\u0161iojimui?\u201c<\/strong><br data-start=\"2856\" data-end=\"2859\" \/><strong data-start=\"2859\" data-end=\"2865\">A:<\/strong> Jis sukurtas b\u016bti prakti\u0161kas. Su <strong data-start=\"2898\" data-end=\"2905\">90 g<\/strong> ir kompakti\u0161ku <strong data-start=\"2920\" data-end=\"2941\">103,5 \u00d7 45 \u00d7 21mm<\/strong> k\u016bnu, jis yra lengvas ir patogus ki\u0161en\u0117je ne\u0161iojimui, kelion\u0117ms ir visos dienos naudojimui.<\/p>\n<p data-start=\"3026\" data-end=\"3299\"><strong data-start=\"3026\" data-end=\"3083\">Klausimas: \u201eKokie skoniai yra prieinami ir i\u0161 tikr\u0173j\u0173 populiar\u016bs?\u201c<\/strong><br data-start=\"3083\" data-end=\"3086\" \/><strong data-start=\"3086\" data-end=\"3092\">A:<\/strong> Firzen yra <strong data-start=\"3109\" data-end=\"3139\">10 m\u0117gstamiausi\u0173 profil\u0173 tarp minios<\/strong>, \u012fskaitant <strong data-start=\"3151\" data-end=\"3204\">Vynuogi\u0173 ledas, Aloe Grape ir Bra\u0161ki\u0173 Bananas<\/strong>. Tai yra desi<\/p>\n<\/div>\n<\/div>\n<\/div>\n<\/div>","protected":false},"excerpt":{"rendered":"<p>Vienkartinis garintuvas ZOOY Firzen 35000 \u012ftraukim\u0173 ilgoms sesijoms<br \/>\nZOOY Firzen 35000 su ledo ir nikotino kontrole (3 lygiai) ir dvigubomis tinklelio rit\u0117mis<br \/>\n\u012ekraunamas vienkartinis ZOOY Firzen 35000 Type-C su greitu pristatymu i\u0161 ES sand\u0117lio<\/p>\n<p><strong>Prid\u0117kite Amy's whatsapp, kad gautum\u0117te tinkam\u0105 atsakym\u0105 ir nuolaidos kain\u0105!<\/strong><\/p>\n<p><img fetchpriority=\"high\" decoding=\"async\" class=\"size-full wp-image-2932\" src=\"https:\/\/vapestornado.com\/wp-content\/uploads\/2024\/12\/Vape-Wholesale.jpg\" alt=\"Garintuvai Didmenin\u0117 prekyba\" width=\"229\" height=\"300\" \/><\/p>\n<h3><a href=\"https:\/\/wa.me\/8617776015835\"><span style=\"color: #ff0000;\"><strong>WhatsApp: +86 17776015835<\/strong><\/span><\/a><\/h3>\n<p>&nbsp;<\/p>","protected":false},"featured_media":3935,"comment_status":"open","ping_status":"closed","template":"","meta":{"_acf_changed":false,"_uag_custom_page_level_css":"","_lmt_disableupdate":"no","_lmt_disable":"","_monsterinsights_skip_tracking":false,"_monsterinsights_sitenote_active":false,"_monsterinsights_sitenote_note":"","_monsterinsights_sitenote_category":0,"site-sidebar-layout":"default","site-content-layout":"","ast-site-content-layout":"default","site-content-style":"default","site-sidebar-style":"default","ast-global-header-display":"","ast-banner-title-visibility":"","ast-main-header-display":"","ast-hfb-above-header-display":"","ast-hfb-below-header-display":"","ast-hfb-mobile-header-display":"","site-post-title":"","ast-breadcrumbs-content":"","ast-featured-img":"","footer-sml-layout":"","ast-disable-related-posts":"","theme-transparent-header-meta":"default","adv-header-id-meta":"","stick-header-meta":"","header-above-stick-meta":"","header-main-stick-meta":"","header-below-stick-meta":"","astra-migrate-meta-layouts":"set","ast-page-background-enabled":"default","ast-page-background-meta":{"desktop":{"background-color":"","background-image":"","background-repeat":"repeat","background-position":"center center","background-size":"auto","background-attachment":"scroll","background-type":"","background-media":"","overlay-type":"","overlay-color":"","overlay-opacity":"","overlay-gradient":""},"tablet":{"background-color":"","background-image":"","background-repeat":"repeat","background-position":"center center","background-size":"auto","background-attachment":"scroll","background-type":"","background-media":"","overlay-type":"","overlay-color":"","overlay-opacity":"","overlay-gradient":""},"mobile":{"background-color":"","background-image":"","background-repeat":"repeat","background-position":"center center","background-size":"auto","background-attachment":"scroll","background-type":"","background-media":"","overlay-type":"","overlay-color":"","overlay-opacity":"","overlay-gradient":""}},"ast-content-background-meta":{"desktop":{"background-color":"var(--ast-global-color-5)","background-image":"","background-repeat":"repeat","background-position":"center center","background-size":"auto","background-attachment":"scroll","background-type":"","background-media":"","overlay-type":"","overlay-color":"","overlay-opacity":"","overlay-gradient":""},"tablet":{"background-color":"var(--ast-global-color-5)","background-image":"","background-repeat":"repeat","background-position":"center center","background-size":"auto","background-attachment":"scroll","background-type":"","background-media":"","overlay-type":"","overlay-color":"","overlay-opacity":"","overlay-gradient":""},"mobile":{"background-color":"var(--ast-global-color-5)","background-image":"","background-repeat":"repeat","background-position":"center center","background-size":"auto","background-attachment":"scroll","background-type":"","background-media":"","overlay-type":"","overlay-color":"","overlay-opacity":"","overlay-gradient":""}},"_joinchat":{"telephone":"17776015835"}},"product_brand":[],"product_cat":[19,175,140,152,153,143,144,283],"product_tag":[471,282,281,94,93,280],"class_list":{"0":"post-3939","1":"product","2":"type-product","3":"status-publish","4":"has-post-thumbnail","6":"product_cat-vapes","7":"product_cat-35000-puff","8":"product_cat-big-puffs-disposable-vapes","9":"product_cat-buy-disposable-vapes-in-cermany","10":"product_cat-buy-disposable-vapes-in-italy","11":"product_cat-dual-mesh-disposable-vapes","12":"product_cat-low-nicotine-disposable-vapes","13":"product_cat-zooy-vape","14":"product_tag-35k-puff-vape","15":"product_tag-ice-adjustable","16":"product_tag-nicotine-adjustable","17":"product_tag-rechargeable-disposable-vape","18":"product_tag-vape-wholesale","19":"product_tag-zooy-firzen-35000","20":"desktop-align-left","21":"tablet-align-left","22":"mobile-align-left","24":"first","25":"instock","26":"sale","27":"shipping-taxable","28":"purchasable","29":"product-type-simple"},"acf":[],"uagb_featured_image_src":{"full":["https:\/\/vapestornado.com\/wp-content\/uploads\/2025\/03\/Zooy-Firzen-35000-Puffs-Vape-Near-Me.webp",800,800,false],"thumbnail":["https:\/\/vapestornado.com\/wp-content\/uploads\/2025\/03\/Zooy-Firzen-35000-Puffs-Vape-Near-Me-150x150.webp",150,150,true],"medium":["https:\/\/vapestornado.com\/wp-content\/uploads\/2025\/03\/Zooy-Firzen-35000-Puffs-Vape-Near-Me-300x300.webp",300,300,true],"medium_large":["https:\/\/vapestornado.com\/wp-content\/uploads\/2025\/03\/Zooy-Firzen-35000-Puffs-Vape-Near-Me-768x768.webp",768,768,true],"large":["https:\/\/vapestornado.com\/wp-content\/uploads\/2025\/03\/Zooy-Firzen-35000-Puffs-Vape-Near-Me.webp",800,800,false],"1536x1536":["https:\/\/vapestornado.com\/wp-content\/uploads\/2025\/03\/Zooy-Firzen-35000-Puffs-Vape-Near-Me.webp",800,800,false],"2048x2048":["https:\/\/vapestornado.com\/wp-content\/uploads\/2025\/03\/Zooy-Firzen-35000-Puffs-Vape-Near-Me.webp",800,800,false],"trp-custom-language-flag":["https:\/\/vapestornado.com\/wp-content\/uploads\/2025\/03\/Zooy-Firzen-35000-Puffs-Vape-Near-Me.webp",12,12,false],"woocommerce_thumbnail":["https:\/\/vapestornado.com\/wp-content\/uploads\/2025\/03\/Zooy-Firzen-35000-Puffs-Vape-Near-Me-300x300.webp",300,300,true],"woocommerce_single":["https:\/\/vapestornado.com\/wp-content\/uploads\/2025\/03\/Zooy-Firzen-35000-Puffs-Vape-Near-Me-600x600.webp",600,600,true],"woocommerce_gallery_thumbnail":["https:\/\/vapestornado.com\/wp-content\/uploads\/2025\/03\/Zooy-Firzen-35000-Puffs-Vape-Near-Me-100x100.webp",100,100,true]},"uagb_author_info":{"display_name":"ESAMY","author_link":"https:\/\/vapestornado.com\/lt\/author\/"},"uagb_comment_info":0,"uagb_excerpt":"ZOOY Firzen 35000 Puffs Disposable Vape for Long-Lasting Sessions ZOOY Firzen 35000 with Ice &amp; Nicotine Control (3 Levels) and Dual Mesh Coils ZOOY Firzen 35000 Type-C Rechargeable Disposable with Fast EU Warehouse Shipping Add Amy's whatsapp to get right reply and discount price! WhatsApp: +86 17776015835 &nbsp;","_links":{"self":[{"href":"https:\/\/vapestornado.com\/lt\/wp-json\/wp\/v2\/product\/3939","targetHints":{"allow":["GET"]}}],"collection":[{"href":"https:\/\/vapestornado.com\/lt\/wp-json\/wp\/v2\/product"}],"about":[{"href":"https:\/\/vapestornado.com\/lt\/wp-json\/wp\/v2\/types\/product"}],"replies":[{"embeddable":true,"href":"https:\/\/vapestornado.com\/lt\/wp-json\/wp\/v2\/comments?post=3939"}],"wp:featuredmedia":[{"embeddable":true,"href":"https:\/\/vapestornado.com\/lt\/wp-json\/wp\/v2\/media\/3935"}],"wp:attachment":[{"href":"https:\/\/vapestornado.com\/lt\/wp-json\/wp\/v2\/media?parent=3939"}],"wp:term":[{"taxonomy":"product_brand","embeddable":true,"href":"https:\/\/vapestornado.com\/lt\/wp-json\/wp\/v2\/product_brand?post=3939"},{"taxonomy":"product_cat","embeddable":true,"href":"https:\/\/vapestornado.com\/lt\/wp-json\/wp\/v2\/product_cat?post=3939"},{"taxonomy":"product_tag","embeddable":true,"href":"https:\/\/vapestornado.com\/lt\/wp-json\/wp\/v2\/product_tag?post=3939"}],"curies":[{"name":"wp","href":"https:\/\/api.w.org\/{rel}","templated":true}]}}