{"id":3932,"date":"2025-03-21T07:53:01","date_gmt":"2025-03-21T07:53:01","guid":{"rendered":"https:\/\/vapestornado.com\/?post_type=product&#038;p=3932"},"modified":"2025-12-04T07:38:02","modified_gmt":"2025-12-04T07:38:02","slug":"uwin-twins-crystal-40000-40k-puff-double-taste-best-disposable-vapes-2025","status":"publish","type":"product","link":"https:\/\/vapestornado.com\/lt\/product\/uwin-twins-crystal-40000-40k-puff-double-taste-best-disposable-vapes-2025\/","title":{"rendered":"Uwin Twins Crystal 40000 40 t\u016bkst. \u012fp\u016btim\u0173 dvigubo skonio geriausios vienkartin\u0117s elektronin\u0117s cigaret\u0117s 2025"},"content":{"rendered":"<h2 data-pm-slice=\"1 1 []\">Uwin Twins Crystal 40000 R\u016bkali\u0173 Putojantis Vienkartinis Vape Dviguba Skonis, I\u0161manus Ekranas, Type-C \u012ekrovimas<\/h2>\n<p data-start=\"395\" data-end=\"690\"><span data-start=\"409\" data-end=\"458\">Ar norite auk\u0161tos kokyb\u0117s <\/span><strong data-start=\"409\" data-end=\"458\">40000 Putojantis vienkartinis vape<\/strong> kuris trunka savaites ir nesidaro nuobodus pusiau? Tada <strong data-start=\"524\" data-end=\"573\">Uwin Twins Crystal 40000 Puff vienkartinis garintuvas<\/strong> yra sukurtas garintojams, kurie nori <strong data-start=\"603\" data-end=\"623\">rimtas tarnavimo laikas<\/strong> plius <strong data-start=\"629\" data-end=\"652\">tikras skonio \u012fvairov\u0117<\/strong> viename \u0161variajame, auk\u0161\u010diausios kokyb\u0117s \u012frenginyje.<\/p>\n<h3 data-start=\"692\" data-end=\"734\">Kod\u0117l \u0160is 40K Putojantis \u012erenginys Yra Vertas<\/h3>\n<p data-start=\"735\" data-end=\"1079\"><strong data-start=\"735\" data-end=\"770\">1) Tikras didel\u0117s talpos ilgaam\u017ei\u0161kumas<\/strong><br data-start=\"770\" data-end=\"773\" \/>Su <strong data-start=\"778\" data-end=\"800\">iki 40 000 \u012fkv\u0117pim\u0173<\/strong>, tai auk\u0161\u010diausios klas\u0117s <strong data-start=\"821\" data-end=\"851\">vienkartinis garintuvas<\/strong> skirtas ilgalaikiam naudojimui. Palyginti su 10k\u201320k modeliais, jis \u017eymiai suma\u017eina keitimus, tod\u0117l yra pasirinkimas tiems, kurie ie\u0161ko <strong data-start=\"1004\" data-end=\"1026\">geriausio <\/strong><strong data-start=\"1032\" data-end=\"1071\">ilgiausiai veikiantis vienkartinis vape 40k<\/strong> variant\u0105.<\/p>\n<p data-start=\"1081\" data-end=\"1493\"><strong data-start=\"1081\" data-end=\"1131\">2) Dvigubo skonio keitimas (2-in-1 Dvigubo Skonio)<\/strong><br data-start=\"1131\" data-end=\"1134\" \/>Tai yra <strong data-start=\"1144\" data-end=\"1187\">Uwin Twins Crystal 40K dvigubo skonio vape<\/strong> su 2-in-1 dvigubo skonio sistema. Galite keisti tarp dviej\u0173 skoni\u0173 bet kada norite \u2014 puikus pasirinkimas vartotojams, kurie nori \u012fvairov\u0117s vis\u0105 dien\u0105 nesine\u0161iodami dviej\u0173 \u012frengini\u0173. Jei ie\u0161kojote <strong data-start=\"1397\" data-end=\"1442\">dvigubo skonio vienkartinis garintuvas<\/strong>, \u0161is \u012frenginys yra b\u016btent tam sukurtas.<\/p>\n<p data-start=\"1495\" data-end=\"1815\"><strong data-start=\"1495\" data-end=\"1543\">3) Nuoseklus skonis nuo pirmo iki paskutinio p\u016btimo<\/strong><br data-start=\"1543\" data-end=\"1546\" \/>Ilgalaikiai vienkartiniai da\u017enai susiduria su skonio suma\u017e\u0117jimu. Uwin Twins Crystal to i\u0161vengia naudodamas <strong data-start=\"1645\" data-end=\"1674\">dviguba tinklelio rit\u0117s technologija<\/strong>, i\u0161laikydamas gar\u0173 sklandum\u0105 ir skon\u012f stabil\u0173 net giliai \u012f bak\u0105. Tod\u0117l sunk\u016bs vartotojai j\u012f vertina kaip vien\u0105 patikimiausi\u0173 didel\u0117s talpos modeli\u0173.<\/p>\n<p data-start=\"1817\" data-end=\"2065\"><strong data-start=\"1817\" data-end=\"1857\">4) I\u0161manus LED ekranas pilnam valdymui<\/strong><br data-start=\"1857\" data-end=\"1860\" \/>Nebereikia sp\u0117lioti. Tai yra <strong data-start=\"1888\" data-end=\"1935\">naudojama vape su LED ekranu 40000 \u012fkv\u0117pim\u0173<\/strong>, rodantis realaus laiko baterijos b\u016bkl\u0119 ir e-skys\u010dio lyg\u012f. Visada \u017einosite, kada yra ma\u017eai, kada \u012fkrauti ir kiek laiko liko.<\/p>\n<p data-start=\"2067\" data-end=\"2337\"><strong data-start=\"2067\" data-end=\"2118\">5) Tipo-C \u012fkraunamas, kad i\u0161naudotum\u0117te kiekvien\u0105 la\u0161\u0105<\/strong><br data-start=\"2118\" data-end=\"2121\" \/>\u0160is <strong data-start=\"2125\" data-end=\"2143\">850 mAh baterija<\/strong> plius <strong data-start=\"2149\" data-end=\"2173\">C tipo greit\u0105j\u012f \u012fkrovim\u0105<\/strong> u\u017etikrina naudojim\u0105 iki paskutinio la\u0161o. Kaip <strong data-start=\"2215\" data-end=\"2274\">\u012fkraunamas vienkartinis<\/strong>, <strong data-start=\"2215\" data-end=\"2274\">Uwin Crystal 40000\u00a0 <\/strong>leid\u017eia naudoti vis\u0105 32 ml talp\u0105 be pavojaus i\u0161\u0161vaistyti \u012fkv\u0117pimus.<\/p>\n<p data-start=\"666\" data-end=\"1235\"><strong style=\"font-size: 16px;\"><span style=\"color: #ff0000;\">Prid\u0117kite Amy WhatsApp, kad gautum\u0117te tinkam\u0105 atsakym\u0105 ir nuolaid\u0105!<\/span><\/strong><\/p>\n<p><img fetchpriority=\"high\" decoding=\"async\" class=\"size-full wp-image-2932\" src=\"https:\/\/vapestornado.com\/wp-content\/uploads\/2024\/12\/Vape-Wholesale.jpg\" alt=\"Garintuvai Didmenin\u0117 prekyba\" width=\"229\" height=\"300\" \/><\/p>\n<h3><a href=\"https:\/\/wa.me\/8617776015835\" target=\"_blank\" rel=\"noopener\"><span style=\"color: #ff0000;\"><strong>WhatsApp: +86 17776015835<\/strong><\/span><\/a><\/h3>\n<p>&nbsp;<\/p>\n<h2><strong>Uwin Twins Crystal 40000 pagrindin\u0117s gaminio savyb\u0117s<\/strong><\/h2>\n<table>\n<thead>\n<tr>\n<th>Parametras<\/th>\n<th align=\"right\">Specifikacija<\/th>\n<th>\u017dmogaus paai\u0161kinimas<\/th>\n<\/tr>\n<\/thead>\n<tbody>\n<tr>\n<td>Produkto pavadinimas<\/td>\n<td align=\"right\">Uwin Twins Crystal 40000 Puff vienkartinis garintuvas<\/td>\n<td>Lengva identifikuoti paie\u0161kose ir ma\u017emenin\u0117se lentynose.<\/td>\n<\/tr>\n<tr>\n<td>\u012ep\u016btim\u0173 talpa<\/td>\n<td align=\"right\">Iki 40 000 p\u016btim\u0173<\/td>\n<td>Ilgaam\u017eis vienkartinis vape, kuris reikalauja ma\u017eiau keitim\u0173.<\/td>\n<\/tr>\n<tr>\n<td>E-skys\u010dio t\u016bris<\/td>\n<td align=\"right\">32 ml<\/td>\n<td>Didelis bakas palaiko vis\u0105 p\u016btimo kiek\u012f be papildymo.<\/td>\n<\/tr>\n<tr>\n<td>Skonio sistema<\/td>\n<td align=\"right\">2-in-1 Dvigubas Skonis<\/td>\n<td>Du skoniai viename \u012frenginyje; galimyb\u0117 keisti bet kada, siekiant \u012fvairov\u0117s.<\/td>\n<\/tr>\n<tr>\n<td>Rit\u0117s tipas<\/td>\n<td align=\"right\">Dvigubi tinkleliai rit\u0117s<\/td>\n<td>Vienodas \u0161ilumos paskirstymas = turtingesnis skonis, sklandesnis oro srautas, ma\u017eiau sudegusi\u0173 ton\u0173.<\/td>\n<\/tr>\n<tr>\n<td>Baterija<\/td>\n<td align=\"right\">850mAh \u012fkraunama baterija<\/td>\n<td>Pakankamai didelis, kad gal\u0117t\u0173 naudoti daug \u012fkv\u0117pim\u0173; \u012fkraukite vietoj to, kad \u0161vaistytum\u0117te skyst\u012f.<\/td>\n<\/tr>\n<tr>\n<td>\u012ekrovimas<\/td>\n<td align=\"right\">USB Tipo-C Greitas \u012ekrovimas<\/td>\n<td>Modernus jungtis su greitesniu \u012fkrovimu ir patogiu kabelio prieiga.<\/td>\n<\/tr>\n<tr>\n<td>Ekranas<\/td>\n<td align=\"right\">I\u0161manus LED ekranas<\/td>\n<td>Rodo baterijos ir e-skys\u010dio lyg\u012f, kad visada \u017einotum\u0117te, kas liko.<\/td>\n<\/tr>\n<tr>\n<td>Nikotino pasirinkimai<\/td>\n<td align=\"right\">2% \/ 5%<\/td>\n<td>Tinka tiek kasdieniams vartotojams, tiek intensyviems vaperiams, siekiantiems stipresni\u0173 \u012fkv\u0117pim\u0173.<\/td>\n<\/tr>\n<tr>\n<td>Garintuvo stilius<\/td>\n<td align=\"right\">\u0160velnus \u012fkv\u0117pimas, subalansuotas garas<\/td>\n<td>Sukurtas patogiems kasdieniams seansams ir ilgiems naudojimo periodams.<\/td>\n<\/tr>\n<\/tbody>\n<\/table>\n<figure id=\"attachment_3903\" aria-describedby=\"caption-attachment-3903\" style=\"width: 800px\" class=\"wp-caption alignnone\"><img decoding=\"async\" class=\"wp-image-3903 size-full\" src=\"https:\/\/vapestornado.com\/wp-content\/uploads\/2025\/03\/Best-Uwin-Twins-Crystal-40000-Puffs-Disposable-Vape.webp\" alt=\"Geriausias Uwin Twins Crystal 40000 d\u016bm\u0173 vienkartinis garintuvas\" width=\"800\" height=\"800\" srcset=\"https:\/\/vapestornado.com\/wp-content\/uploads\/2025\/03\/Best-Uwin-Twins-Crystal-40000-Puffs-Disposable-Vape.webp 800w, https:\/\/vapestornado.com\/wp-content\/uploads\/2025\/03\/Best-Uwin-Twins-Crystal-40000-Puffs-Disposable-Vape-300x300.webp 300w, https:\/\/vapestornado.com\/wp-content\/uploads\/2025\/03\/Best-Uwin-Twins-Crystal-40000-Puffs-Disposable-Vape-150x150.webp 150w, https:\/\/vapestornado.com\/wp-content\/uploads\/2025\/03\/Best-Uwin-Twins-Crystal-40000-Puffs-Disposable-Vape-768x768.webp 768w, https:\/\/vapestornado.com\/wp-content\/uploads\/2025\/03\/Best-Uwin-Twins-Crystal-40000-Puffs-Disposable-Vape-600x600.webp 600w, https:\/\/vapestornado.com\/wp-content\/uploads\/2025\/03\/Best-Uwin-Twins-Crystal-40000-Puffs-Disposable-Vape-100x100.webp 100w\" sizes=\"(max-width: 800px) 100vw, 800px\" \/><figcaption id=\"caption-attachment-3903\" class=\"wp-caption-text\">Geriausias Uwin Twins Crystal 40000 d\u016bm\u0173 vienkartinis garintuvas<\/figcaption><\/figure>\n<h2 class=\"product-title\"><strong>Uwin Twins Crystal 40000 dvejopo skonio garintuvo skoni\u0173 s\u0105ra\u0161as<\/strong><\/h2>\n<article class=\"w-full text-token-text-primary focus-visible:outline-2 focus-visible:outline-offset-[-4px]\" dir=\"auto\" data-testid=\"conversation-turn-32\" data-scroll-anchor=\"false\">\n<div class=\"m-auto text-base py-[18px] px-6\">\n<div class=\"mx-auto flex flex-1 text-base gap-4 md:gap-5 lg:gap-6 md:max-w-3xl lg:max-w-[40rem] xl:max-w-[48rem]\">\n<div class=\"group\/conversation-turn relative flex w-full min-w-0 flex-col @xs\/thread:px-0 @sm\/thread:px-1.5 @md\/thread:px-4\">\n<div class=\"flex-col gap-1 md:gap-3\">\n<div class=\"flex max-w-full flex-col flex-grow\">\n<div class=\"min-h-8 text-message flex w-full flex-col items-end gap-2 whitespace-normal break-words text-start [.text-message+&amp;]:mt-5\" dir=\"auto\" data-message-author-role=\"user\" data-message-id=\"ffac41ca-1db4-431b-873a-32c4052956f1\">\n<div class=\"flex w-full flex-col gap-1 empty:hidden items-end rtl:items-start\">\n<div class=\"relative max-w-[var(--user-chat-width,70%)] rounded-3xl bg-token-message-surface px-5 py-2.5\">\n<div class=\"absolute bottom-0 right-full top-0 -mr-3.5 hidden pr-5 pt-2 [.group\/conversation-turn:hover_&amp;]:flex\">\n<div class=\"flex\">\n<article class=\"w-full text-token-text-primary focus-visible:outline-2 focus-visible:outline-offset-[-4px]\" dir=\"auto\" data-testid=\"conversation-turn-39\" data-scroll-anchor=\"true\">\n<div class=\"m-auto text-base py-[18px] px-6\">\n<div class=\"mx-auto flex flex-1 text-base gap-4 md:gap-5 lg:gap-6 md:max-w-3xl lg:max-w-[40rem] xl:max-w-[48rem]\">\n<div class=\"group\/conversation-turn relative flex w-full min-w-0 flex-col agent-turn @xs\/thread:px-0 @sm\/thread:px-1.5 @md\/thread:px-4\">\n<div class=\"flex-col gap-1 md:gap-3\">\n<div class=\"flex max-w-full flex-col flex-grow\">\n<div class=\"min-h-8 text-message flex w-full flex-col items-end gap-2 whitespace-normal break-words text-start [.text-message+&amp;]:mt-5\" dir=\"auto\" data-message-author-role=\"assistant\" data-message-id=\"55a23854-ec57-48dd-bd4f-6118f43d6241\" data-message-model-slug=\"gpt-4o\">\n<div class=\"flex w-full flex-col gap-1 empty:hidden first:pt-[3px]\">\n<div class=\"markdown prose w-full break-words dark:prose-invert light\">\n<p>1. M\u0117lyn\u0117 su ledu \/ Vasaros persik\u0173 ledas<br \/>\n2. Kiviai, pasifloros vaisiai, gvajavos \/ M\u0117lyn\u0117s, aviet\u0117s<br \/>\n3. Bra\u0161k\u0117s, kiviai \/ Vynuogi\u0173 ledas<br \/>\n4. Kiviai, pasifloros vaisiai, gvajavos \/ Du obuoliai<br \/>\n5.Bra\u0161ki\u0173 arb\u016bzas \/ citrin\u0173 laimas<br \/>\n6.M\u0117lyni\u0173 avie\u010di\u0173 \/ vy\u0161ni\u0173 ledas<br \/>\n7.Bra\u0161ki\u0173 avie\u010di\u0173 vy\u0161ni\u0173 \/ m\u0117lyna spalva<br \/>\n8.Persik\u0173 mang\u0173 ananas\u0173 \/ energetinis g\u0117rimas<br \/>\n9.Arb\u016bz\u0173 ledas \/ uog\u0173 mi\u0161inys<br \/>\n10.Bra\u0161ki\u0173 banan\u0173 \/ meil\u0117 66 (pasiflor\u0173 melion\u0173 ledas)<\/p>\n<\/div>\n<\/div>\n<\/div>\n<\/div>\n<\/div>\n<\/div>\n<\/div>\n<\/div>\n<\/article>\n<\/div>\n<\/div>\n<\/div>\n<\/div>\n<\/div>\n<\/div>\n<\/div>\n<\/div>\n<\/div>\n<\/div>\n<\/article>\n<h3>Kod\u0117l verta rinktis \"Vapestornado\", jei norite \u012fsigyti \"Uwin Twins Crystal 40000\" garintuv\u0173 dideliais kiekiais?<\/h3>\n<div class=\"flex-shrink-0 flex flex-col relative items-end\">\n<div class=\"pt-0\">\n<div class=\"gizmo-bot-avatar flex h-8 w-8 items-center justify-center overflow-hidden rounded-full\">\n<div class=\"relative p-1 rounded-sm flex items-center justify-center bg-token-main-surface-primary text-token-text-primary h-8 w-8\">\n<p data-start=\"88\" data-end=\"557\">Kai kalbama apie <strong data-start=\"105\" data-end=\"154\">\u00a0auk\u0161tos kokyb\u0117s vienkartini\u0173 elektronini\u0173 cigare\u010di\u0173 \u012fsigijimas<\/strong>, <strong data-start=\"156\" data-end=\"172\">Vapestornado<\/strong> yra neprilygstamo \u0161altinis <strong data-start=\"208\" data-end=\"271\">gamyklos kainos, greitas pristatymas ir auk\u0161\u010diausios kokyb\u0117s klient\u0173 aptarnavimas<\/strong>Perkant \"Uwin Twins Crystal 40k\" i\u0161 \"Vapestornado\" gausite <strong data-start=\"363\" data-end=\"400\">autenti\u0161kus, 100% originalius produktus<\/strong> su naujausia <strong data-start=\"417\" data-end=\"515\">skaitmeninio ekrano technologij\u0105, \u012fkraunam\u0105 Type-C jungt\u012f ir did\u017eiul\u0119 40000 \u012fkv\u0117pim\u0173 talp\u0105<\/strong>\u2014visa tai u\u017e <strong data-start=\"527\" data-end=\"554\">ma\u017eiausias didmenines kainas<\/strong>.<\/p>\n<p data-start=\"559\" data-end=\"933\" data-is-last-node=\"\" data-is-only-node=\"\">Mes taip pat turime kit\u0173 populiari\u0173 vape su ekranu, pavyzd\u017eiui, <a href=\"https:\/\/vapestornado.com\/lt\/product\/bang-leader-50000-puffs-50k-2-in-1-double-flavor-digital-disposable-vape-bulk-price\/\">BANG Vadovas 50000<\/a>, <a href=\"https:\/\/vapestornado.com\/lt\/product\/vopk-ultra-40000-puffs-2-in-1-digital-screen-rechargeable-disposable-vape\/\">VOPK 40000 \u012fp\u016btim\u0173 vienkartin\u0117 elektronin\u0117 cigaret\u0117<\/a>, <a href=\"https:\/\/vapestornado.com\/lt\/product\/vozol-gear-shisha-25k-25000-puffs-best-dtl-disposable-vape-hookah-cheap-price\/\">Vozol Gear Shisha 25000<\/a>, ir daugiau.<\/p>\n<\/div>\n<div class=\"relative p-1 rounded-sm flex items-center justify-center bg-token-main-surface-primary text-token-text-primary h-8 w-8\">\n<h3>DUK<\/h3>\n<p data-start=\"1631\" data-end=\"2011\"><strong data-start=\"1631\" data-end=\"1735\">Klausimas: Man reikia vienkartinio \u012frenginio, kuris tikrai tarnaut\u0173 ilgai\u2014ar Uwin Crystal 40000 dvigubo skonio vienkartinis vape 40000 \u012fkv\u0117pim\u0173 i\u0161laikys?<\/strong><br data-start=\"1735\" data-end=\"1738\" \/><strong data-start=\"1738\" data-end=\"1744\">A:<\/strong> Taip. The <strong data-start=\"1754\" data-end=\"1803\">Uwin Twins Crystal 40000 Puff vienkartinis garintuvas<\/strong> sukurtas ilgalaikiam naudojimui su <strong data-start=\"1835\" data-end=\"1857\">iki 40 000 \u012fkv\u0117pim\u0173<\/strong> ir <strong data-start=\"1864\" data-end=\"1892\">32 ml i\u0161 anksto pripildyto t\u016brio<\/strong>. Daugeliui vaperi\u0173 tai rei\u0161kia <strong data-start=\"1922\" data-end=\"1954\">savaites nuosekli\u0173 seans\u0173<\/strong> vietoj to, kad keistum\u0117te ma\u017eesnius vienkartinius kas kelias dienas.<\/p>\n<p data-start=\"2013\" data-end=\"2266\"><strong data-start=\"2013\" data-end=\"2073\">Klausimas: Ar 40 t\u016bkst. \u012fkv\u0117pim\u0173 \u012frenginys praranda skon\u012f viduryje?<\/strong><br data-start=\"2073\" data-end=\"2076\" \/><strong data-start=\"2076\" data-end=\"2082\">A:<\/strong> Tai da\u017ena su bazin\u0117mis rit\u0117mis, ta\u010diau \u0161is \u012frenginys naudoja <strong data-start=\"2136\" data-end=\"2155\">dvigubomis tinklelio spiral\u0117mis<\/strong> kad tolygiai \u0161ildyt\u0173 e-liquido. Rezultatas yra <strong data-start=\"2197\" data-end=\"2241\">stabili garo tankis ir \u0161velnesnis skonis<\/strong> nuo pirmojo \u012fkv\u0117pimo iki paskutinio.<\/p>\n<p data-start=\"2268\" data-end=\"2578\"><strong data-start=\"2268\" data-end=\"2326\">Klausimas: Man nuobodu viena skoniu. Ar man reikia dviej\u0173 \u012frengini\u0173?<\/strong><br data-start=\"2326\" data-end=\"2329\" \/><strong data-start=\"2329\" data-end=\"2335\">A:<\/strong> Ne. <strong data-start=\"2344\" data-end=\"2374\">2-in-1 dvigubo skonio sistema<\/strong> suteikia jums <strong data-start=\"2385\" data-end=\"2412\">du skoniai viename vape<\/strong>, ir j\u016bs galite lengvai keisti, kai kei\u010diasi j\u016bs\u0173 pageidavimai. Idealiai tinka visos dienos \u012fvairov\u0117s, kelioni\u0173 ar vartotojams, m\u0117gstantiems derinti sald\u0173 profil\u012f su \u0161altu.<\/p>\n<p data-start=\"2580\" data-end=\"2830\"><strong data-start=\"2580\" data-end=\"2641\">K: Kaip su\u017einoti, kada laikas \u012fkrauti arba pakeisti?<\/strong><br data-start=\"2641\" data-end=\"2644\" \/><strong data-start=\"2644\" data-end=\"2650\">A:<\/strong> Tai yra <strong data-start=\"2661\" data-end=\"2696\">vienkartinis vape su LED ekranu<\/strong> kuris rodo <strong data-start=\"2708\" data-end=\"2752\">baterijos ir e-liquido lygio steb\u0117jimas realiu laiku<\/strong>. Visada \u017einosite, kas liko\u2014joki\u0173 netik\u0117t\u0173 i\u0161sikrovusi\u0173 baterij\u0173 ar staigi\u0173 saus\u0173 \u012fkv\u0117pim\u0173.<\/p>\n<p data-start=\"2832\" data-end=\"3096\"><strong data-start=\"2832\" data-end=\"2901\">K: Ar baterija pakankamai ilgai i\u0161laikys tok\u012f didel\u012f p\u016btimo kiek\u012f?<\/strong><br data-start=\"2901\" data-end=\"2904\" \/><strong data-start=\"2904\" data-end=\"2910\">A:<\/strong> Taip. The <strong data-start=\"2920\" data-end=\"2951\">850mAh \u012fkraunama baterija<\/strong> sukurtas palaikyti didel\u0117s talpos \u012frenginius. Ir su <strong data-start=\"3007\" data-end=\"3031\">C tipo greit\u0105j\u012f \u012fkrovim\u0105<\/strong>, galite greitai \u012fkrauti ir toliau naudoti piln\u0105 skys\u010dio kiek\u012f.<\/p>\n<p data-start=\"3364\" data-end=\"3670\"><strong data-start=\"3364\" data-end=\"3418\">K: Kod\u0117l \u0161i 2-in-1 vienkartin\u0117 vape Uwin Crystal 40000 yra stiprus didmeninis pasirinkimas 2025 metais?<\/strong><br data-start=\"3418\" data-end=\"3421\" \/><strong data-start=\"3421\" data-end=\"3427\">A:<\/strong> Poreikis d\u0117l <strong data-start=\"3439\" data-end=\"3471\">40 000 p\u016btim\u0173 vienkartini\u0173 vape<\/strong> auga Europoje, nes vartotojai nori ilgesnio tarnavimo laiko, dviej\u0173 skoni\u0173 patogumo ir i\u0161manesnio sekimo. Uwin Crystal sujungia visas tris savybes, tod\u0117l yra patikimas pakartotiniam pardavimui ir auk\u0161tos klas\u0117s pozicionavimui.<\/p>\n<\/div>\n<\/div>\n<\/div>\n<\/div>","protected":false},"excerpt":{"rendered":"<p>Uwin Twins Crystal 40000 40k Puff Digitalus vienkartinis garintuvas didmenine kaina<br \/>\nUwin Twins Crystal 40k Puff Geriausias vienkartinis garintuvas Lietuvoje<br \/>\nUwin Crystal 40000 40k Puff pigiai pirkti internetu<\/p>\n<p><strong>Prid\u0117kite Amy's whatsapp, kad gautum\u0117te tinkam\u0105 atsakym\u0105 ir nuolaidos kain\u0105!<\/strong><\/p>\n<p><img fetchpriority=\"high\" decoding=\"async\" class=\"size-full wp-image-2932\" src=\"https:\/\/vapestornado.com\/wp-content\/uploads\/2024\/12\/Vape-Wholesale.jpg\" alt=\"Garintuvai Didmenin\u0117 prekyba\" width=\"229\" height=\"300\" \/><\/p>\n<h3><a href=\"https:\/\/wa.me\/8617776015835\"><span style=\"color: #ff0000;\"><strong>WhatsApp: +86 17776015835<\/strong><\/span><\/a><\/h3>\n<p>&nbsp;<\/p>","protected":false},"featured_media":3908,"comment_status":"open","ping_status":"closed","template":"","meta":{"_acf_changed":false,"_uag_custom_page_level_css":"","_lmt_disableupdate":"no","_lmt_disable":"","_monsterinsights_skip_tracking":false,"_monsterinsights_sitenote_active":false,"_monsterinsights_sitenote_note":"","_monsterinsights_sitenote_category":0,"site-sidebar-layout":"default","site-content-layout":"","ast-site-content-layout":"default","site-content-style":"default","site-sidebar-style":"default","ast-global-header-display":"","ast-banner-title-visibility":"","ast-main-header-display":"","ast-hfb-above-header-display":"","ast-hfb-below-header-display":"","ast-hfb-mobile-header-display":"","site-post-title":"","ast-breadcrumbs-content":"","ast-featured-img":"","footer-sml-layout":"","ast-disable-related-posts":"","theme-transparent-header-meta":"default","adv-header-id-meta":"","stick-header-meta":"","header-above-stick-meta":"","header-main-stick-meta":"","header-below-stick-meta":"","astra-migrate-meta-layouts":"set","ast-page-background-enabled":"default","ast-page-background-meta":{"desktop":{"background-color":"","background-image":"","background-repeat":"repeat","background-position":"center center","background-size":"auto","background-attachment":"scroll","background-type":"","background-media":"","overlay-type":"","overlay-color":"","overlay-opacity":"","overlay-gradient":""},"tablet":{"background-color":"","background-image":"","background-repeat":"repeat","background-position":"center center","background-size":"auto","background-attachment":"scroll","background-type":"","background-media":"","overlay-type":"","overlay-color":"","overlay-opacity":"","overlay-gradient":""},"mobile":{"background-color":"","background-image":"","background-repeat":"repeat","background-position":"center center","background-size":"auto","background-attachment":"scroll","background-type":"","background-media":"","overlay-type":"","overlay-color":"","overlay-opacity":"","overlay-gradient":""}},"ast-content-background-meta":{"desktop":{"background-color":"var(--ast-global-color-5)","background-image":"","background-repeat":"repeat","background-position":"center center","background-size":"auto","background-attachment":"scroll","background-type":"","background-media":"","overlay-type":"","overlay-color":"","overlay-opacity":"","overlay-gradient":""},"tablet":{"background-color":"var(--ast-global-color-5)","background-image":"","background-repeat":"repeat","background-position":"center center","background-size":"auto","background-attachment":"scroll","background-type":"","background-media":"","overlay-type":"","overlay-color":"","overlay-opacity":"","overlay-gradient":""},"mobile":{"background-color":"var(--ast-global-color-5)","background-image":"","background-repeat":"repeat","background-position":"center center","background-size":"auto","background-attachment":"scroll","background-type":"","background-media":"","overlay-type":"","overlay-color":"","overlay-opacity":"","overlay-gradient":""}},"_joinchat":{"telephone":"17776015835"}},"product_brand":[],"product_cat":[19,65,151,154,141,142,233],"product_tag":[261,120,105,94,273,279,269],"class_list":{"0":"post-3932","1":"product","2":"type-product","3":"status-publish","4":"has-post-thumbnail","6":"product_cat-vapes","7":"product_cat-40000-puff","8":"product_cat-buy-disposable-vapes-in-france","9":"product_cat-buy-disposable-vapes-in-netherlands","10":"product_cat-crystal-disposable-vapes","11":"product_cat-digital-box-disposable-vapes","12":"product_cat-uwin-vape","13":"product_tag-2-in-1-double-flavor-vape","14":"product_tag-crystal-vape","15":"product_tag-digital-disposable-vape","16":"product_tag-rechargeable-disposable-vape","17":"product_tag-twins-flavor-vape-pod","18":"product_tag-uwin-twins-crystal-40000","19":"product_tag-vape-with-screen","20":"desktop-align-left","21":"tablet-align-left","22":"mobile-align-left","24":"first","25":"instock","26":"sale","27":"shipping-taxable","28":"purchasable","29":"product-type-simple"},"acf":[],"uagb_featured_image_src":{"full":["https:\/\/vapestornado.com\/wp-content\/uploads\/2025\/03\/Uwin-Twins-Crystal-40000-Puffs-Two-Flavors-in-Vape.webp",800,800,false],"thumbnail":["https:\/\/vapestornado.com\/wp-content\/uploads\/2025\/03\/Uwin-Twins-Crystal-40000-Puffs-Two-Flavors-in-Vape-150x150.webp",150,150,true],"medium":["https:\/\/vapestornado.com\/wp-content\/uploads\/2025\/03\/Uwin-Twins-Crystal-40000-Puffs-Two-Flavors-in-Vape-300x300.webp",300,300,true],"medium_large":["https:\/\/vapestornado.com\/wp-content\/uploads\/2025\/03\/Uwin-Twins-Crystal-40000-Puffs-Two-Flavors-in-Vape-768x768.webp",768,768,true],"large":["https:\/\/vapestornado.com\/wp-content\/uploads\/2025\/03\/Uwin-Twins-Crystal-40000-Puffs-Two-Flavors-in-Vape.webp",800,800,false],"1536x1536":["https:\/\/vapestornado.com\/wp-content\/uploads\/2025\/03\/Uwin-Twins-Crystal-40000-Puffs-Two-Flavors-in-Vape.webp",800,800,false],"2048x2048":["https:\/\/vapestornado.com\/wp-content\/uploads\/2025\/03\/Uwin-Twins-Crystal-40000-Puffs-Two-Flavors-in-Vape.webp",800,800,false],"trp-custom-language-flag":["https:\/\/vapestornado.com\/wp-content\/uploads\/2025\/03\/Uwin-Twins-Crystal-40000-Puffs-Two-Flavors-in-Vape.webp",12,12,false],"woocommerce_thumbnail":["https:\/\/vapestornado.com\/wp-content\/uploads\/2025\/03\/Uwin-Twins-Crystal-40000-Puffs-Two-Flavors-in-Vape-300x300.webp",300,300,true],"woocommerce_single":["https:\/\/vapestornado.com\/wp-content\/uploads\/2025\/03\/Uwin-Twins-Crystal-40000-Puffs-Two-Flavors-in-Vape-600x600.webp",600,600,true],"woocommerce_gallery_thumbnail":["https:\/\/vapestornado.com\/wp-content\/uploads\/2025\/03\/Uwin-Twins-Crystal-40000-Puffs-Two-Flavors-in-Vape-100x100.webp",100,100,true]},"uagb_author_info":{"display_name":"ESAMY","author_link":"https:\/\/vapestornado.com\/lt\/author\/"},"uagb_comment_info":0,"uagb_excerpt":"Uwin Twins Crystal 40000 40k Puff Digital Vape Wholesale Price Uwin Twins Crystal 40k Puff Best Disposable Vape in Netherlands Uwin Crystal 40000 40k Puff Cheap\u00a0Price Buy online Add Amy's whatsapp to get right reply and discount price! WhatsApp: +86 17776015835 &nbsp;","_links":{"self":[{"href":"https:\/\/vapestornado.com\/lt\/wp-json\/wp\/v2\/product\/3932","targetHints":{"allow":["GET"]}}],"collection":[{"href":"https:\/\/vapestornado.com\/lt\/wp-json\/wp\/v2\/product"}],"about":[{"href":"https:\/\/vapestornado.com\/lt\/wp-json\/wp\/v2\/types\/product"}],"replies":[{"embeddable":true,"href":"https:\/\/vapestornado.com\/lt\/wp-json\/wp\/v2\/comments?post=3932"}],"wp:featuredmedia":[{"embeddable":true,"href":"https:\/\/vapestornado.com\/lt\/wp-json\/wp\/v2\/media\/3908"}],"wp:attachment":[{"href":"https:\/\/vapestornado.com\/lt\/wp-json\/wp\/v2\/media?parent=3932"}],"wp:term":[{"taxonomy":"product_brand","embeddable":true,"href":"https:\/\/vapestornado.com\/lt\/wp-json\/wp\/v2\/product_brand?post=3932"},{"taxonomy":"product_cat","embeddable":true,"href":"https:\/\/vapestornado.com\/lt\/wp-json\/wp\/v2\/product_cat?post=3932"},{"taxonomy":"product_tag","embeddable":true,"href":"https:\/\/vapestornado.com\/lt\/wp-json\/wp\/v2\/product_tag?post=3932"}],"curies":[{"name":"wp","href":"https:\/\/api.w.org\/{rel}","templated":true}]}}