{"id":3931,"date":"2025-03-21T07:19:47","date_gmt":"2025-03-21T07:19:47","guid":{"rendered":"https:\/\/vapestornado.com\/?post_type=product&#038;p=3931"},"modified":"2025-08-23T10:52:54","modified_gmt":"2025-08-23T10:52:54","slug":"best-mesii-shisha-heavy-hitter-50000-puff-longest-lasting-disposable-vape","status":"publish","type":"product","link":"https:\/\/vapestornado.com\/lt\/product\/best-mesii-shisha-heavy-hitter-50000-puff-longest-lasting-disposable-vape\/","title":{"rendered":"Geriausias Mesii Shisha Heavy Hitter 50000 P\u016bpsni\u0173 ilgiausiai veikiantis vienkartinis garintuvas"},"content":{"rendered":"<h1 data-pm-slice=\"1 1 []\">Geriausias Mesii Shisha Heavy Hitter 50000 P\u016bpsni\u0173 ilgiausiai veikiantis vienkartinis garintuvas<\/h1>\n<p data-start=\"221\" data-end=\"580\">\u0160is <strong data-start=\"225\" data-end=\"282\">Mesii Shisha Heavy Hitter 50000 p\u016btim\u0173 vienkartinis vape<\/strong> yra sukurtas vartotojams, kurie nori maksimalaus patvarumo ir ry\u0161kaus skonio viename galingame \u012frenginyje. Su <strong data-start=\"386\" data-end=\"422\">ypa\u010d didele 50 000 \u012fkv\u0117pim\u0173 talpa<\/strong>, \u0161is \u012frenginys yra vienas ilgiausiai veikian\u010di\u0173 vienkartini\u0173 \u012frengini\u0173 rinkoje, tod\u0117l jis labai patrauklus didmenininkams ir ma\u017emenininkams, ie\u0161kantiems patikim\u0173 dideli\u0173 atsarg\u0173.<\/p>\n<p data-start=\"582\" data-end=\"908\">Su <strong data-start=\"592\" data-end=\"613\">dvigubais garinimo re\u017eimais<\/strong>, vartotojai gali perjungti du galios nustatymus, kad pritaikyt\u0173 patirt\u012f \u2013 skland\u0173 kasdieniam naudojimui arba intensyv\u0173 debes\u0173 m\u0117g\u0117jams. Jo <strong data-start=\"745\" data-end=\"774\">reguliuojama oro srauto sistema<\/strong> dar labiau pritaiko kiekvien\u0105 \u012fkv\u0117pim\u0105, o keli <strong data-start=\"817\" data-end=\"856\">nikotino stiprumai (0%, 2%, 3%, 5%)<\/strong> padaro j\u012f tinkam\u0105 \u012fvairiems pageidavimams.<\/p>\n<p data-start=\"910\" data-end=\"1257\">\u012erengtas su <strong data-start=\"926\" data-end=\"957\">650mAh \u012fkraunama baterija<\/strong> ir <strong data-start=\"962\" data-end=\"986\">C tipo greit\u0105j\u012f \u012fkrovim\u0105<\/strong>, \u201eMesii Heavy Hitter\u201c suma\u017eina prastov\u0173 laik\u0105 iki minimumo. The <strong data-start=\"1039\" data-end=\"1063\">skaitmeninis i\u0161manusis ekranas<\/strong> rodo realaus laiko baterijos ir e-skys\u010dio lygius, u\u017etikrinant nuosekl\u0173 veikim\u0105. Viduje <strong data-start=\"1157\" data-end=\"1186\">dviguba tinklelio rit\u0117s technologija<\/strong> pagerina gar\u0173 tank\u012f ir skon\u012f, suteikdamas kiekvienam \u012fkv\u0117pimui auk\u0161\u010diausios kokyb\u0117s prana\u0161um\u0105.<\/p>\n<p data-start=\"1259\" data-end=\"1420\">Didmenininkams <strong data-start=\"1280\" data-end=\"1305\">\u201eMesii Shisha 50K Vape\u201c<\/strong> sujungia <strong data-start=\"1315\" data-end=\"1368\">talpa, universalumas ir stiprus vartotoj\u0173 patrauklumas<\/strong>\u2013 pelningas pasirinkimas Lietuvos vape rinkai<\/p>\n<p data-start=\"666\" data-end=\"1235\"><strong style=\"font-size: 16px;\"><span style=\"color: #ff0000;\">Prid\u0117kite Amy WhatsApp, kad gautum\u0117te tinkam\u0105 atsakym\u0105 ir nuolaid\u0105!<\/span><\/strong><\/p>\n<p><img fetchpriority=\"high\" decoding=\"async\" class=\"size-full wp-image-2932\" src=\"https:\/\/vapestornado.com\/wp-content\/uploads\/2024\/12\/Vape-Wholesale.jpg\" alt=\"Garintuvai Didmenin\u0117 prekyba\" width=\"229\" height=\"300\" \/><\/p>\n<h3><a href=\"https:\/\/wa.me\/8617776015835\" target=\"_blank\" rel=\"noopener\"><span style=\"color: #ff0000;\"><strong>WhatsApp: +86 17776015835<\/strong><\/span><\/a><\/h3>\n<p>&nbsp;<\/p>\n<h2><strong>Geriausios \u201eMesii Shisha Heavy Hitter 50000 Vape\u201c pagrindin\u0117s produkto savyb\u0117s<\/strong><\/h2>\n<p>Prek\u0117s \u017eenklas: Mesii<br \/>\nModelis: Mesii Shisha Heavy Hitter 50000<br \/>\nNikotinas: 0% 2% 5%<br \/>\nBaterijos talpa: 800 mAh<br \/>\nP\u016btimai: 50000<br \/>\nAliejus: 45 ml<br \/>\nSkaitmeninis ekranas<br \/>\nDTL<br \/>\nDviguba tinklelio rit\u0117<\/p>\n<h2 class=\"product-title\"><strong>Populiariausi\u0173 \u201eMesii Shisha Hookah 50000 Vape\u201c skoni\u0173 s\u0105ra\u0161as<\/strong><\/h2>\n<article class=\"w-full text-token-text-primary focus-visible:outline-2 focus-visible:outline-offset-[-4px]\" dir=\"auto\" data-testid=\"conversation-turn-32\" data-scroll-anchor=\"false\">\n<div class=\"m-auto text-base py-[18px] px-6\">\n<div class=\"mx-auto flex flex-1 text-base gap-4 md:gap-5 lg:gap-6 md:max-w-3xl lg:max-w-[40rem] xl:max-w-[48rem]\">\n<div class=\"group\/conversation-turn relative flex w-full min-w-0 flex-col @xs\/thread:px-0 @sm\/thread:px-1.5 @md\/thread:px-4\">\n<div class=\"flex-col gap-1 md:gap-3\">\n<div class=\"flex max-w-full flex-col flex-grow\">\n<div class=\"min-h-8 text-message flex w-full flex-col items-end gap-2 whitespace-normal break-words text-start [.text-message+&amp;]:mt-5\" dir=\"auto\" data-message-author-role=\"user\" data-message-id=\"ffac41ca-1db4-431b-873a-32c4052956f1\">\n<div class=\"flex w-full flex-col gap-1 empty:hidden items-end rtl:items-start\">\n<div class=\"relative max-w-[var(--user-chat-width,70%)] rounded-3xl bg-token-message-surface px-5 py-2.5\">\n<div class=\"absolute bottom-0 right-full top-0 -mr-3.5 hidden pr-5 pt-2 [.group\/conversation-turn:hover_&amp;]:flex\">\n<div class=\"flex\">\n<article class=\"w-full text-token-text-primary focus-visible:outline-2 focus-visible:outline-offset-[-4px]\" dir=\"auto\" data-testid=\"conversation-turn-39\" data-scroll-anchor=\"true\">\n<div class=\"m-auto text-base py-[18px] px-6\">\n<div class=\"mx-auto flex flex-1 text-base gap-4 md:gap-5 lg:gap-6 md:max-w-3xl lg:max-w-[40rem] xl:max-w-[48rem]\">\n<div class=\"group\/conversation-turn relative flex w-full min-w-0 flex-col agent-turn @xs\/thread:px-0 @sm\/thread:px-1.5 @md\/thread:px-4\">\n<div class=\"flex-col gap-1 md:gap-3\">\n<div class=\"flex max-w-full flex-col flex-grow\">\n<div class=\"min-h-8 text-message flex w-full flex-col items-end gap-2 whitespace-normal break-words text-start [.text-message+&amp;]:mt-5\" dir=\"auto\" data-message-author-role=\"assistant\" data-message-id=\"55a23854-ec57-48dd-bd4f-6118f43d6241\" data-message-model-slug=\"gpt-4o\">\n<div class=\"flex w-full flex-col gap-1 empty:hidden first:pt-[3px]\">\n<div class=\"markdown prose w-full break-words dark:prose-invert light\">\n<p>1. Bra\u0161ki\u0173 Margarita Ledas (\u201eShisha\u201c)<br \/>\n2. Meil\u0117 777 Ledas (\u201eShisha\u201c)<br \/>\n3. Vynuogi\u0173 M\u0117t\u0173 Ledas (\u201eShisha\u201c)<br \/>\n4. Dvigubas obuoli\u0173 ledas (Shisha)<br \/>\n5. Lady Killa Ice (Shisha)<br \/>\n6. Persik\u0173 ledas<br \/>\n7. M\u0117lyni\u0173 avie\u010di\u0173 ledas<br \/>\n8. Arb\u016bz\u0173 ledas<br \/>\n9. Uog\u0173 ledas<br \/>\n10. Gevuogi\u0173 ledas<br \/>\n11. Bra\u0161ki\u0173 vy\u0161ni\u0173 ledas<br \/>\n12. M\u0117lyni\u0173 arb\u016bz\u0173 ledas<br \/>\n13. Citrin\u0173 laim\u0173 ledas<br \/>\n14. R\u016bg\u0161tus mango ananas\u0173 ledas<br \/>\n15. Vynuogi\u0173 ledas<\/p>\n<figure id=\"attachment_3914\" aria-describedby=\"caption-attachment-3914\" style=\"width: 800px\" class=\"wp-caption alignnone\"><img decoding=\"async\" class=\"wp-image-3914 size-full\" src=\"https:\/\/vapestornado.com\/wp-content\/uploads\/2025\/03\/Mesii-Shisha-Hoohakh-50k-50000-Vape-Price.webp\" alt=\"Mesii Shisha Hoohakh 50k 50000 Vape kaina\" width=\"800\" height=\"800\" srcset=\"https:\/\/vapestornado.com\/wp-content\/uploads\/2025\/03\/Mesii-Shisha-Hoohakh-50k-50000-Vape-Price.webp 800w, https:\/\/vapestornado.com\/wp-content\/uploads\/2025\/03\/Mesii-Shisha-Hoohakh-50k-50000-Vape-Price-300x300.webp 300w, https:\/\/vapestornado.com\/wp-content\/uploads\/2025\/03\/Mesii-Shisha-Hoohakh-50k-50000-Vape-Price-150x150.webp 150w, https:\/\/vapestornado.com\/wp-content\/uploads\/2025\/03\/Mesii-Shisha-Hoohakh-50k-50000-Vape-Price-768x768.webp 768w, https:\/\/vapestornado.com\/wp-content\/uploads\/2025\/03\/Mesii-Shisha-Hoohakh-50k-50000-Vape-Price-600x600.webp 600w, https:\/\/vapestornado.com\/wp-content\/uploads\/2025\/03\/Mesii-Shisha-Hoohakh-50k-50000-Vape-Price-100x100.webp 100w\" sizes=\"(max-width: 800px) 100vw, 800px\" \/><figcaption id=\"caption-attachment-3914\" class=\"wp-caption-text\">Mesii Shisha Hoohakh 50k 50000 Vape kaina<\/figcaption><\/figure>\n<\/div>\n<\/div>\n<\/div>\n<\/div>\n<\/div>\n<\/div>\n<\/div>\n<\/div>\n<\/article>\n<\/div>\n<\/div>\n<\/div>\n<\/div>\n<\/div>\n<\/div>\n<\/div>\n<\/div>\n<\/div>\n<\/div>\n<\/article>\n<h2>Kod\u0117l verta rinktis Vapestornado, norint geriausio Mesii Shisha Heavy Hitter 50K Vape didmeninio pirkimo?<\/h2>\n<div class=\"flex-shrink-0 flex flex-col relative items-end\">\n<div class=\"pt-0\">\n<div class=\"gizmo-bot-avatar flex h-8 w-8 items-center justify-center overflow-hidden rounded-full\">\n<div class=\"relative p-1 rounded-sm flex items-center justify-center bg-token-main-surface-primary text-token-text-primary h-8 w-8\">\n<p data-start=\"88\" data-end=\"557\">Kai kalbama apie <strong data-start=\"105\" data-end=\"154\">\u00a0auk\u0161tos kokyb\u0117s vienkartini\u0173 elektronini\u0173 cigare\u010di\u0173 \u012fsigijimas<\/strong>, <strong data-start=\"156\" data-end=\"172\">Vapestornado<\/strong> yra neprilygstamo \u0161altinis <strong data-start=\"208\" data-end=\"271\">gamyklos kainos, greitas pristatymas ir auk\u0161\u010diausios kokyb\u0117s klient\u0173 aptarnavimas<\/strong>. Geriausio Mesii Shisha Heavy Hitter 50000 pirkimas i\u0161 Vapestornado rei\u0161kia, kad gausite <strong data-start=\"363\" data-end=\"400\">autenti\u0161kus, 100% originalius produktus<\/strong> su naujausia <strong data-start=\"417\" data-end=\"515\">skaitmeninio ekrano technologija, \u012fkraunamu Type-C patogumu ir didele 50000 \u012fp\u016btim\u0173 talpa<\/strong>\u2014visa tai u\u017e <strong data-start=\"527\" data-end=\"554\">ma\u017eiausias didmenines kainas<\/strong>.<\/p>\n<p data-start=\"559\" data-end=\"933\" data-is-last-node=\"\" data-is-only-node=\"\">Mes taip pat turime kit\u0173 populiari\u0173 vape su ekranu, pavyzd\u017eiui, <a href=\"https:\/\/vapestornado.com\/lt\/product\/bang-leader-50000-puffs-50k-2-in-1-double-flavor-digital-disposable-vape-bulk-price\/\">BANG Vadovas 50000<\/a>, <a href=\"https:\/\/vapestornado.com\/lt\/product\/vopk-ultra-40000-puffs-2-in-1-digital-screen-rechargeable-disposable-vape\/\">VOPK 40000 \u012fp\u016btim\u0173 vienkartin\u0117 elektronin\u0117 cigaret\u0117<\/a>, <a href=\"https:\/\/vapestornado.com\/lt\/product\/vozol-gear-shisha-25k-25000-puffs-best-dtl-disposable-vape-hookah-cheap-price\/\">Vozol Gear Shisha 25000<\/a>, ir daugiau.<\/p>\n<\/div>\n<div class=\"relative p-1 rounded-sm flex items-center justify-center bg-token-main-surface-primary text-token-text-primary h-8 w-8\">\n<h2>DUK<\/h2>\n<ol data-start=\"1216\" data-end=\"2192\">\n<li data-start=\"1216\" data-end=\"1431\">\n<p data-start=\"1219\" data-end=\"1431\"><strong data-start=\"1219\" data-end=\"1261\">Kaip tinkamai naudoti vienkartin\u0119 elektronin\u0119 cigaret\u0119?<\/strong><br data-start=\"1261\" data-end=\"1264\" \/>Tiesiog \u012fkv\u0117pkite per kandikl\u012f, kad \u012fjungtum\u0117te \u012frengin\u012f. \u0160is <strong data-start=\"1332\" data-end=\"1367\">Mesii Shisha Heavy Hitter 50000<\/strong> yra \u012fjungiamas \u012ftraukimu, o tai rei\u0161kia, kad nereikia joki\u0173 mygtuk\u0173 ar nustatym\u0173.<\/p>\n<\/li>\n<li data-start=\"1433\" data-end=\"1663\">\n<p data-start=\"1436\" data-end=\"1663\"><strong data-start=\"1436\" data-end=\"1488\">Ar yra b\u016bdas \u012fkrauti i\u0161sikrovusi\u0105 vienkartin\u0119 elektronin\u0119 cigaret\u0119?<\/strong><br data-start=\"1488\" data-end=\"1491\" \/>Jei baterija i\u0161sikrauna anks\u010diau, nei sunaudojamas e-skystis, galite <strong data-start=\"1555\" data-end=\"1593\">j\u0105 \u012fkrauti naudodami Type-C \u012fkrovikl\u012f<\/strong>. Ta\u010diau, kai vape visi\u0161kai i\u0161tu\u0161t\u0117ja, jo negalima papildyti.<\/p>\n<\/li>\n<li data-start=\"1665\" data-end=\"1902\">\n<p data-start=\"1668\" data-end=\"1902\"><strong data-start=\"1668\" data-end=\"1707\">Ar vienkartinius vape galima d\u0117ti \u012f baga\u017e\u0105?<\/strong><br data-start=\"1707\" data-end=\"1710\" \/>Taip, vienkartinius vape galima ne\u0161tis \u012f savo <strong data-start=\"1758\" data-end=\"1778\">rankin\u012f baga\u017e\u0105<\/strong>, ta\u010diau j\u0173 negalima d\u0117ti \u012f registruot\u0105 baga\u017e\u0105 d\u0117l oro linij\u0173 taisykli\u0173. Prie\u0161 kelion\u0119 visada pasitarkite su savo oro linijomis.<\/p>\n<\/li>\n<li data-start=\"1904\" data-end=\"2192\">\n<p data-start=\"1907\" data-end=\"2192\"><strong data-start=\"1907\" data-end=\"1946\">Kaip su\u017einoti, kada mano vape baigtas?<\/strong><br data-start=\"1946\" data-end=\"1949\" \/>\u0160is <strong data-start=\"1956\" data-end=\"1980\">i\u0161manusis ekrano ekranas<\/strong> ant <strong data-start=\"1988\" data-end=\"2023\">Mesii Shisha Heavy Hitter 50000<\/strong> leid\u017eia jums steb\u0117ti <strong data-start=\"2041\" data-end=\"2072\">akumuliatoriaus ir e. skys\u010dio lygius<\/strong>. Jei skonis susilpn\u0117ja, gar\u0173 gamyba suma\u017e\u0117ja arba ekrane rodomas tu\u0161\u010dias pod'as, laikas naujam \u012frenginiui.<\/p>\n<\/li>\n<\/ol>\n<\/div>\n<\/div>\n<\/div>\n<\/div>","protected":false},"excerpt":{"rendered":"<p data-start=\"1460\" data-end=\"1646\">\u0160is <strong data-start=\"1464\" data-end=\"1499\">Mesii Shisha Heavy Hitter 50000<\/strong> si\u016blo dvigubus re\u017eimus, i\u0161man\u0173j\u012f ekran\u0105 ir 50 t\u016bkst. \u012fkv\u0117pim\u0173. Ilgiausiai veikiantis <strong data-start=\"1566\" data-end=\"1585\">vienkartinis garintuvas<\/strong> sukurtas <strong data-start=\"1596\" data-end=\"1643\">didmeniniams pirk\u0117jams ir platintojams Europoje<\/strong>.<\/p>\n<p><strong>Prid\u0117kite Amy's whatsapp, kad gautum\u0117te tinkam\u0105 atsakym\u0105 ir nuolaidos kain\u0105!<\/strong><\/p>\n<p><img fetchpriority=\"high\" decoding=\"async\" class=\"size-full wp-image-2932\" src=\"https:\/\/vapestornado.com\/wp-content\/uploads\/2024\/12\/Vape-Wholesale.jpg\" alt=\"Garintuvai Didmenin\u0117 prekyba\" width=\"229\" height=\"300\" \/><\/p>\n<h3><a href=\"https:\/\/wa.me\/8617776015835\"><span style=\"color: #ff0000;\"><strong>WhatsApp: +86 17776015835<\/strong><\/span><\/a><\/h3>\n<p>&nbsp;<\/p>","protected":false},"featured_media":3910,"comment_status":"open","ping_status":"closed","template":"","meta":{"_acf_changed":false,"_uag_custom_page_level_css":"","_lmt_disableupdate":"no","_lmt_disable":"","_monsterinsights_skip_tracking":false,"_monsterinsights_sitenote_active":false,"_monsterinsights_sitenote_note":"","_monsterinsights_sitenote_category":0,"site-sidebar-layout":"default","site-content-layout":"","ast-site-content-layout":"default","site-content-style":"default","site-sidebar-style":"default","ast-global-header-display":"","ast-banner-title-visibility":"","ast-main-header-display":"","ast-hfb-above-header-display":"","ast-hfb-below-header-display":"","ast-hfb-mobile-header-display":"","site-post-title":"","ast-breadcrumbs-content":"","ast-featured-img":"","footer-sml-layout":"","ast-disable-related-posts":"","theme-transparent-header-meta":"default","adv-header-id-meta":"","stick-header-meta":"","header-above-stick-meta":"","header-main-stick-meta":"","header-below-stick-meta":"","astra-migrate-meta-layouts":"set","ast-page-background-enabled":"default","ast-page-background-meta":{"desktop":{"background-color":"","background-image":"","background-repeat":"repeat","background-position":"center center","background-size":"auto","background-attachment":"scroll","background-type":"","background-media":"","overlay-type":"","overlay-color":"","overlay-opacity":"","overlay-gradient":""},"tablet":{"background-color":"","background-image":"","background-repeat":"repeat","background-position":"center center","background-size":"auto","background-attachment":"scroll","background-type":"","background-media":"","overlay-type":"","overlay-color":"","overlay-opacity":"","overlay-gradient":""},"mobile":{"background-color":"","background-image":"","background-repeat":"repeat","background-position":"center center","background-size":"auto","background-attachment":"scroll","background-type":"","background-media":"","overlay-type":"","overlay-color":"","overlay-opacity":"","overlay-gradient":""}},"ast-content-background-meta":{"desktop":{"background-color":"var(--ast-global-color-5)","background-image":"","background-repeat":"repeat","background-position":"center center","background-size":"auto","background-attachment":"scroll","background-type":"","background-media":"","overlay-type":"","overlay-color":"","overlay-opacity":"","overlay-gradient":""},"tablet":{"background-color":"var(--ast-global-color-5)","background-image":"","background-repeat":"repeat","background-position":"center center","background-size":"auto","background-attachment":"scroll","background-type":"","background-media":"","overlay-type":"","overlay-color":"","overlay-opacity":"","overlay-gradient":""},"mobile":{"background-color":"var(--ast-global-color-5)","background-image":"","background-repeat":"repeat","background-position":"center center","background-size":"auto","background-attachment":"scroll","background-type":"","background-media":"","overlay-type":"","overlay-color":"","overlay-opacity":"","overlay-gradient":""}},"_joinchat":{"telephone":"17776015835"}},"product_brand":[],"product_cat":[19,192,152,156,160,141,142,277,146,147],"product_tag":[274,275,94,276,93,269],"class_list":{"0":"post-3931","1":"product","2":"type-product","3":"status-publish","4":"has-post-thumbnail","6":"product_cat-vapes","7":"product_cat-50000-puff","8":"product_cat-buy-disposable-vapes-in-cermany","9":"product_cat-buy-disposable-vapes-in-poland","10":"product_cat-buy-disposable-vapes-in-switzerland","11":"product_cat-crystal-disposable-vapes","12":"product_cat-digital-box-disposable-vapes","13":"product_cat-mesii-vape","14":"product_cat-rechargeable-disposable-vapes","15":"product_cat-shisha-hookah-disposable-vapes","16":"product_tag-longest-lasting-disposable-vape","17":"product_tag-mesii-shisha-heavy-hitter-50000","18":"product_tag-rechargeable-disposable-vape","19":"product_tag-shisha-disposable-vape","20":"product_tag-vape-wholesale","21":"product_tag-vape-with-screen","22":"desktop-align-left","23":"tablet-align-left","24":"mobile-align-left","26":"first","27":"instock","28":"sale","29":"shipping-taxable","30":"purchasable","31":"product-type-simple"},"acf":[],"uagb_featured_image_src":{"full":["https:\/\/vapestornado.com\/wp-content\/uploads\/2025\/03\/Best-Disposable-Vape-Germany-50k-Puff.webp",800,800,false],"thumbnail":["https:\/\/vapestornado.com\/wp-content\/uploads\/2025\/03\/Best-Disposable-Vape-Germany-50k-Puff-150x150.webp",150,150,true],"medium":["https:\/\/vapestornado.com\/wp-content\/uploads\/2025\/03\/Best-Disposable-Vape-Germany-50k-Puff-300x300.webp",300,300,true],"medium_large":["https:\/\/vapestornado.com\/wp-content\/uploads\/2025\/03\/Best-Disposable-Vape-Germany-50k-Puff-768x768.webp",768,768,true],"large":["https:\/\/vapestornado.com\/wp-content\/uploads\/2025\/03\/Best-Disposable-Vape-Germany-50k-Puff.webp",800,800,false],"1536x1536":["https:\/\/vapestornado.com\/wp-content\/uploads\/2025\/03\/Best-Disposable-Vape-Germany-50k-Puff.webp",800,800,false],"2048x2048":["https:\/\/vapestornado.com\/wp-content\/uploads\/2025\/03\/Best-Disposable-Vape-Germany-50k-Puff.webp",800,800,false],"trp-custom-language-flag":["https:\/\/vapestornado.com\/wp-content\/uploads\/2025\/03\/Best-Disposable-Vape-Germany-50k-Puff.webp",12,12,false],"woocommerce_thumbnail":["https:\/\/vapestornado.com\/wp-content\/uploads\/2025\/03\/Best-Disposable-Vape-Germany-50k-Puff-300x300.webp",300,300,true],"woocommerce_single":["https:\/\/vapestornado.com\/wp-content\/uploads\/2025\/03\/Best-Disposable-Vape-Germany-50k-Puff-600x600.webp",600,600,true],"woocommerce_gallery_thumbnail":["https:\/\/vapestornado.com\/wp-content\/uploads\/2025\/03\/Best-Disposable-Vape-Germany-50k-Puff-100x100.webp",100,100,true]},"uagb_author_info":{"display_name":"ESAMY","author_link":"https:\/\/vapestornado.com\/lt\/author\/"},"uagb_comment_info":0,"uagb_excerpt":"The Mesii Shisha Heavy Hitter 50000 offers dual modes, smart screen, and 50K puffs. A longest lasting disposable vape built for wholesale buyers and distributors in Europe. Add Amy's whatsapp to get right reply and discount price! WhatsApp: +86 17776015835 &nbsp;","_links":{"self":[{"href":"https:\/\/vapestornado.com\/lt\/wp-json\/wp\/v2\/product\/3931","targetHints":{"allow":["GET"]}}],"collection":[{"href":"https:\/\/vapestornado.com\/lt\/wp-json\/wp\/v2\/product"}],"about":[{"href":"https:\/\/vapestornado.com\/lt\/wp-json\/wp\/v2\/types\/product"}],"replies":[{"embeddable":true,"href":"https:\/\/vapestornado.com\/lt\/wp-json\/wp\/v2\/comments?post=3931"}],"wp:featuredmedia":[{"embeddable":true,"href":"https:\/\/vapestornado.com\/lt\/wp-json\/wp\/v2\/media\/3910"}],"wp:attachment":[{"href":"https:\/\/vapestornado.com\/lt\/wp-json\/wp\/v2\/media?parent=3931"}],"wp:term":[{"taxonomy":"product_brand","embeddable":true,"href":"https:\/\/vapestornado.com\/lt\/wp-json\/wp\/v2\/product_brand?post=3931"},{"taxonomy":"product_cat","embeddable":true,"href":"https:\/\/vapestornado.com\/lt\/wp-json\/wp\/v2\/product_cat?post=3931"},{"taxonomy":"product_tag","embeddable":true,"href":"https:\/\/vapestornado.com\/lt\/wp-json\/wp\/v2\/product_tag?post=3931"}],"curies":[{"name":"wp","href":"https:\/\/api.w.org\/{rel}","templated":true}]}}