{"id":3928,"date":"2025-03-20T03:43:34","date_gmt":"2025-03-20T03:43:34","guid":{"rendered":"https:\/\/vapestornado.com\/?post_type=product&#038;p=3928"},"modified":"2025-08-23T11:38:54","modified_gmt":"2025-08-23T11:38:54","slug":"vozol-gear-shisha-25k-25000-puffs-best-dtl-disposable-vape-hookah-cheap-price","status":"publish","type":"product","link":"https:\/\/vapestornado.com\/lt\/product\/vozol-gear-shisha-25k-25000-puffs-best-dtl-disposable-vape-hookah-cheap-price\/","title":{"rendered":"Vozol Gear Shisha 25k 25000 \u012etraukim\u0173 Geriausias DTL vienkartinis vape kaljanas pigi kaina"},"content":{"rendered":"<h1 data-pm-slice=\"1 1 []\">Vozol Gear Shisha 25k 25000 \u012etraukim\u0173 Geriausias DTL vienkartinis vape kaljanas pigi kaina<\/h1>\n<p data-start=\"187\" data-end=\"478\">\u0160is <strong data-start=\"191\" data-end=\"232\">Vozol Gear Shisha 25K vienkartinis garintuvas<\/strong> i\u0161 naujo apibr\u0117\u017eia DTL kaljano stiliaus garinimo patirt\u012f, tod\u0117l tai yra b\u016btinas dalykas <strong data-start=\"309\" data-end=\"338\">didmenininkams ir ma\u017emenininkams<\/strong> aptarnaujantiems Europos rink\u0105. Su iki <strong data-start=\"383\" data-end=\"399\">25 000 \u012fp\u016btim\u0173<\/strong>, \u0161is didel\u0117s talpos \u012frenginys u\u017etikrina ilgas sesijas ir stipr\u0173 vartotoj\u0173 patrauklum\u0105.<\/p>\n<p data-start=\"480\" data-end=\"863\">Jo <strong data-start=\"484\" data-end=\"516\">1000 mAh \u012fkraunamos baterijos<\/strong> su <strong data-start=\"522\" data-end=\"546\">C tipo greit\u0105j\u012f \u012fkrovim\u0105<\/strong> suma\u017eina prastovas, o <strong data-start=\"577\" data-end=\"603\">2,1 colio spalvotas ekranas<\/strong> suteikia realaus laiko informacij\u0105 apie \u012ftraukim\u0173 skai\u010di\u0173, baterijos b\u016bkl\u0119 ir garinimo re\u017eim\u0105. Vartotojai gali perjungti tarp <strong data-start=\"705\" data-end=\"717\">Ekonominis re\u017eimas<\/strong> (maksimalus i\u0161tvermingumas, iki 25 t\u016bkst. \u012ftraukim\u0173) ir <strong data-start=\"759\" data-end=\"773\">Galingas re\u017eimas<\/strong> (daugiau intensyvumo, iki 18 t\u016bkst. \u012ftraukim\u0173), suteikiant lankstumo skirtingiems garinimo poreikiams.<\/p>\n<p data-start=\"865\" data-end=\"1153\">An <strong data-start=\"868\" data-end=\"897\">reguliuojama oro srauto sistema<\/strong> sujungta su <strong data-start=\"910\" data-end=\"929\">dvigubomis tinklelio spiral\u0117mis<\/strong> u\u017etikrina skland\u0173 gar\u0173 tiekim\u0105, tankius debesis ir pastov\u0173 skon\u012f. Su <strong data-start=\"1016\" data-end=\"1040\">26 ml auk\u0161\u010diausios kokyb\u0117s e-skys\u010dio<\/strong> ir <strong data-start=\"1060\" data-end=\"1076\">40+ skoni\u0173<\/strong>katalogu, Vozol Gear Shisha patenkina tiek daug garinan\u010dius, tiek skonio entuziastus.<\/p>\n<p data-start=\"1155\" data-end=\"1393\">Dideliems pirk\u0117jams <strong data-start=\"1176\" data-end=\"1201\">Vozol Gear Shisha 25K<\/strong> yra daugiau nei tik vienkartinis garintuvas \u2013 tai auk\u0161\u010diausios kokyb\u0117s pasirinkimas su pa\u017eangiomis funkcijomis, padedan\u010diomis ma\u017emenininkams i\u0161siskirti perpildytoje rinkoje ir gauti naudos i\u0161 <strong data-start=\"1357\" data-end=\"1390\">konkurencingos didmenin\u0117s kainos<\/strong>.<\/p>\n<p data-start=\"666\" data-end=\"1235\"><strong style=\"font-size: 16px;\"><span style=\"color: #ff0000;\">Prid\u0117kite Amy WhatsApp, kad gautum\u0117te tinkam\u0105 atsakym\u0105 ir nuolaid\u0105!<\/span><\/strong><\/p>\n<p><img fetchpriority=\"high\" decoding=\"async\" class=\"size-full wp-image-2932\" src=\"https:\/\/vapestornado.com\/wp-content\/uploads\/2024\/12\/Vape-Wholesale.jpg\" alt=\"Garintuvai Didmenin\u0117 prekyba\" width=\"229\" height=\"300\" \/><\/p>\n<h3><a href=\"https:\/\/wa.me\/8617776015835\" target=\"_blank\" rel=\"noopener\"><span style=\"color: #ff0000;\"><strong>WhatsApp: +86 17776015835<\/strong><\/span><\/a><\/h3>\n<p>&nbsp;<\/p>\n<h2><strong>Vozol Gear Shisha 25k garintuvo pagrindin\u0117s savyb\u0117s<\/strong><\/h2>\n<p>Prek\u0117s \u017eenklas: Vozol Vape<br \/>\nModelis: Gear Shisha DTL vienkartinis<br \/>\nNikotinas: 5%<br \/>\nBaterijos talpa: 1000 mAh<br \/>\n\u012ekv\u0117pim\u0173 re\u017eimai: Eco re\u017eimas (25 000 \u012fkv\u0117pim\u0173), Power re\u017eimas (18 000 \u012fkv\u0117pim\u0173)<br \/>\nYpatingos savyb\u0117s: Interaktyvus garsas, I\u0161manusis lustas, Dvigubos tinklelio rit\u0117s<br \/>\nEkranas: 2,1 colio spalvotas ekranas lengvam steb\u0117jimui<br \/>\nDizainas: Artim\u0173j\u0173 Ryt\u0173 stiliaus vartotojo s\u0105saja<br \/>\nReguliuojamas oro srautas<br \/>\nSkoniai: Daugiau nei 12 viliojan\u010di\u0173 pasirinkim\u0173, \u012fskaitant vaisi\u0173 ir m\u0117t\u0173<\/p>\n<p>&nbsp;<\/p>\n<figure id=\"attachment_3922\" aria-describedby=\"caption-attachment-3922\" style=\"width: 800px\" class=\"wp-caption alignnone\"><img decoding=\"async\" class=\"wp-image-3922 size-full\" src=\"https:\/\/vapestornado.com\/wp-content\/uploads\/2025\/03\/Vazol-Gear-Shisha-25000-Puff-25k-Wholesale-Price.webp\" alt=\"Vazol Gear Shisha 25000 \u012fkv\u0117pim\u0173 25k didmenin\u0117 kaina\" width=\"800\" height=\"800\" srcset=\"https:\/\/vapestornado.com\/wp-content\/uploads\/2025\/03\/Vazol-Gear-Shisha-25000-Puff-25k-Wholesale-Price.webp 800w, https:\/\/vapestornado.com\/wp-content\/uploads\/2025\/03\/Vazol-Gear-Shisha-25000-Puff-25k-Wholesale-Price-300x300.webp 300w, https:\/\/vapestornado.com\/wp-content\/uploads\/2025\/03\/Vazol-Gear-Shisha-25000-Puff-25k-Wholesale-Price-150x150.webp 150w, https:\/\/vapestornado.com\/wp-content\/uploads\/2025\/03\/Vazol-Gear-Shisha-25000-Puff-25k-Wholesale-Price-768x768.webp 768w, https:\/\/vapestornado.com\/wp-content\/uploads\/2025\/03\/Vazol-Gear-Shisha-25000-Puff-25k-Wholesale-Price-600x600.webp 600w, https:\/\/vapestornado.com\/wp-content\/uploads\/2025\/03\/Vazol-Gear-Shisha-25000-Puff-25k-Wholesale-Price-100x100.webp 100w\" sizes=\"(max-width: 800px) 100vw, 800px\" \/><figcaption id=\"caption-attachment-3922\" class=\"wp-caption-text\">Vazol Gear Shisha 25000 \u012fkv\u0117pim\u0173 25k didmenin\u0117 kaina<\/figcaption><\/figure>\n<h2 class=\"product-title\"><strong>Vozol Gear 25000 Shisha Hookah Garintuvo skoni\u0173 s\u0105ra\u0161as<\/strong><\/h2>\n<article class=\"w-full text-token-text-primary focus-visible:outline-2 focus-visible:outline-offset-[-4px]\" dir=\"auto\" data-testid=\"conversation-turn-32\" data-scroll-anchor=\"false\">\n<div class=\"m-auto text-base py-[18px] px-6\">\n<div class=\"mx-auto flex flex-1 text-base gap-4 md:gap-5 lg:gap-6 md:max-w-3xl lg:max-w-[40rem] xl:max-w-[48rem]\">\n<div class=\"group\/conversation-turn relative flex w-full min-w-0 flex-col @xs\/thread:px-0 @sm\/thread:px-1.5 @md\/thread:px-4\">\n<div class=\"flex-col gap-1 md:gap-3\">\n<div class=\"flex max-w-full flex-col flex-grow\">\n<div class=\"min-h-8 text-message flex w-full flex-col items-end gap-2 whitespace-normal break-words text-start [.text-message+&amp;]:mt-5\" dir=\"auto\" data-message-author-role=\"user\" data-message-id=\"ffac41ca-1db4-431b-873a-32c4052956f1\">\n<div class=\"flex w-full flex-col gap-1 empty:hidden items-end rtl:items-start\">\n<div class=\"relative max-w-[var(--user-chat-width,70%)] rounded-3xl bg-token-message-surface px-5 py-2.5\">\n<div class=\"absolute bottom-0 right-full top-0 -mr-3.5 hidden pr-5 pt-2 [.group\/conversation-turn:hover_&amp;]:flex\">\n<div class=\"flex\">\n<article class=\"w-full text-token-text-primary focus-visible:outline-2 focus-visible:outline-offset-[-4px]\" dir=\"auto\" data-testid=\"conversation-turn-39\" data-scroll-anchor=\"true\">\n<div class=\"m-auto text-base py-[18px] px-6\">\n<div class=\"mx-auto flex flex-1 text-base gap-4 md:gap-5 lg:gap-6 md:max-w-3xl lg:max-w-[40rem] xl:max-w-[48rem]\">\n<div class=\"group\/conversation-turn relative flex w-full min-w-0 flex-col agent-turn @xs\/thread:px-0 @sm\/thread:px-1.5 @md\/thread:px-4\">\n<div class=\"flex-col gap-1 md:gap-3\">\n<div class=\"flex max-w-full flex-col flex-grow\">\n<div class=\"min-h-8 text-message flex w-full flex-col items-end gap-2 whitespace-normal break-words text-start [.text-message+&amp;]:mt-5\" dir=\"auto\" data-message-author-role=\"assistant\" data-message-id=\"55a23854-ec57-48dd-bd4f-6118f43d6241\" data-message-model-slug=\"gpt-4o\">\n<div class=\"flex w-full flex-col gap-1 empty:hidden first:pt-[3px]\">\n<div class=\"markdown prose w-full break-words dark:prose-invert light\">\n<p>1.Du obuoliai<\/p>\n<p>2.Arb\u016bzas su ledu<\/p>\n<p>3.Mangas Persikas<\/p>\n<p>4.M\u0117lyn\u0117 su ledu<\/p>\n<p>5.M\u0117lyna aviet\u0117 su ledu<\/p>\n<p>6. Vynuogi\u0173 ledas<\/p>\n<p>7.Bra\u0161k\u0117 Kiviai<\/p>\n<p>8. M\u0117lyni\u0173 arb\u016bzas<\/p>\n<p>9.Vy\u0161ni\u0173 kola<\/p>\n<p>10.Love 777<\/p>\n<p>11.Vy\u0161ni\u0173 ledas<\/p>\n<p>12. Persik\u0173 ledai<\/p>\n<p>13.Uog\u0173 ledas<\/p>\n<p>14.Sald\u017eioji pasiflora<\/p>\n<p>15.\u0160aldytos bra\u0161k\u0117s ir kiviai<\/p>\n<p>16.Drakono vaisius, bananas, vy\u0161nia<\/p>\n<\/div>\n<\/div>\n<\/div>\n<\/div>\n<\/div>\n<\/div>\n<\/div>\n<\/div>\n<\/article>\n<\/div>\n<\/div>\n<\/div>\n<\/div>\n<\/div>\n<\/div>\n<\/div>\n<\/div>\n<\/div>\n<\/div>\n<\/article>\n<h2>Kod\u0117l verta rinktis \"Vapestornado\" didmeninei \"Vozol Gear Shisha 25k Puffs Screen Vape\" prekybai?<\/h2>\n<div class=\"flex-shrink-0 flex flex-col relative items-end\">\n<div class=\"pt-0\">\n<div class=\"gizmo-bot-avatar flex h-8 w-8 items-center justify-center overflow-hidden rounded-full\">\n<div class=\"relative p-1 rounded-sm flex items-center justify-center bg-token-main-surface-primary text-token-text-primary h-8 w-8\">\n<p data-start=\"88\" data-end=\"557\">Kai kalbama apie <strong data-start=\"105\" data-end=\"154\">\u00a0auk\u0161tos kokyb\u0117s vienkartini\u0173 elektronini\u0173 cigare\u010di\u0173 \u012fsigijimas<\/strong>, <strong data-start=\"156\" data-end=\"172\">Vapestornado<\/strong> yra neprilygstamo \u0161altinis <strong data-start=\"208\" data-end=\"271\">gamyklos kainos, greitas pristatymas ir auk\u0161\u010diausios kokyb\u0117s klient\u0173 aptarnavimas<\/strong>. \u012esigydami \"Vozol Gear Shisha 25k 25000\" <strong data-start=\"284\" data-end=\"322\">Vape<\/strong>\u00a0i\u0161 \"Vapestornado\" gausite <strong data-start=\"363\" data-end=\"400\">autenti\u0161kus, 100% originalius produktus<\/strong> su naujausia <strong data-start=\"417\" data-end=\"515\">skaitmeninio ekrano technologij\u0105, \u012fkraunam\u0105 C tipo jungt\u012f ir did\u017eiul\u0119 25000 \u012fkv\u0117pim\u0173 talp\u0105<\/strong>\u2014visa tai u\u017e <strong data-start=\"527\" data-end=\"554\">ma\u017eiausias didmenines kainas<\/strong>.<\/p>\n<p data-start=\"559\" data-end=\"933\" data-is-last-node=\"\" data-is-only-node=\"\">Taip pat turime ir kit\u0173 populiari\u0173 garintuv\u0173 su ekranu, pavyzd\u017eiui, <a href=\"https:\/\/vapestornado.com\/lt\/product\/waspe-fihp-30000-puffs-smart-screen-vape-2-5-nicotine-wholesal\/\">WASPE 30K Dvigubo garinimo re\u017eimas<\/a>, <a href=\"https:\/\/vapestornado.com\/lt\/product\/vopk-ultra-40000-puffs-2-in-1-digital-screen-rechargeable-disposable-vape\/\">VOPK 40000 \u012fp\u016btim\u0173 vienkartin\u0117 elektronin\u0117 cigaret\u0117<\/a>, <a href=\"https:\/\/vapestornado.com\/lt\/product\/vapsolo-galaxy-30000-vapers-30k-puff-disposable-vape-e-cigarette-with-smart-screen\/\">Vapsolo Galaxy 30000<\/a>, ir daugiau.<\/p>\n<\/div>\n<div class=\"relative p-1 rounded-sm flex items-center justify-center bg-token-main-surface-primary text-token-text-primary h-8 w-8\">\n<h2>Da\u017eniausiai u\u017eduodami klausimai apie vienkartinius garintuvus<\/h2>\n<ol data-start=\"1162\" data-end=\"2206\">\n<li data-start=\"1162\" data-end=\"1425\">\n<p data-start=\"1165\" data-end=\"1425\"><strong data-start=\"1165\" data-end=\"1221\">Kaip pirm\u0105 kart\u0105 naudoti vienkartin\u012f garintuv\u0105?<\/strong> Nor\u0117dami naudoti \"Vozol Gear Shisha 25K\" vienkartin\u012f garintuv\u0105, tiesiog i\u0161imkite j\u012f i\u0161 pakuot\u0117s, \u012fsitikinkite, kad jis \u012fkrautas, ir \u012fkv\u0117pkite per kandikl\u012f. Prietaisas aktyvuojamas \u012fkv\u0117pimu, tod\u0117l nereikia joki\u0173 mygtuk\u0173.<\/p>\n<\/li>\n<li data-start=\"1427\" data-end=\"1706\">\n<p data-start=\"1430\" data-end=\"1706\"><strong data-start=\"1430\" data-end=\"1473\">Kaip \u012fkrauti vienkartin\u0119 garintuvo baterij\u0105?<\/strong> \u0160iame prietaise yra 1000 mAh \u012fkraunama baterija. Naudodami pridedam\u0105 C tipo \u012fkrovimo kabel\u012f prijunkite j\u012f prie maitinimo \u0161altinio. 2,1 colio spalvotas ekranas rodys \u012fkrovimo b\u016bsen\u0105, tod\u0117l b\u016bsite nuolat informuojami apie proces\u0105.<\/p>\n<\/li>\n<li data-start=\"1708\" data-end=\"1956\">\n<p data-start=\"1711\" data-end=\"1956\"><strong data-start=\"1711\" data-end=\"1765\">Ar galiu palikti vienkartin\u012f garintuv\u0105 savo rankiniame baga\u017ee?<\/strong> Taip, keliaujant l\u0117ktuvu vienkartin\u012f garintuv\u0105 galite ve\u017etis rankiniame baga\u017ee. Ta\u010diau prie\u0161 kelion\u0119 visada pasitikrinkite oro linij\u0173 taisykles ir vietos \u012fstatymus, susijusius su garinimo prietaisais.<\/p>\n<\/li>\n<li data-start=\"1958\" data-end=\"2206\">\n<p data-start=\"1961\" data-end=\"2206\"><strong data-start=\"1961\" data-end=\"1997\">Kaip su\u017einoti, kad garintuvas tu\u0161\u010dias?<\/strong> Vozol Gear Shisha 25K turi 2,1 colio spalvot\u0105 ekran\u0105, kuriame rodomas e-skys\u010dio lygis. Kai e-skys\u010dio lygis yra \u017eemas arba jis i\u0161seko, ekrane bus rodomas prane\u0161imas, nurodantis, kad laikas keisti arba papildyti.<\/p>\n<\/li>\n<\/ol>\n<\/div>\n<\/div>\n<\/div>\n<\/div>","protected":false},"excerpt":{"rendered":"<p>\u0160is <strong data-start=\"1437\" data-end=\"1462\">Vozol Gear Shisha 25K<\/strong> suteikia iki 25 t\u016bkst. \u012ftraukim\u0173, dvigubus re\u017eimus ir 2,1 colio spalvot\u0105 ekran\u0105. Auk\u0161\u010diausios kokyb\u0117s DTL vienkartinis garintuvas, idealus <strong data-start=\"1566\" data-end=\"1601\">didmeniniams masiniams u\u017esakymams Europoje<\/strong>.<\/p>\n<p><strong>Prid\u0117kite Amy's whatsapp, kad gautum\u0117te tinkam\u0105 atsakym\u0105 ir nuolaidos kain\u0105!<\/strong><\/p>\n<p><img fetchpriority=\"high\" decoding=\"async\" class=\"size-full wp-image-2932\" src=\"https:\/\/vapestornado.com\/wp-content\/uploads\/2024\/12\/Vape-Wholesale.jpg\" alt=\"Garintuvai Didmenin\u0117 prekyba\" width=\"229\" height=\"300\" \/><\/p>\n<h3><a href=\"https:\/\/wa.me\/8617776015835\"><span style=\"color: #ff0000;\"><strong>WhatsApp: +86 17776015835<\/strong><\/span><\/a><\/h3>\n<p>&nbsp;<\/p>","protected":false},"featured_media":3921,"comment_status":"open","ping_status":"closed","template":"","meta":{"_acf_changed":false,"_uag_custom_page_level_css":"","_lmt_disableupdate":"no","_lmt_disable":"","_monsterinsights_skip_tracking":false,"_monsterinsights_sitenote_active":false,"_monsterinsights_sitenote_note":"","_monsterinsights_sitenote_category":0,"site-sidebar-layout":"default","site-content-layout":"","ast-site-content-layout":"default","site-content-style":"default","site-sidebar-style":"default","ast-global-header-display":"","ast-banner-title-visibility":"","ast-main-header-display":"","ast-hfb-above-header-display":"","ast-hfb-below-header-display":"","ast-hfb-mobile-header-display":"","site-post-title":"","ast-breadcrumbs-content":"","ast-featured-img":"","footer-sml-layout":"","ast-disable-related-posts":"","theme-transparent-header-meta":"default","adv-header-id-meta":"","stick-header-meta":"","header-above-stick-meta":"","header-main-stick-meta":"","header-below-stick-meta":"","astra-migrate-meta-layouts":"set","ast-page-background-enabled":"default","ast-page-background-meta":{"desktop":{"background-color":"","background-image":"","background-repeat":"repeat","background-position":"center center","background-size":"auto","background-attachment":"scroll","background-type":"","background-media":"","overlay-type":"","overlay-color":"","overlay-opacity":"","overlay-gradient":""},"tablet":{"background-color":"","background-image":"","background-repeat":"repeat","background-position":"center center","background-size":"auto","background-attachment":"scroll","background-type":"","background-media":"","overlay-type":"","overlay-color":"","overlay-opacity":"","overlay-gradient":""},"mobile":{"background-color":"","background-image":"","background-repeat":"repeat","background-position":"center center","background-size":"auto","background-attachment":"scroll","background-type":"","background-media":"","overlay-type":"","overlay-color":"","overlay-opacity":"","overlay-gradient":""}},"ast-content-background-meta":{"desktop":{"background-color":"var(--ast-global-color-5)","background-image":"","background-repeat":"repeat","background-position":"center center","background-size":"auto","background-attachment":"scroll","background-type":"","background-media":"","overlay-type":"","overlay-color":"","overlay-opacity":"","overlay-gradient":""},"tablet":{"background-color":"var(--ast-global-color-5)","background-image":"","background-repeat":"repeat","background-position":"center center","background-size":"auto","background-attachment":"scroll","background-type":"","background-media":"","overlay-type":"","overlay-color":"","overlay-opacity":"","overlay-gradient":""},"mobile":{"background-color":"var(--ast-global-color-5)","background-image":"","background-repeat":"repeat","background-position":"center center","background-size":"auto","background-attachment":"scroll","background-type":"","background-media":"","overlay-type":"","overlay-color":"","overlay-opacity":"","overlay-gradient":""}},"_joinchat":{"telephone":"17776015835"}},"product_brand":[],"product_cat":[19,68,160,142,147,57],"product_tag":[271,94,93,269,272,270],"class_list":{"0":"post-3928","1":"product","2":"type-product","3":"status-publish","4":"has-post-thumbnail","6":"product_cat-vapes","7":"product_cat-25000-puff","8":"product_cat-buy-disposable-vapes-in-switzerland","9":"product_cat-digital-box-disposable-vapes","10":"product_cat-shisha-hookah-disposable-vapes","11":"product_cat-vozol-vape","12":"product_tag-best-dtl-disposable-vape","13":"product_tag-rechargeable-disposable-vape","14":"product_tag-vape-wholesale","15":"product_tag-vape-with-screen","16":"product_tag-vozol-gear-shisha-25000","17":"product_tag-vozol-gear-shisha-25k","18":"desktop-align-left","19":"tablet-align-left","20":"mobile-align-left","22":"first","23":"instock","24":"sale","25":"shipping-taxable","26":"purchasable","27":"product-type-simple"},"acf":[],"uagb_featured_image_src":{"full":["https:\/\/vapestornado.com\/wp-content\/uploads\/2025\/03\/Vazol-Gear-Shisha-25000-Puff-25k-Cheap-Price.webp",800,800,false],"thumbnail":["https:\/\/vapestornado.com\/wp-content\/uploads\/2025\/03\/Vazol-Gear-Shisha-25000-Puff-25k-Cheap-Price-150x150.webp",150,150,true],"medium":["https:\/\/vapestornado.com\/wp-content\/uploads\/2025\/03\/Vazol-Gear-Shisha-25000-Puff-25k-Cheap-Price-300x300.webp",300,300,true],"medium_large":["https:\/\/vapestornado.com\/wp-content\/uploads\/2025\/03\/Vazol-Gear-Shisha-25000-Puff-25k-Cheap-Price-768x768.webp",768,768,true],"large":["https:\/\/vapestornado.com\/wp-content\/uploads\/2025\/03\/Vazol-Gear-Shisha-25000-Puff-25k-Cheap-Price.webp",800,800,false],"1536x1536":["https:\/\/vapestornado.com\/wp-content\/uploads\/2025\/03\/Vazol-Gear-Shisha-25000-Puff-25k-Cheap-Price.webp",800,800,false],"2048x2048":["https:\/\/vapestornado.com\/wp-content\/uploads\/2025\/03\/Vazol-Gear-Shisha-25000-Puff-25k-Cheap-Price.webp",800,800,false],"trp-custom-language-flag":["https:\/\/vapestornado.com\/wp-content\/uploads\/2025\/03\/Vazol-Gear-Shisha-25000-Puff-25k-Cheap-Price.webp",12,12,false],"woocommerce_thumbnail":["https:\/\/vapestornado.com\/wp-content\/uploads\/2025\/03\/Vazol-Gear-Shisha-25000-Puff-25k-Cheap-Price-300x300.webp",300,300,true],"woocommerce_single":["https:\/\/vapestornado.com\/wp-content\/uploads\/2025\/03\/Vazol-Gear-Shisha-25000-Puff-25k-Cheap-Price-600x600.webp",600,600,true],"woocommerce_gallery_thumbnail":["https:\/\/vapestornado.com\/wp-content\/uploads\/2025\/03\/Vazol-Gear-Shisha-25000-Puff-25k-Cheap-Price-100x100.webp",100,100,true]},"uagb_author_info":{"display_name":"ESAMY","author_link":"https:\/\/vapestornado.com\/lt\/author\/"},"uagb_comment_info":0,"uagb_excerpt":"The Vozol Gear Shisha 25K delivers up to 25K puffs, dual modes, and a 2.1\u201d color screen. A premium DTL disposable vape ideal for wholesale bulk orders in Europe. Add Amy's whatsapp to get right reply and discount price! WhatsApp: +86 17776015835 &nbsp;","_links":{"self":[{"href":"https:\/\/vapestornado.com\/lt\/wp-json\/wp\/v2\/product\/3928","targetHints":{"allow":["GET"]}}],"collection":[{"href":"https:\/\/vapestornado.com\/lt\/wp-json\/wp\/v2\/product"}],"about":[{"href":"https:\/\/vapestornado.com\/lt\/wp-json\/wp\/v2\/types\/product"}],"replies":[{"embeddable":true,"href":"https:\/\/vapestornado.com\/lt\/wp-json\/wp\/v2\/comments?post=3928"}],"wp:featuredmedia":[{"embeddable":true,"href":"https:\/\/vapestornado.com\/lt\/wp-json\/wp\/v2\/media\/3921"}],"wp:attachment":[{"href":"https:\/\/vapestornado.com\/lt\/wp-json\/wp\/v2\/media?parent=3928"}],"wp:term":[{"taxonomy":"product_brand","embeddable":true,"href":"https:\/\/vapestornado.com\/lt\/wp-json\/wp\/v2\/product_brand?post=3928"},{"taxonomy":"product_cat","embeddable":true,"href":"https:\/\/vapestornado.com\/lt\/wp-json\/wp\/v2\/product_cat?post=3928"},{"taxonomy":"product_tag","embeddable":true,"href":"https:\/\/vapestornado.com\/lt\/wp-json\/wp\/v2\/product_tag?post=3928"}],"curies":[{"name":"wp","href":"https:\/\/api.w.org\/{rel}","templated":true}]}}