{"id":3891,"date":"2025-03-19T03:04:03","date_gmt":"2025-03-19T03:04:03","guid":{"rendered":"https:\/\/vapestornado.com\/?post_type=product&#038;p=3891"},"modified":"2025-12-09T09:49:19","modified_gmt":"2025-12-09T09:49:19","slug":"bang-leader-50000-puffs-50k-2-in-1-double-flavor-digital-disposable-vape-bulk-price","status":"publish","type":"product","link":"https:\/\/vapestornado.com\/lt\/product\/bang-leader-50000-puffs-50k-2-in-1-double-flavor-digital-disposable-vape-bulk-price\/","title":{"rendered":"Bang Leader 50000 Puffs 50k 2 in 1 Dvigubo skonio skaitmeninis vienkartinis garintuvas didmenin\u0117 kaina"},"content":{"rendered":"<h1 data-pm-slice=\"1 1 []\">Bang Leader 50000 Puffs 50k 2 in 1 Dvigubo skonio skaitmeninis vienkartinis garintuvas didmenin\u0117 kaina<\/h1>\n<p data-start=\"1889\" data-end=\"2114\">Bang Leader 50000 \u010ciulpim\u0173 2-in-1 dvigubo skonio vienkartinis vape su 36ml i\u0161 anksto pripildyto e-skys\u010dio, dviguba tinklelio rit\u0117, reguliuojama galia, i\u0161manus skaitmeninis ekranas ir 650mAh Type-C \u012fkraunama baterija. Iki 50 t\u016bkst. \u012fkv\u0117pim\u0173 su 0%\/2%\/3%\/5% nikotino mi\u0161iniu ilgalaikiam, pritaikomam Lietuvos vapingui.<\/p>\n<p data-start=\"313\" data-end=\"738\"><strong data-start=\"313\" data-end=\"371\">50 t\u016bkst. i\u0161tverm\u0117s, kuri i\u0161rei\u0161kiama realiu kalendoriniu laiku.<\/strong> \u0160is <strong data-start=\"376\" data-end=\"419\">Bang Leader 50000 \u010ciulpim\u0173 vienkartinis vape<\/strong> yra sukurtas aplink <strong data-start=\"438\" data-end=\"462\">36 ml pripildyta talpa<\/strong>, tod\u0117l didelis \u012fkv\u0117pim\u0173 \u012fvertinimas n\u0117ra teorinis. Reguliariems Lietuvos vartotojams tai da\u017eniausiai rei\u0161kia <strong data-start=\"548\" data-end=\"585\">savait\u0117s naudojimo i\u0161 vieno \u012frenginio<\/strong>, ma\u017eiau apsilankym\u0173 parduotuv\u0117se ir \u017eymiai ma\u017eesn\u0117s i\u0161laidos per dien\u0105, palyginti su 10K\u201320K vienkartiniais. Jis tinka intensyvioms rutinoms, nesijau\u010dia per didelis rankoje.<\/p>\n<p data-start=\"742\" data-end=\"1220\"><strong data-start=\"742\" data-end=\"801\">2-in-1 dvigubo skonio funkcija i\u0161laiko ilgalaikio naudojimo \u012frenginius malonius.<\/strong> \u012erenginys, kuris veikia taip ilgai, reikalauja \u012fvairov\u0117s, kitaip skonio nuovargis \u012fsivyrauja. The <strong data-start=\"886\" data-end=\"931\">Bang Leader 50K dvigubo skonio vienkartinis<\/strong> suteikia <strong data-start=\"938\" data-end=\"970\">12 dvigubo skonio derini\u0173<\/strong> viename \u012frenginyje, tod\u0117l galite i\u0161kart keisti mi\u0161inius, kai pasikei\u010dia j\u016bs\u0173 skonis. \u0160i funkcija yra labai populiari <strong data-start=\"1080\" data-end=\"1135\">Lietuvoje, Ispanijoje, Lenkijoje, Pranc\u016bzijoje ir Nyderlanduose<\/strong>, kur auk\u0161tos talpos vape naudojami kaip kasdieniai \u012frenginiai, o ne savaitgalio i\u0161metimai.<\/p>\n<p data-start=\"1224\" data-end=\"1636\"><strong data-start=\"1224\" data-end=\"1282\">Dviguba tinklelio rit\u0117s i\u0161vestis i\u0161lieka tanki ir skoninga.<\/strong> \u0160is <strong data-start=\"1287\" data-end=\"1328\">Bang Leader 50k<\/strong> naudoja dvi tinklelio \u0161ildymo pavir\u0161ius, kad tolygiai paskirstyt\u0173 \u0161ilum\u0105 per skyst\u012f. Tai suteikia praktini\u0173 prana\u0161um\u0173: <strong data-start=\"1434\" data-end=\"1517\">lyg\u016bs \u012fkv\u0117pimai, turtingesnis skonio prisotinimas ir l\u0117tesnis i\u0161siskyrimas \u012f talp\u0105 v\u0117liau<\/strong>, net ir da\u017enai naudojant kasdien. Garai lieka tir\u0161ti, nesukelia a\u0161trumo, kas da\u017enai b\u016bna su daugeliu auk\u0161to \u012fkv\u0117pimo \u012frengini\u0173.<\/p>\n<p data-start=\"1640\" data-end=\"2080\"><strong data-start=\"1640\" data-end=\"1719\">Reguliuojama galia leid\u017eia pritaikyti \u012fkv\u0117pim\u0105 pagal savo stili\u0173, o ne atvirk\u0161\u010diai.<\/strong> Su \u0161iuo <strong data-start=\"1729\" data-end=\"1783\">Bang Leader 50K vape<\/strong>, j\u016bs kontroliuojate, kaip stipriai jau\u010diasi kiekvienas traukimas. \u017demesn\u0117 galia suteikia ram\u0173, v\u0117s\u0173 \u012fkv\u0117pim\u0105 dienos metu ar darbo pertrauk\u0117l\u0117ms; didesn\u0117 galia skatina <strong data-start=\"1917\" data-end=\"1953\">\u0161iltesn\u012f gar\u0105 ir sunkesnes debes\u0117lius<\/strong> vakar\u0117liams ar socialin\u0117ms situacijoms. Ilgalaikio \u012frenginio atveju toks reguliavimas padeda i\u0161vengti patirties nuobodulio laikui b\u0117gant.<\/p>\n<p data-start=\"2084\" data-end=\"2478\"><strong data-start=\"2084\" data-end=\"2144\">\u012ekraunama Type-C galia apsaugo piln\u0105 36 ml talp\u0105.<\/strong> Dideli vienkartiniai \u012frenginiai gali b\u016bti erzina, kai baterija i\u0161senka anksti. The <strong data-start=\"2213\" data-end=\"2267\">Bang Leader 50000 \u012fkraunamas vienkartinis vape ra\u0161iklis<\/strong> naudoja <strong data-start=\"2275\" data-end=\"2318\">650mAh baterija ir Type-C greitas \u012fkrovimas<\/strong>, tod\u0117l greitas papildymas leid\u017eia \u012frenginiui veikti tol, kol skystis i\u0161 tikr\u0173j\u0173 baigiasi. Trumpas prastovos laikas, joki\u0173 \u0161vaistom\u0173 e-skys\u010di\u0173 ir prognozuojamas veikimas keliaujant.<\/p>\n<p><strong><span style=\"color: #ff0000;\">Prid\u0117kite Amy WhatsApp, kad gautum\u0117te tinkam\u0105 atsakym\u0105 ir nuolaid\u0105!<\/span><\/strong><\/p>\n<p><img fetchpriority=\"high\" decoding=\"async\" class=\"size-full wp-image-2932\" src=\"https:\/\/vapestornado.com\/wp-content\/uploads\/2024\/12\/Vape-Wholesale.jpg\" alt=\"Garintuvai Didmenin\u0117 prekyba\" width=\"229\" height=\"300\" \/><\/p>\n<h3><a href=\"https:\/\/wa.me\/8617776015835\" target=\"_blank\" rel=\"noopener\"><span style=\"color: #ff0000;\"><strong>WhatsApp: +86 17776015835<\/strong><\/span><\/a><\/h3>\n<p>&nbsp;<\/p>\n<h2><strong>Bang Leader 50000 P\u016btim\u0173 Kri\u0161tolinis Garintuvas Pagrindin\u0117s savyb\u0117s<\/strong><\/h2>\n<table>\n<thead>\n<tr>\n<th>Funkcija<\/th>\n<th>Specifikacija<\/th>\n<th>Detal\u0117s<\/th>\n<\/tr>\n<\/thead>\n<tbody>\n<tr>\n<td>Produkto pavadinimas<\/td>\n<td>Bang Leader 50000 P\u016btim\u0173 2-in-1 Dviguba Skonis<\/td>\n<td>Didel\u0117s talpos \u012fkraunamas vienkartinis \u012frenginys.<\/td>\n<\/tr>\n<tr>\n<td>\u012ep\u016btim\u0173 talpa<\/td>\n<td>Iki 50 000 \u012fkv\u0117pim\u0173<\/td>\n<td>Ilgalaikio naudojimo tikslas \u2013 ilgas tarnavimo laikas kasdien.<\/td>\n<\/tr>\n<tr>\n<td>E-skys\u010dio t\u016bris<\/td>\n<td>36 ml i\u0161 anksto u\u017epildytas<\/td>\n<td>Didelis rezervuaras palaiko 50 t\u016bkst. veikimo valand\u0173.<\/td>\n<\/tr>\n<tr>\n<td>Skoni\u0173 sistema<\/td>\n<td>2-in-1 dvigubo skonio jungiklis<\/td>\n<td>Dvi mi\u0161iniai viename \u012frenginyje; momentinis perjungimas.<\/td>\n<\/tr>\n<tr>\n<td>Rit\u0117s tipas<\/td>\n<td>Dviguba tinklelio rit\u0117<\/td>\n<td>Vienodas \u0161ilumos paskirstymas tankiam garui ir stabiliai skoniui.<\/td>\n<\/tr>\n<tr>\n<td>Baterija<\/td>\n<td>650mAh \u012fkraunamas<\/td>\n<td>\u012ekraukite, kad naudotum\u0117te piln\u0105 skys\u010dio talp\u0105.<\/td>\n<\/tr>\n<tr>\n<td>\u012ekrovimas<\/td>\n<td>Type-C greitas \u012fkrovimas<\/td>\n<td>Greiti papildymai su moderniais ES kabeliais.<\/td>\n<\/tr>\n<tr>\n<td>Galia<\/td>\n<td>Reguliuojama i\u0161vestis<\/td>\n<td>Priderina garo stiprum\u0105 ir \u0161ilum\u0105.<\/td>\n<\/tr>\n<tr>\n<td>Ekranas<\/td>\n<td>I\u0161manus skaitmeninis ekranas<\/td>\n<td>Rodo akumuliatoriaus ir e-liquido lygius i\u0161 karto.<\/td>\n<\/tr>\n<tr>\n<td>Nikotino stiprumai<\/td>\n<td>0% \/ 2% \/ 3% \/ 5% druskos nikotinas<\/td>\n<td>Tinka nikotino neturintiems, vidutinio ir sunkesnio naudojimo naudotojams.<\/td>\n<\/tr>\n<\/tbody>\n<\/table>\n<h2 class=\"product-title\"><strong>\u201eBang Leader 50k Puff\u201c d\u0117\u017eut\u0117s gar\u0173 skoni\u0173 s\u0105ra\u0161as<\/strong><\/h2>\n<article class=\"w-full text-token-text-primary focus-visible:outline-2 focus-visible:outline-offset-[-4px]\" dir=\"auto\" data-testid=\"conversation-turn-32\" data-scroll-anchor=\"false\">\n<div class=\"m-auto text-base py-[18px] px-6\">\n<div class=\"mx-auto flex flex-1 text-base gap-4 md:gap-5 lg:gap-6 md:max-w-3xl lg:max-w-[40rem] xl:max-w-[48rem]\">\n<div class=\"group\/conversation-turn relative flex w-full min-w-0 flex-col @xs\/thread:px-0 @sm\/thread:px-1.5 @md\/thread:px-4\">\n<div class=\"flex-col gap-1 md:gap-3\">\n<div class=\"flex max-w-full flex-col flex-grow\">\n<div class=\"min-h-8 text-message flex w-full flex-col items-end gap-2 whitespace-normal break-words text-start [.text-message+&amp;]:mt-5\" dir=\"auto\" data-message-author-role=\"user\" data-message-id=\"ffac41ca-1db4-431b-873a-32c4052956f1\">\n<div class=\"flex w-full flex-col gap-1 empty:hidden items-end rtl:items-start\">\n<div class=\"relative max-w-[var(--user-chat-width,70%)] rounded-3xl bg-token-message-surface px-5 py-2.5\">\n<div class=\"absolute bottom-0 right-full top-0 -mr-3.5 hidden pr-5 pt-2 [.group\/conversation-turn:hover_&amp;]:flex\">\n<div class=\"flex\">\n<article class=\"w-full text-token-text-primary focus-visible:outline-2 focus-visible:outline-offset-[-4px]\" dir=\"auto\" data-testid=\"conversation-turn-39\" data-scroll-anchor=\"true\">\n<div class=\"m-auto text-base py-[18px] px-6\">\n<div class=\"mx-auto flex flex-1 text-base gap-4 md:gap-5 lg:gap-6 md:max-w-3xl lg:max-w-[40rem] xl:max-w-[48rem]\">\n<div class=\"group\/conversation-turn relative flex w-full min-w-0 flex-col agent-turn @xs\/thread:px-0 @sm\/thread:px-1.5 @md\/thread:px-4\">\n<div class=\"flex-col gap-1 md:gap-3\">\n<div class=\"flex max-w-full flex-col flex-grow\">\n<div class=\"min-h-8 text-message flex w-full flex-col items-end gap-2 whitespace-normal break-words text-start [.text-message+&amp;]:mt-5\" dir=\"auto\" data-message-author-role=\"assistant\" data-message-id=\"55a23854-ec57-48dd-bd4f-6118f43d6241\" data-message-model-slug=\"gpt-4o\">\n<div class=\"flex w-full flex-col gap-1 empty:hidden first:pt-[3px]\">\n<div class=\"markdown prose w-full break-words dark:prose-invert light\">\n<p>&nbsp;<\/p>\n<p>1.Bra\u0161ki\u0173 avie\u010di\u0173 vy\u0161ni\u0173 ledas\/Vy\u0161nia<\/p>\n<p>2.Arb\u016bzas bra\u0161k\u0117\/Arb\u016bzas <strong><span style=\"color: #ff0000;\">&gt;&gt;&gt;&gt; Kar\u0161ta!<\/span><\/strong><\/p>\n<p>3.Juodoji vynuog\u0117\/\u017dalioji vynuog\u0117<\/p>\n<p>4.Obuoli\u0173 kriau\u0161i\u0173\/Kivio pasiflor\u0173 gvajavos<\/p>\n<p>5.R\u016bg\u0161tus ananas\u0173 limonadas\/Citrin\u0173 \u017ealioji citrina <strong><span style=\"color: #ff0000;\">&gt;&gt;&gt;&gt; Geriausia!<\/span><\/strong><\/p>\n<p>6.Banan\u0173 ledas\/Mangas<\/p>\n<p>7.M\u0117lyni\u0173 r\u016bg\u0161\u010dios aviet\u0117s\/M\u0117lyn\u0117 <strong><span style=\"color: #ff0000;\">&gt;&gt;&gt;&gt; Kar\u0161ta!<\/span><\/strong><\/p>\n<p>8.Vy\u0161ni\u0173 kola\/Ro\u017einis limonadas<\/p>\n<p>9.M\u0117lyni\u0173 avie\u010di\u0173 limonadas\/Bra\u0161ki\u0173 avie\u010di\u0173 vy\u0161ni\u0173 ledas <strong><span style=\"color: #ff0000;\">&gt;&gt;&gt;&gt; Kar\u0161ta!<\/span><\/strong><\/p>\n<p>10.Bra\u0161ki\u0173 kiviai\/Bra\u0161ki\u0173 ledas<\/p>\n<p>11.Ananas\u0173 pasifloros\/Ananas\u0173 ledas<\/p>\n<p>12.Avie\u010di\u0173 mochito\/Vy\u0161ni\u0173 avie\u010di\u0173 \u017ealioji citrina <strong><span style=\"color: #ff0000;\">&gt;&gt;&gt;&gt; Kar\u0161ta!<\/span><\/strong><\/p>\n<p>&nbsp;<\/p>\n<\/div>\n<\/div>\n<\/div>\n<\/div>\n<\/div>\n<\/div>\n<\/div>\n<\/div>\n<\/article>\n<\/div>\n<\/div>\n<\/div>\n<\/div>\n<\/div>\n<\/div>\n<\/div>\n<\/div>\n<\/div>\n<\/div>\n<\/article>\n<h2>Kod\u0117l verta rinktis \"Vapestornado\" didmeniniam \"Bang Leader 50000 Puffs Digital Vape\" u\u017esakymui?<\/h2>\n<div class=\"flex-shrink-0 flex flex-col relative items-end\">\n<div class=\"pt-0\">\n<div class=\"gizmo-bot-avatar flex h-8 w-8 items-center justify-center overflow-hidden rounded-full\">\n<div class=\"relative p-1 rounded-sm flex items-center justify-center bg-token-main-surface-primary text-token-text-primary h-8 w-8\">\n<p data-start=\"75\" data-end=\"479\">Kai kalbama apie <strong data-start=\"92\" data-end=\"117\">didmeninius vienkartinius garintuvus<\/strong>, <strong data-start=\"119\" data-end=\"152\">internetinis garintuv\u0173 parduotuv\u0117 \"Vapestornado\"<\/strong> yra geriausia vieta<strong data-start=\"182\" data-end=\"202\">\u00a0pirk\u0117jams<\/strong> ie\u0161kantiems <strong data-start=\"215\" data-end=\"257\">\u012fperkam\u0173 kain\u0173 ir auk\u0161\u010diausios kokyb\u0117s<\/strong>. Mes si\u016blome <strong data-start=\"268\" data-end=\"299\">i\u0161skirtines didmenines kainas<\/strong> u\u017e \"Bang Leader 50000 Puffs\", leid\u017eian\u010dias ma\u017emenininkams ir platintojams \u012fsigyti vien\u0105 i\u0161 paklausiausi\u0173<a href=\"https:\/\/vapestornado.com\/lt\/product\/uor-120000-puff-120k-4-flavors-rechargeable-disposable-vape-shop-online\/\"> <strong data-start=\"412\" data-end=\"445\">pakraunam\u0173 vienkartini\u0173 garintuv\u0173<\/strong><\/a>\u00a0su <strong data-start=\"453\" data-end=\"476\">skaitmeniniu LED ekranu<\/strong>.<\/p>\n<\/div>\n<div class=\"relative p-1 rounded-sm flex items-center justify-center bg-token-main-surface-primary text-token-text-primary h-8 w-8\">\n<h2>DUK apie \"Bang Leader 50k Puffs\" vienkartin\u012f garintuv\u0105<\/h2>\n<ol data-start=\"3086\" data-end=\"4136\">\n<li data-start=\"3086\" data-end=\"3306\">\n<p data-start=\"3089\" data-end=\"3306\"><strong data-start=\"3089\" data-end=\"3177\">Kaip kasdien naudojant veikia Bang Leader 50000 Puffs 2-in-1 dvigubo skonio sistema?<\/strong><br data-start=\"3177\" data-end=\"3180\" \/>Ji laiko du skonio profilius viename \u012frenginyje, leid\u017eiant greitai keisti. Tai u\u017etikrina \u012fvairov\u0119 ilg\u0105 keli\u0173 savai\u010di\u0173 naudojimo metu.<\/p>\n<\/li>\n<li data-start=\"3308\" data-end=\"3511\">\n<p data-start=\"3311\" data-end=\"3511\"><strong data-start=\"3311\" data-end=\"3405\">Ar Bang Leader 50K dvigubo tinklelio rit\u0117s vienkartinis vape suma\u017eina skonio praradim\u0105 laikui b\u0117gant?<\/strong><br data-start=\"3405\" data-end=\"3408\" \/>Dvigubo tinklelio rit\u0117s \u0161ildo tolygiai ir l\u0117tina skonio nykim\u0105, ypa\u010d svarbu 36 ml talpos \u012frenginyje.<\/p>\n<\/li>\n<li data-start=\"3513\" data-end=\"3736\">\n<p data-start=\"3516\" data-end=\"3736\"><strong data-start=\"3516\" data-end=\"3612\">Kok\u012f skirtum\u0105 daro reguliuojama galia Bang Leader 50000 Puffs vienkartiniame vape?<\/strong><br data-start=\"3612\" data-end=\"3615\" \/>Reguliuojama galia leid\u017eia kontroliuoti garo \u0161ilum\u0105 ir stiprum\u0105 \u2013 \u017eemesn\u0117, kad b\u016bt\u0173 \u0161velnesnis dienos \u012fkv\u0117pimas, auk\u0161tesn\u0117 \u2013 storesni debesys.<\/p>\n<\/li>\n<li data-start=\"3738\" data-end=\"3930\">\n<p data-start=\"3741\" data-end=\"3930\"><strong data-start=\"3741\" data-end=\"3830\">Ar Bang Leader 50000 Type-C \u012fkraunamas vienkartinis vape gali sunaudoti vis\u0105 36 ml bakel\u012f?<\/strong><br data-start=\"3830\" data-end=\"3833\" \/>Taip. \u012ekraunamumas rei\u0161kia, kad galite papildyti energijos kiek\u012f, kai reikia, ir t\u0119sti vaping\u0105, kol liks skystis.<\/p>\n<\/li>\n<li data-start=\"3932\" data-end=\"4136\">\n<p data-start=\"3935\" data-end=\"4136\"><strong data-start=\"3935\" data-end=\"4030\">Kuris nikotino pasirinkimas tinka skirtingiems vartotojams Bang Leader 50K kristaliniame vienkartiniame vape?<\/strong><br data-start=\"4030\" data-end=\"4033\" \/>0% skirtas tik skoniui, 2%\u20133% tinka daugeliui kasdienini\u0173 rutin\u0173, o 5% \u2013 vartotojams, norintiems stipresnio poveikio.<\/p>\n<\/li>\n<\/ol>\n<\/div>\n<\/div>\n<\/div>\n<\/div>","protected":false},"excerpt":{"rendered":"<p>\u0160is <strong data-start=\"1452\" data-end=\"1484\">Bang Leader 50000 \u012fkv\u0117pim\u0173 Vape<\/strong> si\u016blo dvejopus skonius, skaitmenin\u012f ekran\u0105 ir reguliuojam\u0105 gali\u0105. \u012ekraunamas <strong data-start=\"1562\" data-end=\"1585\">50K p\u016btim\u0173 vienkartinis<\/strong> idealiai tinka <strong data-start=\"1596\" data-end=\"1631\">didmeniniams masiniams u\u017esakymams Europoje<\/strong>.<br \/>\nBang Leader 50k Puff Garintuv\u0173 rinkinys Didmenin\u0117 pigi kaina<\/p>\n<p><strong>Prid\u0117kite Amy's whatsapp, kad gautum\u0117te tinkam\u0105 atsakym\u0105 ir nuolaidos kain\u0105!<\/strong><\/p>\n<p><img fetchpriority=\"high\" decoding=\"async\" class=\"size-full wp-image-2932\" src=\"https:\/\/vapestornado.com\/wp-content\/uploads\/2024\/12\/Vape-Wholesale.jpg\" alt=\"Garintuvai Didmenin\u0117 prekyba\" width=\"229\" height=\"300\" \/><\/p>\n<h3><a href=\"https:\/\/wa.me\/8617776015835\"><span style=\"color: #ff0000;\"><strong>WhatsApp: +86 17776015835<\/strong><\/span><\/a><\/h3>\n<p>&nbsp;<\/p>","protected":false},"featured_media":3867,"comment_status":"open","ping_status":"closed","template":"","meta":{"_acf_changed":false,"_uag_custom_page_level_css":"","_lmt_disableupdate":"no","_lmt_disable":"","_monsterinsights_skip_tracking":false,"_monsterinsights_sitenote_active":false,"_monsterinsights_sitenote_note":"","_monsterinsights_sitenote_category":0,"site-sidebar-layout":"default","site-content-layout":"","ast-site-content-layout":"default","site-content-style":"default","site-sidebar-style":"default","ast-global-header-display":"","ast-banner-title-visibility":"","ast-main-header-display":"","ast-hfb-above-header-display":"","ast-hfb-below-header-display":"","ast-hfb-mobile-header-display":"","site-post-title":"","ast-breadcrumbs-content":"","ast-featured-img":"","footer-sml-layout":"","ast-disable-related-posts":"","theme-transparent-header-meta":"default","adv-header-id-meta":"","stick-header-meta":"","header-above-stick-meta":"","header-main-stick-meta":"","header-below-stick-meta":"","astra-migrate-meta-layouts":"set","ast-page-background-enabled":"default","ast-page-background-meta":{"desktop":{"background-color":"","background-image":"","background-repeat":"repeat","background-position":"center center","background-size":"auto","background-attachment":"scroll","background-type":"","background-media":"","overlay-type":"","overlay-color":"","overlay-opacity":"","overlay-gradient":""},"tablet":{"background-color":"","background-image":"","background-repeat":"repeat","background-position":"center center","background-size":"auto","background-attachment":"scroll","background-type":"","background-media":"","overlay-type":"","overlay-color":"","overlay-opacity":"","overlay-gradient":""},"mobile":{"background-color":"","background-image":"","background-repeat":"repeat","background-position":"center center","background-size":"auto","background-attachment":"scroll","background-type":"","background-media":"","overlay-type":"","overlay-color":"","overlay-opacity":"","overlay-gradient":""}},"ast-content-background-meta":{"desktop":{"background-color":"var(--ast-global-color-5)","background-image":"","background-repeat":"repeat","background-position":"center center","background-size":"auto","background-attachment":"scroll","background-type":"","background-media":"","overlay-type":"","overlay-color":"","overlay-opacity":"","overlay-gradient":""},"tablet":{"background-color":"var(--ast-global-color-5)","background-image":"","background-repeat":"repeat","background-position":"center center","background-size":"auto","background-attachment":"scroll","background-type":"","background-media":"","overlay-type":"","overlay-color":"","overlay-opacity":"","overlay-gradient":""},"mobile":{"background-color":"var(--ast-global-color-5)","background-image":"","background-repeat":"repeat","background-position":"center center","background-size":"auto","background-attachment":"scroll","background-type":"","background-media":"","overlay-type":"","overlay-color":"","overlay-opacity":"","overlay-gradient":""}},"_joinchat":{"telephone":"17776015835"}},"product_brand":[],"product_cat":[19,192,62,159,160,143,144],"product_tag":[264,196,94,240,93],"class_list":{"0":"post-3891","1":"product","2":"type-product","3":"status-publish","4":"has-post-thumbnail","6":"product_cat-vapes","7":"product_cat-50000-puff","8":"product_cat-bang-vape","9":"product_cat-buy-disposable-vapes-in-sweden","10":"product_cat-buy-disposable-vapes-in-switzerland","11":"product_cat-dual-mesh-disposable-vapes","12":"product_cat-low-nicotine-disposable-vapes","13":"product_tag-bang-leader-50000-puff","14":"product_tag-bang-vape","15":"product_tag-rechargeable-disposable-vape","16":"product_tag-twins-flavor-disposable-vape","17":"product_tag-vape-wholesale","18":"desktop-align-left","19":"tablet-align-left","20":"mobile-align-left","22":"first","23":"instock","24":"sale","25":"shipping-taxable","26":"purchasable","27":"product-type-simple"},"acf":[],"uagb_featured_image_src":{"full":["https:\/\/vapestornado.com\/wp-content\/uploads\/2025\/03\/Bang-Leader-50000-50K-Puffs.webp",800,800,false],"thumbnail":["https:\/\/vapestornado.com\/wp-content\/uploads\/2025\/03\/Bang-Leader-50000-50K-Puffs-150x150.webp",150,150,true],"medium":["https:\/\/vapestornado.com\/wp-content\/uploads\/2025\/03\/Bang-Leader-50000-50K-Puffs-300x300.webp",300,300,true],"medium_large":["https:\/\/vapestornado.com\/wp-content\/uploads\/2025\/03\/Bang-Leader-50000-50K-Puffs-768x768.webp",768,768,true],"large":["https:\/\/vapestornado.com\/wp-content\/uploads\/2025\/03\/Bang-Leader-50000-50K-Puffs.webp",800,800,false],"1536x1536":["https:\/\/vapestornado.com\/wp-content\/uploads\/2025\/03\/Bang-Leader-50000-50K-Puffs.webp",800,800,false],"2048x2048":["https:\/\/vapestornado.com\/wp-content\/uploads\/2025\/03\/Bang-Leader-50000-50K-Puffs.webp",800,800,false],"trp-custom-language-flag":["https:\/\/vapestornado.com\/wp-content\/uploads\/2025\/03\/Bang-Leader-50000-50K-Puffs.webp",12,12,false],"woocommerce_thumbnail":["https:\/\/vapestornado.com\/wp-content\/uploads\/2025\/03\/Bang-Leader-50000-50K-Puffs-300x300.webp",300,300,true],"woocommerce_single":["https:\/\/vapestornado.com\/wp-content\/uploads\/2025\/03\/Bang-Leader-50000-50K-Puffs-600x600.webp",600,600,true],"woocommerce_gallery_thumbnail":["https:\/\/vapestornado.com\/wp-content\/uploads\/2025\/03\/Bang-Leader-50000-50K-Puffs-100x100.webp",100,100,true]},"uagb_author_info":{"display_name":"ESAMY","author_link":"https:\/\/vapestornado.com\/lt\/author\/"},"uagb_comment_info":0,"uagb_excerpt":"The Bang Leader 50000 Puffs Vape offers dual flavors, digital display, and adjustable wattage. A rechargeable 50K puff disposable ideal for wholesale bulk orders in Europe. Bang Leader 50k Puff Vape Kit Wholesale Cheap Price Add Amy's whatsapp to get right reply and discount price! WhatsApp: +86 17776015835 &nbsp;","_links":{"self":[{"href":"https:\/\/vapestornado.com\/lt\/wp-json\/wp\/v2\/product\/3891","targetHints":{"allow":["GET"]}}],"collection":[{"href":"https:\/\/vapestornado.com\/lt\/wp-json\/wp\/v2\/product"}],"about":[{"href":"https:\/\/vapestornado.com\/lt\/wp-json\/wp\/v2\/types\/product"}],"replies":[{"embeddable":true,"href":"https:\/\/vapestornado.com\/lt\/wp-json\/wp\/v2\/comments?post=3891"}],"wp:featuredmedia":[{"embeddable":true,"href":"https:\/\/vapestornado.com\/lt\/wp-json\/wp\/v2\/media\/3867"}],"wp:attachment":[{"href":"https:\/\/vapestornado.com\/lt\/wp-json\/wp\/v2\/media?parent=3891"}],"wp:term":[{"taxonomy":"product_brand","embeddable":true,"href":"https:\/\/vapestornado.com\/lt\/wp-json\/wp\/v2\/product_brand?post=3891"},{"taxonomy":"product_cat","embeddable":true,"href":"https:\/\/vapestornado.com\/lt\/wp-json\/wp\/v2\/product_cat?post=3891"},{"taxonomy":"product_tag","embeddable":true,"href":"https:\/\/vapestornado.com\/lt\/wp-json\/wp\/v2\/product_tag?post=3891"}],"curies":[{"name":"wp","href":"https:\/\/api.w.org\/{rel}","templated":true}]}}